{"id":123147,"date":"2023-03-09T12:12:45","date_gmt":"2023-03-09T11:12:45","guid":{"rendered":"http:\/\/www.sdmodelcartuning.com\/?post_type=product&#038;p=123147"},"modified":"2026-05-01T14:51:23","modified_gmt":"2026-05-01T12:51:23","slug":"118-nederlandse-kentekenplaten-decalset","status":"publish","type":"product","link":"https:\/\/www.sdmodelcartuning.com\/it\/prodotto\/set-di-decalcomanie-per-118-targhe-olandesi\/","title":{"rendered":"Set di decalcomanie per targhe olandesi 1:18"},"content":{"rendered":"<p>Set di decalcomanie per targhe olandesi in scala 1\/18.<\/p>\n<p>Come mostrato, un assortimento di targhe olandesi, sia complete che varie sfuse in modo da poter creare la tua targa<\/p>\n<p>Si tratta di decalcomanie di alta qualit\u00e0 (trasferimenti d&#039;acqua) e sono gi\u00e0 state tagliate su misura, quindi non \u00e8 necessario ritagliarle esattamente tutt&#039;intorno.<\/p>","protected":false},"excerpt":{"rendered":"<p>Set di decalcomanie per targhe olandesi in scala 1\/18. Come mostrato, un assortimento di targhe olandesi, sia complete che varie sfuse in modo da poter creare la tua targa.Si tratta di decalcomanie di alta qualit\u00e0 (Trasferimenti dell&#039;acqua) e sono gi\u00e0 tagliate su misura, quindi non \u00e8 necessario tagliare li fuori esattamente tutto intorno.<\/p>","protected":false},"featured_media":123148,"template":"","meta":[],"product_brand":[],"product_cat":[1128],"product_tag":[],"class_list":{"0":"post-123147","1":"product","2":"type-product","3":"status-publish","4":"has-post-thumbnail","6":"product_cat-1-18-sticker-decal-sets","8":"first","9":"instock","10":"taxable","11":"shipping-taxable","12":"purchasable","13":"product-type-simple"},"yoast_head":"<!-- This site is optimized with the Yoast SEO plugin v27.4 - https:\/\/yoast.com\/product\/yoast-seo-wordpress\/ -->\n<title>1:18 Nederlandse kentekenplaten decalset - SDmodelcartuning.com<\/title>\n<meta name=\"robots\" content=\"index, follow, max-snippet:-1, max-image-preview:large, max-video-preview:-1\" \/>\n<link rel=\"canonical\" href=\"https:\/\/www.sdmodelcartuning.com\/it\/prodotto\/set-di-decalcomanie-per-118-targhe-olandesi\/\" \/>\n<meta property=\"og:locale\" content=\"it_IT\" \/>\n<meta property=\"og:type\" content=\"article\" \/>\n<meta property=\"og:title\" content=\"1:18 Nederlandse kentekenplaten decalset - SDmodelcartuning.com\" \/>\n<meta property=\"og:description\" content=\"1\/18 Schaal Nederlandse kentekenplaten decalset. Zoals afgebeeld een assortiment Nederlandse kentekenplaten zowel compleet en ook diverse los zodat u uw eigen kenteken kunt maken Dit betreffen hoge kwaliteits decals (Watertransfers) en deze zijn al op maat uitgesneden dus deze hoeft u niet zelf precies rondom uit te knippen.\" \/>\n<meta property=\"og:url\" content=\"https:\/\/www.sdmodelcartuning.com\/it\/prodotto\/set-di-decalcomanie-per-118-targhe-olandesi\/\" \/>\n<meta property=\"og:site_name\" content=\"SDmodelcartuning.com\" \/>\n<meta property=\"article:modified_time\" content=\"2026-05-01T12:51:23+00:00\" \/>\n<meta property=\"og:image\" content=\"https:\/\/www.sdmodelcartuning.com\/wp-content\/uploads\/2023\/03\/20230309_115900_resized.jpg\" \/>\n\t<meta property=\"og:image:width\" content=\"867\" \/>\n\t<meta property=\"og:image:height\" content=\"1156\" \/>\n\t<meta property=\"og:image:type\" content=\"image\/jpeg\" \/>\n<meta name=\"twitter:card\" content=\"summary_large_image\" \/>\n<meta name=\"twitter:label1\" content=\"Tempo di lettura stimato\" \/>\n\t<meta name=\"twitter:data1\" content=\"1 minuto\" \/>\n<script type=\"application\/ld+json\" class=\"yoast-schema-graph\">{\"@context\":\"https:\\\/\\\/schema.org\",\"@graph\":[{\"@type\":\"WebPage\",\"@id\":\"https:\\\/\\\/www.sdmodelcartuning.com\\\/product\\\/118-nederlandse-kentekenplaten-decalset\\\/\",\"url\":\"https:\\\/\\\/www.sdmodelcartuning.com\\\/product\\\/118-nederlandse-kentekenplaten-decalset\\\/\",\"name\":\"1:18 Nederlandse kentekenplaten decalset - SDmodelcartuning.com\",\"isPartOf\":{\"@id\":\"https:\\\/\\\/www.sdmodelcartuning.com\\\/#website\"},\"primaryImageOfPage\":{\"@id\":\"https:\\\/\\\/www.sdmodelcartuning.com\\\/product\\\/118-nederlandse-kentekenplaten-decalset\\\/#primaryimage\"},\"image\":{\"@id\":\"https:\\\/\\\/www.sdmodelcartuning.com\\\/product\\\/118-nederlandse-kentekenplaten-decalset\\\/#primaryimage\"},\"thumbnailUrl\":\"https:\\\/\\\/www.sdmodelcartuning.com\\\/wp-content\\\/uploads\\\/2023\\\/03\\\/20230309_115900_resized.jpg\",\"datePublished\":\"2023-03-09T11:12:45+00:00\",\"dateModified\":\"2026-05-01T12:51:23+00:00\",\"breadcrumb\":{\"@id\":\"https:\\\/\\\/www.sdmodelcartuning.com\\\/product\\\/118-nederlandse-kentekenplaten-decalset\\\/#breadcrumb\"},\"inLanguage\":\"it-IT\",\"potentialAction\":[{\"@type\":\"ReadAction\",\"target\":[\"https:\\\/\\\/www.sdmodelcartuning.com\\\/product\\\/118-nederlandse-kentekenplaten-decalset\\\/\"]}]},{\"@type\":\"ImageObject\",\"inLanguage\":\"it-IT\",\"@id\":\"https:\\\/\\\/www.sdmodelcartuning.com\\\/product\\\/118-nederlandse-kentekenplaten-decalset\\\/#primaryimage\",\"url\":\"https:\\\/\\\/www.sdmodelcartuning.com\\\/wp-content\\\/uploads\\\/2023\\\/03\\\/20230309_115900_resized.jpg\",\"contentUrl\":\"https:\\\/\\\/www.sdmodelcartuning.com\\\/wp-content\\\/uploads\\\/2023\\\/03\\\/20230309_115900_resized.jpg\",\"width\":867,\"height\":1156},{\"@type\":\"BreadcrumbList\",\"@id\":\"https:\\\/\\\/www.sdmodelcartuning.com\\\/product\\\/118-nederlandse-kentekenplaten-decalset\\\/#breadcrumb\",\"itemListElement\":[{\"@type\":\"ListItem\",\"position\":1,\"name\":\"Home\",\"item\":\"https:\\\/\\\/www.sdmodelcartuning.com\\\/\"},{\"@type\":\"ListItem\",\"position\":2,\"name\":\"Winkel\",\"item\":\"https:\\\/\\\/www.sdmodelcartuning.com\\\/it\\\/winkel\\\/\"},{\"@type\":\"ListItem\",\"position\":3,\"name\":\"1:18 Nederlandse kentekenplaten decalset\"}]},{\"@type\":\"WebSite\",\"@id\":\"https:\\\/\\\/www.sdmodelcartuning.com\\\/#website\",\"url\":\"https:\\\/\\\/www.sdmodelcartuning.com\\\/\",\"name\":\"SDmodelcartuning.com\",\"description\":\"De miniaturen en toebehoren shop van Nederland\",\"publisher\":{\"@id\":\"https:\\\/\\\/www.sdmodelcartuning.com\\\/#organization\"},\"potentialAction\":[{\"@type\":\"SearchAction\",\"target\":{\"@type\":\"EntryPoint\",\"urlTemplate\":\"https:\\\/\\\/www.sdmodelcartuning.com\\\/?s={search_term_string}\"},\"query-input\":{\"@type\":\"PropertyValueSpecification\",\"valueRequired\":true,\"valueName\":\"search_term_string\"}}],\"inLanguage\":\"it-IT\"},{\"@type\":\"Organization\",\"@id\":\"https:\\\/\\\/www.sdmodelcartuning.com\\\/#organization\",\"name\":\"SDmodelcartuning.com\",\"url\":\"https:\\\/\\\/www.sdmodelcartuning.com\\\/\",\"logo\":{\"@type\":\"ImageObject\",\"inLanguage\":\"it-IT\",\"@id\":\"https:\\\/\\\/www.sdmodelcartuning.com\\\/#\\\/schema\\\/logo\\\/image\\\/\",\"url\":\"https:\\\/\\\/www.sdmodelcartuning.com\\\/wp-content\\\/uploads\\\/2020\\\/09\\\/logo-retina.png\",\"contentUrl\":\"https:\\\/\\\/www.sdmodelcartuning.com\\\/wp-content\\\/uploads\\\/2020\\\/09\\\/logo-retina.png\",\"width\":463,\"height\":150,\"caption\":\"SDmodelcartuning.com\"},\"image\":{\"@id\":\"https:\\\/\\\/www.sdmodelcartuning.com\\\/#\\\/schema\\\/logo\\\/image\\\/\"}}]}<\/script>\n<!-- \/ Yoast SEO plugin. -->","yoast_head_json":{"title":"Set di decalcomanie per targhe olandesi 1:18 - SDmodelcartuning.com","robots":{"index":"index","follow":"follow","max-snippet":"max-snippet:-1","max-image-preview":"max-image-preview:large","max-video-preview":"max-video-preview:-1"},"canonical":"https:\/\/www.sdmodelcartuning.com\/it\/prodotto\/set-di-decalcomanie-per-118-targhe-olandesi\/","og_locale":"it_IT","og_type":"article","og_title":"1:18 Nederlandse kentekenplaten decalset - SDmodelcartuning.com","og_description":"1\/18 Schaal Nederlandse kentekenplaten decalset. Zoals afgebeeld een assortiment Nederlandse kentekenplaten zowel compleet en ook diverse los zodat u uw eigen kenteken kunt maken Dit betreffen hoge kwaliteits decals (Watertransfers) en deze zijn al op maat uitgesneden dus deze hoeft u niet zelf precies rondom uit te knippen.","og_url":"https:\/\/www.sdmodelcartuning.com\/it\/prodotto\/set-di-decalcomanie-per-118-targhe-olandesi\/","og_site_name":"SDmodelcartuning.com","article_modified_time":"2026-05-01T12:51:23+00:00","og_image":[{"width":867,"height":1156,"url":"https:\/\/www.sdmodelcartuning.com\/wp-content\/uploads\/2023\/03\/20230309_115900_resized.jpg","type":"image\/jpeg"}],"twitter_card":"summary_large_image","twitter_misc":{"Tempo di lettura stimato":"1 minuto"},"schema":{"@context":"https:\/\/schema.org","@graph":[{"@type":"WebPage","@id":"https:\/\/www.sdmodelcartuning.com\/product\/118-nederlandse-kentekenplaten-decalset\/","url":"https:\/\/www.sdmodelcartuning.com\/product\/118-nederlandse-kentekenplaten-decalset\/","name":"Set di decalcomanie per targhe olandesi 1:18 - SDmodelcartuning.com","isPartOf":{"@id":"https:\/\/www.sdmodelcartuning.com\/#website"},"primaryImageOfPage":{"@id":"https:\/\/www.sdmodelcartuning.com\/product\/118-nederlandse-kentekenplaten-decalset\/#primaryimage"},"image":{"@id":"https:\/\/www.sdmodelcartuning.com\/product\/118-nederlandse-kentekenplaten-decalset\/#primaryimage"},"thumbnailUrl":"https:\/\/www.sdmodelcartuning.com\/wp-content\/uploads\/2023\/03\/20230309_115900_resized.jpg","datePublished":"2023-03-09T11:12:45+00:00","dateModified":"2026-05-01T12:51:23+00:00","breadcrumb":{"@id":"https:\/\/www.sdmodelcartuning.com\/product\/118-nederlandse-kentekenplaten-decalset\/#breadcrumb"},"inLanguage":"it-IT","potentialAction":[{"@type":"ReadAction","target":["https:\/\/www.sdmodelcartuning.com\/product\/118-nederlandse-kentekenplaten-decalset\/"]}]},{"@type":"ImageObject","inLanguage":"it-IT","@id":"https:\/\/www.sdmodelcartuning.com\/product\/118-nederlandse-kentekenplaten-decalset\/#primaryimage","url":"https:\/\/www.sdmodelcartuning.com\/wp-content\/uploads\/2023\/03\/20230309_115900_resized.jpg","contentUrl":"https:\/\/www.sdmodelcartuning.com\/wp-content\/uploads\/2023\/03\/20230309_115900_resized.jpg","width":867,"height":1156},{"@type":"BreadcrumbList","@id":"https:\/\/www.sdmodelcartuning.com\/product\/118-nederlandse-kentekenplaten-decalset\/#breadcrumb","itemListElement":[{"@type":"ListItem","position":1,"name":"Home","item":"https:\/\/www.sdmodelcartuning.com\/"},{"@type":"ListItem","position":2,"name":"Winkel","item":"https:\/\/www.sdmodelcartuning.com\/it\/winkel\/"},{"@type":"ListItem","position":3,"name":"1:18 Nederlandse kentekenplaten decalset"}]},{"@type":"WebSite","@id":"https:\/\/www.sdmodelcartuning.com\/#website","url":"https:\/\/www.sdmodelcartuning.com\/","name":"SDmodelcartuning.com","description":"Il negozio di miniature e accessori dei Paesi Bassi","publisher":{"@id":"https:\/\/www.sdmodelcartuning.com\/#organization"},"potentialAction":[{"@type":"SearchAction","target":{"@type":"EntryPoint","urlTemplate":"https:\/\/www.sdmodelcartuning.com\/?s={search_term_string}"},"query-input":{"@type":"PropertyValueSpecification","valueRequired":true,"valueName":"search_term_string"}}],"inLanguage":"it-IT"},{"@type":"Organization","@id":"https:\/\/www.sdmodelcartuning.com\/#organization","name":"SDmodelcartuning.com","url":"https:\/\/www.sdmodelcartuning.com\/","logo":{"@type":"ImageObject","inLanguage":"it-IT","@id":"https:\/\/www.sdmodelcartuning.com\/#\/schema\/logo\/image\/","url":"https:\/\/www.sdmodelcartuning.com\/wp-content\/uploads\/2020\/09\/logo-retina.png","contentUrl":"https:\/\/www.sdmodelcartuning.com\/wp-content\/uploads\/2020\/09\/logo-retina.png","width":463,"height":150,"caption":"SDmodelcartuning.com"},"image":{"@id":"https:\/\/www.sdmodelcartuning.com\/#\/schema\/logo\/image\/"}}]}},"_links":{"self":[{"href":"https:\/\/www.sdmodelcartuning.com\/it\/wp-json\/wp\/v2\/product\/123147","targetHints":{"allow":["GET"]}}],"collection":[{"href":"https:\/\/www.sdmodelcartuning.com\/it\/wp-json\/wp\/v2\/product"}],"about":[{"href":"https:\/\/www.sdmodelcartuning.com\/it\/wp-json\/wp\/v2\/types\/product"}],"version-history":[{"count":0,"href":"https:\/\/www.sdmodelcartuning.com\/it\/wp-json\/wp\/v2\/product\/123147\/revisions"}],"wp:featuredmedia":[{"embeddable":true,"href":"https:\/\/www.sdmodelcartuning.com\/it\/wp-json\/wp\/v2\/media\/123148"}],"wp:attachment":[{"href":"https:\/\/www.sdmodelcartuning.com\/it\/wp-json\/wp\/v2\/media?parent=123147"}],"wp:term":[{"taxonomy":"product_brand","embeddable":true,"href":"https:\/\/www.sdmodelcartuning.com\/it\/wp-json\/wp\/v2\/product_brand?post=123147"},{"taxonomy":"product_cat","embeddable":true,"href":"https:\/\/www.sdmodelcartuning.com\/it\/wp-json\/wp\/v2\/product_cat?post=123147"},{"taxonomy":"product_tag","embeddable":true,"href":"https:\/\/www.sdmodelcartuning.com\/it\/wp-json\/wp\/v2\/product_tag?post=123147"}],"curies":[{"name":"wp","href":"https:\/\/api.w.org\/{rel}","templated":true}]}}