{"id":97905,"date":"2021-06-23T10:18:32","date_gmt":"2021-06-23T09:18:32","guid":{"rendered":"http:\/\/www.sdmodelcartuning.com\/?page_id=97905"},"modified":"2023-02-06T15:02:10","modified_gmt":"2023-02-06T14:02:10","slug":"faq","status":"publish","type":"page","link":"https:\/\/www.sdmodelcartuning.com\/it\/faq\/","title":{"rendered":"FAQ"},"content":{"rendered":"<div data-elementor-type=\"wp-page\" data-elementor-id=\"97905\" class=\"elementor elementor-97905\" data-elementor-post-type=\"page\">\n\t\t\t\t\t\t<section class=\"has_ae_slider elementor-section elementor-top-section elementor-element elementor-element-8b3dcd3 elementor-section-boxed elementor-section-height-default elementor-section-height-default ae-bg-gallery-type-default\" data-id=\"8b3dcd3\" data-element_type=\"section\" data-e-type=\"section\">\n\t\t\t\t\t\t<div class=\"elementor-container elementor-column-gap-no\">\n\t\t\t\t\t<div class=\"has_ae_slider elementor-column elementor-col-100 elementor-top-column elementor-element elementor-element-e99e08b ae-bg-gallery-type-default\" data-id=\"e99e08b\" data-element_type=\"column\" data-e-type=\"column\">\n\t\t\t<div class=\"elementor-widget-wrap elementor-element-populated\">\n\t\t\t\t\t\t<div class=\"elementor-element elementor-element-76d3e6d elementor-widget elementor-widget-text-editor\" data-id=\"76d3e6d\" data-element_type=\"widget\" data-e-type=\"widget\" data-widget_type=\"text-editor.default\">\n\t\t\t\t<div class=\"elementor-widget-container\">\n\t\t\t\t\t\t\t\t\t<p><strong>Domande frequenti:<\/strong><\/p><p><strong>1. Di quali parti \u00e8 composto un set di cerchi:<\/strong> Ogni set che vendiamo \u00e8 un set completo di pneumatici 4x e cerchi 4x.<\/p><p><strong>2. Tutti i cerchi e le parti fornite sono verniciati a colori?<\/strong> No, non tutti i set di cerchi e le parti sono disponibili a colori standard. Se un set di ruote o una parte \u00e8 disponibile a colori, verr\u00e0 indicato nella descrizione del prodotto o come opzione del prodotto.<\/p><p><strong>3. \u00c8 possibile montare anche automodelli acquistati con cerchi speciali?<\/strong> S\u00ec, possiamo personalizzarlo appositamente con i cerchi desiderati dal nostro negozio. I costi partono da 15,00 euro per conversione.<\/p><p><strong>4. \u00c8 possibile far verniciare un modellino anche in un altro colore?<\/strong> No, purtroppo non lo facciamo pi\u00f9 a causa della folla nella nostra produzione di accessori.<\/p><p><strong>5. \u00c8 possibile avere una produzione esclusiva di un cerchio o di una parte dal design speciale?<\/strong> S\u00ec, \u00e8 possibile, abbiamo entrambe le opzioni di stampa 3d e per quantit\u00e0 maggiori il nostro reparto di progettazione stampi. Tieni presente che di solito i costi per una sola parte non superano i costi, quindi le tirature spesso partono solo da 25 pezzi\/set.<\/p><p><strong>6. Voglio tracciare il mio ordine, come posso fare?<\/strong> Di solito un&#039;e-mail di tracciamento seguir\u00e0 entro 1-3 giorni lavorativi dalla spedizione dell&#039;ordine (a seconda che sia stato inviato come pacco o come pacco postale)<\/p><p><strong>7. Quali opzioni di pagamento ci sono nel negozio online?<\/strong> Abbiamo ampie opzioni di pagamento, tra cui bonifico bancario, carta di credito Meastro e Mastercard, Bancontact, Paypal e Ideal.<\/p><p><strong>8. Ho scelto l&#039;opzione bonifico bancario, come posso pagare?<\/strong> Dovresti aver ricevuto le nostre coordinate bancarie nella mail di conferma con l&#039;importo totale, le nostre coordinate bancarie sono:<\/p><p>Banca: Banca SNS<\/p><p>Titolare dell&#039;account: SDmodelcartuning<\/p><p>iban:NL71SNSB0978120302<\/p><p>swift\/bic:SNSBNL 2A<\/p>\t\t\t\t\t\t\t\t<\/div>\n\t\t\t\t<\/div>\n\t\t\t\t\t<\/div>\n\t\t<\/div>\n\t\t\t\t\t<\/div>\n\t\t<\/section>\n\t\t\t\t<\/div>","protected":false},"excerpt":{"rendered":"<p>Veel gestelde vragen: 1. Uit welke onderdelen bestaat een velgenset: Elke set die wij verkopen is een complete set van 4x banden en 4x velgen. 2. Worden alle velgen en onderdelen in kleur gelakt geleverd? Nee niet alle velgensets en onderdelen zijn standaard beschikbaar in kleur. Als een velgenset of onderdeel in kleur beschikbaar is [\u2026]<\/p>","protected":false},"author":5847,"featured_media":0,"parent":0,"menu_order":7,"comment_status":"closed","ping_status":"closed","template":"template-fullwidth.php","meta":{"footnotes":""},"class_list":["post-97905","page","type-page","status-publish","hentry"],"yoast_head":"<!-- This site is optimized with the Yoast SEO plugin v27.4 - https:\/\/yoast.com\/product\/yoast-seo-wordpress\/ -->\n<title>FAQ - SDmodelcartuning.com<\/title>\n<meta name=\"robots\" content=\"index, follow, max-snippet:-1, max-image-preview:large, max-video-preview:-1\" \/>\n<link rel=\"canonical\" href=\"https:\/\/www.sdmodelcartuning.com\/it\/faq\/\" \/>\n<meta property=\"og:locale\" content=\"it_IT\" \/>\n<meta property=\"og:type\" content=\"article\" \/>\n<meta property=\"og:title\" content=\"FAQ - SDmodelcartuning.com\" \/>\n<meta property=\"og:description\" content=\"Veel gestelde vragen: 1. Uit welke onderdelen bestaat een velgenset: Elke set die wij verkopen is een complete set van 4x banden en 4x velgen. 2. Worden alle velgen en onderdelen in kleur gelakt geleverd? Nee niet alle velgensets en onderdelen zijn standaard beschikbaar in kleur. Als een velgenset of onderdeel in kleur beschikbaar is [&hellip;]\" \/>\n<meta property=\"og:url\" content=\"https:\/\/www.sdmodelcartuning.com\/it\/faq\/\" \/>\n<meta property=\"og:site_name\" content=\"SDmodelcartuning.com\" \/>\n<meta property=\"article:modified_time\" content=\"2023-02-06T14:02:10+00:00\" \/>\n<meta name=\"twitter:card\" content=\"summary_large_image\" \/>\n<meta name=\"twitter:label1\" content=\"Tempo di lettura stimato\" \/>\n\t<meta name=\"twitter:data1\" content=\"2 minuti\" \/>\n<script type=\"application\/ld+json\" class=\"yoast-schema-graph\">{\"@context\":\"https:\\\/\\\/schema.org\",\"@graph\":[{\"@type\":\"WebPage\",\"@id\":\"https:\\\/\\\/www.sdmodelcartuning.com\\\/faq\\\/\",\"url\":\"https:\\\/\\\/www.sdmodelcartuning.com\\\/faq\\\/\",\"name\":\"FAQ - SDmodelcartuning.com\",\"isPartOf\":{\"@id\":\"https:\\\/\\\/www.sdmodelcartuning.com\\\/#website\"},\"datePublished\":\"2021-06-23T09:18:32+00:00\",\"dateModified\":\"2023-02-06T14:02:10+00:00\",\"breadcrumb\":{\"@id\":\"https:\\\/\\\/www.sdmodelcartuning.com\\\/faq\\\/#breadcrumb\"},\"inLanguage\":\"it-IT\",\"potentialAction\":[{\"@type\":\"ReadAction\",\"target\":[\"https:\\\/\\\/www.sdmodelcartuning.com\\\/faq\\\/\"]}]},{\"@type\":\"BreadcrumbList\",\"@id\":\"https:\\\/\\\/www.sdmodelcartuning.com\\\/faq\\\/#breadcrumb\",\"itemListElement\":[{\"@type\":\"ListItem\",\"position\":1,\"name\":\"Home\",\"item\":\"https:\\\/\\\/www.sdmodelcartuning.com\\\/\"},{\"@type\":\"ListItem\",\"position\":2,\"name\":\"FAQ\"}]},{\"@type\":\"WebSite\",\"@id\":\"https:\\\/\\\/www.sdmodelcartuning.com\\\/#website\",\"url\":\"https:\\\/\\\/www.sdmodelcartuning.com\\\/\",\"name\":\"SDmodelcartuning.com\",\"description\":\"De miniaturen en toebehoren shop van Nederland\",\"publisher\":{\"@id\":\"https:\\\/\\\/www.sdmodelcartuning.com\\\/#organization\"},\"potentialAction\":[{\"@type\":\"SearchAction\",\"target\":{\"@type\":\"EntryPoint\",\"urlTemplate\":\"https:\\\/\\\/www.sdmodelcartuning.com\\\/?s={search_term_string}\"},\"query-input\":{\"@type\":\"PropertyValueSpecification\",\"valueRequired\":true,\"valueName\":\"search_term_string\"}}],\"inLanguage\":\"it-IT\"},{\"@type\":\"Organization\",\"@id\":\"https:\\\/\\\/www.sdmodelcartuning.com\\\/#organization\",\"name\":\"SDmodelcartuning.com\",\"url\":\"https:\\\/\\\/www.sdmodelcartuning.com\\\/\",\"logo\":{\"@type\":\"ImageObject\",\"inLanguage\":\"it-IT\",\"@id\":\"https:\\\/\\\/www.sdmodelcartuning.com\\\/#\\\/schema\\\/logo\\\/image\\\/\",\"url\":\"https:\\\/\\\/www.sdmodelcartuning.com\\\/wp-content\\\/uploads\\\/2020\\\/09\\\/logo-retina.png\",\"contentUrl\":\"https:\\\/\\\/www.sdmodelcartuning.com\\\/wp-content\\\/uploads\\\/2020\\\/09\\\/logo-retina.png\",\"width\":463,\"height\":150,\"caption\":\"SDmodelcartuning.com\"},\"image\":{\"@id\":\"https:\\\/\\\/www.sdmodelcartuning.com\\\/#\\\/schema\\\/logo\\\/image\\\/\"}}]}<\/script>\n<!-- \/ Yoast SEO plugin. -->","yoast_head_json":{"title":"Domande frequenti - SDmodelcartuning.com","robots":{"index":"index","follow":"follow","max-snippet":"max-snippet:-1","max-image-preview":"max-image-preview:large","max-video-preview":"max-video-preview:-1"},"canonical":"https:\/\/www.sdmodelcartuning.com\/it\/faq\/","og_locale":"it_IT","og_type":"article","og_title":"FAQ - SDmodelcartuning.com","og_description":"Veel gestelde vragen: 1. Uit welke onderdelen bestaat een velgenset: Elke set die wij verkopen is een complete set van 4x banden en 4x velgen. 2. Worden alle velgen en onderdelen in kleur gelakt geleverd? Nee niet alle velgensets en onderdelen zijn standaard beschikbaar in kleur. Als een velgenset of onderdeel in kleur beschikbaar is [&hellip;]","og_url":"https:\/\/www.sdmodelcartuning.com\/it\/faq\/","og_site_name":"SDmodelcartuning.com","article_modified_time":"2023-02-06T14:02:10+00:00","twitter_card":"summary_large_image","twitter_misc":{"Tempo di lettura stimato":"2 minuti"},"schema":{"@context":"https:\/\/schema.org","@graph":[{"@type":"WebPage","@id":"https:\/\/www.sdmodelcartuning.com\/faq\/","url":"https:\/\/www.sdmodelcartuning.com\/faq\/","name":"Domande frequenti - SDmodelcartuning.com","isPartOf":{"@id":"https:\/\/www.sdmodelcartuning.com\/#website"},"datePublished":"2021-06-23T09:18:32+00:00","dateModified":"2023-02-06T14:02:10+00:00","breadcrumb":{"@id":"https:\/\/www.sdmodelcartuning.com\/faq\/#breadcrumb"},"inLanguage":"it-IT","potentialAction":[{"@type":"ReadAction","target":["https:\/\/www.sdmodelcartuning.com\/faq\/"]}]},{"@type":"BreadcrumbList","@id":"https:\/\/www.sdmodelcartuning.com\/faq\/#breadcrumb","itemListElement":[{"@type":"ListItem","position":1,"name":"Home","item":"https:\/\/www.sdmodelcartuning.com\/"},{"@type":"ListItem","position":2,"name":"FAQ"}]},{"@type":"WebSite","@id":"https:\/\/www.sdmodelcartuning.com\/#website","url":"https:\/\/www.sdmodelcartuning.com\/","name":"SDmodelcartuning.com","description":"Il negozio di miniature e accessori dei Paesi Bassi","publisher":{"@id":"https:\/\/www.sdmodelcartuning.com\/#organization"},"potentialAction":[{"@type":"SearchAction","target":{"@type":"EntryPoint","urlTemplate":"https:\/\/www.sdmodelcartuning.com\/?s={search_term_string}"},"query-input":{"@type":"PropertyValueSpecification","valueRequired":true,"valueName":"search_term_string"}}],"inLanguage":"it-IT"},{"@type":"Organization","@id":"https:\/\/www.sdmodelcartuning.com\/#organization","name":"SDmodelcartuning.com","url":"https:\/\/www.sdmodelcartuning.com\/","logo":{"@type":"ImageObject","inLanguage":"it-IT","@id":"https:\/\/www.sdmodelcartuning.com\/#\/schema\/logo\/image\/","url":"https:\/\/www.sdmodelcartuning.com\/wp-content\/uploads\/2020\/09\/logo-retina.png","contentUrl":"https:\/\/www.sdmodelcartuning.com\/wp-content\/uploads\/2020\/09\/logo-retina.png","width":463,"height":150,"caption":"SDmodelcartuning.com"},"image":{"@id":"https:\/\/www.sdmodelcartuning.com\/#\/schema\/logo\/image\/"}}]}},"_links":{"self":[{"href":"https:\/\/www.sdmodelcartuning.com\/it\/wp-json\/wp\/v2\/pages\/97905","targetHints":{"allow":["GET"]}}],"collection":[{"href":"https:\/\/www.sdmodelcartuning.com\/it\/wp-json\/wp\/v2\/pages"}],"about":[{"href":"https:\/\/www.sdmodelcartuning.com\/it\/wp-json\/wp\/v2\/types\/page"}],"author":[{"embeddable":true,"href":"https:\/\/www.sdmodelcartuning.com\/it\/wp-json\/wp\/v2\/users\/5847"}],"replies":[{"embeddable":true,"href":"https:\/\/www.sdmodelcartuning.com\/it\/wp-json\/wp\/v2\/comments?post=97905"}],"version-history":[{"count":0,"href":"https:\/\/www.sdmodelcartuning.com\/it\/wp-json\/wp\/v2\/pages\/97905\/revisions"}],"wp:attachment":[{"href":"https:\/\/www.sdmodelcartuning.com\/it\/wp-json\/wp\/v2\/media?parent=97905"}],"curies":[{"name":"wp","href":"https:\/\/api.w.org\/{rel}","templated":true}]}}