{"id":16763,"date":"2013-08-22T14:58:16","date_gmt":"2013-08-22T14:58:16","guid":{"rendered":"http:\/\/sdmodelcartuning.local\/levering-voorwaarden\/"},"modified":"2024-08-14T08:26:18","modified_gmt":"2024-08-14T07:26:18","slug":"levering-voorwaarden","status":"publish","type":"page","link":"https:\/\/www.sdmodelcartuning.com\/it\/condizioni-di-consegna\/","title":{"rendered":"Condizioni di consegna"},"content":{"rendered":"<div data-elementor-type=\"wp-page\" data-elementor-id=\"16763\" class=\"elementor elementor-16763\" data-elementor-post-type=\"page\">\n\t\t\t\t\t\t<section class=\"has_ae_slider elementor-section elementor-top-section elementor-element elementor-element-2e10bcd8 elementor-section-boxed elementor-section-height-default elementor-section-height-default ae-bg-gallery-type-default\" data-id=\"2e10bcd8\" data-element_type=\"section\" data-e-type=\"section\">\n\t\t\t\t\t\t<div class=\"elementor-container elementor-column-gap-no\">\n\t\t\t\t\t<div class=\"has_ae_slider elementor-column elementor-col-100 elementor-top-column elementor-element elementor-element-3cec0a99 ae-bg-gallery-type-default\" data-id=\"3cec0a99\" data-element_type=\"column\" data-e-type=\"column\">\n\t\t\t<div class=\"elementor-widget-wrap elementor-element-populated\">\n\t\t\t\t\t\t<div class=\"elementor-element elementor-element-a5877e3 elementor-widget elementor-widget-heading\" data-id=\"a5877e3\" data-element_type=\"widget\" data-e-type=\"widget\" data-widget_type=\"heading.default\">\n\t\t\t\t<div class=\"elementor-widget-container\">\n\t\t\t\t\t<h1 class=\"elementor-heading-title elementor-size-default\">Condizioni di consegna<\/h1>\t\t\t\t<\/div>\n\t\t\t\t<\/div>\n\t\t\t\t<div class=\"elementor-element elementor-element-6449e40 elementor-widget elementor-widget-text-editor\" data-id=\"6449e40\" data-element_type=\"widget\" data-e-type=\"widget\" data-widget_type=\"text-editor.default\">\n\t\t\t\t<div class=\"elementor-widget-container\">\n\t\t\t\t\t\t\t\t\t<p>Termini e Condizioni<\/p>\n<p>1 I prodotti rimangono di propriet\u00e0 di SD-modelcartuning fino al completo pagamento.<\/p>\n<p>2 I prodotti non sono adatti a bambini di et\u00e0 inferiore a 14 anni. I nostri set di cerchi sono universali e adatti a molte auto in miniatura, tuttavia, a causa dei diversi collegamenti degli assi per produttore, potrebbe essere necessario regolare l&#039;asse dell&#039;auto modello.<\/p>\n<p>3 Tutte le consegne seguono i nostri termini e condizioni generali.<\/p>\n<p>4 I tuoi dati saranno trattati con cura e non saranno ceduti a terzi.<\/p>\n<p>5 Il listino non \u00e8 un listino di magazzino, se un articolo \u00e8 disponibile verr\u00e0 consegnato entro quindici giorni lavorativi, se un articolo non \u00e8 disponibile il tempo di consegna pu\u00f2 essere fino a 4 settimane a seconda del prodotto. In alcuni casi, pu\u00f2 essere consegnato un prodotto sostitutivo se il prodotto ordinato \u00e8 molto simile. i prezzi sono comprensivi di IVA, i prezzi possono variare. Utilizziamo anche le aliquote IVA applicabili nel paese di consegna.<\/p>\n<p>6 I prezzi si intendono al netto di spedizione, imballo e spese bancarie, un prodotto verr\u00e0 spedito solo dopo il pagamento dell&#039;intero importo dovuto.<\/p>\n<p>7 La spedizione all&#039;estero \u00e8 possibile, ma i costi possono variare. (vedi costi di spedizione)<\/p>\n<p>8 Il venditore non \u00e8 responsabile per danni causati dal trasporto o dall&#039;uso improprio del prodotto.<\/p>\n<p>9 \u00c8 vietato dalla legge utilizzare prodotti, foto o altri materiali di SDmodelcartuning per scopi commerciali.<\/p>\n<p>10 Diverse parti sciolte vengono fornite di serie non verniciate, salvo diversa indicazione, tuttavia possono essere spruzzate su richiesta (opzioni articolo). I set di cerchi in alluminio sono costituiti in parte da plastica\/resina. Gli articoli nel nostro negozio online in cui \u00e8 indicato nella descrizione che si tratta di un kit o kit di costruzione sono standard non verniciati e possono essere consegnati in parti che devono ancora essere assemblate.<\/p>\n<p>11 Consegne secondo la legge olandese, il diritto internazionale \u00e8 escluso. I reclami legali vengono gestiti esclusivamente nei Paesi Bassi.<\/p>\n<p>12 Diritto di recesso:<br>I prodotti della SD modelcartuning sono prodotti e confezionati con la massima cura, ma se non sei soddisfatto del prodotto, puoi <span style=\"text-decoration: underline;\">entro 14 giorni dal ricevimento<\/span> reso nell&#039;imballo originale chiuso le spese di spedizione del reso sono a carico del cliente cos\u00ec come le spese di spedizione sostenute per la consegna dell&#039;ordine. Gli articoli specifici del cliente, come cerchi o parti colorate speciali, non possono essere sostituiti. Il diritto di recesso \u00e8 valido solo per consegne all&#039;interno dell&#039;Unione Europea.\u00a0<\/p>\n<p>13 Politica di rimborso:<br>Una volta che un articolo ci \u00e8 stato restituito, verr\u00e0 controllato e rimborsato entro 7 giorni lavorativi.<\/p>\n<p>14 Un ordine effettuato \u00e8 un contratto di acquisto legale, che \u00e8 quindi vincolante.<\/p>\n<p>15 Norme applicabili ai buoni sconto; Valido per una spesa di 35 euro (valore prodotto), solo 1 buono sconto per ordine valido e vincolato al conto cliente.<\/p>\n<p>16 Responsabilit\u00e0 SDmodelcartuning in casi eccezionali non superiore al valore di acquisto.<\/p><p>17 Op additionele aankopen van SDmodelcartuning via andere platformen (anders dan onze webshop) kan geen korting op (dubbele) verzendkosten worden gegeven.<\/p>\n<p>18 Ci riserviamo il diritto di annullare un ordine di vendita in qualsiasi momento senza fornire alcuna motivazione.<\/p>\n<p>Aggiornato: 02.2023<\/p>\n<p>Tuning auto modello SD\u00a0 \u00a0<\/p>\t\t\t\t\t\t\t\t<\/div>\n\t\t\t\t<\/div>\n\t\t\t\t\t<\/div>\n\t\t<\/div>\n\t\t\t\t\t<\/div>\n\t\t<\/section>\n\t\t\t\t<\/div>","protected":false},"excerpt":{"rendered":"<p>Levering Voorwaarden Algemene voorwaarden 1 De produkten blijven eigendom van SD-modelcartuning tot het volledige bedrag betaald is. 2 De producten zijn niet geschikt voor kinderen onder de 14 jaar. Onze velgensetjes zijn universeel en geschikt voor vele autominiaturen echter ivm de verschillende as aansluitingen per fabrikant kan het noodzakelijk zijn om de as van de [&hellip;]<\/p>\n","protected":false},"author":1,"featured_media":0,"parent":0,"menu_order":0,"comment_status":"closed","ping_status":"closed","template":"template-fullwidth.php","meta":{"footnotes":""},"class_list":["post-16763","page","type-page","status-publish","hentry"],"yoast_head":"<!-- This site is optimized with the Yoast SEO plugin v27.5 - https:\/\/yoast.com\/product\/yoast-seo-wordpress\/ -->\n<title>Levering Voorwaarden - SDmodelcartuning.com<\/title>\n<meta name=\"robots\" content=\"index, follow, max-snippet:-1, max-image-preview:large, max-video-preview:-1\" \/>\n<link rel=\"canonical\" href=\"https:\/\/www.sdmodelcartuning.com\/it\/condizioni-di-consegna\/\" \/>\n<meta property=\"og:locale\" content=\"it_IT\" \/>\n<meta property=\"og:type\" content=\"article\" \/>\n<meta property=\"og:title\" content=\"Levering Voorwaarden - SDmodelcartuning.com\" \/>\n<meta property=\"og:description\" content=\"Levering Voorwaarden Algemene voorwaarden 1 De produkten blijven eigendom van SD-modelcartuning tot het volledige bedrag betaald is. 2 De producten zijn niet geschikt voor kinderen onder de 14 jaar. Onze velgensetjes zijn universeel en geschikt voor vele autominiaturen echter ivm de verschillende as aansluitingen per fabrikant kan het noodzakelijk zijn om de as van de [&hellip;]\" \/>\n<meta property=\"og:url\" content=\"https:\/\/www.sdmodelcartuning.com\/it\/condizioni-di-consegna\/\" \/>\n<meta property=\"og:site_name\" content=\"SDmodelcartuning.com\" \/>\n<meta property=\"article:modified_time\" content=\"2024-08-14T07:26:18+00:00\" \/>\n<meta name=\"twitter:card\" content=\"summary_large_image\" \/>\n<meta name=\"twitter:label1\" content=\"Tempo di lettura stimato\" \/>\n\t<meta name=\"twitter:data1\" content=\"3 minuti\" \/>\n<script type=\"application\/ld+json\" class=\"yoast-schema-graph\">{\"@context\":\"https:\\\/\\\/schema.org\",\"@graph\":[{\"@type\":\"WebPage\",\"@id\":\"https:\\\/\\\/www.sdmodelcartuning.com\\\/levering-voorwaarden\\\/\",\"url\":\"https:\\\/\\\/www.sdmodelcartuning.com\\\/levering-voorwaarden\\\/\",\"name\":\"Levering Voorwaarden - SDmodelcartuning.com\",\"isPartOf\":{\"@id\":\"https:\\\/\\\/www.sdmodelcartuning.com\\\/#website\"},\"datePublished\":\"2013-08-22T14:58:16+00:00\",\"dateModified\":\"2024-08-14T07:26:18+00:00\",\"breadcrumb\":{\"@id\":\"https:\\\/\\\/www.sdmodelcartuning.com\\\/levering-voorwaarden\\\/#breadcrumb\"},\"inLanguage\":\"it-IT\",\"potentialAction\":[{\"@type\":\"ReadAction\",\"target\":[\"https:\\\/\\\/www.sdmodelcartuning.com\\\/levering-voorwaarden\\\/\"]}]},{\"@type\":\"BreadcrumbList\",\"@id\":\"https:\\\/\\\/www.sdmodelcartuning.com\\\/levering-voorwaarden\\\/#breadcrumb\",\"itemListElement\":[{\"@type\":\"ListItem\",\"position\":1,\"name\":\"Home\",\"item\":\"https:\\\/\\\/www.sdmodelcartuning.com\\\/\"},{\"@type\":\"ListItem\",\"position\":2,\"name\":\"Levering Voorwaarden\"}]},{\"@type\":\"WebSite\",\"@id\":\"https:\\\/\\\/www.sdmodelcartuning.com\\\/#website\",\"url\":\"https:\\\/\\\/www.sdmodelcartuning.com\\\/\",\"name\":\"SDmodelcartuning.com\",\"description\":\"De miniaturen en toebehoren shop van Nederland\",\"publisher\":{\"@id\":\"https:\\\/\\\/www.sdmodelcartuning.com\\\/#organization\"},\"potentialAction\":[{\"@type\":\"SearchAction\",\"target\":{\"@type\":\"EntryPoint\",\"urlTemplate\":\"https:\\\/\\\/www.sdmodelcartuning.com\\\/?s={search_term_string}\"},\"query-input\":{\"@type\":\"PropertyValueSpecification\",\"valueRequired\":true,\"valueName\":\"search_term_string\"}}],\"inLanguage\":\"it-IT\"},{\"@type\":\"Organization\",\"@id\":\"https:\\\/\\\/www.sdmodelcartuning.com\\\/#organization\",\"name\":\"SDmodelcartuning.com\",\"url\":\"https:\\\/\\\/www.sdmodelcartuning.com\\\/\",\"logo\":{\"@type\":\"ImageObject\",\"inLanguage\":\"it-IT\",\"@id\":\"https:\\\/\\\/www.sdmodelcartuning.com\\\/#\\\/schema\\\/logo\\\/image\\\/\",\"url\":\"https:\\\/\\\/www.sdmodelcartuning.com\\\/wp-content\\\/uploads\\\/2020\\\/09\\\/logo-retina.png\",\"contentUrl\":\"https:\\\/\\\/www.sdmodelcartuning.com\\\/wp-content\\\/uploads\\\/2020\\\/09\\\/logo-retina.png\",\"width\":463,\"height\":150,\"caption\":\"SDmodelcartuning.com\"},\"image\":{\"@id\":\"https:\\\/\\\/www.sdmodelcartuning.com\\\/#\\\/schema\\\/logo\\\/image\\\/\"}}]}<\/script>\n<!-- \/ Yoast SEO plugin. -->","yoast_head_json":{"title":"Termini di consegna - SDmodelcartuning.com","robots":{"index":"index","follow":"follow","max-snippet":"max-snippet:-1","max-image-preview":"max-image-preview:large","max-video-preview":"max-video-preview:-1"},"canonical":"https:\/\/www.sdmodelcartuning.com\/it\/condizioni-di-consegna\/","og_locale":"it_IT","og_type":"article","og_title":"Levering Voorwaarden - SDmodelcartuning.com","og_description":"Levering Voorwaarden Algemene voorwaarden 1 De produkten blijven eigendom van SD-modelcartuning tot het volledige bedrag betaald is. 2 De producten zijn niet geschikt voor kinderen onder de 14 jaar. Onze velgensetjes zijn universeel en geschikt voor vele autominiaturen echter ivm de verschillende as aansluitingen per fabrikant kan het noodzakelijk zijn om de as van de [&hellip;]","og_url":"https:\/\/www.sdmodelcartuning.com\/it\/condizioni-di-consegna\/","og_site_name":"SDmodelcartuning.com","article_modified_time":"2024-08-14T07:26:18+00:00","twitter_card":"summary_large_image","twitter_misc":{"Tempo di lettura stimato":"3 minuti"},"schema":{"@context":"https:\/\/schema.org","@graph":[{"@type":"WebPage","@id":"https:\/\/www.sdmodelcartuning.com\/levering-voorwaarden\/","url":"https:\/\/www.sdmodelcartuning.com\/levering-voorwaarden\/","name":"Termini di consegna - SDmodelcartuning.com","isPartOf":{"@id":"https:\/\/www.sdmodelcartuning.com\/#website"},"datePublished":"2013-08-22T14:58:16+00:00","dateModified":"2024-08-14T07:26:18+00:00","breadcrumb":{"@id":"https:\/\/www.sdmodelcartuning.com\/levering-voorwaarden\/#breadcrumb"},"inLanguage":"it-IT","potentialAction":[{"@type":"ReadAction","target":["https:\/\/www.sdmodelcartuning.com\/levering-voorwaarden\/"]}]},{"@type":"BreadcrumbList","@id":"https:\/\/www.sdmodelcartuning.com\/levering-voorwaarden\/#breadcrumb","itemListElement":[{"@type":"ListItem","position":1,"name":"Home","item":"https:\/\/www.sdmodelcartuning.com\/"},{"@type":"ListItem","position":2,"name":"Levering Voorwaarden"}]},{"@type":"WebSite","@id":"https:\/\/www.sdmodelcartuning.com\/#website","url":"https:\/\/www.sdmodelcartuning.com\/","name":"SDmodelcartuning.com","description":"Il negozio di miniature e accessori dei Paesi Bassi","publisher":{"@id":"https:\/\/www.sdmodelcartuning.com\/#organization"},"potentialAction":[{"@type":"SearchAction","target":{"@type":"EntryPoint","urlTemplate":"https:\/\/www.sdmodelcartuning.com\/?s={search_term_string}"},"query-input":{"@type":"PropertyValueSpecification","valueRequired":true,"valueName":"search_term_string"}}],"inLanguage":"it-IT"},{"@type":"Organization","@id":"https:\/\/www.sdmodelcartuning.com\/#organization","name":"SDmodelcartuning.com","url":"https:\/\/www.sdmodelcartuning.com\/","logo":{"@type":"ImageObject","inLanguage":"it-IT","@id":"https:\/\/www.sdmodelcartuning.com\/#\/schema\/logo\/image\/","url":"https:\/\/www.sdmodelcartuning.com\/wp-content\/uploads\/2020\/09\/logo-retina.png","contentUrl":"https:\/\/www.sdmodelcartuning.com\/wp-content\/uploads\/2020\/09\/logo-retina.png","width":463,"height":150,"caption":"SDmodelcartuning.com"},"image":{"@id":"https:\/\/www.sdmodelcartuning.com\/#\/schema\/logo\/image\/"}}]}},"_links":{"self":[{"href":"https:\/\/www.sdmodelcartuning.com\/it\/wp-json\/wp\/v2\/pages\/16763","targetHints":{"allow":["GET"]}}],"collection":[{"href":"https:\/\/www.sdmodelcartuning.com\/it\/wp-json\/wp\/v2\/pages"}],"about":[{"href":"https:\/\/www.sdmodelcartuning.com\/it\/wp-json\/wp\/v2\/types\/page"}],"author":[{"embeddable":true,"href":"https:\/\/www.sdmodelcartuning.com\/it\/wp-json\/wp\/v2\/users\/1"}],"replies":[{"embeddable":true,"href":"https:\/\/www.sdmodelcartuning.com\/it\/wp-json\/wp\/v2\/comments?post=16763"}],"version-history":[{"count":0,"href":"https:\/\/www.sdmodelcartuning.com\/it\/wp-json\/wp\/v2\/pages\/16763\/revisions"}],"wp:attachment":[{"href":"https:\/\/www.sdmodelcartuning.com\/it\/wp-json\/wp\/v2\/media?parent=16763"}],"curies":[{"name":"wp","href":"https:\/\/api.w.org\/{rel}","templated":true}]}}