{"id":87228,"date":"2022-05-30T12:19:46","date_gmt":"2022-05-30T11:19:46","guid":{"rendered":"http:\/\/www.sdmodelcartuning.com\/?post_type=product&#038;p=87228"},"modified":"2026-04-24T13:38:37","modified_gmt":"2026-04-24T11:38:37","slug":"118-schaal-garage-diorama","status":"publish","type":"product","link":"https:\/\/www.sdmodelcartuning.com\/fr\/produit\/diorama-de-garage-a-lechelle-118\/","title":{"rendered":"Diorama de garage \u00e0 l&#039;\u00e9chelle 1:18"},"content":{"rendered":"<p><span title=\"\">Diorama de garage \u00e0 l'\u00e9chelle 1\/18 - Il s'agit d'un kit de construction d'une armoire de diorama enti\u00e8rement \u00e9quip\u00e9e, comme illustr\u00e9, y compris l'\u00e9clairage LED et la fen\u00eatre coulissante.<\/span><\/p>\n<p>Vous devez tout de m\u00eame l'assembler vous-m\u00eame (15-20 minutes de temps de construction).<\/p>\n<p>Diorama 3D tr\u00e8s r\u00e9aliste.<\/p>\n<p><span title=\"\">Dimensions : 54x39x26cm<\/span><\/p>\n<p><span title=\"\">Poids : 6,5 kg.<\/span><\/p>\n<p><span title=\"\">\u00c9dition limit\u00e9e donc disparu = disparu\u00a0<\/span><\/p>\n<p><span title=\"\">Sera livr\u00e9 hors mod\u00e8le de voiture et figurine.<\/span><\/p>\n<p>VEUILLEZ NOTER\u00a0: EN RAISON DE SA GRANDE TAILLE, CE PRODUIT PEUT \u00caTRE LIMIT\u00c9 POUR \u00caTRE EXP\u00c9DI\u00c9 EN COMBINAISON AVEC D&#039;AUTRES PRODUITS. POUR LES COMMANDES IMPORTANTES, DES FRAIS D&#039;EXP\u00c9DITION SUPPL\u00c9MENTAIRES DOIVENT \u00caTRE FACTUR\u00c9S APR\u00c8S LE CALCUL. (Bien s\u00fbr en consultation)<\/p>","protected":false},"excerpt":{"rendered":"<p>Diorama de garage \u00e0 l'\u00e9chelle 1\/18 - Il s'agit d'un kit de construction d'armoire de diorama enti\u00e8rement \u00e9quip\u00e9, comme illustr\u00e9, y compris l'\u00e9clairage LED et la fen\u00eatre coulissante. Vous devez cependant l'assembler vous-m\u00eame (15 \u00e0 20 minutes de construction). Diorama 3D tr\u00e8s r\u00e9aliste. Dimensions : 54x39x26cm Poids : 6,5Kg. Livr\u00e9 sans voiture miniature ni figurine. LET [...]<\/p>","protected":false},"featured_media":146497,"template":"","meta":[],"product_brand":[],"product_cat":[1143,1665],"product_tag":[],"class_list":{"0":"post-87228","1":"product","2":"type-product","3":"status-publish","4":"has-post-thumbnail","6":"product_cat-dioramas","7":"product_cat-schaal-1-18-diorama-toebehoren","9":"first","10":"instock","11":"sale","12":"featured","13":"taxable","14":"shipping-taxable","15":"purchasable","16":"product-type-simple"},"yoast_head":"<!-- This site is optimized with the Yoast SEO plugin v27.4 - https:\/\/yoast.com\/product\/yoast-seo-wordpress\/ -->\n<title>1:18 Schaal Garage diorama - SDmodelcartuning.com<\/title>\n<meta name=\"robots\" content=\"index, follow, max-snippet:-1, max-image-preview:large, max-video-preview:-1\" \/>\n<link rel=\"canonical\" href=\"https:\/\/www.sdmodelcartuning.com\/fr\/produit\/diorama-de-garage-a-lechelle-118\/\" \/>\n<meta property=\"og:locale\" content=\"fr_FR\" \/>\n<meta property=\"og:type\" content=\"article\" \/>\n<meta property=\"og:title\" content=\"1:18 Schaal Garage diorama - SDmodelcartuning.com\" \/>\n<meta property=\"og:description\" content=\"1\/18 schaal Garage diorama &#8211; Dit is een complete ingerichte dioramakast bouwkit, zoals afgebeeld, incl. LED verlichting en schuifraam. Deze dient u dus nog zelf in elkaar te zetten (15 &#8211; 20 minuten bouwtijd) Zeer realistisch 3D Diorama. Afmetingen: 54x39x26cm Gewicht: 6.5Kg. Beperkte oplage dus op = op\u00a0 Wordt geleverd excl. modelauto en figuur. LET [&hellip;]\" \/>\n<meta property=\"og:url\" content=\"https:\/\/www.sdmodelcartuning.com\/fr\/produit\/diorama-de-garage-a-lechelle-118\/\" \/>\n<meta property=\"og:site_name\" content=\"SDmodelcartuning.com\" \/>\n<meta property=\"article:modified_time\" content=\"2026-04-24T11:38:37+00:00\" \/>\n<meta property=\"og:image\" content=\"https:\/\/www.sdmodelcartuning.com\/wp-content\/uploads\/2022\/05\/20250129_193305.jpg\" \/>\n\t<meta property=\"og:image:width\" content=\"1584\" \/>\n\t<meta property=\"og:image:height\" content=\"779\" \/>\n\t<meta property=\"og:image:type\" content=\"image\/jpeg\" \/>\n<meta name=\"twitter:card\" content=\"summary_large_image\" \/>\n<meta name=\"twitter:label1\" content=\"Dur\u00e9e de lecture estim\u00e9e\" \/>\n\t<meta name=\"twitter:data1\" content=\"1 minute\" \/>\n<script type=\"application\/ld+json\" class=\"yoast-schema-graph\">{\"@context\":\"https:\\\/\\\/schema.org\",\"@graph\":[{\"@type\":\"WebPage\",\"@id\":\"https:\\\/\\\/www.sdmodelcartuning.com\\\/product\\\/118-schaal-garage-diorama\\\/\",\"url\":\"https:\\\/\\\/www.sdmodelcartuning.com\\\/product\\\/118-schaal-garage-diorama\\\/\",\"name\":\"1:18 Schaal Garage diorama - SDmodelcartuning.com\",\"isPartOf\":{\"@id\":\"https:\\\/\\\/www.sdmodelcartuning.com\\\/#website\"},\"primaryImageOfPage\":{\"@id\":\"https:\\\/\\\/www.sdmodelcartuning.com\\\/product\\\/118-schaal-garage-diorama\\\/#primaryimage\"},\"image\":{\"@id\":\"https:\\\/\\\/www.sdmodelcartuning.com\\\/product\\\/118-schaal-garage-diorama\\\/#primaryimage\"},\"thumbnailUrl\":\"https:\\\/\\\/www.sdmodelcartuning.com\\\/wp-content\\\/uploads\\\/2022\\\/05\\\/20250129_193305.jpg\",\"datePublished\":\"2022-05-30T11:19:46+00:00\",\"dateModified\":\"2026-04-24T11:38:37+00:00\",\"breadcrumb\":{\"@id\":\"https:\\\/\\\/www.sdmodelcartuning.com\\\/product\\\/118-schaal-garage-diorama\\\/#breadcrumb\"},\"inLanguage\":\"fr-FR\",\"potentialAction\":[{\"@type\":\"ReadAction\",\"target\":[\"https:\\\/\\\/www.sdmodelcartuning.com\\\/product\\\/118-schaal-garage-diorama\\\/\"]}]},{\"@type\":\"ImageObject\",\"inLanguage\":\"fr-FR\",\"@id\":\"https:\\\/\\\/www.sdmodelcartuning.com\\\/product\\\/118-schaal-garage-diorama\\\/#primaryimage\",\"url\":\"https:\\\/\\\/www.sdmodelcartuning.com\\\/wp-content\\\/uploads\\\/2022\\\/05\\\/20250129_193305.jpg\",\"contentUrl\":\"https:\\\/\\\/www.sdmodelcartuning.com\\\/wp-content\\\/uploads\\\/2022\\\/05\\\/20250129_193305.jpg\",\"width\":1584,\"height\":779},{\"@type\":\"BreadcrumbList\",\"@id\":\"https:\\\/\\\/www.sdmodelcartuning.com\\\/product\\\/118-schaal-garage-diorama\\\/#breadcrumb\",\"itemListElement\":[{\"@type\":\"ListItem\",\"position\":1,\"name\":\"Home\",\"item\":\"https:\\\/\\\/www.sdmodelcartuning.com\\\/\"},{\"@type\":\"ListItem\",\"position\":2,\"name\":\"Winkel\",\"item\":\"https:\\\/\\\/www.sdmodelcartuning.com\\\/it\\\/winkel\\\/\"},{\"@type\":\"ListItem\",\"position\":3,\"name\":\"1:18 Schaal Garage diorama\"}]},{\"@type\":\"WebSite\",\"@id\":\"https:\\\/\\\/www.sdmodelcartuning.com\\\/#website\",\"url\":\"https:\\\/\\\/www.sdmodelcartuning.com\\\/\",\"name\":\"SDmodelcartuning.com\",\"description\":\"De miniaturen en toebehoren shop van Nederland\",\"publisher\":{\"@id\":\"https:\\\/\\\/www.sdmodelcartuning.com\\\/#organization\"},\"potentialAction\":[{\"@type\":\"SearchAction\",\"target\":{\"@type\":\"EntryPoint\",\"urlTemplate\":\"https:\\\/\\\/www.sdmodelcartuning.com\\\/?s={search_term_string}\"},\"query-input\":{\"@type\":\"PropertyValueSpecification\",\"valueRequired\":true,\"valueName\":\"search_term_string\"}}],\"inLanguage\":\"fr-FR\"},{\"@type\":\"Organization\",\"@id\":\"https:\\\/\\\/www.sdmodelcartuning.com\\\/#organization\",\"name\":\"SDmodelcartuning.com\",\"url\":\"https:\\\/\\\/www.sdmodelcartuning.com\\\/\",\"logo\":{\"@type\":\"ImageObject\",\"inLanguage\":\"fr-FR\",\"@id\":\"https:\\\/\\\/www.sdmodelcartuning.com\\\/#\\\/schema\\\/logo\\\/image\\\/\",\"url\":\"https:\\\/\\\/www.sdmodelcartuning.com\\\/wp-content\\\/uploads\\\/2020\\\/09\\\/logo-retina.png\",\"contentUrl\":\"https:\\\/\\\/www.sdmodelcartuning.com\\\/wp-content\\\/uploads\\\/2020\\\/09\\\/logo-retina.png\",\"width\":463,\"height\":150,\"caption\":\"SDmodelcartuning.com\"},\"image\":{\"@id\":\"https:\\\/\\\/www.sdmodelcartuning.com\\\/#\\\/schema\\\/logo\\\/image\\\/\"}}]}<\/script>\n<!-- \/ Yoast SEO plugin. -->","yoast_head_json":{"title":"Diorama de garage \u00e0 l&#039;\u00e9chelle 1:18 - SDmodelcartuning.com","robots":{"index":"index","follow":"follow","max-snippet":"max-snippet:-1","max-image-preview":"max-image-preview:large","max-video-preview":"max-video-preview:-1"},"canonical":"https:\/\/www.sdmodelcartuning.com\/fr\/produit\/diorama-de-garage-a-lechelle-118\/","og_locale":"fr_FR","og_type":"article","og_title":"1:18 Schaal Garage diorama - SDmodelcartuning.com","og_description":"1\/18 schaal Garage diorama &#8211; Dit is een complete ingerichte dioramakast bouwkit, zoals afgebeeld, incl. LED verlichting en schuifraam. Deze dient u dus nog zelf in elkaar te zetten (15 &#8211; 20 minuten bouwtijd) Zeer realistisch 3D Diorama. Afmetingen: 54x39x26cm Gewicht: 6.5Kg. Beperkte oplage dus op = op\u00a0 Wordt geleverd excl. modelauto en figuur. LET [&hellip;]","og_url":"https:\/\/www.sdmodelcartuning.com\/fr\/produit\/diorama-de-garage-a-lechelle-118\/","og_site_name":"SDmodelcartuning.com","article_modified_time":"2026-04-24T11:38:37+00:00","og_image":[{"width":1584,"height":779,"url":"https:\/\/www.sdmodelcartuning.com\/wp-content\/uploads\/2022\/05\/20250129_193305.jpg","type":"image\/jpeg"}],"twitter_card":"summary_large_image","twitter_misc":{"Dur\u00e9e de lecture estim\u00e9e":"1 minute"},"schema":{"@context":"https:\/\/schema.org","@graph":[{"@type":"WebPage","@id":"https:\/\/www.sdmodelcartuning.com\/product\/118-schaal-garage-diorama\/","url":"https:\/\/www.sdmodelcartuning.com\/product\/118-schaal-garage-diorama\/","name":"Diorama de garage \u00e0 l&#039;\u00e9chelle 1:18 - SDmodelcartuning.com","isPartOf":{"@id":"https:\/\/www.sdmodelcartuning.com\/#website"},"primaryImageOfPage":{"@id":"https:\/\/www.sdmodelcartuning.com\/product\/118-schaal-garage-diorama\/#primaryimage"},"image":{"@id":"https:\/\/www.sdmodelcartuning.com\/product\/118-schaal-garage-diorama\/#primaryimage"},"thumbnailUrl":"https:\/\/www.sdmodelcartuning.com\/wp-content\/uploads\/2022\/05\/20250129_193305.jpg","datePublished":"2022-05-30T11:19:46+00:00","dateModified":"2026-04-24T11:38:37+00:00","breadcrumb":{"@id":"https:\/\/www.sdmodelcartuning.com\/product\/118-schaal-garage-diorama\/#breadcrumb"},"inLanguage":"fr-FR","potentialAction":[{"@type":"ReadAction","target":["https:\/\/www.sdmodelcartuning.com\/product\/118-schaal-garage-diorama\/"]}]},{"@type":"ImageObject","inLanguage":"fr-FR","@id":"https:\/\/www.sdmodelcartuning.com\/product\/118-schaal-garage-diorama\/#primaryimage","url":"https:\/\/www.sdmodelcartuning.com\/wp-content\/uploads\/2022\/05\/20250129_193305.jpg","contentUrl":"https:\/\/www.sdmodelcartuning.com\/wp-content\/uploads\/2022\/05\/20250129_193305.jpg","width":1584,"height":779},{"@type":"BreadcrumbList","@id":"https:\/\/www.sdmodelcartuning.com\/product\/118-schaal-garage-diorama\/#breadcrumb","itemListElement":[{"@type":"ListItem","position":1,"name":"Home","item":"https:\/\/www.sdmodelcartuning.com\/"},{"@type":"ListItem","position":2,"name":"Winkel","item":"https:\/\/www.sdmodelcartuning.com\/it\/winkel\/"},{"@type":"ListItem","position":3,"name":"1:18 Schaal Garage diorama"}]},{"@type":"WebSite","@id":"https:\/\/www.sdmodelcartuning.com\/#website","url":"https:\/\/www.sdmodelcartuning.com\/","name":"SDmodelcartuning.com","description":"La boutique de miniatures et d&#039;accessoires des Pays-Bas","publisher":{"@id":"https:\/\/www.sdmodelcartuning.com\/#organization"},"potentialAction":[{"@type":"SearchAction","target":{"@type":"EntryPoint","urlTemplate":"https:\/\/www.sdmodelcartuning.com\/?s={search_term_string}"},"query-input":{"@type":"PropertyValueSpecification","valueRequired":true,"valueName":"search_term_string"}}],"inLanguage":"fr-FR"},{"@type":"Organization","@id":"https:\/\/www.sdmodelcartuning.com\/#organization","name":"SDmodelcartuning.com","url":"https:\/\/www.sdmodelcartuning.com\/","logo":{"@type":"ImageObject","inLanguage":"fr-FR","@id":"https:\/\/www.sdmodelcartuning.com\/#\/schema\/logo\/image\/","url":"https:\/\/www.sdmodelcartuning.com\/wp-content\/uploads\/2020\/09\/logo-retina.png","contentUrl":"https:\/\/www.sdmodelcartuning.com\/wp-content\/uploads\/2020\/09\/logo-retina.png","width":463,"height":150,"caption":"SDmodelcartuning.com"},"image":{"@id":"https:\/\/www.sdmodelcartuning.com\/#\/schema\/logo\/image\/"}}]}},"_links":{"self":[{"href":"https:\/\/www.sdmodelcartuning.com\/fr\/wp-json\/wp\/v2\/product\/87228","targetHints":{"allow":["GET"]}}],"collection":[{"href":"https:\/\/www.sdmodelcartuning.com\/fr\/wp-json\/wp\/v2\/product"}],"about":[{"href":"https:\/\/www.sdmodelcartuning.com\/fr\/wp-json\/wp\/v2\/types\/product"}],"version-history":[{"count":1,"href":"https:\/\/www.sdmodelcartuning.com\/fr\/wp-json\/wp\/v2\/product\/87228\/revisions"}],"predecessor-version":[{"id":146169,"href":"https:\/\/www.sdmodelcartuning.com\/fr\/wp-json\/wp\/v2\/product\/87228\/revisions\/146169"}],"wp:featuredmedia":[{"embeddable":true,"href":"https:\/\/www.sdmodelcartuning.com\/fr\/wp-json\/wp\/v2\/media\/146497"}],"wp:attachment":[{"href":"https:\/\/www.sdmodelcartuning.com\/fr\/wp-json\/wp\/v2\/media?parent=87228"}],"wp:term":[{"taxonomy":"product_brand","embeddable":true,"href":"https:\/\/www.sdmodelcartuning.com\/fr\/wp-json\/wp\/v2\/product_brand?post=87228"},{"taxonomy":"product_cat","embeddable":true,"href":"https:\/\/www.sdmodelcartuning.com\/fr\/wp-json\/wp\/v2\/product_cat?post=87228"},{"taxonomy":"product_tag","embeddable":true,"href":"https:\/\/www.sdmodelcartuning.com\/fr\/wp-json\/wp\/v2\/product_tag?post=87228"}],"curies":[{"name":"wp","href":"https:\/\/api.w.org\/{rel}","templated":true}]}}