{"id":50001,"date":"2017-05-19T14:11:52","date_gmt":"2017-05-19T14:11:52","guid":{"rendered":"http:\/\/sdmodelcartuning.local\/product\/118-oz-futura-velgenset-16-inch\/"},"modified":"2026-05-06T20:07:14","modified_gmt":"2026-05-06T18:07:14","slug":"118-oz-futura-velgenset-16-inch","status":"publish","type":"product","link":"https:\/\/www.sdmodelcartuning.com\/fr\/produit\/jeu-de-jantes-futura-118-oz-16-pouces\/","title":{"rendered":"Jeu de jantes Futura 1:18 OZ 16 pouces"},"content":{"rendered":"<p>Jeu de jantes 16 pouces Universal OZ Futura look 1:18. L&#039;ensemble se compose de :<\/p>\n<p>4x Jantes enti\u00e8rement chrom\u00e9es avec centre de jante color\u00e9.<\/p>\n<p>Choix de: Coeur de jante argent\u00e9, noir ou dor\u00e9.<\/p>\n<p>4x Pneus sport dessin\u00e9s au nouveau design<\/p>\n<p>1x emballage d&#039;affichage scell\u00e9<\/p>\n<p>Diam\u00e8tre du jeu de jantes\u00a0: 32\u00a0mm, y compris les pneus, largeur\u00a0: 14\u00a0mm<\/p>\n<p>Mat\u00e9riau : plastique avec pneus en caoutchouc.<\/p>","protected":false},"excerpt":{"rendered":"<p>Jeu de jantes 16 pouces Universal OZ Futura look 1:18. L&#039;ensemble se compose de : 4x Jantes enti\u00e8rement chrom\u00e9es avec centre de jante color\u00e9. Choix de: Coeur de jante argent\u00e9, noir ou dor\u00e9. 4x Pneus de sport dessin\u00e9s au nouveau design 1x emballage d&#039;affichage scell\u00e9 Diam\u00e8tre du jeu de jantes : 32 mm, y compris les pneus, largeur : 14 mm Mat\u00e9riau : plastique avec pneus en caoutchouc.<\/p>","protected":false},"featured_media":49977,"template":"","meta":[],"product_brand":[],"product_cat":[1686],"product_tag":[],"class_list":{"0":"post-50001","1":"product","2":"type-product","3":"status-publish","4":"has-post-thumbnail","6":"product_cat-16-inch-1-18-universele-velgen","7":"pa_kleurvelghart-glanszwart","8":"pa_kleurvelghart-goud","9":"pa_kleurvelghart-zilver","10":"pa_velgemblemen-geenemblemen","11":"pa_velgemblemen-ozfutura","13":"first","14":"instock","15":"taxable","16":"shipping-taxable","17":"purchasable","18":"product-type-variable","19":"has-default-attributes"},"yoast_head":"<!-- This site is optimized with the Yoast SEO plugin v27.5 - https:\/\/yoast.com\/product\/yoast-seo-wordpress\/ -->\n<title>1:18 OZ Futura Velgenset 16 Inch - SDmodelcartuning.com<\/title>\n<meta name=\"robots\" content=\"index, follow, max-snippet:-1, max-image-preview:large, max-video-preview:-1\" \/>\n<link rel=\"canonical\" href=\"https:\/\/www.sdmodelcartuning.com\/fr\/produit\/jeu-de-jantes-futura-118-oz-16-pouces\/\" \/>\n<meta property=\"og:locale\" content=\"fr_FR\" \/>\n<meta property=\"og:type\" content=\"article\" \/>\n<meta property=\"og:title\" content=\"1:18 OZ Futura Velgenset 16 Inch - SDmodelcartuning.com\" \/>\n<meta property=\"og:description\" content=\"1:18 Universele OZ Futura look 16 inch velgenset. De set bestaat uit: 4x Volledig verchroomde velgen met gekleurd velghart. Keuze uit: Zilver, Zwart of Goud velghart. 4x Nieuw design getrokken sportbanden 1x gesealde display verpakking Diameter velgenset: 32mm inclusief banden, breedte: 14mm Materiaal: plastic met rubber banden.\" \/>\n<meta property=\"og:url\" content=\"https:\/\/www.sdmodelcartuning.com\/fr\/produit\/jeu-de-jantes-futura-118-oz-16-pouces\/\" \/>\n<meta property=\"og:site_name\" content=\"SDmodelcartuning.com\" \/>\n<meta property=\"article:modified_time\" content=\"2026-05-06T18:07:14+00:00\" \/>\n<meta property=\"og:image\" content=\"https:\/\/www.sdmodelcartuning.com\/wp-content\/uploads\/2017\/05\/p_2_2_5_3_2253-118-OZ-Futura-Velgenset-16-Inch.jpg\" \/>\n\t<meta property=\"og:image:width\" content=\"1032\" \/>\n\t<meta property=\"og:image:height\" content=\"580\" \/>\n\t<meta property=\"og:image:type\" content=\"image\/jpeg\" \/>\n<meta name=\"twitter:card\" content=\"summary_large_image\" \/>\n<script type=\"application\/ld+json\" class=\"yoast-schema-graph\">{\"@context\":\"https:\\\/\\\/schema.org\",\"@graph\":[{\"@type\":\"WebPage\",\"@id\":\"https:\\\/\\\/www.sdmodelcartuning.com\\\/product\\\/118-oz-futura-velgenset-16-inch\\\/\",\"url\":\"https:\\\/\\\/www.sdmodelcartuning.com\\\/product\\\/118-oz-futura-velgenset-16-inch\\\/\",\"name\":\"1:18 OZ Futura Velgenset 16 Inch - SDmodelcartuning.com\",\"isPartOf\":{\"@id\":\"https:\\\/\\\/www.sdmodelcartuning.com\\\/#website\"},\"primaryImageOfPage\":{\"@id\":\"https:\\\/\\\/www.sdmodelcartuning.com\\\/product\\\/118-oz-futura-velgenset-16-inch\\\/#primaryimage\"},\"image\":{\"@id\":\"https:\\\/\\\/www.sdmodelcartuning.com\\\/product\\\/118-oz-futura-velgenset-16-inch\\\/#primaryimage\"},\"thumbnailUrl\":\"https:\\\/\\\/www.sdmodelcartuning.com\\\/wp-content\\\/uploads\\\/2017\\\/05\\\/p_2_2_5_3_2253-118-OZ-Futura-Velgenset-16-Inch.jpg\",\"datePublished\":\"2017-05-19T14:11:52+00:00\",\"dateModified\":\"2026-05-06T18:07:14+00:00\",\"breadcrumb\":{\"@id\":\"https:\\\/\\\/www.sdmodelcartuning.com\\\/product\\\/118-oz-futura-velgenset-16-inch\\\/#breadcrumb\"},\"inLanguage\":\"fr-FR\",\"potentialAction\":[{\"@type\":\"ReadAction\",\"target\":[\"https:\\\/\\\/www.sdmodelcartuning.com\\\/product\\\/118-oz-futura-velgenset-16-inch\\\/\"]}]},{\"@type\":\"ImageObject\",\"inLanguage\":\"fr-FR\",\"@id\":\"https:\\\/\\\/www.sdmodelcartuning.com\\\/product\\\/118-oz-futura-velgenset-16-inch\\\/#primaryimage\",\"url\":\"https:\\\/\\\/www.sdmodelcartuning.com\\\/wp-content\\\/uploads\\\/2017\\\/05\\\/p_2_2_5_3_2253-118-OZ-Futura-Velgenset-16-Inch.jpg\",\"contentUrl\":\"https:\\\/\\\/www.sdmodelcartuning.com\\\/wp-content\\\/uploads\\\/2017\\\/05\\\/p_2_2_5_3_2253-118-OZ-Futura-Velgenset-16-Inch.jpg\",\"width\":1032,\"height\":580,\"caption\":\"1:18 OZ Futura Velgenset 16 Inch\"},{\"@type\":\"BreadcrumbList\",\"@id\":\"https:\\\/\\\/www.sdmodelcartuning.com\\\/product\\\/118-oz-futura-velgenset-16-inch\\\/#breadcrumb\",\"itemListElement\":[{\"@type\":\"ListItem\",\"position\":1,\"name\":\"Home\",\"item\":\"https:\\\/\\\/www.sdmodelcartuning.com\\\/\"},{\"@type\":\"ListItem\",\"position\":2,\"name\":\"Winkel\",\"item\":\"https:\\\/\\\/www.sdmodelcartuning.com\\\/it\\\/winkel\\\/\"},{\"@type\":\"ListItem\",\"position\":3,\"name\":\"1:18 OZ Futura Velgenset 16 Inch\"}]},{\"@type\":\"WebSite\",\"@id\":\"https:\\\/\\\/www.sdmodelcartuning.com\\\/#website\",\"url\":\"https:\\\/\\\/www.sdmodelcartuning.com\\\/\",\"name\":\"SDmodelcartuning.com\",\"description\":\"De miniaturen en toebehoren shop van Nederland\",\"publisher\":{\"@id\":\"https:\\\/\\\/www.sdmodelcartuning.com\\\/#organization\"},\"potentialAction\":[{\"@type\":\"SearchAction\",\"target\":{\"@type\":\"EntryPoint\",\"urlTemplate\":\"https:\\\/\\\/www.sdmodelcartuning.com\\\/?s={search_term_string}\"},\"query-input\":{\"@type\":\"PropertyValueSpecification\",\"valueRequired\":true,\"valueName\":\"search_term_string\"}}],\"inLanguage\":\"fr-FR\"},{\"@type\":\"Organization\",\"@id\":\"https:\\\/\\\/www.sdmodelcartuning.com\\\/#organization\",\"name\":\"SDmodelcartuning.com\",\"url\":\"https:\\\/\\\/www.sdmodelcartuning.com\\\/\",\"logo\":{\"@type\":\"ImageObject\",\"inLanguage\":\"fr-FR\",\"@id\":\"https:\\\/\\\/www.sdmodelcartuning.com\\\/#\\\/schema\\\/logo\\\/image\\\/\",\"url\":\"https:\\\/\\\/www.sdmodelcartuning.com\\\/wp-content\\\/uploads\\\/2020\\\/09\\\/logo-retina.png\",\"contentUrl\":\"https:\\\/\\\/www.sdmodelcartuning.com\\\/wp-content\\\/uploads\\\/2020\\\/09\\\/logo-retina.png\",\"width\":463,\"height\":150,\"caption\":\"SDmodelcartuning.com\"},\"image\":{\"@id\":\"https:\\\/\\\/www.sdmodelcartuning.com\\\/#\\\/schema\\\/logo\\\/image\\\/\"}}]}<\/script>\n<!-- \/ Yoast SEO plugin. -->","yoast_head_json":{"title":"Jeu de jantes Futura 1:18 OZ 16 pouces - SDmodelcartuning.com","robots":{"index":"index","follow":"follow","max-snippet":"max-snippet:-1","max-image-preview":"max-image-preview:large","max-video-preview":"max-video-preview:-1"},"canonical":"https:\/\/www.sdmodelcartuning.com\/fr\/produit\/jeu-de-jantes-futura-118-oz-16-pouces\/","og_locale":"fr_FR","og_type":"article","og_title":"1:18 OZ Futura Velgenset 16 Inch - SDmodelcartuning.com","og_description":"1:18 Universele OZ Futura look 16 inch velgenset. De set bestaat uit: 4x Volledig verchroomde velgen met gekleurd velghart. Keuze uit: Zilver, Zwart of Goud velghart. 4x Nieuw design getrokken sportbanden 1x gesealde display verpakking Diameter velgenset: 32mm inclusief banden, breedte: 14mm Materiaal: plastic met rubber banden.","og_url":"https:\/\/www.sdmodelcartuning.com\/fr\/produit\/jeu-de-jantes-futura-118-oz-16-pouces\/","og_site_name":"SDmodelcartuning.com","article_modified_time":"2026-05-06T18:07:14+00:00","og_image":[{"width":1032,"height":580,"url":"https:\/\/www.sdmodelcartuning.com\/wp-content\/uploads\/2017\/05\/p_2_2_5_3_2253-118-OZ-Futura-Velgenset-16-Inch.jpg","type":"image\/jpeg"}],"twitter_card":"summary_large_image","schema":{"@context":"https:\/\/schema.org","@graph":[{"@type":"WebPage","@id":"https:\/\/www.sdmodelcartuning.com\/product\/118-oz-futura-velgenset-16-inch\/","url":"https:\/\/www.sdmodelcartuning.com\/product\/118-oz-futura-velgenset-16-inch\/","name":"Jeu de jantes Futura 1:18 OZ 16 pouces - SDmodelcartuning.com","isPartOf":{"@id":"https:\/\/www.sdmodelcartuning.com\/#website"},"primaryImageOfPage":{"@id":"https:\/\/www.sdmodelcartuning.com\/product\/118-oz-futura-velgenset-16-inch\/#primaryimage"},"image":{"@id":"https:\/\/www.sdmodelcartuning.com\/product\/118-oz-futura-velgenset-16-inch\/#primaryimage"},"thumbnailUrl":"https:\/\/www.sdmodelcartuning.com\/wp-content\/uploads\/2017\/05\/p_2_2_5_3_2253-118-OZ-Futura-Velgenset-16-Inch.jpg","datePublished":"2017-05-19T14:11:52+00:00","dateModified":"2026-05-06T18:07:14+00:00","breadcrumb":{"@id":"https:\/\/www.sdmodelcartuning.com\/product\/118-oz-futura-velgenset-16-inch\/#breadcrumb"},"inLanguage":"fr-FR","potentialAction":[{"@type":"ReadAction","target":["https:\/\/www.sdmodelcartuning.com\/product\/118-oz-futura-velgenset-16-inch\/"]}]},{"@type":"ImageObject","inLanguage":"fr-FR","@id":"https:\/\/www.sdmodelcartuning.com\/product\/118-oz-futura-velgenset-16-inch\/#primaryimage","url":"https:\/\/www.sdmodelcartuning.com\/wp-content\/uploads\/2017\/05\/p_2_2_5_3_2253-118-OZ-Futura-Velgenset-16-Inch.jpg","contentUrl":"https:\/\/www.sdmodelcartuning.com\/wp-content\/uploads\/2017\/05\/p_2_2_5_3_2253-118-OZ-Futura-Velgenset-16-Inch.jpg","width":1032,"height":580,"caption":"1:18 OZ Futura Velgenset 16 Inch"},{"@type":"BreadcrumbList","@id":"https:\/\/www.sdmodelcartuning.com\/product\/118-oz-futura-velgenset-16-inch\/#breadcrumb","itemListElement":[{"@type":"ListItem","position":1,"name":"Home","item":"https:\/\/www.sdmodelcartuning.com\/"},{"@type":"ListItem","position":2,"name":"Winkel","item":"https:\/\/www.sdmodelcartuning.com\/it\/winkel\/"},{"@type":"ListItem","position":3,"name":"1:18 OZ Futura Velgenset 16 Inch"}]},{"@type":"WebSite","@id":"https:\/\/www.sdmodelcartuning.com\/#website","url":"https:\/\/www.sdmodelcartuning.com\/","name":"SDmodelcartuning.com","description":"La boutique de miniatures et d&#039;accessoires des Pays-Bas","publisher":{"@id":"https:\/\/www.sdmodelcartuning.com\/#organization"},"potentialAction":[{"@type":"SearchAction","target":{"@type":"EntryPoint","urlTemplate":"https:\/\/www.sdmodelcartuning.com\/?s={search_term_string}"},"query-input":{"@type":"PropertyValueSpecification","valueRequired":true,"valueName":"search_term_string"}}],"inLanguage":"fr-FR"},{"@type":"Organization","@id":"https:\/\/www.sdmodelcartuning.com\/#organization","name":"SDmodelcartuning.com","url":"https:\/\/www.sdmodelcartuning.com\/","logo":{"@type":"ImageObject","inLanguage":"fr-FR","@id":"https:\/\/www.sdmodelcartuning.com\/#\/schema\/logo\/image\/","url":"https:\/\/www.sdmodelcartuning.com\/wp-content\/uploads\/2020\/09\/logo-retina.png","contentUrl":"https:\/\/www.sdmodelcartuning.com\/wp-content\/uploads\/2020\/09\/logo-retina.png","width":463,"height":150,"caption":"SDmodelcartuning.com"},"image":{"@id":"https:\/\/www.sdmodelcartuning.com\/#\/schema\/logo\/image\/"}}]}},"_links":{"self":[{"href":"https:\/\/www.sdmodelcartuning.com\/fr\/wp-json\/wp\/v2\/product\/50001","targetHints":{"allow":["GET"]}}],"collection":[{"href":"https:\/\/www.sdmodelcartuning.com\/fr\/wp-json\/wp\/v2\/product"}],"about":[{"href":"https:\/\/www.sdmodelcartuning.com\/fr\/wp-json\/wp\/v2\/types\/product"}],"version-history":[{"count":1,"href":"https:\/\/www.sdmodelcartuning.com\/fr\/wp-json\/wp\/v2\/product\/50001\/revisions"}],"predecessor-version":[{"id":157894,"href":"https:\/\/www.sdmodelcartuning.com\/fr\/wp-json\/wp\/v2\/product\/50001\/revisions\/157894"}],"wp:featuredmedia":[{"embeddable":true,"href":"https:\/\/www.sdmodelcartuning.com\/fr\/wp-json\/wp\/v2\/media\/49977"}],"wp:attachment":[{"href":"https:\/\/www.sdmodelcartuning.com\/fr\/wp-json\/wp\/v2\/media?parent=50001"}],"wp:term":[{"taxonomy":"product_brand","embeddable":true,"href":"https:\/\/www.sdmodelcartuning.com\/fr\/wp-json\/wp\/v2\/product_brand?post=50001"},{"taxonomy":"product_cat","embeddable":true,"href":"https:\/\/www.sdmodelcartuning.com\/fr\/wp-json\/wp\/v2\/product_cat?post=50001"},{"taxonomy":"product_tag","embeddable":true,"href":"https:\/\/www.sdmodelcartuning.com\/fr\/wp-json\/wp\/v2\/product_tag?post=50001"}],"curies":[{"name":"wp","href":"https:\/\/api.w.org\/{rel}","templated":true}]}}