{"id":48687,"date":"2017-01-25T16:35:36","date_gmt":"2017-01-25T16:35:36","guid":{"rendered":"http:\/\/sdmodelcartuning.local\/product\/118-vw-audi-5v-motorblok\/"},"modified":"2024-01-09T19:14:32","modified_gmt":"2024-01-09T18:14:32","slug":"118-vw-audi-5v-motorblok","status":"publish","type":"product","link":"https:\/\/www.sdmodelcartuning.com\/fr\/produit\/bloc-moteur-118-vw-audi-5v\/","title":{"rendered":"Bloc moteur 1:18 VW Audi 5V"},"content":{"rendered":"<p>Bloc moteur universel 1:18 Volkswagen \/ Audi 5V, ce kit comprend :<\/p>\n<p>- Bloc moteur 5V sup\u00e9rieur, \u00e0 monter sur divers sous-blocs ou dans le compartiment moteur disponible, comme avec les mod\u00e8les Welly golf mk1 et revell vw corrado, etc.<\/p>\n<p>\u2013 Autocollants 5V et Turbo en rouge.<\/p>\n<p>Ce kit doit encore \u00eatre peint en couleur.<\/p>","protected":false},"excerpt":{"rendered":"<p>1:18 Universeel Volkswagen \/ Audi 5V Motorblok, deze kit bevat: \u2013 Bovenzijde 5V motorblok, te monteren op diversen onderblokjes of in beschikbare motorruimte zoals bij de Welly golf mk1 modellen en revell vw corrado etc. \u2013 5V and Turbo decals in het rood. Deze kit dient nog in kleur gelakt te worden.<\/p>","protected":false},"featured_media":48678,"template":"","meta":[],"product_brand":[],"product_cat":[1803],"product_tag":[],"class_list":{"0":"post-48687","1":"product","2":"type-product","3":"status-publish","4":"has-post-thumbnail","6":"product_cat-exterieur-en-motor-onderdelen","8":"first","9":"instock","10":"taxable","11":"shipping-taxable","12":"purchasable","13":"product-type-simple"},"yoast_head":"<!-- This site is optimized with the Yoast SEO plugin v26.8 - https:\/\/yoast.com\/product\/yoast-seo-wordpress\/ -->\n<title>1:18 VW Audi 5V Motorblok - SDmodelcartuning.com<\/title>\n<meta name=\"robots\" content=\"index, follow, max-snippet:-1, max-image-preview:large, max-video-preview:-1\" \/>\n<link rel=\"canonical\" href=\"https:\/\/www.sdmodelcartuning.com\/fr\/produit\/bloc-moteur-118-vw-audi-5v\/\" \/>\n<meta property=\"og:locale\" content=\"fr_FR\" \/>\n<meta property=\"og:type\" content=\"article\" \/>\n<meta property=\"og:title\" content=\"1:18 VW Audi 5V Motorblok - SDmodelcartuning.com\" \/>\n<meta property=\"og:description\" content=\"1:18 Universeel Volkswagen \/ Audi 5V Motorblok, deze kit bevat: &#8211; Bovenzijde 5V motorblok, te monteren op diversen onderblokjes of in beschikbare motorruimte zoals bij de Welly golf mk1 modellen en revell vw corrado etc. &#8211; 5V and Turbo decals in het rood. Deze kit dient nog in kleur gelakt te worden.\" \/>\n<meta property=\"og:url\" content=\"https:\/\/www.sdmodelcartuning.com\/fr\/produit\/bloc-moteur-118-vw-audi-5v\/\" \/>\n<meta property=\"og:site_name\" content=\"SDmodelcartuning.com\" \/>\n<meta property=\"article:modified_time\" content=\"2024-01-09T18:14:32+00:00\" \/>\n<meta property=\"og:image\" content=\"https:\/\/www.sdmodelcartuning.com\/wp-content\/uploads\/2017\/01\/p_2_0_9_4_2094-118-VW-Audi-5V-Motorblok.jpg\" \/>\n\t<meta property=\"og:image:width\" content=\"1032\" \/>\n\t<meta property=\"og:image:height\" content=\"580\" \/>\n\t<meta property=\"og:image:type\" content=\"image\/jpeg\" \/>\n<meta name=\"twitter:card\" content=\"summary_large_image\" \/>\n<meta name=\"twitter:label1\" content=\"Dur\u00e9e de lecture estim\u00e9e\" \/>\n\t<meta name=\"twitter:data1\" content=\"1 minute\" \/>\n<script type=\"application\/ld+json\" class=\"yoast-schema-graph\">{\"@context\":\"https:\/\/schema.org\",\"@graph\":[{\"@type\":\"WebPage\",\"@id\":\"https:\/\/www.sdmodelcartuning.com\/fr\/produit\/bloc-moteur-118-vw-audi-5v\/\",\"url\":\"https:\/\/www.sdmodelcartuning.com\/fr\/produit\/bloc-moteur-118-vw-audi-5v\/\",\"name\":\"1:18 VW Audi 5V Motorblok - SDmodelcartuning.com\",\"isPartOf\":{\"@id\":\"https:\/\/www.sdmodelcartuning.com\/#website\"},\"primaryImageOfPage\":{\"@id\":\"https:\/\/www.sdmodelcartuning.com\/fr\/produit\/bloc-moteur-118-vw-audi-5v\/#primaryimage\"},\"image\":{\"@id\":\"https:\/\/www.sdmodelcartuning.com\/fr\/produit\/bloc-moteur-118-vw-audi-5v\/#primaryimage\"},\"thumbnailUrl\":\"https:\/\/www.sdmodelcartuning.com\/wp-content\/uploads\/2017\/01\/p_2_0_9_4_2094-118-VW-Audi-5V-Motorblok.jpg\",\"datePublished\":\"2017-01-25T16:35:36+00:00\",\"dateModified\":\"2024-01-09T18:14:32+00:00\",\"breadcrumb\":{\"@id\":\"https:\/\/www.sdmodelcartuning.com\/fr\/produit\/bloc-moteur-118-vw-audi-5v\/#breadcrumb\"},\"inLanguage\":\"fr-FR\",\"potentialAction\":[{\"@type\":\"ReadAction\",\"target\":[\"https:\/\/www.sdmodelcartuning.com\/fr\/produit\/bloc-moteur-118-vw-audi-5v\/\"]}]},{\"@type\":\"ImageObject\",\"inLanguage\":\"fr-FR\",\"@id\":\"https:\/\/www.sdmodelcartuning.com\/fr\/produit\/bloc-moteur-118-vw-audi-5v\/#primaryimage\",\"url\":\"https:\/\/www.sdmodelcartuning.com\/wp-content\/uploads\/2017\/01\/p_2_0_9_4_2094-118-VW-Audi-5V-Motorblok.jpg\",\"contentUrl\":\"https:\/\/www.sdmodelcartuning.com\/wp-content\/uploads\/2017\/01\/p_2_0_9_4_2094-118-VW-Audi-5V-Motorblok.jpg\",\"width\":1032,\"height\":580,\"caption\":\"1:18 VW Audi 5V Motorblok\"},{\"@type\":\"BreadcrumbList\",\"@id\":\"https:\/\/www.sdmodelcartuning.com\/fr\/produit\/bloc-moteur-118-vw-audi-5v\/#breadcrumb\",\"itemListElement\":[{\"@type\":\"ListItem\",\"position\":1,\"name\":\"Home\",\"item\":\"https:\/\/www.sdmodelcartuning.com\/\"},{\"@type\":\"ListItem\",\"position\":2,\"name\":\"Winkel\",\"item\":\"https:\/\/www.sdmodelcartuning.com\/it\/winkel\/\"},{\"@type\":\"ListItem\",\"position\":3,\"name\":\"1:18 VW Audi 5V Motorblok\"}]},{\"@type\":\"WebSite\",\"@id\":\"https:\/\/www.sdmodelcartuning.com\/#website\",\"url\":\"https:\/\/www.sdmodelcartuning.com\/\",\"name\":\"SDmodelcartuning.com\",\"description\":\"De miniaturen en toebehoren shop van Nederland\",\"publisher\":{\"@id\":\"https:\/\/www.sdmodelcartuning.com\/#organization\"},\"potentialAction\":[{\"@type\":\"SearchAction\",\"target\":{\"@type\":\"EntryPoint\",\"urlTemplate\":\"https:\/\/www.sdmodelcartuning.com\/?s={search_term_string}\"},\"query-input\":{\"@type\":\"PropertyValueSpecification\",\"valueRequired\":true,\"valueName\":\"search_term_string\"}}],\"inLanguage\":\"fr-FR\"},{\"@type\":\"Organization\",\"@id\":\"https:\/\/www.sdmodelcartuning.com\/#organization\",\"name\":\"SDmodelcartuning.com\",\"url\":\"https:\/\/www.sdmodelcartuning.com\/\",\"logo\":{\"@type\":\"ImageObject\",\"inLanguage\":\"fr-FR\",\"@id\":\"https:\/\/www.sdmodelcartuning.com\/#\/schema\/logo\/image\/\",\"url\":\"https:\/\/www.sdmodelcartuning.com\/wp-content\/uploads\/2020\/09\/logo-retina.png\",\"contentUrl\":\"https:\/\/www.sdmodelcartuning.com\/wp-content\/uploads\/2020\/09\/logo-retina.png\",\"width\":463,\"height\":150,\"caption\":\"SDmodelcartuning.com\"},\"image\":{\"@id\":\"https:\/\/www.sdmodelcartuning.com\/#\/schema\/logo\/image\/\"}}]}<\/script>\n<!-- \/ Yoast SEO plugin. -->","yoast_head_json":{"title":"Moteur VW Audi 5V 1:18 - SDmodelcartuning.com","robots":{"index":"index","follow":"follow","max-snippet":"max-snippet:-1","max-image-preview":"max-image-preview:large","max-video-preview":"max-video-preview:-1"},"canonical":"https:\/\/www.sdmodelcartuning.com\/fr\/produit\/bloc-moteur-118-vw-audi-5v\/","og_locale":"fr_FR","og_type":"article","og_title":"1:18 VW Audi 5V Motorblok - SDmodelcartuning.com","og_description":"1:18 Universeel Volkswagen \/ Audi 5V Motorblok, deze kit bevat: &#8211; Bovenzijde 5V motorblok, te monteren op diversen onderblokjes of in beschikbare motorruimte zoals bij de Welly golf mk1 modellen en revell vw corrado etc. &#8211; 5V and Turbo decals in het rood. Deze kit dient nog in kleur gelakt te worden.","og_url":"https:\/\/www.sdmodelcartuning.com\/fr\/produit\/bloc-moteur-118-vw-audi-5v\/","og_site_name":"SDmodelcartuning.com","article_modified_time":"2024-01-09T18:14:32+00:00","og_image":[{"width":1032,"height":580,"url":"https:\/\/www.sdmodelcartuning.com\/wp-content\/uploads\/2017\/01\/p_2_0_9_4_2094-118-VW-Audi-5V-Motorblok.jpg","type":"image\/jpeg"}],"twitter_card":"summary_large_image","twitter_misc":{"Dur\u00e9e de lecture estim\u00e9e":"1 minute"},"schema":{"@context":"https:\/\/schema.org","@graph":[{"@type":"WebPage","@id":"https:\/\/www.sdmodelcartuning.com\/fr\/produit\/bloc-moteur-118-vw-audi-5v\/","url":"https:\/\/www.sdmodelcartuning.com\/fr\/produit\/bloc-moteur-118-vw-audi-5v\/","name":"Moteur VW Audi 5V 1:18 - SDmodelcartuning.com","isPartOf":{"@id":"https:\/\/www.sdmodelcartuning.com\/#website"},"primaryImageOfPage":{"@id":"https:\/\/www.sdmodelcartuning.com\/fr\/produit\/bloc-moteur-118-vw-audi-5v\/#primaryimage"},"image":{"@id":"https:\/\/www.sdmodelcartuning.com\/fr\/produit\/bloc-moteur-118-vw-audi-5v\/#primaryimage"},"thumbnailUrl":"https:\/\/www.sdmodelcartuning.com\/wp-content\/uploads\/2017\/01\/p_2_0_9_4_2094-118-VW-Audi-5V-Motorblok.jpg","datePublished":"2017-01-25T16:35:36+00:00","dateModified":"2024-01-09T18:14:32+00:00","breadcrumb":{"@id":"https:\/\/www.sdmodelcartuning.com\/fr\/produit\/bloc-moteur-118-vw-audi-5v\/#breadcrumb"},"inLanguage":"fr-FR","potentialAction":[{"@type":"ReadAction","target":["https:\/\/www.sdmodelcartuning.com\/fr\/produit\/bloc-moteur-118-vw-audi-5v\/"]}]},{"@type":"ImageObject","inLanguage":"fr-FR","@id":"https:\/\/www.sdmodelcartuning.com\/fr\/produit\/bloc-moteur-118-vw-audi-5v\/#primaryimage","url":"https:\/\/www.sdmodelcartuning.com\/wp-content\/uploads\/2017\/01\/p_2_0_9_4_2094-118-VW-Audi-5V-Motorblok.jpg","contentUrl":"https:\/\/www.sdmodelcartuning.com\/wp-content\/uploads\/2017\/01\/p_2_0_9_4_2094-118-VW-Audi-5V-Motorblok.jpg","width":1032,"height":580,"caption":"1:18 VW Audi 5V Motorblok"},{"@type":"BreadcrumbList","@id":"https:\/\/www.sdmodelcartuning.com\/fr\/produit\/bloc-moteur-118-vw-audi-5v\/#breadcrumb","itemListElement":[{"@type":"ListItem","position":1,"name":"Home","item":"https:\/\/www.sdmodelcartuning.com\/"},{"@type":"ListItem","position":2,"name":"Winkel","item":"https:\/\/www.sdmodelcartuning.com\/it\/winkel\/"},{"@type":"ListItem","position":3,"name":"1:18 VW Audi 5V Motorblok"}]},{"@type":"WebSite","@id":"https:\/\/www.sdmodelcartuning.com\/#website","url":"https:\/\/www.sdmodelcartuning.com\/","name":"SDmodelcartuning.com","description":"La boutique de miniatures et d&#039;accessoires des Pays-Bas","publisher":{"@id":"https:\/\/www.sdmodelcartuning.com\/#organization"},"potentialAction":[{"@type":"SearchAction","target":{"@type":"EntryPoint","urlTemplate":"https:\/\/www.sdmodelcartuning.com\/?s={search_term_string}"},"query-input":{"@type":"PropertyValueSpecification","valueRequired":true,"valueName":"search_term_string"}}],"inLanguage":"fr-FR"},{"@type":"Organization","@id":"https:\/\/www.sdmodelcartuning.com\/#organization","name":"SDmodelcartuning.com","url":"https:\/\/www.sdmodelcartuning.com\/","logo":{"@type":"ImageObject","inLanguage":"fr-FR","@id":"https:\/\/www.sdmodelcartuning.com\/#\/schema\/logo\/image\/","url":"https:\/\/www.sdmodelcartuning.com\/wp-content\/uploads\/2020\/09\/logo-retina.png","contentUrl":"https:\/\/www.sdmodelcartuning.com\/wp-content\/uploads\/2020\/09\/logo-retina.png","width":463,"height":150,"caption":"SDmodelcartuning.com"},"image":{"@id":"https:\/\/www.sdmodelcartuning.com\/#\/schema\/logo\/image\/"}}]}},"_links":{"self":[{"href":"https:\/\/www.sdmodelcartuning.com\/fr\/wp-json\/wp\/v2\/product\/48687","targetHints":{"allow":["GET"]}}],"collection":[{"href":"https:\/\/www.sdmodelcartuning.com\/fr\/wp-json\/wp\/v2\/product"}],"about":[{"href":"https:\/\/www.sdmodelcartuning.com\/fr\/wp-json\/wp\/v2\/types\/product"}],"version-history":[{"count":0,"href":"https:\/\/www.sdmodelcartuning.com\/fr\/wp-json\/wp\/v2\/product\/48687\/revisions"}],"wp:featuredmedia":[{"embeddable":true,"href":"https:\/\/www.sdmodelcartuning.com\/fr\/wp-json\/wp\/v2\/media\/48678"}],"wp:attachment":[{"href":"https:\/\/www.sdmodelcartuning.com\/fr\/wp-json\/wp\/v2\/media?parent=48687"}],"wp:term":[{"taxonomy":"product_brand","embeddable":true,"href":"https:\/\/www.sdmodelcartuning.com\/fr\/wp-json\/wp\/v2\/product_brand?post=48687"},{"taxonomy":"product_cat","embeddable":true,"href":"https:\/\/www.sdmodelcartuning.com\/fr\/wp-json\/wp\/v2\/product_cat?post=48687"},{"taxonomy":"product_tag","embeddable":true,"href":"https:\/\/www.sdmodelcartuning.com\/fr\/wp-json\/wp\/v2\/product_tag?post=48687"}],"curies":[{"name":"wp","href":"https:\/\/api.w.org\/{rel}","templated":true}]}}