{"id":48555,"date":"2017-01-16T15:04:22","date_gmt":"2017-01-16T15:04:22","guid":{"rendered":"http:\/\/sdmodelcartuning.local\/product\/118-ats-classic-velgenset-15-inch\/"},"modified":"2026-03-23T16:03:00","modified_gmt":"2026-03-23T15:03:00","slug":"118-ats-classic-velgenset-15-inch","status":"publish","type":"product","link":"https:\/\/www.sdmodelcartuning.com\/fr\/produit\/118-ats-classic-rim-set-15-pouces\/","title":{"rendered":"Jeu de roues 1:18 ATS CLASSIC 15 pouces"},"content":{"rendered":"<p>Jeu de jantes 1:18 Universal ATS CLASSIC 15INCH. L&#039;ensemble se compose de :<\/p>\n<p>4x jantes enti\u00e8rement chrom\u00e9es avec un coeur de jante peint dans la couleur de votre choix.<\/p>\n<p>4x pneus sport \u00e0 profil bas<\/p>\n<p>1x emballage d&#039;affichage scell\u00e9<\/p>\n<p>Diam\u00e8tre du jeu de jantes\u00a0: 30\u00a0mm, y compris les pneus, largeur\u00a0: 12\u00a0mm<\/p>\n<p>Disponible en trois couleurs de centre de jante.<\/p>\n<p>Mat\u00e9riau : plastique avec pneus en caoutchouc.<\/p>","protected":false},"excerpt":{"rendered":"<p>Jeu de jantes 1:18 Universal ATS CLASSIC 15INCH. L&#039;ensemble se compose de : 4x jantes enti\u00e8rement chrom\u00e9es avec un coeur de jante peint dans la couleur de votre choix. 4x pneus sport \u00e0 profil bas 1x emballage de pr\u00e9sentation scell\u00e9 Diam\u00e8tre du jeu de jantes : 30 mm, y compris les pneus, largeur : 12 mm Disponible en trois couleurs de centre de jante. Mat\u00e9riau : plastique avec pneus en caoutchouc.<\/p>","protected":false},"featured_media":48533,"template":"","meta":[],"product_brand":[],"product_cat":[1677],"product_tag":[],"class_list":{"0":"post-48555","1":"product","2":"type-product","3":"status-publish","4":"has-post-thumbnail","6":"product_cat-15-inch-1-18-universele-velgen","7":"pa_kleurvelghart-glanszwart","8":"pa_kleurvelghart-ongelaktgeenkleur","9":"pa_kleurvelghart-zilver","10":"pa_velgemblemen-ats","11":"pa_velgemblemen-geenemblemen","13":"first","14":"instock","15":"taxable","16":"shipping-taxable","17":"purchasable","18":"product-type-variable","19":"has-default-attributes"},"yoast_head":"<!-- This site is optimized with the Yoast SEO plugin v27.5 - https:\/\/yoast.com\/product\/yoast-seo-wordpress\/ -->\n<title>1:18 ATS CLASSIC velgenset 15 inch - SDmodelcartuning.com<\/title>\n<meta name=\"robots\" content=\"index, follow, max-snippet:-1, max-image-preview:large, max-video-preview:-1\" \/>\n<link rel=\"canonical\" href=\"https:\/\/www.sdmodelcartuning.com\/fr\/produit\/118-ats-classic-rim-set-15-pouces\/\" \/>\n<meta property=\"og:locale\" content=\"fr_FR\" \/>\n<meta property=\"og:type\" content=\"article\" \/>\n<meta property=\"og:title\" content=\"1:18 ATS CLASSIC velgenset 15 inch - SDmodelcartuning.com\" \/>\n<meta property=\"og:description\" content=\"1:18 Universele\u00a0ATS CLASSIC 15INCH\u00a0velgenset. De set bestaat uit: 4x volledig verchroomde velgen met een Gespoten velgenhart in kleur naar keuze. 4x laag profiel sportbanden 1x gesealde display verpakking Diameter velgenset: 30mm inclusief banden, breedte: 12mm Beschikbaar in\u00a0drie velghart kleuren. Materiaal: Plastic met rubber banden.\" \/>\n<meta property=\"og:url\" content=\"https:\/\/www.sdmodelcartuning.com\/fr\/produit\/118-ats-classic-rim-set-15-pouces\/\" \/>\n<meta property=\"og:site_name\" content=\"SDmodelcartuning.com\" \/>\n<meta property=\"article:modified_time\" content=\"2026-03-23T15:03:00+00:00\" \/>\n<meta property=\"og:image\" content=\"https:\/\/www.sdmodelcartuning.com\/wp-content\/uploads\/2017\/01\/p_2_1_9_8_2198-118-ATS-CLASSIC-velgenset-15-inch.jpg\" \/>\n\t<meta property=\"og:image:width\" content=\"1032\" \/>\n\t<meta property=\"og:image:height\" content=\"580\" \/>\n\t<meta property=\"og:image:type\" content=\"image\/jpeg\" \/>\n<meta name=\"twitter:card\" content=\"summary_large_image\" \/>\n<meta name=\"twitter:label1\" content=\"Dur\u00e9e de lecture estim\u00e9e\" \/>\n\t<meta name=\"twitter:data1\" content=\"1 minute\" \/>\n<script type=\"application\/ld+json\" class=\"yoast-schema-graph\">{\"@context\":\"https:\\\/\\\/schema.org\",\"@graph\":[{\"@type\":\"WebPage\",\"@id\":\"https:\\\/\\\/www.sdmodelcartuning.com\\\/product\\\/118-ats-classic-velgenset-15-inch\\\/\",\"url\":\"https:\\\/\\\/www.sdmodelcartuning.com\\\/product\\\/118-ats-classic-velgenset-15-inch\\\/\",\"name\":\"1:18 ATS CLASSIC velgenset 15 inch - SDmodelcartuning.com\",\"isPartOf\":{\"@id\":\"https:\\\/\\\/www.sdmodelcartuning.com\\\/#website\"},\"primaryImageOfPage\":{\"@id\":\"https:\\\/\\\/www.sdmodelcartuning.com\\\/product\\\/118-ats-classic-velgenset-15-inch\\\/#primaryimage\"},\"image\":{\"@id\":\"https:\\\/\\\/www.sdmodelcartuning.com\\\/product\\\/118-ats-classic-velgenset-15-inch\\\/#primaryimage\"},\"thumbnailUrl\":\"https:\\\/\\\/www.sdmodelcartuning.com\\\/wp-content\\\/uploads\\\/2017\\\/01\\\/p_2_1_9_8_2198-118-ATS-CLASSIC-velgenset-15-inch.jpg\",\"datePublished\":\"2017-01-16T15:04:22+00:00\",\"dateModified\":\"2026-03-23T15:03:00+00:00\",\"breadcrumb\":{\"@id\":\"https:\\\/\\\/www.sdmodelcartuning.com\\\/product\\\/118-ats-classic-velgenset-15-inch\\\/#breadcrumb\"},\"inLanguage\":\"fr-FR\",\"potentialAction\":[{\"@type\":\"ReadAction\",\"target\":[\"https:\\\/\\\/www.sdmodelcartuning.com\\\/product\\\/118-ats-classic-velgenset-15-inch\\\/\"]}]},{\"@type\":\"ImageObject\",\"inLanguage\":\"fr-FR\",\"@id\":\"https:\\\/\\\/www.sdmodelcartuning.com\\\/product\\\/118-ats-classic-velgenset-15-inch\\\/#primaryimage\",\"url\":\"https:\\\/\\\/www.sdmodelcartuning.com\\\/wp-content\\\/uploads\\\/2017\\\/01\\\/p_2_1_9_8_2198-118-ATS-CLASSIC-velgenset-15-inch.jpg\",\"contentUrl\":\"https:\\\/\\\/www.sdmodelcartuning.com\\\/wp-content\\\/uploads\\\/2017\\\/01\\\/p_2_1_9_8_2198-118-ATS-CLASSIC-velgenset-15-inch.jpg\",\"width\":1032,\"height\":580,\"caption\":\"1:18 ATS CLASSIC velgenset 15 inch\"},{\"@type\":\"BreadcrumbList\",\"@id\":\"https:\\\/\\\/www.sdmodelcartuning.com\\\/product\\\/118-ats-classic-velgenset-15-inch\\\/#breadcrumb\",\"itemListElement\":[{\"@type\":\"ListItem\",\"position\":1,\"name\":\"Home\",\"item\":\"https:\\\/\\\/www.sdmodelcartuning.com\\\/\"},{\"@type\":\"ListItem\",\"position\":2,\"name\":\"Winkel\",\"item\":\"https:\\\/\\\/www.sdmodelcartuning.com\\\/it\\\/winkel\\\/\"},{\"@type\":\"ListItem\",\"position\":3,\"name\":\"1:18 ATS CLASSIC velgenset 15 inch\"}]},{\"@type\":\"WebSite\",\"@id\":\"https:\\\/\\\/www.sdmodelcartuning.com\\\/#website\",\"url\":\"https:\\\/\\\/www.sdmodelcartuning.com\\\/\",\"name\":\"SDmodelcartuning.com\",\"description\":\"De miniaturen en toebehoren shop van Nederland\",\"publisher\":{\"@id\":\"https:\\\/\\\/www.sdmodelcartuning.com\\\/#organization\"},\"potentialAction\":[{\"@type\":\"SearchAction\",\"target\":{\"@type\":\"EntryPoint\",\"urlTemplate\":\"https:\\\/\\\/www.sdmodelcartuning.com\\\/?s={search_term_string}\"},\"query-input\":{\"@type\":\"PropertyValueSpecification\",\"valueRequired\":true,\"valueName\":\"search_term_string\"}}],\"inLanguage\":\"fr-FR\"},{\"@type\":\"Organization\",\"@id\":\"https:\\\/\\\/www.sdmodelcartuning.com\\\/#organization\",\"name\":\"SDmodelcartuning.com\",\"url\":\"https:\\\/\\\/www.sdmodelcartuning.com\\\/\",\"logo\":{\"@type\":\"ImageObject\",\"inLanguage\":\"fr-FR\",\"@id\":\"https:\\\/\\\/www.sdmodelcartuning.com\\\/#\\\/schema\\\/logo\\\/image\\\/\",\"url\":\"https:\\\/\\\/www.sdmodelcartuning.com\\\/wp-content\\\/uploads\\\/2020\\\/09\\\/logo-retina.png\",\"contentUrl\":\"https:\\\/\\\/www.sdmodelcartuning.com\\\/wp-content\\\/uploads\\\/2020\\\/09\\\/logo-retina.png\",\"width\":463,\"height\":150,\"caption\":\"SDmodelcartuning.com\"},\"image\":{\"@id\":\"https:\\\/\\\/www.sdmodelcartuning.com\\\/#\\\/schema\\\/logo\\\/image\\\/\"}}]}<\/script>\n<!-- \/ Yoast SEO plugin. -->","yoast_head_json":{"title":"Jeu de roues ATS CLASSIC 1:18 15 pouces - SDmodelcartuning.com","robots":{"index":"index","follow":"follow","max-snippet":"max-snippet:-1","max-image-preview":"max-image-preview:large","max-video-preview":"max-video-preview:-1"},"canonical":"https:\/\/www.sdmodelcartuning.com\/fr\/produit\/118-ats-classic-rim-set-15-pouces\/","og_locale":"fr_FR","og_type":"article","og_title":"1:18 ATS CLASSIC velgenset 15 inch - SDmodelcartuning.com","og_description":"1:18 Universele\u00a0ATS CLASSIC 15INCH\u00a0velgenset. De set bestaat uit: 4x volledig verchroomde velgen met een Gespoten velgenhart in kleur naar keuze. 4x laag profiel sportbanden 1x gesealde display verpakking Diameter velgenset: 30mm inclusief banden, breedte: 12mm Beschikbaar in\u00a0drie velghart kleuren. Materiaal: Plastic met rubber banden.","og_url":"https:\/\/www.sdmodelcartuning.com\/fr\/produit\/118-ats-classic-rim-set-15-pouces\/","og_site_name":"SDmodelcartuning.com","article_modified_time":"2026-03-23T15:03:00+00:00","og_image":[{"width":1032,"height":580,"url":"https:\/\/www.sdmodelcartuning.com\/wp-content\/uploads\/2017\/01\/p_2_1_9_8_2198-118-ATS-CLASSIC-velgenset-15-inch.jpg","type":"image\/jpeg"}],"twitter_card":"summary_large_image","twitter_misc":{"Dur\u00e9e de lecture estim\u00e9e":"1 minute"},"schema":{"@context":"https:\/\/schema.org","@graph":[{"@type":"WebPage","@id":"https:\/\/www.sdmodelcartuning.com\/product\/118-ats-classic-velgenset-15-inch\/","url":"https:\/\/www.sdmodelcartuning.com\/product\/118-ats-classic-velgenset-15-inch\/","name":"Jeu de roues ATS CLASSIC 1:18 15 pouces - SDmodelcartuning.com","isPartOf":{"@id":"https:\/\/www.sdmodelcartuning.com\/#website"},"primaryImageOfPage":{"@id":"https:\/\/www.sdmodelcartuning.com\/product\/118-ats-classic-velgenset-15-inch\/#primaryimage"},"image":{"@id":"https:\/\/www.sdmodelcartuning.com\/product\/118-ats-classic-velgenset-15-inch\/#primaryimage"},"thumbnailUrl":"https:\/\/www.sdmodelcartuning.com\/wp-content\/uploads\/2017\/01\/p_2_1_9_8_2198-118-ATS-CLASSIC-velgenset-15-inch.jpg","datePublished":"2017-01-16T15:04:22+00:00","dateModified":"2026-03-23T15:03:00+00:00","breadcrumb":{"@id":"https:\/\/www.sdmodelcartuning.com\/product\/118-ats-classic-velgenset-15-inch\/#breadcrumb"},"inLanguage":"fr-FR","potentialAction":[{"@type":"ReadAction","target":["https:\/\/www.sdmodelcartuning.com\/product\/118-ats-classic-velgenset-15-inch\/"]}]},{"@type":"ImageObject","inLanguage":"fr-FR","@id":"https:\/\/www.sdmodelcartuning.com\/product\/118-ats-classic-velgenset-15-inch\/#primaryimage","url":"https:\/\/www.sdmodelcartuning.com\/wp-content\/uploads\/2017\/01\/p_2_1_9_8_2198-118-ATS-CLASSIC-velgenset-15-inch.jpg","contentUrl":"https:\/\/www.sdmodelcartuning.com\/wp-content\/uploads\/2017\/01\/p_2_1_9_8_2198-118-ATS-CLASSIC-velgenset-15-inch.jpg","width":1032,"height":580,"caption":"1:18 ATS CLASSIC velgenset 15 inch"},{"@type":"BreadcrumbList","@id":"https:\/\/www.sdmodelcartuning.com\/product\/118-ats-classic-velgenset-15-inch\/#breadcrumb","itemListElement":[{"@type":"ListItem","position":1,"name":"Home","item":"https:\/\/www.sdmodelcartuning.com\/"},{"@type":"ListItem","position":2,"name":"Winkel","item":"https:\/\/www.sdmodelcartuning.com\/it\/winkel\/"},{"@type":"ListItem","position":3,"name":"1:18 ATS CLASSIC velgenset 15 inch"}]},{"@type":"WebSite","@id":"https:\/\/www.sdmodelcartuning.com\/#website","url":"https:\/\/www.sdmodelcartuning.com\/","name":"SDmodelcartuning.com","description":"La boutique de miniatures et d&#039;accessoires des Pays-Bas","publisher":{"@id":"https:\/\/www.sdmodelcartuning.com\/#organization"},"potentialAction":[{"@type":"SearchAction","target":{"@type":"EntryPoint","urlTemplate":"https:\/\/www.sdmodelcartuning.com\/?s={search_term_string}"},"query-input":{"@type":"PropertyValueSpecification","valueRequired":true,"valueName":"search_term_string"}}],"inLanguage":"fr-FR"},{"@type":"Organization","@id":"https:\/\/www.sdmodelcartuning.com\/#organization","name":"SDmodelcartuning.com","url":"https:\/\/www.sdmodelcartuning.com\/","logo":{"@type":"ImageObject","inLanguage":"fr-FR","@id":"https:\/\/www.sdmodelcartuning.com\/#\/schema\/logo\/image\/","url":"https:\/\/www.sdmodelcartuning.com\/wp-content\/uploads\/2020\/09\/logo-retina.png","contentUrl":"https:\/\/www.sdmodelcartuning.com\/wp-content\/uploads\/2020\/09\/logo-retina.png","width":463,"height":150,"caption":"SDmodelcartuning.com"},"image":{"@id":"https:\/\/www.sdmodelcartuning.com\/#\/schema\/logo\/image\/"}}]}},"_links":{"self":[{"href":"https:\/\/www.sdmodelcartuning.com\/fr\/wp-json\/wp\/v2\/product\/48555","targetHints":{"allow":["GET"]}}],"collection":[{"href":"https:\/\/www.sdmodelcartuning.com\/fr\/wp-json\/wp\/v2\/product"}],"about":[{"href":"https:\/\/www.sdmodelcartuning.com\/fr\/wp-json\/wp\/v2\/types\/product"}],"version-history":[{"count":1,"href":"https:\/\/www.sdmodelcartuning.com\/fr\/wp-json\/wp\/v2\/product\/48555\/revisions"}],"predecessor-version":[{"id":157892,"href":"https:\/\/www.sdmodelcartuning.com\/fr\/wp-json\/wp\/v2\/product\/48555\/revisions\/157892"}],"wp:featuredmedia":[{"embeddable":true,"href":"https:\/\/www.sdmodelcartuning.com\/fr\/wp-json\/wp\/v2\/media\/48533"}],"wp:attachment":[{"href":"https:\/\/www.sdmodelcartuning.com\/fr\/wp-json\/wp\/v2\/media?parent=48555"}],"wp:term":[{"taxonomy":"product_brand","embeddable":true,"href":"https:\/\/www.sdmodelcartuning.com\/fr\/wp-json\/wp\/v2\/product_brand?post=48555"},{"taxonomy":"product_cat","embeddable":true,"href":"https:\/\/www.sdmodelcartuning.com\/fr\/wp-json\/wp\/v2\/product_cat?post=48555"},{"taxonomy":"product_tag","embeddable":true,"href":"https:\/\/www.sdmodelcartuning.com\/fr\/wp-json\/wp\/v2\/product_tag?post=48555"}],"curies":[{"name":"wp","href":"https:\/\/api.w.org\/{rel}","templated":true}]}}