{"id":42159,"date":"2015-02-18T19:46:06","date_gmt":"2015-02-18T19:46:06","guid":{"rendered":"http:\/\/sdmodelcartuning.local\/product\/118-2x-sport-aluremschijvenset\/"},"modified":"2023-02-23T15:20:05","modified_gmt":"2023-02-23T14:20:05","slug":"118-sport-aluremschijvenset","status":"publish","type":"product","link":"https:\/\/www.sdmodelcartuning.com\/fr\/produit\/jeu-de-disques-118-sport-alurem\/","title":{"rendered":"Jeu de disques de frein sport alu 1:18"},"content":{"rendered":"<p>Le jeu de disques de frein Sport en aluminium \u00e0 l&#039;\u00e9chelle 1\/18 contient 4 disques de frein en aluminium et 4 \u00e9triers, adapt\u00e9s pour 1 mod\u00e8le de voiture.<\/p>\n<p>Diam\u00e8tre 2x 20 mm et 2x 22 mm parfaitement adapt\u00e9s aux ensembles de jantes de plus grand diam\u00e8tre, mais ces disques alurem peuvent d\u00e9j\u00e0 \u00eatre utilis\u00e9s \u00e0 partir de jantes de 16 pouces.<\/p>\n<p>Vous devez toujours appliquer vous-m\u00eame les accents de couleur rouge et noir de l&#039;exemple de photo si vous le souhaitez.<\/p>","protected":false},"excerpt":{"rendered":"<p>Le jeu de disques de frein Sport en aluminium \u00e0 l&#039;\u00e9chelle 1\/18 contient 4 disques de frein en aluminium et 4 \u00e9triers, adapt\u00e9s pour 1 mod\u00e8le de voiture. Diam\u00e8tre 2x 20 mm et 2x 22 mm parfaitement adapt\u00e9s aux ensembles de jantes de plus grand diam\u00e8tre, mais ces disques alurem peuvent d\u00e9j\u00e0 \u00eatre utilis\u00e9s \u00e0 partir de jantes de 16 pouces. Vous devez toujours appliquer vous-m\u00eame les accents de couleur rouge et noir de l&#039;exemple de photo si vous le souhaitez.<\/p>","protected":false},"featured_media":42150,"template":"","meta":[],"product_brand":[],"product_cat":[1803,1722],"product_tag":[],"class_list":{"0":"post-42159","1":"product","2":"type-product","3":"status-publish","4":"has-post-thumbnail","6":"product_cat-exterieur-en-motor-onderdelen","7":"product_cat-remschijven-1-18-universele-velgen","9":"first","10":"instock","11":"taxable","12":"shipping-taxable","13":"purchasable","14":"product-type-simple"},"yoast_head":"<!-- This site is optimized with the Yoast SEO plugin v26.8 - https:\/\/yoast.com\/product\/yoast-seo-wordpress\/ -->\n<title>1:18 sport aluremschijvenset - SDmodelcartuning.com<\/title>\n<meta name=\"robots\" content=\"index, follow, max-snippet:-1, max-image-preview:large, max-video-preview:-1\" \/>\n<link rel=\"canonical\" href=\"https:\/\/www.sdmodelcartuning.com\/fr\/prodotto\/set-dischi-118-sport-alurem\/\" \/>\n<meta property=\"og:locale\" content=\"fr_FR\" \/>\n<meta property=\"og:type\" content=\"article\" \/>\n<meta property=\"og:title\" content=\"1:18 sport aluremschijvenset - SDmodelcartuning.com\" \/>\n<meta property=\"og:description\" content=\"1\/18 Schaal Sport aluremschijven set bevat 4x aluremschijven en 4x remklauwen,geschikt voor 1 modelauto. Diameter 2x 20mm en 2x 22mm uitermate geschikt voor de grotere diameter velgensets maar deze aluremschijven zijn al passend te gebruiken vanaf 16inch velgen. De rode en zwarte kleur accenten uit de voorbeeld foto\u00a0dient u nog zelf desgewenst aan te brengen.\" \/>\n<meta property=\"og:url\" content=\"https:\/\/www.sdmodelcartuning.com\/fr\/prodotto\/set-dischi-118-sport-alurem\/\" \/>\n<meta property=\"og:site_name\" content=\"SDmodelcartuning.com\" \/>\n<meta property=\"article:modified_time\" content=\"2023-02-23T14:20:05+00:00\" \/>\n<meta property=\"og:image\" content=\"https:\/\/www.sdmodelcartuning.com\/wp-content\/uploads\/2015\/02\/p_1_1_5_3_1153-118-2X-sport-aluremschijvenset.jpg\" \/>\n\t<meta property=\"og:image:width\" content=\"816\" \/>\n\t<meta property=\"og:image:height\" content=\"612\" \/>\n\t<meta property=\"og:image:type\" content=\"image\/jpeg\" \/>\n<meta name=\"twitter:card\" content=\"summary_large_image\" \/>\n<meta name=\"twitter:label1\" content=\"Dur\u00e9e de lecture estim\u00e9e\" \/>\n\t<meta name=\"twitter:data1\" content=\"1 minute\" \/>\n<script type=\"application\/ld+json\" class=\"yoast-schema-graph\">{\"@context\":\"https:\/\/schema.org\",\"@graph\":[{\"@type\":\"WebPage\",\"@id\":\"https:\/\/www.sdmodelcartuning.com\/it\/prodotto\/set-dischi-118-sport-alurem\/\",\"url\":\"https:\/\/www.sdmodelcartuning.com\/it\/prodotto\/set-dischi-118-sport-alurem\/\",\"name\":\"1:18 sport aluremschijvenset - SDmodelcartuning.com\",\"isPartOf\":{\"@id\":\"https:\/\/www.sdmodelcartuning.com\/#website\"},\"primaryImageOfPage\":{\"@id\":\"https:\/\/www.sdmodelcartuning.com\/it\/prodotto\/set-dischi-118-sport-alurem\/#primaryimage\"},\"image\":{\"@id\":\"https:\/\/www.sdmodelcartuning.com\/it\/prodotto\/set-dischi-118-sport-alurem\/#primaryimage\"},\"thumbnailUrl\":\"https:\/\/www.sdmodelcartuning.com\/wp-content\/uploads\/2015\/02\/p_1_1_5_3_1153-118-2X-sport-aluremschijvenset.jpg\",\"datePublished\":\"2015-02-18T19:46:06+00:00\",\"dateModified\":\"2023-02-23T14:20:05+00:00\",\"breadcrumb\":{\"@id\":\"https:\/\/www.sdmodelcartuning.com\/it\/prodotto\/set-dischi-118-sport-alurem\/#breadcrumb\"},\"inLanguage\":\"fr-FR\",\"potentialAction\":[{\"@type\":\"ReadAction\",\"target\":[\"https:\/\/www.sdmodelcartuning.com\/it\/prodotto\/set-dischi-118-sport-alurem\/\"]}]},{\"@type\":\"ImageObject\",\"inLanguage\":\"fr-FR\",\"@id\":\"https:\/\/www.sdmodelcartuning.com\/it\/prodotto\/set-dischi-118-sport-alurem\/#primaryimage\",\"url\":\"https:\/\/www.sdmodelcartuning.com\/wp-content\/uploads\/2015\/02\/p_1_1_5_3_1153-118-2X-sport-aluremschijvenset.jpg\",\"contentUrl\":\"https:\/\/www.sdmodelcartuning.com\/wp-content\/uploads\/2015\/02\/p_1_1_5_3_1153-118-2X-sport-aluremschijvenset.jpg\",\"width\":816,\"height\":612,\"caption\":\"1:18 2X sport aluremschijvenset\"},{\"@type\":\"BreadcrumbList\",\"@id\":\"https:\/\/www.sdmodelcartuning.com\/it\/prodotto\/set-dischi-118-sport-alurem\/#breadcrumb\",\"itemListElement\":[{\"@type\":\"ListItem\",\"position\":1,\"name\":\"Home\",\"item\":\"https:\/\/www.sdmodelcartuning.com\/\"},{\"@type\":\"ListItem\",\"position\":2,\"name\":\"Winkel\",\"item\":\"https:\/\/www.sdmodelcartuning.com\/it\/winkel\/\"},{\"@type\":\"ListItem\",\"position\":3,\"name\":\"1:18 sport aluremschijvenset\"}]},{\"@type\":\"WebSite\",\"@id\":\"https:\/\/www.sdmodelcartuning.com\/#website\",\"url\":\"https:\/\/www.sdmodelcartuning.com\/\",\"name\":\"SDmodelcartuning.com\",\"description\":\"De miniaturen en toebehoren shop van Nederland\",\"publisher\":{\"@id\":\"https:\/\/www.sdmodelcartuning.com\/#organization\"},\"potentialAction\":[{\"@type\":\"SearchAction\",\"target\":{\"@type\":\"EntryPoint\",\"urlTemplate\":\"https:\/\/www.sdmodelcartuning.com\/?s={search_term_string}\"},\"query-input\":{\"@type\":\"PropertyValueSpecification\",\"valueRequired\":true,\"valueName\":\"search_term_string\"}}],\"inLanguage\":\"fr-FR\"},{\"@type\":\"Organization\",\"@id\":\"https:\/\/www.sdmodelcartuning.com\/#organization\",\"name\":\"SDmodelcartuning.com\",\"url\":\"https:\/\/www.sdmodelcartuning.com\/\",\"logo\":{\"@type\":\"ImageObject\",\"inLanguage\":\"fr-FR\",\"@id\":\"https:\/\/www.sdmodelcartuning.com\/#\/schema\/logo\/image\/\",\"url\":\"https:\/\/www.sdmodelcartuning.com\/wp-content\/uploads\/2020\/09\/logo-retina.png\",\"contentUrl\":\"https:\/\/www.sdmodelcartuning.com\/wp-content\/uploads\/2020\/09\/logo-retina.png\",\"width\":463,\"height\":150,\"caption\":\"SDmodelcartuning.com\"},\"image\":{\"@id\":\"https:\/\/www.sdmodelcartuning.com\/#\/schema\/logo\/image\/\"}}]}<\/script>\n<!-- \/ Yoast SEO plugin. -->","yoast_head_json":{"title":"Jeu de disques Sports Alurem 1:18 - SDmodelcartuning.com","robots":{"index":"index","follow":"follow","max-snippet":"max-snippet:-1","max-image-preview":"max-image-preview:large","max-video-preview":"max-video-preview:-1"},"canonical":"https:\/\/www.sdmodelcartuning.com\/fr\/prodotto\/set-dischi-118-sport-alurem\/","og_locale":"fr_FR","og_type":"article","og_title":"1:18 sport aluremschijvenset - SDmodelcartuning.com","og_description":"1\/18 Schaal Sport aluremschijven set bevat 4x aluremschijven en 4x remklauwen,geschikt voor 1 modelauto. Diameter 2x 20mm en 2x 22mm uitermate geschikt voor de grotere diameter velgensets maar deze aluremschijven zijn al passend te gebruiken vanaf 16inch velgen. De rode en zwarte kleur accenten uit de voorbeeld foto\u00a0dient u nog zelf desgewenst aan te brengen.","og_url":"https:\/\/www.sdmodelcartuning.com\/fr\/prodotto\/set-dischi-118-sport-alurem\/","og_site_name":"SDmodelcartuning.com","article_modified_time":"2023-02-23T14:20:05+00:00","og_image":[{"width":816,"height":612,"url":"https:\/\/www.sdmodelcartuning.com\/wp-content\/uploads\/2015\/02\/p_1_1_5_3_1153-118-2X-sport-aluremschijvenset.jpg","type":"image\/jpeg"}],"twitter_card":"summary_large_image","twitter_misc":{"Dur\u00e9e de lecture estim\u00e9e":"1 minute"},"schema":{"@context":"https:\/\/schema.org","@graph":[{"@type":"WebPage","@id":"https:\/\/www.sdmodelcartuning.com\/it\/prodotto\/set-dischi-118-sport-alurem\/","url":"https:\/\/www.sdmodelcartuning.com\/it\/prodotto\/set-dischi-118-sport-alurem\/","name":"Jeu de disques Sports Alurem 1:18 - SDmodelcartuning.com","isPartOf":{"@id":"https:\/\/www.sdmodelcartuning.com\/#website"},"primaryImageOfPage":{"@id":"https:\/\/www.sdmodelcartuning.com\/it\/prodotto\/set-dischi-118-sport-alurem\/#primaryimage"},"image":{"@id":"https:\/\/www.sdmodelcartuning.com\/it\/prodotto\/set-dischi-118-sport-alurem\/#primaryimage"},"thumbnailUrl":"https:\/\/www.sdmodelcartuning.com\/wp-content\/uploads\/2015\/02\/p_1_1_5_3_1153-118-2X-sport-aluremschijvenset.jpg","datePublished":"2015-02-18T19:46:06+00:00","dateModified":"2023-02-23T14:20:05+00:00","breadcrumb":{"@id":"https:\/\/www.sdmodelcartuning.com\/it\/prodotto\/set-dischi-118-sport-alurem\/#breadcrumb"},"inLanguage":"fr-FR","potentialAction":[{"@type":"ReadAction","target":["https:\/\/www.sdmodelcartuning.com\/it\/prodotto\/set-dischi-118-sport-alurem\/"]}]},{"@type":"ImageObject","inLanguage":"fr-FR","@id":"https:\/\/www.sdmodelcartuning.com\/it\/prodotto\/set-dischi-118-sport-alurem\/#primaryimage","url":"https:\/\/www.sdmodelcartuning.com\/wp-content\/uploads\/2015\/02\/p_1_1_5_3_1153-118-2X-sport-aluremschijvenset.jpg","contentUrl":"https:\/\/www.sdmodelcartuning.com\/wp-content\/uploads\/2015\/02\/p_1_1_5_3_1153-118-2X-sport-aluremschijvenset.jpg","width":816,"height":612,"caption":"1:18 2X sport aluremschijvenset"},{"@type":"BreadcrumbList","@id":"https:\/\/www.sdmodelcartuning.com\/it\/prodotto\/set-dischi-118-sport-alurem\/#breadcrumb","itemListElement":[{"@type":"ListItem","position":1,"name":"Home","item":"https:\/\/www.sdmodelcartuning.com\/"},{"@type":"ListItem","position":2,"name":"Winkel","item":"https:\/\/www.sdmodelcartuning.com\/it\/winkel\/"},{"@type":"ListItem","position":3,"name":"1:18 sport aluremschijvenset"}]},{"@type":"WebSite","@id":"https:\/\/www.sdmodelcartuning.com\/#website","url":"https:\/\/www.sdmodelcartuning.com\/","name":"SDmodelcartuning.com","description":"La boutique de miniatures et d&#039;accessoires des Pays-Bas","publisher":{"@id":"https:\/\/www.sdmodelcartuning.com\/#organization"},"potentialAction":[{"@type":"SearchAction","target":{"@type":"EntryPoint","urlTemplate":"https:\/\/www.sdmodelcartuning.com\/?s={search_term_string}"},"query-input":{"@type":"PropertyValueSpecification","valueRequired":true,"valueName":"search_term_string"}}],"inLanguage":"fr-FR"},{"@type":"Organization","@id":"https:\/\/www.sdmodelcartuning.com\/#organization","name":"SDmodelcartuning.com","url":"https:\/\/www.sdmodelcartuning.com\/","logo":{"@type":"ImageObject","inLanguage":"fr-FR","@id":"https:\/\/www.sdmodelcartuning.com\/#\/schema\/logo\/image\/","url":"https:\/\/www.sdmodelcartuning.com\/wp-content\/uploads\/2020\/09\/logo-retina.png","contentUrl":"https:\/\/www.sdmodelcartuning.com\/wp-content\/uploads\/2020\/09\/logo-retina.png","width":463,"height":150,"caption":"SDmodelcartuning.com"},"image":{"@id":"https:\/\/www.sdmodelcartuning.com\/#\/schema\/logo\/image\/"}}]}},"_links":{"self":[{"href":"https:\/\/www.sdmodelcartuning.com\/fr\/wp-json\/wp\/v2\/product\/42159","targetHints":{"allow":["GET"]}}],"collection":[{"href":"https:\/\/www.sdmodelcartuning.com\/fr\/wp-json\/wp\/v2\/product"}],"about":[{"href":"https:\/\/www.sdmodelcartuning.com\/fr\/wp-json\/wp\/v2\/types\/product"}],"version-history":[{"count":0,"href":"https:\/\/www.sdmodelcartuning.com\/fr\/wp-json\/wp\/v2\/product\/42159\/revisions"}],"wp:featuredmedia":[{"embeddable":true,"href":"https:\/\/www.sdmodelcartuning.com\/fr\/wp-json\/wp\/v2\/media\/42150"}],"wp:attachment":[{"href":"https:\/\/www.sdmodelcartuning.com\/fr\/wp-json\/wp\/v2\/media?parent=42159"}],"wp:term":[{"taxonomy":"product_brand","embeddable":true,"href":"https:\/\/www.sdmodelcartuning.com\/fr\/wp-json\/wp\/v2\/product_brand?post=42159"},{"taxonomy":"product_cat","embeddable":true,"href":"https:\/\/www.sdmodelcartuning.com\/fr\/wp-json\/wp\/v2\/product_cat?post=42159"},{"taxonomy":"product_tag","embeddable":true,"href":"https:\/\/www.sdmodelcartuning.com\/fr\/wp-json\/wp\/v2\/product_tag?post=42159"}],"curies":[{"name":"wp","href":"https:\/\/api.w.org\/{rel}","templated":true}]}}