{"id":38268,"date":"2014-04-05T20:24:27","date_gmt":"2014-04-05T20:24:27","guid":{"rendered":"http:\/\/sdmodelcartuning.local\/product\/118-bbs-lm-lemans-velgenset-19inch\/"},"modified":"2026-03-26T10:19:55","modified_gmt":"2026-03-26T09:19:55","slug":"118-bbs-lm-lemans-velgenset-19inch","status":"publish","type":"product","link":"https:\/\/www.sdmodelcartuning.com\/fr\/produit\/118-bbs-lm-lemans-velgenset-19-pouces\/","title":{"rendered":"Jeu de jantes 1:18 BBS LM Lemans 19 pouces"},"content":{"rendered":"<p>Ensemble de jantes universelles BBS LM Lemans \u00e0 l&#039;\u00e9chelle 1\/18 19 pouces, cet ensemble contient 4x jantes enti\u00e8rement chrom\u00e9es et 4x pneus sport \u00e0 profil.<\/p>\n<p>Vous pouvez \u00e9galement choisir la couleur du coeur de la jante : or, argent, noir ou gunmetal\/gris.<\/p>\n<p>Les jantes ont un diam\u00e8tre de 34,5 mm, y compris les pneus et les jantes arri\u00e8re ont un centre de 6 mm de profondeur et les jantes avant de 4 mm.<\/p>\n<p>Mat\u00e9riau : Pneus en plastique et caoutchouc.<\/p>","protected":false},"excerpt":{"rendered":"<p>Jeu de jantes universelles BBS LM Lemans 19 pouces \u00e0 l'\u00e9chelle 1\/18. Ce jeu comprend 4 jantes enti\u00e8rement chrom\u00e9es et 4 pneus sport profil\u00e9s. Vous pouvez \u00e9galement choisir la couleur du centre de la jante : or, argent, noir ou gunmetal\/gris. Les jantes ont un diam\u00e8tre de 34,5 mm, pneus compris. Les jantes arri\u00e8re ont une profondeur de 6 mm et les jantes avant de 4 mm. Mat\u00e9riau : plastique [...]<\/p>","protected":false},"featured_media":38247,"template":"","meta":[],"product_brand":[],"product_cat":[1701],"product_tag":[],"class_list":{"0":"post-38268","1":"product","2":"type-product","3":"status-publish","4":"has-post-thumbnail","6":"product_cat-19-inch-1-18-universele-velgen","7":"pa_kleurvelghart-zilver","8":"pa_kleurvelghart-glanszwart","9":"pa_kleurvelghart-goud","10":"pa_kleurvelghart-gunmetal","11":"pa_velgemblemen-geenemblemen","12":"pa_velgemblemen-bmw","13":"pa_velgemblemen-vw","14":"pa_velgemblemen-porsche","15":"pa_velgemblemen-bbstextzilverachtergrondzwart","16":"pa_velgemblemen-74-bbstextroodachtergrondinzi","18":"first","19":"instock","20":"taxable","21":"shipping-taxable","22":"purchasable","23":"product-type-variable","24":"has-default-attributes"},"yoast_head":"<!-- This site is optimized with the Yoast SEO plugin v26.8 - https:\/\/yoast.com\/product\/yoast-seo-wordpress\/ -->\n<title>1:18 BBS LM Lemans velgenset 19inch - SDmodelcartuning.com<\/title>\n<meta name=\"robots\" content=\"index, follow, max-snippet:-1, max-image-preview:large, max-video-preview:-1\" \/>\n<link rel=\"canonical\" href=\"https:\/\/www.sdmodelcartuning.com\/fr\/produit\/118-bbs-lm-lemans-velgenset-19-pouces\/\" \/>\n<meta property=\"og:locale\" content=\"fr_FR\" \/>\n<meta property=\"og:type\" content=\"article\" \/>\n<meta property=\"og:title\" content=\"1:18 BBS LM Lemans velgenset 19inch - SDmodelcartuning.com\" \/>\n<meta property=\"og:description\" content=\"1\/18 Schaal BBS LM Lemans universele velgenset 19inch, deze set bevat 4x volledig verchroomde velgen en 4x profiel sportbanden. U kunt ook nog de kleur van het velgenhart kiezen: goud, zilver, zwart\u00a0of gunmetal\/grijs. De velgen zijn \u00a034.5mm in diamter incl. banden en de achtervelgen hebben een 6mm diep hart en de voorvelgen 4mm. Materiaal: Plastic [&hellip;]\" \/>\n<meta property=\"og:url\" content=\"https:\/\/www.sdmodelcartuning.com\/fr\/produit\/118-bbs-lm-lemans-velgenset-19-pouces\/\" \/>\n<meta property=\"og:site_name\" content=\"SDmodelcartuning.com\" \/>\n<meta property=\"article:modified_time\" content=\"2026-03-26T09:19:55+00:00\" \/>\n<meta property=\"og:image\" content=\"https:\/\/www.sdmodelcartuning.com\/wp-content\/uploads\/2014\/04\/p_8_0_6_806-118-BBS-LM-Lemans-velgenset-19inch.jpg\" \/>\n\t<meta property=\"og:image:width\" content=\"960\" \/>\n\t<meta property=\"og:image:height\" content=\"720\" \/>\n\t<meta property=\"og:image:type\" content=\"image\/jpeg\" \/>\n<meta name=\"twitter:card\" content=\"summary_large_image\" \/>\n<script type=\"application\/ld+json\" class=\"yoast-schema-graph\">{\"@context\":\"https:\/\/schema.org\",\"@graph\":[{\"@type\":\"WebPage\",\"@id\":\"https:\/\/www.sdmodelcartuning.com\/product\/118-bbs-lm-lemans-velgenset-19inch\/\",\"url\":\"https:\/\/www.sdmodelcartuning.com\/product\/118-bbs-lm-lemans-velgenset-19inch\/\",\"name\":\"1:18 BBS LM Lemans velgenset 19inch - SDmodelcartuning.com\",\"isPartOf\":{\"@id\":\"https:\/\/www.sdmodelcartuning.com\/#website\"},\"primaryImageOfPage\":{\"@id\":\"https:\/\/www.sdmodelcartuning.com\/product\/118-bbs-lm-lemans-velgenset-19inch\/#primaryimage\"},\"image\":{\"@id\":\"https:\/\/www.sdmodelcartuning.com\/product\/118-bbs-lm-lemans-velgenset-19inch\/#primaryimage\"},\"thumbnailUrl\":\"https:\/\/www.sdmodelcartuning.com\/wp-content\/uploads\/2014\/04\/p_8_0_6_806-118-BBS-LM-Lemans-velgenset-19inch.jpg\",\"datePublished\":\"2014-04-05T20:24:27+00:00\",\"dateModified\":\"2026-03-26T09:19:55+00:00\",\"breadcrumb\":{\"@id\":\"https:\/\/www.sdmodelcartuning.com\/product\/118-bbs-lm-lemans-velgenset-19inch\/#breadcrumb\"},\"inLanguage\":\"fr-FR\",\"potentialAction\":[{\"@type\":\"ReadAction\",\"target\":[\"https:\/\/www.sdmodelcartuning.com\/product\/118-bbs-lm-lemans-velgenset-19inch\/\"]}]},{\"@type\":\"ImageObject\",\"inLanguage\":\"fr-FR\",\"@id\":\"https:\/\/www.sdmodelcartuning.com\/product\/118-bbs-lm-lemans-velgenset-19inch\/#primaryimage\",\"url\":\"https:\/\/www.sdmodelcartuning.com\/wp-content\/uploads\/2014\/04\/p_8_0_6_806-118-BBS-LM-Lemans-velgenset-19inch.jpg\",\"contentUrl\":\"https:\/\/www.sdmodelcartuning.com\/wp-content\/uploads\/2014\/04\/p_8_0_6_806-118-BBS-LM-Lemans-velgenset-19inch.jpg\",\"width\":960,\"height\":720,\"caption\":\"1:18 BBS LM Lemans velgenset 19inch\"},{\"@type\":\"BreadcrumbList\",\"@id\":\"https:\/\/www.sdmodelcartuning.com\/product\/118-bbs-lm-lemans-velgenset-19inch\/#breadcrumb\",\"itemListElement\":[{\"@type\":\"ListItem\",\"position\":1,\"name\":\"Home\",\"item\":\"https:\/\/www.sdmodelcartuning.com\/\"},{\"@type\":\"ListItem\",\"position\":2,\"name\":\"Winkel\",\"item\":\"https:\/\/www.sdmodelcartuning.com\/it\/winkel\/\"},{\"@type\":\"ListItem\",\"position\":3,\"name\":\"1:18 BBS LM Lemans velgenset 19inch\"}]},{\"@type\":\"WebSite\",\"@id\":\"https:\/\/www.sdmodelcartuning.com\/#website\",\"url\":\"https:\/\/www.sdmodelcartuning.com\/\",\"name\":\"SDmodelcartuning.com\",\"description\":\"De miniaturen en toebehoren shop van Nederland\",\"publisher\":{\"@id\":\"https:\/\/www.sdmodelcartuning.com\/#organization\"},\"potentialAction\":[{\"@type\":\"SearchAction\",\"target\":{\"@type\":\"EntryPoint\",\"urlTemplate\":\"https:\/\/www.sdmodelcartuning.com\/?s={search_term_string}\"},\"query-input\":{\"@type\":\"PropertyValueSpecification\",\"valueRequired\":true,\"valueName\":\"search_term_string\"}}],\"inLanguage\":\"fr-FR\"},{\"@type\":\"Organization\",\"@id\":\"https:\/\/www.sdmodelcartuning.com\/#organization\",\"name\":\"SDmodelcartuning.com\",\"url\":\"https:\/\/www.sdmodelcartuning.com\/\",\"logo\":{\"@type\":\"ImageObject\",\"inLanguage\":\"fr-FR\",\"@id\":\"https:\/\/www.sdmodelcartuning.com\/#\/schema\/logo\/image\/\",\"url\":\"https:\/\/www.sdmodelcartuning.com\/wp-content\/uploads\/2020\/09\/logo-retina.png\",\"contentUrl\":\"https:\/\/www.sdmodelcartuning.com\/wp-content\/uploads\/2020\/09\/logo-retina.png\",\"width\":463,\"height\":150,\"caption\":\"SDmodelcartuning.com\"},\"image\":{\"@id\":\"https:\/\/www.sdmodelcartuning.com\/#\/schema\/logo\/image\/\"}}]}<\/script>\n<!-- \/ Yoast SEO plugin. -->","yoast_head_json":{"title":"Jeu de jantes BBS LM Lemans 1:18 19 pouces - SDmodelcartuning.com","robots":{"index":"index","follow":"follow","max-snippet":"max-snippet:-1","max-image-preview":"max-image-preview:large","max-video-preview":"max-video-preview:-1"},"canonical":"https:\/\/www.sdmodelcartuning.com\/fr\/produit\/118-bbs-lm-lemans-velgenset-19-pouces\/","og_locale":"fr_FR","og_type":"article","og_title":"1:18 BBS LM Lemans velgenset 19inch - SDmodelcartuning.com","og_description":"1\/18 Schaal BBS LM Lemans universele velgenset 19inch, deze set bevat 4x volledig verchroomde velgen en 4x profiel sportbanden. U kunt ook nog de kleur van het velgenhart kiezen: goud, zilver, zwart\u00a0of gunmetal\/grijs. De velgen zijn \u00a034.5mm in diamter incl. banden en de achtervelgen hebben een 6mm diep hart en de voorvelgen 4mm. Materiaal: Plastic [&hellip;]","og_url":"https:\/\/www.sdmodelcartuning.com\/fr\/produit\/118-bbs-lm-lemans-velgenset-19-pouces\/","og_site_name":"SDmodelcartuning.com","article_modified_time":"2026-03-26T09:19:55+00:00","og_image":[{"width":960,"height":720,"url":"https:\/\/www.sdmodelcartuning.com\/wp-content\/uploads\/2014\/04\/p_8_0_6_806-118-BBS-LM-Lemans-velgenset-19inch.jpg","type":"image\/jpeg"}],"twitter_card":"summary_large_image","schema":{"@context":"https:\/\/schema.org","@graph":[{"@type":"WebPage","@id":"https:\/\/www.sdmodelcartuning.com\/product\/118-bbs-lm-lemans-velgenset-19inch\/","url":"https:\/\/www.sdmodelcartuning.com\/product\/118-bbs-lm-lemans-velgenset-19inch\/","name":"Jeu de jantes BBS LM Lemans 1:18 19 pouces - SDmodelcartuning.com","isPartOf":{"@id":"https:\/\/www.sdmodelcartuning.com\/#website"},"primaryImageOfPage":{"@id":"https:\/\/www.sdmodelcartuning.com\/product\/118-bbs-lm-lemans-velgenset-19inch\/#primaryimage"},"image":{"@id":"https:\/\/www.sdmodelcartuning.com\/product\/118-bbs-lm-lemans-velgenset-19inch\/#primaryimage"},"thumbnailUrl":"https:\/\/www.sdmodelcartuning.com\/wp-content\/uploads\/2014\/04\/p_8_0_6_806-118-BBS-LM-Lemans-velgenset-19inch.jpg","datePublished":"2014-04-05T20:24:27+00:00","dateModified":"2026-03-26T09:19:55+00:00","breadcrumb":{"@id":"https:\/\/www.sdmodelcartuning.com\/product\/118-bbs-lm-lemans-velgenset-19inch\/#breadcrumb"},"inLanguage":"fr-FR","potentialAction":[{"@type":"ReadAction","target":["https:\/\/www.sdmodelcartuning.com\/product\/118-bbs-lm-lemans-velgenset-19inch\/"]}]},{"@type":"ImageObject","inLanguage":"fr-FR","@id":"https:\/\/www.sdmodelcartuning.com\/product\/118-bbs-lm-lemans-velgenset-19inch\/#primaryimage","url":"https:\/\/www.sdmodelcartuning.com\/wp-content\/uploads\/2014\/04\/p_8_0_6_806-118-BBS-LM-Lemans-velgenset-19inch.jpg","contentUrl":"https:\/\/www.sdmodelcartuning.com\/wp-content\/uploads\/2014\/04\/p_8_0_6_806-118-BBS-LM-Lemans-velgenset-19inch.jpg","width":960,"height":720,"caption":"1:18 BBS LM Lemans velgenset 19inch"},{"@type":"BreadcrumbList","@id":"https:\/\/www.sdmodelcartuning.com\/product\/118-bbs-lm-lemans-velgenset-19inch\/#breadcrumb","itemListElement":[{"@type":"ListItem","position":1,"name":"Home","item":"https:\/\/www.sdmodelcartuning.com\/"},{"@type":"ListItem","position":2,"name":"Winkel","item":"https:\/\/www.sdmodelcartuning.com\/it\/winkel\/"},{"@type":"ListItem","position":3,"name":"1:18 BBS LM Lemans velgenset 19inch"}]},{"@type":"WebSite","@id":"https:\/\/www.sdmodelcartuning.com\/#website","url":"https:\/\/www.sdmodelcartuning.com\/","name":"SDmodelcartuning.com","description":"La boutique de miniatures et d&#039;accessoires des Pays-Bas","publisher":{"@id":"https:\/\/www.sdmodelcartuning.com\/#organization"},"potentialAction":[{"@type":"SearchAction","target":{"@type":"EntryPoint","urlTemplate":"https:\/\/www.sdmodelcartuning.com\/?s={search_term_string}"},"query-input":{"@type":"PropertyValueSpecification","valueRequired":true,"valueName":"search_term_string"}}],"inLanguage":"fr-FR"},{"@type":"Organization","@id":"https:\/\/www.sdmodelcartuning.com\/#organization","name":"SDmodelcartuning.com","url":"https:\/\/www.sdmodelcartuning.com\/","logo":{"@type":"ImageObject","inLanguage":"fr-FR","@id":"https:\/\/www.sdmodelcartuning.com\/#\/schema\/logo\/image\/","url":"https:\/\/www.sdmodelcartuning.com\/wp-content\/uploads\/2020\/09\/logo-retina.png","contentUrl":"https:\/\/www.sdmodelcartuning.com\/wp-content\/uploads\/2020\/09\/logo-retina.png","width":463,"height":150,"caption":"SDmodelcartuning.com"},"image":{"@id":"https:\/\/www.sdmodelcartuning.com\/#\/schema\/logo\/image\/"}}]}},"_links":{"self":[{"href":"https:\/\/www.sdmodelcartuning.com\/fr\/wp-json\/wp\/v2\/product\/38268","targetHints":{"allow":["GET"]}}],"collection":[{"href":"https:\/\/www.sdmodelcartuning.com\/fr\/wp-json\/wp\/v2\/product"}],"about":[{"href":"https:\/\/www.sdmodelcartuning.com\/fr\/wp-json\/wp\/v2\/types\/product"}],"version-history":[{"count":1,"href":"https:\/\/www.sdmodelcartuning.com\/fr\/wp-json\/wp\/v2\/product\/38268\/revisions"}],"predecessor-version":[{"id":157882,"href":"https:\/\/www.sdmodelcartuning.com\/fr\/wp-json\/wp\/v2\/product\/38268\/revisions\/157882"}],"wp:featuredmedia":[{"embeddable":true,"href":"https:\/\/www.sdmodelcartuning.com\/fr\/wp-json\/wp\/v2\/media\/38247"}],"wp:attachment":[{"href":"https:\/\/www.sdmodelcartuning.com\/fr\/wp-json\/wp\/v2\/media?parent=38268"}],"wp:term":[{"taxonomy":"product_brand","embeddable":true,"href":"https:\/\/www.sdmodelcartuning.com\/fr\/wp-json\/wp\/v2\/product_brand?post=38268"},{"taxonomy":"product_cat","embeddable":true,"href":"https:\/\/www.sdmodelcartuning.com\/fr\/wp-json\/wp\/v2\/product_cat?post=38268"},{"taxonomy":"product_tag","embeddable":true,"href":"https:\/\/www.sdmodelcartuning.com\/fr\/wp-json\/wp\/v2\/product_tag?post=38268"}],"curies":[{"name":"wp","href":"https:\/\/api.w.org\/{rel}","templated":true}]}}