{"id":36966,"date":"2013-05-21T14:59:26","date_gmt":"2013-05-21T14:59:26","guid":{"rendered":"http:\/\/sdmodelcartuning.local\/product\/1-18-bbs-rs-velgenset-15inch\/"},"modified":"2026-04-12T14:38:07","modified_gmt":"2026-04-12T12:38:07","slug":"1-18-bbs-rs-velgenset-15inch","status":"publish","type":"product","link":"https:\/\/www.sdmodelcartuning.com\/fr\/produit\/1-18-bbs-rs-jeu-de-jantes-15-pouces\/","title":{"rendered":"Jeu de jantes 1:18 BBS RS 15 pouces"},"content":{"rendered":"<p>Ensemble de jantes 15 pouces Universal BBS RS look 1:18. L&#039;ensemble se compose de :<\/p>\n<p>4x jantes enti\u00e8rement chrom\u00e9es.<\/p>\n<p>4x pneus sport \u00e0 profil bas<\/p>\n<p>1x emballage d&#039;affichage scell\u00e9<\/p>\n<p>Diam\u00e8tre du jeu de jantes\u00a0: 30\u00a0mm, y compris les pneus, largeur\u00a0: 11,5\u00a0mm<\/p>","protected":false},"excerpt":{"rendered":"<p>Ensemble de jantes 15 pouces Universal BBS RS look 1:18. L&#039;ensemble se compose de : 4x jantes enti\u00e8rement chrom\u00e9es. 4x pneus sport \u00e0 profil bas 1x emballage de pr\u00e9sentation scell\u00e9 Diam\u00e8tre du jeu de jantes : 30 mm, y compris les pneus, largeur : 11,5 mm<\/p>","protected":false},"featured_media":36957,"template":"","meta":[],"product_brand":[],"product_cat":[1677],"product_tag":[],"class_list":{"0":"post-36966","1":"product","2":"type-product","3":"status-publish","4":"has-post-thumbnail","6":"product_cat-15-inch-1-18-universele-velgen","7":"pa_kleurvelghart-ongelaktgeenkleur","8":"pa_kleurvelghart-zilver","9":"pa_kleurvelghart-glanszwart","10":"pa_kleurvelghart-goud","11":"pa_kleurvelghart-rood","12":"pa_velgemblemen-geenemblemen","13":"pa_velgemblemen-bbstextzilverachtergrondzwart","14":"pa_velgemblemen-74-bbstextroodachtergrondinzi","16":"first","17":"instock","18":"taxable","19":"shipping-taxable","20":"purchasable","21":"product-type-variable","22":"has-default-attributes"},"yoast_head":"<!-- This site is optimized with the Yoast SEO plugin v26.8 - https:\/\/yoast.com\/product\/yoast-seo-wordpress\/ -->\n<title>1:18 BBS RS Velgenset 15inch - SDmodelcartuning.com<\/title>\n<meta name=\"robots\" content=\"index, follow, max-snippet:-1, max-image-preview:large, max-video-preview:-1\" \/>\n<link rel=\"canonical\" href=\"https:\/\/www.sdmodelcartuning.com\/fr\/produit\/1-18-bbs-rs-jeu-de-jantes-15-pouces\/\" \/>\n<meta property=\"og:locale\" content=\"fr_FR\" \/>\n<meta property=\"og:type\" content=\"article\" \/>\n<meta property=\"og:title\" content=\"1:18 BBS RS Velgenset 15inch - SDmodelcartuning.com\" \/>\n<meta property=\"og:description\" content=\"1:18 Universele BBS\u00a0RS look 15 inch velgenset. De set bestaat uit: 4x volledig verchroomde velgen. 4x laag profiel sportbanden 1x gesealde display verpakking Diameter velgenset: 30mm inclusief banden, breedte: 11.5mm\" \/>\n<meta property=\"og:url\" content=\"https:\/\/www.sdmodelcartuning.com\/fr\/produit\/1-18-bbs-rs-jeu-de-jantes-15-pouces\/\" \/>\n<meta property=\"og:site_name\" content=\"SDmodelcartuning.com\" \/>\n<meta property=\"article:modified_time\" content=\"2026-04-12T12:38:07+00:00\" \/>\n<meta property=\"og:image\" content=\"https:\/\/www.sdmodelcartuning.com\/wp-content\/uploads\/2013\/05\/p_5_0_0_500-118-BBS-RS-Velgenset-15inch.jpg\" \/>\n\t<meta property=\"og:image:width\" content=\"1197\" \/>\n\t<meta property=\"og:image:height\" content=\"560\" \/>\n\t<meta property=\"og:image:type\" content=\"image\/jpeg\" \/>\n<meta name=\"twitter:card\" content=\"summary_large_image\" \/>\n<script type=\"application\/ld+json\" class=\"yoast-schema-graph\">{\"@context\":\"https:\/\/schema.org\",\"@graph\":[{\"@type\":\"WebPage\",\"@id\":\"https:\/\/www.sdmodelcartuning.com\/product\/1-18-bbs-rs-velgenset-15inch\/\",\"url\":\"https:\/\/www.sdmodelcartuning.com\/product\/1-18-bbs-rs-velgenset-15inch\/\",\"name\":\"1:18 BBS RS Velgenset 15inch - SDmodelcartuning.com\",\"isPartOf\":{\"@id\":\"https:\/\/www.sdmodelcartuning.com\/#website\"},\"primaryImageOfPage\":{\"@id\":\"https:\/\/www.sdmodelcartuning.com\/product\/1-18-bbs-rs-velgenset-15inch\/#primaryimage\"},\"image\":{\"@id\":\"https:\/\/www.sdmodelcartuning.com\/product\/1-18-bbs-rs-velgenset-15inch\/#primaryimage\"},\"thumbnailUrl\":\"https:\/\/www.sdmodelcartuning.com\/wp-content\/uploads\/2013\/05\/p_5_0_0_500-118-BBS-RS-Velgenset-15inch.jpg\",\"datePublished\":\"2013-05-21T14:59:26+00:00\",\"dateModified\":\"2026-04-12T12:38:07+00:00\",\"breadcrumb\":{\"@id\":\"https:\/\/www.sdmodelcartuning.com\/product\/1-18-bbs-rs-velgenset-15inch\/#breadcrumb\"},\"inLanguage\":\"fr-FR\",\"potentialAction\":[{\"@type\":\"ReadAction\",\"target\":[\"https:\/\/www.sdmodelcartuning.com\/product\/1-18-bbs-rs-velgenset-15inch\/\"]}]},{\"@type\":\"ImageObject\",\"inLanguage\":\"fr-FR\",\"@id\":\"https:\/\/www.sdmodelcartuning.com\/product\/1-18-bbs-rs-velgenset-15inch\/#primaryimage\",\"url\":\"https:\/\/www.sdmodelcartuning.com\/wp-content\/uploads\/2013\/05\/p_5_0_0_500-118-BBS-RS-Velgenset-15inch.jpg\",\"contentUrl\":\"https:\/\/www.sdmodelcartuning.com\/wp-content\/uploads\/2013\/05\/p_5_0_0_500-118-BBS-RS-Velgenset-15inch.jpg\",\"width\":1197,\"height\":560,\"caption\":\"1:18 BBS RS Velgenset 15inch\"},{\"@type\":\"BreadcrumbList\",\"@id\":\"https:\/\/www.sdmodelcartuning.com\/product\/1-18-bbs-rs-velgenset-15inch\/#breadcrumb\",\"itemListElement\":[{\"@type\":\"ListItem\",\"position\":1,\"name\":\"Home\",\"item\":\"https:\/\/www.sdmodelcartuning.com\/\"},{\"@type\":\"ListItem\",\"position\":2,\"name\":\"Winkel\",\"item\":\"https:\/\/www.sdmodelcartuning.com\/it\/winkel\/\"},{\"@type\":\"ListItem\",\"position\":3,\"name\":\"1:18 BBS RS Velgenset 15inch\"}]},{\"@type\":\"WebSite\",\"@id\":\"https:\/\/www.sdmodelcartuning.com\/#website\",\"url\":\"https:\/\/www.sdmodelcartuning.com\/\",\"name\":\"SDmodelcartuning.com\",\"description\":\"De miniaturen en toebehoren shop van Nederland\",\"publisher\":{\"@id\":\"https:\/\/www.sdmodelcartuning.com\/#organization\"},\"potentialAction\":[{\"@type\":\"SearchAction\",\"target\":{\"@type\":\"EntryPoint\",\"urlTemplate\":\"https:\/\/www.sdmodelcartuning.com\/?s={search_term_string}\"},\"query-input\":{\"@type\":\"PropertyValueSpecification\",\"valueRequired\":true,\"valueName\":\"search_term_string\"}}],\"inLanguage\":\"fr-FR\"},{\"@type\":\"Organization\",\"@id\":\"https:\/\/www.sdmodelcartuning.com\/#organization\",\"name\":\"SDmodelcartuning.com\",\"url\":\"https:\/\/www.sdmodelcartuning.com\/\",\"logo\":{\"@type\":\"ImageObject\",\"inLanguage\":\"fr-FR\",\"@id\":\"https:\/\/www.sdmodelcartuning.com\/#\/schema\/logo\/image\/\",\"url\":\"https:\/\/www.sdmodelcartuning.com\/wp-content\/uploads\/2020\/09\/logo-retina.png\",\"contentUrl\":\"https:\/\/www.sdmodelcartuning.com\/wp-content\/uploads\/2020\/09\/logo-retina.png\",\"width\":463,\"height\":150,\"caption\":\"SDmodelcartuning.com\"},\"image\":{\"@id\":\"https:\/\/www.sdmodelcartuning.com\/#\/schema\/logo\/image\/\"}}]}<\/script>\n<!-- \/ Yoast SEO plugin. -->","yoast_head_json":{"title":"1:18 Jeu de jantes BBS RS 15 pouces - SDmodelcartuning.com","robots":{"index":"index","follow":"follow","max-snippet":"max-snippet:-1","max-image-preview":"max-image-preview:large","max-video-preview":"max-video-preview:-1"},"canonical":"https:\/\/www.sdmodelcartuning.com\/fr\/produit\/1-18-bbs-rs-jeu-de-jantes-15-pouces\/","og_locale":"fr_FR","og_type":"article","og_title":"1:18 BBS RS Velgenset 15inch - SDmodelcartuning.com","og_description":"1:18 Universele BBS\u00a0RS look 15 inch velgenset. De set bestaat uit: 4x volledig verchroomde velgen. 4x laag profiel sportbanden 1x gesealde display verpakking Diameter velgenset: 30mm inclusief banden, breedte: 11.5mm","og_url":"https:\/\/www.sdmodelcartuning.com\/fr\/produit\/1-18-bbs-rs-jeu-de-jantes-15-pouces\/","og_site_name":"SDmodelcartuning.com","article_modified_time":"2026-04-12T12:38:07+00:00","og_image":[{"width":1197,"height":560,"url":"https:\/\/www.sdmodelcartuning.com\/wp-content\/uploads\/2013\/05\/p_5_0_0_500-118-BBS-RS-Velgenset-15inch.jpg","type":"image\/jpeg"}],"twitter_card":"summary_large_image","schema":{"@context":"https:\/\/schema.org","@graph":[{"@type":"WebPage","@id":"https:\/\/www.sdmodelcartuning.com\/product\/1-18-bbs-rs-velgenset-15inch\/","url":"https:\/\/www.sdmodelcartuning.com\/product\/1-18-bbs-rs-velgenset-15inch\/","name":"1:18 Jeu de jantes BBS RS 15 pouces - SDmodelcartuning.com","isPartOf":{"@id":"https:\/\/www.sdmodelcartuning.com\/#website"},"primaryImageOfPage":{"@id":"https:\/\/www.sdmodelcartuning.com\/product\/1-18-bbs-rs-velgenset-15inch\/#primaryimage"},"image":{"@id":"https:\/\/www.sdmodelcartuning.com\/product\/1-18-bbs-rs-velgenset-15inch\/#primaryimage"},"thumbnailUrl":"https:\/\/www.sdmodelcartuning.com\/wp-content\/uploads\/2013\/05\/p_5_0_0_500-118-BBS-RS-Velgenset-15inch.jpg","datePublished":"2013-05-21T14:59:26+00:00","dateModified":"2026-04-12T12:38:07+00:00","breadcrumb":{"@id":"https:\/\/www.sdmodelcartuning.com\/product\/1-18-bbs-rs-velgenset-15inch\/#breadcrumb"},"inLanguage":"fr-FR","potentialAction":[{"@type":"ReadAction","target":["https:\/\/www.sdmodelcartuning.com\/product\/1-18-bbs-rs-velgenset-15inch\/"]}]},{"@type":"ImageObject","inLanguage":"fr-FR","@id":"https:\/\/www.sdmodelcartuning.com\/product\/1-18-bbs-rs-velgenset-15inch\/#primaryimage","url":"https:\/\/www.sdmodelcartuning.com\/wp-content\/uploads\/2013\/05\/p_5_0_0_500-118-BBS-RS-Velgenset-15inch.jpg","contentUrl":"https:\/\/www.sdmodelcartuning.com\/wp-content\/uploads\/2013\/05\/p_5_0_0_500-118-BBS-RS-Velgenset-15inch.jpg","width":1197,"height":560,"caption":"1:18 BBS RS Velgenset 15inch"},{"@type":"BreadcrumbList","@id":"https:\/\/www.sdmodelcartuning.com\/product\/1-18-bbs-rs-velgenset-15inch\/#breadcrumb","itemListElement":[{"@type":"ListItem","position":1,"name":"Home","item":"https:\/\/www.sdmodelcartuning.com\/"},{"@type":"ListItem","position":2,"name":"Winkel","item":"https:\/\/www.sdmodelcartuning.com\/it\/winkel\/"},{"@type":"ListItem","position":3,"name":"1:18 BBS RS Velgenset 15inch"}]},{"@type":"WebSite","@id":"https:\/\/www.sdmodelcartuning.com\/#website","url":"https:\/\/www.sdmodelcartuning.com\/","name":"SDmodelcartuning.com","description":"La boutique de miniatures et d&#039;accessoires des Pays-Bas","publisher":{"@id":"https:\/\/www.sdmodelcartuning.com\/#organization"},"potentialAction":[{"@type":"SearchAction","target":{"@type":"EntryPoint","urlTemplate":"https:\/\/www.sdmodelcartuning.com\/?s={search_term_string}"},"query-input":{"@type":"PropertyValueSpecification","valueRequired":true,"valueName":"search_term_string"}}],"inLanguage":"fr-FR"},{"@type":"Organization","@id":"https:\/\/www.sdmodelcartuning.com\/#organization","name":"SDmodelcartuning.com","url":"https:\/\/www.sdmodelcartuning.com\/","logo":{"@type":"ImageObject","inLanguage":"fr-FR","@id":"https:\/\/www.sdmodelcartuning.com\/#\/schema\/logo\/image\/","url":"https:\/\/www.sdmodelcartuning.com\/wp-content\/uploads\/2020\/09\/logo-retina.png","contentUrl":"https:\/\/www.sdmodelcartuning.com\/wp-content\/uploads\/2020\/09\/logo-retina.png","width":463,"height":150,"caption":"SDmodelcartuning.com"},"image":{"@id":"https:\/\/www.sdmodelcartuning.com\/#\/schema\/logo\/image\/"}}]}},"_links":{"self":[{"href":"https:\/\/www.sdmodelcartuning.com\/fr\/wp-json\/wp\/v2\/product\/36966","targetHints":{"allow":["GET"]}}],"collection":[{"href":"https:\/\/www.sdmodelcartuning.com\/fr\/wp-json\/wp\/v2\/product"}],"about":[{"href":"https:\/\/www.sdmodelcartuning.com\/fr\/wp-json\/wp\/v2\/types\/product"}],"version-history":[{"count":1,"href":"https:\/\/www.sdmodelcartuning.com\/fr\/wp-json\/wp\/v2\/product\/36966\/revisions"}],"predecessor-version":[{"id":157880,"href":"https:\/\/www.sdmodelcartuning.com\/fr\/wp-json\/wp\/v2\/product\/36966\/revisions\/157880"}],"wp:featuredmedia":[{"embeddable":true,"href":"https:\/\/www.sdmodelcartuning.com\/fr\/wp-json\/wp\/v2\/media\/36957"}],"wp:attachment":[{"href":"https:\/\/www.sdmodelcartuning.com\/fr\/wp-json\/wp\/v2\/media?parent=36966"}],"wp:term":[{"taxonomy":"product_brand","embeddable":true,"href":"https:\/\/www.sdmodelcartuning.com\/fr\/wp-json\/wp\/v2\/product_brand?post=36966"},{"taxonomy":"product_cat","embeddable":true,"href":"https:\/\/www.sdmodelcartuning.com\/fr\/wp-json\/wp\/v2\/product_cat?post=36966"},{"taxonomy":"product_tag","embeddable":true,"href":"https:\/\/www.sdmodelcartuning.com\/fr\/wp-json\/wp\/v2\/product_tag?post=36966"}],"curies":[{"name":"wp","href":"https:\/\/api.w.org\/{rel}","templated":true}]}}