{"id":30992,"date":"2009-10-27T19:22:07","date_gmt":"2009-10-27T19:22:07","guid":{"rendered":"http:\/\/sdmodelcartuning.local\/product\/1-18-ats-velgen-emblemen\/"},"modified":"2025-12-30T18:13:38","modified_gmt":"2025-12-30T17:13:38","slug":"1-18-ats-velgen-emblemen","status":"publish","type":"product","link":"https:\/\/www.sdmodelcartuning.com\/fr\/produit\/decalques-de-jante-1-18-at\/","title":{"rendered":"Autocollants de jante ATS 1:18"},"content":{"rendered":"<p>D\u00e9calques de jante 4X ATS \u00e0 l&#039;\u00e9chelle 1:18, diam\u00e8tre de 3 mm<\/p>\n<p>Convient aux ensembles de jantes en aluminium ATS Classic et ATS Cup.<\/p>\n<p>Ce sont des d\u00e9calcomanies \/ transferts d&#039;eau<\/p>","protected":false},"excerpt":{"rendered":"<p>\u00c9chelle 1:18 Embl\u00e8mes de jante 4X ATS, diam\u00e8tre de 3 mm Convient aux ensembles de jantes en aluminium ATS Classic et ATS Cup. Ce sont des d\u00e9calcomanies \/ transferts d&#039;eau<\/p>","protected":false},"featured_media":30989,"template":"","meta":[],"product_brand":[],"product_cat":[1125],"product_tag":[],"class_list":{"0":"post-30992","1":"product","2":"type-product","3":"status-publish","4":"has-post-thumbnail","6":"product_cat-1-18-velg-emblemen","8":"first","9":"instock","10":"taxable","11":"shipping-taxable","12":"purchasable","13":"product-type-simple"},"yoast_head":"<!-- This site is optimized with the Yoast SEO plugin v26.8 - https:\/\/yoast.com\/product\/yoast-seo-wordpress\/ -->\n<title>1:18 ATS Velg emblemen - SDmodelcartuning.com<\/title>\n<meta name=\"robots\" content=\"index, follow, max-snippet:-1, max-image-preview:large, max-video-preview:-1\" \/>\n<link rel=\"canonical\" href=\"https:\/\/www.sdmodelcartuning.com\/fr\/prodotto\/decalcomanie-per-cerchi-1-18-ats\/\" \/>\n<meta property=\"og:locale\" content=\"fr_FR\" \/>\n<meta property=\"og:type\" content=\"article\" \/>\n<meta property=\"og:title\" content=\"1:18 ATS Velg emblemen - SDmodelcartuning.com\" \/>\n<meta property=\"og:description\" content=\"1:18 schaal 4X ATS Velg emblemen, 3mm diameter Oa geschikt voor de ATS Classic en ATS Cup alu velgensetjes. Dit zijn decals \/ water transfers\" \/>\n<meta property=\"og:url\" content=\"https:\/\/www.sdmodelcartuning.com\/fr\/prodotto\/decalcomanie-per-cerchi-1-18-ats\/\" \/>\n<meta property=\"og:site_name\" content=\"SDmodelcartuning.com\" \/>\n<meta property=\"article:modified_time\" content=\"2025-12-30T17:13:38+00:00\" \/>\n<meta property=\"og:image\" content=\"https:\/\/www.sdmodelcartuning.com\/wp-content\/uploads\/2009\/10\/p_2_3_2_232-118-ATS-Velg-emblemen.jpg\" \/>\n\t<meta property=\"og:image:width\" content=\"387\" \/>\n\t<meta property=\"og:image:height\" content=\"280\" \/>\n\t<meta property=\"og:image:type\" content=\"image\/jpeg\" \/>\n<meta name=\"twitter:card\" content=\"summary_large_image\" \/>\n<script type=\"application\/ld+json\" class=\"yoast-schema-graph\">{\"@context\":\"https:\/\/schema.org\",\"@graph\":[{\"@type\":\"WebPage\",\"@id\":\"https:\/\/www.sdmodelcartuning.com\/it\/prodotto\/decalcomanie-per-cerchi-1-18-ats\/\",\"url\":\"https:\/\/www.sdmodelcartuning.com\/it\/prodotto\/decalcomanie-per-cerchi-1-18-ats\/\",\"name\":\"1:18 ATS Velg emblemen - SDmodelcartuning.com\",\"isPartOf\":{\"@id\":\"https:\/\/www.sdmodelcartuning.com\/#website\"},\"primaryImageOfPage\":{\"@id\":\"https:\/\/www.sdmodelcartuning.com\/it\/prodotto\/decalcomanie-per-cerchi-1-18-ats\/#primaryimage\"},\"image\":{\"@id\":\"https:\/\/www.sdmodelcartuning.com\/it\/prodotto\/decalcomanie-per-cerchi-1-18-ats\/#primaryimage\"},\"thumbnailUrl\":\"https:\/\/www.sdmodelcartuning.com\/wp-content\/uploads\/2009\/10\/p_2_3_2_232-118-ATS-Velg-emblemen.jpg\",\"datePublished\":\"2009-10-27T19:22:07+00:00\",\"dateModified\":\"2025-12-30T17:13:38+00:00\",\"breadcrumb\":{\"@id\":\"https:\/\/www.sdmodelcartuning.com\/it\/prodotto\/decalcomanie-per-cerchi-1-18-ats\/#breadcrumb\"},\"inLanguage\":\"fr-FR\",\"potentialAction\":[{\"@type\":\"ReadAction\",\"target\":[\"https:\/\/www.sdmodelcartuning.com\/it\/prodotto\/decalcomanie-per-cerchi-1-18-ats\/\"]}]},{\"@type\":\"ImageObject\",\"inLanguage\":\"fr-FR\",\"@id\":\"https:\/\/www.sdmodelcartuning.com\/it\/prodotto\/decalcomanie-per-cerchi-1-18-ats\/#primaryimage\",\"url\":\"https:\/\/www.sdmodelcartuning.com\/wp-content\/uploads\/2009\/10\/p_2_3_2_232-118-ATS-Velg-emblemen.jpg\",\"contentUrl\":\"https:\/\/www.sdmodelcartuning.com\/wp-content\/uploads\/2009\/10\/p_2_3_2_232-118-ATS-Velg-emblemen.jpg\",\"width\":387,\"height\":280,\"caption\":\"1:18 ATS Velg emblemen\"},{\"@type\":\"BreadcrumbList\",\"@id\":\"https:\/\/www.sdmodelcartuning.com\/it\/prodotto\/decalcomanie-per-cerchi-1-18-ats\/#breadcrumb\",\"itemListElement\":[{\"@type\":\"ListItem\",\"position\":1,\"name\":\"Home\",\"item\":\"https:\/\/www.sdmodelcartuning.com\/\"},{\"@type\":\"ListItem\",\"position\":2,\"name\":\"Winkel\",\"item\":\"https:\/\/www.sdmodelcartuning.com\/it\/winkel\/\"},{\"@type\":\"ListItem\",\"position\":3,\"name\":\"1:18 ATS Velg emblemen\"}]},{\"@type\":\"WebSite\",\"@id\":\"https:\/\/www.sdmodelcartuning.com\/#website\",\"url\":\"https:\/\/www.sdmodelcartuning.com\/\",\"name\":\"SDmodelcartuning.com\",\"description\":\"De miniaturen en toebehoren shop van Nederland\",\"publisher\":{\"@id\":\"https:\/\/www.sdmodelcartuning.com\/#organization\"},\"potentialAction\":[{\"@type\":\"SearchAction\",\"target\":{\"@type\":\"EntryPoint\",\"urlTemplate\":\"https:\/\/www.sdmodelcartuning.com\/?s={search_term_string}\"},\"query-input\":{\"@type\":\"PropertyValueSpecification\",\"valueRequired\":true,\"valueName\":\"search_term_string\"}}],\"inLanguage\":\"fr-FR\"},{\"@type\":\"Organization\",\"@id\":\"https:\/\/www.sdmodelcartuning.com\/#organization\",\"name\":\"SDmodelcartuning.com\",\"url\":\"https:\/\/www.sdmodelcartuning.com\/\",\"logo\":{\"@type\":\"ImageObject\",\"inLanguage\":\"fr-FR\",\"@id\":\"https:\/\/www.sdmodelcartuning.com\/#\/schema\/logo\/image\/\",\"url\":\"https:\/\/www.sdmodelcartuning.com\/wp-content\/uploads\/2020\/09\/logo-retina.png\",\"contentUrl\":\"https:\/\/www.sdmodelcartuning.com\/wp-content\/uploads\/2020\/09\/logo-retina.png\",\"width\":463,\"height\":150,\"caption\":\"SDmodelcartuning.com\"},\"image\":{\"@id\":\"https:\/\/www.sdmodelcartuning.com\/#\/schema\/logo\/image\/\"}}]}<\/script>\n<!-- \/ Yoast SEO plugin. -->","yoast_head_json":{"title":"D\u00e9calques de jante ATS 1:18 - SDmodelcartuning.com","robots":{"index":"index","follow":"follow","max-snippet":"max-snippet:-1","max-image-preview":"max-image-preview:large","max-video-preview":"max-video-preview:-1"},"canonical":"https:\/\/www.sdmodelcartuning.com\/fr\/prodotto\/decalcomanie-per-cerchi-1-18-ats\/","og_locale":"fr_FR","og_type":"article","og_title":"1:18 ATS Velg emblemen - SDmodelcartuning.com","og_description":"1:18 schaal 4X ATS Velg emblemen, 3mm diameter Oa geschikt voor de ATS Classic en ATS Cup alu velgensetjes. Dit zijn decals \/ water transfers","og_url":"https:\/\/www.sdmodelcartuning.com\/fr\/prodotto\/decalcomanie-per-cerchi-1-18-ats\/","og_site_name":"SDmodelcartuning.com","article_modified_time":"2025-12-30T17:13:38+00:00","og_image":[{"width":387,"height":280,"url":"https:\/\/www.sdmodelcartuning.com\/wp-content\/uploads\/2009\/10\/p_2_3_2_232-118-ATS-Velg-emblemen.jpg","type":"image\/jpeg"}],"twitter_card":"summary_large_image","schema":{"@context":"https:\/\/schema.org","@graph":[{"@type":"WebPage","@id":"https:\/\/www.sdmodelcartuning.com\/it\/prodotto\/decalcomanie-per-cerchi-1-18-ats\/","url":"https:\/\/www.sdmodelcartuning.com\/it\/prodotto\/decalcomanie-per-cerchi-1-18-ats\/","name":"D\u00e9calques de jante ATS 1:18 - SDmodelcartuning.com","isPartOf":{"@id":"https:\/\/www.sdmodelcartuning.com\/#website"},"primaryImageOfPage":{"@id":"https:\/\/www.sdmodelcartuning.com\/it\/prodotto\/decalcomanie-per-cerchi-1-18-ats\/#primaryimage"},"image":{"@id":"https:\/\/www.sdmodelcartuning.com\/it\/prodotto\/decalcomanie-per-cerchi-1-18-ats\/#primaryimage"},"thumbnailUrl":"https:\/\/www.sdmodelcartuning.com\/wp-content\/uploads\/2009\/10\/p_2_3_2_232-118-ATS-Velg-emblemen.jpg","datePublished":"2009-10-27T19:22:07+00:00","dateModified":"2025-12-30T17:13:38+00:00","breadcrumb":{"@id":"https:\/\/www.sdmodelcartuning.com\/it\/prodotto\/decalcomanie-per-cerchi-1-18-ats\/#breadcrumb"},"inLanguage":"fr-FR","potentialAction":[{"@type":"ReadAction","target":["https:\/\/www.sdmodelcartuning.com\/it\/prodotto\/decalcomanie-per-cerchi-1-18-ats\/"]}]},{"@type":"ImageObject","inLanguage":"fr-FR","@id":"https:\/\/www.sdmodelcartuning.com\/it\/prodotto\/decalcomanie-per-cerchi-1-18-ats\/#primaryimage","url":"https:\/\/www.sdmodelcartuning.com\/wp-content\/uploads\/2009\/10\/p_2_3_2_232-118-ATS-Velg-emblemen.jpg","contentUrl":"https:\/\/www.sdmodelcartuning.com\/wp-content\/uploads\/2009\/10\/p_2_3_2_232-118-ATS-Velg-emblemen.jpg","width":387,"height":280,"caption":"1:18 ATS Velg emblemen"},{"@type":"BreadcrumbList","@id":"https:\/\/www.sdmodelcartuning.com\/it\/prodotto\/decalcomanie-per-cerchi-1-18-ats\/#breadcrumb","itemListElement":[{"@type":"ListItem","position":1,"name":"Home","item":"https:\/\/www.sdmodelcartuning.com\/"},{"@type":"ListItem","position":2,"name":"Winkel","item":"https:\/\/www.sdmodelcartuning.com\/it\/winkel\/"},{"@type":"ListItem","position":3,"name":"1:18 ATS Velg emblemen"}]},{"@type":"WebSite","@id":"https:\/\/www.sdmodelcartuning.com\/#website","url":"https:\/\/www.sdmodelcartuning.com\/","name":"SDmodelcartuning.com","description":"La boutique de miniatures et d&#039;accessoires des Pays-Bas","publisher":{"@id":"https:\/\/www.sdmodelcartuning.com\/#organization"},"potentialAction":[{"@type":"SearchAction","target":{"@type":"EntryPoint","urlTemplate":"https:\/\/www.sdmodelcartuning.com\/?s={search_term_string}"},"query-input":{"@type":"PropertyValueSpecification","valueRequired":true,"valueName":"search_term_string"}}],"inLanguage":"fr-FR"},{"@type":"Organization","@id":"https:\/\/www.sdmodelcartuning.com\/#organization","name":"SDmodelcartuning.com","url":"https:\/\/www.sdmodelcartuning.com\/","logo":{"@type":"ImageObject","inLanguage":"fr-FR","@id":"https:\/\/www.sdmodelcartuning.com\/#\/schema\/logo\/image\/","url":"https:\/\/www.sdmodelcartuning.com\/wp-content\/uploads\/2020\/09\/logo-retina.png","contentUrl":"https:\/\/www.sdmodelcartuning.com\/wp-content\/uploads\/2020\/09\/logo-retina.png","width":463,"height":150,"caption":"SDmodelcartuning.com"},"image":{"@id":"https:\/\/www.sdmodelcartuning.com\/#\/schema\/logo\/image\/"}}]}},"_links":{"self":[{"href":"https:\/\/www.sdmodelcartuning.com\/fr\/wp-json\/wp\/v2\/product\/30992","targetHints":{"allow":["GET"]}}],"collection":[{"href":"https:\/\/www.sdmodelcartuning.com\/fr\/wp-json\/wp\/v2\/product"}],"about":[{"href":"https:\/\/www.sdmodelcartuning.com\/fr\/wp-json\/wp\/v2\/types\/product"}],"version-history":[{"count":0,"href":"https:\/\/www.sdmodelcartuning.com\/fr\/wp-json\/wp\/v2\/product\/30992\/revisions"}],"wp:featuredmedia":[{"embeddable":true,"href":"https:\/\/www.sdmodelcartuning.com\/fr\/wp-json\/wp\/v2\/media\/30989"}],"wp:attachment":[{"href":"https:\/\/www.sdmodelcartuning.com\/fr\/wp-json\/wp\/v2\/media?parent=30992"}],"wp:term":[{"taxonomy":"product_brand","embeddable":true,"href":"https:\/\/www.sdmodelcartuning.com\/fr\/wp-json\/wp\/v2\/product_brand?post=30992"},{"taxonomy":"product_cat","embeddable":true,"href":"https:\/\/www.sdmodelcartuning.com\/fr\/wp-json\/wp\/v2\/product_cat?post=30992"},{"taxonomy":"product_tag","embeddable":true,"href":"https:\/\/www.sdmodelcartuning.com\/fr\/wp-json\/wp\/v2\/product_tag?post=30992"}],"curies":[{"name":"wp","href":"https:\/\/api.w.org\/{rel}","templated":true}]}}