{"id":164643,"date":"2026-05-06T15:18:23","date_gmt":"2026-05-06T13:18:23","guid":{"rendered":"https:\/\/www.sdmodelcartuning.com\/?post_type=product&#038;p=164643"},"modified":"2026-05-06T15:18:23","modified_gmt":"2026-05-06T13:18:23","slug":"118-bmw-e30-325i-cabriolet-custom-alpina-retro-velgen","status":"publish","type":"product","link":"https:\/\/www.sdmodelcartuning.com\/fr\/produit\/118-bmw-e30-325i-cabriolet-jantes-alpina-retro-personnalisees\/","title":{"rendered":"BMW E30 325i Cabriolet 1:18 \u2013 Jantes Alpina r\u00e9tro personnalis\u00e9es"},"content":{"rendered":"<p>1\/18 BMW E30 325I Cabriolet Vert m\u00e9tallis\u00e9 avec jantes r\u00e9tro Alpina personnalis\u00e9es<\/p>\n<p>Fabricant : MCG \/ SDmodelcartuning<\/p>\n<p>Ce mod\u00e8le est \u00e9quip\u00e9 de jantes Alpina personnalis\u00e9es et de disques de frein sport.<\/p>\n<p>Sera livr\u00e9 neuf dans son emballage d&#039;origine.<\/p>\n<p>Les jantes sont fixes en raison de l&#039;abaissement du mod\u00e8le.<\/p>","protected":false},"excerpt":{"rendered":"<p>1\/18 \u00c9chelle BMW E30 325I Cabriolet Vert m\u00e9tallis\u00e9 avec jantes Alpina r\u00e9tro personnalis\u00e9es Fabricant : MCG \/ SDmodelcartuning Ce mod\u00e8le est \u00e9quip\u00e9 de jantes Alpina personnalis\u00e9es et de disques de frein sport. Vient neuf dans son emballage d'origine. Les jantes sont fix\u00e9es en raison de l'abaissement du mod\u00e8le.<\/p>","protected":false},"featured_media":164649,"template":"","meta":[],"product_brand":[],"product_cat":[1140],"product_tag":[],"class_list":{"0":"post-164643","1":"product","2":"type-product","3":"status-publish","4":"has-post-thumbnail","6":"product_cat-tuningmodellen","7":"pa_fabrikant-mcg","8":"pa_fabrikant-sdmodelcartuning","9":"pa_schaal-2317","11":"first","12":"instock","13":"taxable","14":"shipping-taxable","15":"purchasable","16":"product-type-simple"},"yoast_head":"<!-- This site is optimized with the Yoast SEO plugin v27.5 - https:\/\/yoast.com\/product\/yoast-seo-wordpress\/ -->\n<title>1:18 BMW E30 325I Cabriolet - Custom Alpina retro velgen - SDmodelcartuning.com<\/title>\n<meta name=\"robots\" content=\"index, follow, max-snippet:-1, max-image-preview:large, max-video-preview:-1\" \/>\n<link rel=\"canonical\" href=\"https:\/\/www.sdmodelcartuning.com\/fr\/produit\/118-bmw-e30-325i-cabriolet-jantes-alpina-retro-personnalisees\/\" \/>\n<meta property=\"og:locale\" content=\"fr_FR\" \/>\n<meta property=\"og:type\" content=\"article\" \/>\n<meta property=\"og:title\" content=\"1:18 BMW E30 325I Cabriolet - Custom Alpina retro velgen - SDmodelcartuning.com\" \/>\n<meta property=\"og:description\" content=\"1\/18 Schaal BMW E30 325I Cabriolet Groen metallic met Custom Alpina retro velgen Fabrikant: MCG \/ SDmodelcartuning Dit model is voorzien van custom Alpina velgen en sportremschijven. Wordt nieuw in de ovp geleverd. Velgen zijn door de verlaging van het model vast gemonteerd.\" \/>\n<meta property=\"og:url\" content=\"https:\/\/www.sdmodelcartuning.com\/fr\/produit\/118-bmw-e30-325i-cabriolet-jantes-alpina-retro-personnalisees\/\" \/>\n<meta property=\"og:site_name\" content=\"SDmodelcartuning.com\" \/>\n<meta property=\"og:image\" content=\"https:\/\/www.sdmodelcartuning.com\/wp-content\/uploads\/2026\/05\/20260506_150354.jpg\" \/>\n\t<meta property=\"og:image:width\" content=\"2000\" \/>\n\t<meta property=\"og:image:height\" content=\"1500\" \/>\n\t<meta property=\"og:image:type\" content=\"image\/jpeg\" \/>\n<meta name=\"twitter:card\" content=\"summary_large_image\" \/>\n<meta name=\"twitter:label1\" content=\"Dur\u00e9e de lecture estim\u00e9e\" \/>\n\t<meta name=\"twitter:data1\" content=\"1 minute\" \/>\n<script type=\"application\/ld+json\" class=\"yoast-schema-graph\">{\"@context\":\"https:\\\/\\\/schema.org\",\"@graph\":[{\"@type\":\"WebPage\",\"@id\":\"https:\\\/\\\/www.sdmodelcartuning.com\\\/product\\\/118-bmw-e30-325i-cabriolet-custom-alpina-retro-velgen\\\/\",\"url\":\"https:\\\/\\\/www.sdmodelcartuning.com\\\/product\\\/118-bmw-e30-325i-cabriolet-custom-alpina-retro-velgen\\\/\",\"name\":\"1:18 BMW E30 325I Cabriolet - Custom Alpina retro velgen - SDmodelcartuning.com\",\"isPartOf\":{\"@id\":\"https:\\\/\\\/www.sdmodelcartuning.com\\\/#website\"},\"primaryImageOfPage\":{\"@id\":\"https:\\\/\\\/www.sdmodelcartuning.com\\\/product\\\/118-bmw-e30-325i-cabriolet-custom-alpina-retro-velgen\\\/#primaryimage\"},\"image\":{\"@id\":\"https:\\\/\\\/www.sdmodelcartuning.com\\\/product\\\/118-bmw-e30-325i-cabriolet-custom-alpina-retro-velgen\\\/#primaryimage\"},\"thumbnailUrl\":\"https:\\\/\\\/www.sdmodelcartuning.com\\\/wp-content\\\/uploads\\\/2026\\\/05\\\/20260506_150354.jpg\",\"datePublished\":\"2026-05-06T13:18:23+00:00\",\"breadcrumb\":{\"@id\":\"https:\\\/\\\/www.sdmodelcartuning.com\\\/product\\\/118-bmw-e30-325i-cabriolet-custom-alpina-retro-velgen\\\/#breadcrumb\"},\"inLanguage\":\"fr-FR\",\"potentialAction\":[{\"@type\":\"ReadAction\",\"target\":[\"https:\\\/\\\/www.sdmodelcartuning.com\\\/product\\\/118-bmw-e30-325i-cabriolet-custom-alpina-retro-velgen\\\/\"]}]},{\"@type\":\"ImageObject\",\"inLanguage\":\"fr-FR\",\"@id\":\"https:\\\/\\\/www.sdmodelcartuning.com\\\/product\\\/118-bmw-e30-325i-cabriolet-custom-alpina-retro-velgen\\\/#primaryimage\",\"url\":\"https:\\\/\\\/www.sdmodelcartuning.com\\\/wp-content\\\/uploads\\\/2026\\\/05\\\/20260506_150354.jpg\",\"contentUrl\":\"https:\\\/\\\/www.sdmodelcartuning.com\\\/wp-content\\\/uploads\\\/2026\\\/05\\\/20260506_150354.jpg\",\"width\":2000,\"height\":1500},{\"@type\":\"BreadcrumbList\",\"@id\":\"https:\\\/\\\/www.sdmodelcartuning.com\\\/product\\\/118-bmw-e30-325i-cabriolet-custom-alpina-retro-velgen\\\/#breadcrumb\",\"itemListElement\":[{\"@type\":\"ListItem\",\"position\":1,\"name\":\"Home\",\"item\":\"https:\\\/\\\/www.sdmodelcartuning.com\\\/\"},{\"@type\":\"ListItem\",\"position\":2,\"name\":\"Winkel\",\"item\":\"https:\\\/\\\/www.sdmodelcartuning.com\\\/it\\\/winkel\\\/\"},{\"@type\":\"ListItem\",\"position\":3,\"name\":\"1:18 BMW E30 325I Cabriolet &#8211; Custom Alpina retro velgen\"}]},{\"@type\":\"WebSite\",\"@id\":\"https:\\\/\\\/www.sdmodelcartuning.com\\\/#website\",\"url\":\"https:\\\/\\\/www.sdmodelcartuning.com\\\/\",\"name\":\"SDmodelcartuning.com\",\"description\":\"De miniaturen en toebehoren shop van Nederland\",\"publisher\":{\"@id\":\"https:\\\/\\\/www.sdmodelcartuning.com\\\/#organization\"},\"potentialAction\":[{\"@type\":\"SearchAction\",\"target\":{\"@type\":\"EntryPoint\",\"urlTemplate\":\"https:\\\/\\\/www.sdmodelcartuning.com\\\/?s={search_term_string}\"},\"query-input\":{\"@type\":\"PropertyValueSpecification\",\"valueRequired\":true,\"valueName\":\"search_term_string\"}}],\"inLanguage\":\"fr-FR\"},{\"@type\":\"Organization\",\"@id\":\"https:\\\/\\\/www.sdmodelcartuning.com\\\/#organization\",\"name\":\"SDmodelcartuning.com\",\"url\":\"https:\\\/\\\/www.sdmodelcartuning.com\\\/\",\"logo\":{\"@type\":\"ImageObject\",\"inLanguage\":\"fr-FR\",\"@id\":\"https:\\\/\\\/www.sdmodelcartuning.com\\\/#\\\/schema\\\/logo\\\/image\\\/\",\"url\":\"https:\\\/\\\/www.sdmodelcartuning.com\\\/wp-content\\\/uploads\\\/2020\\\/09\\\/logo-retina.png\",\"contentUrl\":\"https:\\\/\\\/www.sdmodelcartuning.com\\\/wp-content\\\/uploads\\\/2020\\\/09\\\/logo-retina.png\",\"width\":463,\"height\":150,\"caption\":\"SDmodelcartuning.com\"},\"image\":{\"@id\":\"https:\\\/\\\/www.sdmodelcartuning.com\\\/#\\\/schema\\\/logo\\\/image\\\/\"}}]}<\/script>\n<!-- \/ Yoast SEO plugin. -->","yoast_head_json":{"title":"1:18 BMW E30 325I Cabriolet - Jantes r\u00e9tro Alpina personnalis\u00e9es - SDmodelcartuning.com","robots":{"index":"index","follow":"follow","max-snippet":"max-snippet:-1","max-image-preview":"max-image-preview:large","max-video-preview":"max-video-preview:-1"},"canonical":"https:\/\/www.sdmodelcartuning.com\/fr\/produit\/118-bmw-e30-325i-cabriolet-jantes-alpina-retro-personnalisees\/","og_locale":"fr_FR","og_type":"article","og_title":"1:18 BMW E30 325I Cabriolet - Custom Alpina retro velgen - SDmodelcartuning.com","og_description":"1\/18 Schaal BMW E30 325I Cabriolet Groen metallic met Custom Alpina retro velgen Fabrikant: MCG \/ SDmodelcartuning Dit model is voorzien van custom Alpina velgen en sportremschijven. Wordt nieuw in de ovp geleverd. Velgen zijn door de verlaging van het model vast gemonteerd.","og_url":"https:\/\/www.sdmodelcartuning.com\/fr\/produit\/118-bmw-e30-325i-cabriolet-jantes-alpina-retro-personnalisees\/","og_site_name":"SDmodelcartuning.com","og_image":[{"width":2000,"height":1500,"url":"https:\/\/www.sdmodelcartuning.com\/wp-content\/uploads\/2026\/05\/20260506_150354.jpg","type":"image\/jpeg"}],"twitter_card":"summary_large_image","twitter_misc":{"Dur\u00e9e de lecture estim\u00e9e":"1 minute"},"schema":{"@context":"https:\/\/schema.org","@graph":[{"@type":"WebPage","@id":"https:\/\/www.sdmodelcartuning.com\/product\/118-bmw-e30-325i-cabriolet-custom-alpina-retro-velgen\/","url":"https:\/\/www.sdmodelcartuning.com\/product\/118-bmw-e30-325i-cabriolet-custom-alpina-retro-velgen\/","name":"1:18 BMW E30 325I Cabriolet - Jantes r\u00e9tro Alpina personnalis\u00e9es - SDmodelcartuning.com","isPartOf":{"@id":"https:\/\/www.sdmodelcartuning.com\/#website"},"primaryImageOfPage":{"@id":"https:\/\/www.sdmodelcartuning.com\/product\/118-bmw-e30-325i-cabriolet-custom-alpina-retro-velgen\/#primaryimage"},"image":{"@id":"https:\/\/www.sdmodelcartuning.com\/product\/118-bmw-e30-325i-cabriolet-custom-alpina-retro-velgen\/#primaryimage"},"thumbnailUrl":"https:\/\/www.sdmodelcartuning.com\/wp-content\/uploads\/2026\/05\/20260506_150354.jpg","datePublished":"2026-05-06T13:18:23+00:00","breadcrumb":{"@id":"https:\/\/www.sdmodelcartuning.com\/product\/118-bmw-e30-325i-cabriolet-custom-alpina-retro-velgen\/#breadcrumb"},"inLanguage":"fr-FR","potentialAction":[{"@type":"ReadAction","target":["https:\/\/www.sdmodelcartuning.com\/product\/118-bmw-e30-325i-cabriolet-custom-alpina-retro-velgen\/"]}]},{"@type":"ImageObject","inLanguage":"fr-FR","@id":"https:\/\/www.sdmodelcartuning.com\/product\/118-bmw-e30-325i-cabriolet-custom-alpina-retro-velgen\/#primaryimage","url":"https:\/\/www.sdmodelcartuning.com\/wp-content\/uploads\/2026\/05\/20260506_150354.jpg","contentUrl":"https:\/\/www.sdmodelcartuning.com\/wp-content\/uploads\/2026\/05\/20260506_150354.jpg","width":2000,"height":1500},{"@type":"BreadcrumbList","@id":"https:\/\/www.sdmodelcartuning.com\/product\/118-bmw-e30-325i-cabriolet-custom-alpina-retro-velgen\/#breadcrumb","itemListElement":[{"@type":"ListItem","position":1,"name":"Home","item":"https:\/\/www.sdmodelcartuning.com\/"},{"@type":"ListItem","position":2,"name":"Winkel","item":"https:\/\/www.sdmodelcartuning.com\/it\/winkel\/"},{"@type":"ListItem","position":3,"name":"1:18 BMW E30 325I Cabriolet &#8211; Custom Alpina retro velgen"}]},{"@type":"WebSite","@id":"https:\/\/www.sdmodelcartuning.com\/#website","url":"https:\/\/www.sdmodelcartuning.com\/","name":"SDmodelcartuning.com","description":"La boutique de miniatures et d&#039;accessoires des Pays-Bas","publisher":{"@id":"https:\/\/www.sdmodelcartuning.com\/#organization"},"potentialAction":[{"@type":"SearchAction","target":{"@type":"EntryPoint","urlTemplate":"https:\/\/www.sdmodelcartuning.com\/?s={search_term_string}"},"query-input":{"@type":"PropertyValueSpecification","valueRequired":true,"valueName":"search_term_string"}}],"inLanguage":"fr-FR"},{"@type":"Organization","@id":"https:\/\/www.sdmodelcartuning.com\/#organization","name":"SDmodelcartuning.com","url":"https:\/\/www.sdmodelcartuning.com\/","logo":{"@type":"ImageObject","inLanguage":"fr-FR","@id":"https:\/\/www.sdmodelcartuning.com\/#\/schema\/logo\/image\/","url":"https:\/\/www.sdmodelcartuning.com\/wp-content\/uploads\/2020\/09\/logo-retina.png","contentUrl":"https:\/\/www.sdmodelcartuning.com\/wp-content\/uploads\/2020\/09\/logo-retina.png","width":463,"height":150,"caption":"SDmodelcartuning.com"},"image":{"@id":"https:\/\/www.sdmodelcartuning.com\/#\/schema\/logo\/image\/"}}]}},"_links":{"self":[{"href":"https:\/\/www.sdmodelcartuning.com\/fr\/wp-json\/wp\/v2\/product\/164643","targetHints":{"allow":["GET"]}}],"collection":[{"href":"https:\/\/www.sdmodelcartuning.com\/fr\/wp-json\/wp\/v2\/product"}],"about":[{"href":"https:\/\/www.sdmodelcartuning.com\/fr\/wp-json\/wp\/v2\/types\/product"}],"version-history":[{"count":1,"href":"https:\/\/www.sdmodelcartuning.com\/fr\/wp-json\/wp\/v2\/product\/164643\/revisions"}],"predecessor-version":[{"id":164653,"href":"https:\/\/www.sdmodelcartuning.com\/fr\/wp-json\/wp\/v2\/product\/164643\/revisions\/164653"}],"wp:featuredmedia":[{"embeddable":true,"href":"https:\/\/www.sdmodelcartuning.com\/fr\/wp-json\/wp\/v2\/media\/164649"}],"wp:attachment":[{"href":"https:\/\/www.sdmodelcartuning.com\/fr\/wp-json\/wp\/v2\/media?parent=164643"}],"wp:term":[{"taxonomy":"product_brand","embeddable":true,"href":"https:\/\/www.sdmodelcartuning.com\/fr\/wp-json\/wp\/v2\/product_brand?post=164643"},{"taxonomy":"product_cat","embeddable":true,"href":"https:\/\/www.sdmodelcartuning.com\/fr\/wp-json\/wp\/v2\/product_cat?post=164643"},{"taxonomy":"product_tag","embeddable":true,"href":"https:\/\/www.sdmodelcartuning.com\/fr\/wp-json\/wp\/v2\/product_tag?post=164643"}],"curies":[{"name":"wp","href":"https:\/\/api.w.org\/{rel}","templated":true}]}}