{"id":163390,"date":"2026-04-01T12:25:40","date_gmt":"2026-04-01T10:25:40","guid":{"rendered":"https:\/\/www.sdmodelcartuning.com\/?post_type=product&#038;p=163390"},"modified":"2026-04-01T12:25:40","modified_gmt":"2026-04-01T10:25:40","slug":"118-porsche-911-997-old-new-tokyo-autosalon-2024","status":"publish","type":"product","link":"https:\/\/www.sdmodelcartuning.com\/fr\/produit\/118-porsche-911-997-ancien-nouveau-tokyo-autosalon-2024\/","title":{"rendered":"Porsche 911 997 1:18 Old &amp; New Tokyo Autosalon 2024"},"content":{"rendered":"<p>1\/18 \u00c9chelle : Porsche 911 997 Old &amp; New Tokyo Autosalon 2024 \u2013 Vert m\u00e9tallique<\/p>\n<p>Fabricant : GT Spirit<\/p>\n<p>Mod\u00e8le d\u00e9taill\u00e9 et \u00e9dition limit\u00e9e<\/p>\n<p>Mat\u00e9riau : Corps en r\u00e9sine ferm\u00e9e avec des pi\u00e8ces en plastique<\/p>","protected":false},"excerpt":{"rendered":"<p>1\/18 Schaal: Porsche 911 997 Old &amp; New Tokyo Autosalon 2024 &#8211; Groen metallic Fabrikant: GT Spirit Gedetailleerd model en gelimiteerde uitgave Materiaal: Gesloten resin carrosserie met plastic delen<\/p>","protected":false},"featured_media":163396,"template":"","meta":[],"product_brand":[],"product_cat":[1116,1350],"product_tag":[],"class_list":{"0":"post-163390","1":"product","2":"type-product","3":"status-publish","4":"has-post-thumbnail","6":"product_cat-1-18-modelautos","7":"product_cat-porsche","8":"pa_fabrikant-gt-spirit","9":"pa_schaal-2317","11":"first","12":"instock","13":"taxable","14":"shipping-taxable","15":"purchasable","16":"product-type-simple"},"yoast_head":"<!-- This site is optimized with the Yoast SEO plugin v26.8 - https:\/\/yoast.com\/product\/yoast-seo-wordpress\/ -->\n<title>1:18 Porsche 911 997 Old &amp; New Tokyo Autosalon 2024 - SDmodelcartuning.com<\/title>\n<meta name=\"robots\" content=\"index, follow, max-snippet:-1, max-image-preview:large, max-video-preview:-1\" \/>\n<link rel=\"canonical\" href=\"https:\/\/www.sdmodelcartuning.com\/fr\/produit\/118-porsche-911-997-ancien-nouveau-tokyo-autosalon-2024\/\" \/>\n<meta property=\"og:locale\" content=\"fr_FR\" \/>\n<meta property=\"og:type\" content=\"article\" \/>\n<meta property=\"og:title\" content=\"1:18 Porsche 911 997 Old &amp; New Tokyo Autosalon 2024 - SDmodelcartuning.com\" \/>\n<meta property=\"og:description\" content=\"1\/18 Schaal: Porsche 911 997 Old &amp; New Tokyo Autosalon 2024 &#8211; Groen metallic Fabrikant: GT Spirit Gedetailleerd model en gelimiteerde uitgave Materiaal: Gesloten resin carrosserie met plastic delen\" \/>\n<meta property=\"og:url\" content=\"https:\/\/www.sdmodelcartuning.com\/fr\/produit\/118-porsche-911-997-ancien-nouveau-tokyo-autosalon-2024\/\" \/>\n<meta property=\"og:site_name\" content=\"SDmodelcartuning.com\" \/>\n<meta property=\"og:image\" content=\"https:\/\/www.sdmodelcartuning.com\/wp-content\/uploads\/2026\/04\/GT548.jpg\" \/>\n\t<meta property=\"og:image:width\" content=\"800\" \/>\n\t<meta property=\"og:image:height\" content=\"800\" \/>\n\t<meta property=\"og:image:type\" content=\"image\/jpeg\" \/>\n<meta name=\"twitter:card\" content=\"summary_large_image\" \/>\n<meta name=\"twitter:label1\" content=\"Dur\u00e9e de lecture estim\u00e9e\" \/>\n\t<meta name=\"twitter:data1\" content=\"1 minute\" \/>\n<script type=\"application\/ld+json\" class=\"yoast-schema-graph\">{\"@context\":\"https:\/\/schema.org\",\"@graph\":[{\"@type\":\"WebPage\",\"@id\":\"https:\/\/www.sdmodelcartuning.com\/product\/118-porsche-911-997-old-new-tokyo-autosalon-2024\/\",\"url\":\"https:\/\/www.sdmodelcartuning.com\/product\/118-porsche-911-997-old-new-tokyo-autosalon-2024\/\",\"name\":\"1:18 Porsche 911 997 Old & New Tokyo Autosalon 2024 - SDmodelcartuning.com\",\"isPartOf\":{\"@id\":\"https:\/\/www.sdmodelcartuning.com\/#website\"},\"primaryImageOfPage\":{\"@id\":\"https:\/\/www.sdmodelcartuning.com\/product\/118-porsche-911-997-old-new-tokyo-autosalon-2024\/#primaryimage\"},\"image\":{\"@id\":\"https:\/\/www.sdmodelcartuning.com\/product\/118-porsche-911-997-old-new-tokyo-autosalon-2024\/#primaryimage\"},\"thumbnailUrl\":\"https:\/\/www.sdmodelcartuning.com\/wp-content\/uploads\/2026\/04\/GT548.jpg\",\"datePublished\":\"2026-04-01T10:25:40+00:00\",\"breadcrumb\":{\"@id\":\"https:\/\/www.sdmodelcartuning.com\/product\/118-porsche-911-997-old-new-tokyo-autosalon-2024\/#breadcrumb\"},\"inLanguage\":\"fr-FR\",\"potentialAction\":[{\"@type\":\"ReadAction\",\"target\":[\"https:\/\/www.sdmodelcartuning.com\/product\/118-porsche-911-997-old-new-tokyo-autosalon-2024\/\"]}]},{\"@type\":\"ImageObject\",\"inLanguage\":\"fr-FR\",\"@id\":\"https:\/\/www.sdmodelcartuning.com\/product\/118-porsche-911-997-old-new-tokyo-autosalon-2024\/#primaryimage\",\"url\":\"https:\/\/www.sdmodelcartuning.com\/wp-content\/uploads\/2026\/04\/GT548.jpg\",\"contentUrl\":\"https:\/\/www.sdmodelcartuning.com\/wp-content\/uploads\/2026\/04\/GT548.jpg\",\"width\":800,\"height\":800},{\"@type\":\"BreadcrumbList\",\"@id\":\"https:\/\/www.sdmodelcartuning.com\/product\/118-porsche-911-997-old-new-tokyo-autosalon-2024\/#breadcrumb\",\"itemListElement\":[{\"@type\":\"ListItem\",\"position\":1,\"name\":\"Home\",\"item\":\"https:\/\/www.sdmodelcartuning.com\/\"},{\"@type\":\"ListItem\",\"position\":2,\"name\":\"Winkel\",\"item\":\"https:\/\/www.sdmodelcartuning.com\/it\/winkel\/\"},{\"@type\":\"ListItem\",\"position\":3,\"name\":\"1:18 Porsche 911 997 Old &#038; New Tokyo Autosalon 2024\"}]},{\"@type\":\"WebSite\",\"@id\":\"https:\/\/www.sdmodelcartuning.com\/#website\",\"url\":\"https:\/\/www.sdmodelcartuning.com\/\",\"name\":\"SDmodelcartuning.com\",\"description\":\"De miniaturen en toebehoren shop van Nederland\",\"publisher\":{\"@id\":\"https:\/\/www.sdmodelcartuning.com\/#organization\"},\"potentialAction\":[{\"@type\":\"SearchAction\",\"target\":{\"@type\":\"EntryPoint\",\"urlTemplate\":\"https:\/\/www.sdmodelcartuning.com\/?s={search_term_string}\"},\"query-input\":{\"@type\":\"PropertyValueSpecification\",\"valueRequired\":true,\"valueName\":\"search_term_string\"}}],\"inLanguage\":\"fr-FR\"},{\"@type\":\"Organization\",\"@id\":\"https:\/\/www.sdmodelcartuning.com\/#organization\",\"name\":\"SDmodelcartuning.com\",\"url\":\"https:\/\/www.sdmodelcartuning.com\/\",\"logo\":{\"@type\":\"ImageObject\",\"inLanguage\":\"fr-FR\",\"@id\":\"https:\/\/www.sdmodelcartuning.com\/#\/schema\/logo\/image\/\",\"url\":\"https:\/\/www.sdmodelcartuning.com\/wp-content\/uploads\/2020\/09\/logo-retina.png\",\"contentUrl\":\"https:\/\/www.sdmodelcartuning.com\/wp-content\/uploads\/2020\/09\/logo-retina.png\",\"width\":463,\"height\":150,\"caption\":\"SDmodelcartuning.com\"},\"image\":{\"@id\":\"https:\/\/www.sdmodelcartuning.com\/#\/schema\/logo\/image\/\"}}]}<\/script>\n<!-- \/ Yoast SEO plugin. -->","yoast_head_json":{"title":"1:18 Porsche 911 997 Ancienne et Nouvelle Tokyo Autosalon 2024 - SDmodelcartuning.com","robots":{"index":"index","follow":"follow","max-snippet":"max-snippet:-1","max-image-preview":"max-image-preview:large","max-video-preview":"max-video-preview:-1"},"canonical":"https:\/\/www.sdmodelcartuning.com\/fr\/produit\/118-porsche-911-997-ancien-nouveau-tokyo-autosalon-2024\/","og_locale":"fr_FR","og_type":"article","og_title":"1:18 Porsche 911 997 Old & New Tokyo Autosalon 2024 - SDmodelcartuning.com","og_description":"1\/18 Schaal: Porsche 911 997 Old &amp; New Tokyo Autosalon 2024 &#8211; Groen metallic Fabrikant: GT Spirit Gedetailleerd model en gelimiteerde uitgave Materiaal: Gesloten resin carrosserie met plastic delen","og_url":"https:\/\/www.sdmodelcartuning.com\/fr\/produit\/118-porsche-911-997-ancien-nouveau-tokyo-autosalon-2024\/","og_site_name":"SDmodelcartuning.com","og_image":[{"width":800,"height":800,"url":"https:\/\/www.sdmodelcartuning.com\/wp-content\/uploads\/2026\/04\/GT548.jpg","type":"image\/jpeg"}],"twitter_card":"summary_large_image","twitter_misc":{"Dur\u00e9e de lecture estim\u00e9e":"1 minute"},"schema":{"@context":"https:\/\/schema.org","@graph":[{"@type":"WebPage","@id":"https:\/\/www.sdmodelcartuning.com\/product\/118-porsche-911-997-old-new-tokyo-autosalon-2024\/","url":"https:\/\/www.sdmodelcartuning.com\/product\/118-porsche-911-997-old-new-tokyo-autosalon-2024\/","name":"1:18 Porsche 911 997 Ancienne et Nouvelle Tokyo Autosalon 2024 - SDmodelcartuning.com","isPartOf":{"@id":"https:\/\/www.sdmodelcartuning.com\/#website"},"primaryImageOfPage":{"@id":"https:\/\/www.sdmodelcartuning.com\/product\/118-porsche-911-997-old-new-tokyo-autosalon-2024\/#primaryimage"},"image":{"@id":"https:\/\/www.sdmodelcartuning.com\/product\/118-porsche-911-997-old-new-tokyo-autosalon-2024\/#primaryimage"},"thumbnailUrl":"https:\/\/www.sdmodelcartuning.com\/wp-content\/uploads\/2026\/04\/GT548.jpg","datePublished":"2026-04-01T10:25:40+00:00","breadcrumb":{"@id":"https:\/\/www.sdmodelcartuning.com\/product\/118-porsche-911-997-old-new-tokyo-autosalon-2024\/#breadcrumb"},"inLanguage":"fr-FR","potentialAction":[{"@type":"ReadAction","target":["https:\/\/www.sdmodelcartuning.com\/product\/118-porsche-911-997-old-new-tokyo-autosalon-2024\/"]}]},{"@type":"ImageObject","inLanguage":"fr-FR","@id":"https:\/\/www.sdmodelcartuning.com\/product\/118-porsche-911-997-old-new-tokyo-autosalon-2024\/#primaryimage","url":"https:\/\/www.sdmodelcartuning.com\/wp-content\/uploads\/2026\/04\/GT548.jpg","contentUrl":"https:\/\/www.sdmodelcartuning.com\/wp-content\/uploads\/2026\/04\/GT548.jpg","width":800,"height":800},{"@type":"BreadcrumbList","@id":"https:\/\/www.sdmodelcartuning.com\/product\/118-porsche-911-997-old-new-tokyo-autosalon-2024\/#breadcrumb","itemListElement":[{"@type":"ListItem","position":1,"name":"Home","item":"https:\/\/www.sdmodelcartuning.com\/"},{"@type":"ListItem","position":2,"name":"Winkel","item":"https:\/\/www.sdmodelcartuning.com\/it\/winkel\/"},{"@type":"ListItem","position":3,"name":"1:18 Porsche 911 997 Old &#038; New Tokyo Autosalon 2024"}]},{"@type":"WebSite","@id":"https:\/\/www.sdmodelcartuning.com\/#website","url":"https:\/\/www.sdmodelcartuning.com\/","name":"SDmodelcartuning.com","description":"La boutique de miniatures et d&#039;accessoires des Pays-Bas","publisher":{"@id":"https:\/\/www.sdmodelcartuning.com\/#organization"},"potentialAction":[{"@type":"SearchAction","target":{"@type":"EntryPoint","urlTemplate":"https:\/\/www.sdmodelcartuning.com\/?s={search_term_string}"},"query-input":{"@type":"PropertyValueSpecification","valueRequired":true,"valueName":"search_term_string"}}],"inLanguage":"fr-FR"},{"@type":"Organization","@id":"https:\/\/www.sdmodelcartuning.com\/#organization","name":"SDmodelcartuning.com","url":"https:\/\/www.sdmodelcartuning.com\/","logo":{"@type":"ImageObject","inLanguage":"fr-FR","@id":"https:\/\/www.sdmodelcartuning.com\/#\/schema\/logo\/image\/","url":"https:\/\/www.sdmodelcartuning.com\/wp-content\/uploads\/2020\/09\/logo-retina.png","contentUrl":"https:\/\/www.sdmodelcartuning.com\/wp-content\/uploads\/2020\/09\/logo-retina.png","width":463,"height":150,"caption":"SDmodelcartuning.com"},"image":{"@id":"https:\/\/www.sdmodelcartuning.com\/#\/schema\/logo\/image\/"}}]}},"_links":{"self":[{"href":"https:\/\/www.sdmodelcartuning.com\/fr\/wp-json\/wp\/v2\/product\/163390","targetHints":{"allow":["GET"]}}],"collection":[{"href":"https:\/\/www.sdmodelcartuning.com\/fr\/wp-json\/wp\/v2\/product"}],"about":[{"href":"https:\/\/www.sdmodelcartuning.com\/fr\/wp-json\/wp\/v2\/types\/product"}],"version-history":[{"count":1,"href":"https:\/\/www.sdmodelcartuning.com\/fr\/wp-json\/wp\/v2\/product\/163390\/revisions"}],"predecessor-version":[{"id":163397,"href":"https:\/\/www.sdmodelcartuning.com\/fr\/wp-json\/wp\/v2\/product\/163390\/revisions\/163397"}],"wp:featuredmedia":[{"embeddable":true,"href":"https:\/\/www.sdmodelcartuning.com\/fr\/wp-json\/wp\/v2\/media\/163396"}],"wp:attachment":[{"href":"https:\/\/www.sdmodelcartuning.com\/fr\/wp-json\/wp\/v2\/media?parent=163390"}],"wp:term":[{"taxonomy":"product_brand","embeddable":true,"href":"https:\/\/www.sdmodelcartuning.com\/fr\/wp-json\/wp\/v2\/product_brand?post=163390"},{"taxonomy":"product_cat","embeddable":true,"href":"https:\/\/www.sdmodelcartuning.com\/fr\/wp-json\/wp\/v2\/product_cat?post=163390"},{"taxonomy":"product_tag","embeddable":true,"href":"https:\/\/www.sdmodelcartuning.com\/fr\/wp-json\/wp\/v2\/product_tag?post=163390"}],"curies":[{"name":"wp","href":"https:\/\/api.w.org\/{rel}","templated":true}]}}