{"id":162921,"date":"2026-03-26T13:22:51","date_gmt":"2026-03-26T12:22:51","guid":{"rendered":"https:\/\/www.sdmodelcartuning.com\/?post_type=product&#038;p=162921"},"modified":"2026-05-03T21:39:18","modified_gmt":"2026-05-03T19:39:18","slug":"118-bmw-m3-touring-g81-2025-brooklyn-grey","status":"publish","type":"product","link":"https:\/\/www.sdmodelcartuning.com\/fr\/produit\/118-bmw-m3-touring-g81-2025-brooklyn-grey\/","title":{"rendered":"1:18 BMW M3 Touring G81 - 2025 - Gris Brooklyn"},"content":{"rendered":"<p>\u00c9chelle 1\/18 : BMW M3 Touring G81 \u2013 2025 \u2013 Gris Brooklyn<\/p>\n<p>Fabricant : Sunrich Toys<\/p>\n<ul>\n<li>Collection Lifestyle BMW d'origine 2025<\/li>\n<\/ul>\n<p>Mod\u00e8le tr\u00e8s d\u00e9taill\u00e9 dont les portes et le capot peuvent \u00eatre ouverts.<\/p>\n<p>Ce mod\u00e8le est pr\u00e9sent\u00e9 sur un plateau en plastique de luxe<\/p>\n<p>Mat\u00e9riau : m\u00e9tal moul\u00e9 sous pression avec pi\u00e8ces en plastique.<\/p>","protected":false},"excerpt":{"rendered":"<p>\u00c9chelle 1\/18 : BMW M3 Touring G81 - 2025 - Brooklyn Grey Fabricant : Sunrich Toys Collection originale BMW lifestyle 2025 Mod\u00e8le tr\u00e8s d\u00e9taill\u00e9 dont les portes et le capot peuvent \u00eatre ouverts. Ce mod\u00e8le est livr\u00e9 sur un plateau en plastique de luxe. Mat\u00e9riau : m\u00e9tal moul\u00e9 sous pression avec des pi\u00e8ces en plastique.<\/p>","protected":false},"featured_media":163247,"template":"","meta":[],"product_brand":[],"product_cat":[1116,1293],"product_tag":[],"class_list":{"0":"post-162921","1":"product","2":"type-product","3":"status-publish","4":"has-post-thumbnail","6":"product_cat-1-18-modelautos","7":"product_cat-bmw-1-18-modelautos","8":"pa_fabrikant-dealer-exclusief","9":"pa_schaal-2317","11":"first","12":"instock","13":"taxable","14":"shipping-taxable","15":"purchasable","16":"product-type-simple"},"yoast_head":"<!-- This site is optimized with the Yoast SEO plugin v27.5 - https:\/\/yoast.com\/product\/yoast-seo-wordpress\/ -->\n<title>1:18 BMW M3 Touring G81 - 2025 - Brooklyn Grey - SDmodelcartuning.com<\/title>\n<meta name=\"robots\" content=\"index, follow, max-snippet:-1, max-image-preview:large, max-video-preview:-1\" \/>\n<link rel=\"canonical\" href=\"https:\/\/www.sdmodelcartuning.com\/fr\/produit\/118-bmw-m3-touring-g81-2025-brooklyn-grey\/\" \/>\n<meta property=\"og:locale\" content=\"fr_FR\" \/>\n<meta property=\"og:type\" content=\"article\" \/>\n<meta property=\"og:title\" content=\"1:18 BMW M3 Touring G81 - 2025 - Brooklyn Grey - SDmodelcartuning.com\" \/>\n<meta property=\"og:description\" content=\"1\/18 schaal:\u00a0BMW M3 Touring G81 \u2013 2025 \u2013\u00a0 Brooklyn Grey Fabrikant: Sunrich Toys Originele BMW lifestyle collectie 2025 Zeer gedetailleerd model waarbij de portieren en motorkap kunnen worden geopend. Dit model wordt geleverd op luxe kunststof plateau Materiaal: diecast metaal met plastic delen.\" \/>\n<meta property=\"og:url\" content=\"https:\/\/www.sdmodelcartuning.com\/fr\/produit\/118-bmw-m3-touring-g81-2025-brooklyn-grey\/\" \/>\n<meta property=\"og:site_name\" content=\"SDmodelcartuning.com\" \/>\n<meta property=\"article:modified_time\" content=\"2026-05-03T19:39:18+00:00\" \/>\n<meta property=\"og:image\" content=\"https:\/\/www.sdmodelcartuning.com\/wp-content\/uploads\/2026\/03\/IMG-20260326-WA0073.jpg\" \/>\n\t<meta property=\"og:image:width\" content=\"2000\" \/>\n\t<meta property=\"og:image:height\" content=\"1500\" \/>\n\t<meta property=\"og:image:type\" content=\"image\/jpeg\" \/>\n<meta name=\"twitter:card\" content=\"summary_large_image\" \/>\n<meta name=\"twitter:label1\" content=\"Dur\u00e9e de lecture estim\u00e9e\" \/>\n\t<meta name=\"twitter:data1\" content=\"1 minute\" \/>\n<script type=\"application\/ld+json\" class=\"yoast-schema-graph\">{\"@context\":\"https:\\\/\\\/schema.org\",\"@graph\":[{\"@type\":\"WebPage\",\"@id\":\"https:\\\/\\\/www.sdmodelcartuning.com\\\/product\\\/118-bmw-m3-touring-g81-2025-brooklyn-grey\\\/\",\"url\":\"https:\\\/\\\/www.sdmodelcartuning.com\\\/product\\\/118-bmw-m3-touring-g81-2025-brooklyn-grey\\\/\",\"name\":\"1:18 BMW M3 Touring G81 - 2025 - Brooklyn Grey - SDmodelcartuning.com\",\"isPartOf\":{\"@id\":\"https:\\\/\\\/www.sdmodelcartuning.com\\\/#website\"},\"primaryImageOfPage\":{\"@id\":\"https:\\\/\\\/www.sdmodelcartuning.com\\\/product\\\/118-bmw-m3-touring-g81-2025-brooklyn-grey\\\/#primaryimage\"},\"image\":{\"@id\":\"https:\\\/\\\/www.sdmodelcartuning.com\\\/product\\\/118-bmw-m3-touring-g81-2025-brooklyn-grey\\\/#primaryimage\"},\"thumbnailUrl\":\"https:\\\/\\\/www.sdmodelcartuning.com\\\/wp-content\\\/uploads\\\/2026\\\/03\\\/IMG-20260326-WA0073.jpg\",\"datePublished\":\"2026-03-26T12:22:51+00:00\",\"dateModified\":\"2026-05-03T19:39:18+00:00\",\"breadcrumb\":{\"@id\":\"https:\\\/\\\/www.sdmodelcartuning.com\\\/product\\\/118-bmw-m3-touring-g81-2025-brooklyn-grey\\\/#breadcrumb\"},\"inLanguage\":\"fr-FR\",\"potentialAction\":[{\"@type\":\"ReadAction\",\"target\":[\"https:\\\/\\\/www.sdmodelcartuning.com\\\/product\\\/118-bmw-m3-touring-g81-2025-brooklyn-grey\\\/\"]}]},{\"@type\":\"ImageObject\",\"inLanguage\":\"fr-FR\",\"@id\":\"https:\\\/\\\/www.sdmodelcartuning.com\\\/product\\\/118-bmw-m3-touring-g81-2025-brooklyn-grey\\\/#primaryimage\",\"url\":\"https:\\\/\\\/www.sdmodelcartuning.com\\\/wp-content\\\/uploads\\\/2026\\\/03\\\/IMG-20260326-WA0073.jpg\",\"contentUrl\":\"https:\\\/\\\/www.sdmodelcartuning.com\\\/wp-content\\\/uploads\\\/2026\\\/03\\\/IMG-20260326-WA0073.jpg\",\"width\":2000,\"height\":1500},{\"@type\":\"BreadcrumbList\",\"@id\":\"https:\\\/\\\/www.sdmodelcartuning.com\\\/product\\\/118-bmw-m3-touring-g81-2025-brooklyn-grey\\\/#breadcrumb\",\"itemListElement\":[{\"@type\":\"ListItem\",\"position\":1,\"name\":\"Home\",\"item\":\"https:\\\/\\\/www.sdmodelcartuning.com\\\/\"},{\"@type\":\"ListItem\",\"position\":2,\"name\":\"Winkel\",\"item\":\"https:\\\/\\\/www.sdmodelcartuning.com\\\/it\\\/winkel\\\/\"},{\"@type\":\"ListItem\",\"position\":3,\"name\":\"1:18 BMW M3 Touring G81 &#8211; 2025 &#8211; Brooklyn Grey\"}]},{\"@type\":\"WebSite\",\"@id\":\"https:\\\/\\\/www.sdmodelcartuning.com\\\/#website\",\"url\":\"https:\\\/\\\/www.sdmodelcartuning.com\\\/\",\"name\":\"SDmodelcartuning.com\",\"description\":\"De miniaturen en toebehoren shop van Nederland\",\"publisher\":{\"@id\":\"https:\\\/\\\/www.sdmodelcartuning.com\\\/#organization\"},\"potentialAction\":[{\"@type\":\"SearchAction\",\"target\":{\"@type\":\"EntryPoint\",\"urlTemplate\":\"https:\\\/\\\/www.sdmodelcartuning.com\\\/?s={search_term_string}\"},\"query-input\":{\"@type\":\"PropertyValueSpecification\",\"valueRequired\":true,\"valueName\":\"search_term_string\"}}],\"inLanguage\":\"fr-FR\"},{\"@type\":\"Organization\",\"@id\":\"https:\\\/\\\/www.sdmodelcartuning.com\\\/#organization\",\"name\":\"SDmodelcartuning.com\",\"url\":\"https:\\\/\\\/www.sdmodelcartuning.com\\\/\",\"logo\":{\"@type\":\"ImageObject\",\"inLanguage\":\"fr-FR\",\"@id\":\"https:\\\/\\\/www.sdmodelcartuning.com\\\/#\\\/schema\\\/logo\\\/image\\\/\",\"url\":\"https:\\\/\\\/www.sdmodelcartuning.com\\\/wp-content\\\/uploads\\\/2020\\\/09\\\/logo-retina.png\",\"contentUrl\":\"https:\\\/\\\/www.sdmodelcartuning.com\\\/wp-content\\\/uploads\\\/2020\\\/09\\\/logo-retina.png\",\"width\":463,\"height\":150,\"caption\":\"SDmodelcartuning.com\"},\"image\":{\"@id\":\"https:\\\/\\\/www.sdmodelcartuning.com\\\/#\\\/schema\\\/logo\\\/image\\\/\"}}]}<\/script>\n<!-- \/ Yoast SEO plugin. -->","yoast_head_json":{"title":"1:18 BMW M3 Touring G81 - 2025 - Brooklyn Grey - SDmodelcartuning.com","robots":{"index":"index","follow":"follow","max-snippet":"max-snippet:-1","max-image-preview":"max-image-preview:large","max-video-preview":"max-video-preview:-1"},"canonical":"https:\/\/www.sdmodelcartuning.com\/fr\/produit\/118-bmw-m3-touring-g81-2025-brooklyn-grey\/","og_locale":"fr_FR","og_type":"article","og_title":"1:18 BMW M3 Touring G81 - 2025 - Brooklyn Grey - SDmodelcartuning.com","og_description":"1\/18 schaal:\u00a0BMW M3 Touring G81 \u2013 2025 \u2013\u00a0 Brooklyn Grey Fabrikant: Sunrich Toys Originele BMW lifestyle collectie 2025 Zeer gedetailleerd model waarbij de portieren en motorkap kunnen worden geopend. Dit model wordt geleverd op luxe kunststof plateau Materiaal: diecast metaal met plastic delen.","og_url":"https:\/\/www.sdmodelcartuning.com\/fr\/produit\/118-bmw-m3-touring-g81-2025-brooklyn-grey\/","og_site_name":"SDmodelcartuning.com","article_modified_time":"2026-05-03T19:39:18+00:00","og_image":[{"width":2000,"height":1500,"url":"https:\/\/www.sdmodelcartuning.com\/wp-content\/uploads\/2026\/03\/IMG-20260326-WA0073.jpg","type":"image\/jpeg"}],"twitter_card":"summary_large_image","twitter_misc":{"Dur\u00e9e de lecture estim\u00e9e":"1 minute"},"schema":{"@context":"https:\/\/schema.org","@graph":[{"@type":"WebPage","@id":"https:\/\/www.sdmodelcartuning.com\/product\/118-bmw-m3-touring-g81-2025-brooklyn-grey\/","url":"https:\/\/www.sdmodelcartuning.com\/product\/118-bmw-m3-touring-g81-2025-brooklyn-grey\/","name":"1:18 BMW M3 Touring G81 - 2025 - Brooklyn Grey - SDmodelcartuning.com","isPartOf":{"@id":"https:\/\/www.sdmodelcartuning.com\/#website"},"primaryImageOfPage":{"@id":"https:\/\/www.sdmodelcartuning.com\/product\/118-bmw-m3-touring-g81-2025-brooklyn-grey\/#primaryimage"},"image":{"@id":"https:\/\/www.sdmodelcartuning.com\/product\/118-bmw-m3-touring-g81-2025-brooklyn-grey\/#primaryimage"},"thumbnailUrl":"https:\/\/www.sdmodelcartuning.com\/wp-content\/uploads\/2026\/03\/IMG-20260326-WA0073.jpg","datePublished":"2026-03-26T12:22:51+00:00","dateModified":"2026-05-03T19:39:18+00:00","breadcrumb":{"@id":"https:\/\/www.sdmodelcartuning.com\/product\/118-bmw-m3-touring-g81-2025-brooklyn-grey\/#breadcrumb"},"inLanguage":"fr-FR","potentialAction":[{"@type":"ReadAction","target":["https:\/\/www.sdmodelcartuning.com\/product\/118-bmw-m3-touring-g81-2025-brooklyn-grey\/"]}]},{"@type":"ImageObject","inLanguage":"fr-FR","@id":"https:\/\/www.sdmodelcartuning.com\/product\/118-bmw-m3-touring-g81-2025-brooklyn-grey\/#primaryimage","url":"https:\/\/www.sdmodelcartuning.com\/wp-content\/uploads\/2026\/03\/IMG-20260326-WA0073.jpg","contentUrl":"https:\/\/www.sdmodelcartuning.com\/wp-content\/uploads\/2026\/03\/IMG-20260326-WA0073.jpg","width":2000,"height":1500},{"@type":"BreadcrumbList","@id":"https:\/\/www.sdmodelcartuning.com\/product\/118-bmw-m3-touring-g81-2025-brooklyn-grey\/#breadcrumb","itemListElement":[{"@type":"ListItem","position":1,"name":"Home","item":"https:\/\/www.sdmodelcartuning.com\/"},{"@type":"ListItem","position":2,"name":"Winkel","item":"https:\/\/www.sdmodelcartuning.com\/it\/winkel\/"},{"@type":"ListItem","position":3,"name":"1:18 BMW M3 Touring G81 &#8211; 2025 &#8211; Brooklyn Grey"}]},{"@type":"WebSite","@id":"https:\/\/www.sdmodelcartuning.com\/#website","url":"https:\/\/www.sdmodelcartuning.com\/","name":"SDmodelcartuning.com","description":"La boutique de miniatures et d&#039;accessoires des Pays-Bas","publisher":{"@id":"https:\/\/www.sdmodelcartuning.com\/#organization"},"potentialAction":[{"@type":"SearchAction","target":{"@type":"EntryPoint","urlTemplate":"https:\/\/www.sdmodelcartuning.com\/?s={search_term_string}"},"query-input":{"@type":"PropertyValueSpecification","valueRequired":true,"valueName":"search_term_string"}}],"inLanguage":"fr-FR"},{"@type":"Organization","@id":"https:\/\/www.sdmodelcartuning.com\/#organization","name":"SDmodelcartuning.com","url":"https:\/\/www.sdmodelcartuning.com\/","logo":{"@type":"ImageObject","inLanguage":"fr-FR","@id":"https:\/\/www.sdmodelcartuning.com\/#\/schema\/logo\/image\/","url":"https:\/\/www.sdmodelcartuning.com\/wp-content\/uploads\/2020\/09\/logo-retina.png","contentUrl":"https:\/\/www.sdmodelcartuning.com\/wp-content\/uploads\/2020\/09\/logo-retina.png","width":463,"height":150,"caption":"SDmodelcartuning.com"},"image":{"@id":"https:\/\/www.sdmodelcartuning.com\/#\/schema\/logo\/image\/"}}]}},"_links":{"self":[{"href":"https:\/\/www.sdmodelcartuning.com\/fr\/wp-json\/wp\/v2\/product\/162921","targetHints":{"allow":["GET"]}}],"collection":[{"href":"https:\/\/www.sdmodelcartuning.com\/fr\/wp-json\/wp\/v2\/product"}],"about":[{"href":"https:\/\/www.sdmodelcartuning.com\/fr\/wp-json\/wp\/v2\/types\/product"}],"version-history":[{"count":2,"href":"https:\/\/www.sdmodelcartuning.com\/fr\/wp-json\/wp\/v2\/product\/162921\/revisions"}],"predecessor-version":[{"id":163249,"href":"https:\/\/www.sdmodelcartuning.com\/fr\/wp-json\/wp\/v2\/product\/162921\/revisions\/163249"}],"wp:featuredmedia":[{"embeddable":true,"href":"https:\/\/www.sdmodelcartuning.com\/fr\/wp-json\/wp\/v2\/media\/163247"}],"wp:attachment":[{"href":"https:\/\/www.sdmodelcartuning.com\/fr\/wp-json\/wp\/v2\/media?parent=162921"}],"wp:term":[{"taxonomy":"product_brand","embeddable":true,"href":"https:\/\/www.sdmodelcartuning.com\/fr\/wp-json\/wp\/v2\/product_brand?post=162921"},{"taxonomy":"product_cat","embeddable":true,"href":"https:\/\/www.sdmodelcartuning.com\/fr\/wp-json\/wp\/v2\/product_cat?post=162921"},{"taxonomy":"product_tag","embeddable":true,"href":"https:\/\/www.sdmodelcartuning.com\/fr\/wp-json\/wp\/v2\/product_tag?post=162921"}],"curies":[{"name":"wp","href":"https:\/\/api.w.org\/{rel}","templated":true}]}}