{"id":160974,"date":"2026-01-30T11:30:10","date_gmt":"2026-01-30T10:30:10","guid":{"rendered":"https:\/\/www.sdmodelcartuning.com\/?post_type=product&#038;p=160974"},"modified":"2026-04-23T20:29:27","modified_gmt":"2026-04-23T18:29:27","slug":"112-ferrari-308-gts-qv-us-version-tv-serie-magnum-1982-groen-metallic","status":"publish","type":"product","link":"https:\/\/www.sdmodelcartuning.com\/fr\/produit\/112-ferrari-308-gts-qv-us-version-tv-series-magnum-1982-green-metallic\/","title":{"rendered":"1:12 Ferrari 308 GTS QV US -Version TV Series Magnum - 1982 - vert m\u00e9tallique\u00a0"},"content":{"rendered":"<p>Echelle 1\/12 : Ferrari 308 GTS QV US -Version aus der TV Serie Magnum 1982 green metallic<\/p>\n<p>Fabricant : KK Scale<\/p>\n<p>Mod\u00e8le tr\u00e8s d\u00e9taill\u00e9 dont les portes avant et le capot peuvent \u00eatre ouverts.<\/p>\n<p>Mat\u00e9riau : m\u00e9tal moul\u00e9 sous pression avec pi\u00e8ces en plastique.<\/p>","protected":false},"excerpt":{"rendered":"<p>\u00c9chelle 1\/12 : Ferrari 308 GTS QV US -Version aus der TV Serie Magnum 1982 green metallic Fabricant : KK Scale Mod\u00e8le tr\u00e8s d\u00e9taill\u00e9 dont les portes avant et le capot peuvent \u00eatre ouverts. Mat\u00e9riau : m\u00e9tal moul\u00e9 sous pression et pi\u00e8ces en plastique.<\/p>","protected":false},"featured_media":160939,"template":"","meta":[],"product_brand":[],"product_cat":[1107,1344,2255],"product_tag":[],"class_list":{"0":"post-160974","1":"product","2":"type-product","3":"status-publish","4":"has-post-thumbnail","6":"product_cat-112-modelautos","7":"product_cat-ferrari","8":"product_cat-ferrari-112-modelautos","10":"first","11":"instock","12":"taxable","13":"shipping-taxable","14":"purchasable","15":"product-type-simple"},"yoast_head":"<!-- This site is optimized with the Yoast SEO plugin v27.5 - https:\/\/yoast.com\/product\/yoast-seo-wordpress\/ -->\n<title>1:12 Ferrari 308 GTS QV US -Version TV Serie Magnum - 1982 - groen metallic\u00a0 - SDmodelcartuning.com<\/title>\n<meta name=\"robots\" content=\"index, follow, max-snippet:-1, max-image-preview:large, max-video-preview:-1\" \/>\n<link rel=\"canonical\" href=\"https:\/\/www.sdmodelcartuning.com\/fr\/produit\/112-ferrari-308-gts-qv-us-version-tv-series-magnum-1982-green-metallic\/\" \/>\n<meta property=\"og:locale\" content=\"fr_FR\" \/>\n<meta property=\"og:type\" content=\"article\" \/>\n<meta property=\"og:title\" content=\"1:12 Ferrari 308 GTS QV US -Version TV Serie Magnum - 1982 - groen metallic\u00a0 - SDmodelcartuning.com\" \/>\n<meta property=\"og:description\" content=\"1\/12 schaal: Ferrari 308 GTS QV US -Version aus der TV Serie Magnum 1982 groen metallic Fabrikant: KK Scale Zeer gedetailleerd model waarbij de voorportieren en motorkap kunnen worden geopend. Materiaal: diecast metaal met plastic delen.\" \/>\n<meta property=\"og:url\" content=\"https:\/\/www.sdmodelcartuning.com\/fr\/produit\/112-ferrari-308-gts-qv-us-version-tv-series-magnum-1982-green-metallic\/\" \/>\n<meta property=\"og:site_name\" content=\"SDmodelcartuning.com\" \/>\n<meta property=\"article:modified_time\" content=\"2026-04-23T18:29:27+00:00\" \/>\n<meta property=\"og:image\" content=\"https:\/\/www.sdmodelcartuning.com\/wp-content\/uploads\/2026\/01\/KKDC120274A.jpg\" \/>\n\t<meta property=\"og:image:width\" content=\"1000\" \/>\n\t<meta property=\"og:image:height\" content=\"481\" \/>\n\t<meta property=\"og:image:type\" content=\"image\/jpeg\" \/>\n<meta name=\"twitter:card\" content=\"summary_large_image\" \/>\n<meta name=\"twitter:label1\" content=\"Dur\u00e9e de lecture estim\u00e9e\" \/>\n\t<meta name=\"twitter:data1\" content=\"1 minute\" \/>\n<script type=\"application\/ld+json\" class=\"yoast-schema-graph\">{\"@context\":\"https:\\\/\\\/schema.org\",\"@graph\":[{\"@type\":\"WebPage\",\"@id\":\"https:\\\/\\\/www.sdmodelcartuning.com\\\/product\\\/112-ferrari-308-gts-qv-us-version-tv-serie-magnum-1982-groen-metallic\\\/\",\"url\":\"https:\\\/\\\/www.sdmodelcartuning.com\\\/product\\\/112-ferrari-308-gts-qv-us-version-tv-serie-magnum-1982-groen-metallic\\\/\",\"name\":\"1:12 Ferrari 308 GTS QV US -Version TV Serie Magnum - 1982 - groen metallic\u00a0 - SDmodelcartuning.com\",\"isPartOf\":{\"@id\":\"https:\\\/\\\/www.sdmodelcartuning.com\\\/#website\"},\"primaryImageOfPage\":{\"@id\":\"https:\\\/\\\/www.sdmodelcartuning.com\\\/product\\\/112-ferrari-308-gts-qv-us-version-tv-serie-magnum-1982-groen-metallic\\\/#primaryimage\"},\"image\":{\"@id\":\"https:\\\/\\\/www.sdmodelcartuning.com\\\/product\\\/112-ferrari-308-gts-qv-us-version-tv-serie-magnum-1982-groen-metallic\\\/#primaryimage\"},\"thumbnailUrl\":\"https:\\\/\\\/www.sdmodelcartuning.com\\\/wp-content\\\/uploads\\\/2026\\\/01\\\/KKDC120274A.jpg\",\"datePublished\":\"2026-01-30T10:30:10+00:00\",\"dateModified\":\"2026-04-23T18:29:27+00:00\",\"breadcrumb\":{\"@id\":\"https:\\\/\\\/www.sdmodelcartuning.com\\\/product\\\/112-ferrari-308-gts-qv-us-version-tv-serie-magnum-1982-groen-metallic\\\/#breadcrumb\"},\"inLanguage\":\"fr-FR\",\"potentialAction\":[{\"@type\":\"ReadAction\",\"target\":[\"https:\\\/\\\/www.sdmodelcartuning.com\\\/product\\\/112-ferrari-308-gts-qv-us-version-tv-serie-magnum-1982-groen-metallic\\\/\"]}]},{\"@type\":\"ImageObject\",\"inLanguage\":\"fr-FR\",\"@id\":\"https:\\\/\\\/www.sdmodelcartuning.com\\\/product\\\/112-ferrari-308-gts-qv-us-version-tv-serie-magnum-1982-groen-metallic\\\/#primaryimage\",\"url\":\"https:\\\/\\\/www.sdmodelcartuning.com\\\/wp-content\\\/uploads\\\/2026\\\/01\\\/KKDC120274A.jpg\",\"contentUrl\":\"https:\\\/\\\/www.sdmodelcartuning.com\\\/wp-content\\\/uploads\\\/2026\\\/01\\\/KKDC120274A.jpg\",\"width\":1000,\"height\":481},{\"@type\":\"BreadcrumbList\",\"@id\":\"https:\\\/\\\/www.sdmodelcartuning.com\\\/product\\\/112-ferrari-308-gts-qv-us-version-tv-serie-magnum-1982-groen-metallic\\\/#breadcrumb\",\"itemListElement\":[{\"@type\":\"ListItem\",\"position\":1,\"name\":\"Home\",\"item\":\"https:\\\/\\\/www.sdmodelcartuning.com\\\/\"},{\"@type\":\"ListItem\",\"position\":2,\"name\":\"Winkel\",\"item\":\"https:\\\/\\\/www.sdmodelcartuning.com\\\/it\\\/winkel\\\/\"},{\"@type\":\"ListItem\",\"position\":3,\"name\":\"1:12 Ferrari 308 GTS QV US -Version TV Serie Magnum &#8211; 1982 &#8211; groen metallic\u00a0\"}]},{\"@type\":\"WebSite\",\"@id\":\"https:\\\/\\\/www.sdmodelcartuning.com\\\/#website\",\"url\":\"https:\\\/\\\/www.sdmodelcartuning.com\\\/\",\"name\":\"SDmodelcartuning.com\",\"description\":\"De miniaturen en toebehoren shop van Nederland\",\"publisher\":{\"@id\":\"https:\\\/\\\/www.sdmodelcartuning.com\\\/#organization\"},\"potentialAction\":[{\"@type\":\"SearchAction\",\"target\":{\"@type\":\"EntryPoint\",\"urlTemplate\":\"https:\\\/\\\/www.sdmodelcartuning.com\\\/?s={search_term_string}\"},\"query-input\":{\"@type\":\"PropertyValueSpecification\",\"valueRequired\":true,\"valueName\":\"search_term_string\"}}],\"inLanguage\":\"fr-FR\"},{\"@type\":\"Organization\",\"@id\":\"https:\\\/\\\/www.sdmodelcartuning.com\\\/#organization\",\"name\":\"SDmodelcartuning.com\",\"url\":\"https:\\\/\\\/www.sdmodelcartuning.com\\\/\",\"logo\":{\"@type\":\"ImageObject\",\"inLanguage\":\"fr-FR\",\"@id\":\"https:\\\/\\\/www.sdmodelcartuning.com\\\/#\\\/schema\\\/logo\\\/image\\\/\",\"url\":\"https:\\\/\\\/www.sdmodelcartuning.com\\\/wp-content\\\/uploads\\\/2020\\\/09\\\/logo-retina.png\",\"contentUrl\":\"https:\\\/\\\/www.sdmodelcartuning.com\\\/wp-content\\\/uploads\\\/2020\\\/09\\\/logo-retina.png\",\"width\":463,\"height\":150,\"caption\":\"SDmodelcartuning.com\"},\"image\":{\"@id\":\"https:\\\/\\\/www.sdmodelcartuning.com\\\/#\\\/schema\\\/logo\\\/image\\\/\"}}]}<\/script>\n<!-- \/ Yoast SEO plugin. -->","yoast_head_json":{"title":"1:12 Ferrari 308 GTS QV US -Version TV Series Magnum - 1982 - vert m\u00e9tallique - SDmodelcartuning.com","robots":{"index":"index","follow":"follow","max-snippet":"max-snippet:-1","max-image-preview":"max-image-preview:large","max-video-preview":"max-video-preview:-1"},"canonical":"https:\/\/www.sdmodelcartuning.com\/fr\/produit\/112-ferrari-308-gts-qv-us-version-tv-series-magnum-1982-green-metallic\/","og_locale":"fr_FR","og_type":"article","og_title":"1:12 Ferrari 308 GTS QV US -Version TV Serie Magnum - 1982 - groen metallic\u00a0 - SDmodelcartuning.com","og_description":"1\/12 schaal: Ferrari 308 GTS QV US -Version aus der TV Serie Magnum 1982 groen metallic Fabrikant: KK Scale Zeer gedetailleerd model waarbij de voorportieren en motorkap kunnen worden geopend. Materiaal: diecast metaal met plastic delen.","og_url":"https:\/\/www.sdmodelcartuning.com\/fr\/produit\/112-ferrari-308-gts-qv-us-version-tv-series-magnum-1982-green-metallic\/","og_site_name":"SDmodelcartuning.com","article_modified_time":"2026-04-23T18:29:27+00:00","og_image":[{"width":1000,"height":481,"url":"https:\/\/www.sdmodelcartuning.com\/wp-content\/uploads\/2026\/01\/KKDC120274A.jpg","type":"image\/jpeg"}],"twitter_card":"summary_large_image","twitter_misc":{"Dur\u00e9e de lecture estim\u00e9e":"1 minute"},"schema":{"@context":"https:\/\/schema.org","@graph":[{"@type":"WebPage","@id":"https:\/\/www.sdmodelcartuning.com\/product\/112-ferrari-308-gts-qv-us-version-tv-serie-magnum-1982-groen-metallic\/","url":"https:\/\/www.sdmodelcartuning.com\/product\/112-ferrari-308-gts-qv-us-version-tv-serie-magnum-1982-groen-metallic\/","name":"1:12 Ferrari 308 GTS QV US -Version TV Series Magnum - 1982 - vert m\u00e9tallique - SDmodelcartuning.com","isPartOf":{"@id":"https:\/\/www.sdmodelcartuning.com\/#website"},"primaryImageOfPage":{"@id":"https:\/\/www.sdmodelcartuning.com\/product\/112-ferrari-308-gts-qv-us-version-tv-serie-magnum-1982-groen-metallic\/#primaryimage"},"image":{"@id":"https:\/\/www.sdmodelcartuning.com\/product\/112-ferrari-308-gts-qv-us-version-tv-serie-magnum-1982-groen-metallic\/#primaryimage"},"thumbnailUrl":"https:\/\/www.sdmodelcartuning.com\/wp-content\/uploads\/2026\/01\/KKDC120274A.jpg","datePublished":"2026-01-30T10:30:10+00:00","dateModified":"2026-04-23T18:29:27+00:00","breadcrumb":{"@id":"https:\/\/www.sdmodelcartuning.com\/product\/112-ferrari-308-gts-qv-us-version-tv-serie-magnum-1982-groen-metallic\/#breadcrumb"},"inLanguage":"fr-FR","potentialAction":[{"@type":"ReadAction","target":["https:\/\/www.sdmodelcartuning.com\/product\/112-ferrari-308-gts-qv-us-version-tv-serie-magnum-1982-groen-metallic\/"]}]},{"@type":"ImageObject","inLanguage":"fr-FR","@id":"https:\/\/www.sdmodelcartuning.com\/product\/112-ferrari-308-gts-qv-us-version-tv-serie-magnum-1982-groen-metallic\/#primaryimage","url":"https:\/\/www.sdmodelcartuning.com\/wp-content\/uploads\/2026\/01\/KKDC120274A.jpg","contentUrl":"https:\/\/www.sdmodelcartuning.com\/wp-content\/uploads\/2026\/01\/KKDC120274A.jpg","width":1000,"height":481},{"@type":"BreadcrumbList","@id":"https:\/\/www.sdmodelcartuning.com\/product\/112-ferrari-308-gts-qv-us-version-tv-serie-magnum-1982-groen-metallic\/#breadcrumb","itemListElement":[{"@type":"ListItem","position":1,"name":"Home","item":"https:\/\/www.sdmodelcartuning.com\/"},{"@type":"ListItem","position":2,"name":"Winkel","item":"https:\/\/www.sdmodelcartuning.com\/it\/winkel\/"},{"@type":"ListItem","position":3,"name":"1:12 Ferrari 308 GTS QV US -Version TV Serie Magnum &#8211; 1982 &#8211; groen metallic\u00a0"}]},{"@type":"WebSite","@id":"https:\/\/www.sdmodelcartuning.com\/#website","url":"https:\/\/www.sdmodelcartuning.com\/","name":"SDmodelcartuning.com","description":"La boutique de miniatures et d&#039;accessoires des Pays-Bas","publisher":{"@id":"https:\/\/www.sdmodelcartuning.com\/#organization"},"potentialAction":[{"@type":"SearchAction","target":{"@type":"EntryPoint","urlTemplate":"https:\/\/www.sdmodelcartuning.com\/?s={search_term_string}"},"query-input":{"@type":"PropertyValueSpecification","valueRequired":true,"valueName":"search_term_string"}}],"inLanguage":"fr-FR"},{"@type":"Organization","@id":"https:\/\/www.sdmodelcartuning.com\/#organization","name":"SDmodelcartuning.com","url":"https:\/\/www.sdmodelcartuning.com\/","logo":{"@type":"ImageObject","inLanguage":"fr-FR","@id":"https:\/\/www.sdmodelcartuning.com\/#\/schema\/logo\/image\/","url":"https:\/\/www.sdmodelcartuning.com\/wp-content\/uploads\/2020\/09\/logo-retina.png","contentUrl":"https:\/\/www.sdmodelcartuning.com\/wp-content\/uploads\/2020\/09\/logo-retina.png","width":463,"height":150,"caption":"SDmodelcartuning.com"},"image":{"@id":"https:\/\/www.sdmodelcartuning.com\/#\/schema\/logo\/image\/"}}]}},"_links":{"self":[{"href":"https:\/\/www.sdmodelcartuning.com\/fr\/wp-json\/wp\/v2\/product\/160974","targetHints":{"allow":["GET"]}}],"collection":[{"href":"https:\/\/www.sdmodelcartuning.com\/fr\/wp-json\/wp\/v2\/product"}],"about":[{"href":"https:\/\/www.sdmodelcartuning.com\/fr\/wp-json\/wp\/v2\/types\/product"}],"version-history":[{"count":2,"href":"https:\/\/www.sdmodelcartuning.com\/fr\/wp-json\/wp\/v2\/product\/160974\/revisions"}],"predecessor-version":[{"id":160976,"href":"https:\/\/www.sdmodelcartuning.com\/fr\/wp-json\/wp\/v2\/product\/160974\/revisions\/160976"}],"wp:featuredmedia":[{"embeddable":true,"href":"https:\/\/www.sdmodelcartuning.com\/fr\/wp-json\/wp\/v2\/media\/160939"}],"wp:attachment":[{"href":"https:\/\/www.sdmodelcartuning.com\/fr\/wp-json\/wp\/v2\/media?parent=160974"}],"wp:term":[{"taxonomy":"product_brand","embeddable":true,"href":"https:\/\/www.sdmodelcartuning.com\/fr\/wp-json\/wp\/v2\/product_brand?post=160974"},{"taxonomy":"product_cat","embeddable":true,"href":"https:\/\/www.sdmodelcartuning.com\/fr\/wp-json\/wp\/v2\/product_cat?post=160974"},{"taxonomy":"product_tag","embeddable":true,"href":"https:\/\/www.sdmodelcartuning.com\/fr\/wp-json\/wp\/v2\/product_tag?post=160974"}],"curies":[{"name":"wp","href":"https:\/\/api.w.org\/{rel}","templated":true}]}}