{"id":155279,"date":"2025-09-05T15:19:07","date_gmt":"2025-09-05T14:19:07","guid":{"rendered":"https:\/\/www.sdmodelcartuning.com\/?post_type=product&#038;p=155279"},"modified":"2026-04-08T20:23:58","modified_gmt":"2026-04-08T18:23:58","slug":"118-duitse-kentekenplaten-decalset-175x90mm","status":"publish","type":"product","link":"https:\/\/www.sdmodelcartuning.com\/fr\/produit\/118-plaques-dimmatriculation-allemandes-set-de-decalcomanies-175x90mm\/","title":{"rendered":"1:18 Jeu de d\u00e9calcomanies de plaques min\u00e9ralogiques allemandes. 175x90mm"},"content":{"rendered":"<p>Jeu de d\u00e9calcomanies pour plaques d'immatriculation allemandes \u00e0 l'\u00e9chelle 1\/18. 175x90mm Set tr\u00e8s complet !<\/p>\n<p>Un assortiment de plaques d'immatriculation allemandes compl\u00e8tes et plusieurs plaques d\u00e9tach\u00e9es pour cr\u00e9er votre propre plaque d'immatriculation.<\/p>\n<p>Ce sont des d\u00e9calcomanies de haute qualit\u00e9 (transferts d&#039;eau) et elles ont d\u00e9j\u00e0 \u00e9t\u00e9 d\u00e9coup\u00e9es sur mesure, vous n&#039;avez donc pas besoin de les d\u00e9couper exactement tout autour.<\/p>","protected":false},"excerpt":{"rendered":"<p>Jeu de d\u00e9calcomanies pour plaques d'immatriculation allemandes \u00e0 l'\u00e9chelle 1\/18. 175x90mm Set tr\u00e8s complet ! Ce sont des d\u00e9calcomanies de haute qualit\u00e9 (Water Transfers) et elles sont d\u00e9j\u00e0 coup\u00e9es \u00e0 la taille pour que vous n'ayez pas \u00e0 les d\u00e9couper sur tout le pourtour.<\/p>","protected":false},"featured_media":155280,"template":"","meta":[],"product_brand":[],"product_cat":[1128],"product_tag":[],"class_list":{"0":"post-155279","1":"product","2":"type-product","3":"status-publish","4":"has-post-thumbnail","6":"product_cat-1-18-sticker-decal-sets","8":"first","9":"instock","10":"taxable","11":"shipping-taxable","12":"purchasable","13":"product-type-simple"},"yoast_head":"<!-- This site is optimized with the Yoast SEO plugin v27.5 - https:\/\/yoast.com\/product\/yoast-seo-wordpress\/ -->\n<title>1:18 Duitse kentekenplaten decalset. 175x90mm - SDmodelcartuning.com<\/title>\n<meta name=\"robots\" content=\"index, follow, max-snippet:-1, max-image-preview:large, max-video-preview:-1\" \/>\n<link rel=\"canonical\" href=\"https:\/\/www.sdmodelcartuning.com\/fr\/produit\/118-plaques-dimmatriculation-allemandes-set-de-decalcomanies-175x90mm\/\" \/>\n<meta property=\"og:locale\" content=\"fr_FR\" \/>\n<meta property=\"og:type\" content=\"article\" \/>\n<meta property=\"og:title\" content=\"1:18 Duitse kentekenplaten decalset. 175x90mm - SDmodelcartuning.com\" \/>\n<meta property=\"og:description\" content=\"1\/18 Schaal Duitse kentekenplaten decalset. 175x90mm Zeer uitgebreide set! Zoals afgebeeld een assortiment Duitse kentekenplaten zowel compleet en ook diverse los zodat u uw eigen kenteken kunt maken Dit betreffen hoge kwaliteits decals (Watertransfers) en deze zijn al op maat uitgesneden dus deze hoeft u niet zelf precies rondom uit te knippen.\" \/>\n<meta property=\"og:url\" content=\"https:\/\/www.sdmodelcartuning.com\/fr\/produit\/118-plaques-dimmatriculation-allemandes-set-de-decalcomanies-175x90mm\/\" \/>\n<meta property=\"og:site_name\" content=\"SDmodelcartuning.com\" \/>\n<meta property=\"article:modified_time\" content=\"2026-04-08T18:23:58+00:00\" \/>\n<meta property=\"og:image\" content=\"https:\/\/www.sdmodelcartuning.com\/wp-content\/uploads\/2025\/09\/PI3-18.jpg\" \/>\n\t<meta property=\"og:image:width\" content=\"514\" \/>\n\t<meta property=\"og:image:height\" content=\"757\" \/>\n\t<meta property=\"og:image:type\" content=\"image\/jpeg\" \/>\n<meta name=\"twitter:card\" content=\"summary_large_image\" \/>\n<meta name=\"twitter:label1\" content=\"Dur\u00e9e de lecture estim\u00e9e\" \/>\n\t<meta name=\"twitter:data1\" content=\"1 minute\" \/>\n<script type=\"application\/ld+json\" class=\"yoast-schema-graph\">{\"@context\":\"https:\\\/\\\/schema.org\",\"@graph\":[{\"@type\":\"WebPage\",\"@id\":\"https:\\\/\\\/www.sdmodelcartuning.com\\\/product\\\/118-duitse-kentekenplaten-decalset-175x90mm\\\/\",\"url\":\"https:\\\/\\\/www.sdmodelcartuning.com\\\/product\\\/118-duitse-kentekenplaten-decalset-175x90mm\\\/\",\"name\":\"1:18 Duitse kentekenplaten decalset. 175x90mm - SDmodelcartuning.com\",\"isPartOf\":{\"@id\":\"https:\\\/\\\/www.sdmodelcartuning.com\\\/#website\"},\"primaryImageOfPage\":{\"@id\":\"https:\\\/\\\/www.sdmodelcartuning.com\\\/product\\\/118-duitse-kentekenplaten-decalset-175x90mm\\\/#primaryimage\"},\"image\":{\"@id\":\"https:\\\/\\\/www.sdmodelcartuning.com\\\/product\\\/118-duitse-kentekenplaten-decalset-175x90mm\\\/#primaryimage\"},\"thumbnailUrl\":\"https:\\\/\\\/www.sdmodelcartuning.com\\\/wp-content\\\/uploads\\\/2025\\\/09\\\/PI3-18.jpg\",\"datePublished\":\"2025-09-05T14:19:07+00:00\",\"dateModified\":\"2026-04-08T18:23:58+00:00\",\"breadcrumb\":{\"@id\":\"https:\\\/\\\/www.sdmodelcartuning.com\\\/product\\\/118-duitse-kentekenplaten-decalset-175x90mm\\\/#breadcrumb\"},\"inLanguage\":\"fr-FR\",\"potentialAction\":[{\"@type\":\"ReadAction\",\"target\":[\"https:\\\/\\\/www.sdmodelcartuning.com\\\/product\\\/118-duitse-kentekenplaten-decalset-175x90mm\\\/\"]}]},{\"@type\":\"ImageObject\",\"inLanguage\":\"fr-FR\",\"@id\":\"https:\\\/\\\/www.sdmodelcartuning.com\\\/product\\\/118-duitse-kentekenplaten-decalset-175x90mm\\\/#primaryimage\",\"url\":\"https:\\\/\\\/www.sdmodelcartuning.com\\\/wp-content\\\/uploads\\\/2025\\\/09\\\/PI3-18.jpg\",\"contentUrl\":\"https:\\\/\\\/www.sdmodelcartuning.com\\\/wp-content\\\/uploads\\\/2025\\\/09\\\/PI3-18.jpg\",\"width\":514,\"height\":757},{\"@type\":\"BreadcrumbList\",\"@id\":\"https:\\\/\\\/www.sdmodelcartuning.com\\\/product\\\/118-duitse-kentekenplaten-decalset-175x90mm\\\/#breadcrumb\",\"itemListElement\":[{\"@type\":\"ListItem\",\"position\":1,\"name\":\"Home\",\"item\":\"https:\\\/\\\/www.sdmodelcartuning.com\\\/\"},{\"@type\":\"ListItem\",\"position\":2,\"name\":\"Winkel\",\"item\":\"https:\\\/\\\/www.sdmodelcartuning.com\\\/it\\\/winkel\\\/\"},{\"@type\":\"ListItem\",\"position\":3,\"name\":\"1:18 Duitse kentekenplaten decalset. 175x90mm\"}]},{\"@type\":\"WebSite\",\"@id\":\"https:\\\/\\\/www.sdmodelcartuning.com\\\/#website\",\"url\":\"https:\\\/\\\/www.sdmodelcartuning.com\\\/\",\"name\":\"SDmodelcartuning.com\",\"description\":\"De miniaturen en toebehoren shop van Nederland\",\"publisher\":{\"@id\":\"https:\\\/\\\/www.sdmodelcartuning.com\\\/#organization\"},\"potentialAction\":[{\"@type\":\"SearchAction\",\"target\":{\"@type\":\"EntryPoint\",\"urlTemplate\":\"https:\\\/\\\/www.sdmodelcartuning.com\\\/?s={search_term_string}\"},\"query-input\":{\"@type\":\"PropertyValueSpecification\",\"valueRequired\":true,\"valueName\":\"search_term_string\"}}],\"inLanguage\":\"fr-FR\"},{\"@type\":\"Organization\",\"@id\":\"https:\\\/\\\/www.sdmodelcartuning.com\\\/#organization\",\"name\":\"SDmodelcartuning.com\",\"url\":\"https:\\\/\\\/www.sdmodelcartuning.com\\\/\",\"logo\":{\"@type\":\"ImageObject\",\"inLanguage\":\"fr-FR\",\"@id\":\"https:\\\/\\\/www.sdmodelcartuning.com\\\/#\\\/schema\\\/logo\\\/image\\\/\",\"url\":\"https:\\\/\\\/www.sdmodelcartuning.com\\\/wp-content\\\/uploads\\\/2020\\\/09\\\/logo-retina.png\",\"contentUrl\":\"https:\\\/\\\/www.sdmodelcartuning.com\\\/wp-content\\\/uploads\\\/2020\\\/09\\\/logo-retina.png\",\"width\":463,\"height\":150,\"caption\":\"SDmodelcartuning.com\"},\"image\":{\"@id\":\"https:\\\/\\\/www.sdmodelcartuning.com\\\/#\\\/schema\\\/logo\\\/image\\\/\"}}]}<\/script>\n<!-- \/ Yoast SEO plugin. -->","yoast_head_json":{"title":"1:18 plaque d'immatriculation allemande set de d\u00e9calcomanies. 175x90mm - SDmodelcartuning.com","robots":{"index":"index","follow":"follow","max-snippet":"max-snippet:-1","max-image-preview":"max-image-preview:large","max-video-preview":"max-video-preview:-1"},"canonical":"https:\/\/www.sdmodelcartuning.com\/fr\/produit\/118-plaques-dimmatriculation-allemandes-set-de-decalcomanies-175x90mm\/","og_locale":"fr_FR","og_type":"article","og_title":"1:18 Duitse kentekenplaten decalset. 175x90mm - SDmodelcartuning.com","og_description":"1\/18 Schaal Duitse kentekenplaten decalset. 175x90mm Zeer uitgebreide set! Zoals afgebeeld een assortiment Duitse kentekenplaten zowel compleet en ook diverse los zodat u uw eigen kenteken kunt maken Dit betreffen hoge kwaliteits decals (Watertransfers) en deze zijn al op maat uitgesneden dus deze hoeft u niet zelf precies rondom uit te knippen.","og_url":"https:\/\/www.sdmodelcartuning.com\/fr\/produit\/118-plaques-dimmatriculation-allemandes-set-de-decalcomanies-175x90mm\/","og_site_name":"SDmodelcartuning.com","article_modified_time":"2026-04-08T18:23:58+00:00","og_image":[{"width":514,"height":757,"url":"https:\/\/www.sdmodelcartuning.com\/wp-content\/uploads\/2025\/09\/PI3-18.jpg","type":"image\/jpeg"}],"twitter_card":"summary_large_image","twitter_misc":{"Dur\u00e9e de lecture estim\u00e9e":"1 minute"},"schema":{"@context":"https:\/\/schema.org","@graph":[{"@type":"WebPage","@id":"https:\/\/www.sdmodelcartuning.com\/product\/118-duitse-kentekenplaten-decalset-175x90mm\/","url":"https:\/\/www.sdmodelcartuning.com\/product\/118-duitse-kentekenplaten-decalset-175x90mm\/","name":"1:18 plaque d'immatriculation allemande set de d\u00e9calcomanies. 175x90mm - SDmodelcartuning.com","isPartOf":{"@id":"https:\/\/www.sdmodelcartuning.com\/#website"},"primaryImageOfPage":{"@id":"https:\/\/www.sdmodelcartuning.com\/product\/118-duitse-kentekenplaten-decalset-175x90mm\/#primaryimage"},"image":{"@id":"https:\/\/www.sdmodelcartuning.com\/product\/118-duitse-kentekenplaten-decalset-175x90mm\/#primaryimage"},"thumbnailUrl":"https:\/\/www.sdmodelcartuning.com\/wp-content\/uploads\/2025\/09\/PI3-18.jpg","datePublished":"2025-09-05T14:19:07+00:00","dateModified":"2026-04-08T18:23:58+00:00","breadcrumb":{"@id":"https:\/\/www.sdmodelcartuning.com\/product\/118-duitse-kentekenplaten-decalset-175x90mm\/#breadcrumb"},"inLanguage":"fr-FR","potentialAction":[{"@type":"ReadAction","target":["https:\/\/www.sdmodelcartuning.com\/product\/118-duitse-kentekenplaten-decalset-175x90mm\/"]}]},{"@type":"ImageObject","inLanguage":"fr-FR","@id":"https:\/\/www.sdmodelcartuning.com\/product\/118-duitse-kentekenplaten-decalset-175x90mm\/#primaryimage","url":"https:\/\/www.sdmodelcartuning.com\/wp-content\/uploads\/2025\/09\/PI3-18.jpg","contentUrl":"https:\/\/www.sdmodelcartuning.com\/wp-content\/uploads\/2025\/09\/PI3-18.jpg","width":514,"height":757},{"@type":"BreadcrumbList","@id":"https:\/\/www.sdmodelcartuning.com\/product\/118-duitse-kentekenplaten-decalset-175x90mm\/#breadcrumb","itemListElement":[{"@type":"ListItem","position":1,"name":"Home","item":"https:\/\/www.sdmodelcartuning.com\/"},{"@type":"ListItem","position":2,"name":"Winkel","item":"https:\/\/www.sdmodelcartuning.com\/it\/winkel\/"},{"@type":"ListItem","position":3,"name":"1:18 Duitse kentekenplaten decalset. 175x90mm"}]},{"@type":"WebSite","@id":"https:\/\/www.sdmodelcartuning.com\/#website","url":"https:\/\/www.sdmodelcartuning.com\/","name":"SDmodelcartuning.com","description":"La boutique de miniatures et d&#039;accessoires des Pays-Bas","publisher":{"@id":"https:\/\/www.sdmodelcartuning.com\/#organization"},"potentialAction":[{"@type":"SearchAction","target":{"@type":"EntryPoint","urlTemplate":"https:\/\/www.sdmodelcartuning.com\/?s={search_term_string}"},"query-input":{"@type":"PropertyValueSpecification","valueRequired":true,"valueName":"search_term_string"}}],"inLanguage":"fr-FR"},{"@type":"Organization","@id":"https:\/\/www.sdmodelcartuning.com\/#organization","name":"SDmodelcartuning.com","url":"https:\/\/www.sdmodelcartuning.com\/","logo":{"@type":"ImageObject","inLanguage":"fr-FR","@id":"https:\/\/www.sdmodelcartuning.com\/#\/schema\/logo\/image\/","url":"https:\/\/www.sdmodelcartuning.com\/wp-content\/uploads\/2020\/09\/logo-retina.png","contentUrl":"https:\/\/www.sdmodelcartuning.com\/wp-content\/uploads\/2020\/09\/logo-retina.png","width":463,"height":150,"caption":"SDmodelcartuning.com"},"image":{"@id":"https:\/\/www.sdmodelcartuning.com\/#\/schema\/logo\/image\/"}}]}},"_links":{"self":[{"href":"https:\/\/www.sdmodelcartuning.com\/fr\/wp-json\/wp\/v2\/product\/155279","targetHints":{"allow":["GET"]}}],"collection":[{"href":"https:\/\/www.sdmodelcartuning.com\/fr\/wp-json\/wp\/v2\/product"}],"about":[{"href":"https:\/\/www.sdmodelcartuning.com\/fr\/wp-json\/wp\/v2\/types\/product"}],"version-history":[{"count":1,"href":"https:\/\/www.sdmodelcartuning.com\/fr\/wp-json\/wp\/v2\/product\/155279\/revisions"}],"predecessor-version":[{"id":155281,"href":"https:\/\/www.sdmodelcartuning.com\/fr\/wp-json\/wp\/v2\/product\/155279\/revisions\/155281"}],"wp:featuredmedia":[{"embeddable":true,"href":"https:\/\/www.sdmodelcartuning.com\/fr\/wp-json\/wp\/v2\/media\/155280"}],"wp:attachment":[{"href":"https:\/\/www.sdmodelcartuning.com\/fr\/wp-json\/wp\/v2\/media?parent=155279"}],"wp:term":[{"taxonomy":"product_brand","embeddable":true,"href":"https:\/\/www.sdmodelcartuning.com\/fr\/wp-json\/wp\/v2\/product_brand?post=155279"},{"taxonomy":"product_cat","embeddable":true,"href":"https:\/\/www.sdmodelcartuning.com\/fr\/wp-json\/wp\/v2\/product_cat?post=155279"},{"taxonomy":"product_tag","embeddable":true,"href":"https:\/\/www.sdmodelcartuning.com\/fr\/wp-json\/wp\/v2\/product_tag?post=155279"}],"curies":[{"name":"wp","href":"https:\/\/api.w.org\/{rel}","templated":true}]}}