{"id":154989,"date":"2025-09-03T09:34:36","date_gmt":"2025-09-03T08:34:36","guid":{"rendered":"https:\/\/www.sdmodelcartuning.com\/?post_type=product&#038;p=154989"},"modified":"2026-04-01T19:56:14","modified_gmt":"2026-04-01T17:56:14","slug":"118-mercedes-benz-450sl-r107-us-version-american-gigolo-film-versie-1979-zwart","status":"publish","type":"product","link":"https:\/\/www.sdmodelcartuning.com\/fr\/produit\/118-mercedes-benz-450sl-r107-us-version-american-gigolo-film-version-1979-noir\/","title":{"rendered":"1:18 Mercedes Benz 450SL R107 US-version - American Gigolo version film - 1979 - Noir."},"content":{"rendered":"<p>Mercedes Benz 450SL R107 \u00e0 l'\u00e9chelle 1\/18 version US - Version film American Gigolo - 1979 - Noire.<\/p>\n<p>Livr\u00e9 neuf dans son emballage d'origine. Mod\u00e8le tr\u00e8s d\u00e9taill\u00e9.<\/p>\n<p>\u00c9dition limit\u00e9e \u00e0 seulement 1000 pi\u00e8ces !<\/p>\n<p>Fabricant : Norev<\/p>\n<p>Mat\u00e9riau\u00a0: m\u00e9tal moul\u00e9 sous pression avec pi\u00e8ces en plastique.<\/p>","protected":false},"excerpt":{"rendered":"<p>1\/18 Schaal Mercedes Benz 450SL R107 US-version &#8211; American Gigolo film versie &#8211; 1979 &#8211; Zwart. Wordt geleverd nieuw in de originele verpakking. Zeer gedetailleerd model. Gelimiteerde uitgave van slechts 1000 stuks! Fabrikant: Norev Materiaal: Diecast metaal met plastic delen.<\/p>","protected":false},"featured_media":154994,"template":"","meta":[],"product_brand":[],"product_cat":[1116,1308],"product_tag":[],"class_list":{"0":"post-154989","1":"product","2":"type-product","3":"status-publish","4":"has-post-thumbnail","6":"product_cat-1-18-modelautos","7":"product_cat-mercedes","9":"first","10":"instock","11":"taxable","12":"shipping-taxable","13":"purchasable","14":"product-type-simple"},"yoast_head":"<!-- This site is optimized with the Yoast SEO plugin v26.8 - https:\/\/yoast.com\/product\/yoast-seo-wordpress\/ -->\n<title>1:18 Mercedes Benz 450SL R107 US-version - American Gigolo film versie - 1979 - Zwart. - SDmodelcartuning.com<\/title>\n<meta name=\"robots\" content=\"index, follow, max-snippet:-1, max-image-preview:large, max-video-preview:-1\" \/>\n<link rel=\"canonical\" href=\"https:\/\/www.sdmodelcartuning.com\/fr\/produit\/118-mercedes-benz-450sl-r107-us-version-american-gigolo-film-version-1979-noir\/\" \/>\n<meta property=\"og:locale\" content=\"fr_FR\" \/>\n<meta property=\"og:type\" content=\"article\" \/>\n<meta property=\"og:title\" content=\"1:18 Mercedes Benz 450SL R107 US-version - American Gigolo film versie - 1979 - Zwart. - SDmodelcartuning.com\" \/>\n<meta property=\"og:description\" content=\"1\/18 Schaal Mercedes Benz 450SL R107 US-version &#8211; American Gigolo film versie &#8211; 1979 &#8211; Zwart. Wordt geleverd nieuw in de originele verpakking. Zeer gedetailleerd model. Gelimiteerde uitgave van slechts 1000 stuks! Fabrikant: Norev Materiaal: Diecast metaal met plastic delen.\" \/>\n<meta property=\"og:url\" content=\"https:\/\/www.sdmodelcartuning.com\/fr\/produit\/118-mercedes-benz-450sl-r107-us-version-american-gigolo-film-version-1979-noir\/\" \/>\n<meta property=\"og:site_name\" content=\"SDmodelcartuning.com\" \/>\n<meta property=\"article:modified_time\" content=\"2026-04-01T17:56:14+00:00\" \/>\n<meta property=\"og:image\" content=\"https:\/\/www.sdmodelcartuning.com\/wp-content\/uploads\/2025\/09\/183724.2.jpg\" \/>\n\t<meta property=\"og:image:width\" content=\"1000\" \/>\n\t<meta property=\"og:image:height\" content=\"489\" \/>\n\t<meta property=\"og:image:type\" content=\"image\/jpeg\" \/>\n<meta name=\"twitter:card\" content=\"summary_large_image\" \/>\n<meta name=\"twitter:label1\" content=\"Dur\u00e9e de lecture estim\u00e9e\" \/>\n\t<meta name=\"twitter:data1\" content=\"1 minute\" \/>\n<script type=\"application\/ld+json\" class=\"yoast-schema-graph\">{\"@context\":\"https:\/\/schema.org\",\"@graph\":[{\"@type\":\"WebPage\",\"@id\":\"https:\/\/www.sdmodelcartuning.com\/product\/118-mercedes-benz-450sl-r107-us-version-american-gigolo-film-versie-1979-zwart\/\",\"url\":\"https:\/\/www.sdmodelcartuning.com\/product\/118-mercedes-benz-450sl-r107-us-version-american-gigolo-film-versie-1979-zwart\/\",\"name\":\"1:18 Mercedes Benz 450SL R107 US-version - American Gigolo film versie - 1979 - Zwart. - SDmodelcartuning.com\",\"isPartOf\":{\"@id\":\"https:\/\/www.sdmodelcartuning.com\/#website\"},\"primaryImageOfPage\":{\"@id\":\"https:\/\/www.sdmodelcartuning.com\/product\/118-mercedes-benz-450sl-r107-us-version-american-gigolo-film-versie-1979-zwart\/#primaryimage\"},\"image\":{\"@id\":\"https:\/\/www.sdmodelcartuning.com\/product\/118-mercedes-benz-450sl-r107-us-version-american-gigolo-film-versie-1979-zwart\/#primaryimage\"},\"thumbnailUrl\":\"https:\/\/www.sdmodelcartuning.com\/wp-content\/uploads\/2025\/09\/183724.2.jpg\",\"datePublished\":\"2025-09-03T08:34:36+00:00\",\"dateModified\":\"2026-04-01T17:56:14+00:00\",\"breadcrumb\":{\"@id\":\"https:\/\/www.sdmodelcartuning.com\/product\/118-mercedes-benz-450sl-r107-us-version-american-gigolo-film-versie-1979-zwart\/#breadcrumb\"},\"inLanguage\":\"fr-FR\",\"potentialAction\":[{\"@type\":\"ReadAction\",\"target\":[\"https:\/\/www.sdmodelcartuning.com\/product\/118-mercedes-benz-450sl-r107-us-version-american-gigolo-film-versie-1979-zwart\/\"]}]},{\"@type\":\"ImageObject\",\"inLanguage\":\"fr-FR\",\"@id\":\"https:\/\/www.sdmodelcartuning.com\/product\/118-mercedes-benz-450sl-r107-us-version-american-gigolo-film-versie-1979-zwart\/#primaryimage\",\"url\":\"https:\/\/www.sdmodelcartuning.com\/wp-content\/uploads\/2025\/09\/183724.2.jpg\",\"contentUrl\":\"https:\/\/www.sdmodelcartuning.com\/wp-content\/uploads\/2025\/09\/183724.2.jpg\",\"width\":1000,\"height\":489},{\"@type\":\"BreadcrumbList\",\"@id\":\"https:\/\/www.sdmodelcartuning.com\/product\/118-mercedes-benz-450sl-r107-us-version-american-gigolo-film-versie-1979-zwart\/#breadcrumb\",\"itemListElement\":[{\"@type\":\"ListItem\",\"position\":1,\"name\":\"Home\",\"item\":\"https:\/\/www.sdmodelcartuning.com\/\"},{\"@type\":\"ListItem\",\"position\":2,\"name\":\"Winkel\",\"item\":\"https:\/\/www.sdmodelcartuning.com\/it\/winkel\/\"},{\"@type\":\"ListItem\",\"position\":3,\"name\":\"1:18 Mercedes Benz 450SL R107 US-version &#8211; American Gigolo film versie &#8211; 1979 &#8211; Zwart.\"}]},{\"@type\":\"WebSite\",\"@id\":\"https:\/\/www.sdmodelcartuning.com\/#website\",\"url\":\"https:\/\/www.sdmodelcartuning.com\/\",\"name\":\"SDmodelcartuning.com\",\"description\":\"De miniaturen en toebehoren shop van Nederland\",\"publisher\":{\"@id\":\"https:\/\/www.sdmodelcartuning.com\/#organization\"},\"potentialAction\":[{\"@type\":\"SearchAction\",\"target\":{\"@type\":\"EntryPoint\",\"urlTemplate\":\"https:\/\/www.sdmodelcartuning.com\/?s={search_term_string}\"},\"query-input\":{\"@type\":\"PropertyValueSpecification\",\"valueRequired\":true,\"valueName\":\"search_term_string\"}}],\"inLanguage\":\"fr-FR\"},{\"@type\":\"Organization\",\"@id\":\"https:\/\/www.sdmodelcartuning.com\/#organization\",\"name\":\"SDmodelcartuning.com\",\"url\":\"https:\/\/www.sdmodelcartuning.com\/\",\"logo\":{\"@type\":\"ImageObject\",\"inLanguage\":\"fr-FR\",\"@id\":\"https:\/\/www.sdmodelcartuning.com\/#\/schema\/logo\/image\/\",\"url\":\"https:\/\/www.sdmodelcartuning.com\/wp-content\/uploads\/2020\/09\/logo-retina.png\",\"contentUrl\":\"https:\/\/www.sdmodelcartuning.com\/wp-content\/uploads\/2020\/09\/logo-retina.png\",\"width\":463,\"height\":150,\"caption\":\"SDmodelcartuning.com\"},\"image\":{\"@id\":\"https:\/\/www.sdmodelcartuning.com\/#\/schema\/logo\/image\/\"}}]}<\/script>\n<!-- \/ Yoast SEO plugin. -->","yoast_head_json":{"title":"1:18 Mercedes Benz 450SL R107 US-version - American Gigolo movie version - 1979 - Noir. - SDmodelcartuning.com","robots":{"index":"index","follow":"follow","max-snippet":"max-snippet:-1","max-image-preview":"max-image-preview:large","max-video-preview":"max-video-preview:-1"},"canonical":"https:\/\/www.sdmodelcartuning.com\/fr\/produit\/118-mercedes-benz-450sl-r107-us-version-american-gigolo-film-version-1979-noir\/","og_locale":"fr_FR","og_type":"article","og_title":"1:18 Mercedes Benz 450SL R107 US-version - American Gigolo film versie - 1979 - Zwart. - SDmodelcartuning.com","og_description":"1\/18 Schaal Mercedes Benz 450SL R107 US-version &#8211; American Gigolo film versie &#8211; 1979 &#8211; Zwart. Wordt geleverd nieuw in de originele verpakking. Zeer gedetailleerd model. Gelimiteerde uitgave van slechts 1000 stuks! Fabrikant: Norev Materiaal: Diecast metaal met plastic delen.","og_url":"https:\/\/www.sdmodelcartuning.com\/fr\/produit\/118-mercedes-benz-450sl-r107-us-version-american-gigolo-film-version-1979-noir\/","og_site_name":"SDmodelcartuning.com","article_modified_time":"2026-04-01T17:56:14+00:00","og_image":[{"width":1000,"height":489,"url":"https:\/\/www.sdmodelcartuning.com\/wp-content\/uploads\/2025\/09\/183724.2.jpg","type":"image\/jpeg"}],"twitter_card":"summary_large_image","twitter_misc":{"Dur\u00e9e de lecture estim\u00e9e":"1 minute"},"schema":{"@context":"https:\/\/schema.org","@graph":[{"@type":"WebPage","@id":"https:\/\/www.sdmodelcartuning.com\/product\/118-mercedes-benz-450sl-r107-us-version-american-gigolo-film-versie-1979-zwart\/","url":"https:\/\/www.sdmodelcartuning.com\/product\/118-mercedes-benz-450sl-r107-us-version-american-gigolo-film-versie-1979-zwart\/","name":"1:18 Mercedes Benz 450SL R107 US-version - American Gigolo movie version - 1979 - Noir. - SDmodelcartuning.com","isPartOf":{"@id":"https:\/\/www.sdmodelcartuning.com\/#website"},"primaryImageOfPage":{"@id":"https:\/\/www.sdmodelcartuning.com\/product\/118-mercedes-benz-450sl-r107-us-version-american-gigolo-film-versie-1979-zwart\/#primaryimage"},"image":{"@id":"https:\/\/www.sdmodelcartuning.com\/product\/118-mercedes-benz-450sl-r107-us-version-american-gigolo-film-versie-1979-zwart\/#primaryimage"},"thumbnailUrl":"https:\/\/www.sdmodelcartuning.com\/wp-content\/uploads\/2025\/09\/183724.2.jpg","datePublished":"2025-09-03T08:34:36+00:00","dateModified":"2026-04-01T17:56:14+00:00","breadcrumb":{"@id":"https:\/\/www.sdmodelcartuning.com\/product\/118-mercedes-benz-450sl-r107-us-version-american-gigolo-film-versie-1979-zwart\/#breadcrumb"},"inLanguage":"fr-FR","potentialAction":[{"@type":"ReadAction","target":["https:\/\/www.sdmodelcartuning.com\/product\/118-mercedes-benz-450sl-r107-us-version-american-gigolo-film-versie-1979-zwart\/"]}]},{"@type":"ImageObject","inLanguage":"fr-FR","@id":"https:\/\/www.sdmodelcartuning.com\/product\/118-mercedes-benz-450sl-r107-us-version-american-gigolo-film-versie-1979-zwart\/#primaryimage","url":"https:\/\/www.sdmodelcartuning.com\/wp-content\/uploads\/2025\/09\/183724.2.jpg","contentUrl":"https:\/\/www.sdmodelcartuning.com\/wp-content\/uploads\/2025\/09\/183724.2.jpg","width":1000,"height":489},{"@type":"BreadcrumbList","@id":"https:\/\/www.sdmodelcartuning.com\/product\/118-mercedes-benz-450sl-r107-us-version-american-gigolo-film-versie-1979-zwart\/#breadcrumb","itemListElement":[{"@type":"ListItem","position":1,"name":"Home","item":"https:\/\/www.sdmodelcartuning.com\/"},{"@type":"ListItem","position":2,"name":"Winkel","item":"https:\/\/www.sdmodelcartuning.com\/it\/winkel\/"},{"@type":"ListItem","position":3,"name":"1:18 Mercedes Benz 450SL R107 US-version &#8211; American Gigolo film versie &#8211; 1979 &#8211; Zwart."}]},{"@type":"WebSite","@id":"https:\/\/www.sdmodelcartuning.com\/#website","url":"https:\/\/www.sdmodelcartuning.com\/","name":"SDmodelcartuning.com","description":"La boutique de miniatures et d&#039;accessoires des Pays-Bas","publisher":{"@id":"https:\/\/www.sdmodelcartuning.com\/#organization"},"potentialAction":[{"@type":"SearchAction","target":{"@type":"EntryPoint","urlTemplate":"https:\/\/www.sdmodelcartuning.com\/?s={search_term_string}"},"query-input":{"@type":"PropertyValueSpecification","valueRequired":true,"valueName":"search_term_string"}}],"inLanguage":"fr-FR"},{"@type":"Organization","@id":"https:\/\/www.sdmodelcartuning.com\/#organization","name":"SDmodelcartuning.com","url":"https:\/\/www.sdmodelcartuning.com\/","logo":{"@type":"ImageObject","inLanguage":"fr-FR","@id":"https:\/\/www.sdmodelcartuning.com\/#\/schema\/logo\/image\/","url":"https:\/\/www.sdmodelcartuning.com\/wp-content\/uploads\/2020\/09\/logo-retina.png","contentUrl":"https:\/\/www.sdmodelcartuning.com\/wp-content\/uploads\/2020\/09\/logo-retina.png","width":463,"height":150,"caption":"SDmodelcartuning.com"},"image":{"@id":"https:\/\/www.sdmodelcartuning.com\/#\/schema\/logo\/image\/"}}]}},"_links":{"self":[{"href":"https:\/\/www.sdmodelcartuning.com\/fr\/wp-json\/wp\/v2\/product\/154989","targetHints":{"allow":["GET"]}}],"collection":[{"href":"https:\/\/www.sdmodelcartuning.com\/fr\/wp-json\/wp\/v2\/product"}],"about":[{"href":"https:\/\/www.sdmodelcartuning.com\/fr\/wp-json\/wp\/v2\/types\/product"}],"version-history":[{"count":1,"href":"https:\/\/www.sdmodelcartuning.com\/fr\/wp-json\/wp\/v2\/product\/154989\/revisions"}],"predecessor-version":[{"id":154998,"href":"https:\/\/www.sdmodelcartuning.com\/fr\/wp-json\/wp\/v2\/product\/154989\/revisions\/154998"}],"wp:featuredmedia":[{"embeddable":true,"href":"https:\/\/www.sdmodelcartuning.com\/fr\/wp-json\/wp\/v2\/media\/154994"}],"wp:attachment":[{"href":"https:\/\/www.sdmodelcartuning.com\/fr\/wp-json\/wp\/v2\/media?parent=154989"}],"wp:term":[{"taxonomy":"product_brand","embeddable":true,"href":"https:\/\/www.sdmodelcartuning.com\/fr\/wp-json\/wp\/v2\/product_brand?post=154989"},{"taxonomy":"product_cat","embeddable":true,"href":"https:\/\/www.sdmodelcartuning.com\/fr\/wp-json\/wp\/v2\/product_cat?post=154989"},{"taxonomy":"product_tag","embeddable":true,"href":"https:\/\/www.sdmodelcartuning.com\/fr\/wp-json\/wp\/v2\/product_tag?post=154989"}],"curies":[{"name":"wp","href":"https:\/\/api.w.org\/{rel}","templated":true}]}}