{"id":154766,"date":"2025-08-30T11:19:44","date_gmt":"2025-08-30T10:19:44","guid":{"rendered":"https:\/\/www.sdmodelcartuning.com\/?post_type=product&#038;p=154766"},"modified":"2026-02-23T23:19:57","modified_gmt":"2026-02-23T22:19:57","slug":"118-mercedes-benz-c63-amg-black-series-zwart","status":"publish","type":"product","link":"https:\/\/www.sdmodelcartuning.com\/fr\/produit\/118-mercedes-benz-c63-amg-black-series-black\/","title":{"rendered":"1:18 Mercedes Benz C63 AMG s\u00e9rie noire - Noir"},"content":{"rendered":"<p>Echelle 1\/18 : Mercedes Benz C63 AMG s\u00e9rie noire - Noir<\/p>\n<p>Fabricant : Memory Lines<\/p>\n<p>Le mod\u00e8le HQ est tr\u00e8s bien fini et d\u00e9taill\u00e9 et est livr\u00e9 avec une plaque de base de luxe et une vitrine d'exposition. \u00c9dition limit\u00e9e \u00e0 99 pi\u00e8ces !<\/p>\n<p>Mat\u00e9riau\u00a0: corps en r\u00e9sine ferm\u00e9 avec pi\u00e8ces en plastique.<\/p>","protected":false},"excerpt":{"rendered":"<p>1\/18 Schaal: Mercedes Benz C63 AMG Black series &#8211; Zwart Fabrikant: Memory Lines HQ Model is zeer mooi afgewerkt en gedetailleerd en wordt geleverd inclusief luxe grondplaat en vitrine. Gelimiteerde uitgave van slechts 99 stuks! Materiaal: Gesloten resin carosserie met plastic delen.<\/p>","protected":false},"featured_media":154769,"template":"","meta":[],"product_brand":[],"product_cat":[1116,2289,2287,1308],"product_tag":[],"class_list":{"0":"post-154766","1":"product","2":"type-product","3":"status-publish","4":"has-post-thumbnail","6":"product_cat-1-18-modelautos","7":"product_cat-118-schaal","8":"product_cat-exclusieve-modelautos","9":"product_cat-mercedes","11":"first","12":"outofstock","13":"taxable","14":"shipping-taxable","15":"purchasable","16":"product-type-simple"},"yoast_head":"<!-- This site is optimized with the Yoast SEO plugin v27.4 - https:\/\/yoast.com\/product\/yoast-seo-wordpress\/ -->\n<title>1:18 Mercedes Benz C63 AMG Black series - Zwart - SDmodelcartuning.com<\/title>\n<meta name=\"robots\" content=\"index, follow, max-snippet:-1, max-image-preview:large, max-video-preview:-1\" \/>\n<link rel=\"canonical\" href=\"https:\/\/www.sdmodelcartuning.com\/fr\/produit\/118-mercedes-benz-c63-amg-black-series-black\/\" \/>\n<meta property=\"og:locale\" content=\"fr_FR\" \/>\n<meta property=\"og:type\" content=\"article\" \/>\n<meta property=\"og:title\" content=\"1:18 Mercedes Benz C63 AMG Black series - Zwart - SDmodelcartuning.com\" \/>\n<meta property=\"og:description\" content=\"1\/18 Schaal: Mercedes Benz C63 AMG Black series &#8211; Zwart Fabrikant: Memory Lines HQ Model is zeer mooi afgewerkt en gedetailleerd en wordt geleverd inclusief luxe grondplaat en vitrine. Gelimiteerde uitgave van slechts 99 stuks! Materiaal: Gesloten resin carosserie met plastic delen.\" \/>\n<meta property=\"og:url\" content=\"https:\/\/www.sdmodelcartuning.com\/fr\/produit\/118-mercedes-benz-c63-amg-black-series-black\/\" \/>\n<meta property=\"og:site_name\" content=\"SDmodelcartuning.com\" \/>\n<meta property=\"article:modified_time\" content=\"2026-02-23T22:19:57+00:00\" \/>\n<meta property=\"og:image\" content=\"https:\/\/www.sdmodelcartuning.com\/wp-content\/uploads\/2025\/08\/C63BLACKSERIESZW-3.jpg\" \/>\n\t<meta property=\"og:image:width\" content=\"2000\" \/>\n\t<meta property=\"og:image:height\" content=\"1500\" \/>\n\t<meta property=\"og:image:type\" content=\"image\/jpeg\" \/>\n<meta name=\"twitter:card\" content=\"summary_large_image\" \/>\n<meta name=\"twitter:label1\" content=\"Dur\u00e9e de lecture estim\u00e9e\" \/>\n\t<meta name=\"twitter:data1\" content=\"1 minute\" \/>\n<script type=\"application\/ld+json\" class=\"yoast-schema-graph\">{\"@context\":\"https:\\\/\\\/schema.org\",\"@graph\":[{\"@type\":\"WebPage\",\"@id\":\"https:\\\/\\\/www.sdmodelcartuning.com\\\/product\\\/118-mercedes-benz-c63-amg-black-series-zwart\\\/\",\"url\":\"https:\\\/\\\/www.sdmodelcartuning.com\\\/product\\\/118-mercedes-benz-c63-amg-black-series-zwart\\\/\",\"name\":\"1:18 Mercedes Benz C63 AMG Black series - Zwart - SDmodelcartuning.com\",\"isPartOf\":{\"@id\":\"https:\\\/\\\/www.sdmodelcartuning.com\\\/#website\"},\"primaryImageOfPage\":{\"@id\":\"https:\\\/\\\/www.sdmodelcartuning.com\\\/product\\\/118-mercedes-benz-c63-amg-black-series-zwart\\\/#primaryimage\"},\"image\":{\"@id\":\"https:\\\/\\\/www.sdmodelcartuning.com\\\/product\\\/118-mercedes-benz-c63-amg-black-series-zwart\\\/#primaryimage\"},\"thumbnailUrl\":\"https:\\\/\\\/www.sdmodelcartuning.com\\\/wp-content\\\/uploads\\\/2025\\\/08\\\/C63BLACKSERIESZW-3.jpg\",\"datePublished\":\"2025-08-30T10:19:44+00:00\",\"dateModified\":\"2026-02-23T22:19:57+00:00\",\"breadcrumb\":{\"@id\":\"https:\\\/\\\/www.sdmodelcartuning.com\\\/product\\\/118-mercedes-benz-c63-amg-black-series-zwart\\\/#breadcrumb\"},\"inLanguage\":\"fr-FR\",\"potentialAction\":[{\"@type\":\"ReadAction\",\"target\":[\"https:\\\/\\\/www.sdmodelcartuning.com\\\/product\\\/118-mercedes-benz-c63-amg-black-series-zwart\\\/\"]}]},{\"@type\":\"ImageObject\",\"inLanguage\":\"fr-FR\",\"@id\":\"https:\\\/\\\/www.sdmodelcartuning.com\\\/product\\\/118-mercedes-benz-c63-amg-black-series-zwart\\\/#primaryimage\",\"url\":\"https:\\\/\\\/www.sdmodelcartuning.com\\\/wp-content\\\/uploads\\\/2025\\\/08\\\/C63BLACKSERIESZW-3.jpg\",\"contentUrl\":\"https:\\\/\\\/www.sdmodelcartuning.com\\\/wp-content\\\/uploads\\\/2025\\\/08\\\/C63BLACKSERIESZW-3.jpg\",\"width\":2000,\"height\":1500},{\"@type\":\"BreadcrumbList\",\"@id\":\"https:\\\/\\\/www.sdmodelcartuning.com\\\/product\\\/118-mercedes-benz-c63-amg-black-series-zwart\\\/#breadcrumb\",\"itemListElement\":[{\"@type\":\"ListItem\",\"position\":1,\"name\":\"Home\",\"item\":\"https:\\\/\\\/www.sdmodelcartuning.com\\\/\"},{\"@type\":\"ListItem\",\"position\":2,\"name\":\"Winkel\",\"item\":\"https:\\\/\\\/www.sdmodelcartuning.com\\\/it\\\/winkel\\\/\"},{\"@type\":\"ListItem\",\"position\":3,\"name\":\"1:18 Mercedes Benz C63 AMG Black series &#8211; Zwart\"}]},{\"@type\":\"WebSite\",\"@id\":\"https:\\\/\\\/www.sdmodelcartuning.com\\\/#website\",\"url\":\"https:\\\/\\\/www.sdmodelcartuning.com\\\/\",\"name\":\"SDmodelcartuning.com\",\"description\":\"De miniaturen en toebehoren shop van Nederland\",\"publisher\":{\"@id\":\"https:\\\/\\\/www.sdmodelcartuning.com\\\/#organization\"},\"potentialAction\":[{\"@type\":\"SearchAction\",\"target\":{\"@type\":\"EntryPoint\",\"urlTemplate\":\"https:\\\/\\\/www.sdmodelcartuning.com\\\/?s={search_term_string}\"},\"query-input\":{\"@type\":\"PropertyValueSpecification\",\"valueRequired\":true,\"valueName\":\"search_term_string\"}}],\"inLanguage\":\"fr-FR\"},{\"@type\":\"Organization\",\"@id\":\"https:\\\/\\\/www.sdmodelcartuning.com\\\/#organization\",\"name\":\"SDmodelcartuning.com\",\"url\":\"https:\\\/\\\/www.sdmodelcartuning.com\\\/\",\"logo\":{\"@type\":\"ImageObject\",\"inLanguage\":\"fr-FR\",\"@id\":\"https:\\\/\\\/www.sdmodelcartuning.com\\\/#\\\/schema\\\/logo\\\/image\\\/\",\"url\":\"https:\\\/\\\/www.sdmodelcartuning.com\\\/wp-content\\\/uploads\\\/2020\\\/09\\\/logo-retina.png\",\"contentUrl\":\"https:\\\/\\\/www.sdmodelcartuning.com\\\/wp-content\\\/uploads\\\/2020\\\/09\\\/logo-retina.png\",\"width\":463,\"height\":150,\"caption\":\"SDmodelcartuning.com\"},\"image\":{\"@id\":\"https:\\\/\\\/www.sdmodelcartuning.com\\\/#\\\/schema\\\/logo\\\/image\\\/\"}}]}<\/script>\n<!-- \/ Yoast SEO plugin. -->","yoast_head_json":{"title":"1:18 Mercedes Benz C63 AMG s\u00e9rie noire - Noir - SDmodelcartuning.com","robots":{"index":"index","follow":"follow","max-snippet":"max-snippet:-1","max-image-preview":"max-image-preview:large","max-video-preview":"max-video-preview:-1"},"canonical":"https:\/\/www.sdmodelcartuning.com\/fr\/produit\/118-mercedes-benz-c63-amg-black-series-black\/","og_locale":"fr_FR","og_type":"article","og_title":"1:18 Mercedes Benz C63 AMG Black series - Zwart - SDmodelcartuning.com","og_description":"1\/18 Schaal: Mercedes Benz C63 AMG Black series &#8211; Zwart Fabrikant: Memory Lines HQ Model is zeer mooi afgewerkt en gedetailleerd en wordt geleverd inclusief luxe grondplaat en vitrine. Gelimiteerde uitgave van slechts 99 stuks! Materiaal: Gesloten resin carosserie met plastic delen.","og_url":"https:\/\/www.sdmodelcartuning.com\/fr\/produit\/118-mercedes-benz-c63-amg-black-series-black\/","og_site_name":"SDmodelcartuning.com","article_modified_time":"2026-02-23T22:19:57+00:00","og_image":[{"width":2000,"height":1500,"url":"https:\/\/www.sdmodelcartuning.com\/wp-content\/uploads\/2025\/08\/C63BLACKSERIESZW-3.jpg","type":"image\/jpeg"}],"twitter_card":"summary_large_image","twitter_misc":{"Dur\u00e9e de lecture estim\u00e9e":"1 minute"},"schema":{"@context":"https:\/\/schema.org","@graph":[{"@type":"WebPage","@id":"https:\/\/www.sdmodelcartuning.com\/product\/118-mercedes-benz-c63-amg-black-series-zwart\/","url":"https:\/\/www.sdmodelcartuning.com\/product\/118-mercedes-benz-c63-amg-black-series-zwart\/","name":"1:18 Mercedes Benz C63 AMG s\u00e9rie noire - Noir - SDmodelcartuning.com","isPartOf":{"@id":"https:\/\/www.sdmodelcartuning.com\/#website"},"primaryImageOfPage":{"@id":"https:\/\/www.sdmodelcartuning.com\/product\/118-mercedes-benz-c63-amg-black-series-zwart\/#primaryimage"},"image":{"@id":"https:\/\/www.sdmodelcartuning.com\/product\/118-mercedes-benz-c63-amg-black-series-zwart\/#primaryimage"},"thumbnailUrl":"https:\/\/www.sdmodelcartuning.com\/wp-content\/uploads\/2025\/08\/C63BLACKSERIESZW-3.jpg","datePublished":"2025-08-30T10:19:44+00:00","dateModified":"2026-02-23T22:19:57+00:00","breadcrumb":{"@id":"https:\/\/www.sdmodelcartuning.com\/product\/118-mercedes-benz-c63-amg-black-series-zwart\/#breadcrumb"},"inLanguage":"fr-FR","potentialAction":[{"@type":"ReadAction","target":["https:\/\/www.sdmodelcartuning.com\/product\/118-mercedes-benz-c63-amg-black-series-zwart\/"]}]},{"@type":"ImageObject","inLanguage":"fr-FR","@id":"https:\/\/www.sdmodelcartuning.com\/product\/118-mercedes-benz-c63-amg-black-series-zwart\/#primaryimage","url":"https:\/\/www.sdmodelcartuning.com\/wp-content\/uploads\/2025\/08\/C63BLACKSERIESZW-3.jpg","contentUrl":"https:\/\/www.sdmodelcartuning.com\/wp-content\/uploads\/2025\/08\/C63BLACKSERIESZW-3.jpg","width":2000,"height":1500},{"@type":"BreadcrumbList","@id":"https:\/\/www.sdmodelcartuning.com\/product\/118-mercedes-benz-c63-amg-black-series-zwart\/#breadcrumb","itemListElement":[{"@type":"ListItem","position":1,"name":"Home","item":"https:\/\/www.sdmodelcartuning.com\/"},{"@type":"ListItem","position":2,"name":"Winkel","item":"https:\/\/www.sdmodelcartuning.com\/it\/winkel\/"},{"@type":"ListItem","position":3,"name":"1:18 Mercedes Benz C63 AMG Black series &#8211; Zwart"}]},{"@type":"WebSite","@id":"https:\/\/www.sdmodelcartuning.com\/#website","url":"https:\/\/www.sdmodelcartuning.com\/","name":"SDmodelcartuning.com","description":"La boutique de miniatures et d&#039;accessoires des Pays-Bas","publisher":{"@id":"https:\/\/www.sdmodelcartuning.com\/#organization"},"potentialAction":[{"@type":"SearchAction","target":{"@type":"EntryPoint","urlTemplate":"https:\/\/www.sdmodelcartuning.com\/?s={search_term_string}"},"query-input":{"@type":"PropertyValueSpecification","valueRequired":true,"valueName":"search_term_string"}}],"inLanguage":"fr-FR"},{"@type":"Organization","@id":"https:\/\/www.sdmodelcartuning.com\/#organization","name":"SDmodelcartuning.com","url":"https:\/\/www.sdmodelcartuning.com\/","logo":{"@type":"ImageObject","inLanguage":"fr-FR","@id":"https:\/\/www.sdmodelcartuning.com\/#\/schema\/logo\/image\/","url":"https:\/\/www.sdmodelcartuning.com\/wp-content\/uploads\/2020\/09\/logo-retina.png","contentUrl":"https:\/\/www.sdmodelcartuning.com\/wp-content\/uploads\/2020\/09\/logo-retina.png","width":463,"height":150,"caption":"SDmodelcartuning.com"},"image":{"@id":"https:\/\/www.sdmodelcartuning.com\/#\/schema\/logo\/image\/"}}]}},"_links":{"self":[{"href":"https:\/\/www.sdmodelcartuning.com\/fr\/wp-json\/wp\/v2\/product\/154766","targetHints":{"allow":["GET"]}}],"collection":[{"href":"https:\/\/www.sdmodelcartuning.com\/fr\/wp-json\/wp\/v2\/product"}],"about":[{"href":"https:\/\/www.sdmodelcartuning.com\/fr\/wp-json\/wp\/v2\/types\/product"}],"version-history":[{"count":1,"href":"https:\/\/www.sdmodelcartuning.com\/fr\/wp-json\/wp\/v2\/product\/154766\/revisions"}],"predecessor-version":[{"id":154776,"href":"https:\/\/www.sdmodelcartuning.com\/fr\/wp-json\/wp\/v2\/product\/154766\/revisions\/154776"}],"wp:featuredmedia":[{"embeddable":true,"href":"https:\/\/www.sdmodelcartuning.com\/fr\/wp-json\/wp\/v2\/media\/154769"}],"wp:attachment":[{"href":"https:\/\/www.sdmodelcartuning.com\/fr\/wp-json\/wp\/v2\/media?parent=154766"}],"wp:term":[{"taxonomy":"product_brand","embeddable":true,"href":"https:\/\/www.sdmodelcartuning.com\/fr\/wp-json\/wp\/v2\/product_brand?post=154766"},{"taxonomy":"product_cat","embeddable":true,"href":"https:\/\/www.sdmodelcartuning.com\/fr\/wp-json\/wp\/v2\/product_cat?post=154766"},{"taxonomy":"product_tag","embeddable":true,"href":"https:\/\/www.sdmodelcartuning.com\/fr\/wp-json\/wp\/v2\/product_tag?post=154766"}],"curies":[{"name":"wp","href":"https:\/\/api.w.org\/{rel}","templated":true}]}}