{"id":147936,"date":"2025-03-11T10:17:03","date_gmt":"2025-03-11T09:17:03","guid":{"rendered":"https:\/\/www.sdmodelcartuning.com\/?post_type=product&#038;p=147936"},"modified":"2025-03-14T09:40:16","modified_gmt":"2025-03-14T08:40:16","slug":"118-opel-astra-h-opc-2006-blauw-metallic","status":"publish","type":"product","link":"https:\/\/www.sdmodelcartuning.com\/fr\/produit\/118-opel-astra-h-opc-2006-bleu-metallique\/","title":{"rendered":"1:18 Opel Astra (H) OPC - 2006 - Bleu m\u00e9tallique"},"content":{"rendered":"<p>Echelle 1\/18 : Opel Astra (H) OPC - 2006 - Bleu m\u00e9tallis\u00e9 ( Ardenblau).<\/p>\n<p>Fabricant : Ottomobile.<\/p>\n<p>Mod\u00e8le tr\u00e8s d\u00e9taill\u00e9, est une \u00e9dition limit\u00e9e \u00e0 2000 pi\u00e8ces !<\/p>\n<p>Mat\u00e9riau : mod\u00e8le ferm\u00e9 en r\u00e9sine avec pi\u00e8ces en plastique.<\/p>","protected":false},"excerpt":{"rendered":"<p>Echelle 1\/18 : Opel Astra (H) OPC - 2006 - Bleu m\u00e9tallis\u00e9 ( Ardenblau). Fabricant : Ottomobile. Mod\u00e8le tr\u00e8s d\u00e9taill\u00e9, \u00e9dition limit\u00e9e \u00e0 2000 pi\u00e8ces ! Mat\u00e9riau : mod\u00e8le ferm\u00e9 en r\u00e9sine avec pi\u00e8ces en plastique.<\/p>","protected":false},"featured_media":147943,"template":"","meta":[],"product_brand":[],"product_cat":[1116,1287],"product_tag":[],"class_list":{"0":"post-147936","1":"product","2":"type-product","3":"status-publish","4":"has-post-thumbnail","6":"product_cat-1-18-modelautos","7":"product_cat-opel-1-18-modelautos","9":"first","10":"outofstock","11":"taxable","12":"shipping-taxable","13":"purchasable","14":"product-type-simple"},"yoast_head":"<!-- This site is optimized with the Yoast SEO plugin v26.8 - https:\/\/yoast.com\/product\/yoast-seo-wordpress\/ -->\n<title>1:18 Opel Astra (H) OPC - 2006 - Blauw metallic - SDmodelcartuning.com<\/title>\n<meta name=\"robots\" content=\"index, follow, max-snippet:-1, max-image-preview:large, max-video-preview:-1\" \/>\n<link rel=\"canonical\" href=\"https:\/\/www.sdmodelcartuning.com\/fr\/produit\/118-opel-astra-h-opc-2006-bleu-metallique\/\" \/>\n<meta property=\"og:locale\" content=\"fr_FR\" \/>\n<meta property=\"og:type\" content=\"article\" \/>\n<meta property=\"og:title\" content=\"1:18 Opel Astra (H) OPC - 2006 - Blauw metallic - SDmodelcartuning.com\" \/>\n<meta property=\"og:description\" content=\"1\/18 schaal: Opel Astra (H) OPC &#8211; 2006 &#8211; Blauw metallic ( Ardenblau). Fabrikant: Ottomobile. Zeer gedetailleerd model, is een gelimiteerde editie van 2000 stuks! Materiaal: gesloten resin model met plastic delen.\" \/>\n<meta property=\"og:url\" content=\"https:\/\/www.sdmodelcartuning.com\/fr\/produit\/118-opel-astra-h-opc-2006-bleu-metallique\/\" \/>\n<meta property=\"og:site_name\" content=\"SDmodelcartuning.com\" \/>\n<meta property=\"article:modified_time\" content=\"2025-03-14T08:40:16+00:00\" \/>\n<meta property=\"og:image\" content=\"https:\/\/www.sdmodelcartuning.com\/wp-content\/uploads\/2025\/03\/OT473-FL.jpg\" \/>\n\t<meta property=\"og:image:width\" content=\"1920\" \/>\n\t<meta property=\"og:image:height\" content=\"1280\" \/>\n\t<meta property=\"og:image:type\" content=\"image\/jpeg\" \/>\n<meta name=\"twitter:card\" content=\"summary_large_image\" \/>\n<meta name=\"twitter:label1\" content=\"Dur\u00e9e de lecture estim\u00e9e\" \/>\n\t<meta name=\"twitter:data1\" content=\"1 minute\" \/>\n<script type=\"application\/ld+json\" class=\"yoast-schema-graph\">{\"@context\":\"https:\/\/schema.org\",\"@graph\":[{\"@type\":\"WebPage\",\"@id\":\"https:\/\/www.sdmodelcartuning.com\/product\/118-opel-astra-h-opc-2006-blauw-metallic\/\",\"url\":\"https:\/\/www.sdmodelcartuning.com\/product\/118-opel-astra-h-opc-2006-blauw-metallic\/\",\"name\":\"1:18 Opel Astra (H) OPC - 2006 - Blauw metallic - SDmodelcartuning.com\",\"isPartOf\":{\"@id\":\"https:\/\/www.sdmodelcartuning.com\/#website\"},\"primaryImageOfPage\":{\"@id\":\"https:\/\/www.sdmodelcartuning.com\/product\/118-opel-astra-h-opc-2006-blauw-metallic\/#primaryimage\"},\"image\":{\"@id\":\"https:\/\/www.sdmodelcartuning.com\/product\/118-opel-astra-h-opc-2006-blauw-metallic\/#primaryimage\"},\"thumbnailUrl\":\"https:\/\/www.sdmodelcartuning.com\/wp-content\/uploads\/2025\/03\/OT473-FL.jpg\",\"datePublished\":\"2025-03-11T09:17:03+00:00\",\"dateModified\":\"2025-03-14T08:40:16+00:00\",\"breadcrumb\":{\"@id\":\"https:\/\/www.sdmodelcartuning.com\/product\/118-opel-astra-h-opc-2006-blauw-metallic\/#breadcrumb\"},\"inLanguage\":\"fr-FR\",\"potentialAction\":[{\"@type\":\"ReadAction\",\"target\":[\"https:\/\/www.sdmodelcartuning.com\/product\/118-opel-astra-h-opc-2006-blauw-metallic\/\"]}]},{\"@type\":\"ImageObject\",\"inLanguage\":\"fr-FR\",\"@id\":\"https:\/\/www.sdmodelcartuning.com\/product\/118-opel-astra-h-opc-2006-blauw-metallic\/#primaryimage\",\"url\":\"https:\/\/www.sdmodelcartuning.com\/wp-content\/uploads\/2025\/03\/OT473-FL.jpg\",\"contentUrl\":\"https:\/\/www.sdmodelcartuning.com\/wp-content\/uploads\/2025\/03\/OT473-FL.jpg\",\"width\":1920,\"height\":1280},{\"@type\":\"BreadcrumbList\",\"@id\":\"https:\/\/www.sdmodelcartuning.com\/product\/118-opel-astra-h-opc-2006-blauw-metallic\/#breadcrumb\",\"itemListElement\":[{\"@type\":\"ListItem\",\"position\":1,\"name\":\"Home\",\"item\":\"https:\/\/www.sdmodelcartuning.com\/\"},{\"@type\":\"ListItem\",\"position\":2,\"name\":\"Winkel\",\"item\":\"https:\/\/www.sdmodelcartuning.com\/it\/winkel\/\"},{\"@type\":\"ListItem\",\"position\":3,\"name\":\"1:18 Opel Astra (H) OPC &#8211; 2006 &#8211; Blauw metallic\"}]},{\"@type\":\"WebSite\",\"@id\":\"https:\/\/www.sdmodelcartuning.com\/#website\",\"url\":\"https:\/\/www.sdmodelcartuning.com\/\",\"name\":\"SDmodelcartuning.com\",\"description\":\"De miniaturen en toebehoren shop van Nederland\",\"publisher\":{\"@id\":\"https:\/\/www.sdmodelcartuning.com\/#organization\"},\"potentialAction\":[{\"@type\":\"SearchAction\",\"target\":{\"@type\":\"EntryPoint\",\"urlTemplate\":\"https:\/\/www.sdmodelcartuning.com\/?s={search_term_string}\"},\"query-input\":{\"@type\":\"PropertyValueSpecification\",\"valueRequired\":true,\"valueName\":\"search_term_string\"}}],\"inLanguage\":\"fr-FR\"},{\"@type\":\"Organization\",\"@id\":\"https:\/\/www.sdmodelcartuning.com\/#organization\",\"name\":\"SDmodelcartuning.com\",\"url\":\"https:\/\/www.sdmodelcartuning.com\/\",\"logo\":{\"@type\":\"ImageObject\",\"inLanguage\":\"fr-FR\",\"@id\":\"https:\/\/www.sdmodelcartuning.com\/#\/schema\/logo\/image\/\",\"url\":\"https:\/\/www.sdmodelcartuning.com\/wp-content\/uploads\/2020\/09\/logo-retina.png\",\"contentUrl\":\"https:\/\/www.sdmodelcartuning.com\/wp-content\/uploads\/2020\/09\/logo-retina.png\",\"width\":463,\"height\":150,\"caption\":\"SDmodelcartuning.com\"},\"image\":{\"@id\":\"https:\/\/www.sdmodelcartuning.com\/#\/schema\/logo\/image\/\"}}]}<\/script>\n<!-- \/ Yoast SEO plugin. -->","yoast_head_json":{"title":"1:18 Opel Astra (H) OPC - 2006 - Bleu m\u00e9tallique - SDmodelcartuning.com","robots":{"index":"index","follow":"follow","max-snippet":"max-snippet:-1","max-image-preview":"max-image-preview:large","max-video-preview":"max-video-preview:-1"},"canonical":"https:\/\/www.sdmodelcartuning.com\/fr\/produit\/118-opel-astra-h-opc-2006-bleu-metallique\/","og_locale":"fr_FR","og_type":"article","og_title":"1:18 Opel Astra (H) OPC - 2006 - Blauw metallic - SDmodelcartuning.com","og_description":"1\/18 schaal: Opel Astra (H) OPC &#8211; 2006 &#8211; Blauw metallic ( Ardenblau). Fabrikant: Ottomobile. Zeer gedetailleerd model, is een gelimiteerde editie van 2000 stuks! Materiaal: gesloten resin model met plastic delen.","og_url":"https:\/\/www.sdmodelcartuning.com\/fr\/produit\/118-opel-astra-h-opc-2006-bleu-metallique\/","og_site_name":"SDmodelcartuning.com","article_modified_time":"2025-03-14T08:40:16+00:00","og_image":[{"width":1920,"height":1280,"url":"https:\/\/www.sdmodelcartuning.com\/wp-content\/uploads\/2025\/03\/OT473-FL.jpg","type":"image\/jpeg"}],"twitter_card":"summary_large_image","twitter_misc":{"Dur\u00e9e de lecture estim\u00e9e":"1 minute"},"schema":{"@context":"https:\/\/schema.org","@graph":[{"@type":"WebPage","@id":"https:\/\/www.sdmodelcartuning.com\/product\/118-opel-astra-h-opc-2006-blauw-metallic\/","url":"https:\/\/www.sdmodelcartuning.com\/product\/118-opel-astra-h-opc-2006-blauw-metallic\/","name":"1:18 Opel Astra (H) OPC - 2006 - Bleu m\u00e9tallique - SDmodelcartuning.com","isPartOf":{"@id":"https:\/\/www.sdmodelcartuning.com\/#website"},"primaryImageOfPage":{"@id":"https:\/\/www.sdmodelcartuning.com\/product\/118-opel-astra-h-opc-2006-blauw-metallic\/#primaryimage"},"image":{"@id":"https:\/\/www.sdmodelcartuning.com\/product\/118-opel-astra-h-opc-2006-blauw-metallic\/#primaryimage"},"thumbnailUrl":"https:\/\/www.sdmodelcartuning.com\/wp-content\/uploads\/2025\/03\/OT473-FL.jpg","datePublished":"2025-03-11T09:17:03+00:00","dateModified":"2025-03-14T08:40:16+00:00","breadcrumb":{"@id":"https:\/\/www.sdmodelcartuning.com\/product\/118-opel-astra-h-opc-2006-blauw-metallic\/#breadcrumb"},"inLanguage":"fr-FR","potentialAction":[{"@type":"ReadAction","target":["https:\/\/www.sdmodelcartuning.com\/product\/118-opel-astra-h-opc-2006-blauw-metallic\/"]}]},{"@type":"ImageObject","inLanguage":"fr-FR","@id":"https:\/\/www.sdmodelcartuning.com\/product\/118-opel-astra-h-opc-2006-blauw-metallic\/#primaryimage","url":"https:\/\/www.sdmodelcartuning.com\/wp-content\/uploads\/2025\/03\/OT473-FL.jpg","contentUrl":"https:\/\/www.sdmodelcartuning.com\/wp-content\/uploads\/2025\/03\/OT473-FL.jpg","width":1920,"height":1280},{"@type":"BreadcrumbList","@id":"https:\/\/www.sdmodelcartuning.com\/product\/118-opel-astra-h-opc-2006-blauw-metallic\/#breadcrumb","itemListElement":[{"@type":"ListItem","position":1,"name":"Home","item":"https:\/\/www.sdmodelcartuning.com\/"},{"@type":"ListItem","position":2,"name":"Winkel","item":"https:\/\/www.sdmodelcartuning.com\/it\/winkel\/"},{"@type":"ListItem","position":3,"name":"1:18 Opel Astra (H) OPC &#8211; 2006 &#8211; Blauw metallic"}]},{"@type":"WebSite","@id":"https:\/\/www.sdmodelcartuning.com\/#website","url":"https:\/\/www.sdmodelcartuning.com\/","name":"SDmodelcartuning.com","description":"La boutique de miniatures et d&#039;accessoires des Pays-Bas","publisher":{"@id":"https:\/\/www.sdmodelcartuning.com\/#organization"},"potentialAction":[{"@type":"SearchAction","target":{"@type":"EntryPoint","urlTemplate":"https:\/\/www.sdmodelcartuning.com\/?s={search_term_string}"},"query-input":{"@type":"PropertyValueSpecification","valueRequired":true,"valueName":"search_term_string"}}],"inLanguage":"fr-FR"},{"@type":"Organization","@id":"https:\/\/www.sdmodelcartuning.com\/#organization","name":"SDmodelcartuning.com","url":"https:\/\/www.sdmodelcartuning.com\/","logo":{"@type":"ImageObject","inLanguage":"fr-FR","@id":"https:\/\/www.sdmodelcartuning.com\/#\/schema\/logo\/image\/","url":"https:\/\/www.sdmodelcartuning.com\/wp-content\/uploads\/2020\/09\/logo-retina.png","contentUrl":"https:\/\/www.sdmodelcartuning.com\/wp-content\/uploads\/2020\/09\/logo-retina.png","width":463,"height":150,"caption":"SDmodelcartuning.com"},"image":{"@id":"https:\/\/www.sdmodelcartuning.com\/#\/schema\/logo\/image\/"}}]}},"_links":{"self":[{"href":"https:\/\/www.sdmodelcartuning.com\/fr\/wp-json\/wp\/v2\/product\/147936","targetHints":{"allow":["GET"]}}],"collection":[{"href":"https:\/\/www.sdmodelcartuning.com\/fr\/wp-json\/wp\/v2\/product"}],"about":[{"href":"https:\/\/www.sdmodelcartuning.com\/fr\/wp-json\/wp\/v2\/types\/product"}],"version-history":[{"count":1,"href":"https:\/\/www.sdmodelcartuning.com\/fr\/wp-json\/wp\/v2\/product\/147936\/revisions"}],"predecessor-version":[{"id":147945,"href":"https:\/\/www.sdmodelcartuning.com\/fr\/wp-json\/wp\/v2\/product\/147936\/revisions\/147945"}],"wp:featuredmedia":[{"embeddable":true,"href":"https:\/\/www.sdmodelcartuning.com\/fr\/wp-json\/wp\/v2\/media\/147943"}],"wp:attachment":[{"href":"https:\/\/www.sdmodelcartuning.com\/fr\/wp-json\/wp\/v2\/media?parent=147936"}],"wp:term":[{"taxonomy":"product_brand","embeddable":true,"href":"https:\/\/www.sdmodelcartuning.com\/fr\/wp-json\/wp\/v2\/product_brand?post=147936"},{"taxonomy":"product_cat","embeddable":true,"href":"https:\/\/www.sdmodelcartuning.com\/fr\/wp-json\/wp\/v2\/product_cat?post=147936"},{"taxonomy":"product_tag","embeddable":true,"href":"https:\/\/www.sdmodelcartuning.com\/fr\/wp-json\/wp\/v2\/product_tag?post=147936"}],"curies":[{"name":"wp","href":"https:\/\/api.w.org\/{rel}","templated":true}]}}