{"id":147757,"date":"2025-03-06T11:23:56","date_gmt":"2025-03-06T10:23:56","guid":{"rendered":"https:\/\/www.sdmodelcartuning.com\/?post_type=product&#038;p=147757"},"modified":"2026-04-28T02:04:28","modified_gmt":"2026-04-28T00:04:28","slug":"118-truck-kenworth-w900-zwart-goud-inclusief-semi-trailer-smokey-and-the-bandit-film","status":"publish","type":"product","link":"https:\/\/www.sdmodelcartuning.com\/fr\/produit\/118-camion-kenworth-w900-noir-or-y-compris-semi-remorque-smokey-and-the-bandit-film\/","title":{"rendered":"1:18 Camion Kenworth W900 - Noir\/Dor\u00e9 - Remorque incluse - Smokey And The Bandit Movie"},"content":{"rendered":"<p>Echelle 1\/18 : Camion Kenworth W900 - Noir\/Dor\u00e9 - Inclus Semi Trailer - Smokey And The Bandit Movie.<\/p>\n<p>Fabricant : Road Kings<\/p>\n<p>Mod\u00e8le tr\u00e8s d\u00e9taill\u00e9 o\u00f9 les portes avant peuvent \u00eatre ouvertes sur ce camion.<\/p>\n<p>La semi-remorque est un mod\u00e8le tr\u00e8s d\u00e9taill\u00e9 dont les portes peuvent \u00eatre ouvertes.<\/p>\n<p>Mat\u00e9riau : m\u00e9tal moul\u00e9 sous pression avec pi\u00e8ces en plastique.<\/p>","protected":false},"excerpt":{"rendered":"<p>\u00c9chelle 1\/18 : Camion Kenworth W900 - Noir\/Dor\u00e9 - Semi remorque incluse - Smokey And The Bandit Movie. Fabricant : Road Kings Mod\u00e8le tr\u00e8s d\u00e9taill\u00e9 dont les portes avant peuvent \u00eatre ouvertes sur ce camion. La semi-remorque est un mod\u00e8le tr\u00e8s d\u00e9taill\u00e9 dont les portes peuvent \u00eatre ouvertes. Mat\u00e9riau : m\u00e9tal moul\u00e9 sous pression avec des pi\u00e8ces en plastique.<\/p>","protected":false},"featured_media":147758,"template":"","meta":[],"product_brand":[],"product_cat":[1113],"product_tag":[],"class_list":{"0":"post-147757","1":"product","2":"type-product","3":"status-publish","4":"has-post-thumbnail","6":"product_cat-118-trucks","8":"first","9":"instock","10":"taxable","11":"shipping-taxable","12":"purchasable","13":"product-type-simple"},"yoast_head":"<!-- This site is optimized with the Yoast SEO plugin v27.4 - https:\/\/yoast.com\/product\/yoast-seo-wordpress\/ -->\n<title>1:18 Truck Kenworth W900 - Zwart\/Goud - Inclusief Semi Trailer - Smokey And The Bandit Film - SDmodelcartuning.com<\/title>\n<meta name=\"robots\" content=\"index, follow, max-snippet:-1, max-image-preview:large, max-video-preview:-1\" \/>\n<link rel=\"canonical\" href=\"https:\/\/www.sdmodelcartuning.com\/fr\/produit\/118-camion-kenworth-w900-noir-or-y-compris-semi-remorque-smokey-and-the-bandit-film\/\" \/>\n<meta property=\"og:locale\" content=\"fr_FR\" \/>\n<meta property=\"og:type\" content=\"article\" \/>\n<meta property=\"og:title\" content=\"1:18 Truck Kenworth W900 - Zwart\/Goud - Inclusief Semi Trailer - Smokey And The Bandit Film - SDmodelcartuning.com\" \/>\n<meta property=\"og:description\" content=\"1\/18 schaal: Truck Kenworth W900 &#8211; Zwart\/Goud &#8211; Inclusief Semi Trailer &#8211; Smokey And The Bandit Film. Fabrikant: Road Kings Zeer gedetailleerd model waarbij de voorportieren bij deze truck kunnen worden geopend. De Semi trailer is een zeer gedetailleerd model waarbij de deuren kunnen worden geopend. Materiaal: diecast metaal met plastic delen.\" \/>\n<meta property=\"og:url\" content=\"https:\/\/www.sdmodelcartuning.com\/fr\/produit\/118-camion-kenworth-w900-noir-or-y-compris-semi-remorque-smokey-and-the-bandit-film\/\" \/>\n<meta property=\"og:site_name\" content=\"SDmodelcartuning.com\" \/>\n<meta property=\"article:modified_time\" content=\"2026-04-28T00:04:28+00:00\" \/>\n<meta property=\"og:image\" content=\"https:\/\/www.sdmodelcartuning.com\/wp-content\/uploads\/2025\/03\/rk180161.5.jpg\" \/>\n\t<meta property=\"og:image:width\" content=\"1319\" \/>\n\t<meta property=\"og:image:height\" content=\"394\" \/>\n\t<meta property=\"og:image:type\" content=\"image\/jpeg\" \/>\n<meta name=\"twitter:card\" content=\"summary_large_image\" \/>\n<meta name=\"twitter:label1\" content=\"Dur\u00e9e de lecture estim\u00e9e\" \/>\n\t<meta name=\"twitter:data1\" content=\"1 minute\" \/>\n<script type=\"application\/ld+json\" class=\"yoast-schema-graph\">{\"@context\":\"https:\\\/\\\/schema.org\",\"@graph\":[{\"@type\":\"WebPage\",\"@id\":\"https:\\\/\\\/www.sdmodelcartuning.com\\\/product\\\/118-truck-kenworth-w900-zwart-goud-inclusief-semi-trailer-smokey-and-the-bandit-film\\\/\",\"url\":\"https:\\\/\\\/www.sdmodelcartuning.com\\\/product\\\/118-truck-kenworth-w900-zwart-goud-inclusief-semi-trailer-smokey-and-the-bandit-film\\\/\",\"name\":\"1:18 Truck Kenworth W900 - Zwart\\\/Goud - Inclusief Semi Trailer - Smokey And The Bandit Film - SDmodelcartuning.com\",\"isPartOf\":{\"@id\":\"https:\\\/\\\/www.sdmodelcartuning.com\\\/#website\"},\"primaryImageOfPage\":{\"@id\":\"https:\\\/\\\/www.sdmodelcartuning.com\\\/product\\\/118-truck-kenworth-w900-zwart-goud-inclusief-semi-trailer-smokey-and-the-bandit-film\\\/#primaryimage\"},\"image\":{\"@id\":\"https:\\\/\\\/www.sdmodelcartuning.com\\\/product\\\/118-truck-kenworth-w900-zwart-goud-inclusief-semi-trailer-smokey-and-the-bandit-film\\\/#primaryimage\"},\"thumbnailUrl\":\"https:\\\/\\\/www.sdmodelcartuning.com\\\/wp-content\\\/uploads\\\/2025\\\/03\\\/rk180161.5.jpg\",\"datePublished\":\"2025-03-06T10:23:56+00:00\",\"dateModified\":\"2026-04-28T00:04:28+00:00\",\"breadcrumb\":{\"@id\":\"https:\\\/\\\/www.sdmodelcartuning.com\\\/product\\\/118-truck-kenworth-w900-zwart-goud-inclusief-semi-trailer-smokey-and-the-bandit-film\\\/#breadcrumb\"},\"inLanguage\":\"fr-FR\",\"potentialAction\":[{\"@type\":\"ReadAction\",\"target\":[\"https:\\\/\\\/www.sdmodelcartuning.com\\\/product\\\/118-truck-kenworth-w900-zwart-goud-inclusief-semi-trailer-smokey-and-the-bandit-film\\\/\"]}]},{\"@type\":\"ImageObject\",\"inLanguage\":\"fr-FR\",\"@id\":\"https:\\\/\\\/www.sdmodelcartuning.com\\\/product\\\/118-truck-kenworth-w900-zwart-goud-inclusief-semi-trailer-smokey-and-the-bandit-film\\\/#primaryimage\",\"url\":\"https:\\\/\\\/www.sdmodelcartuning.com\\\/wp-content\\\/uploads\\\/2025\\\/03\\\/rk180161.5.jpg\",\"contentUrl\":\"https:\\\/\\\/www.sdmodelcartuning.com\\\/wp-content\\\/uploads\\\/2025\\\/03\\\/rk180161.5.jpg\",\"width\":1319,\"height\":394},{\"@type\":\"BreadcrumbList\",\"@id\":\"https:\\\/\\\/www.sdmodelcartuning.com\\\/product\\\/118-truck-kenworth-w900-zwart-goud-inclusief-semi-trailer-smokey-and-the-bandit-film\\\/#breadcrumb\",\"itemListElement\":[{\"@type\":\"ListItem\",\"position\":1,\"name\":\"Home\",\"item\":\"https:\\\/\\\/www.sdmodelcartuning.com\\\/\"},{\"@type\":\"ListItem\",\"position\":2,\"name\":\"Winkel\",\"item\":\"https:\\\/\\\/www.sdmodelcartuning.com\\\/it\\\/winkel\\\/\"},{\"@type\":\"ListItem\",\"position\":3,\"name\":\"1:18 Truck Kenworth W900 &#8211; Zwart\\\/Goud &#8211; Inclusief Semi Trailer &#8211; Smokey And The Bandit Film\"}]},{\"@type\":\"WebSite\",\"@id\":\"https:\\\/\\\/www.sdmodelcartuning.com\\\/#website\",\"url\":\"https:\\\/\\\/www.sdmodelcartuning.com\\\/\",\"name\":\"SDmodelcartuning.com\",\"description\":\"De miniaturen en toebehoren shop van Nederland\",\"publisher\":{\"@id\":\"https:\\\/\\\/www.sdmodelcartuning.com\\\/#organization\"},\"potentialAction\":[{\"@type\":\"SearchAction\",\"target\":{\"@type\":\"EntryPoint\",\"urlTemplate\":\"https:\\\/\\\/www.sdmodelcartuning.com\\\/?s={search_term_string}\"},\"query-input\":{\"@type\":\"PropertyValueSpecification\",\"valueRequired\":true,\"valueName\":\"search_term_string\"}}],\"inLanguage\":\"fr-FR\"},{\"@type\":\"Organization\",\"@id\":\"https:\\\/\\\/www.sdmodelcartuning.com\\\/#organization\",\"name\":\"SDmodelcartuning.com\",\"url\":\"https:\\\/\\\/www.sdmodelcartuning.com\\\/\",\"logo\":{\"@type\":\"ImageObject\",\"inLanguage\":\"fr-FR\",\"@id\":\"https:\\\/\\\/www.sdmodelcartuning.com\\\/#\\\/schema\\\/logo\\\/image\\\/\",\"url\":\"https:\\\/\\\/www.sdmodelcartuning.com\\\/wp-content\\\/uploads\\\/2020\\\/09\\\/logo-retina.png\",\"contentUrl\":\"https:\\\/\\\/www.sdmodelcartuning.com\\\/wp-content\\\/uploads\\\/2020\\\/09\\\/logo-retina.png\",\"width\":463,\"height\":150,\"caption\":\"SDmodelcartuning.com\"},\"image\":{\"@id\":\"https:\\\/\\\/www.sdmodelcartuning.com\\\/#\\\/schema\\\/logo\\\/image\\\/\"}}]}<\/script>\n<!-- \/ Yoast SEO plugin. -->","yoast_head_json":{"title":"1:18 Camion Kenworth W900 - Noir\/Dor\u00e9 - Remorque incluse - Smokey And The Bandit Movie - SDmodelcartuning.com","robots":{"index":"index","follow":"follow","max-snippet":"max-snippet:-1","max-image-preview":"max-image-preview:large","max-video-preview":"max-video-preview:-1"},"canonical":"https:\/\/www.sdmodelcartuning.com\/fr\/produit\/118-camion-kenworth-w900-noir-or-y-compris-semi-remorque-smokey-and-the-bandit-film\/","og_locale":"fr_FR","og_type":"article","og_title":"1:18 Truck Kenworth W900 - Zwart\/Goud - Inclusief Semi Trailer - Smokey And The Bandit Film - SDmodelcartuning.com","og_description":"1\/18 schaal: Truck Kenworth W900 &#8211; Zwart\/Goud &#8211; Inclusief Semi Trailer &#8211; Smokey And The Bandit Film. Fabrikant: Road Kings Zeer gedetailleerd model waarbij de voorportieren bij deze truck kunnen worden geopend. De Semi trailer is een zeer gedetailleerd model waarbij de deuren kunnen worden geopend. Materiaal: diecast metaal met plastic delen.","og_url":"https:\/\/www.sdmodelcartuning.com\/fr\/produit\/118-camion-kenworth-w900-noir-or-y-compris-semi-remorque-smokey-and-the-bandit-film\/","og_site_name":"SDmodelcartuning.com","article_modified_time":"2026-04-28T00:04:28+00:00","og_image":[{"width":1319,"height":394,"url":"https:\/\/www.sdmodelcartuning.com\/wp-content\/uploads\/2025\/03\/rk180161.5.jpg","type":"image\/jpeg"}],"twitter_card":"summary_large_image","twitter_misc":{"Dur\u00e9e de lecture estim\u00e9e":"1 minute"},"schema":{"@context":"https:\/\/schema.org","@graph":[{"@type":"WebPage","@id":"https:\/\/www.sdmodelcartuning.com\/product\/118-truck-kenworth-w900-zwart-goud-inclusief-semi-trailer-smokey-and-the-bandit-film\/","url":"https:\/\/www.sdmodelcartuning.com\/product\/118-truck-kenworth-w900-zwart-goud-inclusief-semi-trailer-smokey-and-the-bandit-film\/","name":"1:18 Camion Kenworth W900 - Noir\/Dor\u00e9 - Remorque incluse - Smokey And The Bandit Movie - SDmodelcartuning.com","isPartOf":{"@id":"https:\/\/www.sdmodelcartuning.com\/#website"},"primaryImageOfPage":{"@id":"https:\/\/www.sdmodelcartuning.com\/product\/118-truck-kenworth-w900-zwart-goud-inclusief-semi-trailer-smokey-and-the-bandit-film\/#primaryimage"},"image":{"@id":"https:\/\/www.sdmodelcartuning.com\/product\/118-truck-kenworth-w900-zwart-goud-inclusief-semi-trailer-smokey-and-the-bandit-film\/#primaryimage"},"thumbnailUrl":"https:\/\/www.sdmodelcartuning.com\/wp-content\/uploads\/2025\/03\/rk180161.5.jpg","datePublished":"2025-03-06T10:23:56+00:00","dateModified":"2026-04-28T00:04:28+00:00","breadcrumb":{"@id":"https:\/\/www.sdmodelcartuning.com\/product\/118-truck-kenworth-w900-zwart-goud-inclusief-semi-trailer-smokey-and-the-bandit-film\/#breadcrumb"},"inLanguage":"fr-FR","potentialAction":[{"@type":"ReadAction","target":["https:\/\/www.sdmodelcartuning.com\/product\/118-truck-kenworth-w900-zwart-goud-inclusief-semi-trailer-smokey-and-the-bandit-film\/"]}]},{"@type":"ImageObject","inLanguage":"fr-FR","@id":"https:\/\/www.sdmodelcartuning.com\/product\/118-truck-kenworth-w900-zwart-goud-inclusief-semi-trailer-smokey-and-the-bandit-film\/#primaryimage","url":"https:\/\/www.sdmodelcartuning.com\/wp-content\/uploads\/2025\/03\/rk180161.5.jpg","contentUrl":"https:\/\/www.sdmodelcartuning.com\/wp-content\/uploads\/2025\/03\/rk180161.5.jpg","width":1319,"height":394},{"@type":"BreadcrumbList","@id":"https:\/\/www.sdmodelcartuning.com\/product\/118-truck-kenworth-w900-zwart-goud-inclusief-semi-trailer-smokey-and-the-bandit-film\/#breadcrumb","itemListElement":[{"@type":"ListItem","position":1,"name":"Home","item":"https:\/\/www.sdmodelcartuning.com\/"},{"@type":"ListItem","position":2,"name":"Winkel","item":"https:\/\/www.sdmodelcartuning.com\/it\/winkel\/"},{"@type":"ListItem","position":3,"name":"1:18 Truck Kenworth W900 &#8211; Zwart\/Goud &#8211; Inclusief Semi Trailer &#8211; Smokey And The Bandit Film"}]},{"@type":"WebSite","@id":"https:\/\/www.sdmodelcartuning.com\/#website","url":"https:\/\/www.sdmodelcartuning.com\/","name":"SDmodelcartuning.com","description":"La boutique de miniatures et d&#039;accessoires des Pays-Bas","publisher":{"@id":"https:\/\/www.sdmodelcartuning.com\/#organization"},"potentialAction":[{"@type":"SearchAction","target":{"@type":"EntryPoint","urlTemplate":"https:\/\/www.sdmodelcartuning.com\/?s={search_term_string}"},"query-input":{"@type":"PropertyValueSpecification","valueRequired":true,"valueName":"search_term_string"}}],"inLanguage":"fr-FR"},{"@type":"Organization","@id":"https:\/\/www.sdmodelcartuning.com\/#organization","name":"SDmodelcartuning.com","url":"https:\/\/www.sdmodelcartuning.com\/","logo":{"@type":"ImageObject","inLanguage":"fr-FR","@id":"https:\/\/www.sdmodelcartuning.com\/#\/schema\/logo\/image\/","url":"https:\/\/www.sdmodelcartuning.com\/wp-content\/uploads\/2020\/09\/logo-retina.png","contentUrl":"https:\/\/www.sdmodelcartuning.com\/wp-content\/uploads\/2020\/09\/logo-retina.png","width":463,"height":150,"caption":"SDmodelcartuning.com"},"image":{"@id":"https:\/\/www.sdmodelcartuning.com\/#\/schema\/logo\/image\/"}}]}},"_links":{"self":[{"href":"https:\/\/www.sdmodelcartuning.com\/fr\/wp-json\/wp\/v2\/product\/147757","targetHints":{"allow":["GET"]}}],"collection":[{"href":"https:\/\/www.sdmodelcartuning.com\/fr\/wp-json\/wp\/v2\/product"}],"about":[{"href":"https:\/\/www.sdmodelcartuning.com\/fr\/wp-json\/wp\/v2\/types\/product"}],"version-history":[{"count":2,"href":"https:\/\/www.sdmodelcartuning.com\/fr\/wp-json\/wp\/v2\/product\/147757\/revisions"}],"predecessor-version":[{"id":147813,"href":"https:\/\/www.sdmodelcartuning.com\/fr\/wp-json\/wp\/v2\/product\/147757\/revisions\/147813"}],"wp:featuredmedia":[{"embeddable":true,"href":"https:\/\/www.sdmodelcartuning.com\/fr\/wp-json\/wp\/v2\/media\/147758"}],"wp:attachment":[{"href":"https:\/\/www.sdmodelcartuning.com\/fr\/wp-json\/wp\/v2\/media?parent=147757"}],"wp:term":[{"taxonomy":"product_brand","embeddable":true,"href":"https:\/\/www.sdmodelcartuning.com\/fr\/wp-json\/wp\/v2\/product_brand?post=147757"},{"taxonomy":"product_cat","embeddable":true,"href":"https:\/\/www.sdmodelcartuning.com\/fr\/wp-json\/wp\/v2\/product_cat?post=147757"},{"taxonomy":"product_tag","embeddable":true,"href":"https:\/\/www.sdmodelcartuning.com\/fr\/wp-json\/wp\/v2\/product_tag?post=147757"}],"curies":[{"name":"wp","href":"https:\/\/api.w.org\/{rel}","templated":true}]}}