{"id":145564,"date":"2025-01-16T16:32:51","date_gmt":"2025-01-16T15:32:51","guid":{"rendered":"https:\/\/www.sdmodelcartuning.com\/?post_type=product&#038;p=145564"},"modified":"2026-04-07T17:20:00","modified_gmt":"2026-04-07T15:20:00","slug":"maserati-gran-turismo-2015-blue-inchiostro","status":"publish","type":"product","link":"https:\/\/www.sdmodelcartuning.com\/fr\/produit\/maserati-gran-turismo-2015-blue-inchiostro\/","title":{"rendered":"1:18 Maserati Gran Turismo - 2015 - Bleu Inchiostro"},"content":{"rendered":"<p>Echelle 1\/18 : Maserati Gran Turismo - 2015 - Bleu Inchiostro<\/p>\n<p>Fabricant : Radscale<\/p>\n<p>Mod\u00e8le tr\u00e8s d\u00e9taill\u00e9 et \u00e9dition limit\u00e9e \u00e0 52 pi\u00e8ces seulement ! Comprend une plaque de base de luxe et une bo\u00eete de pr\u00e9sentation.<\/p>\n<p>Mat\u00e9riau : Corps en r\u00e9sine ferm\u00e9e avec des pi\u00e8ces en plastique<\/p>","protected":false},"excerpt":{"rendered":"<p>1\/18 Schaal: Maserati Gran Turismo &#8211; 2015 &#8211; Blue Inchiostro Fabrikant: Radscale Zeer gedetailleerd model en gelimiteerde uitgave van slechts 52 stuks! Inclusief luxe onderplaat en vitrinebox. Materiaal: Gesloten resin carosserie met plastic delen<\/p>","protected":false},"featured_media":145568,"template":"","meta":[],"product_brand":[],"product_cat":[2289,1116,1584],"product_tag":[],"class_list":{"0":"post-145564","1":"product","2":"type-product","3":"status-publish","4":"has-post-thumbnail","6":"product_cat-118-schaal","7":"product_cat-1-18-modelautos","8":"product_cat-maserati","10":"first","11":"instock","12":"taxable","13":"shipping-taxable","14":"purchasable","15":"product-type-simple"},"yoast_head":"<!-- This site is optimized with the Yoast SEO plugin v26.8 - https:\/\/yoast.com\/product\/yoast-seo-wordpress\/ -->\n<title>1:18 Maserati Gran Turismo - 2015 - Blue Inchiostro - SDmodelcartuning.com<\/title>\n<meta name=\"robots\" content=\"index, follow, max-snippet:-1, max-image-preview:large, max-video-preview:-1\" \/>\n<link rel=\"canonical\" href=\"https:\/\/www.sdmodelcartuning.com\/fr\/produit\/maserati-gran-turismo-2015-blue-inchiostro\/\" \/>\n<meta property=\"og:locale\" content=\"fr_FR\" \/>\n<meta property=\"og:type\" content=\"article\" \/>\n<meta property=\"og:title\" content=\"1:18 Maserati Gran Turismo - 2015 - Blue Inchiostro - SDmodelcartuning.com\" \/>\n<meta property=\"og:description\" content=\"1\/18 Schaal: Maserati Gran Turismo &#8211; 2015 &#8211; Blue Inchiostro Fabrikant: Radscale Zeer gedetailleerd model en gelimiteerde uitgave van slechts 52 stuks! Inclusief luxe onderplaat en vitrinebox. Materiaal: Gesloten resin carosserie met plastic delen\" \/>\n<meta property=\"og:url\" content=\"https:\/\/www.sdmodelcartuning.com\/fr\/produit\/maserati-gran-turismo-2015-blue-inchiostro\/\" \/>\n<meta property=\"og:site_name\" content=\"SDmodelcartuning.com\" \/>\n<meta property=\"article:modified_time\" content=\"2026-04-07T15:20:00+00:00\" \/>\n<meta property=\"og:image\" content=\"https:\/\/www.sdmodelcartuning.com\/wp-content\/uploads\/2025\/01\/20250116_153907.jpg\" \/>\n\t<meta property=\"og:image:width\" content=\"2000\" \/>\n\t<meta property=\"og:image:height\" content=\"1500\" \/>\n\t<meta property=\"og:image:type\" content=\"image\/jpeg\" \/>\n<meta name=\"twitter:card\" content=\"summary_large_image\" \/>\n<meta name=\"twitter:label1\" content=\"Dur\u00e9e de lecture estim\u00e9e\" \/>\n\t<meta name=\"twitter:data1\" content=\"1 minute\" \/>\n<script type=\"application\/ld+json\" class=\"yoast-schema-graph\">{\"@context\":\"https:\/\/schema.org\",\"@graph\":[{\"@type\":\"WebPage\",\"@id\":\"https:\/\/www.sdmodelcartuning.com\/product\/maserati-gran-turismo-2015-blue-inchiostro\/\",\"url\":\"https:\/\/www.sdmodelcartuning.com\/product\/maserati-gran-turismo-2015-blue-inchiostro\/\",\"name\":\"1:18 Maserati Gran Turismo - 2015 - Blue Inchiostro - SDmodelcartuning.com\",\"isPartOf\":{\"@id\":\"https:\/\/www.sdmodelcartuning.com\/#website\"},\"primaryImageOfPage\":{\"@id\":\"https:\/\/www.sdmodelcartuning.com\/product\/maserati-gran-turismo-2015-blue-inchiostro\/#primaryimage\"},\"image\":{\"@id\":\"https:\/\/www.sdmodelcartuning.com\/product\/maserati-gran-turismo-2015-blue-inchiostro\/#primaryimage\"},\"thumbnailUrl\":\"https:\/\/www.sdmodelcartuning.com\/wp-content\/uploads\/2025\/01\/20250116_153907.jpg\",\"datePublished\":\"2025-01-16T15:32:51+00:00\",\"dateModified\":\"2026-04-07T15:20:00+00:00\",\"breadcrumb\":{\"@id\":\"https:\/\/www.sdmodelcartuning.com\/product\/maserati-gran-turismo-2015-blue-inchiostro\/#breadcrumb\"},\"inLanguage\":\"fr-FR\",\"potentialAction\":[{\"@type\":\"ReadAction\",\"target\":[\"https:\/\/www.sdmodelcartuning.com\/product\/maserati-gran-turismo-2015-blue-inchiostro\/\"]}]},{\"@type\":\"ImageObject\",\"inLanguage\":\"fr-FR\",\"@id\":\"https:\/\/www.sdmodelcartuning.com\/product\/maserati-gran-turismo-2015-blue-inchiostro\/#primaryimage\",\"url\":\"https:\/\/www.sdmodelcartuning.com\/wp-content\/uploads\/2025\/01\/20250116_153907.jpg\",\"contentUrl\":\"https:\/\/www.sdmodelcartuning.com\/wp-content\/uploads\/2025\/01\/20250116_153907.jpg\",\"width\":2000,\"height\":1500},{\"@type\":\"BreadcrumbList\",\"@id\":\"https:\/\/www.sdmodelcartuning.com\/product\/maserati-gran-turismo-2015-blue-inchiostro\/#breadcrumb\",\"itemListElement\":[{\"@type\":\"ListItem\",\"position\":1,\"name\":\"Home\",\"item\":\"https:\/\/www.sdmodelcartuning.com\/\"},{\"@type\":\"ListItem\",\"position\":2,\"name\":\"Winkel\",\"item\":\"https:\/\/www.sdmodelcartuning.com\/it\/winkel\/\"},{\"@type\":\"ListItem\",\"position\":3,\"name\":\"1:18 Maserati Gran Turismo &#8211; 2015 &#8211; Blue Inchiostro\"}]},{\"@type\":\"WebSite\",\"@id\":\"https:\/\/www.sdmodelcartuning.com\/#website\",\"url\":\"https:\/\/www.sdmodelcartuning.com\/\",\"name\":\"SDmodelcartuning.com\",\"description\":\"De miniaturen en toebehoren shop van Nederland\",\"publisher\":{\"@id\":\"https:\/\/www.sdmodelcartuning.com\/#organization\"},\"potentialAction\":[{\"@type\":\"SearchAction\",\"target\":{\"@type\":\"EntryPoint\",\"urlTemplate\":\"https:\/\/www.sdmodelcartuning.com\/?s={search_term_string}\"},\"query-input\":{\"@type\":\"PropertyValueSpecification\",\"valueRequired\":true,\"valueName\":\"search_term_string\"}}],\"inLanguage\":\"fr-FR\"},{\"@type\":\"Organization\",\"@id\":\"https:\/\/www.sdmodelcartuning.com\/#organization\",\"name\":\"SDmodelcartuning.com\",\"url\":\"https:\/\/www.sdmodelcartuning.com\/\",\"logo\":{\"@type\":\"ImageObject\",\"inLanguage\":\"fr-FR\",\"@id\":\"https:\/\/www.sdmodelcartuning.com\/#\/schema\/logo\/image\/\",\"url\":\"https:\/\/www.sdmodelcartuning.com\/wp-content\/uploads\/2020\/09\/logo-retina.png\",\"contentUrl\":\"https:\/\/www.sdmodelcartuning.com\/wp-content\/uploads\/2020\/09\/logo-retina.png\",\"width\":463,\"height\":150,\"caption\":\"SDmodelcartuning.com\"},\"image\":{\"@id\":\"https:\/\/www.sdmodelcartuning.com\/#\/schema\/logo\/image\/\"}}]}<\/script>\n<!-- \/ Yoast SEO plugin. -->","yoast_head_json":{"title":"1:18 Maserati Gran Turismo - 2015 - Bleu Inchiostro - SDmodelcartuning.com","robots":{"index":"index","follow":"follow","max-snippet":"max-snippet:-1","max-image-preview":"max-image-preview:large","max-video-preview":"max-video-preview:-1"},"canonical":"https:\/\/www.sdmodelcartuning.com\/fr\/produit\/maserati-gran-turismo-2015-blue-inchiostro\/","og_locale":"fr_FR","og_type":"article","og_title":"1:18 Maserati Gran Turismo - 2015 - Blue Inchiostro - SDmodelcartuning.com","og_description":"1\/18 Schaal: Maserati Gran Turismo &#8211; 2015 &#8211; Blue Inchiostro Fabrikant: Radscale Zeer gedetailleerd model en gelimiteerde uitgave van slechts 52 stuks! Inclusief luxe onderplaat en vitrinebox. Materiaal: Gesloten resin carosserie met plastic delen","og_url":"https:\/\/www.sdmodelcartuning.com\/fr\/produit\/maserati-gran-turismo-2015-blue-inchiostro\/","og_site_name":"SDmodelcartuning.com","article_modified_time":"2026-04-07T15:20:00+00:00","og_image":[{"width":2000,"height":1500,"url":"https:\/\/www.sdmodelcartuning.com\/wp-content\/uploads\/2025\/01\/20250116_153907.jpg","type":"image\/jpeg"}],"twitter_card":"summary_large_image","twitter_misc":{"Dur\u00e9e de lecture estim\u00e9e":"1 minute"},"schema":{"@context":"https:\/\/schema.org","@graph":[{"@type":"WebPage","@id":"https:\/\/www.sdmodelcartuning.com\/product\/maserati-gran-turismo-2015-blue-inchiostro\/","url":"https:\/\/www.sdmodelcartuning.com\/product\/maserati-gran-turismo-2015-blue-inchiostro\/","name":"1:18 Maserati Gran Turismo - 2015 - Bleu Inchiostro - SDmodelcartuning.com","isPartOf":{"@id":"https:\/\/www.sdmodelcartuning.com\/#website"},"primaryImageOfPage":{"@id":"https:\/\/www.sdmodelcartuning.com\/product\/maserati-gran-turismo-2015-blue-inchiostro\/#primaryimage"},"image":{"@id":"https:\/\/www.sdmodelcartuning.com\/product\/maserati-gran-turismo-2015-blue-inchiostro\/#primaryimage"},"thumbnailUrl":"https:\/\/www.sdmodelcartuning.com\/wp-content\/uploads\/2025\/01\/20250116_153907.jpg","datePublished":"2025-01-16T15:32:51+00:00","dateModified":"2026-04-07T15:20:00+00:00","breadcrumb":{"@id":"https:\/\/www.sdmodelcartuning.com\/product\/maserati-gran-turismo-2015-blue-inchiostro\/#breadcrumb"},"inLanguage":"fr-FR","potentialAction":[{"@type":"ReadAction","target":["https:\/\/www.sdmodelcartuning.com\/product\/maserati-gran-turismo-2015-blue-inchiostro\/"]}]},{"@type":"ImageObject","inLanguage":"fr-FR","@id":"https:\/\/www.sdmodelcartuning.com\/product\/maserati-gran-turismo-2015-blue-inchiostro\/#primaryimage","url":"https:\/\/www.sdmodelcartuning.com\/wp-content\/uploads\/2025\/01\/20250116_153907.jpg","contentUrl":"https:\/\/www.sdmodelcartuning.com\/wp-content\/uploads\/2025\/01\/20250116_153907.jpg","width":2000,"height":1500},{"@type":"BreadcrumbList","@id":"https:\/\/www.sdmodelcartuning.com\/product\/maserati-gran-turismo-2015-blue-inchiostro\/#breadcrumb","itemListElement":[{"@type":"ListItem","position":1,"name":"Home","item":"https:\/\/www.sdmodelcartuning.com\/"},{"@type":"ListItem","position":2,"name":"Winkel","item":"https:\/\/www.sdmodelcartuning.com\/it\/winkel\/"},{"@type":"ListItem","position":3,"name":"1:18 Maserati Gran Turismo &#8211; 2015 &#8211; Blue Inchiostro"}]},{"@type":"WebSite","@id":"https:\/\/www.sdmodelcartuning.com\/#website","url":"https:\/\/www.sdmodelcartuning.com\/","name":"SDmodelcartuning.com","description":"La boutique de miniatures et d&#039;accessoires des Pays-Bas","publisher":{"@id":"https:\/\/www.sdmodelcartuning.com\/#organization"},"potentialAction":[{"@type":"SearchAction","target":{"@type":"EntryPoint","urlTemplate":"https:\/\/www.sdmodelcartuning.com\/?s={search_term_string}"},"query-input":{"@type":"PropertyValueSpecification","valueRequired":true,"valueName":"search_term_string"}}],"inLanguage":"fr-FR"},{"@type":"Organization","@id":"https:\/\/www.sdmodelcartuning.com\/#organization","name":"SDmodelcartuning.com","url":"https:\/\/www.sdmodelcartuning.com\/","logo":{"@type":"ImageObject","inLanguage":"fr-FR","@id":"https:\/\/www.sdmodelcartuning.com\/#\/schema\/logo\/image\/","url":"https:\/\/www.sdmodelcartuning.com\/wp-content\/uploads\/2020\/09\/logo-retina.png","contentUrl":"https:\/\/www.sdmodelcartuning.com\/wp-content\/uploads\/2020\/09\/logo-retina.png","width":463,"height":150,"caption":"SDmodelcartuning.com"},"image":{"@id":"https:\/\/www.sdmodelcartuning.com\/#\/schema\/logo\/image\/"}}]}},"_links":{"self":[{"href":"https:\/\/www.sdmodelcartuning.com\/fr\/wp-json\/wp\/v2\/product\/145564","targetHints":{"allow":["GET"]}}],"collection":[{"href":"https:\/\/www.sdmodelcartuning.com\/fr\/wp-json\/wp\/v2\/product"}],"about":[{"href":"https:\/\/www.sdmodelcartuning.com\/fr\/wp-json\/wp\/v2\/types\/product"}],"version-history":[{"count":1,"href":"https:\/\/www.sdmodelcartuning.com\/fr\/wp-json\/wp\/v2\/product\/145564\/revisions"}],"predecessor-version":[{"id":145574,"href":"https:\/\/www.sdmodelcartuning.com\/fr\/wp-json\/wp\/v2\/product\/145564\/revisions\/145574"}],"wp:featuredmedia":[{"embeddable":true,"href":"https:\/\/www.sdmodelcartuning.com\/fr\/wp-json\/wp\/v2\/media\/145568"}],"wp:attachment":[{"href":"https:\/\/www.sdmodelcartuning.com\/fr\/wp-json\/wp\/v2\/media?parent=145564"}],"wp:term":[{"taxonomy":"product_brand","embeddable":true,"href":"https:\/\/www.sdmodelcartuning.com\/fr\/wp-json\/wp\/v2\/product_brand?post=145564"},{"taxonomy":"product_cat","embeddable":true,"href":"https:\/\/www.sdmodelcartuning.com\/fr\/wp-json\/wp\/v2\/product_cat?post=145564"},{"taxonomy":"product_tag","embeddable":true,"href":"https:\/\/www.sdmodelcartuning.com\/fr\/wp-json\/wp\/v2\/product_tag?post=145564"}],"curies":[{"name":"wp","href":"https:\/\/api.w.org\/{rel}","templated":true}]}}