{"id":138177,"date":"2024-07-24T15:08:08","date_gmt":"2024-07-24T14:08:08","guid":{"rendered":"https:\/\/www.sdmodelcartuning.com\/?post_type=product&#038;p=138177"},"modified":"2025-12-05T11:20:58","modified_gmt":"2025-12-05T10:20:58","slug":"118-mercedes-benz-e-klasse-w124-1990-voozien-van-unieke-amg-velgen","status":"publish","type":"product","link":"https:\/\/www.sdmodelcartuning.com\/fr\/produit\/118-mercedes-benz-e-klasse-w124-1990-voozien-van-unieke-amg-velgen\/","title":{"rendered":"1:18 Mercedes Benz E-Klasse W124 \u2013 1990 \u2013 voozien van unieke AMG velgen"},"content":{"rendered":"<p>1\/18 Schaal Mercedes Benz E-Klasse W124 \u2013 1990 \u2013 voozien van unieke AMG velgen<\/p>\n<p>Fabricant : MCG \/ SDmodelcartuning<\/p>\n<p>Dit model is voorzien van custom AMG velgen en sportremschijven.<\/p>\n<p>Sera livr\u00e9 neuf dans son emballage d&#039;origine.<\/p>\n<p>Les jantes sont fixes en raison de l&#039;abaissement du mod\u00e8le.<\/p>","protected":false},"excerpt":{"rendered":"<p>Mercedes Benz Classe E W124 - 1990 \u00e0 l'\u00e9chelle 1\/18 - \u00e9quip\u00e9e de jantes AMG uniques Fabricant : MCG \/ SDmodelcartuning Ce mod\u00e8le est \u00e9quip\u00e9 de jantes AMG personnalis\u00e9es et de disques de frein sport. Livr\u00e9 neuf dans son emballage d'origine. Les jantes sont fixes en raison de l'abaissement du mod\u00e8le.<\/p>","protected":false},"featured_media":138305,"template":"","meta":[],"product_brand":[],"product_cat":[1140],"product_tag":[],"class_list":{"0":"post-138177","1":"product","2":"type-product","3":"status-publish","4":"has-post-thumbnail","6":"product_cat-tuningmodellen","8":"first","9":"instock","10":"taxable","11":"shipping-taxable","12":"purchasable","13":"product-type-simple"},"yoast_head":"<!-- This site is optimized with the Yoast SEO plugin v26.8 - https:\/\/yoast.com\/product\/yoast-seo-wordpress\/ -->\n<title>1:18 Mercedes Benz E-Klasse W124 - 1990 - voozien van unieke AMG velgen - SDmodelcartuning.com<\/title>\n<meta name=\"robots\" content=\"index, follow, max-snippet:-1, max-image-preview:large, max-video-preview:-1\" \/>\n<link rel=\"canonical\" href=\"https:\/\/www.sdmodelcartuning.com\/fr\/produit\/118-mercedes-benz-e-klasse-w124-1990-voozien-van-unieke-amg-velgen\/\" \/>\n<meta property=\"og:locale\" content=\"fr_FR\" \/>\n<meta property=\"og:type\" content=\"article\" \/>\n<meta property=\"og:title\" content=\"1:18 Mercedes Benz E-Klasse W124 - 1990 - voozien van unieke AMG velgen - SDmodelcartuning.com\" \/>\n<meta property=\"og:description\" content=\"1\/18 Schaal Mercedes Benz E-Klasse W124 &#8211; 1990 &#8211; voozien van unieke AMG velgen Fabrikant: MCG \/ SDmodelcartuning Dit model is voorzien van custom AMG velgen en sportremschijven. Wordt nieuw in de ovp geleverd. Velgen zijn door de verlaging van het model vast gemonteerd.\" \/>\n<meta property=\"og:url\" content=\"https:\/\/www.sdmodelcartuning.com\/fr\/produit\/118-mercedes-benz-e-klasse-w124-1990-voozien-van-unieke-amg-velgen\/\" \/>\n<meta property=\"og:site_name\" content=\"SDmodelcartuning.com\" \/>\n<meta property=\"article:modified_time\" content=\"2025-12-05T10:20:58+00:00\" \/>\n<meta property=\"og:image\" content=\"https:\/\/www.sdmodelcartuning.com\/wp-content\/uploads\/2024\/07\/20240730_163847_resized.jpg\" \/>\n\t<meta property=\"og:image:width\" content=\"1000\" \/>\n\t<meta property=\"og:image:height\" content=\"750\" \/>\n\t<meta property=\"og:image:type\" content=\"image\/jpeg\" \/>\n<meta name=\"twitter:card\" content=\"summary_large_image\" \/>\n<meta name=\"twitter:label1\" content=\"Dur\u00e9e de lecture estim\u00e9e\" \/>\n\t<meta name=\"twitter:data1\" content=\"1 minute\" \/>\n<script type=\"application\/ld+json\" class=\"yoast-schema-graph\">{\"@context\":\"https:\/\/schema.org\",\"@graph\":[{\"@type\":\"WebPage\",\"@id\":\"https:\/\/www.sdmodelcartuning.com\/product\/118-mercedes-benz-e-klasse-w124-1990-voozien-van-unieke-amg-velgen\/\",\"url\":\"https:\/\/www.sdmodelcartuning.com\/product\/118-mercedes-benz-e-klasse-w124-1990-voozien-van-unieke-amg-velgen\/\",\"name\":\"1:18 Mercedes Benz E-Klasse W124 - 1990 - voozien van unieke AMG velgen - SDmodelcartuning.com\",\"isPartOf\":{\"@id\":\"https:\/\/www.sdmodelcartuning.com\/#website\"},\"primaryImageOfPage\":{\"@id\":\"https:\/\/www.sdmodelcartuning.com\/product\/118-mercedes-benz-e-klasse-w124-1990-voozien-van-unieke-amg-velgen\/#primaryimage\"},\"image\":{\"@id\":\"https:\/\/www.sdmodelcartuning.com\/product\/118-mercedes-benz-e-klasse-w124-1990-voozien-van-unieke-amg-velgen\/#primaryimage\"},\"thumbnailUrl\":\"https:\/\/www.sdmodelcartuning.com\/wp-content\/uploads\/2024\/07\/20240730_163847_resized.jpg\",\"datePublished\":\"2024-07-24T14:08:08+00:00\",\"dateModified\":\"2025-12-05T10:20:58+00:00\",\"breadcrumb\":{\"@id\":\"https:\/\/www.sdmodelcartuning.com\/product\/118-mercedes-benz-e-klasse-w124-1990-voozien-van-unieke-amg-velgen\/#breadcrumb\"},\"inLanguage\":\"fr-FR\",\"potentialAction\":[{\"@type\":\"ReadAction\",\"target\":[\"https:\/\/www.sdmodelcartuning.com\/product\/118-mercedes-benz-e-klasse-w124-1990-voozien-van-unieke-amg-velgen\/\"]}]},{\"@type\":\"ImageObject\",\"inLanguage\":\"fr-FR\",\"@id\":\"https:\/\/www.sdmodelcartuning.com\/product\/118-mercedes-benz-e-klasse-w124-1990-voozien-van-unieke-amg-velgen\/#primaryimage\",\"url\":\"https:\/\/www.sdmodelcartuning.com\/wp-content\/uploads\/2024\/07\/20240730_163847_resized.jpg\",\"contentUrl\":\"https:\/\/www.sdmodelcartuning.com\/wp-content\/uploads\/2024\/07\/20240730_163847_resized.jpg\",\"width\":1000,\"height\":750},{\"@type\":\"BreadcrumbList\",\"@id\":\"https:\/\/www.sdmodelcartuning.com\/product\/118-mercedes-benz-e-klasse-w124-1990-voozien-van-unieke-amg-velgen\/#breadcrumb\",\"itemListElement\":[{\"@type\":\"ListItem\",\"position\":1,\"name\":\"Home\",\"item\":\"https:\/\/www.sdmodelcartuning.com\/\"},{\"@type\":\"ListItem\",\"position\":2,\"name\":\"Winkel\",\"item\":\"https:\/\/www.sdmodelcartuning.com\/it\/winkel\/\"},{\"@type\":\"ListItem\",\"position\":3,\"name\":\"1:18 Mercedes Benz E-Klasse W124 &#8211; 1990 &#8211; voozien van unieke AMG velgen\"}]},{\"@type\":\"WebSite\",\"@id\":\"https:\/\/www.sdmodelcartuning.com\/#website\",\"url\":\"https:\/\/www.sdmodelcartuning.com\/\",\"name\":\"SDmodelcartuning.com\",\"description\":\"De miniaturen en toebehoren shop van Nederland\",\"publisher\":{\"@id\":\"https:\/\/www.sdmodelcartuning.com\/#organization\"},\"potentialAction\":[{\"@type\":\"SearchAction\",\"target\":{\"@type\":\"EntryPoint\",\"urlTemplate\":\"https:\/\/www.sdmodelcartuning.com\/?s={search_term_string}\"},\"query-input\":{\"@type\":\"PropertyValueSpecification\",\"valueRequired\":true,\"valueName\":\"search_term_string\"}}],\"inLanguage\":\"fr-FR\"},{\"@type\":\"Organization\",\"@id\":\"https:\/\/www.sdmodelcartuning.com\/#organization\",\"name\":\"SDmodelcartuning.com\",\"url\":\"https:\/\/www.sdmodelcartuning.com\/\",\"logo\":{\"@type\":\"ImageObject\",\"inLanguage\":\"fr-FR\",\"@id\":\"https:\/\/www.sdmodelcartuning.com\/#\/schema\/logo\/image\/\",\"url\":\"https:\/\/www.sdmodelcartuning.com\/wp-content\/uploads\/2020\/09\/logo-retina.png\",\"contentUrl\":\"https:\/\/www.sdmodelcartuning.com\/wp-content\/uploads\/2020\/09\/logo-retina.png\",\"width\":463,\"height\":150,\"caption\":\"SDmodelcartuning.com\"},\"image\":{\"@id\":\"https:\/\/www.sdmodelcartuning.com\/#\/schema\/logo\/image\/\"}}]}<\/script>\n<!-- \/ Yoast SEO plugin. -->","yoast_head_json":{"title":"1:18 Mercedes Benz E-Klasse W124 - 1990 - voozien van unieke AMG velgen - SDmodelcartuning.com","robots":{"index":"index","follow":"follow","max-snippet":"max-snippet:-1","max-image-preview":"max-image-preview:large","max-video-preview":"max-video-preview:-1"},"canonical":"https:\/\/www.sdmodelcartuning.com\/fr\/produit\/118-mercedes-benz-e-klasse-w124-1990-voozien-van-unieke-amg-velgen\/","og_locale":"fr_FR","og_type":"article","og_title":"1:18 Mercedes Benz E-Klasse W124 - 1990 - voozien van unieke AMG velgen - SDmodelcartuning.com","og_description":"1\/18 Schaal Mercedes Benz E-Klasse W124 &#8211; 1990 &#8211; voozien van unieke AMG velgen Fabrikant: MCG \/ SDmodelcartuning Dit model is voorzien van custom AMG velgen en sportremschijven. Wordt nieuw in de ovp geleverd. Velgen zijn door de verlaging van het model vast gemonteerd.","og_url":"https:\/\/www.sdmodelcartuning.com\/fr\/produit\/118-mercedes-benz-e-klasse-w124-1990-voozien-van-unieke-amg-velgen\/","og_site_name":"SDmodelcartuning.com","article_modified_time":"2025-12-05T10:20:58+00:00","og_image":[{"width":1000,"height":750,"url":"https:\/\/www.sdmodelcartuning.com\/wp-content\/uploads\/2024\/07\/20240730_163847_resized.jpg","type":"image\/jpeg"}],"twitter_card":"summary_large_image","twitter_misc":{"Dur\u00e9e de lecture estim\u00e9e":"1 minute"},"schema":{"@context":"https:\/\/schema.org","@graph":[{"@type":"WebPage","@id":"https:\/\/www.sdmodelcartuning.com\/product\/118-mercedes-benz-e-klasse-w124-1990-voozien-van-unieke-amg-velgen\/","url":"https:\/\/www.sdmodelcartuning.com\/product\/118-mercedes-benz-e-klasse-w124-1990-voozien-van-unieke-amg-velgen\/","name":"1:18 Mercedes Benz E-Klasse W124 - 1990 - voozien van unieke AMG velgen - SDmodelcartuning.com","isPartOf":{"@id":"https:\/\/www.sdmodelcartuning.com\/#website"},"primaryImageOfPage":{"@id":"https:\/\/www.sdmodelcartuning.com\/product\/118-mercedes-benz-e-klasse-w124-1990-voozien-van-unieke-amg-velgen\/#primaryimage"},"image":{"@id":"https:\/\/www.sdmodelcartuning.com\/product\/118-mercedes-benz-e-klasse-w124-1990-voozien-van-unieke-amg-velgen\/#primaryimage"},"thumbnailUrl":"https:\/\/www.sdmodelcartuning.com\/wp-content\/uploads\/2024\/07\/20240730_163847_resized.jpg","datePublished":"2024-07-24T14:08:08+00:00","dateModified":"2025-12-05T10:20:58+00:00","breadcrumb":{"@id":"https:\/\/www.sdmodelcartuning.com\/product\/118-mercedes-benz-e-klasse-w124-1990-voozien-van-unieke-amg-velgen\/#breadcrumb"},"inLanguage":"fr-FR","potentialAction":[{"@type":"ReadAction","target":["https:\/\/www.sdmodelcartuning.com\/product\/118-mercedes-benz-e-klasse-w124-1990-voozien-van-unieke-amg-velgen\/"]}]},{"@type":"ImageObject","inLanguage":"fr-FR","@id":"https:\/\/www.sdmodelcartuning.com\/product\/118-mercedes-benz-e-klasse-w124-1990-voozien-van-unieke-amg-velgen\/#primaryimage","url":"https:\/\/www.sdmodelcartuning.com\/wp-content\/uploads\/2024\/07\/20240730_163847_resized.jpg","contentUrl":"https:\/\/www.sdmodelcartuning.com\/wp-content\/uploads\/2024\/07\/20240730_163847_resized.jpg","width":1000,"height":750},{"@type":"BreadcrumbList","@id":"https:\/\/www.sdmodelcartuning.com\/product\/118-mercedes-benz-e-klasse-w124-1990-voozien-van-unieke-amg-velgen\/#breadcrumb","itemListElement":[{"@type":"ListItem","position":1,"name":"Home","item":"https:\/\/www.sdmodelcartuning.com\/"},{"@type":"ListItem","position":2,"name":"Winkel","item":"https:\/\/www.sdmodelcartuning.com\/it\/winkel\/"},{"@type":"ListItem","position":3,"name":"1:18 Mercedes Benz E-Klasse W124 &#8211; 1990 &#8211; voozien van unieke AMG velgen"}]},{"@type":"WebSite","@id":"https:\/\/www.sdmodelcartuning.com\/#website","url":"https:\/\/www.sdmodelcartuning.com\/","name":"SDmodelcartuning.com","description":"La boutique de miniatures et d&#039;accessoires des Pays-Bas","publisher":{"@id":"https:\/\/www.sdmodelcartuning.com\/#organization"},"potentialAction":[{"@type":"SearchAction","target":{"@type":"EntryPoint","urlTemplate":"https:\/\/www.sdmodelcartuning.com\/?s={search_term_string}"},"query-input":{"@type":"PropertyValueSpecification","valueRequired":true,"valueName":"search_term_string"}}],"inLanguage":"fr-FR"},{"@type":"Organization","@id":"https:\/\/www.sdmodelcartuning.com\/#organization","name":"SDmodelcartuning.com","url":"https:\/\/www.sdmodelcartuning.com\/","logo":{"@type":"ImageObject","inLanguage":"fr-FR","@id":"https:\/\/www.sdmodelcartuning.com\/#\/schema\/logo\/image\/","url":"https:\/\/www.sdmodelcartuning.com\/wp-content\/uploads\/2020\/09\/logo-retina.png","contentUrl":"https:\/\/www.sdmodelcartuning.com\/wp-content\/uploads\/2020\/09\/logo-retina.png","width":463,"height":150,"caption":"SDmodelcartuning.com"},"image":{"@id":"https:\/\/www.sdmodelcartuning.com\/#\/schema\/logo\/image\/"}}]}},"_links":{"self":[{"href":"https:\/\/www.sdmodelcartuning.com\/fr\/wp-json\/wp\/v2\/product\/138177","targetHints":{"allow":["GET"]}}],"collection":[{"href":"https:\/\/www.sdmodelcartuning.com\/fr\/wp-json\/wp\/v2\/product"}],"about":[{"href":"https:\/\/www.sdmodelcartuning.com\/fr\/wp-json\/wp\/v2\/types\/product"}],"version-history":[{"count":1,"href":"https:\/\/www.sdmodelcartuning.com\/fr\/wp-json\/wp\/v2\/product\/138177\/revisions"}],"predecessor-version":[{"id":146619,"href":"https:\/\/www.sdmodelcartuning.com\/fr\/wp-json\/wp\/v2\/product\/138177\/revisions\/146619"}],"wp:featuredmedia":[{"embeddable":true,"href":"https:\/\/www.sdmodelcartuning.com\/fr\/wp-json\/wp\/v2\/media\/138305"}],"wp:attachment":[{"href":"https:\/\/www.sdmodelcartuning.com\/fr\/wp-json\/wp\/v2\/media?parent=138177"}],"wp:term":[{"taxonomy":"product_brand","embeddable":true,"href":"https:\/\/www.sdmodelcartuning.com\/fr\/wp-json\/wp\/v2\/product_brand?post=138177"},{"taxonomy":"product_cat","embeddable":true,"href":"https:\/\/www.sdmodelcartuning.com\/fr\/wp-json\/wp\/v2\/product_cat?post=138177"},{"taxonomy":"product_tag","embeddable":true,"href":"https:\/\/www.sdmodelcartuning.com\/fr\/wp-json\/wp\/v2\/product_tag?post=138177"}],"curies":[{"name":"wp","href":"https:\/\/api.w.org\/{rel}","templated":true}]}}