{"id":136572,"date":"2024-06-06T15:26:22","date_gmt":"2024-06-06T14:26:22","guid":{"rendered":"http:\/\/www.sdmodelcartuning.com\/?post_type=product&#038;p=136572"},"modified":"2025-01-09T11:20:38","modified_gmt":"2025-01-09T10:20:38","slug":"118-bmw-e30-325i-cabriolet-blauw-metallic-custom-ac-schnitzer-velgen","status":"publish","type":"product","link":"https:\/\/www.sdmodelcartuning.com\/fr\/produit\/118-bmw-e30-325i-cabriolet-blauw-metallic-custom-ac-schnitzer-velgen\/","title":{"rendered":"1:18 BMW E30 325I Cabriolet - Bleu m\u00e9tallis\u00e9 Jantes AC Schnitzer personnalis\u00e9es"},"content":{"rendered":"<p>1\/18 Schaal BMW E30 325I Cabriolet \u2013 Blauw metallic met Custom AC Schnitzer velgen.<\/p>\n<p>Fabricant : MCG \/ SDmodelcartuning<\/p>\n<p>Ce mod\u00e8le est \u00e9quip\u00e9 de jantes AC Schnitzer personnalis\u00e9es et de disques de frein sport.<\/p>\n<p>Sera livr\u00e9 neuf dans son emballage d&#039;origine.<\/p>\n<p>Les jantes sont fixes en raison de l&#039;abaissement du mod\u00e8le.<\/p>","protected":false},"excerpt":{"rendered":"<p>BMW E30 325I Cabriolet \u00e0 l'\u00e9chelle 1\/18 - Bleu m\u00e9tallis\u00e9 avec jantes AC Schnitzer personnalis\u00e9es. Fabricant : MCG \/ SDmodelcartuning Ce mod\u00e8le est \u00e9quip\u00e9 de jantes AC Schnitzer personnalis\u00e9es et de disques de frein sport. Livr\u00e9 neuf dans son emballage d'origine. Les jantes sont fixes en raison de l'abaissement du mod\u00e8le.<\/p>","protected":false},"featured_media":136579,"template":"","meta":[],"product_brand":[],"product_cat":[1140],"product_tag":[],"class_list":{"0":"post-136572","1":"product","2":"type-product","3":"status-publish","4":"has-post-thumbnail","6":"product_cat-tuningmodellen","8":"first","9":"outofstock","10":"taxable","11":"shipping-taxable","12":"purchasable","13":"product-type-simple"},"yoast_head":"<!-- This site is optimized with the Yoast SEO plugin v26.8 - https:\/\/yoast.com\/product\/yoast-seo-wordpress\/ -->\n<title>1:18 BMW E30 325I Cabriolet - Blauw metallic Custom AC Schnitzer velgen - SDmodelcartuning.com<\/title>\n<meta name=\"robots\" content=\"index, follow, max-snippet:-1, max-image-preview:large, max-video-preview:-1\" \/>\n<link rel=\"canonical\" href=\"https:\/\/www.sdmodelcartuning.com\/fr\/produit\/118-bmw-e30-325i-cabriolet-blauw-metallic-custom-ac-schnitzer-velgen\/\" \/>\n<meta property=\"og:locale\" content=\"fr_FR\" \/>\n<meta property=\"og:type\" content=\"article\" \/>\n<meta property=\"og:title\" content=\"1:18 BMW E30 325I Cabriolet - Blauw metallic Custom AC Schnitzer velgen - SDmodelcartuning.com\" \/>\n<meta property=\"og:description\" content=\"1\/18 Schaal BMW E30 325I Cabriolet &#8211; Blauw metallic met Custom AC Schnitzer velgen. Fabrikant: MCG \/ SDmodelcartuning Dit model is voorzien van custom AC Schnitzer velgen en sportremschijven. Wordt nieuw in de ovp geleverd. Velgen zijn door de verlaging van het model vast gemonteerd.\" \/>\n<meta property=\"og:url\" content=\"https:\/\/www.sdmodelcartuning.com\/fr\/produit\/118-bmw-e30-325i-cabriolet-blauw-metallic-custom-ac-schnitzer-velgen\/\" \/>\n<meta property=\"og:site_name\" content=\"SDmodelcartuning.com\" \/>\n<meta property=\"article:modified_time\" content=\"2025-01-09T10:20:38+00:00\" \/>\n<meta property=\"og:image\" content=\"https:\/\/www.sdmodelcartuning.com\/wp-content\/uploads\/2024\/06\/20240606_142726_resized.jpg\" \/>\n\t<meta property=\"og:image:width\" content=\"1000\" \/>\n\t<meta property=\"og:image:height\" content=\"750\" \/>\n\t<meta property=\"og:image:type\" content=\"image\/jpeg\" \/>\n<meta name=\"twitter:card\" content=\"summary_large_image\" \/>\n<meta name=\"twitter:label1\" content=\"Dur\u00e9e de lecture estim\u00e9e\" \/>\n\t<meta name=\"twitter:data1\" content=\"1 minute\" \/>\n<script type=\"application\/ld+json\" class=\"yoast-schema-graph\">{\"@context\":\"https:\/\/schema.org\",\"@graph\":[{\"@type\":\"WebPage\",\"@id\":\"https:\/\/www.sdmodelcartuning.com\/product\/118-bmw-e30-325i-cabriolet-blauw-metallic-custom-ac-schnitzer-velgen\/\",\"url\":\"https:\/\/www.sdmodelcartuning.com\/product\/118-bmw-e30-325i-cabriolet-blauw-metallic-custom-ac-schnitzer-velgen\/\",\"name\":\"1:18 BMW E30 325I Cabriolet - Blauw metallic Custom AC Schnitzer velgen - SDmodelcartuning.com\",\"isPartOf\":{\"@id\":\"https:\/\/www.sdmodelcartuning.com\/#website\"},\"primaryImageOfPage\":{\"@id\":\"https:\/\/www.sdmodelcartuning.com\/product\/118-bmw-e30-325i-cabriolet-blauw-metallic-custom-ac-schnitzer-velgen\/#primaryimage\"},\"image\":{\"@id\":\"https:\/\/www.sdmodelcartuning.com\/product\/118-bmw-e30-325i-cabriolet-blauw-metallic-custom-ac-schnitzer-velgen\/#primaryimage\"},\"thumbnailUrl\":\"https:\/\/www.sdmodelcartuning.com\/wp-content\/uploads\/2024\/06\/20240606_142726_resized.jpg\",\"datePublished\":\"2024-06-06T14:26:22+00:00\",\"dateModified\":\"2025-01-09T10:20:38+00:00\",\"breadcrumb\":{\"@id\":\"https:\/\/www.sdmodelcartuning.com\/product\/118-bmw-e30-325i-cabriolet-blauw-metallic-custom-ac-schnitzer-velgen\/#breadcrumb\"},\"inLanguage\":\"fr-FR\",\"potentialAction\":[{\"@type\":\"ReadAction\",\"target\":[\"https:\/\/www.sdmodelcartuning.com\/product\/118-bmw-e30-325i-cabriolet-blauw-metallic-custom-ac-schnitzer-velgen\/\"]}]},{\"@type\":\"ImageObject\",\"inLanguage\":\"fr-FR\",\"@id\":\"https:\/\/www.sdmodelcartuning.com\/product\/118-bmw-e30-325i-cabriolet-blauw-metallic-custom-ac-schnitzer-velgen\/#primaryimage\",\"url\":\"https:\/\/www.sdmodelcartuning.com\/wp-content\/uploads\/2024\/06\/20240606_142726_resized.jpg\",\"contentUrl\":\"https:\/\/www.sdmodelcartuning.com\/wp-content\/uploads\/2024\/06\/20240606_142726_resized.jpg\",\"width\":1000,\"height\":750},{\"@type\":\"BreadcrumbList\",\"@id\":\"https:\/\/www.sdmodelcartuning.com\/product\/118-bmw-e30-325i-cabriolet-blauw-metallic-custom-ac-schnitzer-velgen\/#breadcrumb\",\"itemListElement\":[{\"@type\":\"ListItem\",\"position\":1,\"name\":\"Home\",\"item\":\"https:\/\/www.sdmodelcartuning.com\/\"},{\"@type\":\"ListItem\",\"position\":2,\"name\":\"Winkel\",\"item\":\"https:\/\/www.sdmodelcartuning.com\/it\/winkel\/\"},{\"@type\":\"ListItem\",\"position\":3,\"name\":\"1:18 BMW E30 325I Cabriolet &#8211; Blauw metallic Custom AC Schnitzer velgen\"}]},{\"@type\":\"WebSite\",\"@id\":\"https:\/\/www.sdmodelcartuning.com\/#website\",\"url\":\"https:\/\/www.sdmodelcartuning.com\/\",\"name\":\"SDmodelcartuning.com\",\"description\":\"De miniaturen en toebehoren shop van Nederland\",\"publisher\":{\"@id\":\"https:\/\/www.sdmodelcartuning.com\/#organization\"},\"potentialAction\":[{\"@type\":\"SearchAction\",\"target\":{\"@type\":\"EntryPoint\",\"urlTemplate\":\"https:\/\/www.sdmodelcartuning.com\/?s={search_term_string}\"},\"query-input\":{\"@type\":\"PropertyValueSpecification\",\"valueRequired\":true,\"valueName\":\"search_term_string\"}}],\"inLanguage\":\"fr-FR\"},{\"@type\":\"Organization\",\"@id\":\"https:\/\/www.sdmodelcartuning.com\/#organization\",\"name\":\"SDmodelcartuning.com\",\"url\":\"https:\/\/www.sdmodelcartuning.com\/\",\"logo\":{\"@type\":\"ImageObject\",\"inLanguage\":\"fr-FR\",\"@id\":\"https:\/\/www.sdmodelcartuning.com\/#\/schema\/logo\/image\/\",\"url\":\"https:\/\/www.sdmodelcartuning.com\/wp-content\/uploads\/2020\/09\/logo-retina.png\",\"contentUrl\":\"https:\/\/www.sdmodelcartuning.com\/wp-content\/uploads\/2020\/09\/logo-retina.png\",\"width\":463,\"height\":150,\"caption\":\"SDmodelcartuning.com\"},\"image\":{\"@id\":\"https:\/\/www.sdmodelcartuning.com\/#\/schema\/logo\/image\/\"}}]}<\/script>\n<!-- \/ Yoast SEO plugin. -->","yoast_head_json":{"title":"1:18 BMW E30 325I Cabriolet - Blauw metallic Custom AC Schnitzer velgen - SDmodelcartuning.com","robots":{"index":"index","follow":"follow","max-snippet":"max-snippet:-1","max-image-preview":"max-image-preview:large","max-video-preview":"max-video-preview:-1"},"canonical":"https:\/\/www.sdmodelcartuning.com\/fr\/produit\/118-bmw-e30-325i-cabriolet-blauw-metallic-custom-ac-schnitzer-velgen\/","og_locale":"fr_FR","og_type":"article","og_title":"1:18 BMW E30 325I Cabriolet - Blauw metallic Custom AC Schnitzer velgen - SDmodelcartuning.com","og_description":"1\/18 Schaal BMW E30 325I Cabriolet &#8211; Blauw metallic met Custom AC Schnitzer velgen. Fabrikant: MCG \/ SDmodelcartuning Dit model is voorzien van custom AC Schnitzer velgen en sportremschijven. Wordt nieuw in de ovp geleverd. Velgen zijn door de verlaging van het model vast gemonteerd.","og_url":"https:\/\/www.sdmodelcartuning.com\/fr\/produit\/118-bmw-e30-325i-cabriolet-blauw-metallic-custom-ac-schnitzer-velgen\/","og_site_name":"SDmodelcartuning.com","article_modified_time":"2025-01-09T10:20:38+00:00","og_image":[{"width":1000,"height":750,"url":"https:\/\/www.sdmodelcartuning.com\/wp-content\/uploads\/2024\/06\/20240606_142726_resized.jpg","type":"image\/jpeg"}],"twitter_card":"summary_large_image","twitter_misc":{"Dur\u00e9e de lecture estim\u00e9e":"1 minute"},"schema":{"@context":"https:\/\/schema.org","@graph":[{"@type":"WebPage","@id":"https:\/\/www.sdmodelcartuning.com\/product\/118-bmw-e30-325i-cabriolet-blauw-metallic-custom-ac-schnitzer-velgen\/","url":"https:\/\/www.sdmodelcartuning.com\/product\/118-bmw-e30-325i-cabriolet-blauw-metallic-custom-ac-schnitzer-velgen\/","name":"1:18 BMW E30 325I Cabriolet - Blauw metallic Custom AC Schnitzer velgen - SDmodelcartuning.com","isPartOf":{"@id":"https:\/\/www.sdmodelcartuning.com\/#website"},"primaryImageOfPage":{"@id":"https:\/\/www.sdmodelcartuning.com\/product\/118-bmw-e30-325i-cabriolet-blauw-metallic-custom-ac-schnitzer-velgen\/#primaryimage"},"image":{"@id":"https:\/\/www.sdmodelcartuning.com\/product\/118-bmw-e30-325i-cabriolet-blauw-metallic-custom-ac-schnitzer-velgen\/#primaryimage"},"thumbnailUrl":"https:\/\/www.sdmodelcartuning.com\/wp-content\/uploads\/2024\/06\/20240606_142726_resized.jpg","datePublished":"2024-06-06T14:26:22+00:00","dateModified":"2025-01-09T10:20:38+00:00","breadcrumb":{"@id":"https:\/\/www.sdmodelcartuning.com\/product\/118-bmw-e30-325i-cabriolet-blauw-metallic-custom-ac-schnitzer-velgen\/#breadcrumb"},"inLanguage":"fr-FR","potentialAction":[{"@type":"ReadAction","target":["https:\/\/www.sdmodelcartuning.com\/product\/118-bmw-e30-325i-cabriolet-blauw-metallic-custom-ac-schnitzer-velgen\/"]}]},{"@type":"ImageObject","inLanguage":"fr-FR","@id":"https:\/\/www.sdmodelcartuning.com\/product\/118-bmw-e30-325i-cabriolet-blauw-metallic-custom-ac-schnitzer-velgen\/#primaryimage","url":"https:\/\/www.sdmodelcartuning.com\/wp-content\/uploads\/2024\/06\/20240606_142726_resized.jpg","contentUrl":"https:\/\/www.sdmodelcartuning.com\/wp-content\/uploads\/2024\/06\/20240606_142726_resized.jpg","width":1000,"height":750},{"@type":"BreadcrumbList","@id":"https:\/\/www.sdmodelcartuning.com\/product\/118-bmw-e30-325i-cabriolet-blauw-metallic-custom-ac-schnitzer-velgen\/#breadcrumb","itemListElement":[{"@type":"ListItem","position":1,"name":"Home","item":"https:\/\/www.sdmodelcartuning.com\/"},{"@type":"ListItem","position":2,"name":"Winkel","item":"https:\/\/www.sdmodelcartuning.com\/it\/winkel\/"},{"@type":"ListItem","position":3,"name":"1:18 BMW E30 325I Cabriolet &#8211; Blauw metallic Custom AC Schnitzer velgen"}]},{"@type":"WebSite","@id":"https:\/\/www.sdmodelcartuning.com\/#website","url":"https:\/\/www.sdmodelcartuning.com\/","name":"SDmodelcartuning.com","description":"La boutique de miniatures et d&#039;accessoires des Pays-Bas","publisher":{"@id":"https:\/\/www.sdmodelcartuning.com\/#organization"},"potentialAction":[{"@type":"SearchAction","target":{"@type":"EntryPoint","urlTemplate":"https:\/\/www.sdmodelcartuning.com\/?s={search_term_string}"},"query-input":{"@type":"PropertyValueSpecification","valueRequired":true,"valueName":"search_term_string"}}],"inLanguage":"fr-FR"},{"@type":"Organization","@id":"https:\/\/www.sdmodelcartuning.com\/#organization","name":"SDmodelcartuning.com","url":"https:\/\/www.sdmodelcartuning.com\/","logo":{"@type":"ImageObject","inLanguage":"fr-FR","@id":"https:\/\/www.sdmodelcartuning.com\/#\/schema\/logo\/image\/","url":"https:\/\/www.sdmodelcartuning.com\/wp-content\/uploads\/2020\/09\/logo-retina.png","contentUrl":"https:\/\/www.sdmodelcartuning.com\/wp-content\/uploads\/2020\/09\/logo-retina.png","width":463,"height":150,"caption":"SDmodelcartuning.com"},"image":{"@id":"https:\/\/www.sdmodelcartuning.com\/#\/schema\/logo\/image\/"}}]}},"_links":{"self":[{"href":"https:\/\/www.sdmodelcartuning.com\/fr\/wp-json\/wp\/v2\/product\/136572","targetHints":{"allow":["GET"]}}],"collection":[{"href":"https:\/\/www.sdmodelcartuning.com\/fr\/wp-json\/wp\/v2\/product"}],"about":[{"href":"https:\/\/www.sdmodelcartuning.com\/fr\/wp-json\/wp\/v2\/types\/product"}],"version-history":[{"count":1,"href":"https:\/\/www.sdmodelcartuning.com\/fr\/wp-json\/wp\/v2\/product\/136572\/revisions"}],"predecessor-version":[{"id":144943,"href":"https:\/\/www.sdmodelcartuning.com\/fr\/wp-json\/wp\/v2\/product\/136572\/revisions\/144943"}],"wp:featuredmedia":[{"embeddable":true,"href":"https:\/\/www.sdmodelcartuning.com\/fr\/wp-json\/wp\/v2\/media\/136579"}],"wp:attachment":[{"href":"https:\/\/www.sdmodelcartuning.com\/fr\/wp-json\/wp\/v2\/media?parent=136572"}],"wp:term":[{"taxonomy":"product_brand","embeddable":true,"href":"https:\/\/www.sdmodelcartuning.com\/fr\/wp-json\/wp\/v2\/product_brand?post=136572"},{"taxonomy":"product_cat","embeddable":true,"href":"https:\/\/www.sdmodelcartuning.com\/fr\/wp-json\/wp\/v2\/product_cat?post=136572"},{"taxonomy":"product_tag","embeddable":true,"href":"https:\/\/www.sdmodelcartuning.com\/fr\/wp-json\/wp\/v2\/product_tag?post=136572"}],"curies":[{"name":"wp","href":"https:\/\/api.w.org\/{rel}","templated":true}]}}