{"id":136207,"date":"2024-05-30T11:00:14","date_gmt":"2024-05-30T10:00:14","guid":{"rendered":"http:\/\/www.sdmodelcartuning.com\/?post_type=product&#038;p=136207"},"modified":"2025-11-21T11:15:56","modified_gmt":"2025-11-21T10:15:56","slug":"118-al13-r110-velgenset-20-inch","status":"publish","type":"product","link":"https:\/\/www.sdmodelcartuning.com\/fr\/produit\/118-al13-r110-jeu-de-roues-20-pouces\/","title":{"rendered":"1:18 AL13 R110 jeu de roues 20 pouces"},"content":{"rendered":"<p>Jeu de jantes universelles AL13 R110 20 pouces \u00e0 l'\u00e9chelle 1\/18. Ce jeu comprend 4 jantes chrom\u00e9es et 4 pneus sport profil\u00e9s.<\/p>\n<p>Vous pouvez s\u00e9lectionner la couleur de jante de votre choix.<\/p>\n<p>Les jantes ont un diam\u00e8tre de 36,5 mm, pneus compris, et une largeur de 14 mm. Les jantes arri\u00e8re ont un centre concave plus profond.<\/p>\n<p>Mat\u00e9riau : Pneus en plastique et caoutchouc.<\/p>","protected":false},"excerpt":{"rendered":"<p>Jeu de jantes universelles AL13 R110 20 pouces \u00e0 l'\u00e9chelle 1\/18. Ce jeu comprend 4 jantes chrom\u00e9es et 4 pneus sport profil\u00e9s. Vous pouvez s\u00e9lectionner la couleur des jantes de votre choix. Les jantes ont un diam\u00e8tre de 36,5 mm, pneus compris, et une largeur de 14 mm. Les jantes arri\u00e8re ont un centre concave plus profond. Mat\u00e9riau : plastique et pneus en caoutchouc.<\/p>","protected":false},"featured_media":136563,"template":"","meta":[],"product_brand":[],"product_cat":[1122,1710],"product_tag":[],"class_list":{"0":"post-136207","1":"product","2":"type-product","3":"status-publish","4":"has-post-thumbnail","6":"product_cat-1-18-velgen","7":"product_cat-20-inch-1-18-universele-velgen","8":"pa_kleurcompletevelg-glanszwart","9":"pa_kleurcompletevelg-gunmetal-en","10":"pa_velgemblemen-al13","11":"pa_velgemblemen-geenemblemen","13":"first","14":"instock","15":"featured","16":"taxable","17":"shipping-taxable","18":"purchasable","19":"product-type-variable"},"yoast_head":"<!-- This site is optimized with the Yoast SEO plugin v27.4 - https:\/\/yoast.com\/product\/yoast-seo-wordpress\/ -->\n<title>1:18 AL13 R110 velgenset 20 inch - SDmodelcartuning.com<\/title>\n<meta name=\"robots\" content=\"index, follow, max-snippet:-1, max-image-preview:large, max-video-preview:-1\" \/>\n<link rel=\"canonical\" href=\"https:\/\/www.sdmodelcartuning.com\/fr\/produit\/118-al13-r110-jeu-de-roues-20-pouces\/\" \/>\n<meta property=\"og:locale\" content=\"fr_FR\" \/>\n<meta property=\"og:type\" content=\"article\" \/>\n<meta property=\"og:title\" content=\"1:18 AL13 R110 velgenset 20 inch - SDmodelcartuning.com\" \/>\n<meta property=\"og:description\" content=\"1\/18 Schaal universele AL13 R110 velgenset 20 inch, deze set bevat 4x verchroomde velgen en 4x profiel sportbanden. U kunt de kleur van de velgen naar keuze selecteren. De velgen zijn \u00a036.5mm in diameter incl. banden en de breedte is 14mm. De achtervelgen hebben een dieper concave velghart. Materiaal: Plastic en rubber banden.\" \/>\n<meta property=\"og:url\" content=\"https:\/\/www.sdmodelcartuning.com\/fr\/produit\/118-al13-r110-jeu-de-roues-20-pouces\/\" \/>\n<meta property=\"og:site_name\" content=\"SDmodelcartuning.com\" \/>\n<meta property=\"article:modified_time\" content=\"2025-11-21T10:15:56+00:00\" \/>\n<meta property=\"og:image\" content=\"https:\/\/www.sdmodelcartuning.com\/wp-content\/uploads\/2024\/05\/20240606_145042_resized.jpg\" \/>\n\t<meta property=\"og:image:width\" content=\"1000\" \/>\n\t<meta property=\"og:image:height\" content=\"750\" \/>\n\t<meta property=\"og:image:type\" content=\"image\/jpeg\" \/>\n<meta name=\"twitter:card\" content=\"summary_large_image\" \/>\n<meta name=\"twitter:label1\" content=\"Dur\u00e9e de lecture estim\u00e9e\" \/>\n\t<meta name=\"twitter:data1\" content=\"1 minute\" \/>\n<script type=\"application\/ld+json\" class=\"yoast-schema-graph\">{\"@context\":\"https:\\\/\\\/schema.org\",\"@graph\":[{\"@type\":\"WebPage\",\"@id\":\"https:\\\/\\\/www.sdmodelcartuning.com\\\/product\\\/118-al13-r110-velgenset-20-inch\\\/\",\"url\":\"https:\\\/\\\/www.sdmodelcartuning.com\\\/product\\\/118-al13-r110-velgenset-20-inch\\\/\",\"name\":\"1:18 AL13 R110 velgenset 20 inch - SDmodelcartuning.com\",\"isPartOf\":{\"@id\":\"https:\\\/\\\/www.sdmodelcartuning.com\\\/#website\"},\"primaryImageOfPage\":{\"@id\":\"https:\\\/\\\/www.sdmodelcartuning.com\\\/product\\\/118-al13-r110-velgenset-20-inch\\\/#primaryimage\"},\"image\":{\"@id\":\"https:\\\/\\\/www.sdmodelcartuning.com\\\/product\\\/118-al13-r110-velgenset-20-inch\\\/#primaryimage\"},\"thumbnailUrl\":\"https:\\\/\\\/www.sdmodelcartuning.com\\\/wp-content\\\/uploads\\\/2024\\\/05\\\/20240606_145042_resized.jpg\",\"datePublished\":\"2024-05-30T10:00:14+00:00\",\"dateModified\":\"2025-11-21T10:15:56+00:00\",\"breadcrumb\":{\"@id\":\"https:\\\/\\\/www.sdmodelcartuning.com\\\/product\\\/118-al13-r110-velgenset-20-inch\\\/#breadcrumb\"},\"inLanguage\":\"fr-FR\",\"potentialAction\":[{\"@type\":\"ReadAction\",\"target\":[\"https:\\\/\\\/www.sdmodelcartuning.com\\\/product\\\/118-al13-r110-velgenset-20-inch\\\/\"]}]},{\"@type\":\"ImageObject\",\"inLanguage\":\"fr-FR\",\"@id\":\"https:\\\/\\\/www.sdmodelcartuning.com\\\/product\\\/118-al13-r110-velgenset-20-inch\\\/#primaryimage\",\"url\":\"https:\\\/\\\/www.sdmodelcartuning.com\\\/wp-content\\\/uploads\\\/2024\\\/05\\\/20240606_145042_resized.jpg\",\"contentUrl\":\"https:\\\/\\\/www.sdmodelcartuning.com\\\/wp-content\\\/uploads\\\/2024\\\/05\\\/20240606_145042_resized.jpg\",\"width\":1000,\"height\":750},{\"@type\":\"BreadcrumbList\",\"@id\":\"https:\\\/\\\/www.sdmodelcartuning.com\\\/product\\\/118-al13-r110-velgenset-20-inch\\\/#breadcrumb\",\"itemListElement\":[{\"@type\":\"ListItem\",\"position\":1,\"name\":\"Home\",\"item\":\"https:\\\/\\\/www.sdmodelcartuning.com\\\/\"},{\"@type\":\"ListItem\",\"position\":2,\"name\":\"Winkel\",\"item\":\"https:\\\/\\\/www.sdmodelcartuning.com\\\/it\\\/winkel\\\/\"},{\"@type\":\"ListItem\",\"position\":3,\"name\":\"1:18 AL13 R110 velgenset 20 inch\"}]},{\"@type\":\"WebSite\",\"@id\":\"https:\\\/\\\/www.sdmodelcartuning.com\\\/#website\",\"url\":\"https:\\\/\\\/www.sdmodelcartuning.com\\\/\",\"name\":\"SDmodelcartuning.com\",\"description\":\"De miniaturen en toebehoren shop van Nederland\",\"publisher\":{\"@id\":\"https:\\\/\\\/www.sdmodelcartuning.com\\\/#organization\"},\"potentialAction\":[{\"@type\":\"SearchAction\",\"target\":{\"@type\":\"EntryPoint\",\"urlTemplate\":\"https:\\\/\\\/www.sdmodelcartuning.com\\\/?s={search_term_string}\"},\"query-input\":{\"@type\":\"PropertyValueSpecification\",\"valueRequired\":true,\"valueName\":\"search_term_string\"}}],\"inLanguage\":\"fr-FR\"},{\"@type\":\"Organization\",\"@id\":\"https:\\\/\\\/www.sdmodelcartuning.com\\\/#organization\",\"name\":\"SDmodelcartuning.com\",\"url\":\"https:\\\/\\\/www.sdmodelcartuning.com\\\/\",\"logo\":{\"@type\":\"ImageObject\",\"inLanguage\":\"fr-FR\",\"@id\":\"https:\\\/\\\/www.sdmodelcartuning.com\\\/#\\\/schema\\\/logo\\\/image\\\/\",\"url\":\"https:\\\/\\\/www.sdmodelcartuning.com\\\/wp-content\\\/uploads\\\/2020\\\/09\\\/logo-retina.png\",\"contentUrl\":\"https:\\\/\\\/www.sdmodelcartuning.com\\\/wp-content\\\/uploads\\\/2020\\\/09\\\/logo-retina.png\",\"width\":463,\"height\":150,\"caption\":\"SDmodelcartuning.com\"},\"image\":{\"@id\":\"https:\\\/\\\/www.sdmodelcartuning.com\\\/#\\\/schema\\\/logo\\\/image\\\/\"}}]}<\/script>\n<!-- \/ Yoast SEO plugin. -->","yoast_head_json":{"title":"1:18 AL13 R110 roues 20 pouces - SDmodelcartuning.com","robots":{"index":"index","follow":"follow","max-snippet":"max-snippet:-1","max-image-preview":"max-image-preview:large","max-video-preview":"max-video-preview:-1"},"canonical":"https:\/\/www.sdmodelcartuning.com\/fr\/produit\/118-al13-r110-jeu-de-roues-20-pouces\/","og_locale":"fr_FR","og_type":"article","og_title":"1:18 AL13 R110 velgenset 20 inch - SDmodelcartuning.com","og_description":"1\/18 Schaal universele AL13 R110 velgenset 20 inch, deze set bevat 4x verchroomde velgen en 4x profiel sportbanden. U kunt de kleur van de velgen naar keuze selecteren. De velgen zijn \u00a036.5mm in diameter incl. banden en de breedte is 14mm. De achtervelgen hebben een dieper concave velghart. Materiaal: Plastic en rubber banden.","og_url":"https:\/\/www.sdmodelcartuning.com\/fr\/produit\/118-al13-r110-jeu-de-roues-20-pouces\/","og_site_name":"SDmodelcartuning.com","article_modified_time":"2025-11-21T10:15:56+00:00","og_image":[{"width":1000,"height":750,"url":"https:\/\/www.sdmodelcartuning.com\/wp-content\/uploads\/2024\/05\/20240606_145042_resized.jpg","type":"image\/jpeg"}],"twitter_card":"summary_large_image","twitter_misc":{"Dur\u00e9e de lecture estim\u00e9e":"1 minute"},"schema":{"@context":"https:\/\/schema.org","@graph":[{"@type":"WebPage","@id":"https:\/\/www.sdmodelcartuning.com\/product\/118-al13-r110-velgenset-20-inch\/","url":"https:\/\/www.sdmodelcartuning.com\/product\/118-al13-r110-velgenset-20-inch\/","name":"1:18 AL13 R110 roues 20 pouces - SDmodelcartuning.com","isPartOf":{"@id":"https:\/\/www.sdmodelcartuning.com\/#website"},"primaryImageOfPage":{"@id":"https:\/\/www.sdmodelcartuning.com\/product\/118-al13-r110-velgenset-20-inch\/#primaryimage"},"image":{"@id":"https:\/\/www.sdmodelcartuning.com\/product\/118-al13-r110-velgenset-20-inch\/#primaryimage"},"thumbnailUrl":"https:\/\/www.sdmodelcartuning.com\/wp-content\/uploads\/2024\/05\/20240606_145042_resized.jpg","datePublished":"2024-05-30T10:00:14+00:00","dateModified":"2025-11-21T10:15:56+00:00","breadcrumb":{"@id":"https:\/\/www.sdmodelcartuning.com\/product\/118-al13-r110-velgenset-20-inch\/#breadcrumb"},"inLanguage":"fr-FR","potentialAction":[{"@type":"ReadAction","target":["https:\/\/www.sdmodelcartuning.com\/product\/118-al13-r110-velgenset-20-inch\/"]}]},{"@type":"ImageObject","inLanguage":"fr-FR","@id":"https:\/\/www.sdmodelcartuning.com\/product\/118-al13-r110-velgenset-20-inch\/#primaryimage","url":"https:\/\/www.sdmodelcartuning.com\/wp-content\/uploads\/2024\/05\/20240606_145042_resized.jpg","contentUrl":"https:\/\/www.sdmodelcartuning.com\/wp-content\/uploads\/2024\/05\/20240606_145042_resized.jpg","width":1000,"height":750},{"@type":"BreadcrumbList","@id":"https:\/\/www.sdmodelcartuning.com\/product\/118-al13-r110-velgenset-20-inch\/#breadcrumb","itemListElement":[{"@type":"ListItem","position":1,"name":"Home","item":"https:\/\/www.sdmodelcartuning.com\/"},{"@type":"ListItem","position":2,"name":"Winkel","item":"https:\/\/www.sdmodelcartuning.com\/it\/winkel\/"},{"@type":"ListItem","position":3,"name":"1:18 AL13 R110 velgenset 20 inch"}]},{"@type":"WebSite","@id":"https:\/\/www.sdmodelcartuning.com\/#website","url":"https:\/\/www.sdmodelcartuning.com\/","name":"SDmodelcartuning.com","description":"La boutique de miniatures et d&#039;accessoires des Pays-Bas","publisher":{"@id":"https:\/\/www.sdmodelcartuning.com\/#organization"},"potentialAction":[{"@type":"SearchAction","target":{"@type":"EntryPoint","urlTemplate":"https:\/\/www.sdmodelcartuning.com\/?s={search_term_string}"},"query-input":{"@type":"PropertyValueSpecification","valueRequired":true,"valueName":"search_term_string"}}],"inLanguage":"fr-FR"},{"@type":"Organization","@id":"https:\/\/www.sdmodelcartuning.com\/#organization","name":"SDmodelcartuning.com","url":"https:\/\/www.sdmodelcartuning.com\/","logo":{"@type":"ImageObject","inLanguage":"fr-FR","@id":"https:\/\/www.sdmodelcartuning.com\/#\/schema\/logo\/image\/","url":"https:\/\/www.sdmodelcartuning.com\/wp-content\/uploads\/2020\/09\/logo-retina.png","contentUrl":"https:\/\/www.sdmodelcartuning.com\/wp-content\/uploads\/2020\/09\/logo-retina.png","width":463,"height":150,"caption":"SDmodelcartuning.com"},"image":{"@id":"https:\/\/www.sdmodelcartuning.com\/#\/schema\/logo\/image\/"}}]}},"_links":{"self":[{"href":"https:\/\/www.sdmodelcartuning.com\/fr\/wp-json\/wp\/v2\/product\/136207","targetHints":{"allow":["GET"]}}],"collection":[{"href":"https:\/\/www.sdmodelcartuning.com\/fr\/wp-json\/wp\/v2\/product"}],"about":[{"href":"https:\/\/www.sdmodelcartuning.com\/fr\/wp-json\/wp\/v2\/types\/product"}],"version-history":[{"count":1,"href":"https:\/\/www.sdmodelcartuning.com\/fr\/wp-json\/wp\/v2\/product\/136207\/revisions"}],"predecessor-version":[{"id":157913,"href":"https:\/\/www.sdmodelcartuning.com\/fr\/wp-json\/wp\/v2\/product\/136207\/revisions\/157913"}],"wp:featuredmedia":[{"embeddable":true,"href":"https:\/\/www.sdmodelcartuning.com\/fr\/wp-json\/wp\/v2\/media\/136563"}],"wp:attachment":[{"href":"https:\/\/www.sdmodelcartuning.com\/fr\/wp-json\/wp\/v2\/media?parent=136207"}],"wp:term":[{"taxonomy":"product_brand","embeddable":true,"href":"https:\/\/www.sdmodelcartuning.com\/fr\/wp-json\/wp\/v2\/product_brand?post=136207"},{"taxonomy":"product_cat","embeddable":true,"href":"https:\/\/www.sdmodelcartuning.com\/fr\/wp-json\/wp\/v2\/product_cat?post=136207"},{"taxonomy":"product_tag","embeddable":true,"href":"https:\/\/www.sdmodelcartuning.com\/fr\/wp-json\/wp\/v2\/product_tag?post=136207"}],"curies":[{"name":"wp","href":"https:\/\/api.w.org\/{rel}","templated":true}]}}