{"id":127550,"date":"2023-11-21T15:05:16","date_gmt":"2023-11-21T14:05:16","guid":{"rendered":"http:\/\/www.sdmodelcartuning.com\/?post_type=product&#038;p=127550"},"modified":"2025-07-03T14:58:57","modified_gmt":"2025-07-03T13:58:57","slug":"118-porsche-ruf-scr-2018-blauw","status":"publish","type":"product","link":"https:\/\/www.sdmodelcartuning.com\/fr\/produit\/118-porsche-ruf-scr-2018-bleu\/","title":{"rendered":"1:18 Porsche RUF SCR \u2013 2018 \u2013 Bleu"},"content":{"rendered":"<p>Porsche RUF SCR \u00e0 l&#039;\u00e9chelle 1\/18 \u2013 2018 \u2013 Bleu<\/p>\n<p>Fabricant : presque r\u00e9el<\/p>\n<p>Mod\u00e8le tr\u00e8s d\u00e9taill\u00e9, tr\u00e8s belle imitation de la voiture \u00e0 l&#039;\u00e9chelle 1:1.<\/p>\n<p>Mat\u00e9riau\u00a0: m\u00e9tal moul\u00e9 sous pression avec pi\u00e8ces en plastique.<\/p>","protected":false},"excerpt":{"rendered":"<p>1\/18 Porsche RUF SCR - 2018 - Bleu Fabricant : Almost Real Mod\u00e8le tr\u00e8s d\u00e9taill\u00e9, tr\u00e8s belle imitation de la voiture \u00e0 l'\u00e9chelle 1:1. Mat\u00e9riau : m\u00e9tal moul\u00e9 sous pression avec des pi\u00e8ces en plastique.<\/p>","protected":false},"featured_media":127551,"template":"","meta":[],"product_brand":[],"product_cat":[1116,1350],"product_tag":[],"class_list":{"0":"post-127550","1":"product","2":"type-product","3":"status-publish","4":"has-post-thumbnail","6":"product_cat-1-18-modelautos","7":"product_cat-porsche","9":"first","10":"instock","11":"taxable","12":"shipping-taxable","13":"purchasable","14":"product-type-simple"},"yoast_head":"<!-- This site is optimized with the Yoast SEO plugin v26.8 - https:\/\/yoast.com\/product\/yoast-seo-wordpress\/ -->\n<title>1:18 Porsche RUF SCR - 2018 - Blauw - SDmodelcartuning.com<\/title>\n<meta name=\"robots\" content=\"index, follow, max-snippet:-1, max-image-preview:large, max-video-preview:-1\" \/>\n<link rel=\"canonical\" href=\"https:\/\/www.sdmodelcartuning.com\/fr\/produit\/118-porsche-ruf-scr-2018-bleu\/\" \/>\n<meta property=\"og:locale\" content=\"fr_FR\" \/>\n<meta property=\"og:type\" content=\"article\" \/>\n<meta property=\"og:title\" content=\"1:18 Porsche RUF SCR - 2018 - Blauw - SDmodelcartuning.com\" \/>\n<meta property=\"og:description\" content=\"1\/18 Schaal Porsche RUF SCR &#8211; 2018 &#8211; Blauw Fabrikant: Almost Real Zeer gedetailleerd model, zeer mooie nabootsing van de 1:1 auto. Materiaal: Diecast metaal met plastic delen.\" \/>\n<meta property=\"og:url\" content=\"https:\/\/www.sdmodelcartuning.com\/fr\/produit\/118-porsche-ruf-scr-2018-bleu\/\" \/>\n<meta property=\"og:site_name\" content=\"SDmodelcartuning.com\" \/>\n<meta property=\"article:modified_time\" content=\"2025-07-03T13:58:57+00:00\" \/>\n<meta property=\"og:image\" content=\"https:\/\/www.sdmodelcartuning.com\/wp-content\/uploads\/2023\/09\/rufscrblue.1.jpg\" \/>\n\t<meta property=\"og:image:width\" content=\"800\" \/>\n\t<meta property=\"og:image:height\" content=\"501\" \/>\n\t<meta property=\"og:image:type\" content=\"image\/jpeg\" \/>\n<meta name=\"twitter:card\" content=\"summary_large_image\" \/>\n<meta name=\"twitter:label1\" content=\"Dur\u00e9e de lecture estim\u00e9e\" \/>\n\t<meta name=\"twitter:data1\" content=\"1 minute\" \/>\n<script type=\"application\/ld+json\" class=\"yoast-schema-graph\">{\"@context\":\"https:\/\/schema.org\",\"@graph\":[{\"@type\":\"WebPage\",\"@id\":\"https:\/\/www.sdmodelcartuning.com\/product\/118-porsche-ruf-scr-2018-blauw\/\",\"url\":\"https:\/\/www.sdmodelcartuning.com\/product\/118-porsche-ruf-scr-2018-blauw\/\",\"name\":\"1:18 Porsche RUF SCR - 2018 - Blauw - SDmodelcartuning.com\",\"isPartOf\":{\"@id\":\"https:\/\/www.sdmodelcartuning.com\/#website\"},\"primaryImageOfPage\":{\"@id\":\"https:\/\/www.sdmodelcartuning.com\/product\/118-porsche-ruf-scr-2018-blauw\/#primaryimage\"},\"image\":{\"@id\":\"https:\/\/www.sdmodelcartuning.com\/product\/118-porsche-ruf-scr-2018-blauw\/#primaryimage\"},\"thumbnailUrl\":\"https:\/\/www.sdmodelcartuning.com\/wp-content\/uploads\/2023\/09\/rufscrblue.1.jpg\",\"datePublished\":\"2023-11-21T14:05:16+00:00\",\"dateModified\":\"2025-07-03T13:58:57+00:00\",\"breadcrumb\":{\"@id\":\"https:\/\/www.sdmodelcartuning.com\/product\/118-porsche-ruf-scr-2018-blauw\/#breadcrumb\"},\"inLanguage\":\"fr-FR\",\"potentialAction\":[{\"@type\":\"ReadAction\",\"target\":[\"https:\/\/www.sdmodelcartuning.com\/product\/118-porsche-ruf-scr-2018-blauw\/\"]}]},{\"@type\":\"ImageObject\",\"inLanguage\":\"fr-FR\",\"@id\":\"https:\/\/www.sdmodelcartuning.com\/product\/118-porsche-ruf-scr-2018-blauw\/#primaryimage\",\"url\":\"https:\/\/www.sdmodelcartuning.com\/wp-content\/uploads\/2023\/09\/rufscrblue.1.jpg\",\"contentUrl\":\"https:\/\/www.sdmodelcartuning.com\/wp-content\/uploads\/2023\/09\/rufscrblue.1.jpg\",\"width\":800,\"height\":501},{\"@type\":\"BreadcrumbList\",\"@id\":\"https:\/\/www.sdmodelcartuning.com\/product\/118-porsche-ruf-scr-2018-blauw\/#breadcrumb\",\"itemListElement\":[{\"@type\":\"ListItem\",\"position\":1,\"name\":\"Home\",\"item\":\"https:\/\/www.sdmodelcartuning.com\/\"},{\"@type\":\"ListItem\",\"position\":2,\"name\":\"Winkel\",\"item\":\"https:\/\/www.sdmodelcartuning.com\/it\/winkel\/\"},{\"@type\":\"ListItem\",\"position\":3,\"name\":\"1:18 Porsche RUF SCR &#8211; 2018 &#8211; Blauw\"}]},{\"@type\":\"WebSite\",\"@id\":\"https:\/\/www.sdmodelcartuning.com\/#website\",\"url\":\"https:\/\/www.sdmodelcartuning.com\/\",\"name\":\"SDmodelcartuning.com\",\"description\":\"De miniaturen en toebehoren shop van Nederland\",\"publisher\":{\"@id\":\"https:\/\/www.sdmodelcartuning.com\/#organization\"},\"potentialAction\":[{\"@type\":\"SearchAction\",\"target\":{\"@type\":\"EntryPoint\",\"urlTemplate\":\"https:\/\/www.sdmodelcartuning.com\/?s={search_term_string}\"},\"query-input\":{\"@type\":\"PropertyValueSpecification\",\"valueRequired\":true,\"valueName\":\"search_term_string\"}}],\"inLanguage\":\"fr-FR\"},{\"@type\":\"Organization\",\"@id\":\"https:\/\/www.sdmodelcartuning.com\/#organization\",\"name\":\"SDmodelcartuning.com\",\"url\":\"https:\/\/www.sdmodelcartuning.com\/\",\"logo\":{\"@type\":\"ImageObject\",\"inLanguage\":\"fr-FR\",\"@id\":\"https:\/\/www.sdmodelcartuning.com\/#\/schema\/logo\/image\/\",\"url\":\"https:\/\/www.sdmodelcartuning.com\/wp-content\/uploads\/2020\/09\/logo-retina.png\",\"contentUrl\":\"https:\/\/www.sdmodelcartuning.com\/wp-content\/uploads\/2020\/09\/logo-retina.png\",\"width\":463,\"height\":150,\"caption\":\"SDmodelcartuning.com\"},\"image\":{\"@id\":\"https:\/\/www.sdmodelcartuning.com\/#\/schema\/logo\/image\/\"}}]}<\/script>\n<!-- \/ Yoast SEO plugin. -->","yoast_head_json":{"title":"1:18 Porsche RUF SCR - 2018 - Bleu - SDmodelcartuning.com","robots":{"index":"index","follow":"follow","max-snippet":"max-snippet:-1","max-image-preview":"max-image-preview:large","max-video-preview":"max-video-preview:-1"},"canonical":"https:\/\/www.sdmodelcartuning.com\/fr\/produit\/118-porsche-ruf-scr-2018-bleu\/","og_locale":"fr_FR","og_type":"article","og_title":"1:18 Porsche RUF SCR - 2018 - Blauw - SDmodelcartuning.com","og_description":"1\/18 Schaal Porsche RUF SCR &#8211; 2018 &#8211; Blauw Fabrikant: Almost Real Zeer gedetailleerd model, zeer mooie nabootsing van de 1:1 auto. Materiaal: Diecast metaal met plastic delen.","og_url":"https:\/\/www.sdmodelcartuning.com\/fr\/produit\/118-porsche-ruf-scr-2018-bleu\/","og_site_name":"SDmodelcartuning.com","article_modified_time":"2025-07-03T13:58:57+00:00","og_image":[{"width":800,"height":501,"url":"https:\/\/www.sdmodelcartuning.com\/wp-content\/uploads\/2023\/09\/rufscrblue.1.jpg","type":"image\/jpeg"}],"twitter_card":"summary_large_image","twitter_misc":{"Dur\u00e9e de lecture estim\u00e9e":"1 minute"},"schema":{"@context":"https:\/\/schema.org","@graph":[{"@type":"WebPage","@id":"https:\/\/www.sdmodelcartuning.com\/product\/118-porsche-ruf-scr-2018-blauw\/","url":"https:\/\/www.sdmodelcartuning.com\/product\/118-porsche-ruf-scr-2018-blauw\/","name":"1:18 Porsche RUF SCR - 2018 - Bleu - SDmodelcartuning.com","isPartOf":{"@id":"https:\/\/www.sdmodelcartuning.com\/#website"},"primaryImageOfPage":{"@id":"https:\/\/www.sdmodelcartuning.com\/product\/118-porsche-ruf-scr-2018-blauw\/#primaryimage"},"image":{"@id":"https:\/\/www.sdmodelcartuning.com\/product\/118-porsche-ruf-scr-2018-blauw\/#primaryimage"},"thumbnailUrl":"https:\/\/www.sdmodelcartuning.com\/wp-content\/uploads\/2023\/09\/rufscrblue.1.jpg","datePublished":"2023-11-21T14:05:16+00:00","dateModified":"2025-07-03T13:58:57+00:00","breadcrumb":{"@id":"https:\/\/www.sdmodelcartuning.com\/product\/118-porsche-ruf-scr-2018-blauw\/#breadcrumb"},"inLanguage":"fr-FR","potentialAction":[{"@type":"ReadAction","target":["https:\/\/www.sdmodelcartuning.com\/product\/118-porsche-ruf-scr-2018-blauw\/"]}]},{"@type":"ImageObject","inLanguage":"fr-FR","@id":"https:\/\/www.sdmodelcartuning.com\/product\/118-porsche-ruf-scr-2018-blauw\/#primaryimage","url":"https:\/\/www.sdmodelcartuning.com\/wp-content\/uploads\/2023\/09\/rufscrblue.1.jpg","contentUrl":"https:\/\/www.sdmodelcartuning.com\/wp-content\/uploads\/2023\/09\/rufscrblue.1.jpg","width":800,"height":501},{"@type":"BreadcrumbList","@id":"https:\/\/www.sdmodelcartuning.com\/product\/118-porsche-ruf-scr-2018-blauw\/#breadcrumb","itemListElement":[{"@type":"ListItem","position":1,"name":"Home","item":"https:\/\/www.sdmodelcartuning.com\/"},{"@type":"ListItem","position":2,"name":"Winkel","item":"https:\/\/www.sdmodelcartuning.com\/it\/winkel\/"},{"@type":"ListItem","position":3,"name":"1:18 Porsche RUF SCR &#8211; 2018 &#8211; Blauw"}]},{"@type":"WebSite","@id":"https:\/\/www.sdmodelcartuning.com\/#website","url":"https:\/\/www.sdmodelcartuning.com\/","name":"SDmodelcartuning.com","description":"La boutique de miniatures et d&#039;accessoires des Pays-Bas","publisher":{"@id":"https:\/\/www.sdmodelcartuning.com\/#organization"},"potentialAction":[{"@type":"SearchAction","target":{"@type":"EntryPoint","urlTemplate":"https:\/\/www.sdmodelcartuning.com\/?s={search_term_string}"},"query-input":{"@type":"PropertyValueSpecification","valueRequired":true,"valueName":"search_term_string"}}],"inLanguage":"fr-FR"},{"@type":"Organization","@id":"https:\/\/www.sdmodelcartuning.com\/#organization","name":"SDmodelcartuning.com","url":"https:\/\/www.sdmodelcartuning.com\/","logo":{"@type":"ImageObject","inLanguage":"fr-FR","@id":"https:\/\/www.sdmodelcartuning.com\/#\/schema\/logo\/image\/","url":"https:\/\/www.sdmodelcartuning.com\/wp-content\/uploads\/2020\/09\/logo-retina.png","contentUrl":"https:\/\/www.sdmodelcartuning.com\/wp-content\/uploads\/2020\/09\/logo-retina.png","width":463,"height":150,"caption":"SDmodelcartuning.com"},"image":{"@id":"https:\/\/www.sdmodelcartuning.com\/#\/schema\/logo\/image\/"}}]}},"_links":{"self":[{"href":"https:\/\/www.sdmodelcartuning.com\/fr\/wp-json\/wp\/v2\/product\/127550","targetHints":{"allow":["GET"]}}],"collection":[{"href":"https:\/\/www.sdmodelcartuning.com\/fr\/wp-json\/wp\/v2\/product"}],"about":[{"href":"https:\/\/www.sdmodelcartuning.com\/fr\/wp-json\/wp\/v2\/types\/product"}],"version-history":[{"count":1,"href":"https:\/\/www.sdmodelcartuning.com\/fr\/wp-json\/wp\/v2\/product\/127550\/revisions"}],"predecessor-version":[{"id":153145,"href":"https:\/\/www.sdmodelcartuning.com\/fr\/wp-json\/wp\/v2\/product\/127550\/revisions\/153145"}],"wp:featuredmedia":[{"embeddable":true,"href":"https:\/\/www.sdmodelcartuning.com\/fr\/wp-json\/wp\/v2\/media\/127551"}],"wp:attachment":[{"href":"https:\/\/www.sdmodelcartuning.com\/fr\/wp-json\/wp\/v2\/media?parent=127550"}],"wp:term":[{"taxonomy":"product_brand","embeddable":true,"href":"https:\/\/www.sdmodelcartuning.com\/fr\/wp-json\/wp\/v2\/product_brand?post=127550"},{"taxonomy":"product_cat","embeddable":true,"href":"https:\/\/www.sdmodelcartuning.com\/fr\/wp-json\/wp\/v2\/product_cat?post=127550"},{"taxonomy":"product_tag","embeddable":true,"href":"https:\/\/www.sdmodelcartuning.com\/fr\/wp-json\/wp\/v2\/product_tag?post=127550"}],"curies":[{"name":"wp","href":"https:\/\/api.w.org\/{rel}","templated":true}]}}