{"id":127320,"date":"2023-09-14T10:31:18","date_gmt":"2023-09-14T09:31:18","guid":{"rendered":"http:\/\/www.sdmodelcartuning.com\/?post_type=product&#038;p=127320"},"modified":"2026-03-15T23:15:36","modified_gmt":"2026-03-15T22:15:36","slug":"124-toyota-carolla-ae86-trd-levin","status":"publish","type":"product","link":"https:\/\/www.sdmodelcartuning.com\/fr\/produit\/124-toyota-carolla-ae86-trd-levin\/","title":{"rendered":"1:24 Toyota Carolla AE86 TRD Levin"},"content":{"rendered":"<p>Kit de construction Aoshima \u00e0 l&#039;\u00e9chelle 1\/24, Toyota Carolla AE86 TRD Levin<\/p>\n<p>Il s&#039;agit d&#039;un kit \u00e0 monter soi-m\u00eame, il doit donc encore \u00eatre assembl\u00e9 (hors peinture et colle).<\/p>","protected":false},"excerpt":{"rendered":"<p>Kit de construction Aoshima \u00e0 l&#039;\u00e9chelle 1\/24 Toyota Carolla AE86 TRD Levin Il s&#039;agit d&#039;un kit \u00e0 monter soi-m\u00eame, il doit donc encore \u00eatre assembl\u00e9 (hors peinture et colle)<\/p>","protected":false},"featured_media":127322,"template":"","meta":[],"product_brand":[],"product_cat":[1131,1377],"product_tag":[],"class_list":{"0":"post-127320","1":"product","2":"type-product","3":"status-publish","4":"has-post-thumbnail","6":"product_cat-1-24-modelautos","7":"product_cat-toyota","9":"first","10":"instock","11":"taxable","12":"shipping-taxable","13":"purchasable","14":"product-type-simple"},"yoast_head":"<!-- This site is optimized with the Yoast SEO plugin v26.8 - https:\/\/yoast.com\/product\/yoast-seo-wordpress\/ -->\n<title>1:24 Toyota Carolla AE86 TRD Levin - SDmodelcartuning.com<\/title>\n<meta name=\"robots\" content=\"index, follow, max-snippet:-1, max-image-preview:large, max-video-preview:-1\" \/>\n<link rel=\"canonical\" href=\"https:\/\/www.sdmodelcartuning.com\/fr\/produit\/124-toyota-carolla-ae86-trd-levin\/\" \/>\n<meta property=\"og:locale\" content=\"fr_FR\" \/>\n<meta property=\"og:type\" content=\"article\" \/>\n<meta property=\"og:title\" content=\"1:24 Toyota Carolla AE86 TRD Levin - SDmodelcartuning.com\" \/>\n<meta property=\"og:description\" content=\"1\/24 Schaal Aoshima bouwkit Toyota Carolla AE86 TRD Levin Dit betreft een zelfbouwkit dient dus nog in elkaar gezet te worden (excl. verf en lijm)\" \/>\n<meta property=\"og:url\" content=\"https:\/\/www.sdmodelcartuning.com\/fr\/produit\/124-toyota-carolla-ae86-trd-levin\/\" \/>\n<meta property=\"og:site_name\" content=\"SDmodelcartuning.com\" \/>\n<meta property=\"article:modified_time\" content=\"2026-03-15T22:15:36+00:00\" \/>\n<meta property=\"og:image\" content=\"https:\/\/www.sdmodelcartuning.com\/wp-content\/uploads\/2023\/09\/abk05798.jpg\" \/>\n\t<meta property=\"og:image:width\" content=\"700\" \/>\n\t<meta property=\"og:image:height\" content=\"456\" \/>\n\t<meta property=\"og:image:type\" content=\"image\/jpeg\" \/>\n<meta name=\"twitter:card\" content=\"summary_large_image\" \/>\n<script type=\"application\/ld+json\" class=\"yoast-schema-graph\">{\"@context\":\"https:\/\/schema.org\",\"@graph\":[{\"@type\":\"WebPage\",\"@id\":\"https:\/\/www.sdmodelcartuning.com\/product\/124-toyota-carolla-ae86-trd-levin\/\",\"url\":\"https:\/\/www.sdmodelcartuning.com\/product\/124-toyota-carolla-ae86-trd-levin\/\",\"name\":\"1:24 Toyota Carolla AE86 TRD Levin - SDmodelcartuning.com\",\"isPartOf\":{\"@id\":\"https:\/\/www.sdmodelcartuning.com\/#website\"},\"primaryImageOfPage\":{\"@id\":\"https:\/\/www.sdmodelcartuning.com\/product\/124-toyota-carolla-ae86-trd-levin\/#primaryimage\"},\"image\":{\"@id\":\"https:\/\/www.sdmodelcartuning.com\/product\/124-toyota-carolla-ae86-trd-levin\/#primaryimage\"},\"thumbnailUrl\":\"https:\/\/www.sdmodelcartuning.com\/wp-content\/uploads\/2023\/09\/abk05798.jpg\",\"datePublished\":\"2023-09-14T09:31:18+00:00\",\"dateModified\":\"2026-03-15T22:15:36+00:00\",\"breadcrumb\":{\"@id\":\"https:\/\/www.sdmodelcartuning.com\/product\/124-toyota-carolla-ae86-trd-levin\/#breadcrumb\"},\"inLanguage\":\"fr-FR\",\"potentialAction\":[{\"@type\":\"ReadAction\",\"target\":[\"https:\/\/www.sdmodelcartuning.com\/product\/124-toyota-carolla-ae86-trd-levin\/\"]}]},{\"@type\":\"ImageObject\",\"inLanguage\":\"fr-FR\",\"@id\":\"https:\/\/www.sdmodelcartuning.com\/product\/124-toyota-carolla-ae86-trd-levin\/#primaryimage\",\"url\":\"https:\/\/www.sdmodelcartuning.com\/wp-content\/uploads\/2023\/09\/abk05798.jpg\",\"contentUrl\":\"https:\/\/www.sdmodelcartuning.com\/wp-content\/uploads\/2023\/09\/abk05798.jpg\",\"width\":700,\"height\":456},{\"@type\":\"BreadcrumbList\",\"@id\":\"https:\/\/www.sdmodelcartuning.com\/product\/124-toyota-carolla-ae86-trd-levin\/#breadcrumb\",\"itemListElement\":[{\"@type\":\"ListItem\",\"position\":1,\"name\":\"Home\",\"item\":\"https:\/\/www.sdmodelcartuning.com\/\"},{\"@type\":\"ListItem\",\"position\":2,\"name\":\"Winkel\",\"item\":\"https:\/\/www.sdmodelcartuning.com\/it\/winkel\/\"},{\"@type\":\"ListItem\",\"position\":3,\"name\":\"1:24 Toyota Carolla AE86 TRD Levin\"}]},{\"@type\":\"WebSite\",\"@id\":\"https:\/\/www.sdmodelcartuning.com\/#website\",\"url\":\"https:\/\/www.sdmodelcartuning.com\/\",\"name\":\"SDmodelcartuning.com\",\"description\":\"De miniaturen en toebehoren shop van Nederland\",\"publisher\":{\"@id\":\"https:\/\/www.sdmodelcartuning.com\/#organization\"},\"potentialAction\":[{\"@type\":\"SearchAction\",\"target\":{\"@type\":\"EntryPoint\",\"urlTemplate\":\"https:\/\/www.sdmodelcartuning.com\/?s={search_term_string}\"},\"query-input\":{\"@type\":\"PropertyValueSpecification\",\"valueRequired\":true,\"valueName\":\"search_term_string\"}}],\"inLanguage\":\"fr-FR\"},{\"@type\":\"Organization\",\"@id\":\"https:\/\/www.sdmodelcartuning.com\/#organization\",\"name\":\"SDmodelcartuning.com\",\"url\":\"https:\/\/www.sdmodelcartuning.com\/\",\"logo\":{\"@type\":\"ImageObject\",\"inLanguage\":\"fr-FR\",\"@id\":\"https:\/\/www.sdmodelcartuning.com\/#\/schema\/logo\/image\/\",\"url\":\"https:\/\/www.sdmodelcartuning.com\/wp-content\/uploads\/2020\/09\/logo-retina.png\",\"contentUrl\":\"https:\/\/www.sdmodelcartuning.com\/wp-content\/uploads\/2020\/09\/logo-retina.png\",\"width\":463,\"height\":150,\"caption\":\"SDmodelcartuning.com\"},\"image\":{\"@id\":\"https:\/\/www.sdmodelcartuning.com\/#\/schema\/logo\/image\/\"}}]}<\/script>\n<!-- \/ Yoast SEO plugin. -->","yoast_head_json":{"title":"1:24 Toyota Carolla AE86 TRD Levin - SDmodelcartuning.com","robots":{"index":"index","follow":"follow","max-snippet":"max-snippet:-1","max-image-preview":"max-image-preview:large","max-video-preview":"max-video-preview:-1"},"canonical":"https:\/\/www.sdmodelcartuning.com\/fr\/produit\/124-toyota-carolla-ae86-trd-levin\/","og_locale":"fr_FR","og_type":"article","og_title":"1:24 Toyota Carolla AE86 TRD Levin - SDmodelcartuning.com","og_description":"1\/24 Schaal Aoshima bouwkit Toyota Carolla AE86 TRD Levin Dit betreft een zelfbouwkit dient dus nog in elkaar gezet te worden (excl. verf en lijm)","og_url":"https:\/\/www.sdmodelcartuning.com\/fr\/produit\/124-toyota-carolla-ae86-trd-levin\/","og_site_name":"SDmodelcartuning.com","article_modified_time":"2026-03-15T22:15:36+00:00","og_image":[{"width":700,"height":456,"url":"https:\/\/www.sdmodelcartuning.com\/wp-content\/uploads\/2023\/09\/abk05798.jpg","type":"image\/jpeg"}],"twitter_card":"summary_large_image","schema":{"@context":"https:\/\/schema.org","@graph":[{"@type":"WebPage","@id":"https:\/\/www.sdmodelcartuning.com\/product\/124-toyota-carolla-ae86-trd-levin\/","url":"https:\/\/www.sdmodelcartuning.com\/product\/124-toyota-carolla-ae86-trd-levin\/","name":"1:24 Toyota Carolla AE86 TRD Levin - SDmodelcartuning.com","isPartOf":{"@id":"https:\/\/www.sdmodelcartuning.com\/#website"},"primaryImageOfPage":{"@id":"https:\/\/www.sdmodelcartuning.com\/product\/124-toyota-carolla-ae86-trd-levin\/#primaryimage"},"image":{"@id":"https:\/\/www.sdmodelcartuning.com\/product\/124-toyota-carolla-ae86-trd-levin\/#primaryimage"},"thumbnailUrl":"https:\/\/www.sdmodelcartuning.com\/wp-content\/uploads\/2023\/09\/abk05798.jpg","datePublished":"2023-09-14T09:31:18+00:00","dateModified":"2026-03-15T22:15:36+00:00","breadcrumb":{"@id":"https:\/\/www.sdmodelcartuning.com\/product\/124-toyota-carolla-ae86-trd-levin\/#breadcrumb"},"inLanguage":"fr-FR","potentialAction":[{"@type":"ReadAction","target":["https:\/\/www.sdmodelcartuning.com\/product\/124-toyota-carolla-ae86-trd-levin\/"]}]},{"@type":"ImageObject","inLanguage":"fr-FR","@id":"https:\/\/www.sdmodelcartuning.com\/product\/124-toyota-carolla-ae86-trd-levin\/#primaryimage","url":"https:\/\/www.sdmodelcartuning.com\/wp-content\/uploads\/2023\/09\/abk05798.jpg","contentUrl":"https:\/\/www.sdmodelcartuning.com\/wp-content\/uploads\/2023\/09\/abk05798.jpg","width":700,"height":456},{"@type":"BreadcrumbList","@id":"https:\/\/www.sdmodelcartuning.com\/product\/124-toyota-carolla-ae86-trd-levin\/#breadcrumb","itemListElement":[{"@type":"ListItem","position":1,"name":"Home","item":"https:\/\/www.sdmodelcartuning.com\/"},{"@type":"ListItem","position":2,"name":"Winkel","item":"https:\/\/www.sdmodelcartuning.com\/it\/winkel\/"},{"@type":"ListItem","position":3,"name":"1:24 Toyota Carolla AE86 TRD Levin"}]},{"@type":"WebSite","@id":"https:\/\/www.sdmodelcartuning.com\/#website","url":"https:\/\/www.sdmodelcartuning.com\/","name":"SDmodelcartuning.com","description":"La boutique de miniatures et d&#039;accessoires des Pays-Bas","publisher":{"@id":"https:\/\/www.sdmodelcartuning.com\/#organization"},"potentialAction":[{"@type":"SearchAction","target":{"@type":"EntryPoint","urlTemplate":"https:\/\/www.sdmodelcartuning.com\/?s={search_term_string}"},"query-input":{"@type":"PropertyValueSpecification","valueRequired":true,"valueName":"search_term_string"}}],"inLanguage":"fr-FR"},{"@type":"Organization","@id":"https:\/\/www.sdmodelcartuning.com\/#organization","name":"SDmodelcartuning.com","url":"https:\/\/www.sdmodelcartuning.com\/","logo":{"@type":"ImageObject","inLanguage":"fr-FR","@id":"https:\/\/www.sdmodelcartuning.com\/#\/schema\/logo\/image\/","url":"https:\/\/www.sdmodelcartuning.com\/wp-content\/uploads\/2020\/09\/logo-retina.png","contentUrl":"https:\/\/www.sdmodelcartuning.com\/wp-content\/uploads\/2020\/09\/logo-retina.png","width":463,"height":150,"caption":"SDmodelcartuning.com"},"image":{"@id":"https:\/\/www.sdmodelcartuning.com\/#\/schema\/logo\/image\/"}}]}},"_links":{"self":[{"href":"https:\/\/www.sdmodelcartuning.com\/fr\/wp-json\/wp\/v2\/product\/127320","targetHints":{"allow":["GET"]}}],"collection":[{"href":"https:\/\/www.sdmodelcartuning.com\/fr\/wp-json\/wp\/v2\/product"}],"about":[{"href":"https:\/\/www.sdmodelcartuning.com\/fr\/wp-json\/wp\/v2\/types\/product"}],"version-history":[{"count":0,"href":"https:\/\/www.sdmodelcartuning.com\/fr\/wp-json\/wp\/v2\/product\/127320\/revisions"}],"wp:featuredmedia":[{"embeddable":true,"href":"https:\/\/www.sdmodelcartuning.com\/fr\/wp-json\/wp\/v2\/media\/127322"}],"wp:attachment":[{"href":"https:\/\/www.sdmodelcartuning.com\/fr\/wp-json\/wp\/v2\/media?parent=127320"}],"wp:term":[{"taxonomy":"product_brand","embeddable":true,"href":"https:\/\/www.sdmodelcartuning.com\/fr\/wp-json\/wp\/v2\/product_brand?post=127320"},{"taxonomy":"product_cat","embeddable":true,"href":"https:\/\/www.sdmodelcartuning.com\/fr\/wp-json\/wp\/v2\/product_cat?post=127320"},{"taxonomy":"product_tag","embeddable":true,"href":"https:\/\/www.sdmodelcartuning.com\/fr\/wp-json\/wp\/v2\/product_tag?post=127320"}],"curies":[{"name":"wp","href":"https:\/\/api.w.org\/{rel}","templated":true}]}}