{"id":126939,"date":"2023-08-29T10:18:18","date_gmt":"2023-08-29T09:18:18","guid":{"rendered":"http:\/\/www.sdmodelcartuning.com\/?post_type=product&#038;p=126939"},"modified":"2026-04-03T16:10:23","modified_gmt":"2026-04-03T14:10:23","slug":"112-bbs-lemans-aluvelgenset-16-inch","status":"publish","type":"product","link":"https:\/\/www.sdmodelcartuning.com\/fr\/produit\/112-bbs-lemans-alu-rim-set-16-pouces\/","title":{"rendered":"1:12 BBS Lemans Jeu de jantes en aluminium 16 pouces - SDmodelcartuning.com"},"content":{"rendered":"<p>Jeu de jantes universelles en aluminium BBS LM Lemans \u00e0 l&#039;\u00e9chelle 1\/12, 16 pouces.<\/p>\n<p>Cet ensemble contient :<\/p>\n<p>4x jantes en aluminium,<\/p>\n<p>4x centres de jante en plastique peints en couleur<\/p>\n<p>4x pneus sport.<\/p>\n<p>Diam\u00e8tre des roues avec pneus : 48,5 mm. Largeur : 20 mm.<\/p>\n<p>La couleur du c\u0153ur de la jante peut \u00eatre choisie entre : Argent et Or.<\/p>\n<p>les jantes arri\u00e8re ont un centre de jante de 6 mm de profondeur et l&#039;avant a un centre de jante de 4,5 mm de profondeur (large)<\/p>\n<p>Mat\u00e9riau\u00a0: aluminium v\u00e9ritable, centre de jante en plastique et pneus en caoutchouc.<\/p>\n<p>Il s&#039;agit de jantes en aluminium de notre propre production avec la connexion d&#039;axe central bien connue de 4 mm \u00e0 l&#039;int\u00e9rieur et de 6 mm de diam\u00e8tre ext\u00e9rieur.<\/p>\n<p>Il est recommand\u00e9 de commander les disques\/adaptateurs de frein suivants en diam\u00e8tre 22 mm : <a href=\"https:\/\/www.sdmodelcartuning.com\/fr\/produit\/112-jeu-dadaptateurs-de-disque-de-frein\/\">1\/12 Jeu de disques de frein.<\/a><\/p>","protected":false},"excerpt":{"rendered":"<p>Jeu de jantes universelles en aluminium BBS LM Lemans \u00e0 l&#039;\u00e9chelle 1\/12, 16 pouces. Cet ensemble contient : 4x jantes en aluminium, 4x centres de jante en plastique peint en couleur, 4x pneus sport. Diam\u00e8tre des roues avec pneus : 48,5 mm. Largeur : 20 mm. La couleur du c\u0153ur du bord peut \u00eatre choisie entre : Argent et Or. les jantes arri\u00e8re ont un centre de jante de 6 mm de profondeur et \u00e0 l&#039;avant un centre de jante de 4,5 mm de profondeur (jeu large) Mat\u00e9riau : aluminium v\u00e9ritable, [\u2026]<\/p>","protected":false},"featured_media":126940,"template":"","meta":[],"product_brand":[],"product_cat":[2281,2284],"product_tag":[],"class_list":{"0":"post-126939","1":"product","2":"type-product","3":"status-publish","4":"has-post-thumbnail","6":"product_cat-112-velgensets","7":"product_cat-16-inch","8":"pa_kleurvelghart-goud","9":"pa_kleurvelghart-zilver","10":"pa_velgemblemen-6b-bbsrodetextzilverenachterg","11":"pa_velgemblemen-bbs-text-in-zilver-achtergrond-in-zwart","12":"pa_velgemblemen-bmw-en","13":"pa_velgemblemen-geenemblemen","15":"first","16":"instock","17":"taxable","18":"shipping-taxable","19":"purchasable","20":"product-type-variable","21":"has-default-attributes"},"yoast_head":"<!-- This site is optimized with the Yoast SEO plugin v27.4 - https:\/\/yoast.com\/product\/yoast-seo-wordpress\/ -->\n<title>1:12 BBS Lemans Aluvelgenset 16 inch - SDmodelcartuning.com<\/title>\n<meta name=\"robots\" content=\"index, follow, max-snippet:-1, max-image-preview:large, max-video-preview:-1\" \/>\n<link rel=\"canonical\" href=\"https:\/\/www.sdmodelcartuning.com\/fr\/produit\/112-bbs-lemans-alu-rim-set-16-pouces\/\" \/>\n<meta property=\"og:locale\" content=\"fr_FR\" \/>\n<meta property=\"og:type\" content=\"article\" \/>\n<meta property=\"og:title\" content=\"1:12 BBS Lemans Aluvelgenset 16 inch - SDmodelcartuning.com\" \/>\n<meta property=\"og:description\" content=\"1\/12 Schaal Universele aluminium BBS LM Lemans velgenset 16 inch. Deze set bevat: 4x aluvelgen, 4x in kleur gelakte plastic velgharten 4x sportbanden. Diameter wielen inclusief banden:48.5mm. Breedte: 20mm. Velgenhart kleur kan gekozen worden tussen: Zilver en Goud. achterste velgen hebben een 6mm diep velghart en voor een 4.5mm diep velghart (breedset) Materiaal: Echt aluminium, [&hellip;]\" \/>\n<meta property=\"og:url\" content=\"https:\/\/www.sdmodelcartuning.com\/fr\/produit\/112-bbs-lemans-alu-rim-set-16-pouces\/\" \/>\n<meta property=\"og:site_name\" content=\"SDmodelcartuning.com\" \/>\n<meta property=\"article:modified_time\" content=\"2026-04-03T14:10:23+00:00\" \/>\n<meta property=\"og:image\" content=\"https:\/\/www.sdmodelcartuning.com\/wp-content\/uploads\/2023\/08\/20230827_131540_resized.jpg\" \/>\n\t<meta property=\"og:image:width\" content=\"1156\" \/>\n\t<meta property=\"og:image:height\" content=\"867\" \/>\n\t<meta property=\"og:image:type\" content=\"image\/jpeg\" \/>\n<meta name=\"twitter:card\" content=\"summary_large_image\" \/>\n<meta name=\"twitter:label1\" content=\"Dur\u00e9e de lecture estim\u00e9e\" \/>\n\t<meta name=\"twitter:data1\" content=\"1 minute\" \/>\n<script type=\"application\/ld+json\" class=\"yoast-schema-graph\">{\"@context\":\"https:\\\/\\\/schema.org\",\"@graph\":[{\"@type\":\"WebPage\",\"@id\":\"https:\\\/\\\/www.sdmodelcartuning.com\\\/product\\\/112-bbs-lemans-aluvelgenset-16-inch\\\/\",\"url\":\"https:\\\/\\\/www.sdmodelcartuning.com\\\/product\\\/112-bbs-lemans-aluvelgenset-16-inch\\\/\",\"name\":\"1:12 BBS Lemans Aluvelgenset 16 inch - SDmodelcartuning.com\",\"isPartOf\":{\"@id\":\"https:\\\/\\\/www.sdmodelcartuning.com\\\/#website\"},\"primaryImageOfPage\":{\"@id\":\"https:\\\/\\\/www.sdmodelcartuning.com\\\/product\\\/112-bbs-lemans-aluvelgenset-16-inch\\\/#primaryimage\"},\"image\":{\"@id\":\"https:\\\/\\\/www.sdmodelcartuning.com\\\/product\\\/112-bbs-lemans-aluvelgenset-16-inch\\\/#primaryimage\"},\"thumbnailUrl\":\"https:\\\/\\\/www.sdmodelcartuning.com\\\/wp-content\\\/uploads\\\/2023\\\/08\\\/20230827_131540_resized.jpg\",\"datePublished\":\"2023-08-29T09:18:18+00:00\",\"dateModified\":\"2026-04-03T14:10:23+00:00\",\"breadcrumb\":{\"@id\":\"https:\\\/\\\/www.sdmodelcartuning.com\\\/product\\\/112-bbs-lemans-aluvelgenset-16-inch\\\/#breadcrumb\"},\"inLanguage\":\"fr-FR\",\"potentialAction\":[{\"@type\":\"ReadAction\",\"target\":[\"https:\\\/\\\/www.sdmodelcartuning.com\\\/product\\\/112-bbs-lemans-aluvelgenset-16-inch\\\/\"]}]},{\"@type\":\"ImageObject\",\"inLanguage\":\"fr-FR\",\"@id\":\"https:\\\/\\\/www.sdmodelcartuning.com\\\/product\\\/112-bbs-lemans-aluvelgenset-16-inch\\\/#primaryimage\",\"url\":\"https:\\\/\\\/www.sdmodelcartuning.com\\\/wp-content\\\/uploads\\\/2023\\\/08\\\/20230827_131540_resized.jpg\",\"contentUrl\":\"https:\\\/\\\/www.sdmodelcartuning.com\\\/wp-content\\\/uploads\\\/2023\\\/08\\\/20230827_131540_resized.jpg\",\"width\":1156,\"height\":867},{\"@type\":\"BreadcrumbList\",\"@id\":\"https:\\\/\\\/www.sdmodelcartuning.com\\\/product\\\/112-bbs-lemans-aluvelgenset-16-inch\\\/#breadcrumb\",\"itemListElement\":[{\"@type\":\"ListItem\",\"position\":1,\"name\":\"Home\",\"item\":\"https:\\\/\\\/www.sdmodelcartuning.com\\\/\"},{\"@type\":\"ListItem\",\"position\":2,\"name\":\"Winkel\",\"item\":\"https:\\\/\\\/www.sdmodelcartuning.com\\\/it\\\/winkel\\\/\"},{\"@type\":\"ListItem\",\"position\":3,\"name\":\"1:12 BBS Lemans Aluvelgenset 16 inch\"}]},{\"@type\":\"WebSite\",\"@id\":\"https:\\\/\\\/www.sdmodelcartuning.com\\\/#website\",\"url\":\"https:\\\/\\\/www.sdmodelcartuning.com\\\/\",\"name\":\"SDmodelcartuning.com\",\"description\":\"De miniaturen en toebehoren shop van Nederland\",\"publisher\":{\"@id\":\"https:\\\/\\\/www.sdmodelcartuning.com\\\/#organization\"},\"potentialAction\":[{\"@type\":\"SearchAction\",\"target\":{\"@type\":\"EntryPoint\",\"urlTemplate\":\"https:\\\/\\\/www.sdmodelcartuning.com\\\/?s={search_term_string}\"},\"query-input\":{\"@type\":\"PropertyValueSpecification\",\"valueRequired\":true,\"valueName\":\"search_term_string\"}}],\"inLanguage\":\"fr-FR\"},{\"@type\":\"Organization\",\"@id\":\"https:\\\/\\\/www.sdmodelcartuning.com\\\/#organization\",\"name\":\"SDmodelcartuning.com\",\"url\":\"https:\\\/\\\/www.sdmodelcartuning.com\\\/\",\"logo\":{\"@type\":\"ImageObject\",\"inLanguage\":\"fr-FR\",\"@id\":\"https:\\\/\\\/www.sdmodelcartuning.com\\\/#\\\/schema\\\/logo\\\/image\\\/\",\"url\":\"https:\\\/\\\/www.sdmodelcartuning.com\\\/wp-content\\\/uploads\\\/2020\\\/09\\\/logo-retina.png\",\"contentUrl\":\"https:\\\/\\\/www.sdmodelcartuning.com\\\/wp-content\\\/uploads\\\/2020\\\/09\\\/logo-retina.png\",\"width\":463,\"height\":150,\"caption\":\"SDmodelcartuning.com\"},\"image\":{\"@id\":\"https:\\\/\\\/www.sdmodelcartuning.com\\\/#\\\/schema\\\/logo\\\/image\\\/\"}}]}<\/script>\n<!-- \/ Yoast SEO plugin. -->","yoast_head_json":{"title":"1:12 BBS Lemans Jeu de jantes en aluminium 16 pouces - SDmodelcartuning.com","robots":{"index":"index","follow":"follow","max-snippet":"max-snippet:-1","max-image-preview":"max-image-preview:large","max-video-preview":"max-video-preview:-1"},"canonical":"https:\/\/www.sdmodelcartuning.com\/fr\/produit\/112-bbs-lemans-alu-rim-set-16-pouces\/","og_locale":"fr_FR","og_type":"article","og_title":"1:12 BBS Lemans Aluvelgenset 16 inch - SDmodelcartuning.com","og_description":"1\/12 Schaal Universele aluminium BBS LM Lemans velgenset 16 inch. Deze set bevat: 4x aluvelgen, 4x in kleur gelakte plastic velgharten 4x sportbanden. Diameter wielen inclusief banden:48.5mm. Breedte: 20mm. Velgenhart kleur kan gekozen worden tussen: Zilver en Goud. achterste velgen hebben een 6mm diep velghart en voor een 4.5mm diep velghart (breedset) Materiaal: Echt aluminium, [&hellip;]","og_url":"https:\/\/www.sdmodelcartuning.com\/fr\/produit\/112-bbs-lemans-alu-rim-set-16-pouces\/","og_site_name":"SDmodelcartuning.com","article_modified_time":"2026-04-03T14:10:23+00:00","og_image":[{"width":1156,"height":867,"url":"https:\/\/www.sdmodelcartuning.com\/wp-content\/uploads\/2023\/08\/20230827_131540_resized.jpg","type":"image\/jpeg"}],"twitter_card":"summary_large_image","twitter_misc":{"Dur\u00e9e de lecture estim\u00e9e":"1 minute"},"schema":{"@context":"https:\/\/schema.org","@graph":[{"@type":"WebPage","@id":"https:\/\/www.sdmodelcartuning.com\/product\/112-bbs-lemans-aluvelgenset-16-inch\/","url":"https:\/\/www.sdmodelcartuning.com\/product\/112-bbs-lemans-aluvelgenset-16-inch\/","name":"1:12 BBS Lemans Jeu de jantes en aluminium 16 pouces - SDmodelcartuning.com","isPartOf":{"@id":"https:\/\/www.sdmodelcartuning.com\/#website"},"primaryImageOfPage":{"@id":"https:\/\/www.sdmodelcartuning.com\/product\/112-bbs-lemans-aluvelgenset-16-inch\/#primaryimage"},"image":{"@id":"https:\/\/www.sdmodelcartuning.com\/product\/112-bbs-lemans-aluvelgenset-16-inch\/#primaryimage"},"thumbnailUrl":"https:\/\/www.sdmodelcartuning.com\/wp-content\/uploads\/2023\/08\/20230827_131540_resized.jpg","datePublished":"2023-08-29T09:18:18+00:00","dateModified":"2026-04-03T14:10:23+00:00","breadcrumb":{"@id":"https:\/\/www.sdmodelcartuning.com\/product\/112-bbs-lemans-aluvelgenset-16-inch\/#breadcrumb"},"inLanguage":"fr-FR","potentialAction":[{"@type":"ReadAction","target":["https:\/\/www.sdmodelcartuning.com\/product\/112-bbs-lemans-aluvelgenset-16-inch\/"]}]},{"@type":"ImageObject","inLanguage":"fr-FR","@id":"https:\/\/www.sdmodelcartuning.com\/product\/112-bbs-lemans-aluvelgenset-16-inch\/#primaryimage","url":"https:\/\/www.sdmodelcartuning.com\/wp-content\/uploads\/2023\/08\/20230827_131540_resized.jpg","contentUrl":"https:\/\/www.sdmodelcartuning.com\/wp-content\/uploads\/2023\/08\/20230827_131540_resized.jpg","width":1156,"height":867},{"@type":"BreadcrumbList","@id":"https:\/\/www.sdmodelcartuning.com\/product\/112-bbs-lemans-aluvelgenset-16-inch\/#breadcrumb","itemListElement":[{"@type":"ListItem","position":1,"name":"Home","item":"https:\/\/www.sdmodelcartuning.com\/"},{"@type":"ListItem","position":2,"name":"Winkel","item":"https:\/\/www.sdmodelcartuning.com\/it\/winkel\/"},{"@type":"ListItem","position":3,"name":"1:12 BBS Lemans Aluvelgenset 16 inch"}]},{"@type":"WebSite","@id":"https:\/\/www.sdmodelcartuning.com\/#website","url":"https:\/\/www.sdmodelcartuning.com\/","name":"SDmodelcartuning.com","description":"La boutique de miniatures et d&#039;accessoires des Pays-Bas","publisher":{"@id":"https:\/\/www.sdmodelcartuning.com\/#organization"},"potentialAction":[{"@type":"SearchAction","target":{"@type":"EntryPoint","urlTemplate":"https:\/\/www.sdmodelcartuning.com\/?s={search_term_string}"},"query-input":{"@type":"PropertyValueSpecification","valueRequired":true,"valueName":"search_term_string"}}],"inLanguage":"fr-FR"},{"@type":"Organization","@id":"https:\/\/www.sdmodelcartuning.com\/#organization","name":"SDmodelcartuning.com","url":"https:\/\/www.sdmodelcartuning.com\/","logo":{"@type":"ImageObject","inLanguage":"fr-FR","@id":"https:\/\/www.sdmodelcartuning.com\/#\/schema\/logo\/image\/","url":"https:\/\/www.sdmodelcartuning.com\/wp-content\/uploads\/2020\/09\/logo-retina.png","contentUrl":"https:\/\/www.sdmodelcartuning.com\/wp-content\/uploads\/2020\/09\/logo-retina.png","width":463,"height":150,"caption":"SDmodelcartuning.com"},"image":{"@id":"https:\/\/www.sdmodelcartuning.com\/#\/schema\/logo\/image\/"}}]}},"_links":{"self":[{"href":"https:\/\/www.sdmodelcartuning.com\/fr\/wp-json\/wp\/v2\/product\/126939","targetHints":{"allow":["GET"]}}],"collection":[{"href":"https:\/\/www.sdmodelcartuning.com\/fr\/wp-json\/wp\/v2\/product"}],"about":[{"href":"https:\/\/www.sdmodelcartuning.com\/fr\/wp-json\/wp\/v2\/types\/product"}],"version-history":[{"count":1,"href":"https:\/\/www.sdmodelcartuning.com\/fr\/wp-json\/wp\/v2\/product\/126939\/revisions"}],"predecessor-version":[{"id":163543,"href":"https:\/\/www.sdmodelcartuning.com\/fr\/wp-json\/wp\/v2\/product\/126939\/revisions\/163543"}],"wp:featuredmedia":[{"embeddable":true,"href":"https:\/\/www.sdmodelcartuning.com\/fr\/wp-json\/wp\/v2\/media\/126940"}],"wp:attachment":[{"href":"https:\/\/www.sdmodelcartuning.com\/fr\/wp-json\/wp\/v2\/media?parent=126939"}],"wp:term":[{"taxonomy":"product_brand","embeddable":true,"href":"https:\/\/www.sdmodelcartuning.com\/fr\/wp-json\/wp\/v2\/product_brand?post=126939"},{"taxonomy":"product_cat","embeddable":true,"href":"https:\/\/www.sdmodelcartuning.com\/fr\/wp-json\/wp\/v2\/product_cat?post=126939"},{"taxonomy":"product_tag","embeddable":true,"href":"https:\/\/www.sdmodelcartuning.com\/fr\/wp-json\/wp\/v2\/product_tag?post=126939"}],"curies":[{"name":"wp","href":"https:\/\/api.w.org\/{rel}","templated":true}]}}