{"id":125669,"date":"2023-07-12T13:13:24","date_gmt":"2023-07-12T12:13:24","guid":{"rendered":"http:\/\/www.sdmodelcartuning.com\/?post_type=product&#038;p=125669"},"modified":"2025-11-21T11:15:55","modified_gmt":"2025-11-21T10:15:55","slug":"118-modena-velgenset-15-inch","status":"publish","type":"product","link":"https:\/\/www.sdmodelcartuning.com\/fr\/produit\/118-jeu-de-jantes-modena-15-pouces\/","title":{"rendered":"Jeu de jantes 1:18 Modena 15 pouces"},"content":{"rendered":"<p>1:18 Universal Modena - Jeu de jantes 15 pouces. L&#039;ensemble se compose de :<\/p>\n<p>4x Jantes enti\u00e8rement chrom\u00e9es avec c\u0153ur de jante de couleur argent.<\/p>\n<p>4 x pneus sport<\/p>\n<p>1x emballage d&#039;affichage scell\u00e9<\/p>\n<p>Diam\u00e8tre du jeu de jantes\u00a0: 29\u00a0mm, y compris les pneus, largeur\u00a0: 12\u00a0mm<\/p>\n<p>Il s&#039;agit d&#039;un ensemble large, donc les jantes arri\u00e8re ont un centre de jante de 6 mm de profondeur et les jantes avant ont un centre de jante de 4 mm de profondeur.<\/p>\n<p>Mat\u00e9riau : plastique avec pneus en caoutchouc.<\/p>","protected":false},"excerpt":{"rendered":"<p>1:18 Universal Modena - Ensemble de jantes de 15 pouces. Le set se compose de : 4x Jantes enti\u00e8rement chrom\u00e9es avec c\u0153ur de jante en couleur argent. 4x pneus sport 1x emballage de pr\u00e9sentation scell\u00e9 Diam\u00e8tre du jeu de jantes : 29mm, pneus inclus, largeur : 12mm Il s'agit d'un jeu large, les jantes arri\u00e8re ont donc un centre de jante de 6mm de profondeur et les jantes avant ont un centre de jante de 4mm de profondeur. Mat\u00e9riau : plastique avec caoutchouc [...]<\/p>","protected":false},"featured_media":125677,"template":"","meta":[],"product_brand":[],"product_cat":[1677],"product_tag":[],"class_list":{"0":"post-125669","1":"product","2":"type-product","3":"status-publish","4":"has-post-thumbnail","6":"product_cat-15-inch-1-18-universele-velgen","7":"pa_velgemblemen-bbs-text-in-goud-achtergrond-in-blauw","8":"pa_velgemblemen-bbs-text-in-zilver-achtergrond-in-zwart","9":"pa_velgemblemen-ferrari-logo-in-zwart-achtergrond-in-geel","10":"pa_velgemblemen-geenemblemen","11":"pa_velgemblemen-74-bbstextroodachtergrondinzi","13":"first","14":"instock","15":"featured","16":"taxable","17":"shipping-taxable","18":"purchasable","19":"product-type-variable"},"yoast_head":"<!-- This site is optimized with the Yoast SEO plugin v27.4 - https:\/\/yoast.com\/product\/yoast-seo-wordpress\/ -->\n<title>1:18 Modena velgenset 15 inch - SDmodelcartuning.com<\/title>\n<meta name=\"robots\" content=\"index, follow, max-snippet:-1, max-image-preview:large, max-video-preview:-1\" \/>\n<link rel=\"canonical\" href=\"https:\/\/www.sdmodelcartuning.com\/fr\/produit\/118-jeu-de-jantes-modena-15-pouces\/\" \/>\n<meta property=\"og:locale\" content=\"fr_FR\" \/>\n<meta property=\"og:type\" content=\"article\" \/>\n<meta property=\"og:title\" content=\"1:18 Modena velgenset 15 inch - SDmodelcartuning.com\" \/>\n<meta property=\"og:description\" content=\"1:18 Universele Modena &#8211; 15 inch velgenset. De set bestaat uit: 4x Volledig verchroomde velgen met velgenhart in de kleur Zilver. 4x Sportbanden 1x gesealde display verpakking Diameter velgenset: 29mm inclusief banden, breedte: 12mm Dit betreft een breedset dus achtervelgen hebben een 6mm diep velghart en voorvelgen een 4mm diep velghart. Materiaal: plastic met rubber [&hellip;]\" \/>\n<meta property=\"og:url\" content=\"https:\/\/www.sdmodelcartuning.com\/fr\/produit\/118-jeu-de-jantes-modena-15-pouces\/\" \/>\n<meta property=\"og:site_name\" content=\"SDmodelcartuning.com\" \/>\n<meta property=\"article:modified_time\" content=\"2025-11-21T10:15:55+00:00\" \/>\n<meta property=\"og:image\" content=\"https:\/\/www.sdmodelcartuning.com\/wp-content\/uploads\/2023\/07\/Modena-15-inch-2.jpg\" \/>\n\t<meta property=\"og:image:width\" content=\"1156\" \/>\n\t<meta property=\"og:image:height\" content=\"867\" \/>\n\t<meta property=\"og:image:type\" content=\"image\/jpeg\" \/>\n<meta name=\"twitter:card\" content=\"summary_large_image\" \/>\n<script type=\"application\/ld+json\" class=\"yoast-schema-graph\">{\"@context\":\"https:\\\/\\\/schema.org\",\"@graph\":[{\"@type\":\"WebPage\",\"@id\":\"https:\\\/\\\/www.sdmodelcartuning.com\\\/product\\\/118-modena-velgenset-15-inch\\\/\",\"url\":\"https:\\\/\\\/www.sdmodelcartuning.com\\\/product\\\/118-modena-velgenset-15-inch\\\/\",\"name\":\"1:18 Modena velgenset 15 inch - SDmodelcartuning.com\",\"isPartOf\":{\"@id\":\"https:\\\/\\\/www.sdmodelcartuning.com\\\/#website\"},\"primaryImageOfPage\":{\"@id\":\"https:\\\/\\\/www.sdmodelcartuning.com\\\/product\\\/118-modena-velgenset-15-inch\\\/#primaryimage\"},\"image\":{\"@id\":\"https:\\\/\\\/www.sdmodelcartuning.com\\\/product\\\/118-modena-velgenset-15-inch\\\/#primaryimage\"},\"thumbnailUrl\":\"https:\\\/\\\/www.sdmodelcartuning.com\\\/wp-content\\\/uploads\\\/2023\\\/07\\\/Modena-15-inch-2.jpg\",\"datePublished\":\"2023-07-12T12:13:24+00:00\",\"dateModified\":\"2025-11-21T10:15:55+00:00\",\"breadcrumb\":{\"@id\":\"https:\\\/\\\/www.sdmodelcartuning.com\\\/product\\\/118-modena-velgenset-15-inch\\\/#breadcrumb\"},\"inLanguage\":\"fr-FR\",\"potentialAction\":[{\"@type\":\"ReadAction\",\"target\":[\"https:\\\/\\\/www.sdmodelcartuning.com\\\/product\\\/118-modena-velgenset-15-inch\\\/\"]}]},{\"@type\":\"ImageObject\",\"inLanguage\":\"fr-FR\",\"@id\":\"https:\\\/\\\/www.sdmodelcartuning.com\\\/product\\\/118-modena-velgenset-15-inch\\\/#primaryimage\",\"url\":\"https:\\\/\\\/www.sdmodelcartuning.com\\\/wp-content\\\/uploads\\\/2023\\\/07\\\/Modena-15-inch-2.jpg\",\"contentUrl\":\"https:\\\/\\\/www.sdmodelcartuning.com\\\/wp-content\\\/uploads\\\/2023\\\/07\\\/Modena-15-inch-2.jpg\",\"width\":1156,\"height\":867},{\"@type\":\"BreadcrumbList\",\"@id\":\"https:\\\/\\\/www.sdmodelcartuning.com\\\/product\\\/118-modena-velgenset-15-inch\\\/#breadcrumb\",\"itemListElement\":[{\"@type\":\"ListItem\",\"position\":1,\"name\":\"Home\",\"item\":\"https:\\\/\\\/www.sdmodelcartuning.com\\\/\"},{\"@type\":\"ListItem\",\"position\":2,\"name\":\"Winkel\",\"item\":\"https:\\\/\\\/www.sdmodelcartuning.com\\\/it\\\/winkel\\\/\"},{\"@type\":\"ListItem\",\"position\":3,\"name\":\"1:18 Modena velgenset 15 inch\"}]},{\"@type\":\"WebSite\",\"@id\":\"https:\\\/\\\/www.sdmodelcartuning.com\\\/#website\",\"url\":\"https:\\\/\\\/www.sdmodelcartuning.com\\\/\",\"name\":\"SDmodelcartuning.com\",\"description\":\"De miniaturen en toebehoren shop van Nederland\",\"publisher\":{\"@id\":\"https:\\\/\\\/www.sdmodelcartuning.com\\\/#organization\"},\"potentialAction\":[{\"@type\":\"SearchAction\",\"target\":{\"@type\":\"EntryPoint\",\"urlTemplate\":\"https:\\\/\\\/www.sdmodelcartuning.com\\\/?s={search_term_string}\"},\"query-input\":{\"@type\":\"PropertyValueSpecification\",\"valueRequired\":true,\"valueName\":\"search_term_string\"}}],\"inLanguage\":\"fr-FR\"},{\"@type\":\"Organization\",\"@id\":\"https:\\\/\\\/www.sdmodelcartuning.com\\\/#organization\",\"name\":\"SDmodelcartuning.com\",\"url\":\"https:\\\/\\\/www.sdmodelcartuning.com\\\/\",\"logo\":{\"@type\":\"ImageObject\",\"inLanguage\":\"fr-FR\",\"@id\":\"https:\\\/\\\/www.sdmodelcartuning.com\\\/#\\\/schema\\\/logo\\\/image\\\/\",\"url\":\"https:\\\/\\\/www.sdmodelcartuning.com\\\/wp-content\\\/uploads\\\/2020\\\/09\\\/logo-retina.png\",\"contentUrl\":\"https:\\\/\\\/www.sdmodelcartuning.com\\\/wp-content\\\/uploads\\\/2020\\\/09\\\/logo-retina.png\",\"width\":463,\"height\":150,\"caption\":\"SDmodelcartuning.com\"},\"image\":{\"@id\":\"https:\\\/\\\/www.sdmodelcartuning.com\\\/#\\\/schema\\\/logo\\\/image\\\/\"}}]}<\/script>\n<!-- \/ Yoast SEO plugin. -->","yoast_head_json":{"title":"1:18 Jeu de jantes Modena 15 pouces - SDmodelcartuning.com","robots":{"index":"index","follow":"follow","max-snippet":"max-snippet:-1","max-image-preview":"max-image-preview:large","max-video-preview":"max-video-preview:-1"},"canonical":"https:\/\/www.sdmodelcartuning.com\/fr\/produit\/118-jeu-de-jantes-modena-15-pouces\/","og_locale":"fr_FR","og_type":"article","og_title":"1:18 Modena velgenset 15 inch - SDmodelcartuning.com","og_description":"1:18 Universele Modena &#8211; 15 inch velgenset. De set bestaat uit: 4x Volledig verchroomde velgen met velgenhart in de kleur Zilver. 4x Sportbanden 1x gesealde display verpakking Diameter velgenset: 29mm inclusief banden, breedte: 12mm Dit betreft een breedset dus achtervelgen hebben een 6mm diep velghart en voorvelgen een 4mm diep velghart. Materiaal: plastic met rubber [&hellip;]","og_url":"https:\/\/www.sdmodelcartuning.com\/fr\/produit\/118-jeu-de-jantes-modena-15-pouces\/","og_site_name":"SDmodelcartuning.com","article_modified_time":"2025-11-21T10:15:55+00:00","og_image":[{"width":1156,"height":867,"url":"https:\/\/www.sdmodelcartuning.com\/wp-content\/uploads\/2023\/07\/Modena-15-inch-2.jpg","type":"image\/jpeg"}],"twitter_card":"summary_large_image","schema":{"@context":"https:\/\/schema.org","@graph":[{"@type":"WebPage","@id":"https:\/\/www.sdmodelcartuning.com\/product\/118-modena-velgenset-15-inch\/","url":"https:\/\/www.sdmodelcartuning.com\/product\/118-modena-velgenset-15-inch\/","name":"1:18 Jeu de jantes Modena 15 pouces - SDmodelcartuning.com","isPartOf":{"@id":"https:\/\/www.sdmodelcartuning.com\/#website"},"primaryImageOfPage":{"@id":"https:\/\/www.sdmodelcartuning.com\/product\/118-modena-velgenset-15-inch\/#primaryimage"},"image":{"@id":"https:\/\/www.sdmodelcartuning.com\/product\/118-modena-velgenset-15-inch\/#primaryimage"},"thumbnailUrl":"https:\/\/www.sdmodelcartuning.com\/wp-content\/uploads\/2023\/07\/Modena-15-inch-2.jpg","datePublished":"2023-07-12T12:13:24+00:00","dateModified":"2025-11-21T10:15:55+00:00","breadcrumb":{"@id":"https:\/\/www.sdmodelcartuning.com\/product\/118-modena-velgenset-15-inch\/#breadcrumb"},"inLanguage":"fr-FR","potentialAction":[{"@type":"ReadAction","target":["https:\/\/www.sdmodelcartuning.com\/product\/118-modena-velgenset-15-inch\/"]}]},{"@type":"ImageObject","inLanguage":"fr-FR","@id":"https:\/\/www.sdmodelcartuning.com\/product\/118-modena-velgenset-15-inch\/#primaryimage","url":"https:\/\/www.sdmodelcartuning.com\/wp-content\/uploads\/2023\/07\/Modena-15-inch-2.jpg","contentUrl":"https:\/\/www.sdmodelcartuning.com\/wp-content\/uploads\/2023\/07\/Modena-15-inch-2.jpg","width":1156,"height":867},{"@type":"BreadcrumbList","@id":"https:\/\/www.sdmodelcartuning.com\/product\/118-modena-velgenset-15-inch\/#breadcrumb","itemListElement":[{"@type":"ListItem","position":1,"name":"Home","item":"https:\/\/www.sdmodelcartuning.com\/"},{"@type":"ListItem","position":2,"name":"Winkel","item":"https:\/\/www.sdmodelcartuning.com\/it\/winkel\/"},{"@type":"ListItem","position":3,"name":"1:18 Modena velgenset 15 inch"}]},{"@type":"WebSite","@id":"https:\/\/www.sdmodelcartuning.com\/#website","url":"https:\/\/www.sdmodelcartuning.com\/","name":"SDmodelcartuning.com","description":"La boutique de miniatures et d&#039;accessoires des Pays-Bas","publisher":{"@id":"https:\/\/www.sdmodelcartuning.com\/#organization"},"potentialAction":[{"@type":"SearchAction","target":{"@type":"EntryPoint","urlTemplate":"https:\/\/www.sdmodelcartuning.com\/?s={search_term_string}"},"query-input":{"@type":"PropertyValueSpecification","valueRequired":true,"valueName":"search_term_string"}}],"inLanguage":"fr-FR"},{"@type":"Organization","@id":"https:\/\/www.sdmodelcartuning.com\/#organization","name":"SDmodelcartuning.com","url":"https:\/\/www.sdmodelcartuning.com\/","logo":{"@type":"ImageObject","inLanguage":"fr-FR","@id":"https:\/\/www.sdmodelcartuning.com\/#\/schema\/logo\/image\/","url":"https:\/\/www.sdmodelcartuning.com\/wp-content\/uploads\/2020\/09\/logo-retina.png","contentUrl":"https:\/\/www.sdmodelcartuning.com\/wp-content\/uploads\/2020\/09\/logo-retina.png","width":463,"height":150,"caption":"SDmodelcartuning.com"},"image":{"@id":"https:\/\/www.sdmodelcartuning.com\/#\/schema\/logo\/image\/"}}]}},"_links":{"self":[{"href":"https:\/\/www.sdmodelcartuning.com\/fr\/wp-json\/wp\/v2\/product\/125669","targetHints":{"allow":["GET"]}}],"collection":[{"href":"https:\/\/www.sdmodelcartuning.com\/fr\/wp-json\/wp\/v2\/product"}],"about":[{"href":"https:\/\/www.sdmodelcartuning.com\/fr\/wp-json\/wp\/v2\/types\/product"}],"version-history":[{"count":1,"href":"https:\/\/www.sdmodelcartuning.com\/fr\/wp-json\/wp\/v2\/product\/125669\/revisions"}],"predecessor-version":[{"id":157910,"href":"https:\/\/www.sdmodelcartuning.com\/fr\/wp-json\/wp\/v2\/product\/125669\/revisions\/157910"}],"wp:featuredmedia":[{"embeddable":true,"href":"https:\/\/www.sdmodelcartuning.com\/fr\/wp-json\/wp\/v2\/media\/125677"}],"wp:attachment":[{"href":"https:\/\/www.sdmodelcartuning.com\/fr\/wp-json\/wp\/v2\/media?parent=125669"}],"wp:term":[{"taxonomy":"product_brand","embeddable":true,"href":"https:\/\/www.sdmodelcartuning.com\/fr\/wp-json\/wp\/v2\/product_brand?post=125669"},{"taxonomy":"product_cat","embeddable":true,"href":"https:\/\/www.sdmodelcartuning.com\/fr\/wp-json\/wp\/v2\/product_cat?post=125669"},{"taxonomy":"product_tag","embeddable":true,"href":"https:\/\/www.sdmodelcartuning.com\/fr\/wp-json\/wp\/v2\/product_tag?post=125669"}],"curies":[{"name":"wp","href":"https:\/\/api.w.org\/{rel}","templated":true}]}}