{"id":110035,"date":"2022-06-01T10:38:50","date_gmt":"2022-06-01T09:38:50","guid":{"rendered":"http:\/\/www.sdmodelcartuning.com\/?post_type=product&#038;p=110035"},"modified":"2026-02-27T11:19:49","modified_gmt":"2026-02-27T10:19:49","slug":"118-schaal-parking-diorama-groot-formaat","status":"publish","type":"product","link":"https:\/\/www.sdmodelcartuning.com\/fr\/produit\/diorama-de-stationnement-grand-format-a-lechelle-118\/","title":{"rendered":"Diorama de stationnement \u00e0 l&#039;\u00e9chelle 1:18 - Grand format"},"content":{"rendered":"<p><span title=\"\">Diorama de stationnement \u00e0 l&#039;\u00e9chelle 1\/18 - Il s&#039;agit d&#039;une armoire de diorama enti\u00e8rement \u00e9quip\u00e9e comprenant un \u00e9clairage LED et des fen\u00eatres coulissantes pouvant accueillir quatre mod\u00e8les de voitures.<\/span><\/p>\n<p>Diorama 3D tr\u00e8s r\u00e9aliste.<\/p>\n<p><span title=\"\">Dimensions : 64,5x39x26cm<\/span><\/p>\n<p><span title=\"\">Poids : 6,9 kg.<\/span><\/p>\n<p><span title=\"\">\u00c9dition limit\u00e9e donc disparu = disparu\u00a0<\/span><\/p>\n<p><span title=\"\">Seront livr\u00e9s \u00e0 l&#039;exception des voitures miniatures.<\/span><\/p>\n<p>VEUILLEZ NOTER\u00a0: EN RAISON DE SA GRANDE TAILLE, CE PRODUIT PEUT \u00caTRE LIMIT\u00c9 POUR \u00caTRE EXP\u00c9DI\u00c9 EN COMBINAISON AVEC D&#039;AUTRES PRODUITS. POUR LES COMMANDES IMPORTANTES, DES FRAIS D&#039;EXP\u00c9DITION SUPPL\u00c9MENTAIRES DOIVENT \u00caTRE FACTUR\u00c9S APR\u00c8S LE CALCUL. (Bien s\u00fbr en consultation)<\/p>","protected":false},"excerpt":{"rendered":"<p>1\/18 schaal Parking diorama &#8211; Dit is een compleet ingerichte dioramakast incl. LED verlichting en schuiframen met ruimte voor vier modelauto&#8217;s. Zeer realistisch 3D Diorama. Afmetingen: 64.5x39x26cm Gewicht: 6.9Kg. Beperkte oplage dus op = op\u00a0 Wordt geleverd excl. modelauto&#8217;s. LET OP: DOOR HET GROTE FORMAAT KAN DIT PRODUCT BEPERKT GECOMBINEERD WORDEN VERZONDEN MET ANDERE PRODUCTEN. [&hellip;]<\/p>","protected":false},"featured_media":110124,"template":"","meta":[],"product_brand":[],"product_cat":[1143,1665],"product_tag":[],"class_list":{"0":"post-110035","1":"product","2":"type-product","3":"status-publish","4":"has-post-thumbnail","6":"product_cat-dioramas","7":"product_cat-schaal-1-18-diorama-toebehoren","9":"first","10":"instock","11":"sold-individually","12":"taxable","13":"shipping-taxable","14":"purchasable","15":"product-type-simple"},"yoast_head":"<!-- This site is optimized with the Yoast SEO plugin v26.8 - https:\/\/yoast.com\/product\/yoast-seo-wordpress\/ -->\n<title>1:18 Schaal Parking diorama - Groot formaat - SDmodelcartuning.com<\/title>\n<meta name=\"robots\" content=\"index, follow, max-snippet:-1, max-image-preview:large, max-video-preview:-1\" \/>\n<link rel=\"canonical\" href=\"https:\/\/www.sdmodelcartuning.com\/fr\/produit\/diorama-de-stationnement-grand-format-a-lechelle-118\/\" \/>\n<meta property=\"og:locale\" content=\"fr_FR\" \/>\n<meta property=\"og:type\" content=\"article\" \/>\n<meta property=\"og:title\" content=\"1:18 Schaal Parking diorama - Groot formaat - SDmodelcartuning.com\" \/>\n<meta property=\"og:description\" content=\"1\/18 schaal Parking diorama &#8211; Dit is een compleet ingerichte dioramakast incl. LED verlichting en schuiframen met ruimte voor vier modelauto&#8217;s. Zeer realistisch 3D Diorama. Afmetingen: 64.5x39x26cm Gewicht: 6.9Kg. Beperkte oplage dus op = op\u00a0 Wordt geleverd excl. modelauto&#8217;s. LET OP: DOOR HET GROTE FORMAAT KAN DIT PRODUCT BEPERKT GECOMBINEERD WORDEN VERZONDEN MET ANDERE PRODUCTEN. [&hellip;]\" \/>\n<meta property=\"og:url\" content=\"https:\/\/www.sdmodelcartuning.com\/fr\/produit\/diorama-de-stationnement-grand-format-a-lechelle-118\/\" \/>\n<meta property=\"og:site_name\" content=\"SDmodelcartuning.com\" \/>\n<meta property=\"article:modified_time\" content=\"2026-02-27T10:19:49+00:00\" \/>\n<meta property=\"og:image\" content=\"https:\/\/www.sdmodelcartuning.com\/wp-content\/uploads\/2022\/05\/design2.jpg\" \/>\n\t<meta property=\"og:image:width\" content=\"1894\" \/>\n\t<meta property=\"og:image:height\" content=\"1080\" \/>\n\t<meta property=\"og:image:type\" content=\"image\/jpeg\" \/>\n<meta name=\"twitter:card\" content=\"summary_large_image\" \/>\n<meta name=\"twitter:label1\" content=\"Dur\u00e9e de lecture estim\u00e9e\" \/>\n\t<meta name=\"twitter:data1\" content=\"1 minute\" \/>\n<script type=\"application\/ld+json\" class=\"yoast-schema-graph\">{\"@context\":\"https:\/\/schema.org\",\"@graph\":[{\"@type\":\"WebPage\",\"@id\":\"https:\/\/www.sdmodelcartuning.com\/product\/118-schaal-parking-diorama-groot-formaat\/\",\"url\":\"https:\/\/www.sdmodelcartuning.com\/product\/118-schaal-parking-diorama-groot-formaat\/\",\"name\":\"1:18 Schaal Parking diorama - Groot formaat - SDmodelcartuning.com\",\"isPartOf\":{\"@id\":\"https:\/\/www.sdmodelcartuning.com\/#website\"},\"primaryImageOfPage\":{\"@id\":\"https:\/\/www.sdmodelcartuning.com\/product\/118-schaal-parking-diorama-groot-formaat\/#primaryimage\"},\"image\":{\"@id\":\"https:\/\/www.sdmodelcartuning.com\/product\/118-schaal-parking-diorama-groot-formaat\/#primaryimage\"},\"thumbnailUrl\":\"https:\/\/www.sdmodelcartuning.com\/wp-content\/uploads\/2022\/05\/design2.jpg\",\"datePublished\":\"2022-06-01T09:38:50+00:00\",\"dateModified\":\"2026-02-27T10:19:49+00:00\",\"breadcrumb\":{\"@id\":\"https:\/\/www.sdmodelcartuning.com\/product\/118-schaal-parking-diorama-groot-formaat\/#breadcrumb\"},\"inLanguage\":\"fr-FR\",\"potentialAction\":[{\"@type\":\"ReadAction\",\"target\":[\"https:\/\/www.sdmodelcartuning.com\/product\/118-schaal-parking-diorama-groot-formaat\/\"]}]},{\"@type\":\"ImageObject\",\"inLanguage\":\"fr-FR\",\"@id\":\"https:\/\/www.sdmodelcartuning.com\/product\/118-schaal-parking-diorama-groot-formaat\/#primaryimage\",\"url\":\"https:\/\/www.sdmodelcartuning.com\/wp-content\/uploads\/2022\/05\/design2.jpg\",\"contentUrl\":\"https:\/\/www.sdmodelcartuning.com\/wp-content\/uploads\/2022\/05\/design2.jpg\",\"width\":1894,\"height\":1080},{\"@type\":\"BreadcrumbList\",\"@id\":\"https:\/\/www.sdmodelcartuning.com\/product\/118-schaal-parking-diorama-groot-formaat\/#breadcrumb\",\"itemListElement\":[{\"@type\":\"ListItem\",\"position\":1,\"name\":\"Home\",\"item\":\"https:\/\/www.sdmodelcartuning.com\/\"},{\"@type\":\"ListItem\",\"position\":2,\"name\":\"Winkel\",\"item\":\"https:\/\/www.sdmodelcartuning.com\/it\/winkel\/\"},{\"@type\":\"ListItem\",\"position\":3,\"name\":\"1:18 Schaal Parking diorama &#8211; Groot formaat\"}]},{\"@type\":\"WebSite\",\"@id\":\"https:\/\/www.sdmodelcartuning.com\/#website\",\"url\":\"https:\/\/www.sdmodelcartuning.com\/\",\"name\":\"SDmodelcartuning.com\",\"description\":\"De miniaturen en toebehoren shop van Nederland\",\"publisher\":{\"@id\":\"https:\/\/www.sdmodelcartuning.com\/#organization\"},\"potentialAction\":[{\"@type\":\"SearchAction\",\"target\":{\"@type\":\"EntryPoint\",\"urlTemplate\":\"https:\/\/www.sdmodelcartuning.com\/?s={search_term_string}\"},\"query-input\":{\"@type\":\"PropertyValueSpecification\",\"valueRequired\":true,\"valueName\":\"search_term_string\"}}],\"inLanguage\":\"fr-FR\"},{\"@type\":\"Organization\",\"@id\":\"https:\/\/www.sdmodelcartuning.com\/#organization\",\"name\":\"SDmodelcartuning.com\",\"url\":\"https:\/\/www.sdmodelcartuning.com\/\",\"logo\":{\"@type\":\"ImageObject\",\"inLanguage\":\"fr-FR\",\"@id\":\"https:\/\/www.sdmodelcartuning.com\/#\/schema\/logo\/image\/\",\"url\":\"https:\/\/www.sdmodelcartuning.com\/wp-content\/uploads\/2020\/09\/logo-retina.png\",\"contentUrl\":\"https:\/\/www.sdmodelcartuning.com\/wp-content\/uploads\/2020\/09\/logo-retina.png\",\"width\":463,\"height\":150,\"caption\":\"SDmodelcartuning.com\"},\"image\":{\"@id\":\"https:\/\/www.sdmodelcartuning.com\/#\/schema\/logo\/image\/\"}}]}<\/script>\n<!-- \/ Yoast SEO plugin. -->","yoast_head_json":{"title":"Diorama de stationnement \u00e0 l&#039;\u00e9chelle 1:18 - Grand format - SDmodelcartuning.com","robots":{"index":"index","follow":"follow","max-snippet":"max-snippet:-1","max-image-preview":"max-image-preview:large","max-video-preview":"max-video-preview:-1"},"canonical":"https:\/\/www.sdmodelcartuning.com\/fr\/produit\/diorama-de-stationnement-grand-format-a-lechelle-118\/","og_locale":"fr_FR","og_type":"article","og_title":"1:18 Schaal Parking diorama - Groot formaat - SDmodelcartuning.com","og_description":"1\/18 schaal Parking diorama &#8211; Dit is een compleet ingerichte dioramakast incl. LED verlichting en schuiframen met ruimte voor vier modelauto&#8217;s. Zeer realistisch 3D Diorama. Afmetingen: 64.5x39x26cm Gewicht: 6.9Kg. Beperkte oplage dus op = op\u00a0 Wordt geleverd excl. modelauto&#8217;s. LET OP: DOOR HET GROTE FORMAAT KAN DIT PRODUCT BEPERKT GECOMBINEERD WORDEN VERZONDEN MET ANDERE PRODUCTEN. [&hellip;]","og_url":"https:\/\/www.sdmodelcartuning.com\/fr\/produit\/diorama-de-stationnement-grand-format-a-lechelle-118\/","og_site_name":"SDmodelcartuning.com","article_modified_time":"2026-02-27T10:19:49+00:00","og_image":[{"width":1894,"height":1080,"url":"https:\/\/www.sdmodelcartuning.com\/wp-content\/uploads\/2022\/05\/design2.jpg","type":"image\/jpeg"}],"twitter_card":"summary_large_image","twitter_misc":{"Dur\u00e9e de lecture estim\u00e9e":"1 minute"},"schema":{"@context":"https:\/\/schema.org","@graph":[{"@type":"WebPage","@id":"https:\/\/www.sdmodelcartuning.com\/product\/118-schaal-parking-diorama-groot-formaat\/","url":"https:\/\/www.sdmodelcartuning.com\/product\/118-schaal-parking-diorama-groot-formaat\/","name":"Diorama de stationnement \u00e0 l&#039;\u00e9chelle 1:18 - Grand format - SDmodelcartuning.com","isPartOf":{"@id":"https:\/\/www.sdmodelcartuning.com\/#website"},"primaryImageOfPage":{"@id":"https:\/\/www.sdmodelcartuning.com\/product\/118-schaal-parking-diorama-groot-formaat\/#primaryimage"},"image":{"@id":"https:\/\/www.sdmodelcartuning.com\/product\/118-schaal-parking-diorama-groot-formaat\/#primaryimage"},"thumbnailUrl":"https:\/\/www.sdmodelcartuning.com\/wp-content\/uploads\/2022\/05\/design2.jpg","datePublished":"2022-06-01T09:38:50+00:00","dateModified":"2026-02-27T10:19:49+00:00","breadcrumb":{"@id":"https:\/\/www.sdmodelcartuning.com\/product\/118-schaal-parking-diorama-groot-formaat\/#breadcrumb"},"inLanguage":"fr-FR","potentialAction":[{"@type":"ReadAction","target":["https:\/\/www.sdmodelcartuning.com\/product\/118-schaal-parking-diorama-groot-formaat\/"]}]},{"@type":"ImageObject","inLanguage":"fr-FR","@id":"https:\/\/www.sdmodelcartuning.com\/product\/118-schaal-parking-diorama-groot-formaat\/#primaryimage","url":"https:\/\/www.sdmodelcartuning.com\/wp-content\/uploads\/2022\/05\/design2.jpg","contentUrl":"https:\/\/www.sdmodelcartuning.com\/wp-content\/uploads\/2022\/05\/design2.jpg","width":1894,"height":1080},{"@type":"BreadcrumbList","@id":"https:\/\/www.sdmodelcartuning.com\/product\/118-schaal-parking-diorama-groot-formaat\/#breadcrumb","itemListElement":[{"@type":"ListItem","position":1,"name":"Home","item":"https:\/\/www.sdmodelcartuning.com\/"},{"@type":"ListItem","position":2,"name":"Winkel","item":"https:\/\/www.sdmodelcartuning.com\/it\/winkel\/"},{"@type":"ListItem","position":3,"name":"1:18 Schaal Parking diorama &#8211; Groot formaat"}]},{"@type":"WebSite","@id":"https:\/\/www.sdmodelcartuning.com\/#website","url":"https:\/\/www.sdmodelcartuning.com\/","name":"SDmodelcartuning.com","description":"La boutique de miniatures et d&#039;accessoires des Pays-Bas","publisher":{"@id":"https:\/\/www.sdmodelcartuning.com\/#organization"},"potentialAction":[{"@type":"SearchAction","target":{"@type":"EntryPoint","urlTemplate":"https:\/\/www.sdmodelcartuning.com\/?s={search_term_string}"},"query-input":{"@type":"PropertyValueSpecification","valueRequired":true,"valueName":"search_term_string"}}],"inLanguage":"fr-FR"},{"@type":"Organization","@id":"https:\/\/www.sdmodelcartuning.com\/#organization","name":"SDmodelcartuning.com","url":"https:\/\/www.sdmodelcartuning.com\/","logo":{"@type":"ImageObject","inLanguage":"fr-FR","@id":"https:\/\/www.sdmodelcartuning.com\/#\/schema\/logo\/image\/","url":"https:\/\/www.sdmodelcartuning.com\/wp-content\/uploads\/2020\/09\/logo-retina.png","contentUrl":"https:\/\/www.sdmodelcartuning.com\/wp-content\/uploads\/2020\/09\/logo-retina.png","width":463,"height":150,"caption":"SDmodelcartuning.com"},"image":{"@id":"https:\/\/www.sdmodelcartuning.com\/#\/schema\/logo\/image\/"}}]}},"_links":{"self":[{"href":"https:\/\/www.sdmodelcartuning.com\/fr\/wp-json\/wp\/v2\/product\/110035","targetHints":{"allow":["GET"]}}],"collection":[{"href":"https:\/\/www.sdmodelcartuning.com\/fr\/wp-json\/wp\/v2\/product"}],"about":[{"href":"https:\/\/www.sdmodelcartuning.com\/fr\/wp-json\/wp\/v2\/types\/product"}],"version-history":[{"count":2,"href":"https:\/\/www.sdmodelcartuning.com\/fr\/wp-json\/wp\/v2\/product\/110035\/revisions"}],"predecessor-version":[{"id":153779,"href":"https:\/\/www.sdmodelcartuning.com\/fr\/wp-json\/wp\/v2\/product\/110035\/revisions\/153779"}],"wp:featuredmedia":[{"embeddable":true,"href":"https:\/\/www.sdmodelcartuning.com\/fr\/wp-json\/wp\/v2\/media\/110124"}],"wp:attachment":[{"href":"https:\/\/www.sdmodelcartuning.com\/fr\/wp-json\/wp\/v2\/media?parent=110035"}],"wp:term":[{"taxonomy":"product_brand","embeddable":true,"href":"https:\/\/www.sdmodelcartuning.com\/fr\/wp-json\/wp\/v2\/product_brand?post=110035"},{"taxonomy":"product_cat","embeddable":true,"href":"https:\/\/www.sdmodelcartuning.com\/fr\/wp-json\/wp\/v2\/product_cat?post=110035"},{"taxonomy":"product_tag","embeddable":true,"href":"https:\/\/www.sdmodelcartuning.com\/fr\/wp-json\/wp\/v2\/product_tag?post=110035"}],"curies":[{"name":"wp","href":"https:\/\/api.w.org\/{rel}","templated":true}]}}