{"id":100692,"date":"2021-09-07T10:46:02","date_gmt":"2021-09-07T09:46:02","guid":{"rendered":"http:\/\/www.sdmodelcartuning.com\/?post_type=product&#038;p=100692"},"modified":"2025-11-21T11:15:52","modified_gmt":"2025-11-21T10:15:52","slug":"118-vossen-concave-alu-velgenset-19-inch-sd","status":"publish","type":"product","link":"https:\/\/www.sdmodelcartuning.com\/fr\/produit\/118-vossen-concave-alu-rim-set-19-inch-sd\/","title":{"rendered":"1:18 Jeu de jantes alu Vossen Concave 19 pouces SD"},"content":{"rendered":"<p>1\/18 \u00c9chelle universelle VOSSEN CONCAVE design aluvelgenset 19 pouces (diam\u00e8tre : 34 mm) et 14 mm de large. Cet ensemble contient : 4x jantes en aluminium, 4x centres de jante en couleur et 4x pneus sport<\/p>\n<p>les jantes arri\u00e8re ont un centre de jante de 6,5 mm de profondeur et l&#039;avant a un centre de jante de 4 mm de profondeur (large)<\/p>\n<p>Mat\u00e9riau\u00a0: aluminium v\u00e9ritable, centre de jante en plastique et pneus en caoutchouc.<\/p>\n<p>Il s&#039;agit de jantes en aluminium de notre propre production avec la connexion d&#039;axe central bien connue de 4 mm \u00e0 l&#039;int\u00e9rieur et de 6 mm de diam\u00e8tre ext\u00e9rieur. Il est recommand\u00e9 de commander les disques de frein\/adaptateurs suivants\u00a0: <a href=\"http:\/\/www.sdmodelcartuning.com\/fr\/product\/1-18-universele-remschijven-set\/\">Jeu de disques de frein SD.<\/a><\/p>","protected":false},"excerpt":{"rendered":"<p>Jeu de jantes alu universelles VOSSEN CONCAVE \u00e0 l'\u00e9chelle 1\/18, 19 pouces (diam\u00e8tre : 34 mm) et 14 mm de large. Ce set contient : 4x jantes alu, 4x centres de jante en couleur et 4x pneus sport. Les jantes arri\u00e8re ont un centre de jante de 6,5mm de profondeur et \u00e0 l'avant un centre de jante de 4mm de profondeur (set large) Mat\u00e9riau : aluminium v\u00e9ritable, centre de jante en plastique et pneus en caoutchouc. Il s'agit de jantes en aluminium de notre propre production avec le c\u00e9l\u00e8bre [...]<\/p>","protected":false},"featured_media":100731,"template":"","meta":[],"product_brand":[],"product_cat":[1701],"product_tag":[],"class_list":{"0":"post-100692","1":"product","2":"type-product","3":"status-publish","4":"has-post-thumbnail","6":"product_cat-19-inch-1-18-universele-velgen","7":"pa_kleurvelghart-glanszwart","8":"pa_kleurvelghart-gunmetal","9":"pa_kleurvelghart-zilver","10":"pa_velgemblemen-74-bbstextroodachtergrondinzi","11":"pa_velgemblemen-bbstextzilverachtergrondzwart","12":"pa_velgemblemen-bmw","13":"pa_velgemblemen-geenemblemen","14":"pa_velgemblemen-porsche","15":"pa_velgemblemen-vw","17":"first","18":"instock","19":"taxable","20":"shipping-taxable","21":"purchasable","22":"product-type-variable"},"yoast_head":"<!-- This site is optimized with the Yoast SEO plugin v27.4 - https:\/\/yoast.com\/product\/yoast-seo-wordpress\/ -->\n<title>1:18 Vossen Concave alu velgenset 19 inch SD - SDmodelcartuning.com<\/title>\n<meta name=\"robots\" content=\"index, follow, max-snippet:-1, max-image-preview:large, max-video-preview:-1\" \/>\n<link rel=\"canonical\" href=\"https:\/\/www.sdmodelcartuning.com\/fr\/produit\/118-vossen-concave-alu-rim-set-19-inch-sd\/\" \/>\n<meta property=\"og:locale\" content=\"fr_FR\" \/>\n<meta property=\"og:type\" content=\"article\" \/>\n<meta property=\"og:title\" content=\"1:18 Vossen Concave alu velgenset 19 inch SD - SDmodelcartuning.com\" \/>\n<meta property=\"og:description\" content=\"1\/18 Schaal universele VOSSEN CONCAVE design aluvelgenset 19Inch (diameter:34mm) en 14mm breed. Deze set bevat: 4x aluvelgen, 4x velgharten in kleur en 4x sportbanden achterste velgen hebben een 6.5mm diep velghart en voor een 4mm diep velghart (breedset) Materiaal: Echt aluminium, plastic velgenhart en rubber banden. Dit betreffen onze eigen productie aluvelgen met de welbekende [&hellip;]\" \/>\n<meta property=\"og:url\" content=\"https:\/\/www.sdmodelcartuning.com\/fr\/produit\/118-vossen-concave-alu-rim-set-19-inch-sd\/\" \/>\n<meta property=\"og:site_name\" content=\"SDmodelcartuning.com\" \/>\n<meta property=\"article:modified_time\" content=\"2025-11-21T10:15:52+00:00\" \/>\n<meta property=\"og:image\" content=\"https:\/\/www.sdmodelcartuning.com\/wp-content\/uploads\/2021\/09\/967965279_20210815_150553_4191208_resized.jpg\" \/>\n\t<meta property=\"og:image:width\" content=\"1152\" \/>\n\t<meta property=\"og:image:height\" content=\"864\" \/>\n\t<meta property=\"og:image:type\" content=\"image\/jpeg\" \/>\n<meta name=\"twitter:card\" content=\"summary_large_image\" \/>\n<meta name=\"twitter:label1\" content=\"Dur\u00e9e de lecture estim\u00e9e\" \/>\n\t<meta name=\"twitter:data1\" content=\"1 minute\" \/>\n<script type=\"application\/ld+json\" class=\"yoast-schema-graph\">{\"@context\":\"https:\\\/\\\/schema.org\",\"@graph\":[{\"@type\":\"WebPage\",\"@id\":\"https:\\\/\\\/www.sdmodelcartuning.com\\\/product\\\/118-vossen-concave-alu-velgenset-19-inch-sd\\\/\",\"url\":\"https:\\\/\\\/www.sdmodelcartuning.com\\\/product\\\/118-vossen-concave-alu-velgenset-19-inch-sd\\\/\",\"name\":\"1:18 Vossen Concave alu velgenset 19 inch SD - SDmodelcartuning.com\",\"isPartOf\":{\"@id\":\"https:\\\/\\\/www.sdmodelcartuning.com\\\/#website\"},\"primaryImageOfPage\":{\"@id\":\"https:\\\/\\\/www.sdmodelcartuning.com\\\/product\\\/118-vossen-concave-alu-velgenset-19-inch-sd\\\/#primaryimage\"},\"image\":{\"@id\":\"https:\\\/\\\/www.sdmodelcartuning.com\\\/product\\\/118-vossen-concave-alu-velgenset-19-inch-sd\\\/#primaryimage\"},\"thumbnailUrl\":\"https:\\\/\\\/www.sdmodelcartuning.com\\\/wp-content\\\/uploads\\\/2021\\\/09\\\/967965279_20210815_150553_4191208_resized.jpg\",\"datePublished\":\"2021-09-07T09:46:02+00:00\",\"dateModified\":\"2025-11-21T10:15:52+00:00\",\"breadcrumb\":{\"@id\":\"https:\\\/\\\/www.sdmodelcartuning.com\\\/product\\\/118-vossen-concave-alu-velgenset-19-inch-sd\\\/#breadcrumb\"},\"inLanguage\":\"fr-FR\",\"potentialAction\":[{\"@type\":\"ReadAction\",\"target\":[\"https:\\\/\\\/www.sdmodelcartuning.com\\\/product\\\/118-vossen-concave-alu-velgenset-19-inch-sd\\\/\"]}]},{\"@type\":\"ImageObject\",\"inLanguage\":\"fr-FR\",\"@id\":\"https:\\\/\\\/www.sdmodelcartuning.com\\\/product\\\/118-vossen-concave-alu-velgenset-19-inch-sd\\\/#primaryimage\",\"url\":\"https:\\\/\\\/www.sdmodelcartuning.com\\\/wp-content\\\/uploads\\\/2021\\\/09\\\/967965279_20210815_150553_4191208_resized.jpg\",\"contentUrl\":\"https:\\\/\\\/www.sdmodelcartuning.com\\\/wp-content\\\/uploads\\\/2021\\\/09\\\/967965279_20210815_150553_4191208_resized.jpg\",\"width\":1152,\"height\":864},{\"@type\":\"BreadcrumbList\",\"@id\":\"https:\\\/\\\/www.sdmodelcartuning.com\\\/product\\\/118-vossen-concave-alu-velgenset-19-inch-sd\\\/#breadcrumb\",\"itemListElement\":[{\"@type\":\"ListItem\",\"position\":1,\"name\":\"Home\",\"item\":\"https:\\\/\\\/www.sdmodelcartuning.com\\\/\"},{\"@type\":\"ListItem\",\"position\":2,\"name\":\"Winkel\",\"item\":\"https:\\\/\\\/www.sdmodelcartuning.com\\\/it\\\/winkel\\\/\"},{\"@type\":\"ListItem\",\"position\":3,\"name\":\"1:18 Vossen Concave alu velgenset 19 inch SD\"}]},{\"@type\":\"WebSite\",\"@id\":\"https:\\\/\\\/www.sdmodelcartuning.com\\\/#website\",\"url\":\"https:\\\/\\\/www.sdmodelcartuning.com\\\/\",\"name\":\"SDmodelcartuning.com\",\"description\":\"De miniaturen en toebehoren shop van Nederland\",\"publisher\":{\"@id\":\"https:\\\/\\\/www.sdmodelcartuning.com\\\/#organization\"},\"potentialAction\":[{\"@type\":\"SearchAction\",\"target\":{\"@type\":\"EntryPoint\",\"urlTemplate\":\"https:\\\/\\\/www.sdmodelcartuning.com\\\/?s={search_term_string}\"},\"query-input\":{\"@type\":\"PropertyValueSpecification\",\"valueRequired\":true,\"valueName\":\"search_term_string\"}}],\"inLanguage\":\"fr-FR\"},{\"@type\":\"Organization\",\"@id\":\"https:\\\/\\\/www.sdmodelcartuning.com\\\/#organization\",\"name\":\"SDmodelcartuning.com\",\"url\":\"https:\\\/\\\/www.sdmodelcartuning.com\\\/\",\"logo\":{\"@type\":\"ImageObject\",\"inLanguage\":\"fr-FR\",\"@id\":\"https:\\\/\\\/www.sdmodelcartuning.com\\\/#\\\/schema\\\/logo\\\/image\\\/\",\"url\":\"https:\\\/\\\/www.sdmodelcartuning.com\\\/wp-content\\\/uploads\\\/2020\\\/09\\\/logo-retina.png\",\"contentUrl\":\"https:\\\/\\\/www.sdmodelcartuning.com\\\/wp-content\\\/uploads\\\/2020\\\/09\\\/logo-retina.png\",\"width\":463,\"height\":150,\"caption\":\"SDmodelcartuning.com\"},\"image\":{\"@id\":\"https:\\\/\\\/www.sdmodelcartuning.com\\\/#\\\/schema\\\/logo\\\/image\\\/\"}}]}<\/script>\n<!-- \/ Yoast SEO plugin. -->","yoast_head_json":{"title":"1:18 Ensemble de jantes en aluminium Vossen Concave 19 pouces SD - SDmodelcartuning.com","robots":{"index":"index","follow":"follow","max-snippet":"max-snippet:-1","max-image-preview":"max-image-preview:large","max-video-preview":"max-video-preview:-1"},"canonical":"https:\/\/www.sdmodelcartuning.com\/fr\/produit\/118-vossen-concave-alu-rim-set-19-inch-sd\/","og_locale":"fr_FR","og_type":"article","og_title":"1:18 Vossen Concave alu velgenset 19 inch SD - SDmodelcartuning.com","og_description":"1\/18 Schaal universele VOSSEN CONCAVE design aluvelgenset 19Inch (diameter:34mm) en 14mm breed. Deze set bevat: 4x aluvelgen, 4x velgharten in kleur en 4x sportbanden achterste velgen hebben een 6.5mm diep velghart en voor een 4mm diep velghart (breedset) Materiaal: Echt aluminium, plastic velgenhart en rubber banden. Dit betreffen onze eigen productie aluvelgen met de welbekende [&hellip;]","og_url":"https:\/\/www.sdmodelcartuning.com\/fr\/produit\/118-vossen-concave-alu-rim-set-19-inch-sd\/","og_site_name":"SDmodelcartuning.com","article_modified_time":"2025-11-21T10:15:52+00:00","og_image":[{"width":1152,"height":864,"url":"https:\/\/www.sdmodelcartuning.com\/wp-content\/uploads\/2021\/09\/967965279_20210815_150553_4191208_resized.jpg","type":"image\/jpeg"}],"twitter_card":"summary_large_image","twitter_misc":{"Dur\u00e9e de lecture estim\u00e9e":"1 minute"},"schema":{"@context":"https:\/\/schema.org","@graph":[{"@type":"WebPage","@id":"https:\/\/www.sdmodelcartuning.com\/product\/118-vossen-concave-alu-velgenset-19-inch-sd\/","url":"https:\/\/www.sdmodelcartuning.com\/product\/118-vossen-concave-alu-velgenset-19-inch-sd\/","name":"1:18 Ensemble de jantes en aluminium Vossen Concave 19 pouces SD - SDmodelcartuning.com","isPartOf":{"@id":"https:\/\/www.sdmodelcartuning.com\/#website"},"primaryImageOfPage":{"@id":"https:\/\/www.sdmodelcartuning.com\/product\/118-vossen-concave-alu-velgenset-19-inch-sd\/#primaryimage"},"image":{"@id":"https:\/\/www.sdmodelcartuning.com\/product\/118-vossen-concave-alu-velgenset-19-inch-sd\/#primaryimage"},"thumbnailUrl":"https:\/\/www.sdmodelcartuning.com\/wp-content\/uploads\/2021\/09\/967965279_20210815_150553_4191208_resized.jpg","datePublished":"2021-09-07T09:46:02+00:00","dateModified":"2025-11-21T10:15:52+00:00","breadcrumb":{"@id":"https:\/\/www.sdmodelcartuning.com\/product\/118-vossen-concave-alu-velgenset-19-inch-sd\/#breadcrumb"},"inLanguage":"fr-FR","potentialAction":[{"@type":"ReadAction","target":["https:\/\/www.sdmodelcartuning.com\/product\/118-vossen-concave-alu-velgenset-19-inch-sd\/"]}]},{"@type":"ImageObject","inLanguage":"fr-FR","@id":"https:\/\/www.sdmodelcartuning.com\/product\/118-vossen-concave-alu-velgenset-19-inch-sd\/#primaryimage","url":"https:\/\/www.sdmodelcartuning.com\/wp-content\/uploads\/2021\/09\/967965279_20210815_150553_4191208_resized.jpg","contentUrl":"https:\/\/www.sdmodelcartuning.com\/wp-content\/uploads\/2021\/09\/967965279_20210815_150553_4191208_resized.jpg","width":1152,"height":864},{"@type":"BreadcrumbList","@id":"https:\/\/www.sdmodelcartuning.com\/product\/118-vossen-concave-alu-velgenset-19-inch-sd\/#breadcrumb","itemListElement":[{"@type":"ListItem","position":1,"name":"Home","item":"https:\/\/www.sdmodelcartuning.com\/"},{"@type":"ListItem","position":2,"name":"Winkel","item":"https:\/\/www.sdmodelcartuning.com\/it\/winkel\/"},{"@type":"ListItem","position":3,"name":"1:18 Vossen Concave alu velgenset 19 inch SD"}]},{"@type":"WebSite","@id":"https:\/\/www.sdmodelcartuning.com\/#website","url":"https:\/\/www.sdmodelcartuning.com\/","name":"SDmodelcartuning.com","description":"La boutique de miniatures et d&#039;accessoires des Pays-Bas","publisher":{"@id":"https:\/\/www.sdmodelcartuning.com\/#organization"},"potentialAction":[{"@type":"SearchAction","target":{"@type":"EntryPoint","urlTemplate":"https:\/\/www.sdmodelcartuning.com\/?s={search_term_string}"},"query-input":{"@type":"PropertyValueSpecification","valueRequired":true,"valueName":"search_term_string"}}],"inLanguage":"fr-FR"},{"@type":"Organization","@id":"https:\/\/www.sdmodelcartuning.com\/#organization","name":"SDmodelcartuning.com","url":"https:\/\/www.sdmodelcartuning.com\/","logo":{"@type":"ImageObject","inLanguage":"fr-FR","@id":"https:\/\/www.sdmodelcartuning.com\/#\/schema\/logo\/image\/","url":"https:\/\/www.sdmodelcartuning.com\/wp-content\/uploads\/2020\/09\/logo-retina.png","contentUrl":"https:\/\/www.sdmodelcartuning.com\/wp-content\/uploads\/2020\/09\/logo-retina.png","width":463,"height":150,"caption":"SDmodelcartuning.com"},"image":{"@id":"https:\/\/www.sdmodelcartuning.com\/#\/schema\/logo\/image\/"}}]}},"_links":{"self":[{"href":"https:\/\/www.sdmodelcartuning.com\/fr\/wp-json\/wp\/v2\/product\/100692","targetHints":{"allow":["GET"]}}],"collection":[{"href":"https:\/\/www.sdmodelcartuning.com\/fr\/wp-json\/wp\/v2\/product"}],"about":[{"href":"https:\/\/www.sdmodelcartuning.com\/fr\/wp-json\/wp\/v2\/types\/product"}],"version-history":[{"count":1,"href":"https:\/\/www.sdmodelcartuning.com\/fr\/wp-json\/wp\/v2\/product\/100692\/revisions"}],"predecessor-version":[{"id":148505,"href":"https:\/\/www.sdmodelcartuning.com\/fr\/wp-json\/wp\/v2\/product\/100692\/revisions\/148505"}],"wp:featuredmedia":[{"embeddable":true,"href":"https:\/\/www.sdmodelcartuning.com\/fr\/wp-json\/wp\/v2\/media\/100731"}],"wp:attachment":[{"href":"https:\/\/www.sdmodelcartuning.com\/fr\/wp-json\/wp\/v2\/media?parent=100692"}],"wp:term":[{"taxonomy":"product_brand","embeddable":true,"href":"https:\/\/www.sdmodelcartuning.com\/fr\/wp-json\/wp\/v2\/product_brand?post=100692"},{"taxonomy":"product_cat","embeddable":true,"href":"https:\/\/www.sdmodelcartuning.com\/fr\/wp-json\/wp\/v2\/product_cat?post=100692"},{"taxonomy":"product_tag","embeddable":true,"href":"https:\/\/www.sdmodelcartuning.com\/fr\/wp-json\/wp\/v2\/product_tag?post=100692"}],"curies":[{"name":"wp","href":"https:\/\/api.w.org\/{rel}","templated":true}]}}