{"id":100375,"date":"2021-09-07T09:38:59","date_gmt":"2021-09-07T08:38:59","guid":{"rendered":"http:\/\/www.sdmodelcartuning.com\/?post_type=product&#038;p=100375"},"modified":"2026-03-04T10:22:32","modified_gmt":"2026-03-04T09:22:32","slug":"118-bbs-rs-gt-alu-velgenset-18inch-sd","status":"publish","type":"product","link":"https:\/\/www.sdmodelcartuning.com\/fr\/produit\/118-bbs-rs-gt-alu-jeu-de-jantes-18-pouces-sd\/","title":{"rendered":"Jeu de jantes en aluminium 1:18 BBS RS-GT 18 pouces"},"content":{"rendered":"<p>Ensemble de jantes universelles en aluminium de conception BBS RS-GT \u00e0 l&#039;\u00e9chelle 1\/18 18 pouces (diam\u00e8tre: 32 mm) et 14 mm de large. Cet ensemble contient : 4x jantes en aluminium, 4x centres de jante en couleur et 4x pneus sport<\/p>\n<p>les jantes arri\u00e8re ont un centre de jante de 6,5 mm de profondeur et l&#039;avant a un centre de jante de 4 mm de profondeur (large)<\/p>\n<p>Mat\u00e9riau\u00a0: aluminium v\u00e9ritable, centre de jante en plastique et pneus en caoutchouc.<\/p>\n<p>Il s&#039;agit de jantes en aluminium de notre propre production avec la connexion d&#039;axe central bien connue de 4 mm \u00e0 l&#039;int\u00e9rieur et de 6 mm de diam\u00e8tre ext\u00e9rieur. Il est recommand\u00e9 de commander les disques de frein\/adaptateurs suivants\u00a0: <a href=\"http:\/\/www.sdmodelcartuning.com\/fr\/product\/1-18-universele-remschijven-set\/\">Jeu de disques de frein SD.<\/a><\/p>","protected":false},"excerpt":{"rendered":"<p>Jeu de jantes en aluminium de conception universelle BBS RS-GT \u00e0 l&#039;\u00e9chelle 1\/18, 18 pouces (diam\u00e8tre\u00a0: 32 mm) et 14 mm de large. Ce set contient\u00a0: 4x jantes en aluminium, 4x centres de jante en couleur et 4x pneus sport. Les jantes arri\u00e8re ont un centre de jante de 6,5 mm de profondeur et un centre de jante de 4 mm de profondeur \u00e0 l&#039;avant (jeu large). Mat\u00e9riau : aluminium v\u00e9ritable, centre de jante en plastique et pneus en caoutchouc. Il s&#039;agit de notre propre production de jantes en aluminium avec le c\u00e9l\u00e8bre [...]<\/p>","protected":false},"featured_media":100632,"template":"","meta":[],"product_brand":[],"product_cat":[1692],"product_tag":[],"class_list":{"0":"post-100375","1":"product","2":"type-product","3":"status-publish","4":"has-post-thumbnail","6":"product_cat-18-inch-1-18-universele-velgen","7":"pa_kleurvelghart-zilver","8":"pa_kleurvelghart-glanszwart","9":"pa_kleurvelghart-goud","10":"pa_velgemblemen-geenemblemen","11":"pa_velgemblemen-bmw","12":"pa_velgemblemen-r_design","13":"pa_velgemblemen-porsche","14":"pa_velgemblemen-bbstextzilverachtergrondzwart","15":"pa_velgemblemen-74-bbstextroodachtergrondinzi","17":"first","18":"instock","19":"taxable","20":"shipping-taxable","21":"purchasable","22":"product-type-variable","23":"has-default-attributes"},"yoast_head":"<!-- This site is optimized with the Yoast SEO plugin v26.8 - https:\/\/yoast.com\/product\/yoast-seo-wordpress\/ -->\n<title>1:18 BBS RS-GT alu velgenset 18inch - SDmodelcartuning.com<\/title>\n<meta name=\"robots\" content=\"index, follow, max-snippet:-1, max-image-preview:large, max-video-preview:-1\" \/>\n<link rel=\"canonical\" href=\"https:\/\/www.sdmodelcartuning.com\/fr\/produit\/118-bbs-rs-gt-alu-jeu-de-jantes-18-pouces-sd\/\" \/>\n<meta property=\"og:locale\" content=\"fr_FR\" \/>\n<meta property=\"og:type\" content=\"article\" \/>\n<meta property=\"og:title\" content=\"1:18 BBS RS-GT alu velgenset 18inch - SDmodelcartuning.com\" \/>\n<meta property=\"og:description\" content=\"1\/18 Schaal universele BBS RS-GT design aluvelgenset 18Inch (diameter:32mm) en 14mm breed. Deze set bevat: 4x aluvelgen, 4x velgharten in kleur en 4x sportbanden achterste velgen hebben een 6.5mm diep velghart en voor een 4mm diep velghart (breedset) Materiaal: Echt aluminium, plastic velgenhart en rubber banden. Dit betreffen onze eigen productie aluvelgen met de welbekende [&hellip;]\" \/>\n<meta property=\"og:url\" content=\"https:\/\/www.sdmodelcartuning.com\/fr\/produit\/118-bbs-rs-gt-alu-jeu-de-jantes-18-pouces-sd\/\" \/>\n<meta property=\"og:site_name\" content=\"SDmodelcartuning.com\" \/>\n<meta property=\"article:modified_time\" content=\"2026-03-04T09:22:32+00:00\" \/>\n<meta property=\"og:image\" content=\"https:\/\/www.sdmodelcartuning.com\/wp-content\/uploads\/2021\/09\/772128606_20210818_112944_3905571_resized.jpg\" \/>\n\t<meta property=\"og:image:width\" content=\"1152\" \/>\n\t<meta property=\"og:image:height\" content=\"864\" \/>\n\t<meta property=\"og:image:type\" content=\"image\/jpeg\" \/>\n<meta name=\"twitter:card\" content=\"summary_large_image\" \/>\n<meta name=\"twitter:label1\" content=\"Dur\u00e9e de lecture estim\u00e9e\" \/>\n\t<meta name=\"twitter:data1\" content=\"1 minute\" \/>\n<script type=\"application\/ld+json\" class=\"yoast-schema-graph\">{\"@context\":\"https:\/\/schema.org\",\"@graph\":[{\"@type\":\"WebPage\",\"@id\":\"https:\/\/www.sdmodelcartuning.com\/product\/118-bbs-rs-gt-alu-velgenset-18inch-sd\/\",\"url\":\"https:\/\/www.sdmodelcartuning.com\/product\/118-bbs-rs-gt-alu-velgenset-18inch-sd\/\",\"name\":\"1:18 BBS RS-GT alu velgenset 18inch - SDmodelcartuning.com\",\"isPartOf\":{\"@id\":\"https:\/\/www.sdmodelcartuning.com\/#website\"},\"primaryImageOfPage\":{\"@id\":\"https:\/\/www.sdmodelcartuning.com\/product\/118-bbs-rs-gt-alu-velgenset-18inch-sd\/#primaryimage\"},\"image\":{\"@id\":\"https:\/\/www.sdmodelcartuning.com\/product\/118-bbs-rs-gt-alu-velgenset-18inch-sd\/#primaryimage\"},\"thumbnailUrl\":\"https:\/\/www.sdmodelcartuning.com\/wp-content\/uploads\/2021\/09\/772128606_20210818_112944_3905571_resized.jpg\",\"datePublished\":\"2021-09-07T08:38:59+00:00\",\"dateModified\":\"2026-03-04T09:22:32+00:00\",\"breadcrumb\":{\"@id\":\"https:\/\/www.sdmodelcartuning.com\/product\/118-bbs-rs-gt-alu-velgenset-18inch-sd\/#breadcrumb\"},\"inLanguage\":\"fr-FR\",\"potentialAction\":[{\"@type\":\"ReadAction\",\"target\":[\"https:\/\/www.sdmodelcartuning.com\/product\/118-bbs-rs-gt-alu-velgenset-18inch-sd\/\"]}]},{\"@type\":\"ImageObject\",\"inLanguage\":\"fr-FR\",\"@id\":\"https:\/\/www.sdmodelcartuning.com\/product\/118-bbs-rs-gt-alu-velgenset-18inch-sd\/#primaryimage\",\"url\":\"https:\/\/www.sdmodelcartuning.com\/wp-content\/uploads\/2021\/09\/772128606_20210818_112944_3905571_resized.jpg\",\"contentUrl\":\"https:\/\/www.sdmodelcartuning.com\/wp-content\/uploads\/2021\/09\/772128606_20210818_112944_3905571_resized.jpg\",\"width\":1152,\"height\":864},{\"@type\":\"BreadcrumbList\",\"@id\":\"https:\/\/www.sdmodelcartuning.com\/product\/118-bbs-rs-gt-alu-velgenset-18inch-sd\/#breadcrumb\",\"itemListElement\":[{\"@type\":\"ListItem\",\"position\":1,\"name\":\"Home\",\"item\":\"https:\/\/www.sdmodelcartuning.com\/\"},{\"@type\":\"ListItem\",\"position\":2,\"name\":\"Winkel\",\"item\":\"https:\/\/www.sdmodelcartuning.com\/it\/winkel\/\"},{\"@type\":\"ListItem\",\"position\":3,\"name\":\"1:18 BBS RS-GT alu velgenset 18inch\"}]},{\"@type\":\"WebSite\",\"@id\":\"https:\/\/www.sdmodelcartuning.com\/#website\",\"url\":\"https:\/\/www.sdmodelcartuning.com\/\",\"name\":\"SDmodelcartuning.com\",\"description\":\"De miniaturen en toebehoren shop van Nederland\",\"publisher\":{\"@id\":\"https:\/\/www.sdmodelcartuning.com\/#organization\"},\"potentialAction\":[{\"@type\":\"SearchAction\",\"target\":{\"@type\":\"EntryPoint\",\"urlTemplate\":\"https:\/\/www.sdmodelcartuning.com\/?s={search_term_string}\"},\"query-input\":{\"@type\":\"PropertyValueSpecification\",\"valueRequired\":true,\"valueName\":\"search_term_string\"}}],\"inLanguage\":\"fr-FR\"},{\"@type\":\"Organization\",\"@id\":\"https:\/\/www.sdmodelcartuning.com\/#organization\",\"name\":\"SDmodelcartuning.com\",\"url\":\"https:\/\/www.sdmodelcartuning.com\/\",\"logo\":{\"@type\":\"ImageObject\",\"inLanguage\":\"fr-FR\",\"@id\":\"https:\/\/www.sdmodelcartuning.com\/#\/schema\/logo\/image\/\",\"url\":\"https:\/\/www.sdmodelcartuning.com\/wp-content\/uploads\/2020\/09\/logo-retina.png\",\"contentUrl\":\"https:\/\/www.sdmodelcartuning.com\/wp-content\/uploads\/2020\/09\/logo-retina.png\",\"width\":463,\"height\":150,\"caption\":\"SDmodelcartuning.com\"},\"image\":{\"@id\":\"https:\/\/www.sdmodelcartuning.com\/#\/schema\/logo\/image\/\"}}]}<\/script>\n<!-- \/ Yoast SEO plugin. -->","yoast_head_json":{"title":"1:18 BBS RS-GT alu wheelset 18inch - SDmodelcartuning.com","robots":{"index":"index","follow":"follow","max-snippet":"max-snippet:-1","max-image-preview":"max-image-preview:large","max-video-preview":"max-video-preview:-1"},"canonical":"https:\/\/www.sdmodelcartuning.com\/fr\/produit\/118-bbs-rs-gt-alu-jeu-de-jantes-18-pouces-sd\/","og_locale":"fr_FR","og_type":"article","og_title":"1:18 BBS RS-GT alu velgenset 18inch - SDmodelcartuning.com","og_description":"1\/18 Schaal universele BBS RS-GT design aluvelgenset 18Inch (diameter:32mm) en 14mm breed. Deze set bevat: 4x aluvelgen, 4x velgharten in kleur en 4x sportbanden achterste velgen hebben een 6.5mm diep velghart en voor een 4mm diep velghart (breedset) Materiaal: Echt aluminium, plastic velgenhart en rubber banden. Dit betreffen onze eigen productie aluvelgen met de welbekende [&hellip;]","og_url":"https:\/\/www.sdmodelcartuning.com\/fr\/produit\/118-bbs-rs-gt-alu-jeu-de-jantes-18-pouces-sd\/","og_site_name":"SDmodelcartuning.com","article_modified_time":"2026-03-04T09:22:32+00:00","og_image":[{"width":1152,"height":864,"url":"https:\/\/www.sdmodelcartuning.com\/wp-content\/uploads\/2021\/09\/772128606_20210818_112944_3905571_resized.jpg","type":"image\/jpeg"}],"twitter_card":"summary_large_image","twitter_misc":{"Dur\u00e9e de lecture estim\u00e9e":"1 minute"},"schema":{"@context":"https:\/\/schema.org","@graph":[{"@type":"WebPage","@id":"https:\/\/www.sdmodelcartuning.com\/product\/118-bbs-rs-gt-alu-velgenset-18inch-sd\/","url":"https:\/\/www.sdmodelcartuning.com\/product\/118-bbs-rs-gt-alu-velgenset-18inch-sd\/","name":"1:18 BBS RS-GT alu wheelset 18inch - SDmodelcartuning.com","isPartOf":{"@id":"https:\/\/www.sdmodelcartuning.com\/#website"},"primaryImageOfPage":{"@id":"https:\/\/www.sdmodelcartuning.com\/product\/118-bbs-rs-gt-alu-velgenset-18inch-sd\/#primaryimage"},"image":{"@id":"https:\/\/www.sdmodelcartuning.com\/product\/118-bbs-rs-gt-alu-velgenset-18inch-sd\/#primaryimage"},"thumbnailUrl":"https:\/\/www.sdmodelcartuning.com\/wp-content\/uploads\/2021\/09\/772128606_20210818_112944_3905571_resized.jpg","datePublished":"2021-09-07T08:38:59+00:00","dateModified":"2026-03-04T09:22:32+00:00","breadcrumb":{"@id":"https:\/\/www.sdmodelcartuning.com\/product\/118-bbs-rs-gt-alu-velgenset-18inch-sd\/#breadcrumb"},"inLanguage":"fr-FR","potentialAction":[{"@type":"ReadAction","target":["https:\/\/www.sdmodelcartuning.com\/product\/118-bbs-rs-gt-alu-velgenset-18inch-sd\/"]}]},{"@type":"ImageObject","inLanguage":"fr-FR","@id":"https:\/\/www.sdmodelcartuning.com\/product\/118-bbs-rs-gt-alu-velgenset-18inch-sd\/#primaryimage","url":"https:\/\/www.sdmodelcartuning.com\/wp-content\/uploads\/2021\/09\/772128606_20210818_112944_3905571_resized.jpg","contentUrl":"https:\/\/www.sdmodelcartuning.com\/wp-content\/uploads\/2021\/09\/772128606_20210818_112944_3905571_resized.jpg","width":1152,"height":864},{"@type":"BreadcrumbList","@id":"https:\/\/www.sdmodelcartuning.com\/product\/118-bbs-rs-gt-alu-velgenset-18inch-sd\/#breadcrumb","itemListElement":[{"@type":"ListItem","position":1,"name":"Home","item":"https:\/\/www.sdmodelcartuning.com\/"},{"@type":"ListItem","position":2,"name":"Winkel","item":"https:\/\/www.sdmodelcartuning.com\/it\/winkel\/"},{"@type":"ListItem","position":3,"name":"1:18 BBS RS-GT alu velgenset 18inch"}]},{"@type":"WebSite","@id":"https:\/\/www.sdmodelcartuning.com\/#website","url":"https:\/\/www.sdmodelcartuning.com\/","name":"SDmodelcartuning.com","description":"La boutique de miniatures et d&#039;accessoires des Pays-Bas","publisher":{"@id":"https:\/\/www.sdmodelcartuning.com\/#organization"},"potentialAction":[{"@type":"SearchAction","target":{"@type":"EntryPoint","urlTemplate":"https:\/\/www.sdmodelcartuning.com\/?s={search_term_string}"},"query-input":{"@type":"PropertyValueSpecification","valueRequired":true,"valueName":"search_term_string"}}],"inLanguage":"fr-FR"},{"@type":"Organization","@id":"https:\/\/www.sdmodelcartuning.com\/#organization","name":"SDmodelcartuning.com","url":"https:\/\/www.sdmodelcartuning.com\/","logo":{"@type":"ImageObject","inLanguage":"fr-FR","@id":"https:\/\/www.sdmodelcartuning.com\/#\/schema\/logo\/image\/","url":"https:\/\/www.sdmodelcartuning.com\/wp-content\/uploads\/2020\/09\/logo-retina.png","contentUrl":"https:\/\/www.sdmodelcartuning.com\/wp-content\/uploads\/2020\/09\/logo-retina.png","width":463,"height":150,"caption":"SDmodelcartuning.com"},"image":{"@id":"https:\/\/www.sdmodelcartuning.com\/#\/schema\/logo\/image\/"}}]}},"_links":{"self":[{"href":"https:\/\/www.sdmodelcartuning.com\/fr\/wp-json\/wp\/v2\/product\/100375","targetHints":{"allow":["GET"]}}],"collection":[{"href":"https:\/\/www.sdmodelcartuning.com\/fr\/wp-json\/wp\/v2\/product"}],"about":[{"href":"https:\/\/www.sdmodelcartuning.com\/fr\/wp-json\/wp\/v2\/types\/product"}],"version-history":[{"count":2,"href":"https:\/\/www.sdmodelcartuning.com\/fr\/wp-json\/wp\/v2\/product\/100375\/revisions"}],"predecessor-version":[{"id":162190,"href":"https:\/\/www.sdmodelcartuning.com\/fr\/wp-json\/wp\/v2\/product\/100375\/revisions\/162190"}],"wp:featuredmedia":[{"embeddable":true,"href":"https:\/\/www.sdmodelcartuning.com\/fr\/wp-json\/wp\/v2\/media\/100632"}],"wp:attachment":[{"href":"https:\/\/www.sdmodelcartuning.com\/fr\/wp-json\/wp\/v2\/media?parent=100375"}],"wp:term":[{"taxonomy":"product_brand","embeddable":true,"href":"https:\/\/www.sdmodelcartuning.com\/fr\/wp-json\/wp\/v2\/product_brand?post=100375"},{"taxonomy":"product_cat","embeddable":true,"href":"https:\/\/www.sdmodelcartuning.com\/fr\/wp-json\/wp\/v2\/product_cat?post=100375"},{"taxonomy":"product_tag","embeddable":true,"href":"https:\/\/www.sdmodelcartuning.com\/fr\/wp-json\/wp\/v2\/product_tag?post=100375"}],"curies":[{"name":"wp","href":"https:\/\/api.w.org\/{rel}","templated":true}]}}