{"id":97905,"date":"2021-06-23T10:18:32","date_gmt":"2021-06-23T09:18:32","guid":{"rendered":"http:\/\/www.sdmodelcartuning.com\/?page_id=97905"},"modified":"2023-02-06T15:02:10","modified_gmt":"2023-02-06T14:02:10","slug":"faq","status":"publish","type":"page","link":"https:\/\/www.sdmodelcartuning.com\/fr\/faq\/","title":{"rendered":"FAQ"},"content":{"rendered":"<div data-elementor-type=\"wp-page\" data-elementor-id=\"97905\" class=\"elementor elementor-97905\" data-elementor-post-type=\"page\">\n\t\t\t\t\t\t<section class=\"has_ae_slider elementor-section elementor-top-section elementor-element elementor-element-8b3dcd3 elementor-section-boxed elementor-section-height-default elementor-section-height-default ae-bg-gallery-type-default\" data-id=\"8b3dcd3\" data-element_type=\"section\" data-e-type=\"section\">\n\t\t\t\t\t\t<div class=\"elementor-container elementor-column-gap-no\">\n\t\t\t\t\t<div class=\"has_ae_slider elementor-column elementor-col-100 elementor-top-column elementor-element elementor-element-e99e08b ae-bg-gallery-type-default\" data-id=\"e99e08b\" data-element_type=\"column\" data-e-type=\"column\">\n\t\t\t<div class=\"elementor-widget-wrap elementor-element-populated\">\n\t\t\t\t\t\t<div class=\"elementor-element elementor-element-76d3e6d elementor-widget elementor-widget-text-editor\" data-id=\"76d3e6d\" data-element_type=\"widget\" data-e-type=\"widget\" data-widget_type=\"text-editor.default\">\n\t\t\t\t<div class=\"elementor-widget-container\">\n\t\t\t\t\t\t\t\t\t<p><strong>Questions fr\u00e9quentes:<\/strong><\/p><p><strong>1. De quelles pi\u00e8ces un jeu de jantes est-il compos\u00e9\u00a0:<\/strong> Chaque ensemble que nous vendons est un ensemble complet de pneus 4x et de jantes 4x.<\/p><p><strong>2. Toutes les jantes et pi\u00e8ces fournies sont-elles peintes en couleur ?<\/strong> Non, tous les ensembles de jantes et toutes les pi\u00e8ces ne sont pas disponibles en couleur standard. Si un jeu de roues ou une pi\u00e8ce est disponible en couleur, cela sera indiqu\u00e9 dans la description du produit ou en tant qu&#039;option du produit.<\/p><p><strong>3. Pouvez-vous \u00e9galement \u00e9quiper des voitures miniatures achet\u00e9es avec des jantes sp\u00e9ciales ?<\/strong> Oui, nous pouvons le personnaliser sp\u00e9cialement avec les jantes souhait\u00e9es de notre boutique. Les co\u00fbts commencent \u00e0 15,00 euros par conversion.<\/p><p><strong>4. Est-il \u00e9galement possible de faire peindre un mod\u00e8le r\u00e9duit de voiture dans une autre couleur ?<\/strong> Non, malheureusement, nous ne le faisons plus en raison de la foule dans notre propre production d&#039;accessoires.<\/p><p><strong>5. Est-il possible d&#039;avoir une production exclusive d&#039;une jante ou d&#039;une pi\u00e8ce de conception sp\u00e9ciale ?<\/strong> Oui, c&#039;est possible, nous avons \u00e0 la fois des options d&#039;impression 3D et, pour de plus grandes quantit\u00e9s, notre propre d\u00e9partement de conception de moules. Gardez \u00e0 l&#039;esprit qu&#039;en g\u00e9n\u00e9ral, les co\u00fbts d&#039;une seule pi\u00e8ce ne d\u00e9passent pas les co\u00fbts, de sorte que les tirages ne commencent souvent qu&#039;\u00e0 partir de 25 pi\u00e8ces\/ensembles.<\/p><p><strong>6. Je veux suivre ma commande, comment faire ?<\/strong> Habituellement, un e-mail de suivi suivra dans les 1 \u00e0 3 jours ouvrables une fois la commande exp\u00e9di\u00e9e (selon qu&#039;elle a \u00e9t\u00e9 envoy\u00e9e sous forme de colis ou de lettre).<\/p><p><strong>7. Quelles sont les options de paiement disponibles dans la boutique en ligne ?<\/strong> Nous proposons de nombreuses options de paiement, notamment le virement bancaire, les cartes de cr\u00e9dit Meastro et Mastercard, Bancontact, Paypal et Ideal.<\/p><p><strong>8. J&#039;ai choisi l&#039;option virement bancaire, comment puis-je payer ?<\/strong> Vous devriez avoir re\u00e7u nos coordonn\u00e9es bancaires dans l&#039;email de confirmation avec le montant total, nos coordonn\u00e9es bancaires sont :<\/p><p>Banque : Banque SNS<\/p><p>Titulaire du compte\u00a0: SDmodelcartuning<\/p><p>iban:NL71SNSB0978120302<\/p><p>rapide\/bic:SNSBNL 2A<\/p>\t\t\t\t\t\t\t\t<\/div>\n\t\t\t\t<\/div>\n\t\t\t\t\t<\/div>\n\t\t<\/div>\n\t\t\t\t\t<\/div>\n\t\t<\/section>\n\t\t\t\t<\/div>","protected":false},"excerpt":{"rendered":"<p>Questions fr\u00e9quemment pos\u00e9es : 1) De quelles pi\u00e8ces se compose un jeu de roues : Chaque jeu de roues que nous vendons est un jeu complet de 4x pneus et 4x jantes. 2. Les roues et les pi\u00e8ces sont-elles toutes peintes en couleur ? Non, tous les jeux de roues et pi\u00e8ces ne sont pas disponibles en couleur en standard. Si un jeu de roues ou une pi\u00e8ce est disponible en couleur [...]<\/p>","protected":false},"author":5847,"featured_media":0,"parent":0,"menu_order":7,"comment_status":"closed","ping_status":"closed","template":"template-fullwidth.php","meta":{"footnotes":""},"class_list":["post-97905","page","type-page","status-publish","hentry"],"yoast_head":"<!-- This site is optimized with the Yoast SEO plugin v27.4 - https:\/\/yoast.com\/product\/yoast-seo-wordpress\/ -->\n<title>FAQ - SDmodelcartuning.com<\/title>\n<meta name=\"robots\" content=\"index, follow, max-snippet:-1, max-image-preview:large, max-video-preview:-1\" \/>\n<link rel=\"canonical\" href=\"https:\/\/www.sdmodelcartuning.com\/fr\/faq\/\" \/>\n<meta property=\"og:locale\" content=\"fr_FR\" \/>\n<meta property=\"og:type\" content=\"article\" \/>\n<meta property=\"og:title\" content=\"FAQ - SDmodelcartuning.com\" \/>\n<meta property=\"og:description\" content=\"Veel gestelde vragen: 1. Uit welke onderdelen bestaat een velgenset: Elke set die wij verkopen is een complete set van 4x banden en 4x velgen. 2. Worden alle velgen en onderdelen in kleur gelakt geleverd? Nee niet alle velgensets en onderdelen zijn standaard beschikbaar in kleur. Als een velgenset of onderdeel in kleur beschikbaar is [&hellip;]\" \/>\n<meta property=\"og:url\" content=\"https:\/\/www.sdmodelcartuning.com\/fr\/faq\/\" \/>\n<meta property=\"og:site_name\" content=\"SDmodelcartuning.com\" \/>\n<meta property=\"article:modified_time\" content=\"2023-02-06T14:02:10+00:00\" \/>\n<meta name=\"twitter:card\" content=\"summary_large_image\" \/>\n<meta name=\"twitter:label1\" content=\"Dur\u00e9e de lecture estim\u00e9e\" \/>\n\t<meta name=\"twitter:data1\" content=\"2 minutes\" \/>\n<script type=\"application\/ld+json\" class=\"yoast-schema-graph\">{\"@context\":\"https:\\\/\\\/schema.org\",\"@graph\":[{\"@type\":\"WebPage\",\"@id\":\"https:\\\/\\\/www.sdmodelcartuning.com\\\/faq\\\/\",\"url\":\"https:\\\/\\\/www.sdmodelcartuning.com\\\/faq\\\/\",\"name\":\"FAQ - SDmodelcartuning.com\",\"isPartOf\":{\"@id\":\"https:\\\/\\\/www.sdmodelcartuning.com\\\/#website\"},\"datePublished\":\"2021-06-23T09:18:32+00:00\",\"dateModified\":\"2023-02-06T14:02:10+00:00\",\"breadcrumb\":{\"@id\":\"https:\\\/\\\/www.sdmodelcartuning.com\\\/faq\\\/#breadcrumb\"},\"inLanguage\":\"fr-FR\",\"potentialAction\":[{\"@type\":\"ReadAction\",\"target\":[\"https:\\\/\\\/www.sdmodelcartuning.com\\\/faq\\\/\"]}]},{\"@type\":\"BreadcrumbList\",\"@id\":\"https:\\\/\\\/www.sdmodelcartuning.com\\\/faq\\\/#breadcrumb\",\"itemListElement\":[{\"@type\":\"ListItem\",\"position\":1,\"name\":\"Home\",\"item\":\"https:\\\/\\\/www.sdmodelcartuning.com\\\/\"},{\"@type\":\"ListItem\",\"position\":2,\"name\":\"FAQ\"}]},{\"@type\":\"WebSite\",\"@id\":\"https:\\\/\\\/www.sdmodelcartuning.com\\\/#website\",\"url\":\"https:\\\/\\\/www.sdmodelcartuning.com\\\/\",\"name\":\"SDmodelcartuning.com\",\"description\":\"De miniaturen en toebehoren shop van Nederland\",\"publisher\":{\"@id\":\"https:\\\/\\\/www.sdmodelcartuning.com\\\/#organization\"},\"potentialAction\":[{\"@type\":\"SearchAction\",\"target\":{\"@type\":\"EntryPoint\",\"urlTemplate\":\"https:\\\/\\\/www.sdmodelcartuning.com\\\/?s={search_term_string}\"},\"query-input\":{\"@type\":\"PropertyValueSpecification\",\"valueRequired\":true,\"valueName\":\"search_term_string\"}}],\"inLanguage\":\"fr-FR\"},{\"@type\":\"Organization\",\"@id\":\"https:\\\/\\\/www.sdmodelcartuning.com\\\/#organization\",\"name\":\"SDmodelcartuning.com\",\"url\":\"https:\\\/\\\/www.sdmodelcartuning.com\\\/\",\"logo\":{\"@type\":\"ImageObject\",\"inLanguage\":\"fr-FR\",\"@id\":\"https:\\\/\\\/www.sdmodelcartuning.com\\\/#\\\/schema\\\/logo\\\/image\\\/\",\"url\":\"https:\\\/\\\/www.sdmodelcartuning.com\\\/wp-content\\\/uploads\\\/2020\\\/09\\\/logo-retina.png\",\"contentUrl\":\"https:\\\/\\\/www.sdmodelcartuning.com\\\/wp-content\\\/uploads\\\/2020\\\/09\\\/logo-retina.png\",\"width\":463,\"height\":150,\"caption\":\"SDmodelcartuning.com\"},\"image\":{\"@id\":\"https:\\\/\\\/www.sdmodelcartuning.com\\\/#\\\/schema\\\/logo\\\/image\\\/\"}}]}<\/script>\n<!-- \/ Yoast SEO plugin. -->","yoast_head_json":{"title":"FAQ - SDmodelcartuning.com","robots":{"index":"index","follow":"follow","max-snippet":"max-snippet:-1","max-image-preview":"max-image-preview:large","max-video-preview":"max-video-preview:-1"},"canonical":"https:\/\/www.sdmodelcartuning.com\/fr\/faq\/","og_locale":"fr_FR","og_type":"article","og_title":"FAQ - SDmodelcartuning.com","og_description":"Veel gestelde vragen: 1. Uit welke onderdelen bestaat een velgenset: Elke set die wij verkopen is een complete set van 4x banden en 4x velgen. 2. Worden alle velgen en onderdelen in kleur gelakt geleverd? Nee niet alle velgensets en onderdelen zijn standaard beschikbaar in kleur. Als een velgenset of onderdeel in kleur beschikbaar is [&hellip;]","og_url":"https:\/\/www.sdmodelcartuning.com\/fr\/faq\/","og_site_name":"SDmodelcartuning.com","article_modified_time":"2023-02-06T14:02:10+00:00","twitter_card":"summary_large_image","twitter_misc":{"Dur\u00e9e de lecture estim\u00e9e":"2 minutes"},"schema":{"@context":"https:\/\/schema.org","@graph":[{"@type":"WebPage","@id":"https:\/\/www.sdmodelcartuning.com\/faq\/","url":"https:\/\/www.sdmodelcartuning.com\/faq\/","name":"FAQ - SDmodelcartuning.com","isPartOf":{"@id":"https:\/\/www.sdmodelcartuning.com\/#website"},"datePublished":"2021-06-23T09:18:32+00:00","dateModified":"2023-02-06T14:02:10+00:00","breadcrumb":{"@id":"https:\/\/www.sdmodelcartuning.com\/faq\/#breadcrumb"},"inLanguage":"fr-FR","potentialAction":[{"@type":"ReadAction","target":["https:\/\/www.sdmodelcartuning.com\/faq\/"]}]},{"@type":"BreadcrumbList","@id":"https:\/\/www.sdmodelcartuning.com\/faq\/#breadcrumb","itemListElement":[{"@type":"ListItem","position":1,"name":"Home","item":"https:\/\/www.sdmodelcartuning.com\/"},{"@type":"ListItem","position":2,"name":"FAQ"}]},{"@type":"WebSite","@id":"https:\/\/www.sdmodelcartuning.com\/#website","url":"https:\/\/www.sdmodelcartuning.com\/","name":"SDmodelcartuning.com","description":"La boutique de miniatures et d&#039;accessoires des Pays-Bas","publisher":{"@id":"https:\/\/www.sdmodelcartuning.com\/#organization"},"potentialAction":[{"@type":"SearchAction","target":{"@type":"EntryPoint","urlTemplate":"https:\/\/www.sdmodelcartuning.com\/?s={search_term_string}"},"query-input":{"@type":"PropertyValueSpecification","valueRequired":true,"valueName":"search_term_string"}}],"inLanguage":"fr-FR"},{"@type":"Organization","@id":"https:\/\/www.sdmodelcartuning.com\/#organization","name":"SDmodelcartuning.com","url":"https:\/\/www.sdmodelcartuning.com\/","logo":{"@type":"ImageObject","inLanguage":"fr-FR","@id":"https:\/\/www.sdmodelcartuning.com\/#\/schema\/logo\/image\/","url":"https:\/\/www.sdmodelcartuning.com\/wp-content\/uploads\/2020\/09\/logo-retina.png","contentUrl":"https:\/\/www.sdmodelcartuning.com\/wp-content\/uploads\/2020\/09\/logo-retina.png","width":463,"height":150,"caption":"SDmodelcartuning.com"},"image":{"@id":"https:\/\/www.sdmodelcartuning.com\/#\/schema\/logo\/image\/"}}]}},"_links":{"self":[{"href":"https:\/\/www.sdmodelcartuning.com\/fr\/wp-json\/wp\/v2\/pages\/97905","targetHints":{"allow":["GET"]}}],"collection":[{"href":"https:\/\/www.sdmodelcartuning.com\/fr\/wp-json\/wp\/v2\/pages"}],"about":[{"href":"https:\/\/www.sdmodelcartuning.com\/fr\/wp-json\/wp\/v2\/types\/page"}],"author":[{"embeddable":true,"href":"https:\/\/www.sdmodelcartuning.com\/fr\/wp-json\/wp\/v2\/users\/5847"}],"replies":[{"embeddable":true,"href":"https:\/\/www.sdmodelcartuning.com\/fr\/wp-json\/wp\/v2\/comments?post=97905"}],"version-history":[{"count":0,"href":"https:\/\/www.sdmodelcartuning.com\/fr\/wp-json\/wp\/v2\/pages\/97905\/revisions"}],"wp:attachment":[{"href":"https:\/\/www.sdmodelcartuning.com\/fr\/wp-json\/wp\/v2\/media?parent=97905"}],"curies":[{"name":"wp","href":"https:\/\/api.w.org\/{rel}","templated":true}]}}