{"id":16769,"date":"2013-08-22T14:58:16","date_gmt":"2013-08-22T14:58:16","guid":{"rendered":"http:\/\/sdmodelcartuning.local\/privacy-policy-2\/"},"modified":"2023-02-22T11:55:43","modified_gmt":"2023-02-22T10:55:43","slug":"privacy-policy-2","status":"publish","type":"page","link":"https:\/\/www.sdmodelcartuning.com\/fr\/politique-de-confidentialite-2\/","title":{"rendered":"Politique de confidentialit\u00e9"},"content":{"rendered":"<div data-elementor-type=\"wp-page\" data-elementor-id=\"16769\" class=\"elementor elementor-16769\" data-elementor-post-type=\"page\">\n\t\t\t\t\t\t<section class=\"has_ae_slider elementor-section elementor-top-section elementor-element elementor-element-7fea744d elementor-section-boxed elementor-section-height-default elementor-section-height-default ae-bg-gallery-type-default\" data-id=\"7fea744d\" data-element_type=\"section\" data-e-type=\"section\">\n\t\t\t\t\t\t<div class=\"elementor-container elementor-column-gap-no\">\n\t\t\t\t\t<div class=\"has_ae_slider elementor-column elementor-col-100 elementor-top-column elementor-element elementor-element-697388fe ae-bg-gallery-type-default\" data-id=\"697388fe\" data-element_type=\"column\" data-e-type=\"column\">\n\t\t\t<div class=\"elementor-widget-wrap elementor-element-populated\">\n\t\t\t\t\t\t<div class=\"elementor-element elementor-element-fd514dd elementor-widget elementor-widget-heading\" data-id=\"fd514dd\" data-element_type=\"widget\" data-e-type=\"widget\" data-widget_type=\"heading.default\">\n\t\t\t\t<div class=\"elementor-widget-container\">\n\t\t\t\t\t<h1 class=\"elementor-heading-title elementor-size-default\">Politique de confidentialit\u00e9<\/h1>\t\t\t\t<\/div>\n\t\t\t\t<\/div>\n\t\t\t\t<div class=\"elementor-element elementor-element-ac2c0db elementor-widget elementor-widget-text-editor\" data-id=\"ac2c0db\" data-element_type=\"widget\" data-e-type=\"widget\" data-widget_type=\"text-editor.default\">\n\t\t\t\t<div class=\"elementor-widget-container\">\n\t\t\t\t\t\t\t\t\t<p>SDmodelcartuning, situ\u00e9 \u00e0 Flessingsterrein 20, <br \/>9665BZ Oude Pekela, est responsable du traitement des donn\u00e9es personnelles comme indiqu\u00e9 dans cette d\u00e9claration de confidentialit\u00e9.<\/p><p>D\u00e9tails du contact:<br \/>http:\/\/www.sdmodelcartuning.com\/<br \/>Flessing zone 20, <br \/>9665BZ Vieux Pekela<br \/>+31 (0)597 671721<br \/>M. S.dijkstra est le d\u00e9l\u00e9gu\u00e9 \u00e0 la protection des donn\u00e9es de SDmodelcartuning. Il est joignable via info@sdmodelcartuning.com<\/p><p><br \/>SDmodelcartuning traite vos donn\u00e9es personnelles parce que vous utilisez nos services et\/ou parce que vous nous les fournissez vous-m\u00eame.<\/p><p><em><strong>Vous trouverez ci-dessous un aper\u00e7u des donn\u00e9es personnelles que nous traitons :<\/strong><\/em>- nom et pr\u00e9nom<br \/>- Donn\u00e9es d&#039;adresse<br \/>- Num\u00e9ro de t\u00e9l\u00e9phone<br \/>- Adresse e-mail<br \/>\u2013 Autres donn\u00e9es personnelles que vous fournissez activement, par exemple en cr\u00e9ant un profil sur ce site Web, dans la correspondance et par t\u00e9l\u00e9phone<br \/>\u2013 Des informations sur vos activit\u00e9s sur notre site internet<\/p><p><em><strong>Donn\u00e9es personnelles sp\u00e9ciales et\/ou sensibles que nous traitons\u00a0:<\/strong><\/em><\/p><p><br \/>Notre site Web et\/ou service n&#039;a pas l&#039;intention de collecter des donn\u00e9es sur les visiteurs du site Web de moins de 16 ans. Sauf s&#039;ils ont le consentement des parents ou du tuteur. Cependant, nous ne pouvons pas v\u00e9rifier si un visiteur a plus de 16 ans. Nous conseillons donc aux parents de s&#039;impliquer dans les activit\u00e9s en ligne de leurs enfants, afin d&#039;\u00e9viter que des donn\u00e9es sur les enfants soient collect\u00e9es sans le consentement parental. Si vous \u00eates convaincu que nous avons collect\u00e9 des informations personnelles sur un mineur sans cette autorisation, veuillez nous contacter \u00e0 info@sdmodelcartuning.com et nous supprimerons ces informations.<\/p><p><br \/><em><strong>Dans quel but et sur quelle base traitons-nous les donn\u00e9es personnelles :<\/strong><\/em><\/p><p><br \/>SDmodelcartuning traite vos donn\u00e9es personnelles aux fins suivantes :<br \/>\u2013 Traitement de votre paiement<br \/>\u2013 Envoi de notre newsletter et\/ou plaquette publicitaire<br \/>\u2013 Pour pouvoir vous appeler ou vous envoyer un e-mail si cela est n\u00e9cessaire pour ex\u00e9cuter nos services<br \/>\u2013 Pour vous informer des modifications de nos services et produits<br \/>\u2013 Pour vous offrir la possibilit\u00e9 de cr\u00e9er un compte<br \/>\u2013 Pour vous livrer des biens et des services<br \/>\u2013 SDmodelcartuning traite \u00e9galement des donn\u00e9es personnelles si nous y sommes l\u00e9galement tenus, telles que les donn\u00e9es dont nous avons besoin pour notre d\u00e9claration de revenus.<\/p><p><br \/><em><strong>Combien de temps conservons-nous les donn\u00e9es personnelles :<\/strong><\/em><\/p><p>SDmodelcartuning ne conserve pas vos donn\u00e9es personnelles plus longtemps que strictement n\u00e9cessaire pour atteindre les finalit\u00e9s pour lesquelles vos donn\u00e9es sont collect\u00e9es. Nous utilisons les dur\u00e9es de conservation suivantes pour toutes les donn\u00e9es personnelles : 10 ans.<\/p><p><br \/><em><strong>Partage de donn\u00e9es personnelles avec des tiers :<\/strong><\/em><\/p><p><br \/>SDmodelcartuning fournit uniquement \u00e0 des tiers et uniquement si cela est n\u00e9cessaire pour l&#039;ex\u00e9cution de notre accord avec vous ou pour se conformer \u00e0 une obligation l\u00e9gale.<\/p><p><br \/><em><strong>Cookies, ou techniques similaires, que nous utilisons :<\/strong><\/em><\/p><p><br \/>SDmodelcartuning utilise des cookies fonctionnels, analytiques et de suivi. Un cookie est un petit fichier texte qui est stock\u00e9 dans le navigateur de votre ordinateur, tablette ou smartphone lors de votre premi\u00e8re visite sur ce site. SDmodelcartuning utilise des cookies avec une fonctionnalit\u00e9 purement technique. Ceux-ci garantissent que le site Web fonctionne correctement et que, par exemple, vos param\u00e8tres pr\u00e9f\u00e9r\u00e9s sont m\u00e9moris\u00e9s. Ces cookies sont \u00e9galement utilis\u00e9s pour faire fonctionner le site Web correctement et pour l&#039;optimiser. De plus, nous pla\u00e7ons des cookies qui suivent votre comportement de navigation afin que nous puissions proposer un contenu et des publicit\u00e9s personnalis\u00e9s.<\/p><p>Lors de votre premi\u00e8re visite sur notre site Web, nous vous avons d\u00e9j\u00e0 inform\u00e9 de ces cookies et demand\u00e9 l&#039;autorisation de les placer.<\/p><p>Vous pouvez d\u00e9sactiver les cookies en configurant votre navigateur Internet de sorte qu&#039;il ne stocke plus de cookies. En outre, vous pouvez \u00e9galement supprimer toutes les informations pr\u00e9c\u00e9demment enregistr\u00e9es via les param\u00e8tres de votre navigateur.<\/p><p>Pour une explication, voir : https:\/\/veiliginternetten.nl\/themes\/positie\/cookies-wat-zijn-het-en-wat-doe-ik-ermee\/<\/p><p><br \/><em><strong>Consulter, modifier ou supprimer des donn\u00e9es\u00a0:<\/strong><\/em><\/p><p><br \/>Vous avez le droit de consulter, de corriger ou de supprimer vos donn\u00e9es personnelles. En outre, vous avez le droit de retirer votre consentement au traitement des donn\u00e9es ou de vous opposer au traitement de vos donn\u00e9es personnelles par SDmodelcartuning et vous avez le droit \u00e0 la portabilit\u00e9 des donn\u00e9es. Cela signifie que vous pouvez nous soumettre une demande pour envoyer les donn\u00e9es personnelles que nous d\u00e9tenons \u00e0 votre sujet dans un fichier informatique \u00e0 vous ou \u00e0 une autre organisation que vous avez mentionn\u00e9e.<\/p><p>Vous pouvez envoyer une demande d&#039;acc\u00e8s, de rectification, de suppression, de transfert de donn\u00e9es de vos donn\u00e9es personnelles ou une demande de retrait de votre consentement ou d&#039;opposition au traitement de vos donn\u00e9es personnelles \u00e0 info@sdmodelcartuning.com.<\/p><p>Afin de vous assurer que la demande d&#039;inspection a \u00e9t\u00e9 faite par vous, nous vous demandons de joindre une copie de votre pi\u00e8ce d&#039;identit\u00e9 \u00e0 la demande. Faites votre photo de passeport, MRZ (zone lisible par machine, la bande avec des num\u00e9ros au bas du passeport), num\u00e9ro de passeport et num\u00e9ro de service citoyen (BSN) en noir dans cette copie. C&#039;est pour prot\u00e9ger votre vie priv\u00e9e. Nous r\u00e9pondrons \u00e0 votre demande le plus rapidement possible, mais dans un d\u00e9lai de quatre semaines.<\/p><p>SDmodelcartuning tient \u00e9galement \u00e0 souligner que vous avez la possibilit\u00e9 de d\u00e9poser une plainte aupr\u00e8s de l&#039;autorit\u00e9 de contr\u00f4le nationale, l&#039;autorit\u00e9 n\u00e9erlandaise de protection des donn\u00e9es. Cela peut \u00eatre fait via le lien suivant : https:\/\/autoriteitpersoonsgegevens.nl\/nl\/contact-met-de-autoriteit-persoonsgegevens\/tip-ons<\/p><p>\u00a0<\/p><p><em><strong>Comment s\u00e9curisons-nous les donn\u00e9es personnelles :<\/strong><\/em><\/p><p><br \/>SDmodelcartuning prend la protection de vos donn\u00e9es au s\u00e9rieux et prend les mesures appropri\u00e9es pour emp\u00eacher l&#039;utilisation abusive, la perte, l&#039;acc\u00e8s non autoris\u00e9, la divulgation non d\u00e9sir\u00e9e et la modification non autoris\u00e9e. Si vous avez l&#039;impression que vos donn\u00e9es ne sont pas correctement s\u00e9curis\u00e9es ou s&#039;il y a des indications d&#039;abus, veuillez contacter notre service client ou via info@sdmodelcartuning.com<\/p>\t\t\t\t\t\t\t\t<\/div>\n\t\t\t\t<\/div>\n\t\t\t\t\t<\/div>\n\t\t<\/div>\n\t\t\t\t\t<\/div>\n\t\t<\/section>\n\t\t\t\t<\/div>","protected":false},"excerpt":{"rendered":"<p>Politique de confidentialit\u00e9 SDmodelcartuning, situ\u00e9 \u00e0 Flessingsterrein 20, 9665BZ Oude Pekela, est responsable du traitement des donn\u00e9es personnelles comme indiqu\u00e9 dans cette d\u00e9claration de confidentialit\u00e9. Coordonn\u00e9es:http:\/\/www.sdmodelcartuning.com\/Flessingsterrein 20, 9665BZ Oude Pekela+31 (0)597 671721Monsieur S.dijkstra est le d\u00e9l\u00e9gu\u00e9 \u00e0 la protection des donn\u00e9es de SDmodelcartuningIl peut \u00eatre joint \u00e0 info@sdmodelcartuning.com SDmodelcartuning traite vos donn\u00e9es personnelles parce que vous utilisez nos services et\/ou parce que [...]<\/p>","protected":false},"author":1,"featured_media":0,"parent":0,"menu_order":2,"comment_status":"closed","ping_status":"closed","template":"template-fullwidth.php","meta":{"footnotes":""},"class_list":["post-16769","page","type-page","status-publish","hentry"],"yoast_head":"<!-- This site is optimized with the Yoast SEO plugin v27.4 - https:\/\/yoast.com\/product\/yoast-seo-wordpress\/ -->\n<title>Privacy Policy - SDmodelcartuning.com<\/title>\n<meta name=\"robots\" content=\"index, follow, max-snippet:-1, max-image-preview:large, max-video-preview:-1\" \/>\n<link rel=\"canonical\" href=\"https:\/\/www.sdmodelcartuning.com\/fr\/politique-de-confidentialite-2\/\" \/>\n<meta property=\"og:locale\" content=\"fr_FR\" \/>\n<meta property=\"og:type\" content=\"article\" \/>\n<meta property=\"og:title\" content=\"Privacy Policy - SDmodelcartuning.com\" \/>\n<meta property=\"og:description\" content=\"Privacy Policy SDmodelcartuning, gevestigd aan Flessingsterrein 20, 9665BZ Oude Pekela, is verantwoordelijk voor de verwerking van persoonsgegevens zoals weergegeven in deze privacyverklaring. Contactgegevens:http:\/\/www.sdmodelcartuning.com\/Flessingsterrein 20, 9665BZ Oude Pekela+31 (0)597 671721Dhr. S.dijkstra is de Functionaris Gegevensbescherming van SDmodelcartuning Hij\/zij is te bereiken via info@sdmodelcartuning.com SDmodelcartuning verwerkt uw persoonsgegevens doordat u gebruik maakt van onze diensten en\/of omdat [&hellip;]\" \/>\n<meta property=\"og:url\" content=\"https:\/\/www.sdmodelcartuning.com\/fr\/politique-de-confidentialite-2\/\" \/>\n<meta property=\"og:site_name\" content=\"SDmodelcartuning.com\" \/>\n<meta property=\"article:modified_time\" content=\"2023-02-22T10:55:43+00:00\" \/>\n<meta name=\"twitter:card\" content=\"summary_large_image\" \/>\n<meta name=\"twitter:label1\" content=\"Dur\u00e9e de lecture estim\u00e9e\" \/>\n\t<meta name=\"twitter:data1\" content=\"5 minutes\" \/>\n<script type=\"application\/ld+json\" class=\"yoast-schema-graph\">{\"@context\":\"https:\\\/\\\/schema.org\",\"@graph\":[{\"@type\":\"WebPage\",\"@id\":\"https:\\\/\\\/www.sdmodelcartuning.com\\\/privacy-policy-2\\\/\",\"url\":\"https:\\\/\\\/www.sdmodelcartuning.com\\\/privacy-policy-2\\\/\",\"name\":\"Privacy Policy - SDmodelcartuning.com\",\"isPartOf\":{\"@id\":\"https:\\\/\\\/www.sdmodelcartuning.com\\\/#website\"},\"datePublished\":\"2013-08-22T14:58:16+00:00\",\"dateModified\":\"2023-02-22T10:55:43+00:00\",\"breadcrumb\":{\"@id\":\"https:\\\/\\\/www.sdmodelcartuning.com\\\/privacy-policy-2\\\/#breadcrumb\"},\"inLanguage\":\"fr-FR\",\"potentialAction\":[{\"@type\":\"ReadAction\",\"target\":[\"https:\\\/\\\/www.sdmodelcartuning.com\\\/privacy-policy-2\\\/\"]}]},{\"@type\":\"BreadcrumbList\",\"@id\":\"https:\\\/\\\/www.sdmodelcartuning.com\\\/privacy-policy-2\\\/#breadcrumb\",\"itemListElement\":[{\"@type\":\"ListItem\",\"position\":1,\"name\":\"Home\",\"item\":\"https:\\\/\\\/www.sdmodelcartuning.com\\\/\"},{\"@type\":\"ListItem\",\"position\":2,\"name\":\"Privacy Policy\"}]},{\"@type\":\"WebSite\",\"@id\":\"https:\\\/\\\/www.sdmodelcartuning.com\\\/#website\",\"url\":\"https:\\\/\\\/www.sdmodelcartuning.com\\\/\",\"name\":\"SDmodelcartuning.com\",\"description\":\"De miniaturen en toebehoren shop van Nederland\",\"publisher\":{\"@id\":\"https:\\\/\\\/www.sdmodelcartuning.com\\\/#organization\"},\"potentialAction\":[{\"@type\":\"SearchAction\",\"target\":{\"@type\":\"EntryPoint\",\"urlTemplate\":\"https:\\\/\\\/www.sdmodelcartuning.com\\\/?s={search_term_string}\"},\"query-input\":{\"@type\":\"PropertyValueSpecification\",\"valueRequired\":true,\"valueName\":\"search_term_string\"}}],\"inLanguage\":\"fr-FR\"},{\"@type\":\"Organization\",\"@id\":\"https:\\\/\\\/www.sdmodelcartuning.com\\\/#organization\",\"name\":\"SDmodelcartuning.com\",\"url\":\"https:\\\/\\\/www.sdmodelcartuning.com\\\/\",\"logo\":{\"@type\":\"ImageObject\",\"inLanguage\":\"fr-FR\",\"@id\":\"https:\\\/\\\/www.sdmodelcartuning.com\\\/#\\\/schema\\\/logo\\\/image\\\/\",\"url\":\"https:\\\/\\\/www.sdmodelcartuning.com\\\/wp-content\\\/uploads\\\/2020\\\/09\\\/logo-retina.png\",\"contentUrl\":\"https:\\\/\\\/www.sdmodelcartuning.com\\\/wp-content\\\/uploads\\\/2020\\\/09\\\/logo-retina.png\",\"width\":463,\"height\":150,\"caption\":\"SDmodelcartuning.com\"},\"image\":{\"@id\":\"https:\\\/\\\/www.sdmodelcartuning.com\\\/#\\\/schema\\\/logo\\\/image\\\/\"}}]}<\/script>\n<!-- \/ Yoast SEO plugin. -->","yoast_head_json":{"title":"Politique de confidentialit\u00e9 - SDmodelcartuning.com","robots":{"index":"index","follow":"follow","max-snippet":"max-snippet:-1","max-image-preview":"max-image-preview:large","max-video-preview":"max-video-preview:-1"},"canonical":"https:\/\/www.sdmodelcartuning.com\/fr\/politique-de-confidentialite-2\/","og_locale":"fr_FR","og_type":"article","og_title":"Privacy Policy - SDmodelcartuning.com","og_description":"Privacy Policy SDmodelcartuning, gevestigd aan Flessingsterrein 20, 9665BZ Oude Pekela, is verantwoordelijk voor de verwerking van persoonsgegevens zoals weergegeven in deze privacyverklaring. Contactgegevens:http:\/\/www.sdmodelcartuning.com\/Flessingsterrein 20, 9665BZ Oude Pekela+31 (0)597 671721Dhr. S.dijkstra is de Functionaris Gegevensbescherming van SDmodelcartuning Hij\/zij is te bereiken via info@sdmodelcartuning.com SDmodelcartuning verwerkt uw persoonsgegevens doordat u gebruik maakt van onze diensten en\/of omdat [&hellip;]","og_url":"https:\/\/www.sdmodelcartuning.com\/fr\/politique-de-confidentialite-2\/","og_site_name":"SDmodelcartuning.com","article_modified_time":"2023-02-22T10:55:43+00:00","twitter_card":"summary_large_image","twitter_misc":{"Dur\u00e9e de lecture estim\u00e9e":"5 minutes"},"schema":{"@context":"https:\/\/schema.org","@graph":[{"@type":"WebPage","@id":"https:\/\/www.sdmodelcartuning.com\/privacy-policy-2\/","url":"https:\/\/www.sdmodelcartuning.com\/privacy-policy-2\/","name":"Politique de confidentialit\u00e9 - SDmodelcartuning.com","isPartOf":{"@id":"https:\/\/www.sdmodelcartuning.com\/#website"},"datePublished":"2013-08-22T14:58:16+00:00","dateModified":"2023-02-22T10:55:43+00:00","breadcrumb":{"@id":"https:\/\/www.sdmodelcartuning.com\/privacy-policy-2\/#breadcrumb"},"inLanguage":"fr-FR","potentialAction":[{"@type":"ReadAction","target":["https:\/\/www.sdmodelcartuning.com\/privacy-policy-2\/"]}]},{"@type":"BreadcrumbList","@id":"https:\/\/www.sdmodelcartuning.com\/privacy-policy-2\/#breadcrumb","itemListElement":[{"@type":"ListItem","position":1,"name":"Home","item":"https:\/\/www.sdmodelcartuning.com\/"},{"@type":"ListItem","position":2,"name":"Privacy Policy"}]},{"@type":"WebSite","@id":"https:\/\/www.sdmodelcartuning.com\/#website","url":"https:\/\/www.sdmodelcartuning.com\/","name":"SDmodelcartuning.com","description":"La boutique de miniatures et d&#039;accessoires des Pays-Bas","publisher":{"@id":"https:\/\/www.sdmodelcartuning.com\/#organization"},"potentialAction":[{"@type":"SearchAction","target":{"@type":"EntryPoint","urlTemplate":"https:\/\/www.sdmodelcartuning.com\/?s={search_term_string}"},"query-input":{"@type":"PropertyValueSpecification","valueRequired":true,"valueName":"search_term_string"}}],"inLanguage":"fr-FR"},{"@type":"Organization","@id":"https:\/\/www.sdmodelcartuning.com\/#organization","name":"SDmodelcartuning.com","url":"https:\/\/www.sdmodelcartuning.com\/","logo":{"@type":"ImageObject","inLanguage":"fr-FR","@id":"https:\/\/www.sdmodelcartuning.com\/#\/schema\/logo\/image\/","url":"https:\/\/www.sdmodelcartuning.com\/wp-content\/uploads\/2020\/09\/logo-retina.png","contentUrl":"https:\/\/www.sdmodelcartuning.com\/wp-content\/uploads\/2020\/09\/logo-retina.png","width":463,"height":150,"caption":"SDmodelcartuning.com"},"image":{"@id":"https:\/\/www.sdmodelcartuning.com\/#\/schema\/logo\/image\/"}}]}},"_links":{"self":[{"href":"https:\/\/www.sdmodelcartuning.com\/fr\/wp-json\/wp\/v2\/pages\/16769","targetHints":{"allow":["GET"]}}],"collection":[{"href":"https:\/\/www.sdmodelcartuning.com\/fr\/wp-json\/wp\/v2\/pages"}],"about":[{"href":"https:\/\/www.sdmodelcartuning.com\/fr\/wp-json\/wp\/v2\/types\/page"}],"author":[{"embeddable":true,"href":"https:\/\/www.sdmodelcartuning.com\/fr\/wp-json\/wp\/v2\/users\/1"}],"replies":[{"embeddable":true,"href":"https:\/\/www.sdmodelcartuning.com\/fr\/wp-json\/wp\/v2\/comments?post=16769"}],"version-history":[{"count":0,"href":"https:\/\/www.sdmodelcartuning.com\/fr\/wp-json\/wp\/v2\/pages\/16769\/revisions"}],"wp:attachment":[{"href":"https:\/\/www.sdmodelcartuning.com\/fr\/wp-json\/wp\/v2\/media?parent=16769"}],"curies":[{"name":"wp","href":"https:\/\/api.w.org\/{rel}","templated":true}]}}