{"id":98405,"date":"2021-07-06T16:01:07","date_gmt":"2021-07-06T15:01:07","guid":{"rendered":"http:\/\/www.sdmodelcartuning.com\/?post_type=product&#038;p=98405"},"modified":"2025-11-21T11:15:51","modified_gmt":"2025-11-21T10:15:51","slug":"118-bbs-rm-15-inch-velgenset-geschikt-voor-norev-vw-golf-mk2","status":"publish","type":"product","link":"https:\/\/www.sdmodelcartuning.com\/es\/producto\/118-bbs-rm-15-pulgadas-llanta-adecuada-para-norev-vw-golf-mk2\/","title":{"rendered":"Juego de llantas 1:18 BBS RM de 15 pulgadas para Norev VW Golf mk2"},"content":{"rendered":"<p>Juego de llantas 1:18 BBS RM look 15 pulgadas. Especialmente fabricado para los modelos Norev VW Golf mk2.<\/p>\n<p>Se puede montar f\u00e1cilmente de forma giratoria en los ejes originales. Se recomienda acortar la suspensi\u00f3n acortando la suspensi\u00f3n de resorte de metal original de este modelo.<\/p>\n<p>El conjunto consta de:<\/p>\n<p>4 llantas est\u00e1ndar totalmente cromadas. con centro de borde de color de su elecci\u00f3n (3 opciones de color diferentes)<\/p>\n<p>4x Neum\u00e1ticos deportivos dibujados de nuevo dise\u00f1o<\/p>\n<p>1x embalaje de exhibici\u00f3n sellado<\/p>\n<p>Juego de llantas de di\u00e1metro: 29,5 mm, incluidos los neum\u00e1ticos, ancho: 12 mm<\/p>\n<p>Las llantas delanteras tienen 2,5 mm de profundidad y las traseras 4 mm (ancho)<\/p>\n<p>Material: pl\u00e1stico con neum\u00e1ticos de goma.<\/p>\n<p>\u00a0<\/p>","protected":false},"excerpt":{"rendered":"<p>1:18 BBS RM look 15 inch velgenset. Speciaal gemaakt voor de Norev VW Golf mk2 modellen. Kan eenvoudig op de originele asjes draaibaar gemonteerd worden. Aangeraden wordt wel om de vering in te korten door middel van het inkorten van de originele metalen spring vering van dit model. De set bestaat uit: 4x Standaard volledig [&hellip;]<\/p>\n","protected":false},"featured_media":104331,"template":"","meta":[],"product_brand":[],"product_cat":[1122,1677],"product_tag":[],"class_list":{"0":"post-98405","1":"product","2":"type-product","3":"status-publish","4":"has-post-thumbnail","6":"product_cat-1-18-velgen","7":"product_cat-15-inch-1-18-universele-velgen","8":"pa_kleurvelghart-glanszwart","9":"pa_kleurvelghart-goud","10":"pa_kleurvelghart-zilver","11":"pa_velgemblemen-74-bbstextroodachtergrondinzi","12":"pa_velgemblemen-bbstextzilverachtergrondzwart","13":"pa_velgemblemen-geenemblemen","14":"pa_velgemblemen-vw","16":"first","17":"instock","18":"taxable","19":"shipping-taxable","20":"purchasable","21":"product-type-variable"},"yoast_head":"<!-- This site is optimized with the Yoast SEO plugin v27.5 - https:\/\/yoast.com\/product\/yoast-seo-wordpress\/ -->\n<title>1:18 BBS RM 15 inch velgenset geschikt voor Norev VW Golf mk2 - SDmodelcartuning.com<\/title>\n<meta name=\"robots\" content=\"index, follow, max-snippet:-1, max-image-preview:large, max-video-preview:-1\" \/>\n<link rel=\"canonical\" href=\"https:\/\/www.sdmodelcartuning.com\/es\/producto\/118-bbs-rm-15-pulgadas-llanta-adecuada-para-norev-vw-golf-mk2\/\" \/>\n<meta property=\"og:locale\" content=\"es_ES\" \/>\n<meta property=\"og:type\" content=\"article\" \/>\n<meta property=\"og:title\" content=\"1:18 BBS RM 15 inch velgenset geschikt voor Norev VW Golf mk2 - SDmodelcartuning.com\" \/>\n<meta property=\"og:description\" content=\"1:18 BBS RM look 15 inch velgenset. Speciaal gemaakt voor de Norev VW Golf mk2 modellen. Kan eenvoudig op de originele asjes draaibaar gemonteerd worden. Aangeraden wordt wel om de vering in te korten door middel van het inkorten van de originele metalen spring vering van dit model. De set bestaat uit: 4x Standaard volledig [&hellip;]\" \/>\n<meta property=\"og:url\" content=\"https:\/\/www.sdmodelcartuning.com\/es\/producto\/118-bbs-rm-15-pulgadas-llanta-adecuada-para-norev-vw-golf-mk2\/\" \/>\n<meta property=\"og:site_name\" content=\"SDmodelcartuning.com\" \/>\n<meta property=\"article:modified_time\" content=\"2025-11-21T10:15:51+00:00\" \/>\n<meta property=\"og:image\" content=\"https:\/\/www.sdmodelcartuning.com\/wp-content\/uploads\/2021\/07\/1933699227_20211221_105423_3132451_resized.jpg\" \/>\n\t<meta property=\"og:image:width\" content=\"1152\" \/>\n\t<meta property=\"og:image:height\" content=\"864\" \/>\n\t<meta property=\"og:image:type\" content=\"image\/jpeg\" \/>\n<meta name=\"twitter:card\" content=\"summary_large_image\" \/>\n<meta name=\"twitter:label1\" content=\"Tiempo de lectura\" \/>\n\t<meta name=\"twitter:data1\" content=\"1 minuto\" \/>\n<script type=\"application\/ld+json\" class=\"yoast-schema-graph\">{\"@context\":\"https:\\\/\\\/schema.org\",\"@graph\":[{\"@type\":\"WebPage\",\"@id\":\"https:\\\/\\\/www.sdmodelcartuning.com\\\/product\\\/118-bbs-rm-15-inch-velgenset-geschikt-voor-norev-vw-golf-mk2\\\/\",\"url\":\"https:\\\/\\\/www.sdmodelcartuning.com\\\/product\\\/118-bbs-rm-15-inch-velgenset-geschikt-voor-norev-vw-golf-mk2\\\/\",\"name\":\"1:18 BBS RM 15 inch velgenset geschikt voor Norev VW Golf mk2 - SDmodelcartuning.com\",\"isPartOf\":{\"@id\":\"https:\\\/\\\/www.sdmodelcartuning.com\\\/#website\"},\"primaryImageOfPage\":{\"@id\":\"https:\\\/\\\/www.sdmodelcartuning.com\\\/product\\\/118-bbs-rm-15-inch-velgenset-geschikt-voor-norev-vw-golf-mk2\\\/#primaryimage\"},\"image\":{\"@id\":\"https:\\\/\\\/www.sdmodelcartuning.com\\\/product\\\/118-bbs-rm-15-inch-velgenset-geschikt-voor-norev-vw-golf-mk2\\\/#primaryimage\"},\"thumbnailUrl\":\"https:\\\/\\\/www.sdmodelcartuning.com\\\/wp-content\\\/uploads\\\/2021\\\/07\\\/1933699227_20211221_105423_3132451_resized.jpg\",\"datePublished\":\"2021-07-06T15:01:07+00:00\",\"dateModified\":\"2025-11-21T10:15:51+00:00\",\"breadcrumb\":{\"@id\":\"https:\\\/\\\/www.sdmodelcartuning.com\\\/product\\\/118-bbs-rm-15-inch-velgenset-geschikt-voor-norev-vw-golf-mk2\\\/#breadcrumb\"},\"inLanguage\":\"es\",\"potentialAction\":[{\"@type\":\"ReadAction\",\"target\":[\"https:\\\/\\\/www.sdmodelcartuning.com\\\/product\\\/118-bbs-rm-15-inch-velgenset-geschikt-voor-norev-vw-golf-mk2\\\/\"]}]},{\"@type\":\"ImageObject\",\"inLanguage\":\"es\",\"@id\":\"https:\\\/\\\/www.sdmodelcartuning.com\\\/product\\\/118-bbs-rm-15-inch-velgenset-geschikt-voor-norev-vw-golf-mk2\\\/#primaryimage\",\"url\":\"https:\\\/\\\/www.sdmodelcartuning.com\\\/wp-content\\\/uploads\\\/2021\\\/07\\\/1933699227_20211221_105423_3132451_resized.jpg\",\"contentUrl\":\"https:\\\/\\\/www.sdmodelcartuning.com\\\/wp-content\\\/uploads\\\/2021\\\/07\\\/1933699227_20211221_105423_3132451_resized.jpg\",\"width\":1152,\"height\":864},{\"@type\":\"BreadcrumbList\",\"@id\":\"https:\\\/\\\/www.sdmodelcartuning.com\\\/product\\\/118-bbs-rm-15-inch-velgenset-geschikt-voor-norev-vw-golf-mk2\\\/#breadcrumb\",\"itemListElement\":[{\"@type\":\"ListItem\",\"position\":1,\"name\":\"Home\",\"item\":\"https:\\\/\\\/www.sdmodelcartuning.com\\\/\"},{\"@type\":\"ListItem\",\"position\":2,\"name\":\"Winkel\",\"item\":\"https:\\\/\\\/www.sdmodelcartuning.com\\\/it\\\/winkel\\\/\"},{\"@type\":\"ListItem\",\"position\":3,\"name\":\"1:18 BBS RM 15 inch velgenset geschikt voor Norev VW Golf mk2\"}]},{\"@type\":\"WebSite\",\"@id\":\"https:\\\/\\\/www.sdmodelcartuning.com\\\/#website\",\"url\":\"https:\\\/\\\/www.sdmodelcartuning.com\\\/\",\"name\":\"SDmodelcartuning.com\",\"description\":\"De miniaturen en toebehoren shop van Nederland\",\"publisher\":{\"@id\":\"https:\\\/\\\/www.sdmodelcartuning.com\\\/#organization\"},\"potentialAction\":[{\"@type\":\"SearchAction\",\"target\":{\"@type\":\"EntryPoint\",\"urlTemplate\":\"https:\\\/\\\/www.sdmodelcartuning.com\\\/?s={search_term_string}\"},\"query-input\":{\"@type\":\"PropertyValueSpecification\",\"valueRequired\":true,\"valueName\":\"search_term_string\"}}],\"inLanguage\":\"es\"},{\"@type\":\"Organization\",\"@id\":\"https:\\\/\\\/www.sdmodelcartuning.com\\\/#organization\",\"name\":\"SDmodelcartuning.com\",\"url\":\"https:\\\/\\\/www.sdmodelcartuning.com\\\/\",\"logo\":{\"@type\":\"ImageObject\",\"inLanguage\":\"es\",\"@id\":\"https:\\\/\\\/www.sdmodelcartuning.com\\\/#\\\/schema\\\/logo\\\/image\\\/\",\"url\":\"https:\\\/\\\/www.sdmodelcartuning.com\\\/wp-content\\\/uploads\\\/2020\\\/09\\\/logo-retina.png\",\"contentUrl\":\"https:\\\/\\\/www.sdmodelcartuning.com\\\/wp-content\\\/uploads\\\/2020\\\/09\\\/logo-retina.png\",\"width\":463,\"height\":150,\"caption\":\"SDmodelcartuning.com\"},\"image\":{\"@id\":\"https:\\\/\\\/www.sdmodelcartuning.com\\\/#\\\/schema\\\/logo\\\/image\\\/\"}}]}<\/script>\n<!-- \/ Yoast SEO plugin. -->","yoast_head_json":{"title":"1:18 BBS RM Juego de ruedas de 15 pulgadas adecuado para Norev VW Golf mk2 - SDmodelcartuning.com","robots":{"index":"index","follow":"follow","max-snippet":"max-snippet:-1","max-image-preview":"max-image-preview:large","max-video-preview":"max-video-preview:-1"},"canonical":"https:\/\/www.sdmodelcartuning.com\/es\/producto\/118-bbs-rm-15-pulgadas-llanta-adecuada-para-norev-vw-golf-mk2\/","og_locale":"es_ES","og_type":"article","og_title":"1:18 BBS RM 15 inch velgenset geschikt voor Norev VW Golf mk2 - SDmodelcartuning.com","og_description":"1:18 BBS RM look 15 inch velgenset. Speciaal gemaakt voor de Norev VW Golf mk2 modellen. Kan eenvoudig op de originele asjes draaibaar gemonteerd worden. Aangeraden wordt wel om de vering in te korten door middel van het inkorten van de originele metalen spring vering van dit model. De set bestaat uit: 4x Standaard volledig [&hellip;]","og_url":"https:\/\/www.sdmodelcartuning.com\/es\/producto\/118-bbs-rm-15-pulgadas-llanta-adecuada-para-norev-vw-golf-mk2\/","og_site_name":"SDmodelcartuning.com","article_modified_time":"2025-11-21T10:15:51+00:00","og_image":[{"width":1152,"height":864,"url":"https:\/\/www.sdmodelcartuning.com\/wp-content\/uploads\/2021\/07\/1933699227_20211221_105423_3132451_resized.jpg","type":"image\/jpeg"}],"twitter_card":"summary_large_image","twitter_misc":{"Tiempo de lectura":"1 minuto"},"schema":{"@context":"https:\/\/schema.org","@graph":[{"@type":"WebPage","@id":"https:\/\/www.sdmodelcartuning.com\/product\/118-bbs-rm-15-inch-velgenset-geschikt-voor-norev-vw-golf-mk2\/","url":"https:\/\/www.sdmodelcartuning.com\/product\/118-bbs-rm-15-inch-velgenset-geschikt-voor-norev-vw-golf-mk2\/","name":"1:18 BBS RM Juego de ruedas de 15 pulgadas adecuado para Norev VW Golf mk2 - SDmodelcartuning.com","isPartOf":{"@id":"https:\/\/www.sdmodelcartuning.com\/#website"},"primaryImageOfPage":{"@id":"https:\/\/www.sdmodelcartuning.com\/product\/118-bbs-rm-15-inch-velgenset-geschikt-voor-norev-vw-golf-mk2\/#primaryimage"},"image":{"@id":"https:\/\/www.sdmodelcartuning.com\/product\/118-bbs-rm-15-inch-velgenset-geschikt-voor-norev-vw-golf-mk2\/#primaryimage"},"thumbnailUrl":"https:\/\/www.sdmodelcartuning.com\/wp-content\/uploads\/2021\/07\/1933699227_20211221_105423_3132451_resized.jpg","datePublished":"2021-07-06T15:01:07+00:00","dateModified":"2025-11-21T10:15:51+00:00","breadcrumb":{"@id":"https:\/\/www.sdmodelcartuning.com\/product\/118-bbs-rm-15-inch-velgenset-geschikt-voor-norev-vw-golf-mk2\/#breadcrumb"},"inLanguage":"es","potentialAction":[{"@type":"ReadAction","target":["https:\/\/www.sdmodelcartuning.com\/product\/118-bbs-rm-15-inch-velgenset-geschikt-voor-norev-vw-golf-mk2\/"]}]},{"@type":"ImageObject","inLanguage":"es","@id":"https:\/\/www.sdmodelcartuning.com\/product\/118-bbs-rm-15-inch-velgenset-geschikt-voor-norev-vw-golf-mk2\/#primaryimage","url":"https:\/\/www.sdmodelcartuning.com\/wp-content\/uploads\/2021\/07\/1933699227_20211221_105423_3132451_resized.jpg","contentUrl":"https:\/\/www.sdmodelcartuning.com\/wp-content\/uploads\/2021\/07\/1933699227_20211221_105423_3132451_resized.jpg","width":1152,"height":864},{"@type":"BreadcrumbList","@id":"https:\/\/www.sdmodelcartuning.com\/product\/118-bbs-rm-15-inch-velgenset-geschikt-voor-norev-vw-golf-mk2\/#breadcrumb","itemListElement":[{"@type":"ListItem","position":1,"name":"Home","item":"https:\/\/www.sdmodelcartuning.com\/"},{"@type":"ListItem","position":2,"name":"Winkel","item":"https:\/\/www.sdmodelcartuning.com\/it\/winkel\/"},{"@type":"ListItem","position":3,"name":"1:18 BBS RM 15 inch velgenset geschikt voor Norev VW Golf mk2"}]},{"@type":"WebSite","@id":"https:\/\/www.sdmodelcartuning.com\/#website","url":"https:\/\/www.sdmodelcartuning.com\/","name":"SDmodelcartuning.com","description":"La tienda de miniaturas y accesorios de Holanda","publisher":{"@id":"https:\/\/www.sdmodelcartuning.com\/#organization"},"potentialAction":[{"@type":"SearchAction","target":{"@type":"EntryPoint","urlTemplate":"https:\/\/www.sdmodelcartuning.com\/?s={search_term_string}"},"query-input":{"@type":"PropertyValueSpecification","valueRequired":true,"valueName":"search_term_string"}}],"inLanguage":"es"},{"@type":"Organization","@id":"https:\/\/www.sdmodelcartuning.com\/#organization","name":"SDmodelcartuning.com","url":"https:\/\/www.sdmodelcartuning.com\/","logo":{"@type":"ImageObject","inLanguage":"es","@id":"https:\/\/www.sdmodelcartuning.com\/#\/schema\/logo\/image\/","url":"https:\/\/www.sdmodelcartuning.com\/wp-content\/uploads\/2020\/09\/logo-retina.png","contentUrl":"https:\/\/www.sdmodelcartuning.com\/wp-content\/uploads\/2020\/09\/logo-retina.png","width":463,"height":150,"caption":"SDmodelcartuning.com"},"image":{"@id":"https:\/\/www.sdmodelcartuning.com\/#\/schema\/logo\/image\/"}}]}},"_links":{"self":[{"href":"https:\/\/www.sdmodelcartuning.com\/es\/wp-json\/wp\/v2\/product\/98405","targetHints":{"allow":["GET"]}}],"collection":[{"href":"https:\/\/www.sdmodelcartuning.com\/es\/wp-json\/wp\/v2\/product"}],"about":[{"href":"https:\/\/www.sdmodelcartuning.com\/es\/wp-json\/wp\/v2\/types\/product"}],"version-history":[{"count":1,"href":"https:\/\/www.sdmodelcartuning.com\/es\/wp-json\/wp\/v2\/product\/98405\/revisions"}],"predecessor-version":[{"id":157905,"href":"https:\/\/www.sdmodelcartuning.com\/es\/wp-json\/wp\/v2\/product\/98405\/revisions\/157905"}],"wp:featuredmedia":[{"embeddable":true,"href":"https:\/\/www.sdmodelcartuning.com\/es\/wp-json\/wp\/v2\/media\/104331"}],"wp:attachment":[{"href":"https:\/\/www.sdmodelcartuning.com\/es\/wp-json\/wp\/v2\/media?parent=98405"}],"wp:term":[{"taxonomy":"product_brand","embeddable":true,"href":"https:\/\/www.sdmodelcartuning.com\/es\/wp-json\/wp\/v2\/product_brand?post=98405"},{"taxonomy":"product_cat","embeddable":true,"href":"https:\/\/www.sdmodelcartuning.com\/es\/wp-json\/wp\/v2\/product_cat?post=98405"},{"taxonomy":"product_tag","embeddable":true,"href":"https:\/\/www.sdmodelcartuning.com\/es\/wp-json\/wp\/v2\/product_tag?post=98405"}],"curies":[{"name":"wp","href":"https:\/\/api.w.org\/{rel}","templated":true}]}}