{"id":87228,"date":"2022-05-30T12:19:46","date_gmt":"2022-05-30T11:19:46","guid":{"rendered":"http:\/\/www.sdmodelcartuning.com\/?post_type=product&#038;p=87228"},"modified":"2026-04-24T13:38:37","modified_gmt":"2026-04-24T11:38:37","slug":"118-schaal-garage-diorama","status":"publish","type":"product","link":"https:\/\/www.sdmodelcartuning.com\/es\/producto\/diorama-de-garaje-a-escala-118\/","title":{"rendered":"Diorama de garaje a escala 1:18"},"content":{"rendered":"<p><span title=\"\">Diorama de garaje a escala 1\/18 - Se trata de un kit de construcci\u00f3n de un armario diorama totalmente equipado, tal y como se muestra, incl. iluminaci\u00f3n LED y ventana corredera.<\/span><\/p>\n<p>A\u00fan as\u00ed, tendr\u00e1s que montarlo t\u00fa mismo (15-20 minutos de construcci\u00f3n).<\/p>\n<p>Diorama 3D muy realista.<\/p>\n<p><span title=\"\">Dimensiones: 54x39x26cm<\/span><\/p>\n<p><span title=\"\">Peso: 6,5 kg.<\/span><\/p>\n<p><span title=\"\">Edici\u00f3n limitada as\u00ed que se fue = se fue\u00a0<\/span><\/p>\n<p><span title=\"\">Se entregar\u00e1 excluyendo modelo de coche y figura.<\/span><\/p>\n<p>TENGA EN CUENTA: DEBIDO AL GRAN TAMA\u00d1O, ESTE PRODUCTO PUEDE LIMITARSE A ENVIAR COMBINADO CON OTROS PRODUCTOS. PARA PEDIDOS GRANDES, LOS GASTOS DE ENV\u00cdO EXTRA DEBEN COBRARSE DESPU\u00c9S DEL C\u00c1LCULO. (Por supuesto en consulta)<\/p>","protected":false},"excerpt":{"rendered":"<p>1\/18 schaal Garage diorama &#8211; Dit is een complete ingerichte dioramakast bouwkit, zoals afgebeeld, incl. LED verlichting en schuifraam. Deze dient u dus nog zelf in elkaar te zetten (15 &#8211; 20 minuten bouwtijd) Zeer realistisch 3D Diorama. Afmetingen: 54x39x26cm Gewicht: 6.5Kg. Beperkte oplage dus op = op\u00a0 Wordt geleverd excl. modelauto en figuur. LET [&hellip;]<\/p>","protected":false},"featured_media":146497,"template":"","meta":[],"product_brand":[],"product_cat":[1143,1665],"product_tag":[],"class_list":{"0":"post-87228","1":"product","2":"type-product","3":"status-publish","4":"has-post-thumbnail","6":"product_cat-dioramas","7":"product_cat-schaal-1-18-diorama-toebehoren","9":"first","10":"instock","11":"sale","12":"featured","13":"taxable","14":"shipping-taxable","15":"purchasable","16":"product-type-simple"},"yoast_head":"<!-- This site is optimized with the Yoast SEO plugin v27.4 - https:\/\/yoast.com\/product\/yoast-seo-wordpress\/ -->\n<title>1:18 Schaal Garage diorama - SDmodelcartuning.com<\/title>\n<meta name=\"robots\" content=\"index, follow, max-snippet:-1, max-image-preview:large, max-video-preview:-1\" \/>\n<link rel=\"canonical\" href=\"https:\/\/www.sdmodelcartuning.com\/es\/producto\/diorama-de-garaje-a-escala-118\/\" \/>\n<meta property=\"og:locale\" content=\"es_ES\" \/>\n<meta property=\"og:type\" content=\"article\" \/>\n<meta property=\"og:title\" content=\"1:18 Schaal Garage diorama - SDmodelcartuning.com\" \/>\n<meta property=\"og:description\" content=\"1\/18 schaal Garage diorama &#8211; Dit is een complete ingerichte dioramakast bouwkit, zoals afgebeeld, incl. LED verlichting en schuifraam. Deze dient u dus nog zelf in elkaar te zetten (15 &#8211; 20 minuten bouwtijd) Zeer realistisch 3D Diorama. Afmetingen: 54x39x26cm Gewicht: 6.5Kg. Beperkte oplage dus op = op\u00a0 Wordt geleverd excl. modelauto en figuur. LET [&hellip;]\" \/>\n<meta property=\"og:url\" content=\"https:\/\/www.sdmodelcartuning.com\/es\/producto\/diorama-de-garaje-a-escala-118\/\" \/>\n<meta property=\"og:site_name\" content=\"SDmodelcartuning.com\" \/>\n<meta property=\"article:modified_time\" content=\"2026-04-24T11:38:37+00:00\" \/>\n<meta property=\"og:image\" content=\"https:\/\/www.sdmodelcartuning.com\/wp-content\/uploads\/2022\/05\/20250129_193305.jpg\" \/>\n\t<meta property=\"og:image:width\" content=\"1584\" \/>\n\t<meta property=\"og:image:height\" content=\"779\" \/>\n\t<meta property=\"og:image:type\" content=\"image\/jpeg\" \/>\n<meta name=\"twitter:card\" content=\"summary_large_image\" \/>\n<meta name=\"twitter:label1\" content=\"Tiempo de lectura\" \/>\n\t<meta name=\"twitter:data1\" content=\"1 minuto\" \/>\n<script type=\"application\/ld+json\" class=\"yoast-schema-graph\">{\"@context\":\"https:\\\/\\\/schema.org\",\"@graph\":[{\"@type\":\"WebPage\",\"@id\":\"https:\\\/\\\/www.sdmodelcartuning.com\\\/product\\\/118-schaal-garage-diorama\\\/\",\"url\":\"https:\\\/\\\/www.sdmodelcartuning.com\\\/product\\\/118-schaal-garage-diorama\\\/\",\"name\":\"1:18 Schaal Garage diorama - SDmodelcartuning.com\",\"isPartOf\":{\"@id\":\"https:\\\/\\\/www.sdmodelcartuning.com\\\/#website\"},\"primaryImageOfPage\":{\"@id\":\"https:\\\/\\\/www.sdmodelcartuning.com\\\/product\\\/118-schaal-garage-diorama\\\/#primaryimage\"},\"image\":{\"@id\":\"https:\\\/\\\/www.sdmodelcartuning.com\\\/product\\\/118-schaal-garage-diorama\\\/#primaryimage\"},\"thumbnailUrl\":\"https:\\\/\\\/www.sdmodelcartuning.com\\\/wp-content\\\/uploads\\\/2022\\\/05\\\/20250129_193305.jpg\",\"datePublished\":\"2022-05-30T11:19:46+00:00\",\"dateModified\":\"2026-04-24T11:38:37+00:00\",\"breadcrumb\":{\"@id\":\"https:\\\/\\\/www.sdmodelcartuning.com\\\/product\\\/118-schaal-garage-diorama\\\/#breadcrumb\"},\"inLanguage\":\"es\",\"potentialAction\":[{\"@type\":\"ReadAction\",\"target\":[\"https:\\\/\\\/www.sdmodelcartuning.com\\\/product\\\/118-schaal-garage-diorama\\\/\"]}]},{\"@type\":\"ImageObject\",\"inLanguage\":\"es\",\"@id\":\"https:\\\/\\\/www.sdmodelcartuning.com\\\/product\\\/118-schaal-garage-diorama\\\/#primaryimage\",\"url\":\"https:\\\/\\\/www.sdmodelcartuning.com\\\/wp-content\\\/uploads\\\/2022\\\/05\\\/20250129_193305.jpg\",\"contentUrl\":\"https:\\\/\\\/www.sdmodelcartuning.com\\\/wp-content\\\/uploads\\\/2022\\\/05\\\/20250129_193305.jpg\",\"width\":1584,\"height\":779},{\"@type\":\"BreadcrumbList\",\"@id\":\"https:\\\/\\\/www.sdmodelcartuning.com\\\/product\\\/118-schaal-garage-diorama\\\/#breadcrumb\",\"itemListElement\":[{\"@type\":\"ListItem\",\"position\":1,\"name\":\"Home\",\"item\":\"https:\\\/\\\/www.sdmodelcartuning.com\\\/\"},{\"@type\":\"ListItem\",\"position\":2,\"name\":\"Winkel\",\"item\":\"https:\\\/\\\/www.sdmodelcartuning.com\\\/it\\\/winkel\\\/\"},{\"@type\":\"ListItem\",\"position\":3,\"name\":\"1:18 Schaal Garage diorama\"}]},{\"@type\":\"WebSite\",\"@id\":\"https:\\\/\\\/www.sdmodelcartuning.com\\\/#website\",\"url\":\"https:\\\/\\\/www.sdmodelcartuning.com\\\/\",\"name\":\"SDmodelcartuning.com\",\"description\":\"De miniaturen en toebehoren shop van Nederland\",\"publisher\":{\"@id\":\"https:\\\/\\\/www.sdmodelcartuning.com\\\/#organization\"},\"potentialAction\":[{\"@type\":\"SearchAction\",\"target\":{\"@type\":\"EntryPoint\",\"urlTemplate\":\"https:\\\/\\\/www.sdmodelcartuning.com\\\/?s={search_term_string}\"},\"query-input\":{\"@type\":\"PropertyValueSpecification\",\"valueRequired\":true,\"valueName\":\"search_term_string\"}}],\"inLanguage\":\"es\"},{\"@type\":\"Organization\",\"@id\":\"https:\\\/\\\/www.sdmodelcartuning.com\\\/#organization\",\"name\":\"SDmodelcartuning.com\",\"url\":\"https:\\\/\\\/www.sdmodelcartuning.com\\\/\",\"logo\":{\"@type\":\"ImageObject\",\"inLanguage\":\"es\",\"@id\":\"https:\\\/\\\/www.sdmodelcartuning.com\\\/#\\\/schema\\\/logo\\\/image\\\/\",\"url\":\"https:\\\/\\\/www.sdmodelcartuning.com\\\/wp-content\\\/uploads\\\/2020\\\/09\\\/logo-retina.png\",\"contentUrl\":\"https:\\\/\\\/www.sdmodelcartuning.com\\\/wp-content\\\/uploads\\\/2020\\\/09\\\/logo-retina.png\",\"width\":463,\"height\":150,\"caption\":\"SDmodelcartuning.com\"},\"image\":{\"@id\":\"https:\\\/\\\/www.sdmodelcartuning.com\\\/#\\\/schema\\\/logo\\\/image\\\/\"}}]}<\/script>\n<!-- \/ Yoast SEO plugin. -->","yoast_head_json":{"title":"Diorama de garaje a escala 1:18 - SDmodelcartuning.com","robots":{"index":"index","follow":"follow","max-snippet":"max-snippet:-1","max-image-preview":"max-image-preview:large","max-video-preview":"max-video-preview:-1"},"canonical":"https:\/\/www.sdmodelcartuning.com\/es\/producto\/diorama-de-garaje-a-escala-118\/","og_locale":"es_ES","og_type":"article","og_title":"1:18 Schaal Garage diorama - SDmodelcartuning.com","og_description":"1\/18 schaal Garage diorama &#8211; Dit is een complete ingerichte dioramakast bouwkit, zoals afgebeeld, incl. LED verlichting en schuifraam. Deze dient u dus nog zelf in elkaar te zetten (15 &#8211; 20 minuten bouwtijd) Zeer realistisch 3D Diorama. Afmetingen: 54x39x26cm Gewicht: 6.5Kg. Beperkte oplage dus op = op\u00a0 Wordt geleverd excl. modelauto en figuur. LET [&hellip;]","og_url":"https:\/\/www.sdmodelcartuning.com\/es\/producto\/diorama-de-garaje-a-escala-118\/","og_site_name":"SDmodelcartuning.com","article_modified_time":"2026-04-24T11:38:37+00:00","og_image":[{"width":1584,"height":779,"url":"https:\/\/www.sdmodelcartuning.com\/wp-content\/uploads\/2022\/05\/20250129_193305.jpg","type":"image\/jpeg"}],"twitter_card":"summary_large_image","twitter_misc":{"Tiempo de lectura":"1 minuto"},"schema":{"@context":"https:\/\/schema.org","@graph":[{"@type":"WebPage","@id":"https:\/\/www.sdmodelcartuning.com\/product\/118-schaal-garage-diorama\/","url":"https:\/\/www.sdmodelcartuning.com\/product\/118-schaal-garage-diorama\/","name":"Diorama de garaje a escala 1:18 - SDmodelcartuning.com","isPartOf":{"@id":"https:\/\/www.sdmodelcartuning.com\/#website"},"primaryImageOfPage":{"@id":"https:\/\/www.sdmodelcartuning.com\/product\/118-schaal-garage-diorama\/#primaryimage"},"image":{"@id":"https:\/\/www.sdmodelcartuning.com\/product\/118-schaal-garage-diorama\/#primaryimage"},"thumbnailUrl":"https:\/\/www.sdmodelcartuning.com\/wp-content\/uploads\/2022\/05\/20250129_193305.jpg","datePublished":"2022-05-30T11:19:46+00:00","dateModified":"2026-04-24T11:38:37+00:00","breadcrumb":{"@id":"https:\/\/www.sdmodelcartuning.com\/product\/118-schaal-garage-diorama\/#breadcrumb"},"inLanguage":"es","potentialAction":[{"@type":"ReadAction","target":["https:\/\/www.sdmodelcartuning.com\/product\/118-schaal-garage-diorama\/"]}]},{"@type":"ImageObject","inLanguage":"es","@id":"https:\/\/www.sdmodelcartuning.com\/product\/118-schaal-garage-diorama\/#primaryimage","url":"https:\/\/www.sdmodelcartuning.com\/wp-content\/uploads\/2022\/05\/20250129_193305.jpg","contentUrl":"https:\/\/www.sdmodelcartuning.com\/wp-content\/uploads\/2022\/05\/20250129_193305.jpg","width":1584,"height":779},{"@type":"BreadcrumbList","@id":"https:\/\/www.sdmodelcartuning.com\/product\/118-schaal-garage-diorama\/#breadcrumb","itemListElement":[{"@type":"ListItem","position":1,"name":"Home","item":"https:\/\/www.sdmodelcartuning.com\/"},{"@type":"ListItem","position":2,"name":"Winkel","item":"https:\/\/www.sdmodelcartuning.com\/it\/winkel\/"},{"@type":"ListItem","position":3,"name":"1:18 Schaal Garage diorama"}]},{"@type":"WebSite","@id":"https:\/\/www.sdmodelcartuning.com\/#website","url":"https:\/\/www.sdmodelcartuning.com\/","name":"SDmodelcartuning.com","description":"La tienda de miniaturas y accesorios de Holanda","publisher":{"@id":"https:\/\/www.sdmodelcartuning.com\/#organization"},"potentialAction":[{"@type":"SearchAction","target":{"@type":"EntryPoint","urlTemplate":"https:\/\/www.sdmodelcartuning.com\/?s={search_term_string}"},"query-input":{"@type":"PropertyValueSpecification","valueRequired":true,"valueName":"search_term_string"}}],"inLanguage":"es"},{"@type":"Organization","@id":"https:\/\/www.sdmodelcartuning.com\/#organization","name":"SDmodelcartuning.com","url":"https:\/\/www.sdmodelcartuning.com\/","logo":{"@type":"ImageObject","inLanguage":"es","@id":"https:\/\/www.sdmodelcartuning.com\/#\/schema\/logo\/image\/","url":"https:\/\/www.sdmodelcartuning.com\/wp-content\/uploads\/2020\/09\/logo-retina.png","contentUrl":"https:\/\/www.sdmodelcartuning.com\/wp-content\/uploads\/2020\/09\/logo-retina.png","width":463,"height":150,"caption":"SDmodelcartuning.com"},"image":{"@id":"https:\/\/www.sdmodelcartuning.com\/#\/schema\/logo\/image\/"}}]}},"_links":{"self":[{"href":"https:\/\/www.sdmodelcartuning.com\/es\/wp-json\/wp\/v2\/product\/87228","targetHints":{"allow":["GET"]}}],"collection":[{"href":"https:\/\/www.sdmodelcartuning.com\/es\/wp-json\/wp\/v2\/product"}],"about":[{"href":"https:\/\/www.sdmodelcartuning.com\/es\/wp-json\/wp\/v2\/types\/product"}],"version-history":[{"count":1,"href":"https:\/\/www.sdmodelcartuning.com\/es\/wp-json\/wp\/v2\/product\/87228\/revisions"}],"predecessor-version":[{"id":146169,"href":"https:\/\/www.sdmodelcartuning.com\/es\/wp-json\/wp\/v2\/product\/87228\/revisions\/146169"}],"wp:featuredmedia":[{"embeddable":true,"href":"https:\/\/www.sdmodelcartuning.com\/es\/wp-json\/wp\/v2\/media\/146497"}],"wp:attachment":[{"href":"https:\/\/www.sdmodelcartuning.com\/es\/wp-json\/wp\/v2\/media?parent=87228"}],"wp:term":[{"taxonomy":"product_brand","embeddable":true,"href":"https:\/\/www.sdmodelcartuning.com\/es\/wp-json\/wp\/v2\/product_brand?post=87228"},{"taxonomy":"product_cat","embeddable":true,"href":"https:\/\/www.sdmodelcartuning.com\/es\/wp-json\/wp\/v2\/product_cat?post=87228"},{"taxonomy":"product_tag","embeddable":true,"href":"https:\/\/www.sdmodelcartuning.com\/es\/wp-json\/wp\/v2\/product_tag?post=87228"}],"curies":[{"name":"wp","href":"https:\/\/api.w.org\/{rel}","templated":true}]}}