{"id":62901,"date":"2020-06-26T11:07:11","date_gmt":"2020-06-26T11:07:11","guid":{"rendered":"http:\/\/sdmodelcartuning.local\/product\/118-bbs-lm-r-velgenset-19inch\/"},"modified":"2025-11-21T11:15:50","modified_gmt":"2025-11-21T10:15:50","slug":"118-bbs-lm-r-velgenset-19inch","status":"publish","type":"product","link":"https:\/\/www.sdmodelcartuning.com\/es\/producto\/118-bbs-lm-r-juego-de-llantas-19-pulgadas\/","title":{"rendered":"Juego de llantas 1:18 BBS LM-R 19 pulgadas"},"content":{"rendered":"<p>Juego de llantas universales BBS LM-R escala 1\/18 de 19 pulgadas, este juego contiene 4 llantas cromadas completas y 4 llantas deportivas de perfil.<\/p>\n<p>Tambi\u00e9n puedes elegir el color del coraz\u00f3n de la llanta: dorado, plateado o gunmetal\/gris.<\/p>\n<p>Las llantas tienen un di\u00e1metro de 34,5 mm, incluidos los neum\u00e1ticos, y las llantas traseras tienen un centro de 6 mm de profundidad y las llantas delanteras de 4 mm.<\/p>\n<p>Material: Pl\u00e1stico y neum\u00e1ticos de caucho.<\/p>\n<p>&nbsp;<\/p>","protected":false},"excerpt":{"rendered":"<p>Juego de llantas universales BBS LM-R a escala 1\/18 de 19 pulgadas, este juego incluye 4 llantas totalmente cromadas y 4 neum\u00e1ticos deportivos de perfil. Tambi\u00e9n puede elegir el color del centro de la llanta: oro, plata o bronce\/gris. Las llantas tienen un di\u00e1metro de 34,5 mm, neum\u00e1ticos incluidos, y las llantas traseras tienen un centro de 6 mm de profundidad y las delanteras de 4 mm. Material: Pl\u00e1stico y [...]<\/p>","protected":false},"featured_media":86608,"template":"","meta":[],"product_brand":[],"product_cat":[1701],"product_tag":[],"class_list":{"0":"post-62901","1":"product","2":"type-product","3":"status-publish","4":"has-post-thumbnail","6":"product_cat-19-inch-1-18-universele-velgen","7":"pa_kleurvelghart-zilver","8":"pa_kleurvelghart-goud","9":"pa_kleurvelghart-gunmetal","10":"pa_velgemblemen-geenemblemen","11":"pa_velgemblemen-bmw","12":"pa_velgemblemen-vw","13":"pa_velgemblemen-porsche","14":"pa_velgemblemen-bbstextzilverachtergrondzwart","15":"pa_velgemblemen-74-bbstextroodachtergrondinzi","17":"first","18":"instock","19":"taxable","20":"shipping-taxable","21":"purchasable","22":"product-type-variable","23":"has-default-attributes"},"yoast_head":"<!-- This site is optimized with the Yoast SEO plugin v26.8 - https:\/\/yoast.com\/product\/yoast-seo-wordpress\/ -->\n<title>1:18 BBS LM-R velgenset 19inch - SDmodelcartuning.com<\/title>\n<meta name=\"robots\" content=\"index, follow, max-snippet:-1, max-image-preview:large, max-video-preview:-1\" \/>\n<link rel=\"canonical\" href=\"https:\/\/www.sdmodelcartuning.com\/es\/producto\/118-bbs-lm-r-juego-de-llantas-19-pulgadas\/\" \/>\n<meta property=\"og:locale\" content=\"es_ES\" \/>\n<meta property=\"og:type\" content=\"article\" \/>\n<meta property=\"og:title\" content=\"1:18 BBS LM-R velgenset 19inch - SDmodelcartuning.com\" \/>\n<meta property=\"og:description\" content=\"1\/18 Schaal BBS LM-R universele velgenset 19inch, deze set bevat 4x volledig verchroomde velgen en 4x profiel sportbanden. U kunt ook nog de kleur van het velgenhart kiezen: goud, zilver of gunmetal\/grijs. De velgen zijn \u00a034.5mm in diameter incl. banden en de achtervelgen hebben een 6mm diep hart en de voorvelgen 4mm. Materiaal: Plastic en [&hellip;]\" \/>\n<meta property=\"og:url\" content=\"https:\/\/www.sdmodelcartuning.com\/es\/producto\/118-bbs-lm-r-juego-de-llantas-19-pulgadas\/\" \/>\n<meta property=\"og:site_name\" content=\"SDmodelcartuning.com\" \/>\n<meta property=\"article:modified_time\" content=\"2025-11-21T10:15:50+00:00\" \/>\n<meta property=\"og:image\" content=\"https:\/\/www.sdmodelcartuning.com\/wp-content\/uploads\/2020\/06\/20201028_134737_resized.jpg\" \/>\n\t<meta property=\"og:image:width\" content=\"1152\" \/>\n\t<meta property=\"og:image:height\" content=\"864\" \/>\n\t<meta property=\"og:image:type\" content=\"image\/jpeg\" \/>\n<meta name=\"twitter:card\" content=\"summary_large_image\" \/>\n<meta name=\"twitter:label1\" content=\"Tiempo de lectura\" \/>\n\t<meta name=\"twitter:data1\" content=\"1 minuto\" \/>\n<script type=\"application\/ld+json\" class=\"yoast-schema-graph\">{\"@context\":\"https:\/\/schema.org\",\"@graph\":[{\"@type\":\"WebPage\",\"@id\":\"https:\/\/www.sdmodelcartuning.com\/product\/118-bbs-lm-r-velgenset-19inch\/\",\"url\":\"https:\/\/www.sdmodelcartuning.com\/product\/118-bbs-lm-r-velgenset-19inch\/\",\"name\":\"1:18 BBS LM-R velgenset 19inch - SDmodelcartuning.com\",\"isPartOf\":{\"@id\":\"https:\/\/www.sdmodelcartuning.com\/#website\"},\"primaryImageOfPage\":{\"@id\":\"https:\/\/www.sdmodelcartuning.com\/product\/118-bbs-lm-r-velgenset-19inch\/#primaryimage\"},\"image\":{\"@id\":\"https:\/\/www.sdmodelcartuning.com\/product\/118-bbs-lm-r-velgenset-19inch\/#primaryimage\"},\"thumbnailUrl\":\"https:\/\/www.sdmodelcartuning.com\/wp-content\/uploads\/2020\/06\/20201028_134737_resized.jpg\",\"datePublished\":\"2020-06-26T11:07:11+00:00\",\"dateModified\":\"2025-11-21T10:15:50+00:00\",\"breadcrumb\":{\"@id\":\"https:\/\/www.sdmodelcartuning.com\/product\/118-bbs-lm-r-velgenset-19inch\/#breadcrumb\"},\"inLanguage\":\"es\",\"potentialAction\":[{\"@type\":\"ReadAction\",\"target\":[\"https:\/\/www.sdmodelcartuning.com\/product\/118-bbs-lm-r-velgenset-19inch\/\"]}]},{\"@type\":\"ImageObject\",\"inLanguage\":\"es\",\"@id\":\"https:\/\/www.sdmodelcartuning.com\/product\/118-bbs-lm-r-velgenset-19inch\/#primaryimage\",\"url\":\"https:\/\/www.sdmodelcartuning.com\/wp-content\/uploads\/2020\/06\/20201028_134737_resized.jpg\",\"contentUrl\":\"https:\/\/www.sdmodelcartuning.com\/wp-content\/uploads\/2020\/06\/20201028_134737_resized.jpg\",\"width\":1152,\"height\":864},{\"@type\":\"BreadcrumbList\",\"@id\":\"https:\/\/www.sdmodelcartuning.com\/product\/118-bbs-lm-r-velgenset-19inch\/#breadcrumb\",\"itemListElement\":[{\"@type\":\"ListItem\",\"position\":1,\"name\":\"Home\",\"item\":\"https:\/\/www.sdmodelcartuning.com\/\"},{\"@type\":\"ListItem\",\"position\":2,\"name\":\"Winkel\",\"item\":\"https:\/\/www.sdmodelcartuning.com\/it\/winkel\/\"},{\"@type\":\"ListItem\",\"position\":3,\"name\":\"1:18 BBS LM-R velgenset 19inch\"}]},{\"@type\":\"WebSite\",\"@id\":\"https:\/\/www.sdmodelcartuning.com\/#website\",\"url\":\"https:\/\/www.sdmodelcartuning.com\/\",\"name\":\"SDmodelcartuning.com\",\"description\":\"De miniaturen en toebehoren shop van Nederland\",\"publisher\":{\"@id\":\"https:\/\/www.sdmodelcartuning.com\/#organization\"},\"potentialAction\":[{\"@type\":\"SearchAction\",\"target\":{\"@type\":\"EntryPoint\",\"urlTemplate\":\"https:\/\/www.sdmodelcartuning.com\/?s={search_term_string}\"},\"query-input\":{\"@type\":\"PropertyValueSpecification\",\"valueRequired\":true,\"valueName\":\"search_term_string\"}}],\"inLanguage\":\"es\"},{\"@type\":\"Organization\",\"@id\":\"https:\/\/www.sdmodelcartuning.com\/#organization\",\"name\":\"SDmodelcartuning.com\",\"url\":\"https:\/\/www.sdmodelcartuning.com\/\",\"logo\":{\"@type\":\"ImageObject\",\"inLanguage\":\"es\",\"@id\":\"https:\/\/www.sdmodelcartuning.com\/#\/schema\/logo\/image\/\",\"url\":\"https:\/\/www.sdmodelcartuning.com\/wp-content\/uploads\/2020\/09\/logo-retina.png\",\"contentUrl\":\"https:\/\/www.sdmodelcartuning.com\/wp-content\/uploads\/2020\/09\/logo-retina.png\",\"width\":463,\"height\":150,\"caption\":\"SDmodelcartuning.com\"},\"image\":{\"@id\":\"https:\/\/www.sdmodelcartuning.com\/#\/schema\/logo\/image\/\"}}]}<\/script>\n<!-- \/ Yoast SEO plugin. -->","yoast_head_json":{"title":"1:18 BBS LM-R juego de llantas 19 pulgadas - SDmodelcartuning.com","robots":{"index":"index","follow":"follow","max-snippet":"max-snippet:-1","max-image-preview":"max-image-preview:large","max-video-preview":"max-video-preview:-1"},"canonical":"https:\/\/www.sdmodelcartuning.com\/es\/producto\/118-bbs-lm-r-juego-de-llantas-19-pulgadas\/","og_locale":"es_ES","og_type":"article","og_title":"1:18 BBS LM-R velgenset 19inch - SDmodelcartuning.com","og_description":"1\/18 Schaal BBS LM-R universele velgenset 19inch, deze set bevat 4x volledig verchroomde velgen en 4x profiel sportbanden. U kunt ook nog de kleur van het velgenhart kiezen: goud, zilver of gunmetal\/grijs. De velgen zijn \u00a034.5mm in diameter incl. banden en de achtervelgen hebben een 6mm diep hart en de voorvelgen 4mm. Materiaal: Plastic en [&hellip;]","og_url":"https:\/\/www.sdmodelcartuning.com\/es\/producto\/118-bbs-lm-r-juego-de-llantas-19-pulgadas\/","og_site_name":"SDmodelcartuning.com","article_modified_time":"2025-11-21T10:15:50+00:00","og_image":[{"width":1152,"height":864,"url":"https:\/\/www.sdmodelcartuning.com\/wp-content\/uploads\/2020\/06\/20201028_134737_resized.jpg","type":"image\/jpeg"}],"twitter_card":"summary_large_image","twitter_misc":{"Tiempo de lectura":"1 minuto"},"schema":{"@context":"https:\/\/schema.org","@graph":[{"@type":"WebPage","@id":"https:\/\/www.sdmodelcartuning.com\/product\/118-bbs-lm-r-velgenset-19inch\/","url":"https:\/\/www.sdmodelcartuning.com\/product\/118-bbs-lm-r-velgenset-19inch\/","name":"1:18 BBS LM-R juego de llantas 19 pulgadas - SDmodelcartuning.com","isPartOf":{"@id":"https:\/\/www.sdmodelcartuning.com\/#website"},"primaryImageOfPage":{"@id":"https:\/\/www.sdmodelcartuning.com\/product\/118-bbs-lm-r-velgenset-19inch\/#primaryimage"},"image":{"@id":"https:\/\/www.sdmodelcartuning.com\/product\/118-bbs-lm-r-velgenset-19inch\/#primaryimage"},"thumbnailUrl":"https:\/\/www.sdmodelcartuning.com\/wp-content\/uploads\/2020\/06\/20201028_134737_resized.jpg","datePublished":"2020-06-26T11:07:11+00:00","dateModified":"2025-11-21T10:15:50+00:00","breadcrumb":{"@id":"https:\/\/www.sdmodelcartuning.com\/product\/118-bbs-lm-r-velgenset-19inch\/#breadcrumb"},"inLanguage":"es","potentialAction":[{"@type":"ReadAction","target":["https:\/\/www.sdmodelcartuning.com\/product\/118-bbs-lm-r-velgenset-19inch\/"]}]},{"@type":"ImageObject","inLanguage":"es","@id":"https:\/\/www.sdmodelcartuning.com\/product\/118-bbs-lm-r-velgenset-19inch\/#primaryimage","url":"https:\/\/www.sdmodelcartuning.com\/wp-content\/uploads\/2020\/06\/20201028_134737_resized.jpg","contentUrl":"https:\/\/www.sdmodelcartuning.com\/wp-content\/uploads\/2020\/06\/20201028_134737_resized.jpg","width":1152,"height":864},{"@type":"BreadcrumbList","@id":"https:\/\/www.sdmodelcartuning.com\/product\/118-bbs-lm-r-velgenset-19inch\/#breadcrumb","itemListElement":[{"@type":"ListItem","position":1,"name":"Home","item":"https:\/\/www.sdmodelcartuning.com\/"},{"@type":"ListItem","position":2,"name":"Winkel","item":"https:\/\/www.sdmodelcartuning.com\/it\/winkel\/"},{"@type":"ListItem","position":3,"name":"1:18 BBS LM-R velgenset 19inch"}]},{"@type":"WebSite","@id":"https:\/\/www.sdmodelcartuning.com\/#website","url":"https:\/\/www.sdmodelcartuning.com\/","name":"SDmodelcartuning.com","description":"La tienda de miniaturas y accesorios de Holanda","publisher":{"@id":"https:\/\/www.sdmodelcartuning.com\/#organization"},"potentialAction":[{"@type":"SearchAction","target":{"@type":"EntryPoint","urlTemplate":"https:\/\/www.sdmodelcartuning.com\/?s={search_term_string}"},"query-input":{"@type":"PropertyValueSpecification","valueRequired":true,"valueName":"search_term_string"}}],"inLanguage":"es"},{"@type":"Organization","@id":"https:\/\/www.sdmodelcartuning.com\/#organization","name":"SDmodelcartuning.com","url":"https:\/\/www.sdmodelcartuning.com\/","logo":{"@type":"ImageObject","inLanguage":"es","@id":"https:\/\/www.sdmodelcartuning.com\/#\/schema\/logo\/image\/","url":"https:\/\/www.sdmodelcartuning.com\/wp-content\/uploads\/2020\/09\/logo-retina.png","contentUrl":"https:\/\/www.sdmodelcartuning.com\/wp-content\/uploads\/2020\/09\/logo-retina.png","width":463,"height":150,"caption":"SDmodelcartuning.com"},"image":{"@id":"https:\/\/www.sdmodelcartuning.com\/#\/schema\/logo\/image\/"}}]}},"_links":{"self":[{"href":"https:\/\/www.sdmodelcartuning.com\/es\/wp-json\/wp\/v2\/product\/62901","targetHints":{"allow":["GET"]}}],"collection":[{"href":"https:\/\/www.sdmodelcartuning.com\/es\/wp-json\/wp\/v2\/product"}],"about":[{"href":"https:\/\/www.sdmodelcartuning.com\/es\/wp-json\/wp\/v2\/types\/product"}],"version-history":[{"count":1,"href":"https:\/\/www.sdmodelcartuning.com\/es\/wp-json\/wp\/v2\/product\/62901\/revisions"}],"predecessor-version":[{"id":148738,"href":"https:\/\/www.sdmodelcartuning.com\/es\/wp-json\/wp\/v2\/product\/62901\/revisions\/148738"}],"wp:featuredmedia":[{"embeddable":true,"href":"https:\/\/www.sdmodelcartuning.com\/es\/wp-json\/wp\/v2\/media\/86608"}],"wp:attachment":[{"href":"https:\/\/www.sdmodelcartuning.com\/es\/wp-json\/wp\/v2\/media?parent=62901"}],"wp:term":[{"taxonomy":"product_brand","embeddable":true,"href":"https:\/\/www.sdmodelcartuning.com\/es\/wp-json\/wp\/v2\/product_brand?post=62901"},{"taxonomy":"product_cat","embeddable":true,"href":"https:\/\/www.sdmodelcartuning.com\/es\/wp-json\/wp\/v2\/product_cat?post=62901"},{"taxonomy":"product_tag","embeddable":true,"href":"https:\/\/www.sdmodelcartuning.com\/es\/wp-json\/wp\/v2\/product_tag?post=62901"}],"curies":[{"name":"wp","href":"https:\/\/api.w.org\/{rel}","templated":true}]}}