{"id":52629,"date":"2018-04-24T11:39:12","date_gmt":"2018-04-24T11:39:12","guid":{"rendered":"http:\/\/sdmodelcartuning.local\/product\/118-f52-fuchs-velgenset-18inch\/"},"modified":"2026-04-15T14:51:07","modified_gmt":"2026-04-15T12:51:07","slug":"118-f52-fuchs-velgenset-18inch","status":"publish","type":"product","link":"https:\/\/www.sdmodelcartuning.com\/es\/producto\/118-f52-fuchs-rim-set-18inch\/","title":{"rendered":"1:18 F52 Fuchs juego de llantas 18 pulgadas"},"content":{"rendered":"<p>Juego de llantas 1:18 Universal F52 FUCHS de 18 pulgadas. El conjunto consta de:<\/p>\n<p>4x Llantas totalmente cromadas con coraz\u00f3n de llanta en cromo\/negro mate..<\/p>\n<p>4x neum\u00e1ticos deportivos de perfil bajo<\/p>\n<p>1x embalaje de exhibici\u00f3n sellado<\/p>\n<p>Juego de llantas de di\u00e1metro: 34 mm incluidos los neum\u00e1ticos, ancho: 14 mm Las llantas traseras tienen un centro de 6 mm de profundidad y las llantas delanteras tienen un centro de 4 mm de profundidad.<\/p>\n<p>Material: pl\u00e1stico con neum\u00e1ticos de goma.<\/p>","protected":false},"excerpt":{"rendered":"<p>Juego de llantas 1:18 Universal F52 FUCHS de 18 pulgadas. El juego consta de: 4 llantas totalmente cromadas con el centro de la llanta en cromo\/negro mate. 4 llantas deportivas de perfil bajo 1 paquete de exhibici\u00f3n sellado Di\u00e1metro del juego de llantas: 34 mm, incluidas las llantas, ancho: 14 mm Las llantas en la parte trasera tienen un centro de 6 mm de profundidad y el Las llantas delanteras tienen un coraz\u00f3n de 4 mm de profundidad. Material: pl\u00e1stico con neum\u00e1ticos de goma.<\/p>","protected":false},"featured_media":52611,"template":"","meta":[],"product_brand":[],"product_cat":[1692],"product_tag":[],"class_list":{"0":"post-52629","1":"product","2":"type-product","3":"status-publish","4":"has-post-thumbnail","6":"product_cat-18-inch-1-18-universele-velgen","7":"pa_velgemblemen-geenemblemen","8":"pa_velgemblemen-porsche","10":"first","11":"instock","12":"taxable","13":"shipping-taxable","14":"purchasable","15":"product-type-variable","16":"has-default-attributes"},"yoast_head":"<!-- This site is optimized with the Yoast SEO plugin v26.8 - https:\/\/yoast.com\/product\/yoast-seo-wordpress\/ -->\n<title>1:18 F52 Fuchs velgenset 18inch - SDmodelcartuning.com<\/title>\n<meta name=\"robots\" content=\"index, follow, max-snippet:-1, max-image-preview:large, max-video-preview:-1\" \/>\n<link rel=\"canonical\" href=\"https:\/\/www.sdmodelcartuning.com\/es\/producto\/118-f52-fuchs-rim-set-18inch\/\" \/>\n<meta property=\"og:locale\" content=\"es_ES\" \/>\n<meta property=\"og:type\" content=\"article\" \/>\n<meta property=\"og:title\" content=\"1:18 F52 Fuchs velgenset 18inch - SDmodelcartuning.com\" \/>\n<meta property=\"og:description\" content=\"1:18 Universele F52 FUCHS 18 inch velgenset. De set bestaat uit: 4x Volledig verchroomde velgen met velgenhart in het chroom\/matzwart.. 4x laag profiel sportbanden 1x gesealde display verpakking Diameter velgenset: 34mm inclusief banden, breedte: 14mm Velgen achter hebben een 6mm diep hart en de voor velgen een 4mm diep hart. Materiaal: plastic met rubber banden.\" \/>\n<meta property=\"og:url\" content=\"https:\/\/www.sdmodelcartuning.com\/es\/producto\/118-f52-fuchs-rim-set-18inch\/\" \/>\n<meta property=\"og:site_name\" content=\"SDmodelcartuning.com\" \/>\n<meta property=\"article:modified_time\" content=\"2026-04-15T12:51:07+00:00\" \/>\n<meta property=\"og:image\" content=\"https:\/\/www.sdmodelcartuning.com\/wp-content\/uploads\/2018\/04\/p_2_9_0_3_2903-118-F52-Fuchs-velgenset-18inch.jpg\" \/>\n\t<meta property=\"og:image:width\" content=\"1032\" \/>\n\t<meta property=\"og:image:height\" content=\"580\" \/>\n\t<meta property=\"og:image:type\" content=\"image\/jpeg\" \/>\n<meta name=\"twitter:card\" content=\"summary_large_image\" \/>\n<script type=\"application\/ld+json\" class=\"yoast-schema-graph\">{\"@context\":\"https:\/\/schema.org\",\"@graph\":[{\"@type\":\"WebPage\",\"@id\":\"https:\/\/www.sdmodelcartuning.com\/product\/118-f52-fuchs-velgenset-18inch\/\",\"url\":\"https:\/\/www.sdmodelcartuning.com\/product\/118-f52-fuchs-velgenset-18inch\/\",\"name\":\"1:18 F52 Fuchs velgenset 18inch - SDmodelcartuning.com\",\"isPartOf\":{\"@id\":\"https:\/\/www.sdmodelcartuning.com\/#website\"},\"primaryImageOfPage\":{\"@id\":\"https:\/\/www.sdmodelcartuning.com\/product\/118-f52-fuchs-velgenset-18inch\/#primaryimage\"},\"image\":{\"@id\":\"https:\/\/www.sdmodelcartuning.com\/product\/118-f52-fuchs-velgenset-18inch\/#primaryimage\"},\"thumbnailUrl\":\"https:\/\/www.sdmodelcartuning.com\/wp-content\/uploads\/2018\/04\/p_2_9_0_3_2903-118-F52-Fuchs-velgenset-18inch.jpg\",\"datePublished\":\"2018-04-24T11:39:12+00:00\",\"dateModified\":\"2026-04-15T12:51:07+00:00\",\"breadcrumb\":{\"@id\":\"https:\/\/www.sdmodelcartuning.com\/product\/118-f52-fuchs-velgenset-18inch\/#breadcrumb\"},\"inLanguage\":\"es\",\"potentialAction\":[{\"@type\":\"ReadAction\",\"target\":[\"https:\/\/www.sdmodelcartuning.com\/product\/118-f52-fuchs-velgenset-18inch\/\"]}]},{\"@type\":\"ImageObject\",\"inLanguage\":\"es\",\"@id\":\"https:\/\/www.sdmodelcartuning.com\/product\/118-f52-fuchs-velgenset-18inch\/#primaryimage\",\"url\":\"https:\/\/www.sdmodelcartuning.com\/wp-content\/uploads\/2018\/04\/p_2_9_0_3_2903-118-F52-Fuchs-velgenset-18inch.jpg\",\"contentUrl\":\"https:\/\/www.sdmodelcartuning.com\/wp-content\/uploads\/2018\/04\/p_2_9_0_3_2903-118-F52-Fuchs-velgenset-18inch.jpg\",\"width\":1032,\"height\":580,\"caption\":\"1:18 F52 Fuchs velgenset 18inch\"},{\"@type\":\"BreadcrumbList\",\"@id\":\"https:\/\/www.sdmodelcartuning.com\/product\/118-f52-fuchs-velgenset-18inch\/#breadcrumb\",\"itemListElement\":[{\"@type\":\"ListItem\",\"position\":1,\"name\":\"Home\",\"item\":\"https:\/\/www.sdmodelcartuning.com\/\"},{\"@type\":\"ListItem\",\"position\":2,\"name\":\"Winkel\",\"item\":\"https:\/\/www.sdmodelcartuning.com\/it\/winkel\/\"},{\"@type\":\"ListItem\",\"position\":3,\"name\":\"1:18 F52 Fuchs velgenset 18inch\"}]},{\"@type\":\"WebSite\",\"@id\":\"https:\/\/www.sdmodelcartuning.com\/#website\",\"url\":\"https:\/\/www.sdmodelcartuning.com\/\",\"name\":\"SDmodelcartuning.com\",\"description\":\"De miniaturen en toebehoren shop van Nederland\",\"publisher\":{\"@id\":\"https:\/\/www.sdmodelcartuning.com\/#organization\"},\"potentialAction\":[{\"@type\":\"SearchAction\",\"target\":{\"@type\":\"EntryPoint\",\"urlTemplate\":\"https:\/\/www.sdmodelcartuning.com\/?s={search_term_string}\"},\"query-input\":{\"@type\":\"PropertyValueSpecification\",\"valueRequired\":true,\"valueName\":\"search_term_string\"}}],\"inLanguage\":\"es\"},{\"@type\":\"Organization\",\"@id\":\"https:\/\/www.sdmodelcartuning.com\/#organization\",\"name\":\"SDmodelcartuning.com\",\"url\":\"https:\/\/www.sdmodelcartuning.com\/\",\"logo\":{\"@type\":\"ImageObject\",\"inLanguage\":\"es\",\"@id\":\"https:\/\/www.sdmodelcartuning.com\/#\/schema\/logo\/image\/\",\"url\":\"https:\/\/www.sdmodelcartuning.com\/wp-content\/uploads\/2020\/09\/logo-retina.png\",\"contentUrl\":\"https:\/\/www.sdmodelcartuning.com\/wp-content\/uploads\/2020\/09\/logo-retina.png\",\"width\":463,\"height\":150,\"caption\":\"SDmodelcartuning.com\"},\"image\":{\"@id\":\"https:\/\/www.sdmodelcartuning.com\/#\/schema\/logo\/image\/\"}}]}<\/script>\n<!-- \/ Yoast SEO plugin. -->","yoast_head_json":{"title":"1:18 F52 Fuchs juego de llantas 18 pulgadas - SDmodelcartuning.com","robots":{"index":"index","follow":"follow","max-snippet":"max-snippet:-1","max-image-preview":"max-image-preview:large","max-video-preview":"max-video-preview:-1"},"canonical":"https:\/\/www.sdmodelcartuning.com\/es\/producto\/118-f52-fuchs-rim-set-18inch\/","og_locale":"es_ES","og_type":"article","og_title":"1:18 F52 Fuchs velgenset 18inch - SDmodelcartuning.com","og_description":"1:18 Universele F52 FUCHS 18 inch velgenset. De set bestaat uit: 4x Volledig verchroomde velgen met velgenhart in het chroom\/matzwart.. 4x laag profiel sportbanden 1x gesealde display verpakking Diameter velgenset: 34mm inclusief banden, breedte: 14mm Velgen achter hebben een 6mm diep hart en de voor velgen een 4mm diep hart. Materiaal: plastic met rubber banden.","og_url":"https:\/\/www.sdmodelcartuning.com\/es\/producto\/118-f52-fuchs-rim-set-18inch\/","og_site_name":"SDmodelcartuning.com","article_modified_time":"2026-04-15T12:51:07+00:00","og_image":[{"width":1032,"height":580,"url":"https:\/\/www.sdmodelcartuning.com\/wp-content\/uploads\/2018\/04\/p_2_9_0_3_2903-118-F52-Fuchs-velgenset-18inch.jpg","type":"image\/jpeg"}],"twitter_card":"summary_large_image","schema":{"@context":"https:\/\/schema.org","@graph":[{"@type":"WebPage","@id":"https:\/\/www.sdmodelcartuning.com\/product\/118-f52-fuchs-velgenset-18inch\/","url":"https:\/\/www.sdmodelcartuning.com\/product\/118-f52-fuchs-velgenset-18inch\/","name":"1:18 F52 Fuchs juego de llantas 18 pulgadas - SDmodelcartuning.com","isPartOf":{"@id":"https:\/\/www.sdmodelcartuning.com\/#website"},"primaryImageOfPage":{"@id":"https:\/\/www.sdmodelcartuning.com\/product\/118-f52-fuchs-velgenset-18inch\/#primaryimage"},"image":{"@id":"https:\/\/www.sdmodelcartuning.com\/product\/118-f52-fuchs-velgenset-18inch\/#primaryimage"},"thumbnailUrl":"https:\/\/www.sdmodelcartuning.com\/wp-content\/uploads\/2018\/04\/p_2_9_0_3_2903-118-F52-Fuchs-velgenset-18inch.jpg","datePublished":"2018-04-24T11:39:12+00:00","dateModified":"2026-04-15T12:51:07+00:00","breadcrumb":{"@id":"https:\/\/www.sdmodelcartuning.com\/product\/118-f52-fuchs-velgenset-18inch\/#breadcrumb"},"inLanguage":"es","potentialAction":[{"@type":"ReadAction","target":["https:\/\/www.sdmodelcartuning.com\/product\/118-f52-fuchs-velgenset-18inch\/"]}]},{"@type":"ImageObject","inLanguage":"es","@id":"https:\/\/www.sdmodelcartuning.com\/product\/118-f52-fuchs-velgenset-18inch\/#primaryimage","url":"https:\/\/www.sdmodelcartuning.com\/wp-content\/uploads\/2018\/04\/p_2_9_0_3_2903-118-F52-Fuchs-velgenset-18inch.jpg","contentUrl":"https:\/\/www.sdmodelcartuning.com\/wp-content\/uploads\/2018\/04\/p_2_9_0_3_2903-118-F52-Fuchs-velgenset-18inch.jpg","width":1032,"height":580,"caption":"1:18 F52 Fuchs velgenset 18inch"},{"@type":"BreadcrumbList","@id":"https:\/\/www.sdmodelcartuning.com\/product\/118-f52-fuchs-velgenset-18inch\/#breadcrumb","itemListElement":[{"@type":"ListItem","position":1,"name":"Home","item":"https:\/\/www.sdmodelcartuning.com\/"},{"@type":"ListItem","position":2,"name":"Winkel","item":"https:\/\/www.sdmodelcartuning.com\/it\/winkel\/"},{"@type":"ListItem","position":3,"name":"1:18 F52 Fuchs velgenset 18inch"}]},{"@type":"WebSite","@id":"https:\/\/www.sdmodelcartuning.com\/#website","url":"https:\/\/www.sdmodelcartuning.com\/","name":"SDmodelcartuning.com","description":"La tienda de miniaturas y accesorios de Holanda","publisher":{"@id":"https:\/\/www.sdmodelcartuning.com\/#organization"},"potentialAction":[{"@type":"SearchAction","target":{"@type":"EntryPoint","urlTemplate":"https:\/\/www.sdmodelcartuning.com\/?s={search_term_string}"},"query-input":{"@type":"PropertyValueSpecification","valueRequired":true,"valueName":"search_term_string"}}],"inLanguage":"es"},{"@type":"Organization","@id":"https:\/\/www.sdmodelcartuning.com\/#organization","name":"SDmodelcartuning.com","url":"https:\/\/www.sdmodelcartuning.com\/","logo":{"@type":"ImageObject","inLanguage":"es","@id":"https:\/\/www.sdmodelcartuning.com\/#\/schema\/logo\/image\/","url":"https:\/\/www.sdmodelcartuning.com\/wp-content\/uploads\/2020\/09\/logo-retina.png","contentUrl":"https:\/\/www.sdmodelcartuning.com\/wp-content\/uploads\/2020\/09\/logo-retina.png","width":463,"height":150,"caption":"SDmodelcartuning.com"},"image":{"@id":"https:\/\/www.sdmodelcartuning.com\/#\/schema\/logo\/image\/"}}]}},"_links":{"self":[{"href":"https:\/\/www.sdmodelcartuning.com\/es\/wp-json\/wp\/v2\/product\/52629","targetHints":{"allow":["GET"]}}],"collection":[{"href":"https:\/\/www.sdmodelcartuning.com\/es\/wp-json\/wp\/v2\/product"}],"about":[{"href":"https:\/\/www.sdmodelcartuning.com\/es\/wp-json\/wp\/v2\/types\/product"}],"version-history":[{"count":1,"href":"https:\/\/www.sdmodelcartuning.com\/es\/wp-json\/wp\/v2\/product\/52629\/revisions"}],"predecessor-version":[{"id":157898,"href":"https:\/\/www.sdmodelcartuning.com\/es\/wp-json\/wp\/v2\/product\/52629\/revisions\/157898"}],"wp:featuredmedia":[{"embeddable":true,"href":"https:\/\/www.sdmodelcartuning.com\/es\/wp-json\/wp\/v2\/media\/52611"}],"wp:attachment":[{"href":"https:\/\/www.sdmodelcartuning.com\/es\/wp-json\/wp\/v2\/media?parent=52629"}],"wp:term":[{"taxonomy":"product_brand","embeddable":true,"href":"https:\/\/www.sdmodelcartuning.com\/es\/wp-json\/wp\/v2\/product_brand?post=52629"},{"taxonomy":"product_cat","embeddable":true,"href":"https:\/\/www.sdmodelcartuning.com\/es\/wp-json\/wp\/v2\/product_cat?post=52629"},{"taxonomy":"product_tag","embeddable":true,"href":"https:\/\/www.sdmodelcartuning.com\/es\/wp-json\/wp\/v2\/product_tag?post=52629"}],"curies":[{"name":"wp","href":"https:\/\/api.w.org\/{rel}","templated":true}]}}