{"id":51510,"date":"2017-10-24T14:30:13","date_gmt":"2017-10-24T14:30:13","guid":{"rendered":"http:\/\/sdmodelcartuning.local\/product\/118-bbs-rs-velgenset-16inch\/"},"modified":"2025-11-21T11:15:48","modified_gmt":"2025-11-21T10:15:48","slug":"118-bbs-rs-velgenset-16inch","status":"publish","type":"product","link":"https:\/\/www.sdmodelcartuning.com\/es\/producto\/118-bbs-rs-juego-de-llantas-16-pulgadas\/","title":{"rendered":"1:18 BBS RS Juego de llantas 16 pulgadas"},"content":{"rendered":"<p>Juego de llantas 1:18 Universal BBS RS look 16 pulgadas. El conjunto consta de:<\/p>\n<p>4x Llantas totalmente cromadas con centro de llanta en el color que elijas.<\/p>\n<p>4x Neum\u00e1ticos deportivos dibujados de nuevo dise\u00f1o<\/p>\n<p>1x embalaje de exhibici\u00f3n sellado<\/p>\n<p>Juego de llantas de di\u00e1metro: 32 mm, incluidos los neum\u00e1ticos, ancho: 14 mm<\/p>\n<p>Material: pl\u00e1stico con neum\u00e1ticos de goma.<\/p>","protected":false},"excerpt":{"rendered":"<p>Juego de llantas 1:18 Universal BBS RS look 16 pulgadas. El juego consta de: 4x Llantas totalmente cromadas con el centro de la llanta en el color que elijas. 4x Neum\u00e1ticos deportivos dibujados de nuevo dise\u00f1o 1x empaque de exhibici\u00f3n sellado Juego de llantas de di\u00e1metro: 32 mm, incluidos los neum\u00e1ticos, ancho: 14 mm Material: pl\u00e1stico con neum\u00e1ticos de caucho.<\/p>","protected":false},"featured_media":51486,"template":"","meta":[],"product_brand":[],"product_cat":[1686],"product_tag":[],"class_list":{"0":"post-51510","1":"product","2":"type-product","3":"status-publish","4":"has-post-thumbnail","6":"product_cat-16-inch-1-18-universele-velgen","7":"pa_kleurvelghart-glanszwart","8":"pa_kleurvelghart-goud","9":"pa_kleurvelghart-rood","10":"pa_kleurvelghart-zilver","11":"pa_velgemblemen-74-bbstextroodachtergrondinzi","12":"pa_velgemblemen-bbstextzilverachtergrondzwart","13":"pa_velgemblemen-geenemblemen","15":"first","16":"instock","17":"taxable","18":"shipping-taxable","19":"purchasable","20":"product-type-variable","21":"has-default-attributes"},"yoast_head":"<!-- This site is optimized with the Yoast SEO plugin v27.4 - https:\/\/yoast.com\/product\/yoast-seo-wordpress\/ -->\n<title>1:18 BBS RS Velgenset 16inch - SDmodelcartuning.com<\/title>\n<meta name=\"robots\" content=\"index, follow, max-snippet:-1, max-image-preview:large, max-video-preview:-1\" \/>\n<link rel=\"canonical\" href=\"https:\/\/www.sdmodelcartuning.com\/es\/producto\/118-bbs-rs-juego-de-llantas-16-pulgadas\/\" \/>\n<meta property=\"og:locale\" content=\"es_ES\" \/>\n<meta property=\"og:type\" content=\"article\" \/>\n<meta property=\"og:title\" content=\"1:18 BBS RS Velgenset 16inch - SDmodelcartuning.com\" \/>\n<meta property=\"og:description\" content=\"1:18 Universele BBS RS look 16 inch velgenset. De set bestaat uit: 4x Volledig verchroomde velgen met velgenhart in kleur naar keuze. 4x Nieuw design getrokken sportbanden 1x gesealde display verpakking Diameter velgenset: 32mm inclusief banden, breedte: 14mm Materiaal: plastic met rubber banden.\" \/>\n<meta property=\"og:url\" content=\"https:\/\/www.sdmodelcartuning.com\/es\/producto\/118-bbs-rs-juego-de-llantas-16-pulgadas\/\" \/>\n<meta property=\"og:site_name\" content=\"SDmodelcartuning.com\" \/>\n<meta property=\"article:modified_time\" content=\"2025-11-21T10:15:48+00:00\" \/>\n<meta property=\"og:image\" content=\"https:\/\/www.sdmodelcartuning.com\/wp-content\/uploads\/2017\/10\/p_2_6_7_2_2672-118-BBS-RS-Velgenset-16inch.jpg\" \/>\n\t<meta property=\"og:image:width\" content=\"1032\" \/>\n\t<meta property=\"og:image:height\" content=\"580\" \/>\n\t<meta property=\"og:image:type\" content=\"image\/jpeg\" \/>\n<meta name=\"twitter:card\" content=\"summary_large_image\" \/>\n<meta name=\"twitter:label1\" content=\"Tiempo de lectura\" \/>\n\t<meta name=\"twitter:data1\" content=\"1 minuto\" \/>\n<script type=\"application\/ld+json\" class=\"yoast-schema-graph\">{\"@context\":\"https:\\\/\\\/schema.org\",\"@graph\":[{\"@type\":\"WebPage\",\"@id\":\"https:\\\/\\\/www.sdmodelcartuning.com\\\/product\\\/118-bbs-rs-velgenset-16inch\\\/\",\"url\":\"https:\\\/\\\/www.sdmodelcartuning.com\\\/product\\\/118-bbs-rs-velgenset-16inch\\\/\",\"name\":\"1:18 BBS RS Velgenset 16inch - SDmodelcartuning.com\",\"isPartOf\":{\"@id\":\"https:\\\/\\\/www.sdmodelcartuning.com\\\/#website\"},\"primaryImageOfPage\":{\"@id\":\"https:\\\/\\\/www.sdmodelcartuning.com\\\/product\\\/118-bbs-rs-velgenset-16inch\\\/#primaryimage\"},\"image\":{\"@id\":\"https:\\\/\\\/www.sdmodelcartuning.com\\\/product\\\/118-bbs-rs-velgenset-16inch\\\/#primaryimage\"},\"thumbnailUrl\":\"https:\\\/\\\/www.sdmodelcartuning.com\\\/wp-content\\\/uploads\\\/2017\\\/10\\\/p_2_6_7_2_2672-118-BBS-RS-Velgenset-16inch.jpg\",\"datePublished\":\"2017-10-24T14:30:13+00:00\",\"dateModified\":\"2025-11-21T10:15:48+00:00\",\"breadcrumb\":{\"@id\":\"https:\\\/\\\/www.sdmodelcartuning.com\\\/product\\\/118-bbs-rs-velgenset-16inch\\\/#breadcrumb\"},\"inLanguage\":\"es\",\"potentialAction\":[{\"@type\":\"ReadAction\",\"target\":[\"https:\\\/\\\/www.sdmodelcartuning.com\\\/product\\\/118-bbs-rs-velgenset-16inch\\\/\"]}]},{\"@type\":\"ImageObject\",\"inLanguage\":\"es\",\"@id\":\"https:\\\/\\\/www.sdmodelcartuning.com\\\/product\\\/118-bbs-rs-velgenset-16inch\\\/#primaryimage\",\"url\":\"https:\\\/\\\/www.sdmodelcartuning.com\\\/wp-content\\\/uploads\\\/2017\\\/10\\\/p_2_6_7_2_2672-118-BBS-RS-Velgenset-16inch.jpg\",\"contentUrl\":\"https:\\\/\\\/www.sdmodelcartuning.com\\\/wp-content\\\/uploads\\\/2017\\\/10\\\/p_2_6_7_2_2672-118-BBS-RS-Velgenset-16inch.jpg\",\"width\":1032,\"height\":580,\"caption\":\"1:18 BBS RS Velgenset 16inch\"},{\"@type\":\"BreadcrumbList\",\"@id\":\"https:\\\/\\\/www.sdmodelcartuning.com\\\/product\\\/118-bbs-rs-velgenset-16inch\\\/#breadcrumb\",\"itemListElement\":[{\"@type\":\"ListItem\",\"position\":1,\"name\":\"Home\",\"item\":\"https:\\\/\\\/www.sdmodelcartuning.com\\\/\"},{\"@type\":\"ListItem\",\"position\":2,\"name\":\"Winkel\",\"item\":\"https:\\\/\\\/www.sdmodelcartuning.com\\\/it\\\/winkel\\\/\"},{\"@type\":\"ListItem\",\"position\":3,\"name\":\"1:18 BBS RS Velgenset 16inch\"}]},{\"@type\":\"WebSite\",\"@id\":\"https:\\\/\\\/www.sdmodelcartuning.com\\\/#website\",\"url\":\"https:\\\/\\\/www.sdmodelcartuning.com\\\/\",\"name\":\"SDmodelcartuning.com\",\"description\":\"De miniaturen en toebehoren shop van Nederland\",\"publisher\":{\"@id\":\"https:\\\/\\\/www.sdmodelcartuning.com\\\/#organization\"},\"potentialAction\":[{\"@type\":\"SearchAction\",\"target\":{\"@type\":\"EntryPoint\",\"urlTemplate\":\"https:\\\/\\\/www.sdmodelcartuning.com\\\/?s={search_term_string}\"},\"query-input\":{\"@type\":\"PropertyValueSpecification\",\"valueRequired\":true,\"valueName\":\"search_term_string\"}}],\"inLanguage\":\"es\"},{\"@type\":\"Organization\",\"@id\":\"https:\\\/\\\/www.sdmodelcartuning.com\\\/#organization\",\"name\":\"SDmodelcartuning.com\",\"url\":\"https:\\\/\\\/www.sdmodelcartuning.com\\\/\",\"logo\":{\"@type\":\"ImageObject\",\"inLanguage\":\"es\",\"@id\":\"https:\\\/\\\/www.sdmodelcartuning.com\\\/#\\\/schema\\\/logo\\\/image\\\/\",\"url\":\"https:\\\/\\\/www.sdmodelcartuning.com\\\/wp-content\\\/uploads\\\/2020\\\/09\\\/logo-retina.png\",\"contentUrl\":\"https:\\\/\\\/www.sdmodelcartuning.com\\\/wp-content\\\/uploads\\\/2020\\\/09\\\/logo-retina.png\",\"width\":463,\"height\":150,\"caption\":\"SDmodelcartuning.com\"},\"image\":{\"@id\":\"https:\\\/\\\/www.sdmodelcartuning.com\\\/#\\\/schema\\\/logo\\\/image\\\/\"}}]}<\/script>\n<!-- \/ Yoast SEO plugin. -->","yoast_head_json":{"title":"1:18 BBS RS Juego de llantas 16 pulgadas - SDmodelcartuning.com","robots":{"index":"index","follow":"follow","max-snippet":"max-snippet:-1","max-image-preview":"max-image-preview:large","max-video-preview":"max-video-preview:-1"},"canonical":"https:\/\/www.sdmodelcartuning.com\/es\/producto\/118-bbs-rs-juego-de-llantas-16-pulgadas\/","og_locale":"es_ES","og_type":"article","og_title":"1:18 BBS RS Velgenset 16inch - SDmodelcartuning.com","og_description":"1:18 Universele BBS RS look 16 inch velgenset. De set bestaat uit: 4x Volledig verchroomde velgen met velgenhart in kleur naar keuze. 4x Nieuw design getrokken sportbanden 1x gesealde display verpakking Diameter velgenset: 32mm inclusief banden, breedte: 14mm Materiaal: plastic met rubber banden.","og_url":"https:\/\/www.sdmodelcartuning.com\/es\/producto\/118-bbs-rs-juego-de-llantas-16-pulgadas\/","og_site_name":"SDmodelcartuning.com","article_modified_time":"2025-11-21T10:15:48+00:00","og_image":[{"width":1032,"height":580,"url":"https:\/\/www.sdmodelcartuning.com\/wp-content\/uploads\/2017\/10\/p_2_6_7_2_2672-118-BBS-RS-Velgenset-16inch.jpg","type":"image\/jpeg"}],"twitter_card":"summary_large_image","twitter_misc":{"Tiempo de lectura":"1 minuto"},"schema":{"@context":"https:\/\/schema.org","@graph":[{"@type":"WebPage","@id":"https:\/\/www.sdmodelcartuning.com\/product\/118-bbs-rs-velgenset-16inch\/","url":"https:\/\/www.sdmodelcartuning.com\/product\/118-bbs-rs-velgenset-16inch\/","name":"1:18 BBS RS Juego de llantas 16 pulgadas - SDmodelcartuning.com","isPartOf":{"@id":"https:\/\/www.sdmodelcartuning.com\/#website"},"primaryImageOfPage":{"@id":"https:\/\/www.sdmodelcartuning.com\/product\/118-bbs-rs-velgenset-16inch\/#primaryimage"},"image":{"@id":"https:\/\/www.sdmodelcartuning.com\/product\/118-bbs-rs-velgenset-16inch\/#primaryimage"},"thumbnailUrl":"https:\/\/www.sdmodelcartuning.com\/wp-content\/uploads\/2017\/10\/p_2_6_7_2_2672-118-BBS-RS-Velgenset-16inch.jpg","datePublished":"2017-10-24T14:30:13+00:00","dateModified":"2025-11-21T10:15:48+00:00","breadcrumb":{"@id":"https:\/\/www.sdmodelcartuning.com\/product\/118-bbs-rs-velgenset-16inch\/#breadcrumb"},"inLanguage":"es","potentialAction":[{"@type":"ReadAction","target":["https:\/\/www.sdmodelcartuning.com\/product\/118-bbs-rs-velgenset-16inch\/"]}]},{"@type":"ImageObject","inLanguage":"es","@id":"https:\/\/www.sdmodelcartuning.com\/product\/118-bbs-rs-velgenset-16inch\/#primaryimage","url":"https:\/\/www.sdmodelcartuning.com\/wp-content\/uploads\/2017\/10\/p_2_6_7_2_2672-118-BBS-RS-Velgenset-16inch.jpg","contentUrl":"https:\/\/www.sdmodelcartuning.com\/wp-content\/uploads\/2017\/10\/p_2_6_7_2_2672-118-BBS-RS-Velgenset-16inch.jpg","width":1032,"height":580,"caption":"1:18 BBS RS Velgenset 16inch"},{"@type":"BreadcrumbList","@id":"https:\/\/www.sdmodelcartuning.com\/product\/118-bbs-rs-velgenset-16inch\/#breadcrumb","itemListElement":[{"@type":"ListItem","position":1,"name":"Home","item":"https:\/\/www.sdmodelcartuning.com\/"},{"@type":"ListItem","position":2,"name":"Winkel","item":"https:\/\/www.sdmodelcartuning.com\/it\/winkel\/"},{"@type":"ListItem","position":3,"name":"1:18 BBS RS Velgenset 16inch"}]},{"@type":"WebSite","@id":"https:\/\/www.sdmodelcartuning.com\/#website","url":"https:\/\/www.sdmodelcartuning.com\/","name":"SDmodelcartuning.com","description":"La tienda de miniaturas y accesorios de Holanda","publisher":{"@id":"https:\/\/www.sdmodelcartuning.com\/#organization"},"potentialAction":[{"@type":"SearchAction","target":{"@type":"EntryPoint","urlTemplate":"https:\/\/www.sdmodelcartuning.com\/?s={search_term_string}"},"query-input":{"@type":"PropertyValueSpecification","valueRequired":true,"valueName":"search_term_string"}}],"inLanguage":"es"},{"@type":"Organization","@id":"https:\/\/www.sdmodelcartuning.com\/#organization","name":"SDmodelcartuning.com","url":"https:\/\/www.sdmodelcartuning.com\/","logo":{"@type":"ImageObject","inLanguage":"es","@id":"https:\/\/www.sdmodelcartuning.com\/#\/schema\/logo\/image\/","url":"https:\/\/www.sdmodelcartuning.com\/wp-content\/uploads\/2020\/09\/logo-retina.png","contentUrl":"https:\/\/www.sdmodelcartuning.com\/wp-content\/uploads\/2020\/09\/logo-retina.png","width":463,"height":150,"caption":"SDmodelcartuning.com"},"image":{"@id":"https:\/\/www.sdmodelcartuning.com\/#\/schema\/logo\/image\/"}}]}},"_links":{"self":[{"href":"https:\/\/www.sdmodelcartuning.com\/es\/wp-json\/wp\/v2\/product\/51510","targetHints":{"allow":["GET"]}}],"collection":[{"href":"https:\/\/www.sdmodelcartuning.com\/es\/wp-json\/wp\/v2\/product"}],"about":[{"href":"https:\/\/www.sdmodelcartuning.com\/es\/wp-json\/wp\/v2\/types\/product"}],"version-history":[{"count":1,"href":"https:\/\/www.sdmodelcartuning.com\/es\/wp-json\/wp\/v2\/product\/51510\/revisions"}],"predecessor-version":[{"id":148728,"href":"https:\/\/www.sdmodelcartuning.com\/es\/wp-json\/wp\/v2\/product\/51510\/revisions\/148728"}],"wp:featuredmedia":[{"embeddable":true,"href":"https:\/\/www.sdmodelcartuning.com\/es\/wp-json\/wp\/v2\/media\/51486"}],"wp:attachment":[{"href":"https:\/\/www.sdmodelcartuning.com\/es\/wp-json\/wp\/v2\/media?parent=51510"}],"wp:term":[{"taxonomy":"product_brand","embeddable":true,"href":"https:\/\/www.sdmodelcartuning.com\/es\/wp-json\/wp\/v2\/product_brand?post=51510"},{"taxonomy":"product_cat","embeddable":true,"href":"https:\/\/www.sdmodelcartuning.com\/es\/wp-json\/wp\/v2\/product_cat?post=51510"},{"taxonomy":"product_tag","embeddable":true,"href":"https:\/\/www.sdmodelcartuning.com\/es\/wp-json\/wp\/v2\/product_tag?post=51510"}],"curies":[{"name":"wp","href":"https:\/\/api.w.org\/{rel}","templated":true}]}}