{"id":50517,"date":"2017-07-14T14:23:11","date_gmt":"2017-07-14T14:23:11","guid":{"rendered":"http:\/\/sdmodelcartuning.local\/product\/124-ssr-executor-cv01-19inch-velgenset\/"},"modified":"2021-12-19T21:34:34","modified_gmt":"2021-12-19T20:34:34","slug":"124-ssr-executor-cv01-19inch-velgenset","status":"publish","type":"product","link":"https:\/\/www.sdmodelcartuning.com\/es\/producto\/juego-de-llantas-124-ssr-executor-cv01-19-pulgadas\/","title":{"rendered":"Juego de llantas 1:24 SSR Executor CV01 19 pulgadas"},"content":{"rendered":"<p>Juego de ruedas de 19 pulgadas Universal Aoshima SSR Executor CV01 a escala 1\/24.<\/p>\n<p>El juego contiene neum\u00e1ticos 4x y llantas 4x en color.<\/p>\n<p>Material: Pl\u00e1stico con neum\u00e1ticos de goma.<\/p>","protected":false},"excerpt":{"rendered":"<p>Juego de ruedas de 19 pulgadas Universal Aoshima SSR Executor CV01 a escala 1\/24. El juego contiene neum\u00e1ticos 4x y llantas 4x en color. Material: Pl\u00e1stico con neum\u00e1ticos de goma.<\/p>","protected":false},"featured_media":50511,"template":"","meta":[],"product_brand":[],"product_cat":[1767],"product_tag":[],"class_list":{"0":"post-50517","1":"product","2":"type-product","3":"status-publish","4":"has-post-thumbnail","6":"product_cat-19inch","8":"first","9":"outofstock","10":"taxable","11":"shipping-taxable","12":"purchasable","13":"product-type-simple"},"yoast_head":"<!-- This site is optimized with the Yoast SEO plugin v27.4 - https:\/\/yoast.com\/product\/yoast-seo-wordpress\/ -->\n<title>1:24 SSR Executor CV01 19Inch velgenset - SDmodelcartuning.com<\/title>\n<meta name=\"robots\" content=\"index, follow, max-snippet:-1, max-image-preview:large, max-video-preview:-1\" \/>\n<link rel=\"canonical\" href=\"https:\/\/www.sdmodelcartuning.com\/es\/producto\/juego-de-llantas-124-ssr-executor-cv01-19-pulgadas\/\" \/>\n<meta property=\"og:locale\" content=\"es_ES\" \/>\n<meta property=\"og:type\" content=\"article\" \/>\n<meta property=\"og:title\" content=\"1:24 SSR Executor CV01 19Inch velgenset - SDmodelcartuning.com\" \/>\n<meta property=\"og:description\" content=\"1\/24 Schaal Universele Aoshima SSR Executor CV01 19Inch velgenset. Set bevat 4x banden en 4x velgen in kleur. Materiaal: Plastic met rubber banden.\" \/>\n<meta property=\"og:url\" content=\"https:\/\/www.sdmodelcartuning.com\/es\/producto\/juego-de-llantas-124-ssr-executor-cv01-19-pulgadas\/\" \/>\n<meta property=\"og:site_name\" content=\"SDmodelcartuning.com\" \/>\n<meta property=\"article:modified_time\" content=\"2021-12-19T20:34:34+00:00\" \/>\n<meta property=\"og:image\" content=\"https:\/\/www.sdmodelcartuning.com\/wp-content\/uploads\/2017\/07\/p_2_2_7_2_2272-124-SSR-Executor-CV01-19Inch-velgenset.jpg\" \/>\n\t<meta property=\"og:image:width\" content=\"399\" \/>\n\t<meta property=\"og:image:height\" content=\"168\" \/>\n\t<meta property=\"og:image:type\" content=\"image\/jpeg\" \/>\n<meta name=\"twitter:card\" content=\"summary_large_image\" \/>\n<script type=\"application\/ld+json\" class=\"yoast-schema-graph\">{\"@context\":\"https:\\\/\\\/schema.org\",\"@graph\":[{\"@type\":\"WebPage\",\"@id\":\"https:\\\/\\\/www.sdmodelcartuning.com\\\/product\\\/124-ssr-executor-cv01-19inch-velgenset\\\/\",\"url\":\"https:\\\/\\\/www.sdmodelcartuning.com\\\/product\\\/124-ssr-executor-cv01-19inch-velgenset\\\/\",\"name\":\"1:24 SSR Executor CV01 19Inch velgenset - SDmodelcartuning.com\",\"isPartOf\":{\"@id\":\"https:\\\/\\\/www.sdmodelcartuning.com\\\/#website\"},\"primaryImageOfPage\":{\"@id\":\"https:\\\/\\\/www.sdmodelcartuning.com\\\/product\\\/124-ssr-executor-cv01-19inch-velgenset\\\/#primaryimage\"},\"image\":{\"@id\":\"https:\\\/\\\/www.sdmodelcartuning.com\\\/product\\\/124-ssr-executor-cv01-19inch-velgenset\\\/#primaryimage\"},\"thumbnailUrl\":\"https:\\\/\\\/www.sdmodelcartuning.com\\\/wp-content\\\/uploads\\\/2017\\\/07\\\/p_2_2_7_2_2272-124-SSR-Executor-CV01-19Inch-velgenset.jpg\",\"datePublished\":\"2017-07-14T14:23:11+00:00\",\"dateModified\":\"2021-12-19T20:34:34+00:00\",\"breadcrumb\":{\"@id\":\"https:\\\/\\\/www.sdmodelcartuning.com\\\/product\\\/124-ssr-executor-cv01-19inch-velgenset\\\/#breadcrumb\"},\"inLanguage\":\"es\",\"potentialAction\":[{\"@type\":\"ReadAction\",\"target\":[\"https:\\\/\\\/www.sdmodelcartuning.com\\\/product\\\/124-ssr-executor-cv01-19inch-velgenset\\\/\"]}]},{\"@type\":\"ImageObject\",\"inLanguage\":\"es\",\"@id\":\"https:\\\/\\\/www.sdmodelcartuning.com\\\/product\\\/124-ssr-executor-cv01-19inch-velgenset\\\/#primaryimage\",\"url\":\"https:\\\/\\\/www.sdmodelcartuning.com\\\/wp-content\\\/uploads\\\/2017\\\/07\\\/p_2_2_7_2_2272-124-SSR-Executor-CV01-19Inch-velgenset.jpg\",\"contentUrl\":\"https:\\\/\\\/www.sdmodelcartuning.com\\\/wp-content\\\/uploads\\\/2017\\\/07\\\/p_2_2_7_2_2272-124-SSR-Executor-CV01-19Inch-velgenset.jpg\",\"width\":399,\"height\":168,\"caption\":\"1:24 SSR Executor CV01 19Inch velgenset\"},{\"@type\":\"BreadcrumbList\",\"@id\":\"https:\\\/\\\/www.sdmodelcartuning.com\\\/product\\\/124-ssr-executor-cv01-19inch-velgenset\\\/#breadcrumb\",\"itemListElement\":[{\"@type\":\"ListItem\",\"position\":1,\"name\":\"Home\",\"item\":\"https:\\\/\\\/www.sdmodelcartuning.com\\\/\"},{\"@type\":\"ListItem\",\"position\":2,\"name\":\"Winkel\",\"item\":\"https:\\\/\\\/www.sdmodelcartuning.com\\\/it\\\/winkel\\\/\"},{\"@type\":\"ListItem\",\"position\":3,\"name\":\"1:24 SSR Executor CV01 19Inch velgenset\"}]},{\"@type\":\"WebSite\",\"@id\":\"https:\\\/\\\/www.sdmodelcartuning.com\\\/#website\",\"url\":\"https:\\\/\\\/www.sdmodelcartuning.com\\\/\",\"name\":\"SDmodelcartuning.com\",\"description\":\"De miniaturen en toebehoren shop van Nederland\",\"publisher\":{\"@id\":\"https:\\\/\\\/www.sdmodelcartuning.com\\\/#organization\"},\"potentialAction\":[{\"@type\":\"SearchAction\",\"target\":{\"@type\":\"EntryPoint\",\"urlTemplate\":\"https:\\\/\\\/www.sdmodelcartuning.com\\\/?s={search_term_string}\"},\"query-input\":{\"@type\":\"PropertyValueSpecification\",\"valueRequired\":true,\"valueName\":\"search_term_string\"}}],\"inLanguage\":\"es\"},{\"@type\":\"Organization\",\"@id\":\"https:\\\/\\\/www.sdmodelcartuning.com\\\/#organization\",\"name\":\"SDmodelcartuning.com\",\"url\":\"https:\\\/\\\/www.sdmodelcartuning.com\\\/\",\"logo\":{\"@type\":\"ImageObject\",\"inLanguage\":\"es\",\"@id\":\"https:\\\/\\\/www.sdmodelcartuning.com\\\/#\\\/schema\\\/logo\\\/image\\\/\",\"url\":\"https:\\\/\\\/www.sdmodelcartuning.com\\\/wp-content\\\/uploads\\\/2020\\\/09\\\/logo-retina.png\",\"contentUrl\":\"https:\\\/\\\/www.sdmodelcartuning.com\\\/wp-content\\\/uploads\\\/2020\\\/09\\\/logo-retina.png\",\"width\":463,\"height\":150,\"caption\":\"SDmodelcartuning.com\"},\"image\":{\"@id\":\"https:\\\/\\\/www.sdmodelcartuning.com\\\/#\\\/schema\\\/logo\\\/image\\\/\"}}]}<\/script>\n<!-- \/ Yoast SEO plugin. -->","yoast_head_json":{"title":"1:24 SSR Executor CV01 Juego de ruedas de 19 pulgadas - SDmodelcartuning.com","robots":{"index":"index","follow":"follow","max-snippet":"max-snippet:-1","max-image-preview":"max-image-preview:large","max-video-preview":"max-video-preview:-1"},"canonical":"https:\/\/www.sdmodelcartuning.com\/es\/producto\/juego-de-llantas-124-ssr-executor-cv01-19-pulgadas\/","og_locale":"es_ES","og_type":"article","og_title":"1:24 SSR Executor CV01 19Inch velgenset - SDmodelcartuning.com","og_description":"1\/24 Schaal Universele Aoshima SSR Executor CV01 19Inch velgenset. Set bevat 4x banden en 4x velgen in kleur. Materiaal: Plastic met rubber banden.","og_url":"https:\/\/www.sdmodelcartuning.com\/es\/producto\/juego-de-llantas-124-ssr-executor-cv01-19-pulgadas\/","og_site_name":"SDmodelcartuning.com","article_modified_time":"2021-12-19T20:34:34+00:00","og_image":[{"width":399,"height":168,"url":"https:\/\/www.sdmodelcartuning.com\/wp-content\/uploads\/2017\/07\/p_2_2_7_2_2272-124-SSR-Executor-CV01-19Inch-velgenset.jpg","type":"image\/jpeg"}],"twitter_card":"summary_large_image","schema":{"@context":"https:\/\/schema.org","@graph":[{"@type":"WebPage","@id":"https:\/\/www.sdmodelcartuning.com\/product\/124-ssr-executor-cv01-19inch-velgenset\/","url":"https:\/\/www.sdmodelcartuning.com\/product\/124-ssr-executor-cv01-19inch-velgenset\/","name":"1:24 SSR Executor CV01 Juego de ruedas de 19 pulgadas - SDmodelcartuning.com","isPartOf":{"@id":"https:\/\/www.sdmodelcartuning.com\/#website"},"primaryImageOfPage":{"@id":"https:\/\/www.sdmodelcartuning.com\/product\/124-ssr-executor-cv01-19inch-velgenset\/#primaryimage"},"image":{"@id":"https:\/\/www.sdmodelcartuning.com\/product\/124-ssr-executor-cv01-19inch-velgenset\/#primaryimage"},"thumbnailUrl":"https:\/\/www.sdmodelcartuning.com\/wp-content\/uploads\/2017\/07\/p_2_2_7_2_2272-124-SSR-Executor-CV01-19Inch-velgenset.jpg","datePublished":"2017-07-14T14:23:11+00:00","dateModified":"2021-12-19T20:34:34+00:00","breadcrumb":{"@id":"https:\/\/www.sdmodelcartuning.com\/product\/124-ssr-executor-cv01-19inch-velgenset\/#breadcrumb"},"inLanguage":"es","potentialAction":[{"@type":"ReadAction","target":["https:\/\/www.sdmodelcartuning.com\/product\/124-ssr-executor-cv01-19inch-velgenset\/"]}]},{"@type":"ImageObject","inLanguage":"es","@id":"https:\/\/www.sdmodelcartuning.com\/product\/124-ssr-executor-cv01-19inch-velgenset\/#primaryimage","url":"https:\/\/www.sdmodelcartuning.com\/wp-content\/uploads\/2017\/07\/p_2_2_7_2_2272-124-SSR-Executor-CV01-19Inch-velgenset.jpg","contentUrl":"https:\/\/www.sdmodelcartuning.com\/wp-content\/uploads\/2017\/07\/p_2_2_7_2_2272-124-SSR-Executor-CV01-19Inch-velgenset.jpg","width":399,"height":168,"caption":"1:24 SSR Executor CV01 19Inch velgenset"},{"@type":"BreadcrumbList","@id":"https:\/\/www.sdmodelcartuning.com\/product\/124-ssr-executor-cv01-19inch-velgenset\/#breadcrumb","itemListElement":[{"@type":"ListItem","position":1,"name":"Home","item":"https:\/\/www.sdmodelcartuning.com\/"},{"@type":"ListItem","position":2,"name":"Winkel","item":"https:\/\/www.sdmodelcartuning.com\/it\/winkel\/"},{"@type":"ListItem","position":3,"name":"1:24 SSR Executor CV01 19Inch velgenset"}]},{"@type":"WebSite","@id":"https:\/\/www.sdmodelcartuning.com\/#website","url":"https:\/\/www.sdmodelcartuning.com\/","name":"SDmodelcartuning.com","description":"La tienda de miniaturas y accesorios de Holanda","publisher":{"@id":"https:\/\/www.sdmodelcartuning.com\/#organization"},"potentialAction":[{"@type":"SearchAction","target":{"@type":"EntryPoint","urlTemplate":"https:\/\/www.sdmodelcartuning.com\/?s={search_term_string}"},"query-input":{"@type":"PropertyValueSpecification","valueRequired":true,"valueName":"search_term_string"}}],"inLanguage":"es"},{"@type":"Organization","@id":"https:\/\/www.sdmodelcartuning.com\/#organization","name":"SDmodelcartuning.com","url":"https:\/\/www.sdmodelcartuning.com\/","logo":{"@type":"ImageObject","inLanguage":"es","@id":"https:\/\/www.sdmodelcartuning.com\/#\/schema\/logo\/image\/","url":"https:\/\/www.sdmodelcartuning.com\/wp-content\/uploads\/2020\/09\/logo-retina.png","contentUrl":"https:\/\/www.sdmodelcartuning.com\/wp-content\/uploads\/2020\/09\/logo-retina.png","width":463,"height":150,"caption":"SDmodelcartuning.com"},"image":{"@id":"https:\/\/www.sdmodelcartuning.com\/#\/schema\/logo\/image\/"}}]}},"_links":{"self":[{"href":"https:\/\/www.sdmodelcartuning.com\/es\/wp-json\/wp\/v2\/product\/50517","targetHints":{"allow":["GET"]}}],"collection":[{"href":"https:\/\/www.sdmodelcartuning.com\/es\/wp-json\/wp\/v2\/product"}],"about":[{"href":"https:\/\/www.sdmodelcartuning.com\/es\/wp-json\/wp\/v2\/types\/product"}],"version-history":[{"count":0,"href":"https:\/\/www.sdmodelcartuning.com\/es\/wp-json\/wp\/v2\/product\/50517\/revisions"}],"wp:featuredmedia":[{"embeddable":true,"href":"https:\/\/www.sdmodelcartuning.com\/es\/wp-json\/wp\/v2\/media\/50511"}],"wp:attachment":[{"href":"https:\/\/www.sdmodelcartuning.com\/es\/wp-json\/wp\/v2\/media?parent=50517"}],"wp:term":[{"taxonomy":"product_brand","embeddable":true,"href":"https:\/\/www.sdmodelcartuning.com\/es\/wp-json\/wp\/v2\/product_brand?post=50517"},{"taxonomy":"product_cat","embeddable":true,"href":"https:\/\/www.sdmodelcartuning.com\/es\/wp-json\/wp\/v2\/product_cat?post=50517"},{"taxonomy":"product_tag","embeddable":true,"href":"https:\/\/www.sdmodelcartuning.com\/es\/wp-json\/wp\/v2\/product_tag?post=50517"}],"curies":[{"name":"wp","href":"https:\/\/api.w.org\/{rel}","templated":true}]}}