{"id":48555,"date":"2017-01-16T15:04:22","date_gmt":"2017-01-16T15:04:22","guid":{"rendered":"http:\/\/sdmodelcartuning.local\/product\/118-ats-classic-velgenset-15-inch\/"},"modified":"2026-03-23T16:03:00","modified_gmt":"2026-03-23T15:03:00","slug":"118-ats-classic-velgenset-15-inch","status":"publish","type":"product","link":"https:\/\/www.sdmodelcartuning.com\/es\/producto\/118-ats-clasico-llanta-juego-15-pulgadas\/","title":{"rendered":"1:18 Juego de ruedas ATS CLASSIC 15 pulgadas"},"content":{"rendered":"<p>Juego de llantas 1:18 Universal ATS CLASSIC 15INCH. El conjunto consta de:<\/p>\n<p>4 llantas totalmente cromadas con un coraz\u00f3n de llanta pintado en el color de su elecci\u00f3n.<\/p>\n<p>4x neum\u00e1ticos deportivos de perfil bajo<\/p>\n<p>1x embalaje de exhibici\u00f3n sellado<\/p>\n<p>Juego de llantas de di\u00e1metro: 30 mm, incluidos los neum\u00e1ticos, ancho: 12 mm<\/p>\n<p>Disponible en tres colores de centro de llanta.<\/p>\n<p>Material: Pl\u00e1stico con neum\u00e1ticos de goma.<\/p>","protected":false},"excerpt":{"rendered":"<p>Juego de llantas 1:18 Universal ATS CLASSIC 15INCH. El juego consta de: 4 llantas totalmente cromadas con un coraz\u00f3n de llanta pintado en el color que elijas. 4 neum\u00e1ticos deportivos de perfil bajo 1 embalaje de exposici\u00f3n sellado Di\u00e1metro del juego de llantas: 30 mm, incluidos los neum\u00e1ticos, ancho: 12 mm Disponible en tres colores de centro de llanta. Material: Pl\u00e1stico con neum\u00e1ticos de goma.<\/p>","protected":false},"featured_media":48533,"template":"","meta":[],"product_brand":[],"product_cat":[1677],"product_tag":[],"class_list":{"0":"post-48555","1":"product","2":"type-product","3":"status-publish","4":"has-post-thumbnail","6":"product_cat-15-inch-1-18-universele-velgen","7":"pa_kleurvelghart-glanszwart","8":"pa_kleurvelghart-ongelaktgeenkleur","9":"pa_kleurvelghart-zilver","10":"pa_velgemblemen-ats","11":"pa_velgemblemen-geenemblemen","13":"first","14":"instock","15":"taxable","16":"shipping-taxable","17":"purchasable","18":"product-type-variable","19":"has-default-attributes"},"yoast_head":"<!-- This site is optimized with the Yoast SEO plugin v27.4 - https:\/\/yoast.com\/product\/yoast-seo-wordpress\/ -->\n<title>1:18 ATS CLASSIC velgenset 15 inch - SDmodelcartuning.com<\/title>\n<meta name=\"robots\" content=\"index, follow, max-snippet:-1, max-image-preview:large, max-video-preview:-1\" \/>\n<link rel=\"canonical\" href=\"https:\/\/www.sdmodelcartuning.com\/es\/producto\/118-ats-clasico-llanta-juego-15-pulgadas\/\" \/>\n<meta property=\"og:locale\" content=\"es_ES\" \/>\n<meta property=\"og:type\" content=\"article\" \/>\n<meta property=\"og:title\" content=\"1:18 ATS CLASSIC velgenset 15 inch - SDmodelcartuning.com\" \/>\n<meta property=\"og:description\" content=\"1:18 Universele\u00a0ATS CLASSIC 15INCH\u00a0velgenset. De set bestaat uit: 4x volledig verchroomde velgen met een Gespoten velgenhart in kleur naar keuze. 4x laag profiel sportbanden 1x gesealde display verpakking Diameter velgenset: 30mm inclusief banden, breedte: 12mm Beschikbaar in\u00a0drie velghart kleuren. Materiaal: Plastic met rubber banden.\" \/>\n<meta property=\"og:url\" content=\"https:\/\/www.sdmodelcartuning.com\/es\/producto\/118-ats-clasico-llanta-juego-15-pulgadas\/\" \/>\n<meta property=\"og:site_name\" content=\"SDmodelcartuning.com\" \/>\n<meta property=\"article:modified_time\" content=\"2026-03-23T15:03:00+00:00\" \/>\n<meta property=\"og:image\" content=\"https:\/\/www.sdmodelcartuning.com\/wp-content\/uploads\/2017\/01\/p_2_1_9_8_2198-118-ATS-CLASSIC-velgenset-15-inch.jpg\" \/>\n\t<meta property=\"og:image:width\" content=\"1032\" \/>\n\t<meta property=\"og:image:height\" content=\"580\" \/>\n\t<meta property=\"og:image:type\" content=\"image\/jpeg\" \/>\n<meta name=\"twitter:card\" content=\"summary_large_image\" \/>\n<meta name=\"twitter:label1\" content=\"Tiempo de lectura\" \/>\n\t<meta name=\"twitter:data1\" content=\"1 minuto\" \/>\n<script type=\"application\/ld+json\" class=\"yoast-schema-graph\">{\"@context\":\"https:\\\/\\\/schema.org\",\"@graph\":[{\"@type\":\"WebPage\",\"@id\":\"https:\\\/\\\/www.sdmodelcartuning.com\\\/product\\\/118-ats-classic-velgenset-15-inch\\\/\",\"url\":\"https:\\\/\\\/www.sdmodelcartuning.com\\\/product\\\/118-ats-classic-velgenset-15-inch\\\/\",\"name\":\"1:18 ATS CLASSIC velgenset 15 inch - SDmodelcartuning.com\",\"isPartOf\":{\"@id\":\"https:\\\/\\\/www.sdmodelcartuning.com\\\/#website\"},\"primaryImageOfPage\":{\"@id\":\"https:\\\/\\\/www.sdmodelcartuning.com\\\/product\\\/118-ats-classic-velgenset-15-inch\\\/#primaryimage\"},\"image\":{\"@id\":\"https:\\\/\\\/www.sdmodelcartuning.com\\\/product\\\/118-ats-classic-velgenset-15-inch\\\/#primaryimage\"},\"thumbnailUrl\":\"https:\\\/\\\/www.sdmodelcartuning.com\\\/wp-content\\\/uploads\\\/2017\\\/01\\\/p_2_1_9_8_2198-118-ATS-CLASSIC-velgenset-15-inch.jpg\",\"datePublished\":\"2017-01-16T15:04:22+00:00\",\"dateModified\":\"2026-03-23T15:03:00+00:00\",\"breadcrumb\":{\"@id\":\"https:\\\/\\\/www.sdmodelcartuning.com\\\/product\\\/118-ats-classic-velgenset-15-inch\\\/#breadcrumb\"},\"inLanguage\":\"es\",\"potentialAction\":[{\"@type\":\"ReadAction\",\"target\":[\"https:\\\/\\\/www.sdmodelcartuning.com\\\/product\\\/118-ats-classic-velgenset-15-inch\\\/\"]}]},{\"@type\":\"ImageObject\",\"inLanguage\":\"es\",\"@id\":\"https:\\\/\\\/www.sdmodelcartuning.com\\\/product\\\/118-ats-classic-velgenset-15-inch\\\/#primaryimage\",\"url\":\"https:\\\/\\\/www.sdmodelcartuning.com\\\/wp-content\\\/uploads\\\/2017\\\/01\\\/p_2_1_9_8_2198-118-ATS-CLASSIC-velgenset-15-inch.jpg\",\"contentUrl\":\"https:\\\/\\\/www.sdmodelcartuning.com\\\/wp-content\\\/uploads\\\/2017\\\/01\\\/p_2_1_9_8_2198-118-ATS-CLASSIC-velgenset-15-inch.jpg\",\"width\":1032,\"height\":580,\"caption\":\"1:18 ATS CLASSIC velgenset 15 inch\"},{\"@type\":\"BreadcrumbList\",\"@id\":\"https:\\\/\\\/www.sdmodelcartuning.com\\\/product\\\/118-ats-classic-velgenset-15-inch\\\/#breadcrumb\",\"itemListElement\":[{\"@type\":\"ListItem\",\"position\":1,\"name\":\"Home\",\"item\":\"https:\\\/\\\/www.sdmodelcartuning.com\\\/\"},{\"@type\":\"ListItem\",\"position\":2,\"name\":\"Winkel\",\"item\":\"https:\\\/\\\/www.sdmodelcartuning.com\\\/it\\\/winkel\\\/\"},{\"@type\":\"ListItem\",\"position\":3,\"name\":\"1:18 ATS CLASSIC velgenset 15 inch\"}]},{\"@type\":\"WebSite\",\"@id\":\"https:\\\/\\\/www.sdmodelcartuning.com\\\/#website\",\"url\":\"https:\\\/\\\/www.sdmodelcartuning.com\\\/\",\"name\":\"SDmodelcartuning.com\",\"description\":\"De miniaturen en toebehoren shop van Nederland\",\"publisher\":{\"@id\":\"https:\\\/\\\/www.sdmodelcartuning.com\\\/#organization\"},\"potentialAction\":[{\"@type\":\"SearchAction\",\"target\":{\"@type\":\"EntryPoint\",\"urlTemplate\":\"https:\\\/\\\/www.sdmodelcartuning.com\\\/?s={search_term_string}\"},\"query-input\":{\"@type\":\"PropertyValueSpecification\",\"valueRequired\":true,\"valueName\":\"search_term_string\"}}],\"inLanguage\":\"es\"},{\"@type\":\"Organization\",\"@id\":\"https:\\\/\\\/www.sdmodelcartuning.com\\\/#organization\",\"name\":\"SDmodelcartuning.com\",\"url\":\"https:\\\/\\\/www.sdmodelcartuning.com\\\/\",\"logo\":{\"@type\":\"ImageObject\",\"inLanguage\":\"es\",\"@id\":\"https:\\\/\\\/www.sdmodelcartuning.com\\\/#\\\/schema\\\/logo\\\/image\\\/\",\"url\":\"https:\\\/\\\/www.sdmodelcartuning.com\\\/wp-content\\\/uploads\\\/2020\\\/09\\\/logo-retina.png\",\"contentUrl\":\"https:\\\/\\\/www.sdmodelcartuning.com\\\/wp-content\\\/uploads\\\/2020\\\/09\\\/logo-retina.png\",\"width\":463,\"height\":150,\"caption\":\"SDmodelcartuning.com\"},\"image\":{\"@id\":\"https:\\\/\\\/www.sdmodelcartuning.com\\\/#\\\/schema\\\/logo\\\/image\\\/\"}}]}<\/script>\n<!-- \/ Yoast SEO plugin. -->","yoast_head_json":{"title":"1:18 ATS CLASSIC juego de ruedas 15 pulgadas - SDmodelcartuning.com","robots":{"index":"index","follow":"follow","max-snippet":"max-snippet:-1","max-image-preview":"max-image-preview:large","max-video-preview":"max-video-preview:-1"},"canonical":"https:\/\/www.sdmodelcartuning.com\/es\/producto\/118-ats-clasico-llanta-juego-15-pulgadas\/","og_locale":"es_ES","og_type":"article","og_title":"1:18 ATS CLASSIC velgenset 15 inch - SDmodelcartuning.com","og_description":"1:18 Universele\u00a0ATS CLASSIC 15INCH\u00a0velgenset. De set bestaat uit: 4x volledig verchroomde velgen met een Gespoten velgenhart in kleur naar keuze. 4x laag profiel sportbanden 1x gesealde display verpakking Diameter velgenset: 30mm inclusief banden, breedte: 12mm Beschikbaar in\u00a0drie velghart kleuren. Materiaal: Plastic met rubber banden.","og_url":"https:\/\/www.sdmodelcartuning.com\/es\/producto\/118-ats-clasico-llanta-juego-15-pulgadas\/","og_site_name":"SDmodelcartuning.com","article_modified_time":"2026-03-23T15:03:00+00:00","og_image":[{"width":1032,"height":580,"url":"https:\/\/www.sdmodelcartuning.com\/wp-content\/uploads\/2017\/01\/p_2_1_9_8_2198-118-ATS-CLASSIC-velgenset-15-inch.jpg","type":"image\/jpeg"}],"twitter_card":"summary_large_image","twitter_misc":{"Tiempo de lectura":"1 minuto"},"schema":{"@context":"https:\/\/schema.org","@graph":[{"@type":"WebPage","@id":"https:\/\/www.sdmodelcartuning.com\/product\/118-ats-classic-velgenset-15-inch\/","url":"https:\/\/www.sdmodelcartuning.com\/product\/118-ats-classic-velgenset-15-inch\/","name":"1:18 ATS CLASSIC juego de ruedas 15 pulgadas - SDmodelcartuning.com","isPartOf":{"@id":"https:\/\/www.sdmodelcartuning.com\/#website"},"primaryImageOfPage":{"@id":"https:\/\/www.sdmodelcartuning.com\/product\/118-ats-classic-velgenset-15-inch\/#primaryimage"},"image":{"@id":"https:\/\/www.sdmodelcartuning.com\/product\/118-ats-classic-velgenset-15-inch\/#primaryimage"},"thumbnailUrl":"https:\/\/www.sdmodelcartuning.com\/wp-content\/uploads\/2017\/01\/p_2_1_9_8_2198-118-ATS-CLASSIC-velgenset-15-inch.jpg","datePublished":"2017-01-16T15:04:22+00:00","dateModified":"2026-03-23T15:03:00+00:00","breadcrumb":{"@id":"https:\/\/www.sdmodelcartuning.com\/product\/118-ats-classic-velgenset-15-inch\/#breadcrumb"},"inLanguage":"es","potentialAction":[{"@type":"ReadAction","target":["https:\/\/www.sdmodelcartuning.com\/product\/118-ats-classic-velgenset-15-inch\/"]}]},{"@type":"ImageObject","inLanguage":"es","@id":"https:\/\/www.sdmodelcartuning.com\/product\/118-ats-classic-velgenset-15-inch\/#primaryimage","url":"https:\/\/www.sdmodelcartuning.com\/wp-content\/uploads\/2017\/01\/p_2_1_9_8_2198-118-ATS-CLASSIC-velgenset-15-inch.jpg","contentUrl":"https:\/\/www.sdmodelcartuning.com\/wp-content\/uploads\/2017\/01\/p_2_1_9_8_2198-118-ATS-CLASSIC-velgenset-15-inch.jpg","width":1032,"height":580,"caption":"1:18 ATS CLASSIC velgenset 15 inch"},{"@type":"BreadcrumbList","@id":"https:\/\/www.sdmodelcartuning.com\/product\/118-ats-classic-velgenset-15-inch\/#breadcrumb","itemListElement":[{"@type":"ListItem","position":1,"name":"Home","item":"https:\/\/www.sdmodelcartuning.com\/"},{"@type":"ListItem","position":2,"name":"Winkel","item":"https:\/\/www.sdmodelcartuning.com\/it\/winkel\/"},{"@type":"ListItem","position":3,"name":"1:18 ATS CLASSIC velgenset 15 inch"}]},{"@type":"WebSite","@id":"https:\/\/www.sdmodelcartuning.com\/#website","url":"https:\/\/www.sdmodelcartuning.com\/","name":"SDmodelcartuning.com","description":"La tienda de miniaturas y accesorios de Holanda","publisher":{"@id":"https:\/\/www.sdmodelcartuning.com\/#organization"},"potentialAction":[{"@type":"SearchAction","target":{"@type":"EntryPoint","urlTemplate":"https:\/\/www.sdmodelcartuning.com\/?s={search_term_string}"},"query-input":{"@type":"PropertyValueSpecification","valueRequired":true,"valueName":"search_term_string"}}],"inLanguage":"es"},{"@type":"Organization","@id":"https:\/\/www.sdmodelcartuning.com\/#organization","name":"SDmodelcartuning.com","url":"https:\/\/www.sdmodelcartuning.com\/","logo":{"@type":"ImageObject","inLanguage":"es","@id":"https:\/\/www.sdmodelcartuning.com\/#\/schema\/logo\/image\/","url":"https:\/\/www.sdmodelcartuning.com\/wp-content\/uploads\/2020\/09\/logo-retina.png","contentUrl":"https:\/\/www.sdmodelcartuning.com\/wp-content\/uploads\/2020\/09\/logo-retina.png","width":463,"height":150,"caption":"SDmodelcartuning.com"},"image":{"@id":"https:\/\/www.sdmodelcartuning.com\/#\/schema\/logo\/image\/"}}]}},"_links":{"self":[{"href":"https:\/\/www.sdmodelcartuning.com\/es\/wp-json\/wp\/v2\/product\/48555","targetHints":{"allow":["GET"]}}],"collection":[{"href":"https:\/\/www.sdmodelcartuning.com\/es\/wp-json\/wp\/v2\/product"}],"about":[{"href":"https:\/\/www.sdmodelcartuning.com\/es\/wp-json\/wp\/v2\/types\/product"}],"version-history":[{"count":1,"href":"https:\/\/www.sdmodelcartuning.com\/es\/wp-json\/wp\/v2\/product\/48555\/revisions"}],"predecessor-version":[{"id":157892,"href":"https:\/\/www.sdmodelcartuning.com\/es\/wp-json\/wp\/v2\/product\/48555\/revisions\/157892"}],"wp:featuredmedia":[{"embeddable":true,"href":"https:\/\/www.sdmodelcartuning.com\/es\/wp-json\/wp\/v2\/media\/48533"}],"wp:attachment":[{"href":"https:\/\/www.sdmodelcartuning.com\/es\/wp-json\/wp\/v2\/media?parent=48555"}],"wp:term":[{"taxonomy":"product_brand","embeddable":true,"href":"https:\/\/www.sdmodelcartuning.com\/es\/wp-json\/wp\/v2\/product_brand?post=48555"},{"taxonomy":"product_cat","embeddable":true,"href":"https:\/\/www.sdmodelcartuning.com\/es\/wp-json\/wp\/v2\/product_cat?post=48555"},{"taxonomy":"product_tag","embeddable":true,"href":"https:\/\/www.sdmodelcartuning.com\/es\/wp-json\/wp\/v2\/product_tag?post=48555"}],"curies":[{"name":"wp","href":"https:\/\/api.w.org\/{rel}","templated":true}]}}