{"id":46575,"date":"2016-05-18T15:08:11","date_gmt":"2016-05-18T15:08:11","guid":{"rendered":"http:\/\/sdmodelcartuning.local\/product\/118-rotiform-blq-concave-alu-velgenset-20inch\/"},"modified":"2025-11-21T11:15:45","modified_gmt":"2025-11-21T10:15:45","slug":"118-rotiform-blq-concave-alu-velgenset-20inch","status":"publish","type":"product","link":"https:\/\/www.sdmodelcartuning.com\/es\/producto\/118-rotiform-blq-concave-alu-rim-set-20inch\/","title":{"rendered":"1:18 Rotiform BLQ Juego de llantas c\u00f3ncavas de aluminio de 20 pulgadas"},"content":{"rendered":"<p>1:18 completo universal Rotiform BLQ Juego de llantas c\u00f3ncavas de aluminio de 20 pulgadas. El juego contiene: 4 llantas de aluminio y 4 neum\u00e1ticos deportivos<\/p>\n<p>\u00a1Las llantas traseras tienen un coraz\u00f3n m\u00e1s profundo que las llantas delanteras para una apariencia agradable!<\/p>\n<p>di\u00e1metro: 37,5 mm ancho: 15,5 mm<\/p>\n<p>El coraz\u00f3n del borde a\u00fan debe pintarse en color si no se selecciona ning\u00fan color.<\/p>\n<p>Material: aluminio aut\u00e9ntico, coraz\u00f3n de llanta de resina y neum\u00e1ticos de goma.<\/p>","protected":false},"excerpt":{"rendered":"<p>1:18 completo universal Rotiform BLQ Juego de llantas c\u00f3ncavas de aluminio de 20 pulgadas. El juego contiene: 4 llantas de aluminio y 4 llantas deportivas \u00a1Las llantas traseras tienen un coraz\u00f3n m\u00e1s profundo que las llantas delanteras para una apariencia agradable! di\u00e1metro: 37,5 mm ancho: 15,5 mm El centro de la llanta a\u00fan debe pintarse de color si no se selecciona ning\u00fan color. Material: aluminio aut\u00e9ntico, coraz\u00f3n de llanta de resina y neum\u00e1ticos de goma.<\/p>","protected":false},"featured_media":46561,"template":"","meta":[],"product_brand":[],"product_cat":[1710],"product_tag":[],"class_list":{"0":"post-46575","1":"product","2":"type-product","3":"status-publish","4":"has-post-thumbnail","6":"product_cat-20-inch-1-18-universele-velgen","7":"pa_kleurvelghart-glanszwart","8":"pa_kleurvelghart-goud","9":"pa_kleurvelghart-gunmetal","10":"pa_kleurvelghart-matzwart","11":"pa_kleurvelghart-ongelaktgeenkleur","12":"pa_kleurvelghart-zilver","14":"first","15":"outofstock","16":"taxable","17":"shipping-taxable","18":"purchasable","19":"product-type-variable","20":"has-default-attributes"},"yoast_head":"<!-- This site is optimized with the Yoast SEO plugin v27.4 - https:\/\/yoast.com\/product\/yoast-seo-wordpress\/ -->\n<title>1:18 Rotiform BLQ Concave alu velgenset 20inch - SDmodelcartuning.com<\/title>\n<meta name=\"robots\" content=\"index, follow, max-snippet:-1, max-image-preview:large, max-video-preview:-1\" \/>\n<link rel=\"canonical\" href=\"https:\/\/www.sdmodelcartuning.com\/es\/producto\/118-rotiform-blq-concave-alu-rim-set-20inch\/\" \/>\n<meta property=\"og:locale\" content=\"es_ES\" \/>\n<meta property=\"og:type\" content=\"article\" \/>\n<meta property=\"og:title\" content=\"1:18 Rotiform BLQ Concave alu velgenset 20inch - SDmodelcartuning.com\" \/>\n<meta property=\"og:description\" content=\"1:18 complete universele \u00a0Rotiform BLQ\u00a0Concave alu velgenset 20inch. Set bevat: 4x aluvelgen en 4x sportbanden Achtervelgen hebben een dieper hart als de voorvelgen voor een mooie uitstraling! diameter: 37.5 mm breedte:\u00a015.5 mm Velgenhart dient nog in kleur gelakt te worden als er geen kleur is geselecteerd. Materiaal: Echt aluminium, resin velgenhart en rubber banden.\" \/>\n<meta property=\"og:url\" content=\"https:\/\/www.sdmodelcartuning.com\/es\/producto\/118-rotiform-blq-concave-alu-rim-set-20inch\/\" \/>\n<meta property=\"og:site_name\" content=\"SDmodelcartuning.com\" \/>\n<meta property=\"article:modified_time\" content=\"2025-11-21T10:15:45+00:00\" \/>\n<meta property=\"og:image\" content=\"https:\/\/www.sdmodelcartuning.com\/wp-content\/uploads\/2016\/05\/p_1_6_9_4_1694-118-Rotiform-BLQ-Concave-alu-velgenset-20inch.jpg\" \/>\n\t<meta property=\"og:image:width\" content=\"816\" \/>\n\t<meta property=\"og:image:height\" content=\"612\" \/>\n\t<meta property=\"og:image:type\" content=\"image\/jpeg\" \/>\n<meta name=\"twitter:card\" content=\"summary_large_image\" \/>\n<script type=\"application\/ld+json\" class=\"yoast-schema-graph\">{\"@context\":\"https:\\\/\\\/schema.org\",\"@graph\":[{\"@type\":\"WebPage\",\"@id\":\"https:\\\/\\\/www.sdmodelcartuning.com\\\/product\\\/118-rotiform-blq-concave-alu-velgenset-20inch\\\/\",\"url\":\"https:\\\/\\\/www.sdmodelcartuning.com\\\/product\\\/118-rotiform-blq-concave-alu-velgenset-20inch\\\/\",\"name\":\"1:18 Rotiform BLQ Concave alu velgenset 20inch - SDmodelcartuning.com\",\"isPartOf\":{\"@id\":\"https:\\\/\\\/www.sdmodelcartuning.com\\\/#website\"},\"primaryImageOfPage\":{\"@id\":\"https:\\\/\\\/www.sdmodelcartuning.com\\\/product\\\/118-rotiform-blq-concave-alu-velgenset-20inch\\\/#primaryimage\"},\"image\":{\"@id\":\"https:\\\/\\\/www.sdmodelcartuning.com\\\/product\\\/118-rotiform-blq-concave-alu-velgenset-20inch\\\/#primaryimage\"},\"thumbnailUrl\":\"https:\\\/\\\/www.sdmodelcartuning.com\\\/wp-content\\\/uploads\\\/2016\\\/05\\\/p_1_6_9_4_1694-118-Rotiform-BLQ-Concave-alu-velgenset-20inch.jpg\",\"datePublished\":\"2016-05-18T15:08:11+00:00\",\"dateModified\":\"2025-11-21T10:15:45+00:00\",\"breadcrumb\":{\"@id\":\"https:\\\/\\\/www.sdmodelcartuning.com\\\/product\\\/118-rotiform-blq-concave-alu-velgenset-20inch\\\/#breadcrumb\"},\"inLanguage\":\"es\",\"potentialAction\":[{\"@type\":\"ReadAction\",\"target\":[\"https:\\\/\\\/www.sdmodelcartuning.com\\\/product\\\/118-rotiform-blq-concave-alu-velgenset-20inch\\\/\"]}]},{\"@type\":\"ImageObject\",\"inLanguage\":\"es\",\"@id\":\"https:\\\/\\\/www.sdmodelcartuning.com\\\/product\\\/118-rotiform-blq-concave-alu-velgenset-20inch\\\/#primaryimage\",\"url\":\"https:\\\/\\\/www.sdmodelcartuning.com\\\/wp-content\\\/uploads\\\/2016\\\/05\\\/p_1_6_9_4_1694-118-Rotiform-BLQ-Concave-alu-velgenset-20inch.jpg\",\"contentUrl\":\"https:\\\/\\\/www.sdmodelcartuning.com\\\/wp-content\\\/uploads\\\/2016\\\/05\\\/p_1_6_9_4_1694-118-Rotiform-BLQ-Concave-alu-velgenset-20inch.jpg\",\"width\":816,\"height\":612,\"caption\":\"1:18 Rotiform BLQ Concave alu velgenset 20inch\"},{\"@type\":\"BreadcrumbList\",\"@id\":\"https:\\\/\\\/www.sdmodelcartuning.com\\\/product\\\/118-rotiform-blq-concave-alu-velgenset-20inch\\\/#breadcrumb\",\"itemListElement\":[{\"@type\":\"ListItem\",\"position\":1,\"name\":\"Home\",\"item\":\"https:\\\/\\\/www.sdmodelcartuning.com\\\/\"},{\"@type\":\"ListItem\",\"position\":2,\"name\":\"Winkel\",\"item\":\"https:\\\/\\\/www.sdmodelcartuning.com\\\/it\\\/winkel\\\/\"},{\"@type\":\"ListItem\",\"position\":3,\"name\":\"1:18 Rotiform BLQ Concave alu velgenset 20inch\"}]},{\"@type\":\"WebSite\",\"@id\":\"https:\\\/\\\/www.sdmodelcartuning.com\\\/#website\",\"url\":\"https:\\\/\\\/www.sdmodelcartuning.com\\\/\",\"name\":\"SDmodelcartuning.com\",\"description\":\"De miniaturen en toebehoren shop van Nederland\",\"publisher\":{\"@id\":\"https:\\\/\\\/www.sdmodelcartuning.com\\\/#organization\"},\"potentialAction\":[{\"@type\":\"SearchAction\",\"target\":{\"@type\":\"EntryPoint\",\"urlTemplate\":\"https:\\\/\\\/www.sdmodelcartuning.com\\\/?s={search_term_string}\"},\"query-input\":{\"@type\":\"PropertyValueSpecification\",\"valueRequired\":true,\"valueName\":\"search_term_string\"}}],\"inLanguage\":\"es\"},{\"@type\":\"Organization\",\"@id\":\"https:\\\/\\\/www.sdmodelcartuning.com\\\/#organization\",\"name\":\"SDmodelcartuning.com\",\"url\":\"https:\\\/\\\/www.sdmodelcartuning.com\\\/\",\"logo\":{\"@type\":\"ImageObject\",\"inLanguage\":\"es\",\"@id\":\"https:\\\/\\\/www.sdmodelcartuning.com\\\/#\\\/schema\\\/logo\\\/image\\\/\",\"url\":\"https:\\\/\\\/www.sdmodelcartuning.com\\\/wp-content\\\/uploads\\\/2020\\\/09\\\/logo-retina.png\",\"contentUrl\":\"https:\\\/\\\/www.sdmodelcartuning.com\\\/wp-content\\\/uploads\\\/2020\\\/09\\\/logo-retina.png\",\"width\":463,\"height\":150,\"caption\":\"SDmodelcartuning.com\"},\"image\":{\"@id\":\"https:\\\/\\\/www.sdmodelcartuning.com\\\/#\\\/schema\\\/logo\\\/image\\\/\"}}]}<\/script>\n<!-- \/ Yoast SEO plugin. -->","yoast_head_json":{"title":"1:18 Rotiform BLQ Juego de llantas c\u00f3ncavas de aluminio de 20 pulgadas - SDmodelcartuning.com","robots":{"index":"index","follow":"follow","max-snippet":"max-snippet:-1","max-image-preview":"max-image-preview:large","max-video-preview":"max-video-preview:-1"},"canonical":"https:\/\/www.sdmodelcartuning.com\/es\/producto\/118-rotiform-blq-concave-alu-rim-set-20inch\/","og_locale":"es_ES","og_type":"article","og_title":"1:18 Rotiform BLQ Concave alu velgenset 20inch - SDmodelcartuning.com","og_description":"1:18 complete universele \u00a0Rotiform BLQ\u00a0Concave alu velgenset 20inch. Set bevat: 4x aluvelgen en 4x sportbanden Achtervelgen hebben een dieper hart als de voorvelgen voor een mooie uitstraling! diameter: 37.5 mm breedte:\u00a015.5 mm Velgenhart dient nog in kleur gelakt te worden als er geen kleur is geselecteerd. Materiaal: Echt aluminium, resin velgenhart en rubber banden.","og_url":"https:\/\/www.sdmodelcartuning.com\/es\/producto\/118-rotiform-blq-concave-alu-rim-set-20inch\/","og_site_name":"SDmodelcartuning.com","article_modified_time":"2025-11-21T10:15:45+00:00","og_image":[{"width":816,"height":612,"url":"https:\/\/www.sdmodelcartuning.com\/wp-content\/uploads\/2016\/05\/p_1_6_9_4_1694-118-Rotiform-BLQ-Concave-alu-velgenset-20inch.jpg","type":"image\/jpeg"}],"twitter_card":"summary_large_image","schema":{"@context":"https:\/\/schema.org","@graph":[{"@type":"WebPage","@id":"https:\/\/www.sdmodelcartuning.com\/product\/118-rotiform-blq-concave-alu-velgenset-20inch\/","url":"https:\/\/www.sdmodelcartuning.com\/product\/118-rotiform-blq-concave-alu-velgenset-20inch\/","name":"1:18 Rotiform BLQ Juego de llantas c\u00f3ncavas de aluminio de 20 pulgadas - SDmodelcartuning.com","isPartOf":{"@id":"https:\/\/www.sdmodelcartuning.com\/#website"},"primaryImageOfPage":{"@id":"https:\/\/www.sdmodelcartuning.com\/product\/118-rotiform-blq-concave-alu-velgenset-20inch\/#primaryimage"},"image":{"@id":"https:\/\/www.sdmodelcartuning.com\/product\/118-rotiform-blq-concave-alu-velgenset-20inch\/#primaryimage"},"thumbnailUrl":"https:\/\/www.sdmodelcartuning.com\/wp-content\/uploads\/2016\/05\/p_1_6_9_4_1694-118-Rotiform-BLQ-Concave-alu-velgenset-20inch.jpg","datePublished":"2016-05-18T15:08:11+00:00","dateModified":"2025-11-21T10:15:45+00:00","breadcrumb":{"@id":"https:\/\/www.sdmodelcartuning.com\/product\/118-rotiform-blq-concave-alu-velgenset-20inch\/#breadcrumb"},"inLanguage":"es","potentialAction":[{"@type":"ReadAction","target":["https:\/\/www.sdmodelcartuning.com\/product\/118-rotiform-blq-concave-alu-velgenset-20inch\/"]}]},{"@type":"ImageObject","inLanguage":"es","@id":"https:\/\/www.sdmodelcartuning.com\/product\/118-rotiform-blq-concave-alu-velgenset-20inch\/#primaryimage","url":"https:\/\/www.sdmodelcartuning.com\/wp-content\/uploads\/2016\/05\/p_1_6_9_4_1694-118-Rotiform-BLQ-Concave-alu-velgenset-20inch.jpg","contentUrl":"https:\/\/www.sdmodelcartuning.com\/wp-content\/uploads\/2016\/05\/p_1_6_9_4_1694-118-Rotiform-BLQ-Concave-alu-velgenset-20inch.jpg","width":816,"height":612,"caption":"1:18 Rotiform BLQ Concave alu velgenset 20inch"},{"@type":"BreadcrumbList","@id":"https:\/\/www.sdmodelcartuning.com\/product\/118-rotiform-blq-concave-alu-velgenset-20inch\/#breadcrumb","itemListElement":[{"@type":"ListItem","position":1,"name":"Home","item":"https:\/\/www.sdmodelcartuning.com\/"},{"@type":"ListItem","position":2,"name":"Winkel","item":"https:\/\/www.sdmodelcartuning.com\/it\/winkel\/"},{"@type":"ListItem","position":3,"name":"1:18 Rotiform BLQ Concave alu velgenset 20inch"}]},{"@type":"WebSite","@id":"https:\/\/www.sdmodelcartuning.com\/#website","url":"https:\/\/www.sdmodelcartuning.com\/","name":"SDmodelcartuning.com","description":"La tienda de miniaturas y accesorios de Holanda","publisher":{"@id":"https:\/\/www.sdmodelcartuning.com\/#organization"},"potentialAction":[{"@type":"SearchAction","target":{"@type":"EntryPoint","urlTemplate":"https:\/\/www.sdmodelcartuning.com\/?s={search_term_string}"},"query-input":{"@type":"PropertyValueSpecification","valueRequired":true,"valueName":"search_term_string"}}],"inLanguage":"es"},{"@type":"Organization","@id":"https:\/\/www.sdmodelcartuning.com\/#organization","name":"SDmodelcartuning.com","url":"https:\/\/www.sdmodelcartuning.com\/","logo":{"@type":"ImageObject","inLanguage":"es","@id":"https:\/\/www.sdmodelcartuning.com\/#\/schema\/logo\/image\/","url":"https:\/\/www.sdmodelcartuning.com\/wp-content\/uploads\/2020\/09\/logo-retina.png","contentUrl":"https:\/\/www.sdmodelcartuning.com\/wp-content\/uploads\/2020\/09\/logo-retina.png","width":463,"height":150,"caption":"SDmodelcartuning.com"},"image":{"@id":"https:\/\/www.sdmodelcartuning.com\/#\/schema\/logo\/image\/"}}]}},"_links":{"self":[{"href":"https:\/\/www.sdmodelcartuning.com\/es\/wp-json\/wp\/v2\/product\/46575","targetHints":{"allow":["GET"]}}],"collection":[{"href":"https:\/\/www.sdmodelcartuning.com\/es\/wp-json\/wp\/v2\/product"}],"about":[{"href":"https:\/\/www.sdmodelcartuning.com\/es\/wp-json\/wp\/v2\/types\/product"}],"version-history":[{"count":1,"href":"https:\/\/www.sdmodelcartuning.com\/es\/wp-json\/wp\/v2\/product\/46575\/revisions"}],"predecessor-version":[{"id":157890,"href":"https:\/\/www.sdmodelcartuning.com\/es\/wp-json\/wp\/v2\/product\/46575\/revisions\/157890"}],"wp:featuredmedia":[{"embeddable":true,"href":"https:\/\/www.sdmodelcartuning.com\/es\/wp-json\/wp\/v2\/media\/46561"}],"wp:attachment":[{"href":"https:\/\/www.sdmodelcartuning.com\/es\/wp-json\/wp\/v2\/media?parent=46575"}],"wp:term":[{"taxonomy":"product_brand","embeddable":true,"href":"https:\/\/www.sdmodelcartuning.com\/es\/wp-json\/wp\/v2\/product_brand?post=46575"},{"taxonomy":"product_cat","embeddable":true,"href":"https:\/\/www.sdmodelcartuning.com\/es\/wp-json\/wp\/v2\/product_cat?post=46575"},{"taxonomy":"product_tag","embeddable":true,"href":"https:\/\/www.sdmodelcartuning.com\/es\/wp-json\/wp\/v2\/product_tag?post=46575"}],"curies":[{"name":"wp","href":"https:\/\/api.w.org\/{rel}","templated":true}]}}