{"id":44191,"date":"2015-10-27T12:15:28","date_gmt":"2015-10-27T12:15:28","guid":{"rendered":"http:\/\/sdmodelcartuning.local\/product\/118-hamann-original-anodized-21-inch-velgenset\/"},"modified":"2026-03-01T21:14:23","modified_gmt":"2026-03-01T20:14:23","slug":"118-hamann-original-anodized-21-inch-velgenset","status":"publish","type":"product","link":"https:\/\/www.sdmodelcartuning.com\/es\/producto\/juego-de-llantas-118-hamann-originales-anodizadas-de-21-pulgadas\/","title":{"rendered":"Juego de llantas 1:18 Hamann Original Anodized 21 pulgadas"},"content":{"rendered":"<p>Juego de llantas 1:18 Universal Hamann Original anodizado de 21 pulgadas. Este juego contiene: 4 neum\u00e1ticos deportivos de perfil y 4 llantas Hamann.<\/p>\n<p>Dimensiones: 38 mm de di\u00e1metro (incl. neum\u00e1ticos) y 14 mm de ancho. Las llantas traseras tienen un centro de 6 mm de profundidad y las llantas delanteras tienen 4 mm.<\/p>\n<p>Este set viene a todo color, puedes elegir entre varias combinaciones de colores.<\/p>\n<p>Material: Pl\u00e1stico y neum\u00e1ticos de caucho.<\/p>","protected":false},"excerpt":{"rendered":"<p>Juego de llantas 1:18 Universal Hamann Original anodizado de 21 pulgadas. Este juego contiene: 4 neum\u00e1ticos deportivos de perfil y 4 llantas Hamann. Dimensiones: 38 mm de di\u00e1metro (incl. neum\u00e1ticos) y 14 mm de ancho. Las llantas traseras tienen un centro de 6 mm de profundidad y las llantas delanteras tienen 4 mm. Este set viene a todo color, puedes elegir entre varias combinaciones de colores. Material: Pl\u00e1stico y neum\u00e1ticos de caucho.<\/p>","protected":false},"featured_media":44172,"template":"","meta":[],"product_brand":[],"product_cat":[1713],"product_tag":[],"class_list":{"0":"post-44191","1":"product","2":"type-product","3":"status-publish","4":"has-post-thumbnail","6":"product_cat-21-inch","7":"pa_kleurvelghart-glanszwart","8":"pa_kleurvelghart-gunmetal","9":"pa_kleurvelghart-zilver","10":"pa_velgemblemen-geenemblemen","11":"pa_velgemblemen-hamann","13":"first","14":"onbackorder","15":"taxable","16":"shipping-taxable","17":"purchasable","18":"product-type-variable","19":"has-default-attributes"},"yoast_head":"<!-- This site is optimized with the Yoast SEO plugin v27.4 - https:\/\/yoast.com\/product\/yoast-seo-wordpress\/ -->\n<title>1:18 Hamann Original Anodized 21 inch velgenset - SDmodelcartuning.com<\/title>\n<meta name=\"robots\" content=\"index, follow, max-snippet:-1, max-image-preview:large, max-video-preview:-1\" \/>\n<link rel=\"canonical\" href=\"https:\/\/www.sdmodelcartuning.com\/es\/producto\/juego-de-llantas-118-hamann-originales-anodizadas-de-21-pulgadas\/\" \/>\n<meta property=\"og:locale\" content=\"es_ES\" \/>\n<meta property=\"og:type\" content=\"article\" \/>\n<meta property=\"og:title\" content=\"1:18 Hamann Original Anodized 21 inch velgenset - SDmodelcartuning.com\" \/>\n<meta property=\"og:description\" content=\"1:18 Universele Hamann\u00a0Original anodized 21inch velgenset. Deze set bevat: 4x profiel sportbanden en 4x Hamann\u00a0 velgen. Afmetingen: 38mm diameter (incl.banden) en 14mm breed. Achtervelgen hebben een 6mm deep hart en de voor velgen 4mm. Deze set wordt volledig in kleur geleverd, u kunt kiezen uit meerdere kleurstellingen. Materiaal: Plastic en rubber banden.\" \/>\n<meta property=\"og:url\" content=\"https:\/\/www.sdmodelcartuning.com\/es\/producto\/juego-de-llantas-118-hamann-originales-anodizadas-de-21-pulgadas\/\" \/>\n<meta property=\"og:site_name\" content=\"SDmodelcartuning.com\" \/>\n<meta property=\"article:modified_time\" content=\"2026-03-01T20:14:23+00:00\" \/>\n<meta property=\"og:image\" content=\"https:\/\/www.sdmodelcartuning.com\/wp-content\/uploads\/2015\/10\/p_1_4_9_9_1499-118-Hamann-Original-Anodized-21-inch-velgenset.jpg\" \/>\n\t<meta property=\"og:image:width\" content=\"816\" \/>\n\t<meta property=\"og:image:height\" content=\"612\" \/>\n\t<meta property=\"og:image:type\" content=\"image\/jpeg\" \/>\n<meta name=\"twitter:card\" content=\"summary_large_image\" \/>\n<meta name=\"twitter:label1\" content=\"Tiempo de lectura\" \/>\n\t<meta name=\"twitter:data1\" content=\"1 minuto\" \/>\n<script type=\"application\/ld+json\" class=\"yoast-schema-graph\">{\"@context\":\"https:\\\/\\\/schema.org\",\"@graph\":[{\"@type\":\"WebPage\",\"@id\":\"https:\\\/\\\/www.sdmodelcartuning.com\\\/product\\\/118-hamann-original-anodized-21-inch-velgenset\\\/\",\"url\":\"https:\\\/\\\/www.sdmodelcartuning.com\\\/product\\\/118-hamann-original-anodized-21-inch-velgenset\\\/\",\"name\":\"1:18 Hamann Original Anodized 21 inch velgenset - SDmodelcartuning.com\",\"isPartOf\":{\"@id\":\"https:\\\/\\\/www.sdmodelcartuning.com\\\/#website\"},\"primaryImageOfPage\":{\"@id\":\"https:\\\/\\\/www.sdmodelcartuning.com\\\/product\\\/118-hamann-original-anodized-21-inch-velgenset\\\/#primaryimage\"},\"image\":{\"@id\":\"https:\\\/\\\/www.sdmodelcartuning.com\\\/product\\\/118-hamann-original-anodized-21-inch-velgenset\\\/#primaryimage\"},\"thumbnailUrl\":\"https:\\\/\\\/www.sdmodelcartuning.com\\\/wp-content\\\/uploads\\\/2015\\\/10\\\/p_1_4_9_9_1499-118-Hamann-Original-Anodized-21-inch-velgenset.jpg\",\"datePublished\":\"2015-10-27T12:15:28+00:00\",\"dateModified\":\"2026-03-01T20:14:23+00:00\",\"breadcrumb\":{\"@id\":\"https:\\\/\\\/www.sdmodelcartuning.com\\\/product\\\/118-hamann-original-anodized-21-inch-velgenset\\\/#breadcrumb\"},\"inLanguage\":\"es\",\"potentialAction\":[{\"@type\":\"ReadAction\",\"target\":[\"https:\\\/\\\/www.sdmodelcartuning.com\\\/product\\\/118-hamann-original-anodized-21-inch-velgenset\\\/\"]}]},{\"@type\":\"ImageObject\",\"inLanguage\":\"es\",\"@id\":\"https:\\\/\\\/www.sdmodelcartuning.com\\\/product\\\/118-hamann-original-anodized-21-inch-velgenset\\\/#primaryimage\",\"url\":\"https:\\\/\\\/www.sdmodelcartuning.com\\\/wp-content\\\/uploads\\\/2015\\\/10\\\/p_1_4_9_9_1499-118-Hamann-Original-Anodized-21-inch-velgenset.jpg\",\"contentUrl\":\"https:\\\/\\\/www.sdmodelcartuning.com\\\/wp-content\\\/uploads\\\/2015\\\/10\\\/p_1_4_9_9_1499-118-Hamann-Original-Anodized-21-inch-velgenset.jpg\",\"width\":816,\"height\":612,\"caption\":\"1:18 Hamann Original Anodized 21 inch velgenset\"},{\"@type\":\"BreadcrumbList\",\"@id\":\"https:\\\/\\\/www.sdmodelcartuning.com\\\/product\\\/118-hamann-original-anodized-21-inch-velgenset\\\/#breadcrumb\",\"itemListElement\":[{\"@type\":\"ListItem\",\"position\":1,\"name\":\"Home\",\"item\":\"https:\\\/\\\/www.sdmodelcartuning.com\\\/\"},{\"@type\":\"ListItem\",\"position\":2,\"name\":\"Winkel\",\"item\":\"https:\\\/\\\/www.sdmodelcartuning.com\\\/it\\\/winkel\\\/\"},{\"@type\":\"ListItem\",\"position\":3,\"name\":\"1:18 Hamann Original Anodized 21 inch velgenset\"}]},{\"@type\":\"WebSite\",\"@id\":\"https:\\\/\\\/www.sdmodelcartuning.com\\\/#website\",\"url\":\"https:\\\/\\\/www.sdmodelcartuning.com\\\/\",\"name\":\"SDmodelcartuning.com\",\"description\":\"De miniaturen en toebehoren shop van Nederland\",\"publisher\":{\"@id\":\"https:\\\/\\\/www.sdmodelcartuning.com\\\/#organization\"},\"potentialAction\":[{\"@type\":\"SearchAction\",\"target\":{\"@type\":\"EntryPoint\",\"urlTemplate\":\"https:\\\/\\\/www.sdmodelcartuning.com\\\/?s={search_term_string}\"},\"query-input\":{\"@type\":\"PropertyValueSpecification\",\"valueRequired\":true,\"valueName\":\"search_term_string\"}}],\"inLanguage\":\"es\"},{\"@type\":\"Organization\",\"@id\":\"https:\\\/\\\/www.sdmodelcartuning.com\\\/#organization\",\"name\":\"SDmodelcartuning.com\",\"url\":\"https:\\\/\\\/www.sdmodelcartuning.com\\\/\",\"logo\":{\"@type\":\"ImageObject\",\"inLanguage\":\"es\",\"@id\":\"https:\\\/\\\/www.sdmodelcartuning.com\\\/#\\\/schema\\\/logo\\\/image\\\/\",\"url\":\"https:\\\/\\\/www.sdmodelcartuning.com\\\/wp-content\\\/uploads\\\/2020\\\/09\\\/logo-retina.png\",\"contentUrl\":\"https:\\\/\\\/www.sdmodelcartuning.com\\\/wp-content\\\/uploads\\\/2020\\\/09\\\/logo-retina.png\",\"width\":463,\"height\":150,\"caption\":\"SDmodelcartuning.com\"},\"image\":{\"@id\":\"https:\\\/\\\/www.sdmodelcartuning.com\\\/#\\\/schema\\\/logo\\\/image\\\/\"}}]}<\/script>\n<!-- \/ Yoast SEO plugin. -->","yoast_head_json":{"title":"Juego de llantas 1:18 Hamann Original Anodized 21 pulgadas - SDmodelcartuning.com","robots":{"index":"index","follow":"follow","max-snippet":"max-snippet:-1","max-image-preview":"max-image-preview:large","max-video-preview":"max-video-preview:-1"},"canonical":"https:\/\/www.sdmodelcartuning.com\/es\/producto\/juego-de-llantas-118-hamann-originales-anodizadas-de-21-pulgadas\/","og_locale":"es_ES","og_type":"article","og_title":"1:18 Hamann Original Anodized 21 inch velgenset - SDmodelcartuning.com","og_description":"1:18 Universele Hamann\u00a0Original anodized 21inch velgenset. Deze set bevat: 4x profiel sportbanden en 4x Hamann\u00a0 velgen. Afmetingen: 38mm diameter (incl.banden) en 14mm breed. Achtervelgen hebben een 6mm deep hart en de voor velgen 4mm. Deze set wordt volledig in kleur geleverd, u kunt kiezen uit meerdere kleurstellingen. Materiaal: Plastic en rubber banden.","og_url":"https:\/\/www.sdmodelcartuning.com\/es\/producto\/juego-de-llantas-118-hamann-originales-anodizadas-de-21-pulgadas\/","og_site_name":"SDmodelcartuning.com","article_modified_time":"2026-03-01T20:14:23+00:00","og_image":[{"width":816,"height":612,"url":"https:\/\/www.sdmodelcartuning.com\/wp-content\/uploads\/2015\/10\/p_1_4_9_9_1499-118-Hamann-Original-Anodized-21-inch-velgenset.jpg","type":"image\/jpeg"}],"twitter_card":"summary_large_image","twitter_misc":{"Tiempo de lectura":"1 minuto"},"schema":{"@context":"https:\/\/schema.org","@graph":[{"@type":"WebPage","@id":"https:\/\/www.sdmodelcartuning.com\/product\/118-hamann-original-anodized-21-inch-velgenset\/","url":"https:\/\/www.sdmodelcartuning.com\/product\/118-hamann-original-anodized-21-inch-velgenset\/","name":"Juego de llantas 1:18 Hamann Original Anodized 21 pulgadas - SDmodelcartuning.com","isPartOf":{"@id":"https:\/\/www.sdmodelcartuning.com\/#website"},"primaryImageOfPage":{"@id":"https:\/\/www.sdmodelcartuning.com\/product\/118-hamann-original-anodized-21-inch-velgenset\/#primaryimage"},"image":{"@id":"https:\/\/www.sdmodelcartuning.com\/product\/118-hamann-original-anodized-21-inch-velgenset\/#primaryimage"},"thumbnailUrl":"https:\/\/www.sdmodelcartuning.com\/wp-content\/uploads\/2015\/10\/p_1_4_9_9_1499-118-Hamann-Original-Anodized-21-inch-velgenset.jpg","datePublished":"2015-10-27T12:15:28+00:00","dateModified":"2026-03-01T20:14:23+00:00","breadcrumb":{"@id":"https:\/\/www.sdmodelcartuning.com\/product\/118-hamann-original-anodized-21-inch-velgenset\/#breadcrumb"},"inLanguage":"es","potentialAction":[{"@type":"ReadAction","target":["https:\/\/www.sdmodelcartuning.com\/product\/118-hamann-original-anodized-21-inch-velgenset\/"]}]},{"@type":"ImageObject","inLanguage":"es","@id":"https:\/\/www.sdmodelcartuning.com\/product\/118-hamann-original-anodized-21-inch-velgenset\/#primaryimage","url":"https:\/\/www.sdmodelcartuning.com\/wp-content\/uploads\/2015\/10\/p_1_4_9_9_1499-118-Hamann-Original-Anodized-21-inch-velgenset.jpg","contentUrl":"https:\/\/www.sdmodelcartuning.com\/wp-content\/uploads\/2015\/10\/p_1_4_9_9_1499-118-Hamann-Original-Anodized-21-inch-velgenset.jpg","width":816,"height":612,"caption":"1:18 Hamann Original Anodized 21 inch velgenset"},{"@type":"BreadcrumbList","@id":"https:\/\/www.sdmodelcartuning.com\/product\/118-hamann-original-anodized-21-inch-velgenset\/#breadcrumb","itemListElement":[{"@type":"ListItem","position":1,"name":"Home","item":"https:\/\/www.sdmodelcartuning.com\/"},{"@type":"ListItem","position":2,"name":"Winkel","item":"https:\/\/www.sdmodelcartuning.com\/it\/winkel\/"},{"@type":"ListItem","position":3,"name":"1:18 Hamann Original Anodized 21 inch velgenset"}]},{"@type":"WebSite","@id":"https:\/\/www.sdmodelcartuning.com\/#website","url":"https:\/\/www.sdmodelcartuning.com\/","name":"SDmodelcartuning.com","description":"La tienda de miniaturas y accesorios de Holanda","publisher":{"@id":"https:\/\/www.sdmodelcartuning.com\/#organization"},"potentialAction":[{"@type":"SearchAction","target":{"@type":"EntryPoint","urlTemplate":"https:\/\/www.sdmodelcartuning.com\/?s={search_term_string}"},"query-input":{"@type":"PropertyValueSpecification","valueRequired":true,"valueName":"search_term_string"}}],"inLanguage":"es"},{"@type":"Organization","@id":"https:\/\/www.sdmodelcartuning.com\/#organization","name":"SDmodelcartuning.com","url":"https:\/\/www.sdmodelcartuning.com\/","logo":{"@type":"ImageObject","inLanguage":"es","@id":"https:\/\/www.sdmodelcartuning.com\/#\/schema\/logo\/image\/","url":"https:\/\/www.sdmodelcartuning.com\/wp-content\/uploads\/2020\/09\/logo-retina.png","contentUrl":"https:\/\/www.sdmodelcartuning.com\/wp-content\/uploads\/2020\/09\/logo-retina.png","width":463,"height":150,"caption":"SDmodelcartuning.com"},"image":{"@id":"https:\/\/www.sdmodelcartuning.com\/#\/schema\/logo\/image\/"}}]}},"_links":{"self":[{"href":"https:\/\/www.sdmodelcartuning.com\/es\/wp-json\/wp\/v2\/product\/44191","targetHints":{"allow":["GET"]}}],"collection":[{"href":"https:\/\/www.sdmodelcartuning.com\/es\/wp-json\/wp\/v2\/product"}],"about":[{"href":"https:\/\/www.sdmodelcartuning.com\/es\/wp-json\/wp\/v2\/types\/product"}],"version-history":[{"count":1,"href":"https:\/\/www.sdmodelcartuning.com\/es\/wp-json\/wp\/v2\/product\/44191\/revisions"}],"predecessor-version":[{"id":157888,"href":"https:\/\/www.sdmodelcartuning.com\/es\/wp-json\/wp\/v2\/product\/44191\/revisions\/157888"}],"wp:featuredmedia":[{"embeddable":true,"href":"https:\/\/www.sdmodelcartuning.com\/es\/wp-json\/wp\/v2\/media\/44172"}],"wp:attachment":[{"href":"https:\/\/www.sdmodelcartuning.com\/es\/wp-json\/wp\/v2\/media?parent=44191"}],"wp:term":[{"taxonomy":"product_brand","embeddable":true,"href":"https:\/\/www.sdmodelcartuning.com\/es\/wp-json\/wp\/v2\/product_brand?post=44191"},{"taxonomy":"product_cat","embeddable":true,"href":"https:\/\/www.sdmodelcartuning.com\/es\/wp-json\/wp\/v2\/product_cat?post=44191"},{"taxonomy":"product_tag","embeddable":true,"href":"https:\/\/www.sdmodelcartuning.com\/es\/wp-json\/wp\/v2\/product_tag?post=44191"}],"curies":[{"name":"wp","href":"https:\/\/api.w.org\/{rel}","templated":true}]}}