{"id":43339,"date":"2015-07-03T10:56:52","date_gmt":"2015-07-03T10:56:52","guid":{"rendered":"http:\/\/sdmodelcartuning.local\/product\/118-staal-velgen-breedset-15-inch\/"},"modified":"2026-03-10T13:22:08","modified_gmt":"2026-03-10T12:22:08","slug":"118-staal-velgen-breedset-15-inch","status":"publish","type":"product","link":"https:\/\/www.sdmodelcartuning.com\/es\/producto\/118-steel-rims-wideset-15-pulgadas\/","title":{"rendered":"1:18 Juego de llantas de acero anchas de 15 pulgadas"},"content":{"rendered":"<p>Juego de llantas de acero universales a escala 1\/18 de 15 pulgadas.<\/p>\n<p>El conjunto consta de:<\/p>\n<p>4 llantas totalmente cromadas con un coraz\u00f3n de llanta rociado en el color de su elecci\u00f3n: plata o negro\/plata.<\/p>\n<p>4x neum\u00e1ticos deportivos de perfil bajo<\/p>\n<p>1x embalaje de exhibici\u00f3n sellado<\/p>\n<p>Juego de llantas de di\u00e1metro: 30 mm, incluidos los neum\u00e1ticos, ancho: 12 mm<\/p>\n<p>Material: Pl\u00e1stico con neum\u00e1ticos de goma.<\/p>","protected":false},"excerpt":{"rendered":"<p>Juego de llantas de acero universales a escala 1\/18 de 15 pulgadas. El juego consta de: 4 llantas totalmente cromadas con un coraz\u00f3n de llanta pintado en el color que elijas: plata o negro\/plata. 4x neum\u00e1ticos deportivos de perfil bajo 1x embalaje de exhibici\u00f3n sellado Di\u00e1metro del juego de llantas: 30 mm incluidos los neum\u00e1ticos, ancho: 12 mm Material: pl\u00e1stico con neum\u00e1ticos de caucho.<\/p>","protected":false},"featured_media":43308,"template":"","meta":[],"product_brand":[],"product_cat":[1677],"product_tag":[],"class_list":{"0":"post-43339","1":"product","2":"type-product","3":"status-publish","4":"has-post-thumbnail","6":"product_cat-15-inch-1-18-universele-velgen","7":"pa_kleurvelghart-zilver","8":"pa_kleurvelghart-zilverzwart","10":"first","11":"instock","12":"taxable","13":"shipping-taxable","14":"purchasable","15":"product-type-variable","16":"has-default-attributes"},"yoast_head":"<!-- This site is optimized with the Yoast SEO plugin v26.8 - https:\/\/yoast.com\/product\/yoast-seo-wordpress\/ -->\n<title>1:18 Staal velgen breedset 15 inch - SDmodelcartuning.com<\/title>\n<meta name=\"robots\" content=\"index, follow, max-snippet:-1, max-image-preview:large, max-video-preview:-1\" \/>\n<link rel=\"canonical\" href=\"https:\/\/www.sdmodelcartuning.com\/es\/producto\/118-steel-rims-wideset-15-pulgadas\/\" \/>\n<meta property=\"og:locale\" content=\"es_ES\" \/>\n<meta property=\"og:type\" content=\"article\" \/>\n<meta property=\"og:title\" content=\"1:18 Staal velgen breedset 15 inch - SDmodelcartuning.com\" \/>\n<meta property=\"og:description\" content=\"1\/18 Schaal Universele Staal velgen breedset 15inch. De set bestaat uit: 4x volledig verchroomde velgen met een Gespoten velgenhart in kleur naar keuze: Zilver of Zwart\/Zilver. 4x laag profiel sportbanden 1x gesealde display verpakking Diameter velgenset: 30mm inclusief banden, breedte: 12mm Materiaal: Plastic met rubber banden.\" \/>\n<meta property=\"og:url\" content=\"https:\/\/www.sdmodelcartuning.com\/es\/producto\/118-steel-rims-wideset-15-pulgadas\/\" \/>\n<meta property=\"og:site_name\" content=\"SDmodelcartuning.com\" \/>\n<meta property=\"article:modified_time\" content=\"2026-03-10T12:22:08+00:00\" \/>\n<meta property=\"og:image\" content=\"https:\/\/www.sdmodelcartuning.com\/wp-content\/uploads\/2015\/07\/p_2_4_1_5_2415-118-Staal-velgen-breedset-15-inch.jpg\" \/>\n\t<meta property=\"og:image:width\" content=\"1032\" \/>\n\t<meta property=\"og:image:height\" content=\"580\" \/>\n\t<meta property=\"og:image:type\" content=\"image\/jpeg\" \/>\n<meta name=\"twitter:card\" content=\"summary_large_image\" \/>\n<script type=\"application\/ld+json\" class=\"yoast-schema-graph\">{\"@context\":\"https:\/\/schema.org\",\"@graph\":[{\"@type\":\"WebPage\",\"@id\":\"https:\/\/www.sdmodelcartuning.com\/product\/118-staal-velgen-breedset-15-inch\/\",\"url\":\"https:\/\/www.sdmodelcartuning.com\/product\/118-staal-velgen-breedset-15-inch\/\",\"name\":\"1:18 Staal velgen breedset 15 inch - SDmodelcartuning.com\",\"isPartOf\":{\"@id\":\"https:\/\/www.sdmodelcartuning.com\/#website\"},\"primaryImageOfPage\":{\"@id\":\"https:\/\/www.sdmodelcartuning.com\/product\/118-staal-velgen-breedset-15-inch\/#primaryimage\"},\"image\":{\"@id\":\"https:\/\/www.sdmodelcartuning.com\/product\/118-staal-velgen-breedset-15-inch\/#primaryimage\"},\"thumbnailUrl\":\"https:\/\/www.sdmodelcartuning.com\/wp-content\/uploads\/2015\/07\/p_2_4_1_5_2415-118-Staal-velgen-breedset-15-inch.jpg\",\"datePublished\":\"2015-07-03T10:56:52+00:00\",\"dateModified\":\"2026-03-10T12:22:08+00:00\",\"breadcrumb\":{\"@id\":\"https:\/\/www.sdmodelcartuning.com\/product\/118-staal-velgen-breedset-15-inch\/#breadcrumb\"},\"inLanguage\":\"es\",\"potentialAction\":[{\"@type\":\"ReadAction\",\"target\":[\"https:\/\/www.sdmodelcartuning.com\/product\/118-staal-velgen-breedset-15-inch\/\"]}]},{\"@type\":\"ImageObject\",\"inLanguage\":\"es\",\"@id\":\"https:\/\/www.sdmodelcartuning.com\/product\/118-staal-velgen-breedset-15-inch\/#primaryimage\",\"url\":\"https:\/\/www.sdmodelcartuning.com\/wp-content\/uploads\/2015\/07\/p_2_4_1_5_2415-118-Staal-velgen-breedset-15-inch.jpg\",\"contentUrl\":\"https:\/\/www.sdmodelcartuning.com\/wp-content\/uploads\/2015\/07\/p_2_4_1_5_2415-118-Staal-velgen-breedset-15-inch.jpg\",\"width\":1032,\"height\":580,\"caption\":\"1:18 Staal velgen breedset 15 inch\"},{\"@type\":\"BreadcrumbList\",\"@id\":\"https:\/\/www.sdmodelcartuning.com\/product\/118-staal-velgen-breedset-15-inch\/#breadcrumb\",\"itemListElement\":[{\"@type\":\"ListItem\",\"position\":1,\"name\":\"Home\",\"item\":\"https:\/\/www.sdmodelcartuning.com\/\"},{\"@type\":\"ListItem\",\"position\":2,\"name\":\"Winkel\",\"item\":\"https:\/\/www.sdmodelcartuning.com\/it\/winkel\/\"},{\"@type\":\"ListItem\",\"position\":3,\"name\":\"1:18 Staal velgen breedset 15 inch\"}]},{\"@type\":\"WebSite\",\"@id\":\"https:\/\/www.sdmodelcartuning.com\/#website\",\"url\":\"https:\/\/www.sdmodelcartuning.com\/\",\"name\":\"SDmodelcartuning.com\",\"description\":\"De miniaturen en toebehoren shop van Nederland\",\"publisher\":{\"@id\":\"https:\/\/www.sdmodelcartuning.com\/#organization\"},\"potentialAction\":[{\"@type\":\"SearchAction\",\"target\":{\"@type\":\"EntryPoint\",\"urlTemplate\":\"https:\/\/www.sdmodelcartuning.com\/?s={search_term_string}\"},\"query-input\":{\"@type\":\"PropertyValueSpecification\",\"valueRequired\":true,\"valueName\":\"search_term_string\"}}],\"inLanguage\":\"es\"},{\"@type\":\"Organization\",\"@id\":\"https:\/\/www.sdmodelcartuning.com\/#organization\",\"name\":\"SDmodelcartuning.com\",\"url\":\"https:\/\/www.sdmodelcartuning.com\/\",\"logo\":{\"@type\":\"ImageObject\",\"inLanguage\":\"es\",\"@id\":\"https:\/\/www.sdmodelcartuning.com\/#\/schema\/logo\/image\/\",\"url\":\"https:\/\/www.sdmodelcartuning.com\/wp-content\/uploads\/2020\/09\/logo-retina.png\",\"contentUrl\":\"https:\/\/www.sdmodelcartuning.com\/wp-content\/uploads\/2020\/09\/logo-retina.png\",\"width\":463,\"height\":150,\"caption\":\"SDmodelcartuning.com\"},\"image\":{\"@id\":\"https:\/\/www.sdmodelcartuning.com\/#\/schema\/logo\/image\/\"}}]}<\/script>\n<!-- \/ Yoast SEO plugin. -->","yoast_head_json":{"title":"1:18 Llantas de acero juego ancho 15 pulgadas - SDmodelcartuning.com","robots":{"index":"index","follow":"follow","max-snippet":"max-snippet:-1","max-image-preview":"max-image-preview:large","max-video-preview":"max-video-preview:-1"},"canonical":"https:\/\/www.sdmodelcartuning.com\/es\/producto\/118-steel-rims-wideset-15-pulgadas\/","og_locale":"es_ES","og_type":"article","og_title":"1:18 Staal velgen breedset 15 inch - SDmodelcartuning.com","og_description":"1\/18 Schaal Universele Staal velgen breedset 15inch. De set bestaat uit: 4x volledig verchroomde velgen met een Gespoten velgenhart in kleur naar keuze: Zilver of Zwart\/Zilver. 4x laag profiel sportbanden 1x gesealde display verpakking Diameter velgenset: 30mm inclusief banden, breedte: 12mm Materiaal: Plastic met rubber banden.","og_url":"https:\/\/www.sdmodelcartuning.com\/es\/producto\/118-steel-rims-wideset-15-pulgadas\/","og_site_name":"SDmodelcartuning.com","article_modified_time":"2026-03-10T12:22:08+00:00","og_image":[{"width":1032,"height":580,"url":"https:\/\/www.sdmodelcartuning.com\/wp-content\/uploads\/2015\/07\/p_2_4_1_5_2415-118-Staal-velgen-breedset-15-inch.jpg","type":"image\/jpeg"}],"twitter_card":"summary_large_image","schema":{"@context":"https:\/\/schema.org","@graph":[{"@type":"WebPage","@id":"https:\/\/www.sdmodelcartuning.com\/product\/118-staal-velgen-breedset-15-inch\/","url":"https:\/\/www.sdmodelcartuning.com\/product\/118-staal-velgen-breedset-15-inch\/","name":"1:18 Llantas de acero juego ancho 15 pulgadas - SDmodelcartuning.com","isPartOf":{"@id":"https:\/\/www.sdmodelcartuning.com\/#website"},"primaryImageOfPage":{"@id":"https:\/\/www.sdmodelcartuning.com\/product\/118-staal-velgen-breedset-15-inch\/#primaryimage"},"image":{"@id":"https:\/\/www.sdmodelcartuning.com\/product\/118-staal-velgen-breedset-15-inch\/#primaryimage"},"thumbnailUrl":"https:\/\/www.sdmodelcartuning.com\/wp-content\/uploads\/2015\/07\/p_2_4_1_5_2415-118-Staal-velgen-breedset-15-inch.jpg","datePublished":"2015-07-03T10:56:52+00:00","dateModified":"2026-03-10T12:22:08+00:00","breadcrumb":{"@id":"https:\/\/www.sdmodelcartuning.com\/product\/118-staal-velgen-breedset-15-inch\/#breadcrumb"},"inLanguage":"es","potentialAction":[{"@type":"ReadAction","target":["https:\/\/www.sdmodelcartuning.com\/product\/118-staal-velgen-breedset-15-inch\/"]}]},{"@type":"ImageObject","inLanguage":"es","@id":"https:\/\/www.sdmodelcartuning.com\/product\/118-staal-velgen-breedset-15-inch\/#primaryimage","url":"https:\/\/www.sdmodelcartuning.com\/wp-content\/uploads\/2015\/07\/p_2_4_1_5_2415-118-Staal-velgen-breedset-15-inch.jpg","contentUrl":"https:\/\/www.sdmodelcartuning.com\/wp-content\/uploads\/2015\/07\/p_2_4_1_5_2415-118-Staal-velgen-breedset-15-inch.jpg","width":1032,"height":580,"caption":"1:18 Staal velgen breedset 15 inch"},{"@type":"BreadcrumbList","@id":"https:\/\/www.sdmodelcartuning.com\/product\/118-staal-velgen-breedset-15-inch\/#breadcrumb","itemListElement":[{"@type":"ListItem","position":1,"name":"Home","item":"https:\/\/www.sdmodelcartuning.com\/"},{"@type":"ListItem","position":2,"name":"Winkel","item":"https:\/\/www.sdmodelcartuning.com\/it\/winkel\/"},{"@type":"ListItem","position":3,"name":"1:18 Staal velgen breedset 15 inch"}]},{"@type":"WebSite","@id":"https:\/\/www.sdmodelcartuning.com\/#website","url":"https:\/\/www.sdmodelcartuning.com\/","name":"SDmodelcartuning.com","description":"La tienda de miniaturas y accesorios de Holanda","publisher":{"@id":"https:\/\/www.sdmodelcartuning.com\/#organization"},"potentialAction":[{"@type":"SearchAction","target":{"@type":"EntryPoint","urlTemplate":"https:\/\/www.sdmodelcartuning.com\/?s={search_term_string}"},"query-input":{"@type":"PropertyValueSpecification","valueRequired":true,"valueName":"search_term_string"}}],"inLanguage":"es"},{"@type":"Organization","@id":"https:\/\/www.sdmodelcartuning.com\/#organization","name":"SDmodelcartuning.com","url":"https:\/\/www.sdmodelcartuning.com\/","logo":{"@type":"ImageObject","inLanguage":"es","@id":"https:\/\/www.sdmodelcartuning.com\/#\/schema\/logo\/image\/","url":"https:\/\/www.sdmodelcartuning.com\/wp-content\/uploads\/2020\/09\/logo-retina.png","contentUrl":"https:\/\/www.sdmodelcartuning.com\/wp-content\/uploads\/2020\/09\/logo-retina.png","width":463,"height":150,"caption":"SDmodelcartuning.com"},"image":{"@id":"https:\/\/www.sdmodelcartuning.com\/#\/schema\/logo\/image\/"}}]}},"_links":{"self":[{"href":"https:\/\/www.sdmodelcartuning.com\/es\/wp-json\/wp\/v2\/product\/43339","targetHints":{"allow":["GET"]}}],"collection":[{"href":"https:\/\/www.sdmodelcartuning.com\/es\/wp-json\/wp\/v2\/product"}],"about":[{"href":"https:\/\/www.sdmodelcartuning.com\/es\/wp-json\/wp\/v2\/types\/product"}],"version-history":[{"count":1,"href":"https:\/\/www.sdmodelcartuning.com\/es\/wp-json\/wp\/v2\/product\/43339\/revisions"}],"predecessor-version":[{"id":157887,"href":"https:\/\/www.sdmodelcartuning.com\/es\/wp-json\/wp\/v2\/product\/43339\/revisions\/157887"}],"wp:featuredmedia":[{"embeddable":true,"href":"https:\/\/www.sdmodelcartuning.com\/es\/wp-json\/wp\/v2\/media\/43308"}],"wp:attachment":[{"href":"https:\/\/www.sdmodelcartuning.com\/es\/wp-json\/wp\/v2\/media?parent=43339"}],"wp:term":[{"taxonomy":"product_brand","embeddable":true,"href":"https:\/\/www.sdmodelcartuning.com\/es\/wp-json\/wp\/v2\/product_brand?post=43339"},{"taxonomy":"product_cat","embeddable":true,"href":"https:\/\/www.sdmodelcartuning.com\/es\/wp-json\/wp\/v2\/product_cat?post=43339"},{"taxonomy":"product_tag","embeddable":true,"href":"https:\/\/www.sdmodelcartuning.com\/es\/wp-json\/wp\/v2\/product_tag?post=43339"}],"curies":[{"name":"wp","href":"https:\/\/api.w.org\/{rel}","templated":true}]}}