{"id":38268,"date":"2014-04-05T20:24:27","date_gmt":"2014-04-05T20:24:27","guid":{"rendered":"http:\/\/sdmodelcartuning.local\/product\/118-bbs-lm-lemans-velgenset-19inch\/"},"modified":"2026-03-26T10:19:55","modified_gmt":"2026-03-26T09:19:55","slug":"118-bbs-lm-lemans-velgenset-19inch","status":"publish","type":"product","link":"https:\/\/www.sdmodelcartuning.com\/es\/producto\/118-bbs-lm-lemans-velgenset-19-pulgadas\/","title":{"rendered":"1:18 Juego de llantas BBS LM Lemans 19 pulgadas"},"content":{"rendered":"<p>Juego de llantas universales BBS LM Lemans de escala 1\/18 de 19 pulgadas, este juego contiene 4 llantas totalmente cromadas y 4 llantas deportivas de perfil.<\/p>\n<p>Tambi\u00e9n puedes elegir el color del coraz\u00f3n de la llanta: dorado, plateado, negro o gunmetal\/gris.<\/p>\n<p>Las llantas tienen un di\u00e1metro de 34,5 mm, incluidos los neum\u00e1ticos, y las llantas traseras tienen un centro de 6 mm de profundidad y las llantas delanteras de 4 mm.<\/p>\n<p>Material: Pl\u00e1stico y neum\u00e1ticos de caucho.<\/p>","protected":false},"excerpt":{"rendered":"<p>Juego de llantas universales BBS LM Lemans escala 1\/18 de 19 pulgadas, este juego contiene 4 llantas totalmente cromadas y 4 llantas deportivas de perfil. Tambi\u00e9n puedes elegir el color del coraz\u00f3n del borde: oro, plata, negro o bronce\/gris. Las llantas tienen un di\u00e1metro de 34,5 mm, incluidos los neum\u00e1ticos, y las llantas traseras tienen un centro de 6 mm de profundidad y las llantas delanteras de 4 mm. Material: Pl\u00e1stico [\u2026]<\/p>","protected":false},"featured_media":38247,"template":"","meta":[],"product_brand":[],"product_cat":[1701],"product_tag":[],"class_list":{"0":"post-38268","1":"product","2":"type-product","3":"status-publish","4":"has-post-thumbnail","6":"product_cat-19-inch-1-18-universele-velgen","7":"pa_kleurvelghart-zilver","8":"pa_kleurvelghart-glanszwart","9":"pa_kleurvelghart-goud","10":"pa_kleurvelghart-gunmetal","11":"pa_velgemblemen-geenemblemen","12":"pa_velgemblemen-bmw","13":"pa_velgemblemen-vw","14":"pa_velgemblemen-porsche","15":"pa_velgemblemen-bbstextzilverachtergrondzwart","16":"pa_velgemblemen-74-bbstextroodachtergrondinzi","18":"first","19":"instock","20":"taxable","21":"shipping-taxable","22":"purchasable","23":"product-type-variable","24":"has-default-attributes"},"yoast_head":"<!-- This site is optimized with the Yoast SEO plugin v26.8 - https:\/\/yoast.com\/product\/yoast-seo-wordpress\/ -->\n<title>1:18 BBS LM Lemans velgenset 19inch - SDmodelcartuning.com<\/title>\n<meta name=\"robots\" content=\"index, follow, max-snippet:-1, max-image-preview:large, max-video-preview:-1\" \/>\n<link rel=\"canonical\" href=\"https:\/\/www.sdmodelcartuning.com\/es\/producto\/118-bbs-lm-lemans-velgenset-19-pulgadas\/\" \/>\n<meta property=\"og:locale\" content=\"es_ES\" \/>\n<meta property=\"og:type\" content=\"article\" \/>\n<meta property=\"og:title\" content=\"1:18 BBS LM Lemans velgenset 19inch - SDmodelcartuning.com\" \/>\n<meta property=\"og:description\" content=\"1\/18 Schaal BBS LM Lemans universele velgenset 19inch, deze set bevat 4x volledig verchroomde velgen en 4x profiel sportbanden. U kunt ook nog de kleur van het velgenhart kiezen: goud, zilver, zwart\u00a0of gunmetal\/grijs. De velgen zijn \u00a034.5mm in diamter incl. banden en de achtervelgen hebben een 6mm diep hart en de voorvelgen 4mm. Materiaal: Plastic [&hellip;]\" \/>\n<meta property=\"og:url\" content=\"https:\/\/www.sdmodelcartuning.com\/es\/producto\/118-bbs-lm-lemans-velgenset-19-pulgadas\/\" \/>\n<meta property=\"og:site_name\" content=\"SDmodelcartuning.com\" \/>\n<meta property=\"article:modified_time\" content=\"2026-03-26T09:19:55+00:00\" \/>\n<meta property=\"og:image\" content=\"https:\/\/www.sdmodelcartuning.com\/wp-content\/uploads\/2014\/04\/p_8_0_6_806-118-BBS-LM-Lemans-velgenset-19inch.jpg\" \/>\n\t<meta property=\"og:image:width\" content=\"960\" \/>\n\t<meta property=\"og:image:height\" content=\"720\" \/>\n\t<meta property=\"og:image:type\" content=\"image\/jpeg\" \/>\n<meta name=\"twitter:card\" content=\"summary_large_image\" \/>\n<script type=\"application\/ld+json\" class=\"yoast-schema-graph\">{\"@context\":\"https:\/\/schema.org\",\"@graph\":[{\"@type\":\"WebPage\",\"@id\":\"https:\/\/www.sdmodelcartuning.com\/product\/118-bbs-lm-lemans-velgenset-19inch\/\",\"url\":\"https:\/\/www.sdmodelcartuning.com\/product\/118-bbs-lm-lemans-velgenset-19inch\/\",\"name\":\"1:18 BBS LM Lemans velgenset 19inch - SDmodelcartuning.com\",\"isPartOf\":{\"@id\":\"https:\/\/www.sdmodelcartuning.com\/#website\"},\"primaryImageOfPage\":{\"@id\":\"https:\/\/www.sdmodelcartuning.com\/product\/118-bbs-lm-lemans-velgenset-19inch\/#primaryimage\"},\"image\":{\"@id\":\"https:\/\/www.sdmodelcartuning.com\/product\/118-bbs-lm-lemans-velgenset-19inch\/#primaryimage\"},\"thumbnailUrl\":\"https:\/\/www.sdmodelcartuning.com\/wp-content\/uploads\/2014\/04\/p_8_0_6_806-118-BBS-LM-Lemans-velgenset-19inch.jpg\",\"datePublished\":\"2014-04-05T20:24:27+00:00\",\"dateModified\":\"2026-03-26T09:19:55+00:00\",\"breadcrumb\":{\"@id\":\"https:\/\/www.sdmodelcartuning.com\/product\/118-bbs-lm-lemans-velgenset-19inch\/#breadcrumb\"},\"inLanguage\":\"es\",\"potentialAction\":[{\"@type\":\"ReadAction\",\"target\":[\"https:\/\/www.sdmodelcartuning.com\/product\/118-bbs-lm-lemans-velgenset-19inch\/\"]}]},{\"@type\":\"ImageObject\",\"inLanguage\":\"es\",\"@id\":\"https:\/\/www.sdmodelcartuning.com\/product\/118-bbs-lm-lemans-velgenset-19inch\/#primaryimage\",\"url\":\"https:\/\/www.sdmodelcartuning.com\/wp-content\/uploads\/2014\/04\/p_8_0_6_806-118-BBS-LM-Lemans-velgenset-19inch.jpg\",\"contentUrl\":\"https:\/\/www.sdmodelcartuning.com\/wp-content\/uploads\/2014\/04\/p_8_0_6_806-118-BBS-LM-Lemans-velgenset-19inch.jpg\",\"width\":960,\"height\":720,\"caption\":\"1:18 BBS LM Lemans velgenset 19inch\"},{\"@type\":\"BreadcrumbList\",\"@id\":\"https:\/\/www.sdmodelcartuning.com\/product\/118-bbs-lm-lemans-velgenset-19inch\/#breadcrumb\",\"itemListElement\":[{\"@type\":\"ListItem\",\"position\":1,\"name\":\"Home\",\"item\":\"https:\/\/www.sdmodelcartuning.com\/\"},{\"@type\":\"ListItem\",\"position\":2,\"name\":\"Winkel\",\"item\":\"https:\/\/www.sdmodelcartuning.com\/it\/winkel\/\"},{\"@type\":\"ListItem\",\"position\":3,\"name\":\"1:18 BBS LM Lemans velgenset 19inch\"}]},{\"@type\":\"WebSite\",\"@id\":\"https:\/\/www.sdmodelcartuning.com\/#website\",\"url\":\"https:\/\/www.sdmodelcartuning.com\/\",\"name\":\"SDmodelcartuning.com\",\"description\":\"De miniaturen en toebehoren shop van Nederland\",\"publisher\":{\"@id\":\"https:\/\/www.sdmodelcartuning.com\/#organization\"},\"potentialAction\":[{\"@type\":\"SearchAction\",\"target\":{\"@type\":\"EntryPoint\",\"urlTemplate\":\"https:\/\/www.sdmodelcartuning.com\/?s={search_term_string}\"},\"query-input\":{\"@type\":\"PropertyValueSpecification\",\"valueRequired\":true,\"valueName\":\"search_term_string\"}}],\"inLanguage\":\"es\"},{\"@type\":\"Organization\",\"@id\":\"https:\/\/www.sdmodelcartuning.com\/#organization\",\"name\":\"SDmodelcartuning.com\",\"url\":\"https:\/\/www.sdmodelcartuning.com\/\",\"logo\":{\"@type\":\"ImageObject\",\"inLanguage\":\"es\",\"@id\":\"https:\/\/www.sdmodelcartuning.com\/#\/schema\/logo\/image\/\",\"url\":\"https:\/\/www.sdmodelcartuning.com\/wp-content\/uploads\/2020\/09\/logo-retina.png\",\"contentUrl\":\"https:\/\/www.sdmodelcartuning.com\/wp-content\/uploads\/2020\/09\/logo-retina.png\",\"width\":463,\"height\":150,\"caption\":\"SDmodelcartuning.com\"},\"image\":{\"@id\":\"https:\/\/www.sdmodelcartuning.com\/#\/schema\/logo\/image\/\"}}]}<\/script>\n<!-- \/ Yoast SEO plugin. -->","yoast_head_json":{"title":"1:18 BBS LM Lemans juego de llantas 19 pulgadas - SDmodelcartuning.com","robots":{"index":"index","follow":"follow","max-snippet":"max-snippet:-1","max-image-preview":"max-image-preview:large","max-video-preview":"max-video-preview:-1"},"canonical":"https:\/\/www.sdmodelcartuning.com\/es\/producto\/118-bbs-lm-lemans-velgenset-19-pulgadas\/","og_locale":"es_ES","og_type":"article","og_title":"1:18 BBS LM Lemans velgenset 19inch - SDmodelcartuning.com","og_description":"1\/18 Schaal BBS LM Lemans universele velgenset 19inch, deze set bevat 4x volledig verchroomde velgen en 4x profiel sportbanden. U kunt ook nog de kleur van het velgenhart kiezen: goud, zilver, zwart\u00a0of gunmetal\/grijs. De velgen zijn \u00a034.5mm in diamter incl. banden en de achtervelgen hebben een 6mm diep hart en de voorvelgen 4mm. Materiaal: Plastic [&hellip;]","og_url":"https:\/\/www.sdmodelcartuning.com\/es\/producto\/118-bbs-lm-lemans-velgenset-19-pulgadas\/","og_site_name":"SDmodelcartuning.com","article_modified_time":"2026-03-26T09:19:55+00:00","og_image":[{"width":960,"height":720,"url":"https:\/\/www.sdmodelcartuning.com\/wp-content\/uploads\/2014\/04\/p_8_0_6_806-118-BBS-LM-Lemans-velgenset-19inch.jpg","type":"image\/jpeg"}],"twitter_card":"summary_large_image","schema":{"@context":"https:\/\/schema.org","@graph":[{"@type":"WebPage","@id":"https:\/\/www.sdmodelcartuning.com\/product\/118-bbs-lm-lemans-velgenset-19inch\/","url":"https:\/\/www.sdmodelcartuning.com\/product\/118-bbs-lm-lemans-velgenset-19inch\/","name":"1:18 BBS LM Lemans juego de llantas 19 pulgadas - SDmodelcartuning.com","isPartOf":{"@id":"https:\/\/www.sdmodelcartuning.com\/#website"},"primaryImageOfPage":{"@id":"https:\/\/www.sdmodelcartuning.com\/product\/118-bbs-lm-lemans-velgenset-19inch\/#primaryimage"},"image":{"@id":"https:\/\/www.sdmodelcartuning.com\/product\/118-bbs-lm-lemans-velgenset-19inch\/#primaryimage"},"thumbnailUrl":"https:\/\/www.sdmodelcartuning.com\/wp-content\/uploads\/2014\/04\/p_8_0_6_806-118-BBS-LM-Lemans-velgenset-19inch.jpg","datePublished":"2014-04-05T20:24:27+00:00","dateModified":"2026-03-26T09:19:55+00:00","breadcrumb":{"@id":"https:\/\/www.sdmodelcartuning.com\/product\/118-bbs-lm-lemans-velgenset-19inch\/#breadcrumb"},"inLanguage":"es","potentialAction":[{"@type":"ReadAction","target":["https:\/\/www.sdmodelcartuning.com\/product\/118-bbs-lm-lemans-velgenset-19inch\/"]}]},{"@type":"ImageObject","inLanguage":"es","@id":"https:\/\/www.sdmodelcartuning.com\/product\/118-bbs-lm-lemans-velgenset-19inch\/#primaryimage","url":"https:\/\/www.sdmodelcartuning.com\/wp-content\/uploads\/2014\/04\/p_8_0_6_806-118-BBS-LM-Lemans-velgenset-19inch.jpg","contentUrl":"https:\/\/www.sdmodelcartuning.com\/wp-content\/uploads\/2014\/04\/p_8_0_6_806-118-BBS-LM-Lemans-velgenset-19inch.jpg","width":960,"height":720,"caption":"1:18 BBS LM Lemans velgenset 19inch"},{"@type":"BreadcrumbList","@id":"https:\/\/www.sdmodelcartuning.com\/product\/118-bbs-lm-lemans-velgenset-19inch\/#breadcrumb","itemListElement":[{"@type":"ListItem","position":1,"name":"Home","item":"https:\/\/www.sdmodelcartuning.com\/"},{"@type":"ListItem","position":2,"name":"Winkel","item":"https:\/\/www.sdmodelcartuning.com\/it\/winkel\/"},{"@type":"ListItem","position":3,"name":"1:18 BBS LM Lemans velgenset 19inch"}]},{"@type":"WebSite","@id":"https:\/\/www.sdmodelcartuning.com\/#website","url":"https:\/\/www.sdmodelcartuning.com\/","name":"SDmodelcartuning.com","description":"La tienda de miniaturas y accesorios de Holanda","publisher":{"@id":"https:\/\/www.sdmodelcartuning.com\/#organization"},"potentialAction":[{"@type":"SearchAction","target":{"@type":"EntryPoint","urlTemplate":"https:\/\/www.sdmodelcartuning.com\/?s={search_term_string}"},"query-input":{"@type":"PropertyValueSpecification","valueRequired":true,"valueName":"search_term_string"}}],"inLanguage":"es"},{"@type":"Organization","@id":"https:\/\/www.sdmodelcartuning.com\/#organization","name":"SDmodelcartuning.com","url":"https:\/\/www.sdmodelcartuning.com\/","logo":{"@type":"ImageObject","inLanguage":"es","@id":"https:\/\/www.sdmodelcartuning.com\/#\/schema\/logo\/image\/","url":"https:\/\/www.sdmodelcartuning.com\/wp-content\/uploads\/2020\/09\/logo-retina.png","contentUrl":"https:\/\/www.sdmodelcartuning.com\/wp-content\/uploads\/2020\/09\/logo-retina.png","width":463,"height":150,"caption":"SDmodelcartuning.com"},"image":{"@id":"https:\/\/www.sdmodelcartuning.com\/#\/schema\/logo\/image\/"}}]}},"_links":{"self":[{"href":"https:\/\/www.sdmodelcartuning.com\/es\/wp-json\/wp\/v2\/product\/38268","targetHints":{"allow":["GET"]}}],"collection":[{"href":"https:\/\/www.sdmodelcartuning.com\/es\/wp-json\/wp\/v2\/product"}],"about":[{"href":"https:\/\/www.sdmodelcartuning.com\/es\/wp-json\/wp\/v2\/types\/product"}],"version-history":[{"count":1,"href":"https:\/\/www.sdmodelcartuning.com\/es\/wp-json\/wp\/v2\/product\/38268\/revisions"}],"predecessor-version":[{"id":157882,"href":"https:\/\/www.sdmodelcartuning.com\/es\/wp-json\/wp\/v2\/product\/38268\/revisions\/157882"}],"wp:featuredmedia":[{"embeddable":true,"href":"https:\/\/www.sdmodelcartuning.com\/es\/wp-json\/wp\/v2\/media\/38247"}],"wp:attachment":[{"href":"https:\/\/www.sdmodelcartuning.com\/es\/wp-json\/wp\/v2\/media?parent=38268"}],"wp:term":[{"taxonomy":"product_brand","embeddable":true,"href":"https:\/\/www.sdmodelcartuning.com\/es\/wp-json\/wp\/v2\/product_brand?post=38268"},{"taxonomy":"product_cat","embeddable":true,"href":"https:\/\/www.sdmodelcartuning.com\/es\/wp-json\/wp\/v2\/product_cat?post=38268"},{"taxonomy":"product_tag","embeddable":true,"href":"https:\/\/www.sdmodelcartuning.com\/es\/wp-json\/wp\/v2\/product_tag?post=38268"}],"curies":[{"name":"wp","href":"https:\/\/api.w.org\/{rel}","templated":true}]}}