{"id":29870,"date":"2008-10-20T19:31:55","date_gmt":"2008-10-20T19:31:55","guid":{"rendered":"http:\/\/sdmodelcartuning.local\/product\/1-18-sportbandenset\/"},"modified":"2023-10-16T08:09:49","modified_gmt":"2023-10-16T07:09:49","slug":"1-18-sportbandenset","status":"publish","type":"product","link":"https:\/\/www.sdmodelcartuning.com\/es\/producto\/juego-de-neumaticos-deportivos-1-18\/","title":{"rendered":"Juego de neum\u00e1ticos deportivos 1:18"},"content":{"rendered":"<p>Juego de neum\u00e1ticos deportivos universales 1:18.<\/p>\n<p>di\u00e1metro: 28 mm tama\u00f1o interior, tama\u00f1o exterior: 31,8 mm. ancho: 14 mm. Las correas se pueden estirar hasta aproximadamente 36 mm de di\u00e1metro.<\/p>\n<p>Adecuado para muchas llantas de 18 a 22 pulgadas.<\/p>","protected":false},"excerpt":{"rendered":"<p>Juego de neum\u00e1ticos deportivos universales 1:18. di\u00e1metro: 28 mm tama\u00f1o interior, tama\u00f1o exterior: 31,8 mm. ancho: 14 mm. Las correas se pueden estirar hasta aproximadamente 36 mm de di\u00e1metro. Adecuado para muchas llantas de 18 a 22 pulgadas.<\/p>","protected":false},"featured_media":29867,"template":"","meta":[],"product_brand":[],"product_cat":[1719],"product_tag":[],"class_list":{"0":"post-29870","1":"product","2":"type-product","3":"status-publish","4":"has-post-thumbnail","6":"product_cat-banden-1-18-universele-velgen","8":"first","9":"instock","10":"taxable","11":"shipping-taxable","12":"purchasable","13":"product-type-simple"},"yoast_head":"<!-- This site is optimized with the Yoast SEO plugin v27.4 - https:\/\/yoast.com\/product\/yoast-seo-wordpress\/ -->\n<title>1:18 sportbandenset - SDmodelcartuning.com<\/title>\n<meta name=\"robots\" content=\"index, follow, max-snippet:-1, max-image-preview:large, max-video-preview:-1\" \/>\n<link rel=\"canonical\" href=\"https:\/\/www.sdmodelcartuning.com\/es\/product\/1-18-sport-tire-set\/\" \/>\n<meta property=\"og:locale\" content=\"es_ES\" \/>\n<meta property=\"og:type\" content=\"article\" \/>\n<meta property=\"og:title\" content=\"1:18 sportbandenset - SDmodelcartuning.com\" \/>\n<meta property=\"og:description\" content=\"1:18 universele\u00a0 sportbandenset . diameter: 28 mm binnenmaat, buitenmaat:31.8 mm.\u00a0 breedte:14 mm. Banden kunnen opgerekt worden tot ong. 36mm diameter. Geschikt voor vele 18inch t\/m 22inch velgen.\" \/>\n<meta property=\"og:url\" content=\"https:\/\/www.sdmodelcartuning.com\/es\/product\/1-18-sport-tire-set\/\" \/>\n<meta property=\"og:site_name\" content=\"SDmodelcartuning.com\" \/>\n<meta property=\"article:modified_time\" content=\"2023-10-16T07:09:49+00:00\" \/>\n<meta property=\"og:image\" content=\"https:\/\/www.sdmodelcartuning.com\/wp-content\/uploads\/2008\/10\/p_1_3_6_0_1360-118-sportbandenset.jpg\" \/>\n\t<meta property=\"og:image:width\" content=\"816\" \/>\n\t<meta property=\"og:image:height\" content=\"612\" \/>\n\t<meta property=\"og:image:type\" content=\"image\/jpeg\" \/>\n<meta name=\"twitter:card\" content=\"summary_large_image\" \/>\n<meta name=\"twitter:label1\" content=\"Tiempo de lectura\" \/>\n\t<meta name=\"twitter:data1\" content=\"1 minuto\" \/>\n<script type=\"application\/ld+json\" class=\"yoast-schema-graph\">{\"@context\":\"https:\\\/\\\/schema.org\",\"@graph\":[{\"@type\":\"WebPage\",\"@id\":\"https:\\\/\\\/www.sdmodelcartuning.com\\\/en\\\/product\\\/1-18-sport-tire-set\\\/\",\"url\":\"https:\\\/\\\/www.sdmodelcartuning.com\\\/en\\\/product\\\/1-18-sport-tire-set\\\/\",\"name\":\"1:18 sportbandenset - SDmodelcartuning.com\",\"isPartOf\":{\"@id\":\"https:\\\/\\\/www.sdmodelcartuning.com\\\/#website\"},\"primaryImageOfPage\":{\"@id\":\"https:\\\/\\\/www.sdmodelcartuning.com\\\/en\\\/product\\\/1-18-sport-tire-set\\\/#primaryimage\"},\"image\":{\"@id\":\"https:\\\/\\\/www.sdmodelcartuning.com\\\/en\\\/product\\\/1-18-sport-tire-set\\\/#primaryimage\"},\"thumbnailUrl\":\"https:\\\/\\\/www.sdmodelcartuning.com\\\/wp-content\\\/uploads\\\/2008\\\/10\\\/p_1_3_6_0_1360-118-sportbandenset.jpg\",\"datePublished\":\"2008-10-20T19:31:55+00:00\",\"dateModified\":\"2023-10-16T07:09:49+00:00\",\"breadcrumb\":{\"@id\":\"https:\\\/\\\/www.sdmodelcartuning.com\\\/en\\\/product\\\/1-18-sport-tire-set\\\/#breadcrumb\"},\"inLanguage\":\"es\",\"potentialAction\":[{\"@type\":\"ReadAction\",\"target\":[\"https:\\\/\\\/www.sdmodelcartuning.com\\\/en\\\/product\\\/1-18-sport-tire-set\\\/\"]}]},{\"@type\":\"ImageObject\",\"inLanguage\":\"es\",\"@id\":\"https:\\\/\\\/www.sdmodelcartuning.com\\\/en\\\/product\\\/1-18-sport-tire-set\\\/#primaryimage\",\"url\":\"https:\\\/\\\/www.sdmodelcartuning.com\\\/wp-content\\\/uploads\\\/2008\\\/10\\\/p_1_3_6_0_1360-118-sportbandenset.jpg\",\"contentUrl\":\"https:\\\/\\\/www.sdmodelcartuning.com\\\/wp-content\\\/uploads\\\/2008\\\/10\\\/p_1_3_6_0_1360-118-sportbandenset.jpg\",\"width\":816,\"height\":612,\"caption\":\"1:18 sportbandenset\"},{\"@type\":\"BreadcrumbList\",\"@id\":\"https:\\\/\\\/www.sdmodelcartuning.com\\\/en\\\/product\\\/1-18-sport-tire-set\\\/#breadcrumb\",\"itemListElement\":[{\"@type\":\"ListItem\",\"position\":1,\"name\":\"Home\",\"item\":\"https:\\\/\\\/www.sdmodelcartuning.com\\\/\"},{\"@type\":\"ListItem\",\"position\":2,\"name\":\"Winkel\",\"item\":\"https:\\\/\\\/www.sdmodelcartuning.com\\\/it\\\/winkel\\\/\"},{\"@type\":\"ListItem\",\"position\":3,\"name\":\"1:18 sportbandenset\"}]},{\"@type\":\"WebSite\",\"@id\":\"https:\\\/\\\/www.sdmodelcartuning.com\\\/#website\",\"url\":\"https:\\\/\\\/www.sdmodelcartuning.com\\\/\",\"name\":\"SDmodelcartuning.com\",\"description\":\"De miniaturen en toebehoren shop van Nederland\",\"publisher\":{\"@id\":\"https:\\\/\\\/www.sdmodelcartuning.com\\\/#organization\"},\"potentialAction\":[{\"@type\":\"SearchAction\",\"target\":{\"@type\":\"EntryPoint\",\"urlTemplate\":\"https:\\\/\\\/www.sdmodelcartuning.com\\\/?s={search_term_string}\"},\"query-input\":{\"@type\":\"PropertyValueSpecification\",\"valueRequired\":true,\"valueName\":\"search_term_string\"}}],\"inLanguage\":\"es\"},{\"@type\":\"Organization\",\"@id\":\"https:\\\/\\\/www.sdmodelcartuning.com\\\/#organization\",\"name\":\"SDmodelcartuning.com\",\"url\":\"https:\\\/\\\/www.sdmodelcartuning.com\\\/\",\"logo\":{\"@type\":\"ImageObject\",\"inLanguage\":\"es\",\"@id\":\"https:\\\/\\\/www.sdmodelcartuning.com\\\/#\\\/schema\\\/logo\\\/image\\\/\",\"url\":\"https:\\\/\\\/www.sdmodelcartuning.com\\\/wp-content\\\/uploads\\\/2020\\\/09\\\/logo-retina.png\",\"contentUrl\":\"https:\\\/\\\/www.sdmodelcartuning.com\\\/wp-content\\\/uploads\\\/2020\\\/09\\\/logo-retina.png\",\"width\":463,\"height\":150,\"caption\":\"SDmodelcartuning.com\"},\"image\":{\"@id\":\"https:\\\/\\\/www.sdmodelcartuning.com\\\/#\\\/schema\\\/logo\\\/image\\\/\"}}]}<\/script>\n<!-- \/ Yoast SEO plugin. -->","yoast_head_json":{"title":"Juego de neum\u00e1ticos deportivos 1:18 - SDmodelcartuning.com","robots":{"index":"index","follow":"follow","max-snippet":"max-snippet:-1","max-image-preview":"max-image-preview:large","max-video-preview":"max-video-preview:-1"},"canonical":"https:\/\/www.sdmodelcartuning.com\/es\/product\/1-18-sport-tire-set\/","og_locale":"es_ES","og_type":"article","og_title":"1:18 sportbandenset - SDmodelcartuning.com","og_description":"1:18 universele\u00a0 sportbandenset . diameter: 28 mm binnenmaat, buitenmaat:31.8 mm.\u00a0 breedte:14 mm. Banden kunnen opgerekt worden tot ong. 36mm diameter. Geschikt voor vele 18inch t\/m 22inch velgen.","og_url":"https:\/\/www.sdmodelcartuning.com\/es\/product\/1-18-sport-tire-set\/","og_site_name":"SDmodelcartuning.com","article_modified_time":"2023-10-16T07:09:49+00:00","og_image":[{"width":816,"height":612,"url":"https:\/\/www.sdmodelcartuning.com\/wp-content\/uploads\/2008\/10\/p_1_3_6_0_1360-118-sportbandenset.jpg","type":"image\/jpeg"}],"twitter_card":"summary_large_image","twitter_misc":{"Tiempo de lectura":"1 minuto"},"schema":{"@context":"https:\/\/schema.org","@graph":[{"@type":"WebPage","@id":"https:\/\/www.sdmodelcartuning.com\/en\/product\/1-18-sport-tire-set\/","url":"https:\/\/www.sdmodelcartuning.com\/en\/product\/1-18-sport-tire-set\/","name":"Juego de neum\u00e1ticos deportivos 1:18 - SDmodelcartuning.com","isPartOf":{"@id":"https:\/\/www.sdmodelcartuning.com\/#website"},"primaryImageOfPage":{"@id":"https:\/\/www.sdmodelcartuning.com\/en\/product\/1-18-sport-tire-set\/#primaryimage"},"image":{"@id":"https:\/\/www.sdmodelcartuning.com\/en\/product\/1-18-sport-tire-set\/#primaryimage"},"thumbnailUrl":"https:\/\/www.sdmodelcartuning.com\/wp-content\/uploads\/2008\/10\/p_1_3_6_0_1360-118-sportbandenset.jpg","datePublished":"2008-10-20T19:31:55+00:00","dateModified":"2023-10-16T07:09:49+00:00","breadcrumb":{"@id":"https:\/\/www.sdmodelcartuning.com\/en\/product\/1-18-sport-tire-set\/#breadcrumb"},"inLanguage":"es","potentialAction":[{"@type":"ReadAction","target":["https:\/\/www.sdmodelcartuning.com\/en\/product\/1-18-sport-tire-set\/"]}]},{"@type":"ImageObject","inLanguage":"es","@id":"https:\/\/www.sdmodelcartuning.com\/en\/product\/1-18-sport-tire-set\/#primaryimage","url":"https:\/\/www.sdmodelcartuning.com\/wp-content\/uploads\/2008\/10\/p_1_3_6_0_1360-118-sportbandenset.jpg","contentUrl":"https:\/\/www.sdmodelcartuning.com\/wp-content\/uploads\/2008\/10\/p_1_3_6_0_1360-118-sportbandenset.jpg","width":816,"height":612,"caption":"1:18 sportbandenset"},{"@type":"BreadcrumbList","@id":"https:\/\/www.sdmodelcartuning.com\/en\/product\/1-18-sport-tire-set\/#breadcrumb","itemListElement":[{"@type":"ListItem","position":1,"name":"Home","item":"https:\/\/www.sdmodelcartuning.com\/"},{"@type":"ListItem","position":2,"name":"Winkel","item":"https:\/\/www.sdmodelcartuning.com\/it\/winkel\/"},{"@type":"ListItem","position":3,"name":"1:18 sportbandenset"}]},{"@type":"WebSite","@id":"https:\/\/www.sdmodelcartuning.com\/#website","url":"https:\/\/www.sdmodelcartuning.com\/","name":"SDmodelcartuning.com","description":"La tienda de miniaturas y accesorios de Holanda","publisher":{"@id":"https:\/\/www.sdmodelcartuning.com\/#organization"},"potentialAction":[{"@type":"SearchAction","target":{"@type":"EntryPoint","urlTemplate":"https:\/\/www.sdmodelcartuning.com\/?s={search_term_string}"},"query-input":{"@type":"PropertyValueSpecification","valueRequired":true,"valueName":"search_term_string"}}],"inLanguage":"es"},{"@type":"Organization","@id":"https:\/\/www.sdmodelcartuning.com\/#organization","name":"SDmodelcartuning.com","url":"https:\/\/www.sdmodelcartuning.com\/","logo":{"@type":"ImageObject","inLanguage":"es","@id":"https:\/\/www.sdmodelcartuning.com\/#\/schema\/logo\/image\/","url":"https:\/\/www.sdmodelcartuning.com\/wp-content\/uploads\/2020\/09\/logo-retina.png","contentUrl":"https:\/\/www.sdmodelcartuning.com\/wp-content\/uploads\/2020\/09\/logo-retina.png","width":463,"height":150,"caption":"SDmodelcartuning.com"},"image":{"@id":"https:\/\/www.sdmodelcartuning.com\/#\/schema\/logo\/image\/"}}]}},"_links":{"self":[{"href":"https:\/\/www.sdmodelcartuning.com\/es\/wp-json\/wp\/v2\/product\/29870","targetHints":{"allow":["GET"]}}],"collection":[{"href":"https:\/\/www.sdmodelcartuning.com\/es\/wp-json\/wp\/v2\/product"}],"about":[{"href":"https:\/\/www.sdmodelcartuning.com\/es\/wp-json\/wp\/v2\/types\/product"}],"version-history":[{"count":0,"href":"https:\/\/www.sdmodelcartuning.com\/es\/wp-json\/wp\/v2\/product\/29870\/revisions"}],"wp:featuredmedia":[{"embeddable":true,"href":"https:\/\/www.sdmodelcartuning.com\/es\/wp-json\/wp\/v2\/media\/29867"}],"wp:attachment":[{"href":"https:\/\/www.sdmodelcartuning.com\/es\/wp-json\/wp\/v2\/media?parent=29870"}],"wp:term":[{"taxonomy":"product_brand","embeddable":true,"href":"https:\/\/www.sdmodelcartuning.com\/es\/wp-json\/wp\/v2\/product_brand?post=29870"},{"taxonomy":"product_cat","embeddable":true,"href":"https:\/\/www.sdmodelcartuning.com\/es\/wp-json\/wp\/v2\/product_cat?post=29870"},{"taxonomy":"product_tag","embeddable":true,"href":"https:\/\/www.sdmodelcartuning.com\/es\/wp-json\/wp\/v2\/product_tag?post=29870"}],"curies":[{"name":"wp","href":"https:\/\/api.w.org\/{rel}","templated":true}]}}