{"id":163619,"date":"2026-04-06T19:16:23","date_gmt":"2026-04-06T17:16:23","guid":{"rendered":"https:\/\/www.sdmodelcartuning.com\/?post_type=product&#038;p=163619"},"modified":"2026-04-07T17:22:13","modified_gmt":"2026-04-07T15:22:13","slug":"112-bmw-m635i-csi-e24-1987-smaragdgreen-metallic-met-echte-aluminium-oz-futura-velgen","status":"publish","type":"product","link":"https:\/\/www.sdmodelcartuning.com\/es\/producto\/112-bmw-m635i-csi-e24-1987-verde-esmeralda-metalico-con-llantas-oz-futura-de-aluminio-autenticas\/","title":{"rendered":"1:12 BMW M635i CSI E24 \u2013 1987 \u2013 Verde Esmeralda Met\u00e1lico con llantas OZ Futura de aluminio aut\u00e9ntico"},"content":{"rendered":"<p>1\/12 escala: BMW M635i CSI E24 \u2013 1987 \u2013 Smaragdgreen-Metallic est\u00e1 equipado con llantas especiales de aluminio real OZ Futura.<\/p>\n<p>Fabricante: KK Scale \/ DDT Special<\/p>\n<p>Zeer gedetailleerd model waarbij de voorportieren en motorkap kunnen worden geopend.<\/p>\n<p>Material: metal fundido a presi\u00f3n con piezas de pl\u00e1stico.<\/p>\n<p>Las llantas son fijas debido a la bajada del modelo.<\/p>","protected":false},"excerpt":{"rendered":"<p>1\/12 escala: BMW M635i CSI E24 \u2013 1987 \u2013 Smaragdgreen-Metallic viene equipado con llantas especiales de aluminio aut\u00e9ntico OZ Futura. Fabricante: KK Scale \/ DDT Special Modelo muy detallado donde las puertas delanteras y el cap\u00f3 se pueden abrir. Material: metal fundido a presi\u00f3n con partes de pl\u00e1stico. Las llantas est\u00e1n fijadas debido a la bajada del modelo.<\/p>","protected":false},"featured_media":163625,"template":"","meta":[],"product_brand":[],"product_cat":[1107,1614],"product_tag":[],"class_list":{"0":"post-163619","1":"product","2":"type-product","3":"status-publish","4":"has-post-thumbnail","6":"product_cat-112-modelautos","7":"product_cat-bmw-112-modelautos","8":"pa_fabrikant-kk-scale","9":"pa_schaal-2316","11":"first","12":"instock","13":"featured","14":"taxable","15":"shipping-taxable","16":"purchasable","17":"product-type-simple"},"yoast_head":"<!-- This site is optimized with the Yoast SEO plugin v26.8 - https:\/\/yoast.com\/product\/yoast-seo-wordpress\/ -->\n<title>1:12 BMW M635i CSI E24\u00a0 \u2013 1987 \u2013 Smaragdgreen-Metallic met echte Aluminium OZ Futura velgen - SDmodelcartuning.com<\/title>\n<meta name=\"robots\" content=\"index, follow, max-snippet:-1, max-image-preview:large, max-video-preview:-1\" \/>\n<link rel=\"canonical\" href=\"https:\/\/www.sdmodelcartuning.com\/es\/producto\/112-bmw-m635i-csi-e24-1987-verde-esmeralda-metalico-con-llantas-oz-futura-de-aluminio-autenticas\/\" \/>\n<meta property=\"og:locale\" content=\"es_ES\" \/>\n<meta property=\"og:type\" content=\"article\" \/>\n<meta property=\"og:title\" content=\"1:12 BMW M635i CSI E24\u00a0 \u2013 1987 \u2013 Smaragdgreen-Metallic met echte Aluminium OZ Futura velgen - SDmodelcartuning.com\" \/>\n<meta property=\"og:description\" content=\"1\/12 schaal: BMW M635i CSI E24\u00a0 \u2013 1987 \u2013 Smaragdgreen-Metallic is voorzien van speciale echte Aluminium OZ Futura velgen! Fabrikant: KK Scale \/ DDT Special Zeer gedetailleerd model waarbij de voorportieren en motorkap kunnen worden geopend. Materiaal: diecast metaal met plastic delen. Velgen zijn door de verlaging van het model vast gemonteerd.\" \/>\n<meta property=\"og:url\" content=\"https:\/\/www.sdmodelcartuning.com\/es\/producto\/112-bmw-m635i-csi-e24-1987-verde-esmeralda-metalico-con-llantas-oz-futura-de-aluminio-autenticas\/\" \/>\n<meta property=\"og:site_name\" content=\"SDmodelcartuning.com\" \/>\n<meta property=\"article:modified_time\" content=\"2026-04-07T15:22:13+00:00\" \/>\n<meta property=\"og:image\" content=\"https:\/\/www.sdmodelcartuning.com\/wp-content\/uploads\/2026\/04\/20260406_161644.jpg\" \/>\n\t<meta property=\"og:image:width\" content=\"2000\" \/>\n\t<meta property=\"og:image:height\" content=\"1500\" \/>\n\t<meta property=\"og:image:type\" content=\"image\/jpeg\" \/>\n<meta name=\"twitter:card\" content=\"summary_large_image\" \/>\n<meta name=\"twitter:label1\" content=\"Tiempo de lectura\" \/>\n\t<meta name=\"twitter:data1\" content=\"1 minuto\" \/>\n<script type=\"application\/ld+json\" class=\"yoast-schema-graph\">{\"@context\":\"https:\/\/schema.org\",\"@graph\":[{\"@type\":\"WebPage\",\"@id\":\"https:\/\/www.sdmodelcartuning.com\/product\/112-bmw-m635i-csi-e24-1987-smaragdgreen-metallic-met-echte-aluminium-oz-futura-velgen\/\",\"url\":\"https:\/\/www.sdmodelcartuning.com\/product\/112-bmw-m635i-csi-e24-1987-smaragdgreen-metallic-met-echte-aluminium-oz-futura-velgen\/\",\"name\":\"1:12 BMW M635i CSI E24\u00a0 \u2013 1987 \u2013 Smaragdgreen-Metallic met echte Aluminium OZ Futura velgen - SDmodelcartuning.com\",\"isPartOf\":{\"@id\":\"https:\/\/www.sdmodelcartuning.com\/#website\"},\"primaryImageOfPage\":{\"@id\":\"https:\/\/www.sdmodelcartuning.com\/product\/112-bmw-m635i-csi-e24-1987-smaragdgreen-metallic-met-echte-aluminium-oz-futura-velgen\/#primaryimage\"},\"image\":{\"@id\":\"https:\/\/www.sdmodelcartuning.com\/product\/112-bmw-m635i-csi-e24-1987-smaragdgreen-metallic-met-echte-aluminium-oz-futura-velgen\/#primaryimage\"},\"thumbnailUrl\":\"https:\/\/www.sdmodelcartuning.com\/wp-content\/uploads\/2026\/04\/20260406_161644.jpg\",\"datePublished\":\"2026-04-06T17:16:23+00:00\",\"dateModified\":\"2026-04-07T15:22:13+00:00\",\"breadcrumb\":{\"@id\":\"https:\/\/www.sdmodelcartuning.com\/product\/112-bmw-m635i-csi-e24-1987-smaragdgreen-metallic-met-echte-aluminium-oz-futura-velgen\/#breadcrumb\"},\"inLanguage\":\"es\",\"potentialAction\":[{\"@type\":\"ReadAction\",\"target\":[\"https:\/\/www.sdmodelcartuning.com\/product\/112-bmw-m635i-csi-e24-1987-smaragdgreen-metallic-met-echte-aluminium-oz-futura-velgen\/\"]}]},{\"@type\":\"ImageObject\",\"inLanguage\":\"es\",\"@id\":\"https:\/\/www.sdmodelcartuning.com\/product\/112-bmw-m635i-csi-e24-1987-smaragdgreen-metallic-met-echte-aluminium-oz-futura-velgen\/#primaryimage\",\"url\":\"https:\/\/www.sdmodelcartuning.com\/wp-content\/uploads\/2026\/04\/20260406_161644.jpg\",\"contentUrl\":\"https:\/\/www.sdmodelcartuning.com\/wp-content\/uploads\/2026\/04\/20260406_161644.jpg\",\"width\":2000,\"height\":1500},{\"@type\":\"BreadcrumbList\",\"@id\":\"https:\/\/www.sdmodelcartuning.com\/product\/112-bmw-m635i-csi-e24-1987-smaragdgreen-metallic-met-echte-aluminium-oz-futura-velgen\/#breadcrumb\",\"itemListElement\":[{\"@type\":\"ListItem\",\"position\":1,\"name\":\"Home\",\"item\":\"https:\/\/www.sdmodelcartuning.com\/\"},{\"@type\":\"ListItem\",\"position\":2,\"name\":\"Winkel\",\"item\":\"https:\/\/www.sdmodelcartuning.com\/it\/winkel\/\"},{\"@type\":\"ListItem\",\"position\":3,\"name\":\"1:12 BMW M635i CSI E24\u00a0 \u2013 1987 \u2013 Smaragdgreen-Metallic met echte Aluminium OZ Futura velgen\"}]},{\"@type\":\"WebSite\",\"@id\":\"https:\/\/www.sdmodelcartuning.com\/#website\",\"url\":\"https:\/\/www.sdmodelcartuning.com\/\",\"name\":\"SDmodelcartuning.com\",\"description\":\"De miniaturen en toebehoren shop van Nederland\",\"publisher\":{\"@id\":\"https:\/\/www.sdmodelcartuning.com\/#organization\"},\"potentialAction\":[{\"@type\":\"SearchAction\",\"target\":{\"@type\":\"EntryPoint\",\"urlTemplate\":\"https:\/\/www.sdmodelcartuning.com\/?s={search_term_string}\"},\"query-input\":{\"@type\":\"PropertyValueSpecification\",\"valueRequired\":true,\"valueName\":\"search_term_string\"}}],\"inLanguage\":\"es\"},{\"@type\":\"Organization\",\"@id\":\"https:\/\/www.sdmodelcartuning.com\/#organization\",\"name\":\"SDmodelcartuning.com\",\"url\":\"https:\/\/www.sdmodelcartuning.com\/\",\"logo\":{\"@type\":\"ImageObject\",\"inLanguage\":\"es\",\"@id\":\"https:\/\/www.sdmodelcartuning.com\/#\/schema\/logo\/image\/\",\"url\":\"https:\/\/www.sdmodelcartuning.com\/wp-content\/uploads\/2020\/09\/logo-retina.png\",\"contentUrl\":\"https:\/\/www.sdmodelcartuning.com\/wp-content\/uploads\/2020\/09\/logo-retina.png\",\"width\":463,\"height\":150,\"caption\":\"SDmodelcartuning.com\"},\"image\":{\"@id\":\"https:\/\/www.sdmodelcartuning.com\/#\/schema\/logo\/image\/\"}}]}<\/script>\n<!-- \/ Yoast SEO plugin. -->","yoast_head_json":{"title":"1:12 BMW M635i CSI E24 \u2013 1987 \u2013 Verde esmeralda met\u00e1lico con llantas OZ Futura de aluminio aut\u00e9ntico - SDmodelcartuning.com","robots":{"index":"index","follow":"follow","max-snippet":"max-snippet:-1","max-image-preview":"max-image-preview:large","max-video-preview":"max-video-preview:-1"},"canonical":"https:\/\/www.sdmodelcartuning.com\/es\/producto\/112-bmw-m635i-csi-e24-1987-verde-esmeralda-metalico-con-llantas-oz-futura-de-aluminio-autenticas\/","og_locale":"es_ES","og_type":"article","og_title":"1:12 BMW M635i CSI E24\u00a0 \u2013 1987 \u2013 Smaragdgreen-Metallic met echte Aluminium OZ Futura velgen - SDmodelcartuning.com","og_description":"1\/12 schaal: BMW M635i CSI E24\u00a0 \u2013 1987 \u2013 Smaragdgreen-Metallic is voorzien van speciale echte Aluminium OZ Futura velgen! Fabrikant: KK Scale \/ DDT Special Zeer gedetailleerd model waarbij de voorportieren en motorkap kunnen worden geopend. Materiaal: diecast metaal met plastic delen. Velgen zijn door de verlaging van het model vast gemonteerd.","og_url":"https:\/\/www.sdmodelcartuning.com\/es\/producto\/112-bmw-m635i-csi-e24-1987-verde-esmeralda-metalico-con-llantas-oz-futura-de-aluminio-autenticas\/","og_site_name":"SDmodelcartuning.com","article_modified_time":"2026-04-07T15:22:13+00:00","og_image":[{"width":2000,"height":1500,"url":"https:\/\/www.sdmodelcartuning.com\/wp-content\/uploads\/2026\/04\/20260406_161644.jpg","type":"image\/jpeg"}],"twitter_card":"summary_large_image","twitter_misc":{"Tiempo de lectura":"1 minuto"},"schema":{"@context":"https:\/\/schema.org","@graph":[{"@type":"WebPage","@id":"https:\/\/www.sdmodelcartuning.com\/product\/112-bmw-m635i-csi-e24-1987-smaragdgreen-metallic-met-echte-aluminium-oz-futura-velgen\/","url":"https:\/\/www.sdmodelcartuning.com\/product\/112-bmw-m635i-csi-e24-1987-smaragdgreen-metallic-met-echte-aluminium-oz-futura-velgen\/","name":"1:12 BMW M635i CSI E24 \u2013 1987 \u2013 Verde esmeralda met\u00e1lico con llantas OZ Futura de aluminio aut\u00e9ntico - SDmodelcartuning.com","isPartOf":{"@id":"https:\/\/www.sdmodelcartuning.com\/#website"},"primaryImageOfPage":{"@id":"https:\/\/www.sdmodelcartuning.com\/product\/112-bmw-m635i-csi-e24-1987-smaragdgreen-metallic-met-echte-aluminium-oz-futura-velgen\/#primaryimage"},"image":{"@id":"https:\/\/www.sdmodelcartuning.com\/product\/112-bmw-m635i-csi-e24-1987-smaragdgreen-metallic-met-echte-aluminium-oz-futura-velgen\/#primaryimage"},"thumbnailUrl":"https:\/\/www.sdmodelcartuning.com\/wp-content\/uploads\/2026\/04\/20260406_161644.jpg","datePublished":"2026-04-06T17:16:23+00:00","dateModified":"2026-04-07T15:22:13+00:00","breadcrumb":{"@id":"https:\/\/www.sdmodelcartuning.com\/product\/112-bmw-m635i-csi-e24-1987-smaragdgreen-metallic-met-echte-aluminium-oz-futura-velgen\/#breadcrumb"},"inLanguage":"es","potentialAction":[{"@type":"ReadAction","target":["https:\/\/www.sdmodelcartuning.com\/product\/112-bmw-m635i-csi-e24-1987-smaragdgreen-metallic-met-echte-aluminium-oz-futura-velgen\/"]}]},{"@type":"ImageObject","inLanguage":"es","@id":"https:\/\/www.sdmodelcartuning.com\/product\/112-bmw-m635i-csi-e24-1987-smaragdgreen-metallic-met-echte-aluminium-oz-futura-velgen\/#primaryimage","url":"https:\/\/www.sdmodelcartuning.com\/wp-content\/uploads\/2026\/04\/20260406_161644.jpg","contentUrl":"https:\/\/www.sdmodelcartuning.com\/wp-content\/uploads\/2026\/04\/20260406_161644.jpg","width":2000,"height":1500},{"@type":"BreadcrumbList","@id":"https:\/\/www.sdmodelcartuning.com\/product\/112-bmw-m635i-csi-e24-1987-smaragdgreen-metallic-met-echte-aluminium-oz-futura-velgen\/#breadcrumb","itemListElement":[{"@type":"ListItem","position":1,"name":"Home","item":"https:\/\/www.sdmodelcartuning.com\/"},{"@type":"ListItem","position":2,"name":"Winkel","item":"https:\/\/www.sdmodelcartuning.com\/it\/winkel\/"},{"@type":"ListItem","position":3,"name":"1:12 BMW M635i CSI E24\u00a0 \u2013 1987 \u2013 Smaragdgreen-Metallic met echte Aluminium OZ Futura velgen"}]},{"@type":"WebSite","@id":"https:\/\/www.sdmodelcartuning.com\/#website","url":"https:\/\/www.sdmodelcartuning.com\/","name":"SDmodelcartuning.com","description":"La tienda de miniaturas y accesorios de Holanda","publisher":{"@id":"https:\/\/www.sdmodelcartuning.com\/#organization"},"potentialAction":[{"@type":"SearchAction","target":{"@type":"EntryPoint","urlTemplate":"https:\/\/www.sdmodelcartuning.com\/?s={search_term_string}"},"query-input":{"@type":"PropertyValueSpecification","valueRequired":true,"valueName":"search_term_string"}}],"inLanguage":"es"},{"@type":"Organization","@id":"https:\/\/www.sdmodelcartuning.com\/#organization","name":"SDmodelcartuning.com","url":"https:\/\/www.sdmodelcartuning.com\/","logo":{"@type":"ImageObject","inLanguage":"es","@id":"https:\/\/www.sdmodelcartuning.com\/#\/schema\/logo\/image\/","url":"https:\/\/www.sdmodelcartuning.com\/wp-content\/uploads\/2020\/09\/logo-retina.png","contentUrl":"https:\/\/www.sdmodelcartuning.com\/wp-content\/uploads\/2020\/09\/logo-retina.png","width":463,"height":150,"caption":"SDmodelcartuning.com"},"image":{"@id":"https:\/\/www.sdmodelcartuning.com\/#\/schema\/logo\/image\/"}}]}},"_links":{"self":[{"href":"https:\/\/www.sdmodelcartuning.com\/es\/wp-json\/wp\/v2\/product\/163619","targetHints":{"allow":["GET"]}}],"collection":[{"href":"https:\/\/www.sdmodelcartuning.com\/es\/wp-json\/wp\/v2\/product"}],"about":[{"href":"https:\/\/www.sdmodelcartuning.com\/es\/wp-json\/wp\/v2\/types\/product"}],"version-history":[{"count":1,"href":"https:\/\/www.sdmodelcartuning.com\/es\/wp-json\/wp\/v2\/product\/163619\/revisions"}],"predecessor-version":[{"id":163630,"href":"https:\/\/www.sdmodelcartuning.com\/es\/wp-json\/wp\/v2\/product\/163619\/revisions\/163630"}],"wp:featuredmedia":[{"embeddable":true,"href":"https:\/\/www.sdmodelcartuning.com\/es\/wp-json\/wp\/v2\/media\/163625"}],"wp:attachment":[{"href":"https:\/\/www.sdmodelcartuning.com\/es\/wp-json\/wp\/v2\/media?parent=163619"}],"wp:term":[{"taxonomy":"product_brand","embeddable":true,"href":"https:\/\/www.sdmodelcartuning.com\/es\/wp-json\/wp\/v2\/product_brand?post=163619"},{"taxonomy":"product_cat","embeddable":true,"href":"https:\/\/www.sdmodelcartuning.com\/es\/wp-json\/wp\/v2\/product_cat?post=163619"},{"taxonomy":"product_tag","embeddable":true,"href":"https:\/\/www.sdmodelcartuning.com\/es\/wp-json\/wp\/v2\/product_tag?post=163619"}],"curies":[{"name":"wp","href":"https:\/\/api.w.org\/{rel}","templated":true}]}}