{"id":163418,"date":"2026-04-01T13:40:33","date_gmt":"2026-04-01T11:40:33","guid":{"rendered":"https:\/\/www.sdmodelcartuning.com\/?post_type=product&#038;p=163418"},"modified":"2026-04-01T13:40:33","modified_gmt":"2026-04-01T11:40:33","slug":"18-porsche-911-992-1-turbo-s-2020-zilver-inclusief-luxe-vitrine","status":"publish","type":"product","link":"https:\/\/www.sdmodelcartuning.com\/es\/producto\/18-porsche-911-992-1-turbo-s-2020-zilver-inclusief-luxe-vitrine\/","title":{"rendered":"1:8 Porsche 911 992.1 Turbo S \u2013 2020 \u2013 Plateado \u2013 Incluye vitrina de lujo"},"content":{"rendered":"<p>1\/8 schaal\u00a0 Porsche 911 992.1 Turbo S &#8211; 2020 &#8211; Zilver &#8211; Inclusief luxe vitrine<\/p>\n<p>Fabricante: esp\u00edritu GT<\/p>\n<p>Zeer gedetailleerd model en gelimiteerde uitgave van slechts 300 stuks! Wordt inclusief een luxe grondplaat en vitrine geleverd.<\/p>\n<p>\u00a1Gran modelo de cira de 50 cm de longitud!<\/p>\n<p>Material: Cuerpo de resina cerrado con piezas de pl\u00e1stico.<\/p>\n<p><span style=\"color: #ff0000;\"><strong>ATENCI\u00d3N: Debido al gran tama\u00f1o y peso, el precio final de env\u00edo fuera de Europa continental se calcular\u00e1 posteriormente.<\/strong><\/span><\/p>","protected":false},"excerpt":{"rendered":"<p>1\/8 schaal\u00a0 Porsche 911 992.1 Turbo S &#8211; 2020 &#8211; Zilver &#8211; Inclusief luxe vitrine Fabrikant: GT Spirit Zeer gedetailleerd model en gelimiteerde uitgave van slechts 300 stuks! Wordt inclusief een luxe grondplaat en vitrine geleverd. Groot model van cira 50cm lengte! Materiaal: Gesloten resin carrosserie met plastic delen. LET OP: In verband met het [&hellip;]<\/p>","protected":false},"featured_media":163426,"template":"","meta":[],"product_brand":[],"product_cat":[2310,2287],"product_tag":[],"class_list":{"0":"post-163418","1":"product","2":"type-product","3":"status-publish","4":"has-post-thumbnail","6":"product_cat-18-schaal","7":"product_cat-exclusieve-modelautos","8":"pa_fabrikant-gt-spirit","9":"pa_schaal-2314","11":"first","12":"instock","13":"sale","14":"taxable","15":"shipping-taxable","16":"purchasable","17":"product-type-simple"},"yoast_head":"<!-- This site is optimized with the Yoast SEO plugin v26.8 - https:\/\/yoast.com\/product\/yoast-seo-wordpress\/ -->\n<title>1:8 Porsche 911 992.1 Turbo S - 2020 - Zilver - Inclusief luxe vitrine - SDmodelcartuning.com<\/title>\n<meta name=\"robots\" content=\"index, follow, max-snippet:-1, max-image-preview:large, max-video-preview:-1\" \/>\n<link rel=\"canonical\" href=\"https:\/\/www.sdmodelcartuning.com\/es\/producto\/18-porsche-911-992-1-turbo-s-2020-zilver-inclusief-luxe-vitrine\/\" \/>\n<meta property=\"og:locale\" content=\"es_ES\" \/>\n<meta property=\"og:type\" content=\"article\" \/>\n<meta property=\"og:title\" content=\"1:8 Porsche 911 992.1 Turbo S - 2020 - Zilver - Inclusief luxe vitrine - SDmodelcartuning.com\" \/>\n<meta property=\"og:description\" content=\"1\/8 schaal\u00a0 Porsche 911 992.1 Turbo S &#8211; 2020 &#8211; Zilver &#8211; Inclusief luxe vitrine Fabrikant: GT Spirit Zeer gedetailleerd model en gelimiteerde uitgave van slechts 300 stuks! Wordt inclusief een luxe grondplaat en vitrine geleverd. Groot model van cira 50cm lengte! Materiaal: Gesloten resin carrosserie met plastic delen. LET OP: In verband met het [&hellip;]\" \/>\n<meta property=\"og:url\" content=\"https:\/\/www.sdmodelcartuning.com\/es\/producto\/18-porsche-911-992-1-turbo-s-2020-zilver-inclusief-luxe-vitrine\/\" \/>\n<meta property=\"og:site_name\" content=\"SDmodelcartuning.com\" \/>\n<meta property=\"og:image\" content=\"https:\/\/www.sdmodelcartuning.com\/wp-content\/uploads\/2026\/04\/GTS801801-1-1.jpg\" \/>\n\t<meta property=\"og:image:width\" content=\"1920\" \/>\n\t<meta property=\"og:image:height\" content=\"1072\" \/>\n\t<meta property=\"og:image:type\" content=\"image\/jpeg\" \/>\n<meta name=\"twitter:card\" content=\"summary_large_image\" \/>\n<meta name=\"twitter:label1\" content=\"Tiempo de lectura\" \/>\n\t<meta name=\"twitter:data1\" content=\"1 minuto\" \/>\n<script type=\"application\/ld+json\" class=\"yoast-schema-graph\">{\"@context\":\"https:\/\/schema.org\",\"@graph\":[{\"@type\":\"WebPage\",\"@id\":\"https:\/\/www.sdmodelcartuning.com\/product\/18-porsche-911-992-1-turbo-s-2020-zilver-inclusief-luxe-vitrine\/\",\"url\":\"https:\/\/www.sdmodelcartuning.com\/product\/18-porsche-911-992-1-turbo-s-2020-zilver-inclusief-luxe-vitrine\/\",\"name\":\"1:8 Porsche 911 992.1 Turbo S - 2020 - Zilver - Inclusief luxe vitrine - SDmodelcartuning.com\",\"isPartOf\":{\"@id\":\"https:\/\/www.sdmodelcartuning.com\/#website\"},\"primaryImageOfPage\":{\"@id\":\"https:\/\/www.sdmodelcartuning.com\/product\/18-porsche-911-992-1-turbo-s-2020-zilver-inclusief-luxe-vitrine\/#primaryimage\"},\"image\":{\"@id\":\"https:\/\/www.sdmodelcartuning.com\/product\/18-porsche-911-992-1-turbo-s-2020-zilver-inclusief-luxe-vitrine\/#primaryimage\"},\"thumbnailUrl\":\"https:\/\/www.sdmodelcartuning.com\/wp-content\/uploads\/2026\/04\/GTS801801-1-1.jpg\",\"datePublished\":\"2026-04-01T11:40:33+00:00\",\"breadcrumb\":{\"@id\":\"https:\/\/www.sdmodelcartuning.com\/product\/18-porsche-911-992-1-turbo-s-2020-zilver-inclusief-luxe-vitrine\/#breadcrumb\"},\"inLanguage\":\"es\",\"potentialAction\":[{\"@type\":\"ReadAction\",\"target\":[\"https:\/\/www.sdmodelcartuning.com\/product\/18-porsche-911-992-1-turbo-s-2020-zilver-inclusief-luxe-vitrine\/\"]}]},{\"@type\":\"ImageObject\",\"inLanguage\":\"es\",\"@id\":\"https:\/\/www.sdmodelcartuning.com\/product\/18-porsche-911-992-1-turbo-s-2020-zilver-inclusief-luxe-vitrine\/#primaryimage\",\"url\":\"https:\/\/www.sdmodelcartuning.com\/wp-content\/uploads\/2026\/04\/GTS801801-1-1.jpg\",\"contentUrl\":\"https:\/\/www.sdmodelcartuning.com\/wp-content\/uploads\/2026\/04\/GTS801801-1-1.jpg\",\"width\":1920,\"height\":1072},{\"@type\":\"BreadcrumbList\",\"@id\":\"https:\/\/www.sdmodelcartuning.com\/product\/18-porsche-911-992-1-turbo-s-2020-zilver-inclusief-luxe-vitrine\/#breadcrumb\",\"itemListElement\":[{\"@type\":\"ListItem\",\"position\":1,\"name\":\"Home\",\"item\":\"https:\/\/www.sdmodelcartuning.com\/\"},{\"@type\":\"ListItem\",\"position\":2,\"name\":\"Winkel\",\"item\":\"https:\/\/www.sdmodelcartuning.com\/it\/winkel\/\"},{\"@type\":\"ListItem\",\"position\":3,\"name\":\"1:8 Porsche 911 992.1 Turbo S &#8211; 2020 &#8211; Zilver &#8211; Inclusief luxe vitrine\"}]},{\"@type\":\"WebSite\",\"@id\":\"https:\/\/www.sdmodelcartuning.com\/#website\",\"url\":\"https:\/\/www.sdmodelcartuning.com\/\",\"name\":\"SDmodelcartuning.com\",\"description\":\"De miniaturen en toebehoren shop van Nederland\",\"publisher\":{\"@id\":\"https:\/\/www.sdmodelcartuning.com\/#organization\"},\"potentialAction\":[{\"@type\":\"SearchAction\",\"target\":{\"@type\":\"EntryPoint\",\"urlTemplate\":\"https:\/\/www.sdmodelcartuning.com\/?s={search_term_string}\"},\"query-input\":{\"@type\":\"PropertyValueSpecification\",\"valueRequired\":true,\"valueName\":\"search_term_string\"}}],\"inLanguage\":\"es\"},{\"@type\":\"Organization\",\"@id\":\"https:\/\/www.sdmodelcartuning.com\/#organization\",\"name\":\"SDmodelcartuning.com\",\"url\":\"https:\/\/www.sdmodelcartuning.com\/\",\"logo\":{\"@type\":\"ImageObject\",\"inLanguage\":\"es\",\"@id\":\"https:\/\/www.sdmodelcartuning.com\/#\/schema\/logo\/image\/\",\"url\":\"https:\/\/www.sdmodelcartuning.com\/wp-content\/uploads\/2020\/09\/logo-retina.png\",\"contentUrl\":\"https:\/\/www.sdmodelcartuning.com\/wp-content\/uploads\/2020\/09\/logo-retina.png\",\"width\":463,\"height\":150,\"caption\":\"SDmodelcartuning.com\"},\"image\":{\"@id\":\"https:\/\/www.sdmodelcartuning.com\/#\/schema\/logo\/image\/\"}}]}<\/script>\n<!-- \/ Yoast SEO plugin. -->","yoast_head_json":{"title":"1:8 Porsche 911 992.1 Turbo S - 2020 - Zilver - Inclusief luxe vitrine - SDmodelcartuning.com","robots":{"index":"index","follow":"follow","max-snippet":"max-snippet:-1","max-image-preview":"max-image-preview:large","max-video-preview":"max-video-preview:-1"},"canonical":"https:\/\/www.sdmodelcartuning.com\/es\/producto\/18-porsche-911-992-1-turbo-s-2020-zilver-inclusief-luxe-vitrine\/","og_locale":"es_ES","og_type":"article","og_title":"1:8 Porsche 911 992.1 Turbo S - 2020 - Zilver - Inclusief luxe vitrine - SDmodelcartuning.com","og_description":"1\/8 schaal\u00a0 Porsche 911 992.1 Turbo S &#8211; 2020 &#8211; Zilver &#8211; Inclusief luxe vitrine Fabrikant: GT Spirit Zeer gedetailleerd model en gelimiteerde uitgave van slechts 300 stuks! Wordt inclusief een luxe grondplaat en vitrine geleverd. Groot model van cira 50cm lengte! Materiaal: Gesloten resin carrosserie met plastic delen. LET OP: In verband met het [&hellip;]","og_url":"https:\/\/www.sdmodelcartuning.com\/es\/producto\/18-porsche-911-992-1-turbo-s-2020-zilver-inclusief-luxe-vitrine\/","og_site_name":"SDmodelcartuning.com","og_image":[{"width":1920,"height":1072,"url":"https:\/\/www.sdmodelcartuning.com\/wp-content\/uploads\/2026\/04\/GTS801801-1-1.jpg","type":"image\/jpeg"}],"twitter_card":"summary_large_image","twitter_misc":{"Tiempo de lectura":"1 minuto"},"schema":{"@context":"https:\/\/schema.org","@graph":[{"@type":"WebPage","@id":"https:\/\/www.sdmodelcartuning.com\/product\/18-porsche-911-992-1-turbo-s-2020-zilver-inclusief-luxe-vitrine\/","url":"https:\/\/www.sdmodelcartuning.com\/product\/18-porsche-911-992-1-turbo-s-2020-zilver-inclusief-luxe-vitrine\/","name":"1:8 Porsche 911 992.1 Turbo S - 2020 - Zilver - Inclusief luxe vitrine - SDmodelcartuning.com","isPartOf":{"@id":"https:\/\/www.sdmodelcartuning.com\/#website"},"primaryImageOfPage":{"@id":"https:\/\/www.sdmodelcartuning.com\/product\/18-porsche-911-992-1-turbo-s-2020-zilver-inclusief-luxe-vitrine\/#primaryimage"},"image":{"@id":"https:\/\/www.sdmodelcartuning.com\/product\/18-porsche-911-992-1-turbo-s-2020-zilver-inclusief-luxe-vitrine\/#primaryimage"},"thumbnailUrl":"https:\/\/www.sdmodelcartuning.com\/wp-content\/uploads\/2026\/04\/GTS801801-1-1.jpg","datePublished":"2026-04-01T11:40:33+00:00","breadcrumb":{"@id":"https:\/\/www.sdmodelcartuning.com\/product\/18-porsche-911-992-1-turbo-s-2020-zilver-inclusief-luxe-vitrine\/#breadcrumb"},"inLanguage":"es","potentialAction":[{"@type":"ReadAction","target":["https:\/\/www.sdmodelcartuning.com\/product\/18-porsche-911-992-1-turbo-s-2020-zilver-inclusief-luxe-vitrine\/"]}]},{"@type":"ImageObject","inLanguage":"es","@id":"https:\/\/www.sdmodelcartuning.com\/product\/18-porsche-911-992-1-turbo-s-2020-zilver-inclusief-luxe-vitrine\/#primaryimage","url":"https:\/\/www.sdmodelcartuning.com\/wp-content\/uploads\/2026\/04\/GTS801801-1-1.jpg","contentUrl":"https:\/\/www.sdmodelcartuning.com\/wp-content\/uploads\/2026\/04\/GTS801801-1-1.jpg","width":1920,"height":1072},{"@type":"BreadcrumbList","@id":"https:\/\/www.sdmodelcartuning.com\/product\/18-porsche-911-992-1-turbo-s-2020-zilver-inclusief-luxe-vitrine\/#breadcrumb","itemListElement":[{"@type":"ListItem","position":1,"name":"Home","item":"https:\/\/www.sdmodelcartuning.com\/"},{"@type":"ListItem","position":2,"name":"Winkel","item":"https:\/\/www.sdmodelcartuning.com\/it\/winkel\/"},{"@type":"ListItem","position":3,"name":"1:8 Porsche 911 992.1 Turbo S &#8211; 2020 &#8211; Zilver &#8211; Inclusief luxe vitrine"}]},{"@type":"WebSite","@id":"https:\/\/www.sdmodelcartuning.com\/#website","url":"https:\/\/www.sdmodelcartuning.com\/","name":"SDmodelcartuning.com","description":"La tienda de miniaturas y accesorios de Holanda","publisher":{"@id":"https:\/\/www.sdmodelcartuning.com\/#organization"},"potentialAction":[{"@type":"SearchAction","target":{"@type":"EntryPoint","urlTemplate":"https:\/\/www.sdmodelcartuning.com\/?s={search_term_string}"},"query-input":{"@type":"PropertyValueSpecification","valueRequired":true,"valueName":"search_term_string"}}],"inLanguage":"es"},{"@type":"Organization","@id":"https:\/\/www.sdmodelcartuning.com\/#organization","name":"SDmodelcartuning.com","url":"https:\/\/www.sdmodelcartuning.com\/","logo":{"@type":"ImageObject","inLanguage":"es","@id":"https:\/\/www.sdmodelcartuning.com\/#\/schema\/logo\/image\/","url":"https:\/\/www.sdmodelcartuning.com\/wp-content\/uploads\/2020\/09\/logo-retina.png","contentUrl":"https:\/\/www.sdmodelcartuning.com\/wp-content\/uploads\/2020\/09\/logo-retina.png","width":463,"height":150,"caption":"SDmodelcartuning.com"},"image":{"@id":"https:\/\/www.sdmodelcartuning.com\/#\/schema\/logo\/image\/"}}]}},"_links":{"self":[{"href":"https:\/\/www.sdmodelcartuning.com\/es\/wp-json\/wp\/v2\/product\/163418","targetHints":{"allow":["GET"]}}],"collection":[{"href":"https:\/\/www.sdmodelcartuning.com\/es\/wp-json\/wp\/v2\/product"}],"about":[{"href":"https:\/\/www.sdmodelcartuning.com\/es\/wp-json\/wp\/v2\/types\/product"}],"version-history":[{"count":1,"href":"https:\/\/www.sdmodelcartuning.com\/es\/wp-json\/wp\/v2\/product\/163418\/revisions"}],"predecessor-version":[{"id":163427,"href":"https:\/\/www.sdmodelcartuning.com\/es\/wp-json\/wp\/v2\/product\/163418\/revisions\/163427"}],"wp:featuredmedia":[{"embeddable":true,"href":"https:\/\/www.sdmodelcartuning.com\/es\/wp-json\/wp\/v2\/media\/163426"}],"wp:attachment":[{"href":"https:\/\/www.sdmodelcartuning.com\/es\/wp-json\/wp\/v2\/media?parent=163418"}],"wp:term":[{"taxonomy":"product_brand","embeddable":true,"href":"https:\/\/www.sdmodelcartuning.com\/es\/wp-json\/wp\/v2\/product_brand?post=163418"},{"taxonomy":"product_cat","embeddable":true,"href":"https:\/\/www.sdmodelcartuning.com\/es\/wp-json\/wp\/v2\/product_cat?post=163418"},{"taxonomy":"product_tag","embeddable":true,"href":"https:\/\/www.sdmodelcartuning.com\/es\/wp-json\/wp\/v2\/product_tag?post=163418"}],"curies":[{"name":"wp","href":"https:\/\/api.w.org\/{rel}","templated":true}]}}