{"id":159596,"date":"2025-12-24T16:12:50","date_gmt":"2025-12-24T15:12:50","guid":{"rendered":"https:\/\/www.sdmodelcartuning.com\/?post_type=product&#038;p=159596"},"modified":"2026-01-14T11:16:17","modified_gmt":"2026-01-14T10:16:17","slug":"118-ferrari-sf90-spider-geel-metallic-met-italy-striping","status":"publish","type":"product","link":"https:\/\/www.sdmodelcartuning.com\/es\/producto\/118-ferrari-sf90-spider-amarillo-metalizado-con-rayas-de-italia\/","title":{"rendered":"1:18 Ferrari SF90 Spider - Amarillo metalizado con bandas Italia"},"content":{"rendered":"<p>Escala 1\/18: Ferrari SF90 Spider - Amarillo metalizado con rayas Italia<\/p>\n<p>Fabricante: CE Custom edition<\/p>\n<p>El modelo HQ est\u00e1 muy bien acabado y detallado e incluye una placa base de lujo y una vitrina. Edici\u00f3n limitada de s\u00f3lo 30 unidades.<\/p>\n<p>Material: Cuerpo de resina cerrado con piezas de pl\u00e1stico.<\/p>","protected":false},"excerpt":{"rendered":"<p>Escala 1\/18: Ferrari SF90 Spider - Amarillo met\u00e1lico con rayas de Italia Fabricante: CE Edici\u00f3n personalizada HQ El modelo est\u00e1 muy bien acabado y detallado y viene con placa base de lujo y vitrina. Edici\u00f3n limitada de s\u00f3lo 30 piezas. Material: Cuerpo cerrado de resina con piezas de pl\u00e1stico.<\/p>","protected":false},"featured_media":159598,"template":"","meta":[],"product_brand":[],"product_cat":[2289,1116,1344],"product_tag":[],"class_list":{"0":"post-159596","1":"product","2":"type-product","3":"status-publish","4":"has-post-thumbnail","6":"product_cat-118-schaal","7":"product_cat-1-18-modelautos","8":"product_cat-ferrari","10":"first","11":"outofstock","12":"sale","13":"taxable","14":"shipping-taxable","15":"purchasable","16":"product-type-simple"},"yoast_head":"<!-- This site is optimized with the Yoast SEO plugin v26.8 - https:\/\/yoast.com\/product\/yoast-seo-wordpress\/ -->\n<title>1:18 Ferrari SF90 Spider - Geel metallic met Italy striping - SDmodelcartuning.com<\/title>\n<meta name=\"robots\" content=\"index, follow, max-snippet:-1, max-image-preview:large, max-video-preview:-1\" \/>\n<link rel=\"canonical\" href=\"https:\/\/www.sdmodelcartuning.com\/es\/producto\/118-ferrari-sf90-spider-amarillo-metalizado-con-rayas-de-italia\/\" \/>\n<meta property=\"og:locale\" content=\"es_ES\" \/>\n<meta property=\"og:type\" content=\"article\" \/>\n<meta property=\"og:title\" content=\"1:18 Ferrari SF90 Spider - Geel metallic met Italy striping - SDmodelcartuning.com\" \/>\n<meta property=\"og:description\" content=\"1\/18 Schaal: Ferrari SF90 Spider &#8211; Geel metallic met Italy striping Fabrikant: CE Custom edition HQ Model is zeer mooi afgewerkt en gedetailleerd en wordt geleverd inclusief luxe grondplaat en vitrine. Gelimiteerde uitgave van slechts 30 stuks! Materiaal: Gesloten resin carrosserie met plastic delen.\" \/>\n<meta property=\"og:url\" content=\"https:\/\/www.sdmodelcartuning.com\/es\/producto\/118-ferrari-sf90-spider-amarillo-metalizado-con-rayas-de-italia\/\" \/>\n<meta property=\"og:site_name\" content=\"SDmodelcartuning.com\" \/>\n<meta property=\"article:modified_time\" content=\"2026-01-14T10:16:17+00:00\" \/>\n<meta property=\"og:image\" content=\"https:\/\/www.sdmodelcartuning.com\/wp-content\/uploads\/2025\/12\/Yellow-itali-1.jpg\" \/>\n\t<meta property=\"og:image:width\" content=\"2000\" \/>\n\t<meta property=\"og:image:height\" content=\"1500\" \/>\n\t<meta property=\"og:image:type\" content=\"image\/jpeg\" \/>\n<meta name=\"twitter:card\" content=\"summary_large_image\" \/>\n<meta name=\"twitter:label1\" content=\"Tiempo de lectura\" \/>\n\t<meta name=\"twitter:data1\" content=\"1 minuto\" \/>\n<script type=\"application\/ld+json\" class=\"yoast-schema-graph\">{\"@context\":\"https:\/\/schema.org\",\"@graph\":[{\"@type\":\"WebPage\",\"@id\":\"https:\/\/www.sdmodelcartuning.com\/product\/118-ferrari-sf90-spider-geel-metallic-met-italy-striping\/\",\"url\":\"https:\/\/www.sdmodelcartuning.com\/product\/118-ferrari-sf90-spider-geel-metallic-met-italy-striping\/\",\"name\":\"1:18 Ferrari SF90 Spider - Geel metallic met Italy striping - SDmodelcartuning.com\",\"isPartOf\":{\"@id\":\"https:\/\/www.sdmodelcartuning.com\/#website\"},\"primaryImageOfPage\":{\"@id\":\"https:\/\/www.sdmodelcartuning.com\/product\/118-ferrari-sf90-spider-geel-metallic-met-italy-striping\/#primaryimage\"},\"image\":{\"@id\":\"https:\/\/www.sdmodelcartuning.com\/product\/118-ferrari-sf90-spider-geel-metallic-met-italy-striping\/#primaryimage\"},\"thumbnailUrl\":\"https:\/\/www.sdmodelcartuning.com\/wp-content\/uploads\/2025\/12\/Yellow-itali-1.jpg\",\"datePublished\":\"2025-12-24T15:12:50+00:00\",\"dateModified\":\"2026-01-14T10:16:17+00:00\",\"breadcrumb\":{\"@id\":\"https:\/\/www.sdmodelcartuning.com\/product\/118-ferrari-sf90-spider-geel-metallic-met-italy-striping\/#breadcrumb\"},\"inLanguage\":\"es\",\"potentialAction\":[{\"@type\":\"ReadAction\",\"target\":[\"https:\/\/www.sdmodelcartuning.com\/product\/118-ferrari-sf90-spider-geel-metallic-met-italy-striping\/\"]}]},{\"@type\":\"ImageObject\",\"inLanguage\":\"es\",\"@id\":\"https:\/\/www.sdmodelcartuning.com\/product\/118-ferrari-sf90-spider-geel-metallic-met-italy-striping\/#primaryimage\",\"url\":\"https:\/\/www.sdmodelcartuning.com\/wp-content\/uploads\/2025\/12\/Yellow-itali-1.jpg\",\"contentUrl\":\"https:\/\/www.sdmodelcartuning.com\/wp-content\/uploads\/2025\/12\/Yellow-itali-1.jpg\",\"width\":2000,\"height\":1500},{\"@type\":\"BreadcrumbList\",\"@id\":\"https:\/\/www.sdmodelcartuning.com\/product\/118-ferrari-sf90-spider-geel-metallic-met-italy-striping\/#breadcrumb\",\"itemListElement\":[{\"@type\":\"ListItem\",\"position\":1,\"name\":\"Home\",\"item\":\"https:\/\/www.sdmodelcartuning.com\/\"},{\"@type\":\"ListItem\",\"position\":2,\"name\":\"Winkel\",\"item\":\"https:\/\/www.sdmodelcartuning.com\/it\/winkel\/\"},{\"@type\":\"ListItem\",\"position\":3,\"name\":\"1:18 Ferrari SF90 Spider &#8211; Geel metallic met Italy striping\"}]},{\"@type\":\"WebSite\",\"@id\":\"https:\/\/www.sdmodelcartuning.com\/#website\",\"url\":\"https:\/\/www.sdmodelcartuning.com\/\",\"name\":\"SDmodelcartuning.com\",\"description\":\"De miniaturen en toebehoren shop van Nederland\",\"publisher\":{\"@id\":\"https:\/\/www.sdmodelcartuning.com\/#organization\"},\"potentialAction\":[{\"@type\":\"SearchAction\",\"target\":{\"@type\":\"EntryPoint\",\"urlTemplate\":\"https:\/\/www.sdmodelcartuning.com\/?s={search_term_string}\"},\"query-input\":{\"@type\":\"PropertyValueSpecification\",\"valueRequired\":true,\"valueName\":\"search_term_string\"}}],\"inLanguage\":\"es\"},{\"@type\":\"Organization\",\"@id\":\"https:\/\/www.sdmodelcartuning.com\/#organization\",\"name\":\"SDmodelcartuning.com\",\"url\":\"https:\/\/www.sdmodelcartuning.com\/\",\"logo\":{\"@type\":\"ImageObject\",\"inLanguage\":\"es\",\"@id\":\"https:\/\/www.sdmodelcartuning.com\/#\/schema\/logo\/image\/\",\"url\":\"https:\/\/www.sdmodelcartuning.com\/wp-content\/uploads\/2020\/09\/logo-retina.png\",\"contentUrl\":\"https:\/\/www.sdmodelcartuning.com\/wp-content\/uploads\/2020\/09\/logo-retina.png\",\"width\":463,\"height\":150,\"caption\":\"SDmodelcartuning.com\"},\"image\":{\"@id\":\"https:\/\/www.sdmodelcartuning.com\/#\/schema\/logo\/image\/\"}}]}<\/script>\n<!-- \/ Yoast SEO plugin. -->","yoast_head_json":{"title":"1:18 Ferrari SF90 Spider - Amarillo metalizado con rayas Italia - SDmodelcartuning.com","robots":{"index":"index","follow":"follow","max-snippet":"max-snippet:-1","max-image-preview":"max-image-preview:large","max-video-preview":"max-video-preview:-1"},"canonical":"https:\/\/www.sdmodelcartuning.com\/es\/producto\/118-ferrari-sf90-spider-amarillo-metalizado-con-rayas-de-italia\/","og_locale":"es_ES","og_type":"article","og_title":"1:18 Ferrari SF90 Spider - Geel metallic met Italy striping - SDmodelcartuning.com","og_description":"1\/18 Schaal: Ferrari SF90 Spider &#8211; Geel metallic met Italy striping Fabrikant: CE Custom edition HQ Model is zeer mooi afgewerkt en gedetailleerd en wordt geleverd inclusief luxe grondplaat en vitrine. Gelimiteerde uitgave van slechts 30 stuks! Materiaal: Gesloten resin carrosserie met plastic delen.","og_url":"https:\/\/www.sdmodelcartuning.com\/es\/producto\/118-ferrari-sf90-spider-amarillo-metalizado-con-rayas-de-italia\/","og_site_name":"SDmodelcartuning.com","article_modified_time":"2026-01-14T10:16:17+00:00","og_image":[{"width":2000,"height":1500,"url":"https:\/\/www.sdmodelcartuning.com\/wp-content\/uploads\/2025\/12\/Yellow-itali-1.jpg","type":"image\/jpeg"}],"twitter_card":"summary_large_image","twitter_misc":{"Tiempo de lectura":"1 minuto"},"schema":{"@context":"https:\/\/schema.org","@graph":[{"@type":"WebPage","@id":"https:\/\/www.sdmodelcartuning.com\/product\/118-ferrari-sf90-spider-geel-metallic-met-italy-striping\/","url":"https:\/\/www.sdmodelcartuning.com\/product\/118-ferrari-sf90-spider-geel-metallic-met-italy-striping\/","name":"1:18 Ferrari SF90 Spider - Amarillo metalizado con rayas Italia - SDmodelcartuning.com","isPartOf":{"@id":"https:\/\/www.sdmodelcartuning.com\/#website"},"primaryImageOfPage":{"@id":"https:\/\/www.sdmodelcartuning.com\/product\/118-ferrari-sf90-spider-geel-metallic-met-italy-striping\/#primaryimage"},"image":{"@id":"https:\/\/www.sdmodelcartuning.com\/product\/118-ferrari-sf90-spider-geel-metallic-met-italy-striping\/#primaryimage"},"thumbnailUrl":"https:\/\/www.sdmodelcartuning.com\/wp-content\/uploads\/2025\/12\/Yellow-itali-1.jpg","datePublished":"2025-12-24T15:12:50+00:00","dateModified":"2026-01-14T10:16:17+00:00","breadcrumb":{"@id":"https:\/\/www.sdmodelcartuning.com\/product\/118-ferrari-sf90-spider-geel-metallic-met-italy-striping\/#breadcrumb"},"inLanguage":"es","potentialAction":[{"@type":"ReadAction","target":["https:\/\/www.sdmodelcartuning.com\/product\/118-ferrari-sf90-spider-geel-metallic-met-italy-striping\/"]}]},{"@type":"ImageObject","inLanguage":"es","@id":"https:\/\/www.sdmodelcartuning.com\/product\/118-ferrari-sf90-spider-geel-metallic-met-italy-striping\/#primaryimage","url":"https:\/\/www.sdmodelcartuning.com\/wp-content\/uploads\/2025\/12\/Yellow-itali-1.jpg","contentUrl":"https:\/\/www.sdmodelcartuning.com\/wp-content\/uploads\/2025\/12\/Yellow-itali-1.jpg","width":2000,"height":1500},{"@type":"BreadcrumbList","@id":"https:\/\/www.sdmodelcartuning.com\/product\/118-ferrari-sf90-spider-geel-metallic-met-italy-striping\/#breadcrumb","itemListElement":[{"@type":"ListItem","position":1,"name":"Home","item":"https:\/\/www.sdmodelcartuning.com\/"},{"@type":"ListItem","position":2,"name":"Winkel","item":"https:\/\/www.sdmodelcartuning.com\/it\/winkel\/"},{"@type":"ListItem","position":3,"name":"1:18 Ferrari SF90 Spider &#8211; Geel metallic met Italy striping"}]},{"@type":"WebSite","@id":"https:\/\/www.sdmodelcartuning.com\/#website","url":"https:\/\/www.sdmodelcartuning.com\/","name":"SDmodelcartuning.com","description":"La tienda de miniaturas y accesorios de Holanda","publisher":{"@id":"https:\/\/www.sdmodelcartuning.com\/#organization"},"potentialAction":[{"@type":"SearchAction","target":{"@type":"EntryPoint","urlTemplate":"https:\/\/www.sdmodelcartuning.com\/?s={search_term_string}"},"query-input":{"@type":"PropertyValueSpecification","valueRequired":true,"valueName":"search_term_string"}}],"inLanguage":"es"},{"@type":"Organization","@id":"https:\/\/www.sdmodelcartuning.com\/#organization","name":"SDmodelcartuning.com","url":"https:\/\/www.sdmodelcartuning.com\/","logo":{"@type":"ImageObject","inLanguage":"es","@id":"https:\/\/www.sdmodelcartuning.com\/#\/schema\/logo\/image\/","url":"https:\/\/www.sdmodelcartuning.com\/wp-content\/uploads\/2020\/09\/logo-retina.png","contentUrl":"https:\/\/www.sdmodelcartuning.com\/wp-content\/uploads\/2020\/09\/logo-retina.png","width":463,"height":150,"caption":"SDmodelcartuning.com"},"image":{"@id":"https:\/\/www.sdmodelcartuning.com\/#\/schema\/logo\/image\/"}}]}},"_links":{"self":[{"href":"https:\/\/www.sdmodelcartuning.com\/es\/wp-json\/wp\/v2\/product\/159596","targetHints":{"allow":["GET"]}}],"collection":[{"href":"https:\/\/www.sdmodelcartuning.com\/es\/wp-json\/wp\/v2\/product"}],"about":[{"href":"https:\/\/www.sdmodelcartuning.com\/es\/wp-json\/wp\/v2\/types\/product"}],"version-history":[{"count":2,"href":"https:\/\/www.sdmodelcartuning.com\/es\/wp-json\/wp\/v2\/product\/159596\/revisions"}],"predecessor-version":[{"id":159610,"href":"https:\/\/www.sdmodelcartuning.com\/es\/wp-json\/wp\/v2\/product\/159596\/revisions\/159610"}],"wp:featuredmedia":[{"embeddable":true,"href":"https:\/\/www.sdmodelcartuning.com\/es\/wp-json\/wp\/v2\/media\/159598"}],"wp:attachment":[{"href":"https:\/\/www.sdmodelcartuning.com\/es\/wp-json\/wp\/v2\/media?parent=159596"}],"wp:term":[{"taxonomy":"product_brand","embeddable":true,"href":"https:\/\/www.sdmodelcartuning.com\/es\/wp-json\/wp\/v2\/product_brand?post=159596"},{"taxonomy":"product_cat","embeddable":true,"href":"https:\/\/www.sdmodelcartuning.com\/es\/wp-json\/wp\/v2\/product_cat?post=159596"},{"taxonomy":"product_tag","embeddable":true,"href":"https:\/\/www.sdmodelcartuning.com\/es\/wp-json\/wp\/v2\/product_tag?post=159596"}],"curies":[{"name":"wp","href":"https:\/\/api.w.org\/{rel}","templated":true}]}}