{"id":157207,"date":"2025-10-30T13:50:30","date_gmt":"2025-10-30T12:50:30","guid":{"rendered":"https:\/\/www.sdmodelcartuning.com\/?post_type=product&#038;p=157207"},"modified":"2025-12-25T21:31:19","modified_gmt":"2025-12-25T20:31:19","slug":"118-rolls-royce-novitec-spofec-dawn-overdose-grijs-zwart-inclusief-luxe-vitrinebox-grondplaat-2","status":"publish","type":"product","link":"https:\/\/www.sdmodelcartuning.com\/es\/producto\/118-rolls-royce-novitec-spofec-dawn-sobredosis-gris-negro-incluye-caja-de-vitrina-de-lujo-placa-base-2\/","title":{"rendered":"1:18 Rolls Royce Novitec Spofec Dawn Overdose - Gris\/Negro - Caja expositora de lujo + Placa base incluida"},"content":{"rendered":"<p>Escala 1\/18: Rolls Royce Novitec Spofec Dawn Overdose - Gris\/Negro - Caja expositora de lujo + Placa base incluida<\/p>\n<p>Fabricante: Ivy Merrit.<\/p>\n<p>Modelo muy detallado. Edici\u00f3n muy limitada de s\u00f3lo 40 piezas.<\/p>\n<p>Material: modelo cerrado de resina con piezas de pl\u00e1stico.<\/p>","protected":false},"excerpt":{"rendered":"<p>Escala 1\/18: Rolls Royce Novitec Spofec Dawn Overdose - Gris\/Negro - Caja expositora de lujo + Placa base incluida Fabricante: Ivy Merrit. Modelo altamente detallado. \u00a1Edici\u00f3n muy limitada de s\u00f3lo 40 piezas! Material: modelo cerrado de resina con piezas de pl\u00e1stico.<\/p>","protected":false},"featured_media":157216,"template":"","meta":[],"product_brand":[],"product_cat":[2289,2287],"product_tag":[],"class_list":{"0":"post-157207","1":"product","2":"type-product","3":"status-publish","4":"has-post-thumbnail","6":"product_cat-118-schaal","7":"product_cat-exclusieve-modelautos","9":"first","10":"outofstock","11":"taxable","12":"shipping-taxable","13":"purchasable","14":"product-type-simple"},"yoast_head":"<!-- This site is optimized with the Yoast SEO plugin v27.4 - https:\/\/yoast.com\/product\/yoast-seo-wordpress\/ -->\n<title>1:18 Rolls Royce Novitec Spofec Dawn Overdose - Grijs\/Zwart - Inclusief Luxe vitrinebox + Grondplaat - SDmodelcartuning.com<\/title>\n<meta name=\"robots\" content=\"index, follow, max-snippet:-1, max-image-preview:large, max-video-preview:-1\" \/>\n<link rel=\"canonical\" href=\"https:\/\/www.sdmodelcartuning.com\/es\/producto\/118-rolls-royce-novitec-spofec-dawn-sobredosis-gris-negro-incluye-caja-de-vitrina-de-lujo-placa-base-2\/\" \/>\n<meta property=\"og:locale\" content=\"es_ES\" \/>\n<meta property=\"og:type\" content=\"article\" \/>\n<meta property=\"og:title\" content=\"1:18 Rolls Royce Novitec Spofec Dawn Overdose - Grijs\/Zwart - Inclusief Luxe vitrinebox + Grondplaat - SDmodelcartuning.com\" \/>\n<meta property=\"og:description\" content=\"1\/18 schaal: Rolls Royce Novitec Spofec Dawn Overdose &#8211; Grijs\/Zwart &#8211; Inclusief Luxe vitrinebox + Grondplaat Fabrikant: Ivy Merrit. Zeer gedetailleerd model. Zeer gelimiteerde uitgave van slechts 40 stuks! Materiaal: gesloten resin model met plastic delen.\" \/>\n<meta property=\"og:url\" content=\"https:\/\/www.sdmodelcartuning.com\/es\/producto\/118-rolls-royce-novitec-spofec-dawn-sobredosis-gris-negro-incluye-caja-de-vitrina-de-lujo-placa-base-2\/\" \/>\n<meta property=\"og:site_name\" content=\"SDmodelcartuning.com\" \/>\n<meta property=\"article:modified_time\" content=\"2025-12-25T20:31:19+00:00\" \/>\n<meta property=\"og:image\" content=\"https:\/\/www.sdmodelcartuning.com\/wp-content\/uploads\/2025\/10\/IMG-20251030-WA0042.jpg\" \/>\n\t<meta property=\"og:image:width\" content=\"1600\" \/>\n\t<meta property=\"og:image:height\" content=\"1200\" \/>\n\t<meta property=\"og:image:type\" content=\"image\/jpeg\" \/>\n<meta name=\"twitter:card\" content=\"summary_large_image\" \/>\n<meta name=\"twitter:label1\" content=\"Tiempo de lectura\" \/>\n\t<meta name=\"twitter:data1\" content=\"1 minuto\" \/>\n<script type=\"application\/ld+json\" class=\"yoast-schema-graph\">{\"@context\":\"https:\\\/\\\/schema.org\",\"@graph\":[{\"@type\":\"WebPage\",\"@id\":\"https:\\\/\\\/www.sdmodelcartuning.com\\\/product\\\/118-rolls-royce-novitec-spofec-dawn-overdose-grijs-zwart-inclusief-luxe-vitrinebox-grondplaat-2\\\/\",\"url\":\"https:\\\/\\\/www.sdmodelcartuning.com\\\/product\\\/118-rolls-royce-novitec-spofec-dawn-overdose-grijs-zwart-inclusief-luxe-vitrinebox-grondplaat-2\\\/\",\"name\":\"1:18 Rolls Royce Novitec Spofec Dawn Overdose - Grijs\\\/Zwart - Inclusief Luxe vitrinebox + Grondplaat - SDmodelcartuning.com\",\"isPartOf\":{\"@id\":\"https:\\\/\\\/www.sdmodelcartuning.com\\\/#website\"},\"primaryImageOfPage\":{\"@id\":\"https:\\\/\\\/www.sdmodelcartuning.com\\\/product\\\/118-rolls-royce-novitec-spofec-dawn-overdose-grijs-zwart-inclusief-luxe-vitrinebox-grondplaat-2\\\/#primaryimage\"},\"image\":{\"@id\":\"https:\\\/\\\/www.sdmodelcartuning.com\\\/product\\\/118-rolls-royce-novitec-spofec-dawn-overdose-grijs-zwart-inclusief-luxe-vitrinebox-grondplaat-2\\\/#primaryimage\"},\"thumbnailUrl\":\"https:\\\/\\\/www.sdmodelcartuning.com\\\/wp-content\\\/uploads\\\/2025\\\/10\\\/IMG-20251030-WA0042.jpg\",\"datePublished\":\"2025-10-30T12:50:30+00:00\",\"dateModified\":\"2025-12-25T20:31:19+00:00\",\"breadcrumb\":{\"@id\":\"https:\\\/\\\/www.sdmodelcartuning.com\\\/product\\\/118-rolls-royce-novitec-spofec-dawn-overdose-grijs-zwart-inclusief-luxe-vitrinebox-grondplaat-2\\\/#breadcrumb\"},\"inLanguage\":\"es\",\"potentialAction\":[{\"@type\":\"ReadAction\",\"target\":[\"https:\\\/\\\/www.sdmodelcartuning.com\\\/product\\\/118-rolls-royce-novitec-spofec-dawn-overdose-grijs-zwart-inclusief-luxe-vitrinebox-grondplaat-2\\\/\"]}]},{\"@type\":\"ImageObject\",\"inLanguage\":\"es\",\"@id\":\"https:\\\/\\\/www.sdmodelcartuning.com\\\/product\\\/118-rolls-royce-novitec-spofec-dawn-overdose-grijs-zwart-inclusief-luxe-vitrinebox-grondplaat-2\\\/#primaryimage\",\"url\":\"https:\\\/\\\/www.sdmodelcartuning.com\\\/wp-content\\\/uploads\\\/2025\\\/10\\\/IMG-20251030-WA0042.jpg\",\"contentUrl\":\"https:\\\/\\\/www.sdmodelcartuning.com\\\/wp-content\\\/uploads\\\/2025\\\/10\\\/IMG-20251030-WA0042.jpg\",\"width\":1600,\"height\":1200},{\"@type\":\"BreadcrumbList\",\"@id\":\"https:\\\/\\\/www.sdmodelcartuning.com\\\/product\\\/118-rolls-royce-novitec-spofec-dawn-overdose-grijs-zwart-inclusief-luxe-vitrinebox-grondplaat-2\\\/#breadcrumb\",\"itemListElement\":[{\"@type\":\"ListItem\",\"position\":1,\"name\":\"Home\",\"item\":\"https:\\\/\\\/www.sdmodelcartuning.com\\\/\"},{\"@type\":\"ListItem\",\"position\":2,\"name\":\"Winkel\",\"item\":\"https:\\\/\\\/www.sdmodelcartuning.com\\\/it\\\/winkel\\\/\"},{\"@type\":\"ListItem\",\"position\":3,\"name\":\"1:18 Rolls Royce Novitec Spofec Dawn Overdose &#8211; Grijs\\\/Zwart &#8211; Inclusief Luxe vitrinebox + Grondplaat\"}]},{\"@type\":\"WebSite\",\"@id\":\"https:\\\/\\\/www.sdmodelcartuning.com\\\/#website\",\"url\":\"https:\\\/\\\/www.sdmodelcartuning.com\\\/\",\"name\":\"SDmodelcartuning.com\",\"description\":\"De miniaturen en toebehoren shop van Nederland\",\"publisher\":{\"@id\":\"https:\\\/\\\/www.sdmodelcartuning.com\\\/#organization\"},\"potentialAction\":[{\"@type\":\"SearchAction\",\"target\":{\"@type\":\"EntryPoint\",\"urlTemplate\":\"https:\\\/\\\/www.sdmodelcartuning.com\\\/?s={search_term_string}\"},\"query-input\":{\"@type\":\"PropertyValueSpecification\",\"valueRequired\":true,\"valueName\":\"search_term_string\"}}],\"inLanguage\":\"es\"},{\"@type\":\"Organization\",\"@id\":\"https:\\\/\\\/www.sdmodelcartuning.com\\\/#organization\",\"name\":\"SDmodelcartuning.com\",\"url\":\"https:\\\/\\\/www.sdmodelcartuning.com\\\/\",\"logo\":{\"@type\":\"ImageObject\",\"inLanguage\":\"es\",\"@id\":\"https:\\\/\\\/www.sdmodelcartuning.com\\\/#\\\/schema\\\/logo\\\/image\\\/\",\"url\":\"https:\\\/\\\/www.sdmodelcartuning.com\\\/wp-content\\\/uploads\\\/2020\\\/09\\\/logo-retina.png\",\"contentUrl\":\"https:\\\/\\\/www.sdmodelcartuning.com\\\/wp-content\\\/uploads\\\/2020\\\/09\\\/logo-retina.png\",\"width\":463,\"height\":150,\"caption\":\"SDmodelcartuning.com\"},\"image\":{\"@id\":\"https:\\\/\\\/www.sdmodelcartuning.com\\\/#\\\/schema\\\/logo\\\/image\\\/\"}}]}<\/script>\n<!-- \/ Yoast SEO plugin. -->","yoast_head_json":{"title":"1:18 Rolls Royce Novitec Spofec Dawn Overdose - Gris\/Negro - Caja expositora de lujo + Placa base incluida - SDmodelcartuning.com","robots":{"index":"index","follow":"follow","max-snippet":"max-snippet:-1","max-image-preview":"max-image-preview:large","max-video-preview":"max-video-preview:-1"},"canonical":"https:\/\/www.sdmodelcartuning.com\/es\/producto\/118-rolls-royce-novitec-spofec-dawn-sobredosis-gris-negro-incluye-caja-de-vitrina-de-lujo-placa-base-2\/","og_locale":"es_ES","og_type":"article","og_title":"1:18 Rolls Royce Novitec Spofec Dawn Overdose - Grijs\/Zwart - Inclusief Luxe vitrinebox + Grondplaat - SDmodelcartuning.com","og_description":"1\/18 schaal: Rolls Royce Novitec Spofec Dawn Overdose &#8211; Grijs\/Zwart &#8211; Inclusief Luxe vitrinebox + Grondplaat Fabrikant: Ivy Merrit. Zeer gedetailleerd model. Zeer gelimiteerde uitgave van slechts 40 stuks! Materiaal: gesloten resin model met plastic delen.","og_url":"https:\/\/www.sdmodelcartuning.com\/es\/producto\/118-rolls-royce-novitec-spofec-dawn-sobredosis-gris-negro-incluye-caja-de-vitrina-de-lujo-placa-base-2\/","og_site_name":"SDmodelcartuning.com","article_modified_time":"2025-12-25T20:31:19+00:00","og_image":[{"width":1600,"height":1200,"url":"https:\/\/www.sdmodelcartuning.com\/wp-content\/uploads\/2025\/10\/IMG-20251030-WA0042.jpg","type":"image\/jpeg"}],"twitter_card":"summary_large_image","twitter_misc":{"Tiempo de lectura":"1 minuto"},"schema":{"@context":"https:\/\/schema.org","@graph":[{"@type":"WebPage","@id":"https:\/\/www.sdmodelcartuning.com\/product\/118-rolls-royce-novitec-spofec-dawn-overdose-grijs-zwart-inclusief-luxe-vitrinebox-grondplaat-2\/","url":"https:\/\/www.sdmodelcartuning.com\/product\/118-rolls-royce-novitec-spofec-dawn-overdose-grijs-zwart-inclusief-luxe-vitrinebox-grondplaat-2\/","name":"1:18 Rolls Royce Novitec Spofec Dawn Overdose - Gris\/Negro - Caja expositora de lujo + Placa base incluida - SDmodelcartuning.com","isPartOf":{"@id":"https:\/\/www.sdmodelcartuning.com\/#website"},"primaryImageOfPage":{"@id":"https:\/\/www.sdmodelcartuning.com\/product\/118-rolls-royce-novitec-spofec-dawn-overdose-grijs-zwart-inclusief-luxe-vitrinebox-grondplaat-2\/#primaryimage"},"image":{"@id":"https:\/\/www.sdmodelcartuning.com\/product\/118-rolls-royce-novitec-spofec-dawn-overdose-grijs-zwart-inclusief-luxe-vitrinebox-grondplaat-2\/#primaryimage"},"thumbnailUrl":"https:\/\/www.sdmodelcartuning.com\/wp-content\/uploads\/2025\/10\/IMG-20251030-WA0042.jpg","datePublished":"2025-10-30T12:50:30+00:00","dateModified":"2025-12-25T20:31:19+00:00","breadcrumb":{"@id":"https:\/\/www.sdmodelcartuning.com\/product\/118-rolls-royce-novitec-spofec-dawn-overdose-grijs-zwart-inclusief-luxe-vitrinebox-grondplaat-2\/#breadcrumb"},"inLanguage":"es","potentialAction":[{"@type":"ReadAction","target":["https:\/\/www.sdmodelcartuning.com\/product\/118-rolls-royce-novitec-spofec-dawn-overdose-grijs-zwart-inclusief-luxe-vitrinebox-grondplaat-2\/"]}]},{"@type":"ImageObject","inLanguage":"es","@id":"https:\/\/www.sdmodelcartuning.com\/product\/118-rolls-royce-novitec-spofec-dawn-overdose-grijs-zwart-inclusief-luxe-vitrinebox-grondplaat-2\/#primaryimage","url":"https:\/\/www.sdmodelcartuning.com\/wp-content\/uploads\/2025\/10\/IMG-20251030-WA0042.jpg","contentUrl":"https:\/\/www.sdmodelcartuning.com\/wp-content\/uploads\/2025\/10\/IMG-20251030-WA0042.jpg","width":1600,"height":1200},{"@type":"BreadcrumbList","@id":"https:\/\/www.sdmodelcartuning.com\/product\/118-rolls-royce-novitec-spofec-dawn-overdose-grijs-zwart-inclusief-luxe-vitrinebox-grondplaat-2\/#breadcrumb","itemListElement":[{"@type":"ListItem","position":1,"name":"Home","item":"https:\/\/www.sdmodelcartuning.com\/"},{"@type":"ListItem","position":2,"name":"Winkel","item":"https:\/\/www.sdmodelcartuning.com\/it\/winkel\/"},{"@type":"ListItem","position":3,"name":"1:18 Rolls Royce Novitec Spofec Dawn Overdose &#8211; Grijs\/Zwart &#8211; Inclusief Luxe vitrinebox + Grondplaat"}]},{"@type":"WebSite","@id":"https:\/\/www.sdmodelcartuning.com\/#website","url":"https:\/\/www.sdmodelcartuning.com\/","name":"SDmodelcartuning.com","description":"La tienda de miniaturas y accesorios de Holanda","publisher":{"@id":"https:\/\/www.sdmodelcartuning.com\/#organization"},"potentialAction":[{"@type":"SearchAction","target":{"@type":"EntryPoint","urlTemplate":"https:\/\/www.sdmodelcartuning.com\/?s={search_term_string}"},"query-input":{"@type":"PropertyValueSpecification","valueRequired":true,"valueName":"search_term_string"}}],"inLanguage":"es"},{"@type":"Organization","@id":"https:\/\/www.sdmodelcartuning.com\/#organization","name":"SDmodelcartuning.com","url":"https:\/\/www.sdmodelcartuning.com\/","logo":{"@type":"ImageObject","inLanguage":"es","@id":"https:\/\/www.sdmodelcartuning.com\/#\/schema\/logo\/image\/","url":"https:\/\/www.sdmodelcartuning.com\/wp-content\/uploads\/2020\/09\/logo-retina.png","contentUrl":"https:\/\/www.sdmodelcartuning.com\/wp-content\/uploads\/2020\/09\/logo-retina.png","width":463,"height":150,"caption":"SDmodelcartuning.com"},"image":{"@id":"https:\/\/www.sdmodelcartuning.com\/#\/schema\/logo\/image\/"}}]}},"_links":{"self":[{"href":"https:\/\/www.sdmodelcartuning.com\/es\/wp-json\/wp\/v2\/product\/157207","targetHints":{"allow":["GET"]}}],"collection":[{"href":"https:\/\/www.sdmodelcartuning.com\/es\/wp-json\/wp\/v2\/product"}],"about":[{"href":"https:\/\/www.sdmodelcartuning.com\/es\/wp-json\/wp\/v2\/types\/product"}],"version-history":[{"count":1,"href":"https:\/\/www.sdmodelcartuning.com\/es\/wp-json\/wp\/v2\/product\/157207\/revisions"}],"predecessor-version":[{"id":157217,"href":"https:\/\/www.sdmodelcartuning.com\/es\/wp-json\/wp\/v2\/product\/157207\/revisions\/157217"}],"wp:featuredmedia":[{"embeddable":true,"href":"https:\/\/www.sdmodelcartuning.com\/es\/wp-json\/wp\/v2\/media\/157216"}],"wp:attachment":[{"href":"https:\/\/www.sdmodelcartuning.com\/es\/wp-json\/wp\/v2\/media?parent=157207"}],"wp:term":[{"taxonomy":"product_brand","embeddable":true,"href":"https:\/\/www.sdmodelcartuning.com\/es\/wp-json\/wp\/v2\/product_brand?post=157207"},{"taxonomy":"product_cat","embeddable":true,"href":"https:\/\/www.sdmodelcartuning.com\/es\/wp-json\/wp\/v2\/product_cat?post=157207"},{"taxonomy":"product_tag","embeddable":true,"href":"https:\/\/www.sdmodelcartuning.com\/es\/wp-json\/wp\/v2\/product_tag?post=157207"}],"curies":[{"name":"wp","href":"https:\/\/api.w.org\/{rel}","templated":true}]}}