{"id":155273,"date":"2025-09-05T15:07:42","date_gmt":"2025-09-05T14:07:42","guid":{"rendered":"https:\/\/www.sdmodelcartuning.com\/?post_type=product&#038;p=155273"},"modified":"2025-11-28T09:25:33","modified_gmt":"2025-11-28T08:25:33","slug":"118-franse-kentekenplaten-decalset-120x80mm","status":"publish","type":"product","link":"https:\/\/www.sdmodelcartuning.com\/es\/producto\/juego-de-pegatinas-para-matriculas-francesas-118-120x80mm\/","title":{"rendered":"Juego de calcas de matr\u00edcula francesa 1:18 120x80mm"},"content":{"rendered":"<p>Juego de calcas de matr\u00edculas francesas a escala 1\/18. 120x80mm<\/p>\n<p>Como se muestra una gama de placas de matr\u00edcula francesa tanto completa y tambi\u00e9n varios sueltos para que pueda hacer su propia placa de matr\u00edcula<\/p>\n<p>Se trata de calcas (Water Transfer) de gran calidad y ya han sido recortadas a medida, por lo que no es necesario recortarlas exactamente por todos lados.<\/p>","protected":false},"excerpt":{"rendered":"<p>Juego de calcas de matr\u00edculas francesas a escala 1\/18. 120x80mm Como se muestra un surtido de placas de matr\u00edcula francesa tanto completa y varios sueltos para que pueda hacer su propio Estas son las calcoman\u00edas de alta calidad (Transferencias de agua) y estos ya se cortan a la medida por lo que no tiene que cortar exactamente a su alrededor.<\/p>","protected":false},"featured_media":155274,"template":"","meta":[],"product_brand":[],"product_cat":[1128],"product_tag":[],"class_list":{"0":"post-155273","1":"product","2":"type-product","3":"status-publish","4":"has-post-thumbnail","6":"product_cat-1-18-sticker-decal-sets","8":"first","9":"instock","10":"taxable","11":"shipping-taxable","12":"purchasable","13":"product-type-simple"},"yoast_head":"<!-- This site is optimized with the Yoast SEO plugin v27.4 - https:\/\/yoast.com\/product\/yoast-seo-wordpress\/ -->\n<title>1:18 Franse kentekenplaten decalset 120x80mm - SDmodelcartuning.com<\/title>\n<meta name=\"robots\" content=\"index, follow, max-snippet:-1, max-image-preview:large, max-video-preview:-1\" \/>\n<link rel=\"canonical\" href=\"https:\/\/www.sdmodelcartuning.com\/es\/producto\/juego-de-pegatinas-para-matriculas-francesas-118-120x80mm\/\" \/>\n<meta property=\"og:locale\" content=\"es_ES\" \/>\n<meta property=\"og:type\" content=\"article\" \/>\n<meta property=\"og:title\" content=\"1:18 Franse kentekenplaten decalset 120x80mm - SDmodelcartuning.com\" \/>\n<meta property=\"og:description\" content=\"1\/18 Schaal Franse kentekenplaten decalset. 120x80mm Zoals afgebeeld een assortiment Franse kentekenplaten zowel compleet en ook diverse los zodat u uw eigen kenteken kunt maken Dit betreffen hoge kwaliteits decals (Watertransfers) en deze zijn al op maat uitgesneden dus deze hoeft u niet zelf precies rondom uit te knippen.\" \/>\n<meta property=\"og:url\" content=\"https:\/\/www.sdmodelcartuning.com\/es\/producto\/juego-de-pegatinas-para-matriculas-francesas-118-120x80mm\/\" \/>\n<meta property=\"og:site_name\" content=\"SDmodelcartuning.com\" \/>\n<meta property=\"article:modified_time\" content=\"2025-11-28T08:25:33+00:00\" \/>\n<meta property=\"og:image\" content=\"https:\/\/www.sdmodelcartuning.com\/wp-content\/uploads\/2025\/09\/PI2-18N.jpg\" \/>\n\t<meta property=\"og:image:width\" content=\"509\" \/>\n\t<meta property=\"og:image:height\" content=\"657\" \/>\n\t<meta property=\"og:image:type\" content=\"image\/jpeg\" \/>\n<meta name=\"twitter:card\" content=\"summary_large_image\" \/>\n<meta name=\"twitter:label1\" content=\"Tiempo de lectura\" \/>\n\t<meta name=\"twitter:data1\" content=\"1 minuto\" \/>\n<script type=\"application\/ld+json\" class=\"yoast-schema-graph\">{\"@context\":\"https:\\\/\\\/schema.org\",\"@graph\":[{\"@type\":\"WebPage\",\"@id\":\"https:\\\/\\\/www.sdmodelcartuning.com\\\/product\\\/118-franse-kentekenplaten-decalset-120x80mm\\\/\",\"url\":\"https:\\\/\\\/www.sdmodelcartuning.com\\\/product\\\/118-franse-kentekenplaten-decalset-120x80mm\\\/\",\"name\":\"1:18 Franse kentekenplaten decalset 120x80mm - SDmodelcartuning.com\",\"isPartOf\":{\"@id\":\"https:\\\/\\\/www.sdmodelcartuning.com\\\/#website\"},\"primaryImageOfPage\":{\"@id\":\"https:\\\/\\\/www.sdmodelcartuning.com\\\/product\\\/118-franse-kentekenplaten-decalset-120x80mm\\\/#primaryimage\"},\"image\":{\"@id\":\"https:\\\/\\\/www.sdmodelcartuning.com\\\/product\\\/118-franse-kentekenplaten-decalset-120x80mm\\\/#primaryimage\"},\"thumbnailUrl\":\"https:\\\/\\\/www.sdmodelcartuning.com\\\/wp-content\\\/uploads\\\/2025\\\/09\\\/PI2-18N.jpg\",\"datePublished\":\"2025-09-05T14:07:42+00:00\",\"dateModified\":\"2025-11-28T08:25:33+00:00\",\"breadcrumb\":{\"@id\":\"https:\\\/\\\/www.sdmodelcartuning.com\\\/product\\\/118-franse-kentekenplaten-decalset-120x80mm\\\/#breadcrumb\"},\"inLanguage\":\"es\",\"potentialAction\":[{\"@type\":\"ReadAction\",\"target\":[\"https:\\\/\\\/www.sdmodelcartuning.com\\\/product\\\/118-franse-kentekenplaten-decalset-120x80mm\\\/\"]}]},{\"@type\":\"ImageObject\",\"inLanguage\":\"es\",\"@id\":\"https:\\\/\\\/www.sdmodelcartuning.com\\\/product\\\/118-franse-kentekenplaten-decalset-120x80mm\\\/#primaryimage\",\"url\":\"https:\\\/\\\/www.sdmodelcartuning.com\\\/wp-content\\\/uploads\\\/2025\\\/09\\\/PI2-18N.jpg\",\"contentUrl\":\"https:\\\/\\\/www.sdmodelcartuning.com\\\/wp-content\\\/uploads\\\/2025\\\/09\\\/PI2-18N.jpg\",\"width\":509,\"height\":657},{\"@type\":\"BreadcrumbList\",\"@id\":\"https:\\\/\\\/www.sdmodelcartuning.com\\\/product\\\/118-franse-kentekenplaten-decalset-120x80mm\\\/#breadcrumb\",\"itemListElement\":[{\"@type\":\"ListItem\",\"position\":1,\"name\":\"Home\",\"item\":\"https:\\\/\\\/www.sdmodelcartuning.com\\\/\"},{\"@type\":\"ListItem\",\"position\":2,\"name\":\"Winkel\",\"item\":\"https:\\\/\\\/www.sdmodelcartuning.com\\\/it\\\/winkel\\\/\"},{\"@type\":\"ListItem\",\"position\":3,\"name\":\"1:18 Franse kentekenplaten decalset 120x80mm\"}]},{\"@type\":\"WebSite\",\"@id\":\"https:\\\/\\\/www.sdmodelcartuning.com\\\/#website\",\"url\":\"https:\\\/\\\/www.sdmodelcartuning.com\\\/\",\"name\":\"SDmodelcartuning.com\",\"description\":\"De miniaturen en toebehoren shop van Nederland\",\"publisher\":{\"@id\":\"https:\\\/\\\/www.sdmodelcartuning.com\\\/#organization\"},\"potentialAction\":[{\"@type\":\"SearchAction\",\"target\":{\"@type\":\"EntryPoint\",\"urlTemplate\":\"https:\\\/\\\/www.sdmodelcartuning.com\\\/?s={search_term_string}\"},\"query-input\":{\"@type\":\"PropertyValueSpecification\",\"valueRequired\":true,\"valueName\":\"search_term_string\"}}],\"inLanguage\":\"es\"},{\"@type\":\"Organization\",\"@id\":\"https:\\\/\\\/www.sdmodelcartuning.com\\\/#organization\",\"name\":\"SDmodelcartuning.com\",\"url\":\"https:\\\/\\\/www.sdmodelcartuning.com\\\/\",\"logo\":{\"@type\":\"ImageObject\",\"inLanguage\":\"es\",\"@id\":\"https:\\\/\\\/www.sdmodelcartuning.com\\\/#\\\/schema\\\/logo\\\/image\\\/\",\"url\":\"https:\\\/\\\/www.sdmodelcartuning.com\\\/wp-content\\\/uploads\\\/2020\\\/09\\\/logo-retina.png\",\"contentUrl\":\"https:\\\/\\\/www.sdmodelcartuning.com\\\/wp-content\\\/uploads\\\/2020\\\/09\\\/logo-retina.png\",\"width\":463,\"height\":150,\"caption\":\"SDmodelcartuning.com\"},\"image\":{\"@id\":\"https:\\\/\\\/www.sdmodelcartuning.com\\\/#\\\/schema\\\/logo\\\/image\\\/\"}}]}<\/script>\n<!-- \/ Yoast SEO plugin. -->","yoast_head_json":{"title":"Juego de calcas de matr\u00edculas francesas 1:18 120x80mm - SDmodelcartuning.com","robots":{"index":"index","follow":"follow","max-snippet":"max-snippet:-1","max-image-preview":"max-image-preview:large","max-video-preview":"max-video-preview:-1"},"canonical":"https:\/\/www.sdmodelcartuning.com\/es\/producto\/juego-de-pegatinas-para-matriculas-francesas-118-120x80mm\/","og_locale":"es_ES","og_type":"article","og_title":"1:18 Franse kentekenplaten decalset 120x80mm - SDmodelcartuning.com","og_description":"1\/18 Schaal Franse kentekenplaten decalset. 120x80mm Zoals afgebeeld een assortiment Franse kentekenplaten zowel compleet en ook diverse los zodat u uw eigen kenteken kunt maken Dit betreffen hoge kwaliteits decals (Watertransfers) en deze zijn al op maat uitgesneden dus deze hoeft u niet zelf precies rondom uit te knippen.","og_url":"https:\/\/www.sdmodelcartuning.com\/es\/producto\/juego-de-pegatinas-para-matriculas-francesas-118-120x80mm\/","og_site_name":"SDmodelcartuning.com","article_modified_time":"2025-11-28T08:25:33+00:00","og_image":[{"width":509,"height":657,"url":"https:\/\/www.sdmodelcartuning.com\/wp-content\/uploads\/2025\/09\/PI2-18N.jpg","type":"image\/jpeg"}],"twitter_card":"summary_large_image","twitter_misc":{"Tiempo de lectura":"1 minuto"},"schema":{"@context":"https:\/\/schema.org","@graph":[{"@type":"WebPage","@id":"https:\/\/www.sdmodelcartuning.com\/product\/118-franse-kentekenplaten-decalset-120x80mm\/","url":"https:\/\/www.sdmodelcartuning.com\/product\/118-franse-kentekenplaten-decalset-120x80mm\/","name":"Juego de calcas de matr\u00edculas francesas 1:18 120x80mm - SDmodelcartuning.com","isPartOf":{"@id":"https:\/\/www.sdmodelcartuning.com\/#website"},"primaryImageOfPage":{"@id":"https:\/\/www.sdmodelcartuning.com\/product\/118-franse-kentekenplaten-decalset-120x80mm\/#primaryimage"},"image":{"@id":"https:\/\/www.sdmodelcartuning.com\/product\/118-franse-kentekenplaten-decalset-120x80mm\/#primaryimage"},"thumbnailUrl":"https:\/\/www.sdmodelcartuning.com\/wp-content\/uploads\/2025\/09\/PI2-18N.jpg","datePublished":"2025-09-05T14:07:42+00:00","dateModified":"2025-11-28T08:25:33+00:00","breadcrumb":{"@id":"https:\/\/www.sdmodelcartuning.com\/product\/118-franse-kentekenplaten-decalset-120x80mm\/#breadcrumb"},"inLanguage":"es","potentialAction":[{"@type":"ReadAction","target":["https:\/\/www.sdmodelcartuning.com\/product\/118-franse-kentekenplaten-decalset-120x80mm\/"]}]},{"@type":"ImageObject","inLanguage":"es","@id":"https:\/\/www.sdmodelcartuning.com\/product\/118-franse-kentekenplaten-decalset-120x80mm\/#primaryimage","url":"https:\/\/www.sdmodelcartuning.com\/wp-content\/uploads\/2025\/09\/PI2-18N.jpg","contentUrl":"https:\/\/www.sdmodelcartuning.com\/wp-content\/uploads\/2025\/09\/PI2-18N.jpg","width":509,"height":657},{"@type":"BreadcrumbList","@id":"https:\/\/www.sdmodelcartuning.com\/product\/118-franse-kentekenplaten-decalset-120x80mm\/#breadcrumb","itemListElement":[{"@type":"ListItem","position":1,"name":"Home","item":"https:\/\/www.sdmodelcartuning.com\/"},{"@type":"ListItem","position":2,"name":"Winkel","item":"https:\/\/www.sdmodelcartuning.com\/it\/winkel\/"},{"@type":"ListItem","position":3,"name":"1:18 Franse kentekenplaten decalset 120x80mm"}]},{"@type":"WebSite","@id":"https:\/\/www.sdmodelcartuning.com\/#website","url":"https:\/\/www.sdmodelcartuning.com\/","name":"SDmodelcartuning.com","description":"La tienda de miniaturas y accesorios de Holanda","publisher":{"@id":"https:\/\/www.sdmodelcartuning.com\/#organization"},"potentialAction":[{"@type":"SearchAction","target":{"@type":"EntryPoint","urlTemplate":"https:\/\/www.sdmodelcartuning.com\/?s={search_term_string}"},"query-input":{"@type":"PropertyValueSpecification","valueRequired":true,"valueName":"search_term_string"}}],"inLanguage":"es"},{"@type":"Organization","@id":"https:\/\/www.sdmodelcartuning.com\/#organization","name":"SDmodelcartuning.com","url":"https:\/\/www.sdmodelcartuning.com\/","logo":{"@type":"ImageObject","inLanguage":"es","@id":"https:\/\/www.sdmodelcartuning.com\/#\/schema\/logo\/image\/","url":"https:\/\/www.sdmodelcartuning.com\/wp-content\/uploads\/2020\/09\/logo-retina.png","contentUrl":"https:\/\/www.sdmodelcartuning.com\/wp-content\/uploads\/2020\/09\/logo-retina.png","width":463,"height":150,"caption":"SDmodelcartuning.com"},"image":{"@id":"https:\/\/www.sdmodelcartuning.com\/#\/schema\/logo\/image\/"}}]}},"_links":{"self":[{"href":"https:\/\/www.sdmodelcartuning.com\/es\/wp-json\/wp\/v2\/product\/155273","targetHints":{"allow":["GET"]}}],"collection":[{"href":"https:\/\/www.sdmodelcartuning.com\/es\/wp-json\/wp\/v2\/product"}],"about":[{"href":"https:\/\/www.sdmodelcartuning.com\/es\/wp-json\/wp\/v2\/types\/product"}],"version-history":[{"count":1,"href":"https:\/\/www.sdmodelcartuning.com\/es\/wp-json\/wp\/v2\/product\/155273\/revisions"}],"predecessor-version":[{"id":155275,"href":"https:\/\/www.sdmodelcartuning.com\/es\/wp-json\/wp\/v2\/product\/155273\/revisions\/155275"}],"wp:featuredmedia":[{"embeddable":true,"href":"https:\/\/www.sdmodelcartuning.com\/es\/wp-json\/wp\/v2\/media\/155274"}],"wp:attachment":[{"href":"https:\/\/www.sdmodelcartuning.com\/es\/wp-json\/wp\/v2\/media?parent=155273"}],"wp:term":[{"taxonomy":"product_brand","embeddable":true,"href":"https:\/\/www.sdmodelcartuning.com\/es\/wp-json\/wp\/v2\/product_brand?post=155273"},{"taxonomy":"product_cat","embeddable":true,"href":"https:\/\/www.sdmodelcartuning.com\/es\/wp-json\/wp\/v2\/product_cat?post=155273"},{"taxonomy":"product_tag","embeddable":true,"href":"https:\/\/www.sdmodelcartuning.com\/es\/wp-json\/wp\/v2\/product_tag?post=155273"}],"curies":[{"name":"wp","href":"https:\/\/api.w.org\/{rel}","templated":true}]}}